{"id":9654,"date":"2024-02-11T16:27:15","date_gmt":"2024-02-11T16:27:15","guid":{"rendered":"https:\/\/canaryvip.com\/?post_type=product&#038;p=9654"},"modified":"2026-03-26T13:04:23","modified_gmt":"2026-03-26T13:04:23","slug":"book-scandal-dinner-show","status":"publish","type":"product","link":"https:\/\/canaryvip.com\/sk\/shop\/book-scandal-dinner-show\/","title":{"rendered":"Scandal Ve\u010dern\u00e1 show Tenerife"},"content":{"rendered":"<h2><strong>\ud83c\udfad Scandal Burlesque Dinner Show<\/strong><\/h2>\n<p>Ve\u010der pln\u00fd luxusu, humoru a podmaniv\u00fdch predstaven\u00ed pon\u00faka <strong>Scandal Burlesque Dinner Show.<\/strong> Toto podujatie je ur\u010den\u00e9 pre t\u00fdch, ktor\u00ed h\u013eadaj\u00fa pr\u00edjemn\u00fd ve\u010der, a sp\u00e1ja p\u00f4vab burlesky s p\u00fatavou kom\u00e9diou, k\u00fazlami a hudobn\u00fdmi vyst\u00fapeniami. <strong>CanaryVIP<\/strong> poz\u00fdva miestnych obyvate\u013eov aj n\u00e1v\u0161tevn\u00edkov na nezabudnute\u013en\u00fd z\u00e1\u017eitok.<\/p>\n<h3><strong>\ud83c\udf7d\ufe0f Luxusn\u00e9 stravovanie v hoteli GF Victoria 5*<\/strong><\/h3>\n<ul>\n<li><strong>Umiestnenie:<\/strong> Prest\u00ed\u017ene <a href=\"https:\/\/www.google.com\/maps\/place\/GF+Victoria\/@28.0917871,-16.7412967,17z\/data=!3m1!4b1!4m9!3m8!1s0xc6a974d01c4268f:0x3c0e40669a61bb47!5m2!4m1!1i2!8m2!3d28.0917871!4d-16.7387218!16s%2Fg%2F11bvv59vv2?entry=tts&amp;g_ep=EgoyMDI0MDUwOC4wKgBIAVAD\" target=\"_blank\" rel=\"noopener\">GF Victoria<\/a> Ako miesto konania sl\u00fa\u017ei 5* hotel v Costa Adeje, ktor\u00fd poskytuje dokonal\u00fa kombin\u00e1ciu pohodlia a ve\u013ekoleposti pre nezabudnute\u013en\u00fd ve\u010der.<\/li>\n<li><strong>Kuchy\u0148a:<\/strong> Hostia si m\u00f4\u017eu vychutna\u0165 bohat\u00e9 5-chodov\u00e9 jedlo, starostlivo pripraven\u00e9 z najlep\u0161\u00edch surov\u00edn a pod\u00e1van\u00e9 s profesion\u00e1lnou eleganciou. Ka\u017ed\u00fd chod s\u013eubuje o\u010darenie chu\u0165ov\u00fdch poh\u00e1rikov kulin\u00e1rskymi \u0161pecialitami.<\/li>\n<\/ul>\n<h3><strong>\ud83d\udd70\ufe0f Ve\u010dern\u00fd program<\/strong><\/h3>\n<ul>\n<li><strong>Harmonogram:<\/strong> Ve\u010der sa za\u010d\u00edna o 20:00, predstavenia sa za\u010d\u00ednaj\u00fa o 20:30 a trvaj\u00fa pribli\u017ene 3 hodiny. Po predstaven\u00ed s\u00fa hostia pozvan\u00ed do hotelov\u00e9ho Skybaru na pred\u013a\u017een\u00fd ve\u010der pln\u00fd oddychu a koktailov v n\u00e1dhernej kulise.<\/li>\n<li><strong>Oble\u010denie:<\/strong> Hostia s\u00fa vyzvan\u00ed, aby sa na ve\u010der vybrali v \u0161t\u00fdlovom ve\u010dernom oble\u010den\u00ed, ktor\u00e9 bude odr\u00e1\u017ea\u0165 sofistikovan\u00fa atmosf\u00e9ru podujatia. Toto stretnutie je ur\u010den\u00e9 pre host\u00ed vo veku od 16 rokov, \u010do zaru\u010duje dospel\u00fd a elegantn\u00fd z\u00e1\u017eitok.<\/li>\n<\/ul>\n<h3><strong>\ud83c\udf9f\ufe0f Vyberte si svoj dokonal\u00fd ve\u010der<\/strong><\/h3>\n<ul>\n<li><strong>Zlat\u00fd preukaz:<\/strong> Ponorte sa do predstavenia s gurm\u00e1nskym degusta\u010dn\u00fdm menu, ku ktor\u00e9mu dostanete neobmedzen\u00e9 mno\u017estvo n\u00e1pojov a u\u017eijete si naozaj p\u00f4\u017eitk\u00e1rsky ve\u010der.<\/li>\n<li><strong>Platinum Experience:<\/strong> Ak si chcete dopria\u0165 e\u0161te viac luxusu, Platinum Experience zah\u0155\u0148a v\u0161etky v\u00fdhody Golden Pass a navy\u0161e s\u00fakromie pri vlastnom stole, \u010do zv\u00fd\u0161i v\u00fdnimo\u010dnos\u0165 ve\u010dera.<\/li>\n<\/ul>\n<h3><strong>\ud83d\udccd Va\u0161e miesto na predstaven\u00ed<\/strong><\/h3>\n<ul>\n<li>Priestory s\u00fa premyslene usporiadan\u00e9 tak, aby mal ka\u017ed\u00fd hos\u0165 dobr\u00fd v\u00fdh\u013ead na p\u00f3dium a ka\u017ed\u00e9 predstavenie si mohol vychutna\u0165 z ak\u00e9hoko\u013evek uhla.<\/li>\n<\/ul>\n<h3><strong>\ud83c\udf89 Oslavy na mieru<\/strong><\/h3>\n<ul>\n<li>\u0160peci\u00e1lne pr\u00edle\u017eitosti, od naroden\u00edn a\u017e po firemn\u00e9 stretnutia, pre skupiny od 30 do 150 os\u00f4b, m\u00f4\u017eu by\u0165 ozna\u010den\u00e9. T\u00edm pre podujatia je pripraven\u00fd prisp\u00f4sobi\u0165 ve\u010dery k dokonalosti.<\/li>\n<\/ul>\n<h3><strong>\ud83c\udf1f Podstata burlesknej \u0161ou:<\/strong><\/h3>\n<ul>\n<li><strong>Interakt\u00edvna z\u00e1bava:<\/strong> \u00da\u010dinkuj\u00faci priamo komunikuj\u00fa s publikom, \u010d\u00edm vytv\u00e1raj\u00fa int\u00edmnu a \u017eiv\u00fa atmosf\u00e9ru, ktor\u00e1 zaujme a pote\u0161\u00ed.<\/li>\n<li><strong>Bohat\u00e9 spektrum \u010dinov:<\/strong> Predstavenie pon\u00faka rozmanit\u00fd a vzru\u0161uj\u00faci z\u00e1\u017eitok z ka\u017ed\u00e9ho vyst\u00fapenia, od klasickej burlesky a\u017e po s\u00fa\u010dasn\u00e9 interpret\u00e1cie.<\/li>\n<\/ul>\n<h3><strong>\ud83c\udf72 Menu pre ka\u017ed\u00fa chu\u0165:<\/strong><\/h3>\n<p>V ponuke je pestr\u00fd v\u00fdber jed\u00e1l, ktor\u00fd je navrhnut\u00fd tak, aby vyhovoval v\u0161etk\u00fdm chutiam, vr\u00e1tane vegetari\u00e1nskych a veg\u00e1nskych mo\u017enost\u00ed na po\u017eiadanie. K vynikaj\u00facej ponuke patr\u00ed:<\/p>\n<ul>\n<li>Chrumkav\u00e9 poch\u00fa\u0165ky sprev\u00e1dza raita, \u00faden\u00fd kukuri\u010dn\u00fd kr\u00e9m s trochou koriandra a \u0161\u0165avnat\u00e9 brav\u010dov\u00e9 m\u00e4so z Pyrenejsk\u00e9ho polostrova.<\/li>\n<li>Delik\u00e1tne pripraven\u00e9 cestoviny paccheri s bohat\u00fdm hubov\u00fdm rag\u00fa, obohaten\u00e9 o nakladan\u00e9 korenie.<\/li>\n<li>Jemne uvaren\u00e9 \u010dierne prasiatko s om\u00e1\u010dkou satay a kreat\u00edvne podan\u00e9 falo\u0161n\u00e9 rizoto.<\/li>\n<li>Dezertn\u00e9 fin\u00e1le z makr\u00f3niek s \u010derven\u00fdm ovoc\u00edm a bielou \u010dokol\u00e1dou.<\/li>\n<\/ul>\n<h3><strong>\u2696\ufe0f Z\u00e1sady rezerv\u00e1cie a zru\u0161enia rezerv\u00e1cie:<\/strong><\/h3>\n<ul>\n<li><strong>Rezervujte si v\u00fdhody vopred:<\/strong> V\u010dasn\u00e1 rezerv\u00e1cia zabezpe\u010d\u00ed najlep\u0161ie dostupn\u00e9 ceny a zjednodu\u0161\u00ed proces pl\u00e1novania.<\/li>\n<li><strong>Flexibiln\u00e9 zru\u0161enie:<\/strong> Bezplatn\u00e9 zru\u0161enie pon\u00fakame a\u017e 48 hod\u00edn pred pl\u00e1novan\u00fdm \u010dasom predstavenia, \u010do umo\u017e\u0148uje flexibilitu pl\u00e1nov.<\/li>\n<li><strong>Zjednodu\u0161en\u00e9 skupinov\u00e9 rezerv\u00e1cie:<\/strong> Pre ve\u010dierky v\u00e4\u010d\u0161ie ako 6 os\u00f4b platia jednoduch\u00e9 storno podmienky do 4 dn\u00ed pred podujat\u00edm. V pr\u00edpade zru\u0161enia 2 a\u017e 4 dni pred podujat\u00edm je mo\u017en\u00e9 vr\u00e1ti\u0165 50%.<\/li>\n<\/ul>\n<h3><strong>\ud83c\udf92 Pr\u00edprava na noc:<\/strong><\/h3>\n<ul>\n<li><strong>Oble\u010denie:<\/strong> Hos\u0165om sa odpor\u00fa\u010da, aby si obliekli svoj najlep\u0161\u00ed ve\u010dern\u00fd odev, ktor\u00fd bude ladi\u0165 s elegantn\u00fdm prostred\u00edm podujatia. Hoci d\u017e\u00ednsy a pekn\u00e9 tri\u010dko s\u00fa prijate\u013en\u00e9, neodpor\u00fa\u010da sa nosi\u0165 \u0161portov\u00e9 oble\u010denie a p\u00e1nske \u0161ortky, aby sa zachovala luxusn\u00e1 atmosf\u00e9ra.<\/li>\n<li><strong>Inform\u00e1cie o parkovan\u00ed:<\/strong> Pohodln\u00e9 parkovanie je k dispoz\u00edcii v bl\u00edzkosti n\u00e1kupn\u00e9ho centra Plaza del Duque, ktor\u00e9 je vzdialen\u00e9 len k\u00fasok pe\u0161o od ubytovacieho zariadenia, \u010do zaru\u010duje \u013eahk\u00fd pr\u00edstup pre v\u0161etk\u00fdch host\u00ed.<\/li>\n<\/ul>\n<h4><strong>\ud83c\udf1f \u010cak\u00e1 v\u00e1s nezabudnute\u013en\u00fd ve\u010der<\/strong><\/h4>\n<p>Scandal Burlesque <a href=\"https:\/\/canaryvip.com\/sk\/tenerife\/evening-shows\/\">Ve\u010dern\u00e9 predstavenie<\/a> s\u013eubuje, \u017ee bude vrcholom va\u0161ej n\u00e1v\u0161tevy Tenerife s <strong>CanaryVIP.<\/strong>\u00a0Zabezpe\u010dte si vstupenky u\u017e teraz a u\u017eite si jedine\u010dn\u00fa kombin\u00e1ciu z\u00e1bavy, stravovania a malebn\u00fdch v\u00fdh\u013eadov. \ud83c\udf0c\ud83c\udf78<\/p>","protected":false},"excerpt":{"rendered":"<p><strong>\ud83d\udd0d Scandal Uk\u00e1\u017ete najd\u00f4le\u017eitej\u0161ie momenty:<\/strong><br \/>\n\u2705 Bezpe\u010dn\u00e1 platba.<br \/>\n\ud83d\udc83 Burlesque-Style Show.<br \/>\n\ud83d\udd59 Ka\u017ed\u00fa sobotu o 20:30 hod.<br \/>\n\ud83c\udf5b Ve\u010dera v cene.<br \/>\n\ud83c\udf77 V\u00edno a nealkoholick\u00e9 n\u00e1poje v cene.<br \/>\n\ud83c\udf0d Angli\u010dtina a \u0161paniel\u010dina Hostite\u013e.<br \/>\n\u2705 +16 Len pre dospel\u00fdch.<br \/>\n\ud83d\ude80 Ve\u013emi ob\u013e\u00faben\u00e9!<br \/>\n\ud83e\udd11 Garancia najlep\u0161ej ceny.<br \/>\n\ud83d\udc6a Z\u013eavy pre skupinov\u00e9 rezerv\u00e1cie.<br \/>\n\ud83d\udd01 Bezplatn\u00e9 zru\u0161enie rezerv\u00e1cie do 48 hod\u00edn.<br \/>\n\ud83c\udf1f V\u010dasn\u00e1 rezerv\u00e1cia, r\u00fdchlo sa zap\u013a\u0148a!<br \/>\n\ud83d\udccd Miesto konania na adrese <a href=\"https:\/\/maps.app.goo.gl\/boB3JcWYHb8AiGY58\">Hotel GF Victoria<\/a>.<\/p>","protected":false},"featured_media":9659,"comment_status":"open","ping_status":"closed","template":"","meta":{"_acf_changed":false},"product_brand":[],"product_cat":[59],"product_tag":[],"class_list":{"0":"post-9654","1":"product","2":"type-product","3":"status-publish","4":"has-post-thumbnail","6":"product_cat-evening-shows","7":"wcpa_has_options","9":"first","10":"instock","11":"virtual","12":"purchasable","13":"product-type-simple"},"acf":[],"wcpa_form_fields":{"wcpaData":{"product":{"product_price":94,"price_html":"From&nbsp;<span class=\"woocommerce-Price-amount amount\"><bdi>94,00&nbsp;<span class=\"woocommerce-Price-currencySymbol\">&euro;<\/span><\/bdi><\/span>","original_product_price":94,"price_including_tax":94,"price_excluding_tax":94,"product_id":{"parent":9654,"variation":false},"is_variable":false,"stock_status":"instock","stock_quantity":null,"parent_sku":"CV9654","product_attributes":[],"custom_fields":[],"is_taxable":false,"product_name":"Scandal Dinner Show Tenerife","hasImage":false},"fields":{"sec_165e506ca90d2c":{"extra":{"key":"sec_165e506ca90d2c","section_id":"sec_165e506ca90d2c","name":"Default","status":1,"cl_rule":"show","enableCl":false,"relations":[],"toggle":true,"title_tag":"h3","show_title":false,"showPrice":"default","form_id":10217,"form_rules":{"exclude_from_discount":true,"fee_label":"Fee","disp_hide_options_price":true,"disp_show_section_price":false,"disp_show_field_price":true,"layout_option":"standard","pric_use_as_fee":false,"process_fee_as":"woo_fee"},"layout_option":"standard"},"fields":[[{"label":"\ud83d\udcc5 Date","active":true,"required":true,"elementId":"date_265e506ca90d6a","picker_type":"custom","picker_mode":"single","placeholder":"","description":"","tooltip":"","name":"date_265e506ca90d6a","label_position":"default","desc_position":"default","enablePrice":false,"className":"","enableCl":false,"relations":[{"operator":"and","rules":[{"operator":"AND","rules":{"cl_field":"radio-group_765e506ca90d4e","cl_relation":"is_not_empty","cl_val":"3 Hour Trip"}}]}],"date_pic_inline":true,"date_pic_inline_hide":true,"min_date":{"type":"days","val":"1"},"max_date":{"type":"days","val":"180"},"date_pic_conf":{"disabledWeeks":[0,1,2,3,4,5],"disabledDates":["2024-05-25","2024-08-10","2024-11-02","2024-12-14","2024-12-27 to 2024-12-28","2026-04-17"]},"price":"","cl_rule":"show","col":6,"type":"date","error":false,"enableDesign":false,"LabelColor":"","date_conf_custom":{"minDate":"let d = new Date();\nif (d.getHours() >= 18) {\n  d.setDate(d.getDate() + 3);\n} else if (d.getHours() >= 12) {\n  d.setDate(d.getDate() + 1);\n} else {\nd.setDate(d.getDate());\n}\nreturn d;"},"isWeightTemplate":false,"isTemplate":false,"min_quantity":"1","quantity_decimal":false,"quantity_step":"1","quantity_label":"Quantity","repeater_field_label":"{field_label}","repeater_bind":"","gt_translate_keys":["label","placeholder","description","tooltip","repeater_field_label","quantity_label"],"price_dependency":false,"cl_dependency":["radio-group_765e506ca90d4e","radio-group_765e506ca90d4e"],"value":""}],[{"active":true,"col":6,"relations":[{"operator":false,"rules":[{"operator":"AND","rules":{"cl_field":"","cl_relation":"","cl_val":""}}]}],"cl_rule":"show","enableCl":false,"price":"","enablePrice":false,"className":"","label_position":"default","desc_position":"default","type":"radio-group","required":true,"elementId":"radio-group_765e506ca90d4e","label":"\ud83c\udf1f Type of Ticket","name":"radio-group_765e506ca90d4e","values":[{"label":"Gold Entrance (94\u20ac)","value":"Gold Entrance","selected":false,"tempId":"aco_28","description":"Enjoy the live show, tasting menu, and unlimited drinks.","gt_translate_keys":["label","description"]},{"label":"Platinum Entrance (114\u20ac)","value":"Platinum Entrance","selected":false,"tempId":"aco_29","description":"Enjoy the live show, tasting menu, unlimited drinks, and a private table.","options_cl":true,"relations":[{"operator":false,"rules":[{"operator":"or","rules":{"cl_field":"date_265e506ca90d6a","cl_relation":"is","cl_val":"2026-04-02"}},{"operator":false,"rules":{"cl_field":"date_265e506ca90d6a","cl_relation":"is","cl_val":"2026-03-26"}}]}],"cl_rule":"hide","gt_translate_keys":["label","description"]}],"layOut":"","error":false,"checkUi":"toggle","enableDesign":false,"scrollBar":false,"description":"","other":false,"options_description":true,"show_selected_option":false,"isWeightTemplate":false,"isTemplate":false,"min_quantity":"1","quantity_decimal":false,"quantity_step":"1","quantity_label":"Quantity","repeater_field_label":"{field_label}","repeater_bind":"","gt_translate_keys":["label","description","repeater_field_label","quantity_label"],"price_dependency":false,"cl_dependency":[false,false],"value":""}]]},"sec_965e506ca90d50":{"extra":{"key":"sec_965e506ca90d50","section_id":"sec_965e506ca90d50","name":"Gold","status":1,"cl_rule":"show","enableCl":true,"relations":[{"operator":false,"rules":[{"operator":"AND","rules":{"cl_field":"radio-group_765e506ca90d4e","cl_relation":"is","cl_val":"Gold Entrance"}}]}],"toggle":true,"title_tag":"h4","show_title":false,"showPrice":"default","form_id":10217,"form_rules":{"exclude_from_discount":true,"fee_label":"Fee","disp_hide_options_price":true,"disp_show_section_price":false,"disp_show_field_price":true,"layout_option":"standard","pric_use_as_fee":false,"process_fee_as":"woo_fee"},"layout_option":"standard"},"fields":[[{"elementId":"separator_765e506ca90d74","separatorType":"blank","className":"","height":"10","enableCl":false,"relations":false,"cl_rule":"show","col":6,"type":"separator","gt_translate_keys":[],"price_dependency":false,"cl_dependency":false,"value":""}],[{"active":true,"col":6,"relations":false,"cl_rule":"show","enableCl":false,"price":"","enablePrice":false,"className":"","label_position":"default","desc_position":"default","type":"content","required":false,"elementId":"content_365e506ca90d7f","label":"People","name":"content_365e506ca90d7f","contentType":"plain","value":"","error":false,"show_in_checkout":true,"inline":false,"gt_translate_keys":["label","value"],"price_dependency":false,"cl_dependency":false}],[{"active":true,"col":6,"relations":[{"operator":false,"rules":[{"operator":"AND","rules":{"cl_field":"","cl_relation":"","cl_val":""}}]}],"cl_rule":"show","enableCl":true,"price":"94","enablePrice":true,"className":"","label_position":"default","desc_position":"default","type":"radio-group","required":false,"elementId":"radio-group_265e506ca90d8a","label":"","name":"radio-group_265e506ca90d8a","values":[{"label":"\ud83d\udc64 Adult (94\u20ac)","value":"Adult","selected":true,"tempId":"aco_32","tooltip":"+16 Years","description":"","gt_translate_keys":["label","tooltip","description"]}],"layOut":"","error":false,"checkUi":"button","priceOptions":"fixed_for_all","pricingType":"fixed","enable_quantity":true,"quantity_label":"","min_quantity":"0","options_tooltip":true,"options_description":true,"gt_translate_keys":["label","quantity_label"],"price_dependency":false,"cl_dependency":false,"value":""}]]},"sec_365e506ca90da0":{"extra":{"key":"sec_365e506ca90da0","section_id":"sec_365e506ca90da0","name":"Platinum","status":1,"cl_rule":"show","enableCl":true,"relations":[{"operator":false,"rules":[{"operator":"AND","rules":{"cl_field":"radio-group_765e506ca90d4e","cl_relation":"is","cl_val":"Platinum Entrance"}}]}],"toggle":true,"title_tag":"h4","show_title":false,"showPrice":"default","form_id":10217,"form_rules":{"exclude_from_discount":true,"fee_label":"Fee","disp_hide_options_price":true,"disp_show_section_price":false,"disp_show_field_price":true,"layout_option":"standard","pric_use_as_fee":false,"process_fee_as":"woo_fee"},"layout_option":"standard"},"fields":[[{"elementId":"separator_565e506ca90daa","separatorType":"blank","className":"","height":"8","enableCl":false,"relations":false,"cl_rule":"show","col":6,"type":"separator","error":false,"gt_translate_keys":[],"price_dependency":false,"cl_dependency":false,"value":""}],[{"contentType":"plain","active":true,"label":"People","elementId":"content_365e506ca90dc6","value":"","inline":false,"show_in_checkout":true,"name":"content_365e506ca90dc6","enablePrice":false,"className":"","enableCl":false,"relations":false,"price":"","cl_rule":"show","col":6,"type":"content","gt_translate_keys":["label","value"],"price_dependency":false,"cl_dependency":false}],[{"label":"","active":true,"required":false,"elementId":"radio-group_365e506ca90dd1","name":"radio-group_365e506ca90dd1","label_position":"default","desc_position":"default","enablePrice":true,"className":"","enableCl":false,"relations":[{"operator":false,"rules":[{"operator":"AND","rules":{"cl_field":"","cl_relation":"","cl_val":""}}]}],"enable_quantity":true,"quantity_label":"","min_quantity":"0","checkUi":"button","layOut":"","options_tooltip":true,"values":[{"label":"\ud83d\udc64 Adult (114\u20ac)","value":"Adult","selected":true,"tempId":"aco_32","tooltip":"+16 Years","gt_translate_keys":["label","tooltip"]}],"priceOptions":"fixed_for_all","pricingType":"fixed","price":"114","cl_rule":"show","col":6,"type":"radio-group","error":false,"isWeightTemplate":false,"isTemplate":false,"quantity_decimal":false,"quantity_step":"1","repeater_field_label":"{field_label}","repeater_bind":"","gt_translate_keys":["label","repeater_field_label","quantity_label"],"price_dependency":false,"cl_dependency":false,"value":""}]]}},"config":{"price_override":"always","enable_recaptcha":false,"bind_quantity":false,"quantity_bind_formula":false,"disp_summ_show_option_price":true,"disp_summ_show_product_price":false,"disp_summ_show_total_price":true,"disp_summ_show_fee":true,"disp_summ_show_discount":true,"summary_title":"","options_total_label":"Options Price","total_label":"Total Amount","options_product_label":"Product Price","fee_label":"Fee","discount_label":"Discount","has_price":true,"has_quantity_formula":false},"mc_unit":1,"tax_rate":1,"tax_rate_real":1,"discount":{"percentage":0,"fixed":0},"design":{"conf":{"LabelPosition":"above","DescPosition":"above","UploadField":"custom_1","QuantityFieldStyle":"custom_1"},"css":{"LeftLabelWidth":"120px"}},"formulas":[],"lookuptables":[],"clones":false,"cartKey":false}},"_links":{"self":[{"href":"https:\/\/canaryvip.com\/sk\/wp-json\/wp\/v2\/product\/9654","targetHints":{"allow":["GET"]}}],"collection":[{"href":"https:\/\/canaryvip.com\/sk\/wp-json\/wp\/v2\/product"}],"about":[{"href":"https:\/\/canaryvip.com\/sk\/wp-json\/wp\/v2\/types\/product"}],"replies":[{"embeddable":true,"href":"https:\/\/canaryvip.com\/sk\/wp-json\/wp\/v2\/comments?post=9654"}],"wp:featuredmedia":[{"embeddable":true,"href":"https:\/\/canaryvip.com\/sk\/wp-json\/wp\/v2\/media\/9659"}],"wp:attachment":[{"href":"https:\/\/canaryvip.com\/sk\/wp-json\/wp\/v2\/media?parent=9654"}],"wp:term":[{"taxonomy":"product_brand","embeddable":true,"href":"https:\/\/canaryvip.com\/sk\/wp-json\/wp\/v2\/product_brand?post=9654"},{"taxonomy":"product_cat","embeddable":true,"href":"https:\/\/canaryvip.com\/sk\/wp-json\/wp\/v2\/product_cat?post=9654"},{"taxonomy":"product_tag","embeddable":true,"href":"https:\/\/canaryvip.com\/sk\/wp-json\/wp\/v2\/product_tag?post=9654"}],"curies":[{"name":"wp","href":"https:\/\/api.w.org\/{rel}","templated":true}]}}