{"id":9623,"date":"2024-02-11T01:34:38","date_gmt":"2024-02-11T01:34:38","guid":{"rendered":"https:\/\/canaryvip.com\/?post_type=product&#038;p=9623"},"modified":"2025-08-09T12:57:36","modified_gmt":"2025-08-09T11:57:36","slug":"tenerife-island-guided-bus-tour","status":"publish","type":"product","link":"https:\/\/canaryvip.com\/sk\/shop\/tenerife-island-guided-bus-tour\/","title":{"rendered":"Prehliadka ostrova Tenerife: V\u00fdlet autobusom so sprievodcom"},"content":{"rendered":"<h2>\ud83d\ude8c <strong>Autobusov\u00e1 prehliadka ostrova Tenerife so sprievodcom<\/strong><\/h2>\n<p>Objavte srdce Tenerife s <strong>CanaryVIP<\/strong> na celodennej prehliadke so sprievodcom, ktor\u00e1 zah\u0155\u0148a cel\u00fd ostrov. Od obdivuhodn\u00e9ho <a href=\"https:\/\/www.google.com\/maps\/place\/Acantilados+de+Los+Gigantes,+Santa+Cruz+de+Tenerife\/@28.244027,-16.8456497,15z\/data=!3m1!4b1!4m6!3m5!1s0xc6a8c153fdc6811:0xa0340f674cf6610!8m2!3d28.2408828!4d-16.8377834!16s%2Fm%2F026dqlb?entry=ttu\" target=\"_blank\" rel=\"noopener\">\u00datesy Los Gigantes<\/a> do historick\u00fdch ul\u00edc <a href=\"https:\/\/www.google.com\/maps\/place\/La+Orotava,+Santa+Cruz+de+Tenerife\/@28.3929248,-16.5287568,15z\/data=!3m1!4b1!4m6!3m5!1s0xc402aae32ddf575:0x27206a076b427988!8m2!3d28.3892926!4d-16.525264!16zL20vMDdrcmx5?entry=ttu\" target=\"_blank\" rel=\"noopener\">La Orotava<\/a>, t\u00e1to cesta je pr\u00eds\u013eubom bohatej mozaiky rozmanit\u00fdch krajinn\u00fdch a kult\u00farnych pokladov Tenerife.<\/p>\n<h3><strong>Najd\u00f4le\u017eitej\u0161ie momenty prehliadky: Prieskum cel\u00e9ho ostrova<\/strong><\/h3>\n<ul>\n<li>\ud83c\udf04 <strong>\u00datesy Los Gigantes<\/strong>: Svoje dobrodru\u017estvo za\u010dnite n\u00e1v\u0161tevou \u00fachvatn\u00fdch \u00fatesov Los Gigantes, kde sa naplno prejavuje ve\u013ekolepos\u0165 pr\u00edrody.<\/li>\n<li>\ud83d\udc40 <strong>Mirador de Garachico<\/strong>: Pokra\u010dujte na Mirador de Garachico, odkia\u013e sa naskyt\u00e1 n\u00e1dhern\u00fd v\u00fdh\u013ead na severn\u00e9 pobre\u017eie Tenerife.<\/li>\n<li>\ud83c\udf33 <strong>Icod de los Vinos<\/strong>: Presk\u00famajte Icod de los Vinos a obdivujte Tis\u00edcro\u010dn\u00fd dra\u010d\u00ed strom, pr\u00edrodn\u00fa pamiatku s bohatou hist\u00f3riou.<\/li>\n<li>\ud83c\udfd8\ufe0f <strong>La Orotava<\/strong>: Ponorte sa do p\u00f4vabu La Orotavy a nav\u0161t\u00edvte sl\u00e1vny dom Casa de los Balcones, symbol kan\u00e1rskej architekt\u00fary a trad\u00edcie.<\/li>\n<li>\ud83d\udecd\ufe0f <strong>Puerto de la Cruz<\/strong>: Vo\u013en\u00fd \u010das v Puerto de la Cruz na n\u00e1kupy, prehliadku pamiatok a obed (strava nie je zahrnut\u00e1 v cene v\u00fdletu).<\/li>\n<li>\ud83d\ude4f <strong>Candelaria<\/strong>: Posledn\u00fa zast\u00e1vku urobte v Candelarii, aby ste vzdali hold sv\u00e4t\u00e9mu patr\u00f3novi Kan\u00e1rskych ostrovov a zav\u0155\u0161ili tak de\u0148 pln\u00fd pozn\u00e1vania a objavovania.<\/li>\n<\/ul>\n<h3><strong>Va\u0161a cesta s CanaryVIP zah\u0155\u0148a:<\/strong><\/h3>\n<ul>\n<li>\ud83d\ude8c A <strong>pohodln\u00e1 a malebn\u00e1 jazda autobusom<\/strong> po celom Tenerife, \u010d\u00edm sa postar\u00e1 o pr\u00edjemn\u00fa cestu rovnako ako samotn\u00e9 destin\u00e1cie.<\/li>\n<li>\ud83c\udfe8 <strong>Pohodln\u00e9 vyzdvihnutie a odovzdanie<\/strong> vo va\u0161om hoteli, aby ste mohli cestova\u0165 bez stresu od za\u010diatku a\u017e do konca.<\/li>\n<li>\ud83d\udde3\ufe0f <strong>P\u00fatav\u00e9 sprev\u00e1dzanie viacjazy\u010dn\u00fdch sprievodcov<\/strong>, \u010d\u00edm obohat\u00ed v\u00e1\u0161 z\u00e1\u017eitok o fascinuj\u00face inform\u00e1cie o ka\u017edom mieste.<\/li>\n<li>\ud83d\udd52 An <strong>pribli\u017ene 8-hodinov\u00e1 prehliadka<\/strong>, navrhnut\u00fd tak, aby ste \u010do najlep\u0161ie spoznali \u00fa\u017easn\u00fa krajinu a kult\u00farne dedi\u010dstvo Tenerife.<\/li>\n<li>\ud83d\udcf8 Nespo\u010detn\u00e9 <strong>mo\u017enosti fotografovania<\/strong> v rozmanit\u00fdch ter\u00e9noch, \u010d\u00edm si zabezpe\u010d\u00edte spomienky na cel\u00fd \u017eivot.<\/li>\n<li>\ud83d\udcb0 Pr\u00eds\u013eub CanaryVIP <strong>najlep\u0161ia cena<\/strong>a flexibiln\u00e9 pravidl\u00e1 stornovania pre va\u0161e pohodlie.<\/li>\n<\/ul>\n<h3><strong>Z\u00e1kladn\u00e9 inform\u00e1cie o prehliadke:<\/strong><\/h3>\n<ul>\n<li>\ud83c\udf9f\ufe0f Pre bezprobl\u00e9mov\u00fd z\u00e1\u017eitok z prehliadky majte svoj l\u00edstok CanaryVIP v digit\u00e1lnej alebo tla\u010denej podobe.<\/li>\n<li>\ud83e\udde5 Oble\u010dte sa pohodlne a zv\u00e1\u017ete vrstvy, preto\u017ee na ostrove sa stretnete s r\u00f4znymi klimatick\u00fdmi podmienkami.<\/li>\n<li>\ud83c\udf7d\ufe0f Urobte si obed\u0148aj\u0161iu prest\u00e1vku v Puerto de la Cruz, kde si m\u00f4\u017eete vybra\u0165 z mnoh\u00fdch re\u0161taur\u00e1ci\u00ed. (Obed nie je zahrnut\u00fd v cene)<\/li>\n<li>\ud83d\udccc \u010cas a miesto vyzdvihnutia bud\u00fa potvrden\u00e9 po rezerv\u00e1cii. Uistite sa, \u017ee \u00fadaje o va\u0161om ubytovan\u00ed s\u00fa presn\u00e9 pre bezprobl\u00e9mov\u00e9 zorganizovanie cesty.<\/li>\n<\/ul>\n<h3><strong>Storno podmienky:<\/strong><\/h3>\n<ul>\n<li>\ud83d\udd04 <strong>Prisp\u00f4sobiv\u00e9 zru\u0161enie pre jednotlivcov:<\/strong> Na\u0161e pravidl\u00e1 zoh\u013ead\u0148uj\u00fa nepredv\u00eddate\u013enos\u0165 \u017eivota a umo\u017e\u0148uj\u00fa zru\u0161enie z\u00e1jazdu do 24 hod\u00edn pred pl\u00e1novan\u00fdm z\u00e1jazdom, pri\u010dom v\u00e1m bud\u00fa vr\u00e1ten\u00e9 v\u0161etky peniaze. T\u00e1to flexibilita v\u00e1m zaru\u010d\u00ed, \u017ee si m\u00f4\u017eete bez probl\u00e9mov upravi\u0165 pl\u00e1n z\u00e1jazdu pod\u013ea potreby.<\/li>\n<li>\ud83d\udd52 <strong>Mo\u017enosti zru\u0161enia skupiny:<\/strong> Cestuj\u00facim v skupin\u00e1ch pon\u00fakame prisp\u00f4soben\u00e9 storno podmienky. Mal\u00e9 skupiny 5-7 os\u00f4b m\u00f4\u017eu zru\u0161i\u0165 z\u00e1jazd bez ak\u00fdchko\u013evek poplatkov do 48 hod\u00edn pred z\u00e1jazdom. Stredne ve\u013ek\u00e9 skupiny od 8 do 14 os\u00f4b maj\u00fa mo\u017enos\u0165 zru\u0161i\u0165 z\u00e1jazd do 4 dn\u00ed pred jeho za\u010diatkom a dosta\u0165 sp\u00e4\u0165 pln\u00fa sumu, zatia\u013e \u010do v\u00e4\u010d\u0161ie skupiny od 15 os\u00f4b musia z\u00e1jazd zru\u0161i\u0165 aspo\u0148 6 dn\u00ed vopred, aby sa vyhli ak\u00fdmko\u013evek storno poplatkom. Tieto usmernenia s\u00fa stanoven\u00e9 s cie\u013eom u\u013eah\u010di\u0165 pl\u00e1novanie pre skupiny v\u0161etk\u00fdch ve\u013ekost\u00ed.<\/li>\n<li>\ud83d\udca1 <strong>Bezprobl\u00e9mov\u00fd postup zru\u0161enia:<\/strong> Zru\u0161enie z\u00e1jazdu, \u010di u\u017e samostatn\u00e9ho alebo so skupinou, je jednoduch\u00e9. Sta\u010d\u00ed n\u00e1s kontaktova\u0165 prostredn\u00edctvom na\u0161ej webovej str\u00e1nky, e-mailu alebo n\u00e1m zavola\u0165. Zabezpe\u010dujeme r\u00fdchly proces vr\u00e1tenia pe\u0148az\u00ed, v\u010faka \u010domu je zru\u0161enie z\u00e1jazdu bezprobl\u00e9mov\u00e9 a bez starost\u00ed.<\/li>\n<li>\ud83d\udd0d <strong>Overenie rezerv\u00e1cie:<\/strong> Je rozumn\u00e9, aby ste si e\u0161te pred d\u00e1tumom z\u00e1jazdu dvakr\u00e1t skontrolovali \u00fadaje o rezerv\u00e1cii. Umo\u017en\u00ed v\u00e1m to vykona\u0165 v\u0161etky potrebn\u00e9 \u00fapravy alebo zru\u0161enie rezerv\u00e1cie v stanoven\u00fdch term\u00ednoch, \u010d\u00edm sa vyhnete pr\u00edpadn\u00fdm poplatkom.<\/li>\n<\/ul>\n<h4><strong>Asistencia a zodpovednos\u0165 na turn\u00e9:<\/strong><\/h4>\n<ul>\n<li>\u2714\ufe0f CanaryVIP sa sna\u017e\u00ed zabezpe\u010di\u0165 nezabudnute\u013en\u00fd a bezprobl\u00e9mov\u00fd z\u00e1\u017eitok zo z\u00e1jazdu, od rezerv\u00e1cie a\u017e po prehliadku.<\/li>\n<li>\ud83d\udde3\ufe0f <strong>Priama komunik\u00e1cia:<\/strong> Na\u0161i sprievodcovia s\u00fa v\u00e1m k dispoz\u00edcii a pom\u00f4\u017eu v\u00e1m s ak\u00fdmiko\u013evek ot\u00e1zkami alebo potrebami po\u010das prehliadky.<\/li>\n<li>\ud83d\udcb0 <strong>Transparentn\u00e1 politika vr\u00e1tenia pe\u0148az\u00ed:<\/strong> Zav\u00e4zujeme sa k pr\u00edstupu, ktor\u00fd je zameran\u00fd na z\u00e1kazn\u00edka, a v\u0161etky probl\u00e9my rie\u0161ime r\u00fdchlo a spravodlivo.<\/li>\n<\/ul>\n<h4><strong>\ud83d\ude8c\ud83c\udf04\ud83c\udfdb\ufe0f Rezervujte si dobrodru\u017estvo na ostrove teraz!<\/strong><\/h4>\n<p>Vyu\u017eite t\u00fato jedine\u010dn\u00fa pr\u00edle\u017eitos\u0165 a spoznajte obrovsk\u00fa kr\u00e1su a bohat\u00fa kult\u00faru Tenerife s CanaryVIP. Rezervujte si miesto na ostrove Tenerife <a href=\"https:\/\/canaryvip.com\/sk\/tenerife\/guided-tours\/bus-tours\/\">Autobusov\u00e1 prehliadka so sprievodcom<\/a> a vydajte sa na nezabudnute\u013en\u00fa cestu po najzn\u00e1mej\u0161\u00edch pamiatkach a skryt\u00fdch skvostoch ostrova.<\/p>\n<p>Va\u0161e dobrodru\u017estvo \u010dak\u00e1!<\/p>","protected":false},"excerpt":{"rendered":"<p><strong>\ud83d\udd0d Prehliadka ostrova Tenerife:<\/strong><br \/>\n\u2705 Bezpe\u010dn\u00e1 platba.<br \/>\n\u26f0\ufe0f Nav\u0161t\u00edvte \u00fates Los Gigantes.<br \/>\n\ud83d\udc09 Presk\u00famajte Icodov dra\u010d\u00ed strom.<br \/>\n\ud83d\udca6 Objavte Garachico.<br \/>\n\ud83d\udee4\ufe0f Nav\u0161t\u00edvte La Orotavu.<br \/>\n\ud83d\udecd\ufe0f U\u017eite si Puerto de la Cruz.<br \/>\n\u26ea\ufe0f Nav\u0161t\u00edvte Candelariu.<br \/>\n\ud83d\udcc5 Utorky a soboty.<br \/>\n\u23f0 Trvanie Pribli\u017ene 8 hod\u00edn.<br \/>\n\ud83d\ude8c Vyzdvihnutie a odovzdanie v hoteli.<br \/>\n\ud83d\udd04 24-hodinov\u00e9 bezplatn\u00e9 zru\u0161enie rezerv\u00e1cie.<br \/>\n\ud83e\udd11 Garancia najlep\u0161ej ceny.<br \/>\n\ud83c\udf81 K dispoz\u00edcii s\u00fa skupinov\u00e9 z\u013eavy.<br \/>\n\ud83c\udf0d Pr\u00edru\u010dka vo va\u0161om jazyku.<br \/>\n\ud83c\udf1f Rezervujte teraz a u\u0161etrite!<\/p>","protected":false},"featured_media":9624,"comment_status":"open","ping_status":"closed","template":"","meta":{"_acf_changed":false},"product_brand":[],"product_cat":[68,52],"product_tag":[],"class_list":{"0":"post-9623","1":"product","2":"type-product","3":"status-publish","4":"has-post-thumbnail","6":"product_cat-guided-tours","7":"product_cat-bus-tours","8":"wcpa_has_options","10":"first","11":"instock","12":"virtual","13":"purchasable","14":"product-type-simple"},"acf":[],"wcpa_form_fields":{"wcpaData":{"product":{"product_price":48,"price_html":"From&nbsp;<span class=\"woocommerce-Price-amount amount\"><bdi>48,00&nbsp;<span class=\"woocommerce-Price-currencySymbol\">&euro;<\/span><\/bdi><\/span>","original_product_price":48,"price_including_tax":48,"price_excluding_tax":48,"product_id":{"parent":9623,"variation":false},"is_variable":false,"stock_status":"instock","stock_quantity":null,"parent_sku":"CV9623","product_attributes":[],"custom_fields":[],"is_taxable":false,"product_name":"Tenerife Island Tour: Guided Bus Trip","hasImage":false},"fields":{"sec_265e50550df885":{"extra":{"key":"sec_265e50550df885","section_id":"sec_265e50550df885","name":"South Tenerife","status":1,"cl_rule":"show","enableCl":false,"relations":[{"operator":false,"rules":[{"operator":"AND","rules":{"cl_field":"radio-group_665df45fcbc30b","cl_relation":"is","cl_val":"Siam Park Regular Tickets"}}]}],"toggle":true,"title_tag":"h4","show_title":false,"showPrice":"default","form_id":10216,"form_rules":{"exclude_from_discount":true,"fee_label":"Fee","disp_hide_options_price":true,"disp_show_section_price":false,"disp_show_field_price":true,"layout_option":"standard","pric_use_as_fee":false,"process_fee_as":"woo_fee"},"layout_option":"standard"},"fields":[[{"label":"\ud83d\udcc5 Date","active":true,"required":true,"elementId":"date_365e50550df8bb","picker_type":"custom","picker_mode":"single","placeholder":"","description":"","tooltip":"","name":"date_365e50550df8bb","label_position":"default","desc_position":"default","enablePrice":false,"className":"","enableCl":false,"relations":[{"operator":"and","rules":[{"operator":"AND","rules":{"cl_field":"radio-group_665df45fcbc30b","cl_relation":"is","cl_val":"3 Hour Trip"}}]}],"date_pic_inline":true,"date_pic_inline_hide":true,"min_date":{"type":"days","val":"1"},"max_date":{"type":"days","val":"365"},"date_pic_conf":{"disabledWeeks":[0,1,3,4,5,6]},"price":"","cl_rule":"show","col":6,"type":"date","error":false,"enableDesign":false,"LabelColor":"","gt_translate_keys":["label","placeholder","description","tooltip"],"price_dependency":false,"cl_dependency":false,"value":""}],[{"elementId":"separator_665e50550df8cb","separatorType":"blank","className":"","height":"10","enableCl":false,"relations":false,"cl_rule":"show","col":6,"type":"separator","gt_translate_keys":[],"price_dependency":false,"cl_dependency":false,"value":""}],[{"active":true,"col":6,"relations":false,"cl_rule":"show","enableCl":false,"price":"","enablePrice":false,"className":"","label_position":"default","desc_position":"default","type":"content","required":false,"elementId":"content_565e50550df8e4","label":"People","name":"content_565e50550df8e4","contentType":"plain","value":"","error":false,"show_in_checkout":true,"inline":false,"gt_translate_keys":["label","value"],"price_dependency":false,"cl_dependency":false}],[{"active":true,"col":6,"relations":[{"operator":false,"rules":[{"operator":"AND","rules":{"cl_field":"","cl_relation":"","cl_val":""}}]}],"cl_rule":"show","enableCl":true,"price":"50","enablePrice":true,"className":"","label_position":"default","desc_position":"default","type":"radio-group","required":false,"elementId":"radio-group_665e50550df8f0","label":"","name":"radio-group_665e50550df8f0","values":[{"label":"\ud83d\udc64 Adult (50\u20ac)","value":"Adult","selected":true,"tempId":"aco_32","tooltip":"+12 Years","description":"","gt_translate_keys":["label","tooltip","description"]}],"layOut":"","error":false,"checkUi":"button","priceOptions":"fixed_for_all","pricingType":"fixed","enable_quantity":true,"quantity_label":"","min_quantity":"0","options_tooltip":true,"options_description":true,"gt_translate_keys":["label","quantity_label"],"price_dependency":false,"cl_dependency":false,"value":""}],[{"label":"","active":true,"required":false,"elementId":"radio-group_665e50550df8fb","name":"radio-group_665e50550df8fb","label_position":"default","desc_position":"default","enablePrice":true,"className":"","enableCl":false,"relations":false,"enable_quantity":true,"quantity_label":"","min_quantity":"0","checkUi":"button","layOut":"","values":[{"label":"\ud83d\udc66 Child (31\u20ac)","value":"Child","selected":true,"tempId":"aco_32","tooltip":"2-11 Years","description":"","gt_translate_keys":["label","tooltip","description"]}],"priceOptions":"fixed_for_all","pricingType":"fixed","price":"31","cl_rule":"show","col":6,"type":"radio-group","error":false,"options_tooltip":true,"options_description":true,"gt_translate_keys":["label","quantity_label"],"price_dependency":false,"cl_dependency":false,"value":""}],[{"active":true,"col":6,"relations":false,"cl_rule":"show","enableCl":false,"price":"","enablePrice":false,"className":"","label_position":"default","desc_position":"default","type":"select","required":false,"elementId":"select_265e50550df905","label":"\ud83c\udf0e Language","name":"select_265e50550df905","values":[{"label":"English","value":"English","selected":false,"tempId":"aco_310","gt_translate_keys":["label"]},{"label":"Spanish","value":"Spanish","selected":false,"tempId":"aco_311","gt_translate_keys":["label"]},{"label":"French","value":"French","selected":false,"tempId":"aco_312","gt_translate_keys":["label"]}],"dropdown_type":"basic","error":false,"gt_translate_keys":["label"],"price_dependency":false,"cl_dependency":false,"value":""}],[{"active":true,"col":6,"relations":false,"cl_rule":"show","enableCl":false,"price":"","enablePrice":false,"className":"","label_position":"default","desc_position":"default","type":"separator","required":false,"elementId":"separator_665e50550df90f","label":"Separator Field","height":"7","separatorType":"blank","error":false,"gt_translate_keys":["label"],"price_dependency":false,"cl_dependency":false,"value":""}],[{"active":true,"col":6,"relations":false,"cl_rule":"show","enableCl":false,"price":"","enablePrice":false,"className":"","label_position":"default","desc_position":"default","type":"text","subtype":"text","required":false,"elementId":"text_565e50550df918","label":"\ud83d\ude8c Pickup Location","name":"text_565e50550df918","value":"","description":"Pick-up service in South Tenerife. Simply provide your address or hotel name.","error":false,"gt_translate_keys":["label","description","value"],"price_dependency":false,"cl_dependency":false}]]}},"config":{"price_override":"always","enable_recaptcha":false,"bind_quantity":false,"quantity_bind_formula":false,"disp_summ_show_option_price":true,"disp_summ_show_product_price":false,"disp_summ_show_total_price":true,"disp_summ_show_fee":true,"disp_summ_show_discount":true,"summary_title":"","options_total_label":"Options Price","total_label":"Total Amount","options_product_label":"Product Price","fee_label":"Fee","discount_label":"Discount","has_price":true,"has_quantity_formula":false},"mc_unit":1,"tax_rate":1,"tax_rate_real":1,"discount":{"percentage":0,"fixed":0},"design":{"conf":{"LabelPosition":"above","DescPosition":"above","UploadField":"custom_1","QuantityFieldStyle":"custom_1"},"css":{"LeftLabelWidth":"120px"}},"formulas":[],"lookuptables":[],"clones":false,"cartKey":false}},"_links":{"self":[{"href":"https:\/\/canaryvip.com\/sk\/wp-json\/wp\/v2\/product\/9623","targetHints":{"allow":["GET"]}}],"collection":[{"href":"https:\/\/canaryvip.com\/sk\/wp-json\/wp\/v2\/product"}],"about":[{"href":"https:\/\/canaryvip.com\/sk\/wp-json\/wp\/v2\/types\/product"}],"replies":[{"embeddable":true,"href":"https:\/\/canaryvip.com\/sk\/wp-json\/wp\/v2\/comments?post=9623"}],"wp:featuredmedia":[{"embeddable":true,"href":"https:\/\/canaryvip.com\/sk\/wp-json\/wp\/v2\/media\/9624"}],"wp:attachment":[{"href":"https:\/\/canaryvip.com\/sk\/wp-json\/wp\/v2\/media?parent=9623"}],"wp:term":[{"taxonomy":"product_brand","embeddable":true,"href":"https:\/\/canaryvip.com\/sk\/wp-json\/wp\/v2\/product_brand?post=9623"},{"taxonomy":"product_cat","embeddable":true,"href":"https:\/\/canaryvip.com\/sk\/wp-json\/wp\/v2\/product_cat?post=9623"},{"taxonomy":"product_tag","embeddable":true,"href":"https:\/\/canaryvip.com\/sk\/wp-json\/wp\/v2\/product_tag?post=9623"}],"curies":[{"name":"wp","href":"https:\/\/api.w.org\/{rel}","templated":true}]}}