{"id":9493,"date":"2024-02-05T22:56:26","date_gmt":"2024-02-05T22:56:26","guid":{"rendered":"https:\/\/canaryvip.com\/?post_type=product&#038;p=9493"},"modified":"2025-08-09T12:59:18","modified_gmt":"2025-08-09T11:59:18","slug":"jungle-park-tickets","status":"publish","type":"product","link":"https:\/\/canaryvip.com\/sk\/shop\/jungle-park-tickets\/","title":{"rendered":"K\u00fapi\u0165 vstupenky na Jungle Park"},"content":{"rendered":"<h2>\ud83e\udd85 <strong>Jungle Park Tenerife: Safari dobrodru\u017estvo a pr\u00edstav divokej pr\u00edrody<\/strong><\/h2>\n<p><strong>\u23f0 Presk\u00famajte ka\u017ed\u00fd de\u0148:<\/strong> Dobrodru\u017estvo na v\u00e1s \u010dak\u00e1 od 10:00 do 17:30 a pon\u00fakne v\u00e1m cel\u00fd de\u0148 pln\u00fd sk\u00famania a objavovania.<\/p>\n<p>\ud83d\udccd <strong>\u010cak\u00e1 v\u00e1s safari:<\/strong> Objavte divok\u00fa str\u00e1nku Tenerife v Parku d\u017eungle Chayofa, ktor\u00fd je pohlcuj\u00facim z\u00e1\u017eitkom sp\u00e1jaj\u00facim zoologick\u00fa a botanick\u00fa z\u00e1hradu do roz\u013eahlej d\u017eungle. Napl\u00e1nujte si n\u00e1v\u0161tevu pod\u013ea <a href=\"https:\/\/maps.app.goo.gl\/K7g47iUPFiKyfYdU9\" target=\"_blank\" rel=\"noopener\">vyh\u013eadanie parku na Map\u00e1ch Google<\/a>.<\/p>\n<p>\ud83c\udf92 <strong>Z\u00e1klady dobrodru\u017estva:<\/strong> Na de\u0148 str\u00e1ven\u00fd v d\u017eungli si zba\u013ete opa\u013eovac\u00ed kr\u00e9m, pohodln\u00fa obuv na prech\u00e1dzky a nezabudnite na fotoapar\u00e1t, aby ste mali ve\u013ea pr\u00edle\u017eitost\u00ed na fotografovanie medzi exotick\u00fdmi zvieratami a svie\u017eou pr\u00edrodou.<\/p>\n<p>\ud83d\udca7 <strong>Ob\u010derstvenie a doplnenie paliva:<\/strong> Vn\u00fatri parku n\u00e1jdete r\u00f4zne mo\u017enosti, kde sa m\u00f4\u017eete hydratova\u0165 a najes\u0165, \u010do zabezpe\u010d\u00ed pohodln\u00fd a pr\u00edjemn\u00fd de\u0148 pre ka\u017ed\u00e9ho.<\/p>\n<p>\ud83c\udfab <strong>R\u00fdchly pr\u00edstup:<\/strong> Vyhnite sa \u010dakaniu s vopred zak\u00fapen\u00fdmi vstupenkami CanaryVIP, ktor\u00e9 pon\u00fakaj\u00fa r\u00fdchlej\u0161\u00ed vstup pre pripraven\u00fdch n\u00e1v\u0161tevn\u00edkov v porovnan\u00ed s n\u00e1v\u0161tevn\u00edkmi, ktor\u00ed si kupuj\u00fa vstupenky pri pr\u00edchode.<\/p>\n<p>\ud83d\ude8c <strong>Kyvadlov\u00e1 doprava do d\u017eungle:<\/strong> Vyu\u017eite bezplatn\u00fa kyvadlov\u00fa dopravu z ju\u017enej \u010dasti Tenerife, ktor\u00e1 v\u00e1m zabezpe\u010d\u00ed priamu a pohodln\u00fa cestu do parku Jungle.<\/p>\n<p>\ud83c\udf1f <strong>Exkluz\u00edvne produkty CanaryVIP:<\/strong> Rezerv\u00e1cia prostredn\u00edctvom slu\u017eby CanaryVIP v\u00e1m nielen zabezpe\u010d\u00ed vstup, ale poskytne v\u00e1m aj pr\u00edstup k \u0161peci\u00e1lnym z\u013eav\u00e1m, prednostn\u00e9mu vstupu a \u010fal\u0161\u00edm v\u00fdhod\u00e1m, ktor\u00e9 umocnia va\u0161u n\u00e1v\u0161tevu Jungle Parku.<\/p>\n<ul>\n<li><strong>Okam\u017eit\u00e1 \u00faspora:<\/strong> Odomknite exkluz\u00edvne z\u013eavy ihne\u010f po rezerv\u00e1cii u n\u00e1s.<\/li>\n<li><strong>Viac za menej:<\/strong> Pozrite si na\u0161e ponuky kombinovan\u00fdch vstupeniek, aby ste u\u0161etrili e\u0161te viac a u\u017eili si dvojn\u00e1sobn\u00fa z\u00e1bavu.<\/li>\n<li><strong>Pl\u00e1novanie bez starost\u00ed:<\/strong> U\u017eite si pokoj s mo\u017enos\u0165ou zru\u0161i\u0165 n\u00e1v\u0161tevu a\u017e 72 hod\u00edn pred pl\u00e1novanou n\u00e1v\u0161tevou.<\/li>\n<\/ul>\n<p>\ud83d\udc3e <strong>Zozn\u00e1mte sa s na\u0161imi zvierac\u00edmi hviezdami:<\/strong> Jungle Park je domovom rozmanit\u00fdch divok\u00fdch zvierat, od hrav\u00fdch orangutanov, gibonov a kapuc\u00ednov v na\u0161om \u00fato\u010disku prim\u00e1tov a\u017e po majest\u00e1tne leopardy a jagu\u00e1re v na\u0161ej rezerv\u00e1cii ve\u013ek\u00fdch ma\u010diek. Nenechajte si ujs\u0165 tu\u010dniaky, morsk\u00e9 levy, surikaty, m\u00fdvalov a na\u0161u p\u00f4sobiv\u00fa zbierku plazov s hadmi, korytna\u010dkami, krokod\u00edlmi a kajmanmi.<\/p>\n<p>\ud83e\udd9c <strong>Najd\u00f4le\u017eitej\u0161ie momenty v programe Showtime:<\/strong> Na\u0161a ka\u017edodenn\u00e1 \u0161ou s morsk\u00fdmi levmi o 13:30 je pln\u00e1 z\u00e1bavy, zatia\u013e \u010do \u0161ou s drav\u00fdmi vt\u00e1kmi o 12:30 predstavuje neuverite\u013en\u00fa obratnos\u0165 na\u0161ich operen\u00fdch priate\u013eov vr\u00e1tane n\u00e1dhern\u00e9ho orla skaln\u00e9ho. Tieto predstavenia s\u00fa nielen z\u00e1bavn\u00e9, ale aj n\u00e1u\u010dn\u00e9 a pon\u00fakaj\u00fa poh\u013ead na \u017eivot t\u00fdchto \u00fa\u017easn\u00fdch tvorov.<\/p>\n<p>\ud83d\udc68\u200d\ud83d\udc69\u200d\ud83d\udc67\u200d\ud83d\udc66 <strong>Rodinn\u00e9 dobrodru\u017estvo:<\/strong> Jungle Park pon\u00faka vzru\u0161uj\u00face safari, pokojn\u00e9 prech\u00e1dzky pr\u00edrodou a interakt\u00edvne stretnutia so zvieratami, ktor\u00e9 s\u00fa ide\u00e1lne pre n\u00e1v\u0161tevn\u00edkov v\u0161etk\u00fdch vekov\u00fdch kateg\u00f3ri\u00ed. V r\u00e1mci parku sa m\u00f4\u017eete z\u00fa\u010dastni\u0165 \u0161peci\u00e1lnych prehliadok alebo si vysk\u00fa\u0161a\u0165 bobov\u00fa dr\u00e1hu, ktor\u00e1 sa preplet\u00e1 d\u017eung\u013eou, a za\u017ei\u0165 tak e\u0161te viac vzru\u0161enia.<\/p>\n<h3>\ud83d\ude8c Bezplatn\u00e1 slu\u017eba vyzdvihnutia<\/h3>\n<p><strong>Bezprobl\u00e9mov\u00e9 pripojenie kyvadlovej dopravy:<\/strong> Vyu\u017eite na\u0161u bezplatn\u00fa kyvadlov\u00fa dopravu, aby ste sa bez stresu dostali z ju\u017enej \u010dasti Tenerife do parku Jungle. Uistite sa, \u017ee va\u0161e dobrodru\u017estvo sa za\u010d\u00edna a kon\u010d\u00ed bez probl\u00e9mov.<\/p>\n<p><strong>Harmonogram kyvadlovej dopravy a n\u00e1vraty:<\/strong> Vyu\u017eite pohodln\u00e9 vyzdvihnutie z Costa Adeje, Playa de Las Am\u00e9ricas a Los Cristianos, ktor\u00e9 v\u00e1m u\u013eah\u010d\u00ed n\u00e1v\u0161tevu parku Jungle. Na\u0161a bezplatn\u00e1 denn\u00e1 autobusov\u00e1 doprava v\u00e1s bez probl\u00e9mov spoj\u00ed:<\/p>\n<ul>\n<li><a href=\"https:\/\/canaryvip.com\/sk\/shop\/aqualand-tickets\/\">Aqualand<\/a> Costa Adeje: 9:30 | 10:45<\/li>\n<li>H. Labranda Suites Costa Adeje: 9:35 | 10:50<\/li>\n<li>N\u00e1kupn\u00e9 centrum Duke Shops: 9:35 | 10:55<\/li>\n<li>Hotel Sunwing Fa\u00f1ab\u00e9: 9:40 | 11:00<\/li>\n<li>Hotel Allsun Hibiscos: 9:45 | 11:05<\/li>\n<li>Calle Llanos De Troya: 9:50 | 11:35<\/li>\n<li>Bar Leonardo's: 9:55 | 11:40<\/li>\n<li>Hotel Best Tenerife: 10:00 | 11:45<\/li>\n<li>N\u00e1kupn\u00e9 centrum Pasarela \"La Pepa\": 10:10 | 11:50<\/li>\n<li>Hotel Sol Arona Tenerife: 10:15 | 11:55<\/li>\n<\/ul>\n<p><strong>\u010cas n\u00e1vratu<\/strong>: 16:30 | 17:30.<\/p>\n<p>Upozor\u0148ujeme, \u017ee po\u010det miest v kyvadlovej doprave je obmedzen\u00fd a je k dispoz\u00edcii pod\u013ea poradia bez predch\u00e1dzaj\u00facej rezerv\u00e1cie.<\/p>\n<h3>\ud83d\udd25 <strong>Rezervujte si teraz pre exkluz\u00edvne ponuky Jungle Parku<\/strong><\/h3>\n<p>Ponorte sa s CanaryVIP do divokej kr\u00e1sy Tenerife Jungle Park. Zabezpe\u010dte si najlep\u0161ie ponuky, u\u017eite si bezprobl\u00e9mov\u00fd pr\u00edstup a vytvorte si nezabudnute\u013en\u00e9 spomienky v bujnej pr\u00edrode Chayofa.<\/p>\n<p>Ponorte sa do sveta, v ktorom sa sp\u00e1ja divok\u00e1 pr\u00edroda a dobrodru\u017estvo v Tenerife Jungle Park, kde ka\u017ed\u00e1 cesta vedie k objavu a ka\u017ed\u00e9 stretnutie je pr\u00edbehom, ktor\u00fd \u010dak\u00e1 na rozpr\u00e1vanie. Zarezervujte si cestu e\u0161te dnes a vypustite objavite\u013ea vo svojom vn\u00fatri!<\/p>","protected":false},"excerpt":{"rendered":"<p><strong>\ud83d\udd0d Jungle Park Highligts:<\/strong><br \/>\n\u2705 Bezpe\u010dn\u00e1 platba.<br \/>\n\ud83d\ude80 R\u00fdchly vstup pre dr\u017eite\u013eov preukazu.<br \/>\n\ud83e\udd85 Vstup na v\u0161etky v\u00fdstavy.<br \/>\n\ud83d\udd59 Otvoren\u00e9 od 10:00 do 17:30.<br \/>\n\ud83e\udd11 Garancia najlep\u0161ej ceny.<br \/>\n\ud83d\ude8d Bezplatn\u00e1 kyvadlov\u00e1 doprava.<br \/>\n\ud83d\udc6a Z\u013eavy pre skupinov\u00e9 rezerv\u00e1cie.<br \/>\n\ud83d\udd01 Do 72 h Zru\u0161enie.<br \/>\n\ud83c\udf0d Podpora vo viacer\u00fdch jazykoch.<br \/>\n\ud83c\udf1f Rezervujte teraz a u\u0161etrite!<br \/>\n\ud83d\udccd N\u00e1js\u0165 <a href=\"https:\/\/maps.app.goo.gl\/K7g47iUPFiKyfYdU9\">Jungle Park na map\u00e1ch<\/a>.<\/p>","protected":false},"featured_media":9501,"comment_status":"open","ping_status":"closed","template":"","meta":{"_acf_changed":false},"product_brand":[],"product_cat":[54],"product_tag":[],"class_list":{"0":"post-9493","1":"product","2":"type-product","3":"status-publish","4":"has-post-thumbnail","6":"product_cat-theme-parks","7":"wcpa_has_options","9":"first","10":"instock","11":"virtual","12":"purchasable","13":"product-type-simple"},"acf":[],"wcpa_form_fields":{"wcpaData":{"product":{"product_price":35,"price_html":"From&nbsp;<span class=\"woocommerce-Price-amount amount\"><bdi>35,00&nbsp;<span class=\"woocommerce-Price-currencySymbol\">&euro;<\/span><\/bdi><\/span>","original_product_price":35,"price_including_tax":35,"price_excluding_tax":35,"product_id":{"parent":9493,"variation":false},"is_variable":false,"stock_status":"instock","stock_quantity":null,"parent_sku":"CV9493","product_attributes":[],"custom_fields":[],"is_taxable":false,"product_name":"Buy Jungle Park Tickets","hasImage":false},"fields":{"sec_065df48f68f816":{"extra":{"key":"sec_065df48f68f816","section_id":"sec_065df48f68f816","name":"Jungle Park Tickets","status":1,"cl_rule":"show","enableCl":false,"relations":[{"operator":false,"rules":[{"operator":"AND","rules":{"cl_field":"radio-group_665df45fcbc30b","cl_relation":"is","cl_val":"Siam Park Regular Tickets"}}]}],"toggle":true,"title_tag":"h4","show_title":false,"showPrice":"default","form_id":10144,"form_rules":{"exclude_from_discount":true,"fee_label":"Fee","disp_hide_options_price":true,"disp_show_section_price":false,"disp_show_field_price":true,"layout_option":"standard","pric_use_as_fee":false,"process_fee_as":"woo_fee"},"layout_option":"standard"},"fields":[[{"label":"\ud83d\udcc5 Date","active":true,"required":true,"elementId":"date_365df48f68f836","picker_type":"custom","picker_mode":"single","placeholder":"","description":"","tooltip":"","name":"date_365df48f68f836","label_position":"default","desc_position":"default","enablePrice":false,"className":"","enableCl":false,"relations":[{"operator":"and","rules":[{"operator":"AND","rules":{"cl_field":"radio-group_665df45fcbc30b","cl_relation":"is","cl_val":"3 Hour Trip"}}]}],"date_pic_inline":true,"date_pic_inline_hide":true,"min_date":{"type":"days","val":"0"},"max_date":{"type":"days","val":"365"},"date_pic_conf":{"disabledWeeks":[]},"price":"","cl_rule":"show","col":6,"type":"date","error":false,"enableDesign":false,"LabelColor":"","gt_translate_keys":["label","placeholder","description","tooltip"],"price_dependency":false,"cl_dependency":false,"value":""}],[{"elementId":"separator_765df48f68f845","separatorType":"blank","className":"","height":"10","enableCl":false,"relations":false,"cl_rule":"show","col":6,"type":"separator","gt_translate_keys":[],"price_dependency":false,"cl_dependency":false,"value":""}],[{"active":true,"col":6,"relations":false,"cl_rule":"show","enableCl":false,"price":"","enablePrice":false,"className":"","label_position":"default","desc_position":"default","type":"content","required":false,"elementId":"content_265df48f68f851","label":"People","name":"content_265df48f68f851","contentType":"plain","value":"","error":false,"show_in_checkout":true,"inline":false,"gt_translate_keys":["label","value"],"price_dependency":false,"cl_dependency":false}],[{"active":true,"col":6,"relations":[{"operator":false,"rules":[{"operator":"AND","rules":{"cl_field":"","cl_relation":"","cl_val":""}}]}],"cl_rule":"show","enableCl":true,"price":"35","enablePrice":true,"className":"","label_position":"default","desc_position":"default","type":"radio-group","required":false,"elementId":"radio-group_165df48f68f85d","label":"","name":"radio-group_165df48f68f85d","values":[{"label":"\ud83d\udc64 Adult (35\u20ac)","value":"Adult","selected":true,"tempId":"aco_32","tooltip":"+11 Years","description":"","gt_translate_keys":["label","tooltip","description"]}],"layOut":"","error":false,"checkUi":"button","priceOptions":"fixed_for_all","pricingType":"fixed","enable_quantity":true,"quantity_label":"","min_quantity":"0","options_tooltip":true,"options_description":true,"gt_translate_keys":["label","quantity_label"],"price_dependency":false,"cl_dependency":false,"value":""}],[{"label":"","active":true,"required":false,"elementId":"radio-group_265df48f68f868","name":"radio-group_265df48f68f868","label_position":"default","desc_position":"default","enablePrice":true,"className":"","enableCl":false,"relations":false,"enable_quantity":true,"quantity_label":"","min_quantity":"0","checkUi":"button","layOut":"","values":[{"label":"\ud83d\udc66 Child (29\u20ac)","value":"Child","selected":true,"tempId":"aco_32","tooltip":"5-10 Years","description":"","gt_translate_keys":["label","tooltip","description"]}],"priceOptions":"fixed_for_all","pricingType":"fixed","price":"29","cl_rule":"show","col":6,"type":"radio-group","error":false,"options_tooltip":true,"options_description":true,"gt_translate_keys":["label","quantity_label"],"price_dependency":false,"cl_dependency":false,"value":""}],[{"label":"","active":true,"required":false,"elementId":"radio-group_1065df48f68f873","name":"radio-group_1065df48f68f873","label_position":"default","desc_position":"default","enablePrice":true,"className":"","enableCl":false,"relations":false,"enable_quantity":true,"quantity_label":"","min_quantity":"0","checkUi":"button","layOut":"","values":[{"label":"\ud83d\udc76 Toddler (16\u20ac)","value":"Toddler","selected":true,"tempId":"aco_32","tooltip":"3-4 Years","gt_translate_keys":["label","tooltip"]}],"priceOptions":"fixed_for_all","pricingType":"fixed","price":"16","cl_rule":"show","col":6,"type":"radio-group","error":false,"options_tooltip":true,"gt_translate_keys":["label","quantity_label"],"price_dependency":false,"cl_dependency":false,"value":""}]]}},"config":{"price_override":"always","enable_recaptcha":false,"bind_quantity":false,"quantity_bind_formula":false,"disp_summ_show_option_price":true,"disp_summ_show_product_price":false,"disp_summ_show_total_price":true,"disp_summ_show_fee":true,"disp_summ_show_discount":true,"summary_title":"","options_total_label":"Options Price","total_label":"Total Amount","options_product_label":"Product Price","fee_label":"Fee","discount_label":"Discount","has_price":true,"has_quantity_formula":false},"mc_unit":1,"tax_rate":1,"tax_rate_real":1,"discount":{"percentage":0,"fixed":0},"design":{"conf":{"LabelPosition":"above","DescPosition":"above","UploadField":"custom_1","QuantityFieldStyle":"custom_1"},"css":{"LeftLabelWidth":"120px"}},"formulas":[],"lookuptables":[],"clones":false,"cartKey":false}},"_links":{"self":[{"href":"https:\/\/canaryvip.com\/sk\/wp-json\/wp\/v2\/product\/9493","targetHints":{"allow":["GET"]}}],"collection":[{"href":"https:\/\/canaryvip.com\/sk\/wp-json\/wp\/v2\/product"}],"about":[{"href":"https:\/\/canaryvip.com\/sk\/wp-json\/wp\/v2\/types\/product"}],"replies":[{"embeddable":true,"href":"https:\/\/canaryvip.com\/sk\/wp-json\/wp\/v2\/comments?post=9493"}],"wp:featuredmedia":[{"embeddable":true,"href":"https:\/\/canaryvip.com\/sk\/wp-json\/wp\/v2\/media\/9501"}],"wp:attachment":[{"href":"https:\/\/canaryvip.com\/sk\/wp-json\/wp\/v2\/media?parent=9493"}],"wp:term":[{"taxonomy":"product_brand","embeddable":true,"href":"https:\/\/canaryvip.com\/sk\/wp-json\/wp\/v2\/product_brand?post=9493"},{"taxonomy":"product_cat","embeddable":true,"href":"https:\/\/canaryvip.com\/sk\/wp-json\/wp\/v2\/product_cat?post=9493"},{"taxonomy":"product_tag","embeddable":true,"href":"https:\/\/canaryvip.com\/sk\/wp-json\/wp\/v2\/product_tag?post=9493"}],"curies":[{"name":"wp","href":"https:\/\/api.w.org\/{rel}","templated":true}]}}