{"id":9488,"date":"2024-02-05T21:54:37","date_gmt":"2024-02-05T21:54:37","guid":{"rendered":"https:\/\/canaryvip.com\/?post_type=product&#038;p=9488"},"modified":"2025-08-09T13:00:03","modified_gmt":"2025-08-09T12:00:03","slug":"aqualand-tickets","status":"publish","type":"product","link":"https:\/\/canaryvip.com\/sk\/shop\/aqualand-tickets\/","title":{"rendered":"K\u00fapi\u0165 vstupenky do Aqualandu"},"content":{"rendered":"<h2>\ud83c\udf0a <strong>Aqualand Costa Adeje: Ponorte sa do z\u00e1bavy a dobrodru\u017estva!<\/strong><\/h2>\n<ul>\n<li><strong>Otvoren\u00e9 denne:<\/strong> \u0160pliechajte sa a hrajte sa od 10.00 do 17.00, \u010d\u00edm si zabezpe\u010d\u00edte de\u0148 pln\u00fd z\u00e1bavy a vzru\u0161enia.<\/li>\n<li><strong>V\u00fdhodn\u00e1 poloha:<\/strong> Aqualand sa nach\u00e1dza v ru\u0161nej oblasti Costa Adeje a je \u013eahko dostupn\u00fdm miestom na v\u00fdlet pre ka\u017ed\u00e9ho.<\/li>\n<li><strong>Flexibilita vstupeniek:<\/strong> Va\u0161e dobrodru\u017estvo \u010dak\u00e1 so vstupenkami platn\u00fdmi 90 dn\u00ed od zak\u00fapenia, \u010do v\u00e1m d\u00e1va mo\u017enos\u0165 vybra\u0165 si ide\u00e1lny de\u0148 na n\u00e1v\u0161tevu.<\/li>\n<\/ul>\n<p>\ud83d\udccd <strong>Hlavn\u00e9 miesto:<\/strong> Aqualand sa nach\u00e1dza v ru\u0161nej rekrea\u010dnej oblasti Costa Adeje, ktor\u00e1 je hlavnou destin\u00e1ciou pre milovn\u00edkov vodn\u00fdch parkov.<br \/>\nPre pokyny, bez n\u00e1mahy <a href=\"https:\/\/maps.app.goo.gl\/A5TcFcUtHUGD1ykJ7\" target=\"_blank\" rel=\"noopener\">n\u00e1js\u0165 Aqualand na Map\u00e1ch Google<\/a> a vopred si napl\u00e1nujte de\u0148 pln\u00fd radosti.<\/p>\n<p>\ud83c\udf92 <strong>Pripravte sa na dobrodru\u017estvo:<\/strong> Nezabudnite si opa\u013eovac\u00ed kr\u00e9m, plavky a uter\u00e1k na de\u0148 pln\u00fd slne\u010dnej z\u00e1bavy. K dispoz\u00edcii je pren\u00e1jom skriniek na \u00faschovu va\u0161ich vec\u00ed.<\/p>\n<p>\ud83d\udca7 <strong>Hydrata\u010dn\u00e1 stanica:<\/strong> Vezmite si so sebou vodu, aby ste sa na slnku nenapili, a v parku si m\u00f4\u017eete vybra\u0165 z ponuky jed\u00e1l a n\u00e1pojov.<\/p>\n<p>\ud83c\udfab <strong>Bezprobl\u00e9mov\u00fd vstup:<\/strong> S l\u00edstkami CanaryVIP sa vyhnete radom na n\u00e1kup l\u00edstkov na mieste a z\u00edskate r\u00fdchlej\u0161\u00ed pr\u00edstup. Vopred zak\u00fapen\u00e9 vstupenky v\u00e1m u\u013eah\u010dia za\u010diatok dobrodru\u017estva v Aqualande.<\/p>\n<p>\ud83d\ude8c <strong>Bezplatn\u00e1 kyvadlov\u00e1 doprava do Aqualandu:<\/strong> Vyu\u017eite exkluz\u00edvnu bezplatn\u00fa kyvadlov\u00fa dopravu Aqualandu, ktor\u00e1 v\u00e1m umo\u017en\u00ed jednoduch\u00fa prepravu z r\u00f4znych miest na juhu Tenerife.<\/p>\n<p>\ud83c\udf1f <strong>Exkluz\u00edvne v\u00fdhody CanaryVIP:<\/strong> Vyu\u017eite \u0161peci\u00e1lne z\u013eavy a v\u00fdhody, ke\u010f si s nami rezervujete vstupenky do Aqualandu! Dospel\u00ed aj deti sa m\u00f4\u017eu te\u0161i\u0165 na de\u0148 pln\u00fd jedine\u010dnej z\u00e1bavy za v\u00fdhodn\u00e9 ceny.<\/p>\n<ul>\n<li><strong>Okam\u017eit\u00e9 z\u013eavy:<\/strong> Zabezpe\u010dte si vstupenky cez CanaryVIP a u\u017eite si okam\u017eit\u00fa \u00fasporu.<\/li>\n<li><strong>Prednostn\u00fd pr\u00edstup:<\/strong> Vyhnite sa radom a vrhnite sa priamo do akcie.<\/li>\n<li><strong>Cenovo v\u00fdhodn\u00e9 ponuky:<\/strong> Sledujte na\u0161e kombinovan\u00e9 ponuky s <a href=\"https:\/\/canaryvip.com\/sk\/shop\/aqualand-jungle-park-2park\/\">Aqualand a Jungle Park<\/a>, \u010d\u00edm maximalizujete svoju z\u00e1bavu a z\u00e1rove\u0148 \u0161etr\u00edte peniaze.<\/li>\n<li><strong>Flexibiln\u00e9 zru\u0161enie:<\/strong> Zmenili sa pl\u00e1ny? Zru\u0161enie do 72 hod\u00edn pred n\u00e1v\u0161tevou a vr\u00e1tenie pe\u0148az\u00ed v plnej v\u00fd\u0161ke.<\/li>\n<\/ul>\n<p>\ud83d\udc2c <strong>V\u00fdstava delf\u00ednov, ktor\u00fa mus\u00edte vidie\u0165:<\/strong> Nenechajte si ujs\u0165 o\u010daruj\u00face predstavenia delf\u00ednov, ktor\u00e9 sa konaj\u00fa denne o 15:30 a s\u00fa s\u00fa\u010das\u0165ou bezplatn\u00e9ho vstupu do parku.<\/p>\n<p>\ud83d\udc6a <strong>Z\u00e1bava pre rodiny:<\/strong> Aqualand pon\u00faka dokonal\u00fa kombin\u00e1ciu vzru\u0161uj\u00facich \u0161myk\u013eaviek pre milovn\u00edkov adrenal\u00ednu a jemn\u00fdch hrac\u00edch pl\u00f4ch pre najmen\u0161\u00edch, ktor\u00e9 zabezpe\u010dia nezabudnute\u013en\u00fd de\u0148 pre cel\u00fa rodinu.<\/p>\n<h2>\ud83d\ude8c Exkluz\u00edvna kyvadlov\u00e1 doprava do Aqualandu<\/h2>\n<p><strong>Bezprobl\u00e9mov\u00fd z\u00e1\u017eitok z kyvadlovej dopravy:<\/strong> Spr\u00edjemnite si n\u00e1v\u0161tevu Aqualandu na\u0161ou bezplatnou kyvadlovou dopravou, ktor\u00e1 v\u00e1m umo\u017en\u00ed dosta\u0165 sa do parku bez stresu. Vychutnajte si jednoduchos\u0165 na\u0161ej bezplatnej autobusovej dopravy, ktor\u00e1 bezprobl\u00e9movo sp\u00e1ja Los Cristianos, Playa De las Am\u00e9ricas a Costa Adeje, a u\u017eite si tak pr\u00edjemn\u00fd de\u0148.<\/p>\n<p><span style=\"text-decoration: underline;\"><strong>Rozvrh bezplatnej kyvadlovej dopravy:<\/strong><\/span><\/p>\n<ul>\n<li><strong>Trasy:<\/strong> Los Cristianos - Playa De las Am\u00e9ricas - Costa Adeje<\/li>\n<li><strong>Autobusov\u00e9 zast\u00e1vky a \u010dasy:<\/strong>\n<ul>\n<li>N\u00e1kupn\u00e9 centrum Pasarela: 9:30 | 10:30 | 11:30<\/li>\n<li>Hotel Sol Arona Tenerife: 9:35 | 10:35 | 11:35<\/li>\n<li>Hotel Best Tenerife: 9:40 | 10:40 | 11:40<\/li>\n<li>Bar Leonardo's: 9:45 | 10:45 | 11:45<\/li>\n<li>Ulica Llanos de Troya: 9:50 | 10:50 | 11:50<\/li>\n<li>H. Labranda Suites Costa Adeje: 10:05 | 11:05 | 12:05<\/li>\n<li>N\u00e1kupn\u00e9 centrum Duke Shops: 10:05 | 11:05 | 12:05<\/li>\n<li>Hotel Sunwing Fa\u00f1ab\u00e9: 10:10 | 11:10 | 12:10<\/li>\n<\/ul>\n<\/li>\n<\/ul>\n<p><strong>\u010cas n\u00e1vratu:<\/strong> 16:30 a 17:15<\/p>\n<p>Upozor\u0148ujeme, \u017ee po\u010det miest v ka\u017edej kyvadlovej doprave je obmedzen\u00fd a obsadzuje sa pod\u013ea poradia bez predch\u00e1dzaj\u00facej rezerv\u00e1cie. Zabezpe\u010dte si bezprobl\u00e9mov\u00fd za\u010diatok a koniec svojho dobrodru\u017estva v Aqualande v\u010dasn\u00fdm pr\u00edchodom na ur\u010den\u00e9 miesto vyzdvihnutia.<\/p>\n<h3>\ud83d\udd25 <strong>Nenechajte si ujs\u0165: Exkluz\u00edvne ponuky na CanaryVIP.com<\/strong><\/h3>\n<p>Ste pripraven\u00ed na de\u0148 pln\u00fd vzru\u0161enia v Aqualand Costa Adeje?<\/p>\n<p>Kniha s <strong>CanaryVIP<\/strong> za najlep\u0161ie ceny a bezprobl\u00e9mov\u00e9 slu\u017eby so \u0161peci\u00e1lnymi ponukami a priate\u013esk\u00fdmi pravidlami stornovania. Urobte si rados\u0165 a vytvorte si nezabudnute\u013en\u00e9 spomienky!<\/p>","protected":false},"excerpt":{"rendered":"<p><strong>\ud83d\udd0d Vstupenky do Aqualandu:<\/strong><br \/>\n\u2705 Bezpe\u010dn\u00e1 platba.<br \/>\n\ud83d\ude80 R\u00fdchly vstup pre dr\u017eite\u013eov preukazu.<br \/>\n\ud83c\udf0a Pr\u00edstup ku v\u0161etk\u00fdm vzru\u0161uj\u00facim jazd\u00e1m.<br \/>\n\ud83d\udc2c Zahrnut\u00e1 prehliadka delf\u00ednov.<br \/>\n\ud83d\udd59 Otvoren\u00e9 od 10:00 do 17:00.<br \/>\n\ud83e\udd11 Garancia najlep\u0161ej ceny.<br \/>\n\ud83d\ude8d Bezplatn\u00e1 kyvadlov\u00e1 doprava.<br \/>\n\ud83d\udc6a Z\u013eavy pre skupinov\u00e9 rezerv\u00e1cie.<br \/>\n\ud83d\udd01 Do 72 h Zru\u0161enie.<br \/>\n\ud83c\udf0d Podpora vo viacer\u00fdch jazykoch.<br \/>\n\ud83c\udf1f Rezervujte teraz a u\u0161etrite!<br \/>\n\ud83d\udccd N\u00e1js\u0165 <a href=\"https:\/\/maps.app.goo.gl\/A5TcFcUtHUGD1ykJ7\">Aqualand na map\u00e1ch<\/a>.<\/p>","protected":false},"featured_media":9492,"comment_status":"open","ping_status":"closed","template":"","meta":{"_acf_changed":false},"product_brand":[],"product_cat":[54],"product_tag":[],"class_list":{"0":"post-9488","1":"product","2":"type-product","3":"status-publish","4":"has-post-thumbnail","6":"product_cat-theme-parks","7":"wcpa_has_options","9":"first","10":"instock","11":"virtual","12":"purchasable","13":"product-type-simple"},"acf":[],"wcpa_form_fields":{"wcpaData":{"product":{"product_price":36,"price_html":"From&nbsp;<span class=\"woocommerce-Price-amount amount\"><bdi>36,00&nbsp;<span class=\"woocommerce-Price-currencySymbol\">&euro;<\/span><\/bdi><\/span>","original_product_price":36,"price_including_tax":36,"price_excluding_tax":36,"product_id":{"parent":9488,"variation":false},"is_variable":false,"stock_status":"instock","stock_quantity":null,"parent_sku":"CV9488","product_attributes":[],"custom_fields":[],"is_taxable":false,"product_name":"Buy Aqualand Tickets","hasImage":false},"fields":{"sec_665df45fcbc30e":{"extra":{"key":"sec_665df45fcbc30e","section_id":"sec_665df45fcbc30e","name":"Aqualand Tickets","status":1,"cl_rule":"show","enableCl":false,"relations":[{"operator":false,"rules":[{"operator":"AND","rules":{"cl_field":"radio-group_665df45fcbc30b","cl_relation":"is","cl_val":"Siam Park Regular Tickets"}}]}],"toggle":true,"title_tag":"h4","show_title":false,"showPrice":"default","form_id":10143,"form_rules":{"exclude_from_discount":true,"fee_label":"Fee","disp_hide_options_price":true,"disp_show_section_price":false,"disp_show_field_price":true,"layout_option":"standard","pric_use_as_fee":false,"process_fee_as":"woo_fee"},"layout_option":"standard"},"fields":[[{"label":"\ud83d\udcc5 Date","active":true,"required":true,"elementId":"date_365df45fcbc347","picker_type":"custom","picker_mode":"single","placeholder":"","description":"","tooltip":"","name":"date_365df45fcbc347","label_position":"default","desc_position":"default","enablePrice":false,"className":"","enableCl":false,"relations":[{"operator":"and","rules":[{"operator":"AND","rules":{"cl_field":"radio-group_665df45fcbc30b","cl_relation":"is","cl_val":"3 Hour Trip"}}]}],"date_pic_inline":true,"date_pic_inline_hide":true,"min_date":{"type":"days","val":"0"},"max_date":{"type":"days","val":"365"},"date_pic_conf":{"disabledWeeks":[]},"price":"","cl_rule":"show","col":6,"type":"date","error":false,"enableDesign":false,"LabelColor":"","gt_translate_keys":["label","placeholder","description","tooltip"],"price_dependency":false,"cl_dependency":false,"value":""}],[{"elementId":"separator_865df45fcbc360","separatorType":"blank","className":"","height":"10","enableCl":false,"relations":false,"cl_rule":"show","col":6,"type":"separator","gt_translate_keys":[],"price_dependency":false,"cl_dependency":false,"value":""}],[{"active":true,"col":6,"relations":false,"cl_rule":"show","enableCl":false,"price":"","enablePrice":false,"className":"","label_position":"default","desc_position":"default","type":"content","required":false,"elementId":"content_265df45fcbc377","label":"People","name":"content_265df45fcbc377","contentType":"plain","value":"","error":false,"show_in_checkout":true,"inline":false,"gt_translate_keys":["label","value"],"price_dependency":false,"cl_dependency":false}],[{"active":true,"col":6,"relations":[{"operator":false,"rules":[{"operator":"AND","rules":{"cl_field":"","cl_relation":"","cl_val":""}}]}],"cl_rule":"show","enableCl":true,"price":"36","enablePrice":true,"className":"","label_position":"default","desc_position":"default","type":"radio-group","required":false,"elementId":"radio-group_365df45fcbc390","label":"","name":"radio-group_365df45fcbc390","values":[{"label":"\ud83d\udc64 Adult (36\u20ac)","value":"Adult","selected":true,"tempId":"aco_32","tooltip":"+11 Years","description":"","gt_translate_keys":["label","tooltip","description"]}],"layOut":"","error":false,"checkUi":"button","priceOptions":"fixed_for_all","pricingType":"fixed","enable_quantity":true,"quantity_label":"","min_quantity":"0","options_tooltip":true,"options_description":true,"gt_translate_keys":["label","quantity_label"],"price_dependency":false,"cl_dependency":false,"value":""}],[{"label":"","active":true,"required":false,"elementId":"radio-group_565df45fcbc3a8","name":"radio-group_565df45fcbc3a8","label_position":"default","desc_position":"default","enablePrice":true,"className":"","enableCl":false,"relations":false,"enable_quantity":true,"quantity_label":"","min_quantity":"0","checkUi":"button","layOut":"","values":[{"label":"\ud83d\udc66 Child (29\u20ac)","value":"Child","selected":true,"tempId":"aco_32","tooltip":"5-10 Years","description":"","gt_translate_keys":["label","tooltip","description"]}],"priceOptions":"fixed_for_all","pricingType":"fixed","price":"29","cl_rule":"show","col":6,"type":"radio-group","error":false,"options_tooltip":true,"options_description":true,"gt_translate_keys":["label","quantity_label"],"price_dependency":false,"cl_dependency":false,"value":""}],[{"label":"","active":true,"required":false,"elementId":"radio-group_865df45fcbc3bf","name":"radio-group_865df45fcbc3bf","label_position":"default","desc_position":"default","enablePrice":true,"className":"","enableCl":false,"relations":false,"enable_quantity":true,"quantity_label":"","min_quantity":"0","checkUi":"button","layOut":"","values":[{"label":"\ud83d\udc76 Toddler (16\u20ac)","value":"Toddler","selected":true,"tempId":"aco_32","tooltip":"3-4 Years","gt_translate_keys":["label","tooltip"]}],"priceOptions":"fixed_for_all","pricingType":"fixed","price":"16","cl_rule":"show","col":6,"type":"radio-group","error":false,"options_tooltip":true,"gt_translate_keys":["label","quantity_label"],"price_dependency":false,"cl_dependency":false,"value":""}]]}},"config":{"price_override":"always","enable_recaptcha":false,"bind_quantity":false,"quantity_bind_formula":false,"disp_summ_show_option_price":true,"disp_summ_show_product_price":false,"disp_summ_show_total_price":true,"disp_summ_show_fee":true,"disp_summ_show_discount":true,"summary_title":"","options_total_label":"Options Price","total_label":"Total Amount","options_product_label":"Product Price","fee_label":"Fee","discount_label":"Discount","has_price":true,"has_quantity_formula":false},"mc_unit":1,"tax_rate":1,"tax_rate_real":1,"discount":{"percentage":0,"fixed":0},"design":{"conf":{"LabelPosition":"above","DescPosition":"above","UploadField":"custom_1","QuantityFieldStyle":"custom_1"},"css":{"LeftLabelWidth":"120px"}},"formulas":[],"lookuptables":[],"clones":false,"cartKey":false}},"_links":{"self":[{"href":"https:\/\/canaryvip.com\/sk\/wp-json\/wp\/v2\/product\/9488","targetHints":{"allow":["GET"]}}],"collection":[{"href":"https:\/\/canaryvip.com\/sk\/wp-json\/wp\/v2\/product"}],"about":[{"href":"https:\/\/canaryvip.com\/sk\/wp-json\/wp\/v2\/types\/product"}],"replies":[{"embeddable":true,"href":"https:\/\/canaryvip.com\/sk\/wp-json\/wp\/v2\/comments?post=9488"}],"wp:featuredmedia":[{"embeddable":true,"href":"https:\/\/canaryvip.com\/sk\/wp-json\/wp\/v2\/media\/9492"}],"wp:attachment":[{"href":"https:\/\/canaryvip.com\/sk\/wp-json\/wp\/v2\/media?parent=9488"}],"wp:term":[{"taxonomy":"product_brand","embeddable":true,"href":"https:\/\/canaryvip.com\/sk\/wp-json\/wp\/v2\/product_brand?post=9488"},{"taxonomy":"product_cat","embeddable":true,"href":"https:\/\/canaryvip.com\/sk\/wp-json\/wp\/v2\/product_cat?post=9488"},{"taxonomy":"product_tag","embeddable":true,"href":"https:\/\/canaryvip.com\/sk\/wp-json\/wp\/v2\/product_tag?post=9488"}],"curies":[{"name":"wp","href":"https:\/\/api.w.org\/{rel}","templated":true}]}}