{"id":9435,"date":"2024-02-05T14:39:59","date_gmt":"2024-02-05T14:39:59","guid":{"rendered":"https:\/\/canaryvip.com\/?post_type=product&#038;p=9435"},"modified":"2025-08-09T13:00:56","modified_gmt":"2025-08-09T12:00:56","slug":"tenerife-north-guided-bus-tour","status":"publish","type":"product","link":"https:\/\/canaryvip.com\/sk\/shop\/tenerife-north-guided-bus-tour\/","title":{"rendered":"Autobusov\u00e1 prehliadka severn\u00e9ho Tenerife so sprievodcom"},"content":{"rendered":"<h2>\ud83d\ude8c <strong>Autobusov\u00e1 prehliadka severnej \u010dasti Tenerife: Santa Cruz + Taganana + La Laguna<\/strong><\/h2>\n<p>Vydajte sa na podmaniv\u00fa cestu s <strong>CanaryVIP<\/strong> objavova\u0165 severn\u00e9 poklady Tenerife. Tento celodenn\u00fd autobusov\u00fd v\u00fdlet so sprievodcom v\u00e1s zavedie z pulzuj\u00faceho hlavn\u00e9ho mesta Santa Cruz do p\u00f4vabnej dedinky Taganana a do La Laguny, ktor\u00e1 je zap\u00edsan\u00e1 na zozname svetov\u00e9ho dedi\u010dstva UNESCO. Ponorte sa do srdca kult\u00fary, hist\u00f3rie a \u00fachvatnej krajiny Tenerife.<\/p>\n<h3><strong>Najd\u00f4le\u017eitej\u0161ie momenty prehliadky: Tapis\u00e9ria pokladov Tenerife<\/strong><\/h3>\n<ul>\n<li>\ud83c\udfd9\ufe0f <a href=\"https:\/\/www.google.com\/maps\/place\/Santa+Cruz+de+Tenerife\/@28.4670039,-16.2853105,13z\/data=!4m6!3m5!1s0xc41cceccc254171:0x43111473d277e52e!8m2!3d28.4636296!4d-16.2518467!16zL20vMDFyc2pz?entry=ttu\" target=\"_blank\" rel=\"noopener\"><strong>Santa Cruz<\/strong><\/a>: Vydajte sa na dobrodru\u017en\u00fa cestu na sever Tenerife a nav\u0161t\u00edvte historick\u00e9 star\u00e9 mesto hlavn\u00e9ho mesta, ponorte sa do jeho p\u00f4vabn\u00fdch uli\u010diek a objavte bohat\u00e9 kult\u00farne dedi\u010dstvo, ktor\u00e9 toto ru\u0161n\u00e9 mesto pon\u00faka.<\/li>\n<li>\ud83c\udf0a <strong><a href=\"https:\/\/www.google.com\/maps\/place\/Playa+de+Las+Teresitas+(Santa+Cruz+de+Tenerife)\/@28.5080068,-16.1869497,17z\/data=!3m1!4b1!4m6!3m5!1s0xc41ca38d1d9c17f:0x5694f9ae1bd14e6b!8m2!3d28.5097119!4d-16.1847441!16s%2Fm%2F0c416zk?entry=ttu\" target=\"_blank\" rel=\"noopener\">Playa de las Teresitas<\/a>:<\/strong> Cestujte popri zlatistom piesku Las Teresitas (bez zast\u00e1vky), kde sa v\u00e1m naskytne poh\u013ead na jednu z najkraj\u0161\u00edch pl\u00e1\u017e\u00ed ostrova.<\/li>\n<li>\ud83c\udf7d\ufe0f <strong><a href=\"https:\/\/www.google.com\/maps\/place\/Taganana,+Santa+Cruz+de+Tenerife\/@28.5555629,-16.2355488,14z\/data=!3m1!4b1!4m6!3m5!1s0xc41c91b2021132f:0xbc8e645ff453ea87!8m2!3d28.5605853!4d-16.2181647!16s%2Fg%2F121pw4ll?entry=ttu\" target=\"_blank\" rel=\"noopener\">Dedina Taganana<\/a>:<\/strong> Vychutnajte si miestnu kuchy\u0148u v tejto malebnej kan\u00e1rskej dedinke, kde sa zachovala podstata trad\u00edci\u00ed a ducha. (Strava nie je zahrnut\u00e1 v cene)<\/li>\n<li>\ud83c\udf32 <strong><a href=\"https:\/\/www.google.com\/maps\/place\/Monte+de+las+Mercedes\/@28.5383325,-16.3344664,15z\/data=!3m1!4b1!4m6!3m5!1s0xc41ce3f4722ad77:0x4e14fd9dc5ce9ff!8m2!3d28.5383333!4d-16.3241667!16s%2Fg%2F11cn5qs82s?entry=ttu\" target=\"_blank\" rel=\"noopener\">Monte de las Mercedes<\/a>:<\/strong> Prech\u00e1dzajte ve\u013ekolepou krajinou, kde sa v srdci Tenerife odha\u013euje kr\u00e1sa pr\u00edrody.<\/li>\n<li>\ud83c\udfdb\ufe0f <strong><a href=\"https:\/\/www.google.com\/maps\/place\/La+Laguna,+Santa+Cruz+de+Tenerife\/@28.4697954,-16.3289548,14z\/data=!3m1!4b1!4m6!3m5!1s0xc41cdeccdcfeaf5:0x54a9fe4642667870!8m2!3d28.4874009!4d-16.3159061!16zL20vMDZ3Znh6?entry=ttu\" target=\"_blank\" rel=\"noopener\">La Laguna<\/a>:<\/strong> Cestu zakon\u010dite v historickom a malebnom univerzitnom meste, ktor\u00e9 je zap\u00edsan\u00e9 na zozname svetov\u00e9ho dedi\u010dstva UNESCO a presl\u00e1ven\u00e9 svojou jedine\u010dnou kr\u00e1sou.<\/li>\n<\/ul>\n<h3><strong>Va\u0161a cesta s CanaryVIP zah\u0155\u0148a:<\/strong><\/h3>\n<ul>\n<li>\ud83d\ude8c Malebn\u00fd a <strong>pohodln\u00e1 jazda autobusom,<\/strong>\u00a0, \u010do zaru\u010duje pr\u00edjemn\u00fa cestu severnou krajinou Tenerife.<\/li>\n<li>\ud83c\udfe8 Pohodln\u00e9 <strong>slu\u017eba vyzdvihnutia a odovzdania<\/strong> z v\u00e1\u0161ho hotela a pon\u00faka bezprobl\u00e9mov\u00fd z\u00e1\u017eitok.<\/li>\n<li>\ud83d\udde3\ufe0f Insightful <strong>sprievodcovstvo viacjazy\u010dn\u00fdch sprievodcov,<\/strong>\u00a0, \u010d\u00edm obohat\u00ed va\u0161u prehliadku o fascinuj\u00face pr\u00edbehy a fakty.<\/li>\n<li>\ud83d\udd52 An <strong>8-hodinov\u00e1 prehliadka<\/strong> pln\u00fd pr\u00edle\u017eitost\u00ed na spozn\u00e1vanie, stravovanie a zachytenie podstaty Tenerife.<\/li>\n<li>\ud83d\udcf8 <strong>Dokonal\u00e9 momenty<\/strong> na ka\u017edom kroku, aby ste si domov odniesli spomienky na cel\u00fd \u017eivot.<\/li>\n<li>\ud83d\udcb0 Pr\u00eds\u013eub CanaryVIP <strong>najlep\u0161ia cena,<\/strong>\u00a0, ako aj flexibiln\u00e9 storno podmienky pre v\u00e1\u0161 pokoj.<\/li>\n<\/ul>\n<h3><strong>Z\u00e1kladn\u00e9 inform\u00e1cie o prehliadke:<\/strong><\/h3>\n<ul>\n<li>\ud83c\udf9f\ufe0f Pre bezprobl\u00e9mov\u00fd priebeh prehliadky majte po ruke cestovn\u00fd l\u00edstok CanaryVIP v digit\u00e1lnej alebo tla\u010denej podobe.<\/li>\n<li>\ud83e\udde5 Oble\u010dte sa vo viacer\u00fdch vrstv\u00e1ch; rozmanit\u00e1 krajina Tenerife znamen\u00e1 meniace sa poveternostn\u00e9 podmienky.<\/li>\n<li>\ud83c\udf7d\ufe0f Vychutnajte si prest\u00e1vku na obed v Taganane, pri\u010dom si m\u00f4\u017eete vybra\u0165 z miestnych re\u0161taur\u00e1ci\u00ed. (Obed nie je zahrnut\u00fd v cene)<\/li>\n<li>\ud83d\udccc Konkr\u00e9tne \u010dasy vyzdvihnutia prisp\u00f4soben\u00e9 v\u00e1\u0161mu hotelu alebo miestu vyzdvihnutia v\u00e1m potvrd\u00edme po rezerv\u00e1cii. Uistite sa, \u017ee \u00fadaje o va\u0161om ubytovan\u00ed s\u00fa presn\u00e9 pre bezprobl\u00e9mov\u00e9 zorganizovanie cesty.<\/li>\n<\/ul>\n<h3><strong>Storno podmienky:<\/strong><\/h3>\n<ul>\n<li>\ud83d\udd04 <strong>Flexibiln\u00e9 individu\u00e1lne zru\u0161enie:<\/strong> Pochopte nepredv\u00eddate\u013enos\u0165 \u017eivota v\u010faka na\u0161im jednoduch\u00fdm pravidl\u00e1m zru\u0161enia rezerv\u00e1cie. Zru\u0161en\u00edm rezerv\u00e1cie do 24 hod\u00edn pred z\u00e1jazdom v\u00e1m vr\u00e1time peniaze v plnej v\u00fd\u0161ke, \u010do v\u00e1m pon\u00faka slobodu prisp\u00f4sobi\u0165 si svoje pl\u00e1ny.<\/li>\n<li>\ud83d\udd52 <strong>Flexibilita zru\u0161enia skupiny:<\/strong> Cestujete v skupine? M\u00e1me pre v\u00e1s rie\u0161enie. Pre skupiny 5-7 os\u00f4b m\u00f4\u017eete bezplatne zru\u0161i\u0165 rezerv\u00e1ciu do 48 hod\u00edn pred prehliadkou. Skupiny od 8 do 14 os\u00f4b musia z\u00e1jazd zru\u0161i\u0165 aspo\u0148 4 dni vopred, aby sa im vr\u00e1tila cel\u00e1 suma, a skupiny od 15 os\u00f4b by to mali ozn\u00e1mi\u0165 6 dn\u00ed pred z\u00e1jazdom, aby sa vyhli storno poplatkom. Tieto podmienky s\u00fa navrhnut\u00e9 tak, aby sa prisp\u00f4sobili v\u00e4\u010d\u0161\u00edm skupin\u00e1m a u\u013eah\u010dili pl\u00e1novanie cesty pre v\u0161etk\u00fdch z\u00fa\u010dastnen\u00fdch.<\/li>\n<li>\ud83d\udca1 <strong>Jednoduch\u00fd proces zru\u0161enia:<\/strong> Postup je jednoduch\u00fd bez oh\u013eadu na to, \u010di ru\u0161\u00edte rezerv\u00e1ciu individu\u00e1lne alebo ako skupina. Kontaktujte n\u00e1s prostredn\u00edctvom na\u0161ej webovej str\u00e1nky, e-mailu alebo telefonicky. Vr\u00e1tenie pe\u0148az\u00ed vybav\u00edme okam\u017eite a zaist\u00edme v\u00e1m bezprobl\u00e9mov\u00fd z\u00e1\u017eitok.<\/li>\n<li>\ud83d\udd0d <strong>Skontrolujte svoju rezerv\u00e1ciu:<\/strong> Odpor\u00fa\u010dame v\u00e1m, aby ste si vopred skontrolovali podrobnosti rezerv\u00e1cie. Tento akt\u00edvny krok zabezpe\u010d\u00ed, \u017ee ak\u00e9ko\u013evek zmeny alebo zru\u0161enie rezerv\u00e1cie bude mo\u017en\u00e9 vykona\u0165 v po\u017eadovanom \u010dasovom r\u00e1mci, \u010d\u00edm sa vyhnete zbyto\u010dn\u00fdm poplatkom.<\/li>\n<\/ul>\n<h4><strong>Asistencia a zodpovednos\u0165 na turn\u00e9:<\/strong><\/h4>\n<ul>\n<li>\u2714\ufe0f CanaryVIP sa sna\u017e\u00ed pon\u00faknu\u0165 nezabudnute\u013en\u00fd a bezprobl\u00e9mov\u00fd z\u00e1\u017eitok zo z\u00e1jazdu, od rezerv\u00e1cie a\u017e po prehliadku.<\/li>\n<li>\ud83d\udde3\ufe0f <strong>Priama komunik\u00e1cia:<\/strong> Ak\u00e9ko\u013evek ot\u00e1zky alebo potreby po\u010das prehliadky? Na\u0161i sprievodcovia s\u00fa v\u00e1m k dispoz\u00edcii na ka\u017edom kroku.<\/li>\n<li>\ud83d\udcb0 <strong>Jasn\u00e9 z\u00e1sady vr\u00e1tenia pe\u0148az\u00ed:<\/strong> Ak sa vyskytn\u00fa nejak\u00e9 probl\u00e9my, zav\u00e4zujeme sa ich vyrie\u0161i\u0165 v s\u00falade s na\u0161imi z\u00e1sadami, ktor\u00e9 s\u00fa zameran\u00e9 predov\u0161etk\u00fdm na z\u00e1kazn\u00edka.<\/li>\n<\/ul>\n<h4><strong>\ud83c\udfd9\ufe0f \ud83c\udf7d\ufe0f \ud83c\udfdb\ufe0f Rezervujte si svoje seversk\u00e9 dobrodru\u017estvo teraz!<\/strong><\/h4>\n<p>Nenechajte si ujs\u0165 t\u00fato jedine\u010dn\u00fa pr\u00edle\u017eitos\u0165 spozna\u0165 severn\u00e9 klenoty Tenerife. Rezervujte si miesto na Tenerife North <a href=\"https:\/\/canaryvip.com\/sk\/tenerife\/guided-tours\/bus-tours\/?swcfpc=1\">Autobusov\u00e1 prehliadka so sprievodcom<\/a> CanaryVIP a pripravte sa na nezabudnute\u013en\u00e9 spozn\u00e1vanie kult\u00fary, hist\u00f3rie a pr\u00edrodn\u00fdch kr\u00e1s. Va\u0161e dobrodru\u017estvo v Santa Cruz, Taganane a La Laguna u\u017e \u010dak\u00e1!<\/p>","protected":false},"excerpt":{"rendered":"<p><strong>\ud83d\udd0d Tenerife North Tour:<\/strong><br \/>\n\u2705 Bezpe\u010dn\u00e1 platba.<br \/>\n\ud83d\ude80 U\u017eite si prehliadku so sprievodcom.<br \/>\n\ud83c\udfe2 Objavte Santa Cruz.<br \/>\n\ud83c\udf33 Objavte park Anaga v Taganane.<br \/>\n\ud83c\udff0 Objavte La Lagunu.<br \/>\n\ud83d\udcc5 Pondelky a \u0161tvrtky.<br \/>\n\ud83d\udd59 8h Dobrodru\u017estvo.<br \/>\n\u23f0 Za\u010d\u00edna okolo 8:00.<br \/>\n\ud83e\udd11 Garancia najlep\u0161ej ceny.<br \/>\n\ud83d\ude8d vyzdvihnutie a odovzdanie v hoteli.<br \/>\n\ud83d\udc6a Z\u013eavy pre skupinov\u00e9 rezerv\u00e1cie.<br \/>\n\ud83d\udd01 Bezplatn\u00e9 zru\u0161enie rezerv\u00e1cie do 24 hod\u00edn.<br \/>\n\ud83c\udf0d Sprievodca vo va\u0161om jazyku.<br \/>\n\ud83c\udf1f Rezervujte teraz a u\u0161etrite!<\/p>","protected":false},"featured_media":9439,"comment_status":"open","ping_status":"closed","template":"","meta":{"_acf_changed":false},"product_brand":[],"product_cat":[68,52],"product_tag":[],"class_list":{"0":"post-9435","1":"product","2":"type-product","3":"status-publish","4":"has-post-thumbnail","6":"product_cat-guided-tours","7":"product_cat-bus-tours","8":"wcpa_has_options","10":"first","11":"instock","12":"virtual","13":"purchasable","14":"product-type-simple"},"acf":[],"wcpa_form_fields":{"wcpaData":{"product":{"product_price":46,"price_html":"From&nbsp;<span class=\"woocommerce-Price-amount amount\"><bdi>46,00&nbsp;<span class=\"woocommerce-Price-currencySymbol\">&euro;<\/span><\/bdi><\/span>","original_product_price":46,"price_including_tax":46,"price_excluding_tax":46,"product_id":{"parent":9435,"variation":false},"is_variable":false,"stock_status":"instock","stock_quantity":null,"parent_sku":"CV9435","product_attributes":[],"custom_fields":[],"is_taxable":false,"product_name":"North Tenerife Guided Bus Tour","hasImage":false},"fields":{"sec_hf2n2q14254":{"extra":{"key":"sec_hf2n2q14254","section_id":"sec_hf2n2q14254","name":"\ud83d\ude8c Pick-up Location","status":1,"cl_rule":"show","enableCl":false,"relations":[],"toggle":true,"title_tag":"h4","show_title":false,"showPrice":"default","form_id":10215,"form_rules":{"exclude_from_discount":true,"fee_label":"Fee","disp_hide_options_price":true,"disp_show_section_price":false,"disp_show_field_price":true,"layout_option":"standard","pric_use_as_fee":false,"process_fee_as":"woo_fee"},"layout_option":"standard"},"fields":[[{"active":true,"col":6,"relations":false,"cl_rule":"show","enableCl":false,"price":"","enablePrice":false,"className":"","label_position":"default","desc_position":"default","type":"radio-group","required":false,"elementId":"radio_9884051252","label":"\ud83d\ude8c Pick-up Location","name":"radio_9884051252","values":[{"label":"Pickup from South Tenerife (48\u20ac)","value":"Pickup from South Tenerife","selected":false,"tempId":"aco_343","description":"Available Mondays and Thursdays.","gt_translate_keys":["label","description"]},{"label":"Pickup from Puerto de la Cruz (48\u20ac)","value":"Pickup from North Tenerife","selected":false,"tempId":"aco_344","description":"Available Daily.","gt_translate_keys":["label","description"]}],"layOut":"","error":false,"checkUi":"toggle","description":"\u00bfAre you staying in South Tenerife or Puerto de la Cruz?","options_description":true,"isWeightTemplate":false,"isTemplate":false,"min_quantity":"1","quantity_decimal":false,"quantity_step":"1","quantity_label":"Quantity","repeater_field_label":"{field_label}","repeater_bind":"","gt_translate_keys":["label","description","repeater_field_label","quantity_label"],"price_dependency":false,"cl_dependency":[false,false],"value":""}]]},"sec_265e4c5e6ca654":{"extra":{"key":"sec_265e4c5e6ca654","section_id":"sec_265e4c5e6ca654","name":"South Tenerife","status":1,"cl_rule":"show","enableCl":true,"relations":[{"operator":false,"rules":[{"operator":"AND","rules":{"cl_field":"radio_9884051252","cl_relation":"is","cl_val":"Pickup from South Tenerife"}}]}],"toggle":true,"title_tag":"h4","show_title":false,"showPrice":"default","form_id":10215,"form_rules":{"exclude_from_discount":true,"fee_label":"Fee","disp_hide_options_price":true,"disp_show_section_price":false,"disp_show_field_price":true,"layout_option":"standard","pric_use_as_fee":false,"process_fee_as":"woo_fee"},"layout_option":"standard"},"fields":[[{"label":"\ud83d\udcc5 Date","active":true,"required":true,"elementId":"date_065e4c5e6ca673","picker_type":"custom","picker_mode":"single","placeholder":"","description":"","tooltip":"","name":"date_065e4c5e6ca673","label_position":"default","desc_position":"default","enablePrice":false,"className":"","enableCl":false,"relations":[{"operator":"and","rules":[{"operator":"AND","rules":{"cl_field":"radio-group_665df45fcbc30b","cl_relation":"is","cl_val":"3 Hour Trip"}}]}],"date_pic_inline":true,"date_pic_inline_hide":true,"min_date":{"type":"days","val":"1"},"max_date":{"type":"days","val":"365"},"date_pic_conf":{"disabledWeeks":[0,2,3,5,6]},"price":"","cl_rule":"show","col":6,"type":"date","error":false,"enableDesign":false,"LabelColor":"","isWeightTemplate":false,"isTemplate":false,"min_quantity":"1","quantity_decimal":false,"quantity_step":"1","quantity_label":"Quantity","repeater_field_label":"{field_label}","repeater_bind":"","gt_translate_keys":["label","placeholder","description","tooltip","repeater_field_label","quantity_label"],"price_dependency":false,"cl_dependency":false,"value":""}],[{"elementId":"separator_965e4c5e6ca683","separatorType":"blank","className":"","height":"10","enableCl":false,"relations":false,"cl_rule":"show","col":6,"type":"separator","gt_translate_keys":[],"price_dependency":false,"cl_dependency":false,"value":""}],[{"active":true,"col":6,"relations":false,"cl_rule":"show","enableCl":false,"price":"","enablePrice":false,"className":"","label_position":"default","desc_position":"default","type":"content","required":false,"elementId":"content_165e4c5e6ca690","label":"People","name":"content_165e4c5e6ca690","contentType":"plain","value":"","error":false,"show_in_checkout":true,"inline":false,"gt_translate_keys":["label","value"],"price_dependency":false,"cl_dependency":false}],[{"active":true,"col":6,"relations":[{"operator":false,"rules":[{"operator":"AND","rules":{"cl_field":"","cl_relation":"","cl_val":""}}]}],"cl_rule":"show","enableCl":true,"price":"48","enablePrice":true,"className":"","label_position":"default","desc_position":"default","type":"radio-group","required":false,"elementId":"radio-group_265e4c5e6ca69d","label":"","name":"radio-group_265e4c5e6ca69d","values":[{"label":"\ud83d\udc64 Adult (48\u20ac)","value":"Adult (48\u20ac)","selected":true,"tempId":"aco_32","tooltip":"+12 Years","description":"","gt_translate_keys":["label","tooltip","description"]}],"layOut":"","error":false,"checkUi":"button","priceOptions":"fixed_for_all","pricingType":"fixed","enable_quantity":true,"quantity_label":"","min_quantity":"0","options_tooltip":true,"options_description":true,"gt_translate_keys":["label","quantity_label"],"price_dependency":false,"cl_dependency":false,"value":""}],[{"label":"","active":true,"required":false,"elementId":"radio-group_965e4c5e6ca6a9","name":"radio-group_965e4c5e6ca6a9","label_position":"default","desc_position":"default","enablePrice":true,"className":"","enableCl":false,"relations":false,"enable_quantity":true,"quantity_label":"","min_quantity":"0","checkUi":"button","layOut":"","values":[{"label":"\ud83d\udc66 Child (30\u20ac)","value":"Child (30\u20ac)","selected":true,"tempId":"aco_32","tooltip":"2-11 Years","description":"","gt_translate_keys":["label","tooltip","description"]}],"priceOptions":"fixed_for_all","pricingType":"fixed","price":"30","cl_rule":"show","col":6,"type":"radio-group","error":false,"options_tooltip":true,"options_description":true,"gt_translate_keys":["label","quantity_label"],"price_dependency":false,"cl_dependency":false,"value":""}],[{"active":true,"col":6,"relations":false,"cl_rule":"show","enableCl":false,"price":"","enablePrice":false,"className":"","label_position":"default","desc_position":"default","type":"select","required":false,"elementId":"select_165e4c5e6ca6b3","label":"\ud83c\udf0e Language","name":"select_165e4c5e6ca6b3","values":[{"label":"English (Mon, Thu)","value":"English","selected":false,"tempId":"aco_596","gt_translate_keys":["label"]},{"label":"Spanish (Mon, Thu)","value":"Spanish","selected":false,"tempId":"aco_597","gt_translate_keys":["label"]},{"label":"German (Thu)","value":"German","selected":false,"tempId":"aco_598","gt_translate_keys":["label"]},{"label":"French (Mon)","value":"French","selected":false,"tempId":"aco_145","gt_translate_keys":["label"]}],"dropdown_type":"basic","error":false,"gt_translate_keys":["label"],"price_dependency":false,"cl_dependency":false,"value":""}],[{"active":true,"col":6,"relations":false,"cl_rule":"show","enableCl":false,"price":"","enablePrice":false,"className":"","label_position":"default","desc_position":"default","type":"separator","required":false,"elementId":"separator_1065e4c5e6ca6be","label":"Separator Field","height":"7","separatorType":"blank","error":false,"gt_translate_keys":["label"],"price_dependency":false,"cl_dependency":false,"value":""}],[{"active":true,"col":6,"relations":false,"cl_rule":"show","enableCl":false,"price":"","enablePrice":false,"className":"","label_position":"default","desc_position":"default","type":"text","subtype":"text","required":false,"elementId":"text_465e4c5e6ca6c8","label":"\ud83d\ude8c Pickup Location","name":"text_465e4c5e6ca6c8","value":"","description":"Pick-up service in South Tenerife. Simply provide your address or hotel name.","error":false,"gt_translate_keys":["label","description","value"],"price_dependency":false,"cl_dependency":false}]]},"sec_hf2o0212l0":{"extra":{"key":"sec_hf2o0212l0","section_id":"sec_hf2o0212l0","name":"North Tenerife","status":1,"cl_rule":"show","enableCl":true,"relations":[{"operator":false,"rules":[{"operator":"AND","rules":{"cl_field":"radio_9884051252","cl_relation":"is","cl_val":"Pickup from North Tenerife"}}]}],"toggle":true,"title_tag":"h4","show_title":false,"showPrice":"default","form_id":10215,"form_rules":{"exclude_from_discount":true,"fee_label":"Fee","disp_hide_options_price":true,"disp_show_section_price":false,"disp_show_field_price":true,"layout_option":"standard","pric_use_as_fee":false,"process_fee_as":"woo_fee"},"layout_option":"standard"},"fields":[[{"label":"\ud83d\udcc5 Date","active":true,"required":true,"elementId":"date-0739311162","picker_type":"custom","picker_mode":"single","placeholder":"","description":"","tooltip":"","name":"date-0739311162","label_position":"default","desc_position":"default","enablePrice":false,"className":"","enableCl":false,"relations":[{"operator":"and","rules":[{"operator":"AND","rules":{"cl_field":"radio-group_665df45fcbc30b","cl_relation":"is","cl_val":"3 Hour Trip"}}]}],"enableDesign":false,"LabelColor":"","date_pic_inline":true,"date_pic_inline_hide":true,"min_date":{"type":"days","val":"2"},"max_date":{"type":"days","val":"365"},"date_pic_conf":{"disabledWeeks":[]},"price":"","cl_rule":"show","col":6,"type":"date","error":false,"gt_translate_keys":["label","placeholder","description","tooltip"],"price_dependency":false,"cl_dependency":false,"value":""}],[{"elementId":"separator-0739321163","separatorType":"blank","className":"","height":"10","enableCl":false,"relations":false,"cl_rule":"show","col":6,"type":"separator","gt_translate_keys":[],"price_dependency":false,"cl_dependency":false,"value":""}],[{"contentType":"plain","active":true,"label":"People","elementId":"content-0739321164","value":"","inline":false,"show_in_checkout":true,"name":"content-0739321164","enablePrice":false,"className":"","enableCl":false,"relations":false,"price":"","cl_rule":"show","col":6,"type":"content","gt_translate_keys":["label","value"],"price_dependency":false,"cl_dependency":false}],[{"label":"","active":true,"required":false,"elementId":"radio-group-0739321165","name":"radio-group-0739321165","label_position":"default","desc_position":"default","enablePrice":true,"className":"","enableCl":true,"relations":[{"operator":false,"rules":[{"operator":"AND","rules":{"cl_field":"","cl_relation":"","cl_val":""}}]}],"enable_quantity":true,"quantity_label":"","min_quantity":"0","checkUi":"button","layOut":"","options_tooltip":true,"options_description":true,"values":[{"label":"\ud83d\udc64 Adult (48\u20ac)","value":"Adult (48\u20ac)","selected":true,"tempId":"aco_32","tooltip":"+12 Years","description":"","gt_translate_keys":["label","tooltip","description"]}],"priceOptions":"fixed_for_all","pricingType":"fixed","price":"48","cl_rule":"show","col":6,"type":"radio-group","gt_translate_keys":["label","quantity_label"],"price_dependency":false,"cl_dependency":false,"value":""}],[{"label":"","active":true,"required":false,"elementId":"radio-group-0739331166","name":"radio-group-0739331166","label_position":"default","desc_position":"default","enablePrice":true,"className":"","enableCl":false,"relations":false,"enable_quantity":true,"quantity_label":"","min_quantity":"0","checkUi":"button","layOut":"","options_tooltip":true,"options_description":true,"values":[{"label":"\ud83d\udc66 Child (24,50\u20ac)","value":"Child","selected":true,"tempId":"aco_32","tooltip":"2-11 Years","description":"","gt_translate_keys":["label","tooltip","description"]}],"priceOptions":"fixed_for_all","pricingType":"fixed","price":"24,50","cl_rule":"show","col":6,"type":"radio-group","error":false,"gt_translate_keys":["label","quantity_label"],"price_dependency":false,"cl_dependency":false,"value":""}],[{"label":"\ud83c\udf0e Language","active":true,"required":false,"elementId":"select-0739351167","dropdown_type":"basic","name":"select-0739351167","label_position":"default","desc_position":"default","enablePrice":false,"className":"","enableCl":false,"relations":false,"values":[{"label":"English","value":"English","selected":false,"tempId":"aco_596","gt_translate_keys":["label"]},{"label":"Spanish","value":"Spanish","selected":false,"tempId":"aco_597","gt_translate_keys":["label"]},{"label":"German","value":"German","selected":false,"tempId":"aco_598","gt_translate_keys":["label"]},{"label":"French","value":"French","selected":false,"tempId":"aco_145","gt_translate_keys":["label"]}],"price":"","cl_rule":"show","col":6,"type":"select","error":false,"gt_translate_keys":["label"],"price_dependency":false,"cl_dependency":false,"value":""}],[{"elementId":"separator-0739351168","separatorType":"blank","className":"","height":"7","enableCl":false,"relations":false,"cl_rule":"show","col":6,"type":"separator","gt_translate_keys":[],"price_dependency":false,"cl_dependency":false,"value":""}],[{"label":"\ud83d\ude8c Pickup Location","active":true,"required":false,"elementId":"text-0739351169","value":"","description":"Pick-up service in North Tenerife. Simply provide your address or hotel name.","name":"text-0739351169","label_position":"default","desc_position":"default","enablePrice":false,"className":"","enableCl":false,"relations":false,"subtype":"text","price":"","cl_rule":"show","col":6,"type":"text","error":false,"gt_translate_keys":["label","description","value"],"price_dependency":false,"cl_dependency":false}]]}},"config":{"price_override":"always","enable_recaptcha":false,"bind_quantity":false,"quantity_bind_formula":false,"disp_summ_show_option_price":true,"disp_summ_show_product_price":false,"disp_summ_show_total_price":true,"disp_summ_show_fee":true,"disp_summ_show_discount":true,"summary_title":"","options_total_label":"Options Price","total_label":"Total Amount","options_product_label":"Product Price","fee_label":"Fee","discount_label":"Discount","has_price":true,"has_quantity_formula":false},"mc_unit":1,"tax_rate":1,"tax_rate_real":1,"discount":{"percentage":0,"fixed":0},"design":{"conf":{"LabelPosition":"above","DescPosition":"above","UploadField":"custom_1","QuantityFieldStyle":"custom_1"},"css":{"LeftLabelWidth":"120px"}},"formulas":[],"lookuptables":[],"clones":false,"cartKey":false}},"_links":{"self":[{"href":"https:\/\/canaryvip.com\/sk\/wp-json\/wp\/v2\/product\/9435","targetHints":{"allow":["GET"]}}],"collection":[{"href":"https:\/\/canaryvip.com\/sk\/wp-json\/wp\/v2\/product"}],"about":[{"href":"https:\/\/canaryvip.com\/sk\/wp-json\/wp\/v2\/types\/product"}],"replies":[{"embeddable":true,"href":"https:\/\/canaryvip.com\/sk\/wp-json\/wp\/v2\/comments?post=9435"}],"wp:featuredmedia":[{"embeddable":true,"href":"https:\/\/canaryvip.com\/sk\/wp-json\/wp\/v2\/media\/9439"}],"wp:attachment":[{"href":"https:\/\/canaryvip.com\/sk\/wp-json\/wp\/v2\/media?parent=9435"}],"wp:term":[{"taxonomy":"product_brand","embeddable":true,"href":"https:\/\/canaryvip.com\/sk\/wp-json\/wp\/v2\/product_brand?post=9435"},{"taxonomy":"product_cat","embeddable":true,"href":"https:\/\/canaryvip.com\/sk\/wp-json\/wp\/v2\/product_cat?post=9435"},{"taxonomy":"product_tag","embeddable":true,"href":"https:\/\/canaryvip.com\/sk\/wp-json\/wp\/v2\/product_tag?post=9435"}],"curies":[{"name":"wp","href":"https:\/\/api.w.org\/{rel}","templated":true}]}}