{"id":9428,"date":"2024-02-05T13:40:56","date_gmt":"2024-02-05T13:40:56","guid":{"rendered":"https:\/\/canaryvip.com\/?post_type=product&#038;p=9428"},"modified":"2025-08-09T13:01:57","modified_gmt":"2025-08-09T12:01:57","slug":"gran-canaria-experience-with-poema-del-mar","status":"publish","type":"product","link":"https:\/\/canaryvip.com\/sk\/shop\/gran-canaria-experience-with-poema-del-mar\/","title":{"rendered":"Prehliadka Gran Canarie so sprievodcom Poema del Mar z Tenerife"},"content":{"rendered":"<h2>\ud83d\udc20 <strong>Gran Canaria Experience: Celodenn\u00fd v\u00fdlet za poznan\u00edm<\/strong><\/h2>\n<ul>\n<li><strong>\ud83c\udfe8 vyzdvihnutie a odovzdanie v hoteli:<\/strong> Za\u010dnite a ukon\u010dite svoj de\u0148 pohodlne. Na\u0161a slu\u017eba zah\u0155\u0148a dopravu z hotela na trajekt a sp\u00e4\u0165.<\/li>\n<li><strong>\ud83d\udea2 Cesta trajektom:<\/strong> Cestujte pohodlne so spolo\u010dnos\u0165ou Fred Olsen zo Santa Cruz de Tenerife do <a href=\"https:\/\/www.google.com\/maps\/place\/Fred.+Olsen\/@28.0998592,-15.708991,15.51z\/data=!4m15!1m8!3m7!1s0xc408b65894cde91:0x2a021e37bef00582!2sAgaete,+Las+Palmas!3b1!8m2!3d28.1002592!4d-15.6996738!16zL20vMDNtczVu!3m5!1s0xc4095471a4e3083:0x7763d59b2d7b3eaf!8m2!3d28.0994937!4d-15.7121943!16s%2Fg%2F1q5bmfyx3?entry=ttu\" target=\"_blank\" rel=\"noopener\">Agaete<\/a>, spozn\u00e1vanie kr\u00e1s mora.<\/li>\n<li><strong>\ud83c\udf79 Arehucas Distillery Discovery:<\/strong> Odha\u013ete tajomstv\u00e1 v\u00fdroby znamenit\u00e9ho rumu, nav\u0161t\u00edvte jednu z najstar\u0161\u00edch rumov\u00fdch pivn\u00edc v Eur\u00f3pe a vychutnajte si \u00fa\u017easn\u00fa degust\u00e1ciu.<\/li>\n<li><strong>\ud83d\udc20 Ponorte sa do Poema del Mar:<\/strong> Presk\u00famajte rozsiahly morsk\u00fd \u017eivot v najmodernej\u0161om akv\u00e1riu s najv\u00e4\u010d\u0161\u00edm zakriven\u00fdm pozorovac\u00edm panelom na svete, ktor\u00e9 sa nach\u00e1dza v pulzuj\u00facom Las Palmas.<\/li>\n<\/ul>\n<p>\ud83d\udccd <strong>Miesta, ktor\u00e9 mus\u00edte nav\u0161t\u00edvi\u0165:<\/strong> Vydajte sa na cestu od bohat\u00e9ho dedi\u010dstva Arehucas a\u017e po vodn\u00e9 z\u00e1zraky Poema del Mar, z ktor\u00fdch ka\u017ed\u00fd pon\u00faka jedine\u010dn\u00fd poh\u013ead na kult\u00faru a pr\u00edrodn\u00e9 kr\u00e1sy Gran Canarie.<\/p>\n<p>\ud83c\udf92 <strong>Z\u00e1klady dobrodru\u017estva:<\/strong> Vezmite si zmysel pre \u00fa\u017eas, pohodln\u00fa obuv na prech\u00e1dzky a nezabudnite na fotoapar\u00e1t, aby ste mohli zachyti\u0165 nezabudnute\u013en\u00e9 okamihy tohto d\u0148a.<\/p>\n<p>\ud83d\udca1 <strong>Kult\u00farne poznatky:<\/strong> Z\u00edskajte fascinuj\u00face poznatky o umen\u00ed v\u00fdroby rumu a obdivujte biodiverzitu v modern\u00fdch expoz\u00edci\u00e1ch Poema del Mar.<\/p>\n<p>\ud83c\udfab <strong>All-Inclusive dobrodru\u017estvo:<\/strong> Tento celodenn\u00fd v\u00fdlet zah\u0155\u0148a vyzdvihnutie v hoteli a odvoz z hotela, cestu trajektom Fred Olsen, vstup do Poema del Mar a pe\u0161iu prehliadku mesta so sprievodcom. <a href=\"https:\/\/www.google.com\/maps\/place\/Vegueta,+35001+Las+Palmas+de+Gran+Canaria,+Las+Palmas\/@28.0980197,-15.4181459,17z\/data=!3m1!4b1!4m6!3m5!1s0xc40958cfffd3b6f:0x14a4665fe84d3b40!8m2!3d28.0980197!4d-15.415571!16s%2Fg%2F11bzq2sgf3?entry=ttu\" target=\"_blank\" rel=\"noopener\">Historick\u00e1 \u0161tvr\u0165 Vegueta<\/a>. <span style=\"text-decoration: underline;\">Upozor\u0148ujeme, \u017ee strava nie je zahrnut\u00e1 v cene, tak\u017ee sa m\u00f4\u017eete stravova\u0165 pod\u013ea vlastn\u00e9ho uv\u00e1\u017eenia.<\/span><\/p>\n<p>\ud83d\udeb6\u200d\u2642\ufe0f<strong>Historick\u00e1 Vegueta pe\u0161o:<\/strong> De\u0148 zakon\u010dite prech\u00e1dzkou po o\u010daruj\u00facich uli\u010dk\u00e1ch Veguety so sprievodcom, aby ste sa ponorili do bohatej hist\u00f3rie a \u00fa\u017easnej architekt\u00fary star\u00e9ho mesta Gran Canaria.<\/p>\n<p>\ud83d\udd57 <strong>\u010cas za\u010diatku a konca:<\/strong> Celodenn\u00e9 dobrodru\u017estvo sa za\u010d\u00edna vyzdvihnut\u00edm z v\u00e1\u0161ho hotela okolo 8:00 - plus-m\u00ednus p\u00e1r min\u00fat v z\u00e1vislosti od konkr\u00e9tneho hotela alebo miesta vyzdvihnutia. De\u0148 sa kon\u010d\u00ed vysaden\u00edm okolo 20:30, op\u00e4\u0165 s miernymi odch\u00fdlkami v z\u00e1vislosti od v\u00e1\u0161ho hotela. Zabezpe\u010d\u00edme v\u00e1m celodenn\u00fd prieskum a z\u00e1bavu, pri\u010dom sa postar\u00e1me o v\u0161etky detaily, aby ste sa mohli bez ob\u00e1v ponori\u0165 do z\u00e1\u017eitkov.<\/p>\n<p>\ud83c\udf1f <strong>Exkluz\u00edvne v\u00fdhody CanaryVIP:<\/strong> Vychutnajte si de\u0148 pln\u00fd objavov za v\u00fdhodn\u00fa cenu so v\u0161etk\u00fdmi z\u00e1kladn\u00fdmi z\u00e1\u017eitkami v cene. Spo\u013eahnite sa na n\u00e1s, \u017ee v\u00e1m poskytneme bezprobl\u00e9mov\u00fd z\u00e1\u017eitok a pozorn\u00fa podporu od za\u010diatku a\u017e do konca<\/p>\n<p><strong>\ud83d\udd17 Si pripraven\u00fd na dobrodru\u017estvo?<\/strong> Nenechajte si ujs\u0165 t\u00fato komplexn\u00fa <a href=\"https:\/\/canaryvip.com\/sk\/tenerife\/guided-tours\/bus-tours\/?swcfpc=1\">prehliadka autobusom so sprievodcom<\/a> Gran Canaria, od historick\u00fdch hlb\u00edn liehovaru Arehucas a\u017e po pr\u00edrodn\u00fa n\u00e1dheru Poema del Mar. Zabezpe\u010dte si miesto u\u017e teraz a u\u017eite si de\u0148 pln\u00fd objavovania a o\u010darenia!<\/p>","protected":false},"excerpt":{"rendered":"<p><strong>\ud83d\udd0d Gran Canaria Experience:<\/strong><br \/>\n\u2705 Bezpe\u010dn\u00e1 platba.<br \/>\n\ud83d\udcc5 Ka\u017ed\u00fd piatok.<br \/>\n\ud83d\udef3\ufe0f Odlet z Tenerife.<br \/>\n\ud83d\ude80 U\u017eite si prehliadku so sprievodcom.<br \/>\n\ud83d\udc20 Objavte Poema del Mar.<br \/>\n\ud83e\udd43 Za\u017eite liehovar Arehucas.<br \/>\n\ud83c\udff0 Presk\u00famajte historick\u00e9 mesto Vegueta.<br \/>\n\ud83d\udd59 12h celodenn\u00e9 dobrodru\u017estvo.<br \/>\n\ud83e\udd11 Garancia najlep\u0161ej ceny.<br \/>\n\ud83d\ude8c Vyzdvihnutie a odovzdanie v hoteli.<br \/>\n\ud83d\udc6a Z\u013eavy pre skupinov\u00e9 rezerv\u00e1cie.<br \/>\n\ud83d\udd01 Bezplatn\u00e9 zru\u0161enie rezerv\u00e1cie do 72 hod\u00edn.<br \/>\n\ud83c\udf0d Podpora viacer\u00fdch jazykov.<br \/>\n\ud83c\udf1f Rezervujte teraz a u\u0161etrite!<br \/>\n\ud83d\udccd N\u00e1js\u0165 <a href=\"https:\/\/maps.app.goo.gl\/FMkYHCdfK35bQLag9\">Poema del Mar v map\u00e1ch<\/a>!<\/p>","protected":false},"featured_media":9433,"comment_status":"open","ping_status":"closed","template":"","meta":{"_acf_changed":false},"product_brand":[],"product_cat":[52,68],"product_tag":[],"class_list":{"0":"post-9428","1":"product","2":"type-product","3":"status-publish","4":"has-post-thumbnail","6":"product_cat-bus-tours","7":"product_cat-guided-tours","8":"wcpa_has_options","10":"first","11":"instock","12":"virtual","13":"purchasable","14":"product-type-simple"},"acf":[],"wcpa_form_fields":{"wcpaData":{"product":{"product_price":125,"price_html":"From&nbsp;<span class=\"woocommerce-Price-amount amount\"><bdi>125,00&nbsp;<span class=\"woocommerce-Price-currencySymbol\">&euro;<\/span><\/bdi><\/span>","original_product_price":125,"price_including_tax":125,"price_excluding_tax":125,"product_id":{"parent":9428,"variation":false},"is_variable":false,"stock_status":"instock","stock_quantity":null,"parent_sku":"CV9428","product_attributes":[],"custom_fields":[],"is_taxable":false,"product_name":"Gran Canaria Guided Tour with Poema del Mar from Tenerife","hasImage":false},"fields":{"sec_465e4c52d01ea2":{"extra":{"key":"sec_465e4c52d01ea2","section_id":"sec_465e4c52d01ea2","name":"Tickets","status":1,"cl_rule":"show","enableCl":false,"relations":[{"operator":false,"rules":[{"operator":"AND","rules":{"cl_field":"radio-group_665df45fcbc30b","cl_relation":"is","cl_val":"Siam Park Regular Tickets"}}]}],"toggle":true,"title_tag":"h4","show_title":false,"showPrice":"default","form_id":10213,"form_rules":{"exclude_from_discount":true,"fee_label":"Fee","disp_hide_options_price":true,"disp_show_section_price":false,"disp_show_field_price":true,"layout_option":"standard","pric_use_as_fee":false,"process_fee_as":"woo_fee"},"layout_option":"standard"},"fields":[[{"label":"\ud83d\udcc5 Date","active":true,"required":true,"elementId":"date_865e4c52d01ec0","picker_type":"custom","picker_mode":"single","placeholder":"","description":"","tooltip":"","name":"date_865e4c52d01ec0","label_position":"default","desc_position":"default","enablePrice":false,"className":"","enableCl":false,"relations":[{"operator":"and","rules":[{"operator":"AND","rules":{"cl_field":"radio-group_665df45fcbc30b","cl_relation":"is","cl_val":"3 Hour Trip"}}]}],"date_pic_inline":true,"date_pic_inline_hide":true,"min_date":{"type":"days","val":"2"},"max_date":{"type":"days","val":"365"},"date_pic_conf":{"disabledWeeks":[0,1,2,3,4,6]},"price":"","cl_rule":"show","col":6,"type":"date","error":false,"enableDesign":false,"LabelColor":"","gt_translate_keys":["label","placeholder","description","tooltip"],"price_dependency":false,"cl_dependency":false,"value":""}],[{"elementId":"separator_665e4c52d01ece","separatorType":"blank","className":"","height":"10","enableCl":false,"relations":false,"cl_rule":"show","col":6,"type":"separator","gt_translate_keys":[],"price_dependency":false,"cl_dependency":false,"value":""}],[{"active":true,"col":6,"relations":false,"cl_rule":"show","enableCl":false,"price":"","enablePrice":false,"className":"","label_position":"default","desc_position":"default","type":"content","required":false,"elementId":"content_765e4c52d01eda","label":"People","name":"content_765e4c52d01eda","contentType":"plain","value":"","error":false,"show_in_checkout":true,"inline":false,"gt_translate_keys":["label","value"],"price_dependency":false,"cl_dependency":false}],[{"active":true,"col":6,"relations":[{"operator":false,"rules":[{"operator":"AND","rules":{"cl_field":"","cl_relation":"","cl_val":""}}]}],"cl_rule":"show","enableCl":true,"price":"130","enablePrice":true,"className":"","label_position":"default","desc_position":"default","type":"radio-group","required":false,"elementId":"radio-group_065e4c52d01ee6","label":"","name":"radio-group_065e4c52d01ee6","values":[{"label":"\ud83d\udc64 Adult (130\u20ac)","value":"Adult","selected":true,"tempId":"aco_32","tooltip":"+12 Years","description":"","gt_translate_keys":["label","tooltip","description"]}],"layOut":"","error":false,"checkUi":"button","priceOptions":"fixed_for_all","pricingType":"fixed","enable_quantity":true,"quantity_label":"","min_quantity":"0","options_tooltip":true,"options_description":true,"gt_translate_keys":["label","quantity_label"],"price_dependency":false,"cl_dependency":false,"value":""}],[{"label":"","active":true,"required":false,"elementId":"radio-group_665e4c52d01ef1","name":"radio-group_665e4c52d01ef1","label_position":"default","desc_position":"default","enablePrice":true,"className":"","enableCl":false,"relations":false,"enable_quantity":true,"quantity_label":"","min_quantity":"0","checkUi":"button","layOut":"","values":[{"label":"\ud83d\udc66 Child (30\u20ac)","value":"Child","selected":true,"tempId":"aco_32","tooltip":"3-11 Years","description":"","gt_translate_keys":["label","tooltip","description"]}],"priceOptions":"fixed_for_all","pricingType":"fixed","price":"30","cl_rule":"show","col":6,"type":"radio-group","error":false,"options_tooltip":true,"options_description":true,"gt_translate_keys":["label","quantity_label"],"price_dependency":false,"cl_dependency":false,"value":""}],[{"label":"","active":true,"required":false,"elementId":"radio-group_1065e4c52d01efb","name":"radio-group_1065e4c52d01efb","label_position":"default","desc_position":"default","enablePrice":true,"className":"","enableCl":false,"relations":false,"enable_quantity":true,"quantity_label":"","min_quantity":"0","checkUi":"button","layOut":"","options_tooltip":true,"options_description":true,"values":[{"label":"\ud83d\udc76 Toddler (20\u20ac)","value":"Toddler","selected":true,"tempId":"aco_32","tooltip":"0-2 Years","description":"","gt_translate_keys":["label","tooltip","description"]}],"priceOptions":"fixed_for_all","pricingType":"fixed","price":"20","cl_rule":"show","col":6,"type":"radio-group","error":false,"gt_translate_keys":["label","quantity_label"],"price_dependency":false,"cl_dependency":false,"value":""}],[{"active":true,"col":6,"relations":false,"cl_rule":"show","enableCl":false,"price":"","enablePrice":false,"className":"","label_position":"default","desc_position":"default","type":"select","required":false,"elementId":"select_565e4c52d01f05","label":"\ud83c\udf0e Language","name":"select_565e4c52d01f05","values":[{"label":"English","value":"English","selected":false,"tempId":"aco_1213","gt_translate_keys":["label"]},{"label":"German","value":"German","selected":false,"tempId":"aco_302","gt_translate_keys":["label"]},{"label":"Spanish","value":"Spanish","selected":false,"tempId":"aco_312","gt_translate_keys":["label"]}],"dropdown_type":"basic","error":false,"gt_translate_keys":["label"],"price_dependency":false,"cl_dependency":false,"value":""}],[{"active":true,"col":6,"relations":false,"cl_rule":"show","enableCl":false,"price":"","enablePrice":false,"className":"","label_position":"default","desc_position":"default","type":"separator","required":false,"elementId":"separator_865e4c52d01f0f","label":"Separator Field","height":"7","separatorType":"blank","error":false,"gt_translate_keys":["label"],"price_dependency":false,"cl_dependency":false,"value":""}],[{"active":true,"col":6,"relations":false,"cl_rule":"show","enableCl":false,"price":"","enablePrice":false,"className":"","label_position":"default","desc_position":"default","type":"text","subtype":"text","required":false,"elementId":"text_865e4c52d01f18","label":"\ud83d\ude8c Pickup Location","name":"text_865e4c52d01f18","value":"","description":"Free pick-up service in North Tenerife and South Tenerife. Simply provide your address or hotel name.","error":false,"gt_translate_keys":["label","description","value"],"price_dependency":false,"cl_dependency":false}]]}},"config":{"price_override":"always","enable_recaptcha":false,"bind_quantity":false,"quantity_bind_formula":false,"disp_summ_show_option_price":true,"disp_summ_show_product_price":false,"disp_summ_show_total_price":true,"disp_summ_show_fee":true,"disp_summ_show_discount":true,"summary_title":"","options_total_label":"Options Price","total_label":"Total Amount","options_product_label":"Product Price","fee_label":"Fee","discount_label":"Discount","has_price":true,"has_quantity_formula":false},"mc_unit":1,"tax_rate":1,"tax_rate_real":1,"discount":{"percentage":0,"fixed":0},"design":{"conf":{"LabelPosition":"above","DescPosition":"above","UploadField":"custom_1","QuantityFieldStyle":"custom_1"},"css":{"LeftLabelWidth":"120px"}},"formulas":[],"lookuptables":[],"clones":false,"cartKey":false}},"_links":{"self":[{"href":"https:\/\/canaryvip.com\/sk\/wp-json\/wp\/v2\/product\/9428","targetHints":{"allow":["GET"]}}],"collection":[{"href":"https:\/\/canaryvip.com\/sk\/wp-json\/wp\/v2\/product"}],"about":[{"href":"https:\/\/canaryvip.com\/sk\/wp-json\/wp\/v2\/types\/product"}],"replies":[{"embeddable":true,"href":"https:\/\/canaryvip.com\/sk\/wp-json\/wp\/v2\/comments?post=9428"}],"wp:featuredmedia":[{"embeddable":true,"href":"https:\/\/canaryvip.com\/sk\/wp-json\/wp\/v2\/media\/9433"}],"wp:attachment":[{"href":"https:\/\/canaryvip.com\/sk\/wp-json\/wp\/v2\/media?parent=9428"}],"wp:term":[{"taxonomy":"product_brand","embeddable":true,"href":"https:\/\/canaryvip.com\/sk\/wp-json\/wp\/v2\/product_brand?post=9428"},{"taxonomy":"product_cat","embeddable":true,"href":"https:\/\/canaryvip.com\/sk\/wp-json\/wp\/v2\/product_cat?post=9428"},{"taxonomy":"product_tag","embeddable":true,"href":"https:\/\/canaryvip.com\/sk\/wp-json\/wp\/v2\/product_tag?post=9428"}],"curies":[{"name":"wp","href":"https:\/\/api.w.org\/{rel}","templated":true}]}}