{"id":8824,"date":"2024-01-15T13:42:01","date_gmt":"2024-01-15T13:42:01","guid":{"rendered":"https:\/\/canaryvip.com\/?post_type=product&#038;p=8824"},"modified":"2025-09-19T12:00:53","modified_gmt":"2025-09-19T11:00:53","slug":"siam-park-vip-villa","status":"publish","type":"product","link":"https:\/\/canaryvip.com\/sk\/shop\/siam-park-vip-villa\/","title":{"rendered":"VIP vila Siam Park"},"content":{"rendered":"<section class=\"l-section wpb_row height_medium\"><div class=\"l-section-h i-cf\"><div class=\"g-cols vc_row via_flex valign_top type_default stacking_default\"><div class=\"vc_col-sm-12 wpb_column vc_column_container\"><div class=\"vc_column-inner\"><div class=\"wpb_wrapper\"><div class=\"wpb_text_column\"><div class=\"wpb_wrapper\"><h2>\ud83c\udf34 <strong>Siam Park VIP vila Sk\u00fasenosti s CanaryVIP<\/strong><\/h2>\n<p>Vitajte na vrchole luxusu v hoteli Siam Park na Tenerife. Ako o\u00e1za pre milovn\u00edkov vody, <strong>Park Siam<\/strong> je zn\u00e1my svojimi vzru\u0161uj\u00facimi jazdami a malebnou krajinou. Od adrenal\u00ednov\u00fdch <strong>Ve\u017ea moci<\/strong> do pokojnej <strong>Rieka Mai Thai,<\/strong>\u00a0vyhovieme ka\u017ed\u00e9mu druhu dobrodruhov. Pozdvihnite svoju n\u00e1v\u0161tevu v\u010faka exkluz\u00edvnej VIP vile, kde sa sn\u00fabi sofistikovanos\u0165 a vzru\u0161enie.<\/p>\n<h3><strong>\ud83c\udf1f Luxusn\u00e9 vybavenie VIP vily<\/strong><\/h3>\n<ul>\n<li><strong>Elegancia in\u0161pirovan\u00e1 thajsk\u00fdm \u0161t\u00fdlom:<\/strong> VIP vila, ktor\u00fa zdob\u00ed thajsk\u00e1 elegancia, pon\u00faka pokojn\u00e9 a luxusn\u00e9 \u00fato\u010disko.<\/li>\n<li><strong>Najvy\u0161\u0161\u00ed komfort:<\/strong> Relaxujte v extravagancii s ply\u0161ov\u00fdmi pohovkami, sprchami na s\u00fakromnej terase a le\u017eadlami.<\/li>\n<li><strong>Uter\u00e1ky a s\u00fakromn\u00e1 sprcha:<\/strong> K dispoz\u00edcii s\u00fa \u010derstv\u00e9 uter\u00e1ky a s\u00fakromn\u00e1 sprcha pre va\u0161e pohodlie.<\/li>\n<li><strong>Ovl\u00e1danie klimatiz\u00e1cie:<\/strong> Najmodernej\u0161ie ventil\u00e1tory na udr\u017eanie pr\u00edjemnej atmosf\u00e9ry.<\/li>\n<li><strong>Bezpe\u010dn\u00e9 ulo\u017eenie cennost\u00ed:<\/strong> Pre bezpe\u010dnos\u0165 va\u0161ich vec\u00ed je k dispoz\u00edcii bezpe\u010dnostn\u00e1 schr\u00e1nka.<\/li>\n<li><strong>S\u00fakromn\u00e1 terasa s le\u017eadlami:<\/strong> Vychutnajte si opa\u013eovanie alebo relax\u00e1ciu v tieni na exkluz\u00edvnej terase.<\/li>\n<li><strong>Osobn\u00e1 v\u00edrivka:<\/strong> Ponorte sa do relax\u00e1cie s vlastnou v\u00edrivkou, ktor\u00e1 je symbolom najvy\u0161\u0161ieho luxusu.<\/li>\n<\/ul>\n<h3><strong>\ud83c\udfa5 Vila Z\u00e1bava a pohodlie<\/strong><\/h3>\n<ul>\n<li><strong>TV a ob\u00fdvacia \u010das\u0165:<\/strong> Pohodln\u00fd sal\u00f3nik s telev\u00edzorom, v ktorom si m\u00f4\u017eete vychutna\u0165 svoje ob\u013e\u00faben\u00e9 programy.<\/li>\n<li><strong>Dobre z\u00e1soben\u00fd minibar:<\/strong> V minibare je k dispoz\u00edcii cel\u00fd rad n\u00e1pojov, ktor\u00e9 uspokoja ka\u017ed\u00fd sm\u00e4d.<\/li>\n<li><strong>Stravovanie All-Inclusive:<\/strong> Vychutnajte si rozmanit\u00fa ponuku kulin\u00e1rskych \u0161pecial\u00edt v na\u0161ich pr\u00e9miov\u00fdch re\u0161taur\u00e1ci\u00e1ch.<\/li>\n<li><strong>N\u00e1poje a zmrzlina:<\/strong> Neobmedzen\u00fd pr\u00edstup k nealkoholick\u00fdm n\u00e1pojom, pivu, vode a zmrzline.<\/li>\n<\/ul>\n<h3><strong>\ud83c\udfa2 Prednostn\u00fd pr\u00edstup na atrakcie s VIP Fast Passom:<\/strong><\/h3>\n<ul>\n<li><strong>Celodenn\u00fd Fast Pass:<\/strong> Ob\u00ed\u010fte fronty a z\u00edskajte okam\u017eit\u00fd pr\u00edstup ku v\u0161etk\u00fdm atrakci\u00e1m, aby ste si ich u\u017eili na maximum.<\/li>\n<\/ul>\n<h3><strong>\ud83c\udf74 All-Inclusive stravovanie a neobmedzen\u00e9 mo\u017enosti pitia:<\/strong><\/h3>\n<ul>\n<li><strong>Neobmedzen\u00fd kulin\u00e1rsky v\u00fdber:<\/strong> Doprajte si all inclusive stravovanie so \u0161irokou ponukou mo\u017enost\u00ed v celom parku.<\/li>\n<li><strong>Neobmedzen\u00e9 n\u00e1poje:<\/strong> U\u017e\u00edvajte si neobmedzen\u00fd pr\u00edstup k r\u00f4znym bezplatn\u00fdm n\u00e1pojom, ktor\u00e9 v\u00e1m zabezpe\u010dia osvie\u017eenie po\u010das celej n\u00e1v\u0161tevy.<\/li>\n<\/ul>\n<h3><strong>\ud83d\udcb0 V\u00fdnimo\u010dn\u00e9 ceny a hodnota<\/strong><\/h3>\n<ul>\n<li><strong>Sadzba Inclusive:<\/strong> VIP vila je k dispoz\u00edcii za 1215 \u20ac, v ktorej sa m\u00f4\u017ee ubytova\u0165 a\u017e 8 host\u00ed, \u010do zaru\u010duje s\u00fakromie a exkluzivitu pre mal\u00e9 aj v\u00e4\u010d\u0161ie skupiny.<\/li>\n<li><strong>\u010eal\u0161ie ubytovanie pre host\u00ed:<\/strong> Vo vile sa m\u00f4\u017ee ubytova\u0165 a\u017e 12 host\u00ed, za pr\u00edplatok 151 \u20ac na osobu nad r\u00e1mec p\u00f4vodn\u00fdch \u00f4smich host\u00ed.<\/li>\n<\/ul>\n<h3><strong>\ud83d\ude8c Pohodln\u00e1 a bezplatn\u00e1 doprava<\/strong><\/h3>\n<ul>\n<li><strong>Cestovanie bez stresu:<\/strong> Vyu\u017eite bezplatn\u00fa autobusov\u00fa dopravu Siam Park na jednoduch\u00fa a pohodln\u00fa prepravu.<\/li>\n<li><strong>Rozsiahle miesta vyzdvihnutia:<\/strong> Viacero miest vyzdvihnutia na Tenerife pre bezprobl\u00e9mov\u00fd pr\u00edstup.<\/li>\n<\/ul>\n<h3><strong>\u23f0 Napl\u00e1nujte si kone\u010dn\u00fa n\u00e1v\u0161tevu<\/strong><\/h3>\n<ul>\n<li><strong>Celoro\u010dn\u00e1 dostupnos\u0165:<\/strong> Otvoren\u00e9 v lete (10:00 - 18:00) a v zime (10:00 - 17:00).<\/li>\n<li><strong>Hlavn\u00e1 poloha:<\/strong> Nach\u00e1dza sa v ru\u0161nej oblasti Costa Adeje, pon\u00faka n\u00e1dhern\u00fd v\u00fdh\u013ead a \u013eahk\u00fd pr\u00edstup.<\/li>\n<\/ul>\n<h3><b>\u274c Storno podmienky<\/b><\/h3>\n<ul>\n<li style=\"font-weight: 400;\" aria-level=\"1\"><span style=\"font-weight: 400;\">Hostia, ktor\u00ed zru\u0161ia <\/span><b>najmenej jeden mesiac pred pl\u00e1novanou slu\u017ebou.<\/b><span style=\"font-weight: 400;\"> dostane <\/span><b>vr\u00e1tenie pe\u0148az\u00ed v plnej v\u00fd\u0161ke<\/b><span style=\"font-weight: 400;\">.<\/span>&nbsp;<\/li>\n<li style=\"font-weight: 400;\" aria-level=\"1\"><span style=\"font-weight: 400;\">Predlo\u017een\u00e9 zru\u0161enia <\/span><b>od jedn\u00e9ho mesiaca do 7 dn\u00ed vopred<\/b><span style=\"font-weight: 400;\"> slu\u017eby podliehaj\u00fa <\/span><b>60% storno poplatok<\/b><span style=\"font-weight: 400;\">.<\/span>&nbsp;<\/li>\n<li style=\"font-weight: 400;\" aria-level=\"1\"><span style=\"font-weight: 400;\">Zru\u0161enie <\/span><b>do 7 dn\u00ed od pl\u00e1novan\u00e9ho d\u00e1tumu<\/b><span style=\"font-weight: 400;\"> s\u00fa <\/span><b>nevratn\u00e9<\/b><span style=\"font-weight: 400;\">.<\/span><\/li>\n<\/ul>\n<h3><strong>\ud83d\udd14 V\u00e1\u0161 luxusn\u00fd z\u00e1\u017eitok s CanaryVIP<\/strong><\/h3>\n<ul>\n<li><strong>Vst\u00fapte do luxusu:<\/strong> Spestrite si n\u00e1v\u0161tevu parku Siam pobytom vo VIP vile.<\/li>\n<li><strong>Vytv\u00e1rajte nezabudnute\u013en\u00e9 momenty:<\/strong> Rezervujte si teraz a za\u017eite z\u00e1\u017eitok pln\u00fd ve\u013ekoleposti, vzru\u0161enia a nezabudnute\u013en\u00fdch spomienok.<\/li>\n<\/ul>\n<p>\u010ci u\u017e ide o oslavu v\u00fdznamn\u00e9ho m\u00ed\u013enika alebo organiz\u00e1ciu \u0161peci\u00e1lneho podujatia. <strong>VIP vila v Siam Park Tenerife<\/strong> pon\u00faka jedine\u010dn\u00fa kombin\u00e1ciu luxusu a exkluzivity. Je ide\u00e1lny pre v\u00e4\u010d\u0161ie skupiny a sp\u00e1ja vzru\u0161uj\u00face atrakcie s pokojnou relax\u00e1ciou.<\/p>\n<p>Rezervujte si teraz s CanaryVIP a za\u017eite bohat\u00e9 a nezabudnute\u013en\u00e9 dobrodru\u017estvo vo VIP vile Siam Park!<\/p>\n<\/div><\/div><\/div><\/div><\/div><\/div><\/div><\/section>","protected":false},"excerpt":{"rendered":"<p><strong>\ud83d\udd0d Siam Park Villa:<\/strong><br \/>\n\u2705 Bezpe\u010dn\u00e1 platba.<br \/>\n\ud83d\ude80 Celodenn\u00fd VIP Fast Pass.<br \/>\n\ud83d\udc68\u200d\ud83d\udc69\u200d\ud83d\udc66 Cena pre 8 host\u00ed.<br \/>\n\ud83d\udc65 Zmest\u00ed sa do nej a\u017e 12 os\u00f4b.<br \/>\n\ud83d\udca6 Terasa s v\u00edrivkou.<br \/>\n\ud83d\udd10 Skrinka a uter\u00e1ky v cene.<br \/>\n\ud83c\udf54 Neobmedzen\u00e9 mno\u017estvo potrav\u00edn.<br \/>\n\ud83c\udf7a Neobmedzen\u00e9 mno\u017estvo nealkoholick\u00fdch n\u00e1pojov a piva.<br \/>\n\ud83e\udd11 Garancia najlep\u0161ej ceny.<br \/>\n\ud83d\ude8d Bezplatn\u00e1 kyvadlov\u00e1 doprava.<br \/>\n\ud83c\udf0d Podpora vo viacer\u00fdch jazykoch.<br \/>\n\ud83c\udf1f Rezervujte teraz a u\u0161etrite!<br \/>\n\ud83d\udc32 Objavte <a href=\"https:\/\/canaryvip.com\/sk\/product-category\/tenerife\/theme-parks-tenerife\/siam-park-tickets\/\">v\u0161etky vstupenky na Siam Park tu<\/a>!<br \/>\n\ud83d\udccd N\u00e1js\u0165 <a href=\"https:\/\/maps.app.goo.gl\/UfftQG3CrqW5R81r9\">Siam Park na Map\u00e1ch Google<\/a>!<\/p>","protected":false},"featured_media":8825,"comment_status":"open","ping_status":"closed","template":"","meta":{"_acf_changed":false},"product_brand":[],"product_cat":[54,55],"product_tag":[],"class_list":{"0":"post-8824","1":"product","2":"type-product","3":"status-publish","4":"has-post-thumbnail","6":"product_cat-theme-parks","7":"product_cat-siam-park-tickets","8":"wcpa_has_options","10":"first","11":"instock","12":"virtual","13":"purchasable","14":"product-type-simple"},"acf":[],"wcpa_form_fields":{"wcpaData":{"product":{"product_price":1320,"price_html":"From&nbsp;<span class=\"woocommerce-Price-amount amount\"><bdi>1.320,00&nbsp;<span class=\"woocommerce-Price-currencySymbol\">&euro;<\/span><\/bdi><\/span>","original_product_price":1320,"price_including_tax":1320,"price_excluding_tax":1320,"product_id":{"parent":8824,"variation":false},"is_variable":false,"stock_status":"instock","stock_quantity":null,"parent_sku":"CV8824","product_attributes":[],"custom_fields":[],"is_taxable":false,"product_name":"Siam Park VIP Villa","hasImage":false},"fields":{"sec_165dcc0a3c8397":{"extra":{"key":"sec_165dcc0a3c8397","section_id":"sec_165dcc0a3c8397","name":"Default","status":1,"cl_rule":"show","enableCl":false,"relations":[],"toggle":true,"title_tag":"h3","show_title":false,"showPrice":"default","form_id":10124,"form_rules":{"exclude_from_discount":true,"fee_label":"Fee","disp_hide_options_price":true,"disp_show_section_price":false,"disp_show_field_price":true,"layout_option":"standard","pric_use_as_fee":false,"process_fee_as":"woo_fee"},"layout_option":"standard"},"fields":[[{"active":true,"col":6,"relations":false,"cl_rule":"show","enableCl":false,"price":"","enablePrice":false,"className":"","label_position":"default","desc_position":"default","type":"date","required":false,"elementId":"date_1065dcc0a3c83b7","name":"date_1065dcc0a3c83b7","label":"\ud83d\udcc5 Date","picker_type":"custom","picker_mode":"single","error":false,"date_pic_inline":true,"date_pic_inline_hide":true,"min_date":{"type":"days","val":"3"},"max_date":{"type":"days_from_min","val":"500"},"date_pic_conf":{"disabledDates":["2025-05-26 to 2025-05-27","2025-06-01 to 2025-06-04","2025-06-12 to 2025-06-17","2025-06-18 to 2025-06-19","2025-06-20","2025-06-21","2025-06-22","2025-06-23","2025-06-24","2025-06-25","2025-06-26 to 2025-06-27","2025-06-28 to 2025-06-29","2025-07-01 to 2025-07-02","2025-07-03","2025-07-04","2025-07-05","2025-07-06","2025-07-07","2025-07-08","2025-07-09","2025-07-10","2025-07-11","2025-07-12","2025-07-13","2025-07-14","2025-07-15","2025-07-16","2025-07-17","2025-07-18 to 2025-07-25","2025-07-26","2025-07-27","2025-07-28","2025-07-29","2025-07-30","2025-07-31","2025-08-01","2025-08-02","2025-08-03","2025-08-04","2025-08-05 to 2025-08-07","2025-08-08","2025-08-09 to 2025-08-10","2025-08-11 to 2025-08-14","2025-08-15 to 2025-08-16","2025-08-17","2025-08-18","2025-08-21","2025-08-22","2025-08-23","2025-08-24 to 2025-08-26","2025-08-27","2025-08-28 to 2025-08-30","2025-08-31","2025-08-19 to 2025-08-20"]},"isWeightTemplate":false,"isTemplate":false,"min_quantity":"1","quantity_decimal":false,"quantity_step":"1","quantity_label":"Quantity","repeater_field_label":"{field_label}","repeater_bind":"","gt_translate_keys":["label","repeater_field_label","quantity_label"],"price_dependency":false,"cl_dependency":false,"value":""}],[{"active":true,"col":6,"relations":false,"cl_rule":"show","enableCl":false,"price":"","enablePrice":true,"className":"","label_position":"default","desc_position":"default","type":"select","required":false,"elementId":"select_1065dcc0a3c83c4","label":"\ud83d\udc64 Group Size","name":"select_1065dcc0a3c83c4","values":[{"label":"1 Person (1.320\u20ac)","value":"1 Person","selected":false,"tempId":"aco_670","price":"1320","gt_translate_keys":["label"]},{"label":"2 People (1.320\u20ac)","value":"2 People","selected":false,"tempId":"aco_671","price":"1320","gt_translate_keys":["label"]},{"label":"3 People (1.320\u20ac)","value":"3 People","selected":false,"tempId":"aco_672","price":"1320","gt_translate_keys":["label"]},{"label":"4 People (1.320\u20ac)","value":"4 People","selected":false,"tempId":"aco_898","price":"1320","gt_translate_keys":["label"]},{"label":"5 People (1.320\u20ac)","value":"5 People","selected":false,"tempId":"aco_908","price":"1320","gt_translate_keys":["label"]},{"label":"6 People (1.320\u20ac)","value":"6 People","selected":false,"tempId":"aco_1062","price":"1320","gt_translate_keys":["label"]},{"label":"7 People (1.320\u20ac)","value":"7 People","selected":false,"tempId":"aco_2967","price":"1320","gt_translate_keys":["label"]},{"label":"8 People (1.320\u20ac)","value":"8 People","selected":false,"tempId":"aco_3049","price":"1320","gt_translate_keys":["label"]},{"label":"\u2500 Beyond 8 people, each extra person costs \u20ac165 \u2500","value":"\u2500 Beyond 8 people, each extra person costs \u20ac165 \u2500","selected":false,"tempId":"aco_1784","price":"1320","gt_translate_keys":["label"]},{"label":"9 People (1.485\u20ac)","value":"9 People","selected":false,"tempId":"aco_3131","price":"1485","gt_translate_keys":["label"]},{"label":"10 People (1.650\u20ac)","value":"10 People","selected":false,"tempId":"aco_3213","price":"1650","gt_translate_keys":["label"]},{"label":"11 People (1.815\u20ac)","value":"11 People","selected":false,"tempId":"aco_3722","price":"1815","gt_translate_keys":["label"]},{"label":"12 People (1.980\u20ac)","value":"12 People","selected":false,"tempId":"aco_3732","price":"1980","gt_translate_keys":["label"]}],"dropdown_type":"basic","error":false,"placeholder":"None","priceOptions":"different_for_all","pricingType":"fixed","gt_translate_keys":["label","placeholder"],"price_dependency":false,"cl_dependency":false,"value":""}]]}},"config":{"price_override":"always","enable_recaptcha":false,"bind_quantity":false,"quantity_bind_formula":false,"disp_summ_show_option_price":false,"disp_summ_show_product_price":false,"disp_summ_show_total_price":true,"disp_summ_show_fee":false,"disp_summ_show_discount":false,"summary_title":"","options_total_label":"Options Price","total_label":"Total","options_product_label":"Product Price","fee_label":"Fee","discount_label":"Discount","has_price":true,"has_quantity_formula":false},"mc_unit":1,"tax_rate":1,"tax_rate_real":1,"discount":{"percentage":0,"fixed":0},"design":{"conf":{"LabelPosition":"above","DescPosition":"above","UploadField":"custom_1","QuantityFieldStyle":"custom_1"},"css":{"LeftLabelWidth":"120px"}},"formulas":[],"lookuptables":[],"clones":false,"cartKey":false}},"_links":{"self":[{"href":"https:\/\/canaryvip.com\/sk\/wp-json\/wp\/v2\/product\/8824","targetHints":{"allow":["GET"]}}],"collection":[{"href":"https:\/\/canaryvip.com\/sk\/wp-json\/wp\/v2\/product"}],"about":[{"href":"https:\/\/canaryvip.com\/sk\/wp-json\/wp\/v2\/types\/product"}],"replies":[{"embeddable":true,"href":"https:\/\/canaryvip.com\/sk\/wp-json\/wp\/v2\/comments?post=8824"}],"wp:featuredmedia":[{"embeddable":true,"href":"https:\/\/canaryvip.com\/sk\/wp-json\/wp\/v2\/media\/8825"}],"wp:attachment":[{"href":"https:\/\/canaryvip.com\/sk\/wp-json\/wp\/v2\/media?parent=8824"}],"wp:term":[{"taxonomy":"product_brand","embeddable":true,"href":"https:\/\/canaryvip.com\/sk\/wp-json\/wp\/v2\/product_brand?post=8824"},{"taxonomy":"product_cat","embeddable":true,"href":"https:\/\/canaryvip.com\/sk\/wp-json\/wp\/v2\/product_cat?post=8824"},{"taxonomy":"product_tag","embeddable":true,"href":"https:\/\/canaryvip.com\/sk\/wp-json\/wp\/v2\/product_tag?post=8824"}],"curies":[{"name":"wp","href":"https:\/\/api.w.org\/{rel}","templated":true}]}}