{"id":8821,"date":"2024-01-15T13:32:07","date_gmt":"2024-01-15T13:32:07","guid":{"rendered":"https:\/\/canaryvip.com\/?post_type=product&#038;p=8821"},"modified":"2025-09-19T12:00:06","modified_gmt":"2025-09-19T11:00:06","slug":"siam-park-vip-house","status":"publish","type":"product","link":"https:\/\/canaryvip.com\/sk\/shop\/siam-park-vip-house\/","title":{"rendered":"VIP dom Siam Park"},"content":{"rendered":"<section class=\"l-section wpb_row height_medium\"><div class=\"l-section-h i-cf\"><div class=\"g-cols vc_row via_flex valign_top type_default stacking_default\"><div class=\"vc_col-sm-12 wpb_column vc_column_container\"><div class=\"vc_column-inner\"><div class=\"wpb_wrapper\"><div class=\"wpb_text_column\"><div class=\"wpb_wrapper\"><p>\ud83c\udfdd\ufe0f <strong>Siam Park VIP House Experience s CanaryVIP<\/strong><\/p>\n<div class=\"min-h-&#091;20px&#093; text-message flex flex-col items-start gap-3 whitespace-pre-wrap break-words &#091;.text-message+&amp;&#093;:mt-5 overflow-x-auto\" data-message-author-role=\"assistant\" data-message-id=\"8a8a1897-a3c1-4569-9988-c0ed1c1bc6da\">\n<div class=\"markdown prose w-full break-words dark:prose-invert light\">\n<p>Vitajte v Siam Parku, raji pre milovn\u00edkov vody na Tenerife. Park je zn\u00e1my svojimi vzru\u0161uj\u00facimi atrakciami a malebnou krajinou a pon\u00faka dobrodru\u017estvo, ak\u00e9 nem\u00e1 obdoby. Od vzru\u0161uj\u00facich <strong>Ve\u017ea moci<\/strong> do pokojnej <strong>Rieka Mai Thai,<\/strong>\u00a0, ka\u017ed\u00fd milovn\u00edk vzru\u0161enia si tu n\u00e1jde svoj z\u00e1\u017eitok. Teraz si svoju n\u00e1v\u0161tevu spestrite <strong>Exkluz\u00edvny z\u00e1\u017eitok vo VIP dome CanaryVIP,<\/strong>\u00a0kde sa luxus stret\u00e1va s dobrodru\u017estvom.<\/p>\n<h3>\ud83c\udf1f <strong>Pr\u00e9miov\u00fd VIP dom Vybavenie<\/strong><\/h3>\n<ul>\n<li><strong>Thajsk\u00e1 elegancia<\/strong>: VIP House je in\u0161pirovan\u00fd thajskou estetikou a pon\u00faka o\u00e1zu pokoja a luxusu.<\/li>\n<li><strong>Vynikaj\u00faci komfort<\/strong>: Relaxujte \u0161t\u00fdlovo v\u010faka ply\u0161ov\u00fdm pohovk\u00e1m, s\u00fakromn\u00fdm sprch\u00e1m na terase a le\u017eadl\u00e1m.<\/li>\n<li><strong>Uter\u00e1ky a sprcha<\/strong>: \u010cakaj\u00fa na v\u00e1s \u010derstv\u00e9 uter\u00e1ky a ka\u017ed\u00fd dom\u010dek m\u00e1 vlastn\u00fa sprchu pre maxim\u00e1lne pohodlie.<\/li>\n<li><strong>Kontrola kl\u00edmy<\/strong>: Udr\u017eujte sa v pohode s na\u0161imi najmodernej\u0161\u00edmi ventil\u00e1tormi.<\/li>\n<li><strong>Zabezpe\u010denie cennost\u00ed<\/strong>: Svoje veci si m\u00f4\u017eete bezpe\u010dne ulo\u017ei\u0165 do na\u0161ej bezpe\u010dnostnej schr\u00e1nky.<\/li>\n<li><strong>Terasa s le\u017eadlami<\/strong>: Vychutnajte si slnko alebo tie\u0148 na s\u00fakromnej terase vybavenej pohodln\u00fdmi le\u017eadlami.<\/li>\n<li><strong>S\u00fakromn\u00e1 terasa s v\u00edrivkou<\/strong>: Doprajte si dokonal\u00fa relax\u00e1ciu v exkluz\u00edvnej v\u00edrivke, ktor\u00e1 je korunn\u00fdm klenotom komfortu.<\/li>\n<\/ul>\n<h3>\ud83c\udfa5 <strong>Vn\u00fatorn\u00e1 z\u00e1bava a relax\u00e1cia<\/strong><\/h3>\n<ul>\n<li><strong>TV a sal\u00f3nik<\/strong>: Odd\u00fdchnite si pri ob\u013e\u00faben\u00fdch rel\u00e1ci\u00e1ch na na\u0161ej internej TV a uvelebte sa na pohodlnej pohovke.<\/li>\n<li><strong>Minibar<\/strong>: Minibar s r\u00f4znymi n\u00e1pojmi, ktor\u00e9 uhasia ka\u017ed\u00fd sm\u00e4d.<\/li>\n<li><strong>Slu\u017eba All-inclusive<\/strong>: V na\u0161ich re\u0161taur\u00e1ci\u00e1ch si m\u00f4\u017eete vychutna\u0165 \u0161irok\u00fa \u0161k\u00e1lu kulin\u00e1rskych \u0161pecial\u00edt.<\/li>\n<li><strong>N\u00e1poje a zmrzlina<\/strong>: Vychutnajte si neobmedzen\u00e9 mno\u017estvo nealkoholick\u00fdch n\u00e1pojov, piva, vody a zmrzliny.<\/li>\n<\/ul>\n<h3>\ud83c\udfa2 <strong>Exkluz\u00edvny pr\u00edstup s VIP Fast Pass<\/strong><\/h3>\n<ul>\n<li><strong>Celodenn\u00fd Fast Pass<\/strong>: Za\u017eite okam\u017eit\u00fd pr\u00edstup ku v\u0161etk\u00fdm atrakci\u00e1m bez \u010dakania v rade, \u010d\u00edm sa e\u0161te viac zabav\u00edte.<\/li>\n<\/ul>\n<h3>\ud83c\udf74 <strong>Stravovanie a n\u00e1poje All-Inclusive<\/strong><\/h3>\n<ul>\n<li><strong>Obrovsk\u00e9 kulin\u00e1rske mo\u017enosti<\/strong>: V parku je mno\u017estvo re\u0161taur\u00e1ci\u00ed, ktor\u00e9 uspokoja v\u0161etky chu\u0165ov\u00e9 poh\u00e1riky.<\/li>\n<li><strong>Neobmedzen\u00e9 n\u00e1poje<\/strong>: Osvie\u017ete sa radom bezplatn\u00fdch n\u00e1pojov.<\/li>\n<\/ul>\n<h3>\ud83d\udcb0 <strong>V\u00fdnimo\u010dn\u00e1 cena a hodnota<\/strong><\/h3>\n<\/div>\n<\/div>\n<div class=\"min-h-&#091;20px&#093; text-message flex flex-col items-start gap-3 whitespace-pre-wrap break-words &#091;.text-message+&amp;&#093;:mt-5 overflow-x-auto\" data-message-author-role=\"assistant\" data-message-id=\"cc56ef15-39ff-4986-80a9-f3d468fc7369\">\n<div class=\"markdown prose w-full break-words dark:prose-invert light\">\n<ul>\n<li><strong>Sadzba Inclusive<\/strong>: Cena VIP domu je 910 \u20ac, v ktorom sa m\u00f4\u017ee ubytova\u0165 a\u017e 6 host\u00ed. T\u00e1to cena zaru\u010duje exkluzivitu a s\u00fakromie pre mal\u00e9 aj v\u00e4\u010d\u0161ie skupiny.<\/li>\n<li><strong>Extra flexibilita pre host\u00ed<\/strong>: V dome sa m\u00f4\u017ee ubytova\u0165 a\u017e 10 host\u00ed. Za ka\u017ed\u00e9ho \u010fal\u0161ieho hos\u0165a sa \u00fa\u010dtuje pr\u00edplatok 151 \u20ac za osobu.<\/li>\n<\/ul>\n<h3>\ud83d\ude8c <strong>Pohodln\u00e1 a bezplatn\u00e1 doprava<\/strong><\/h3>\n<ul>\n<li><strong>Tranzit bez stresu<\/strong>: Vyu\u017eite bezplatn\u00fa autobusov\u00fa dopravu Siam Park Bus Service na jednoduch\u00fa prepravu.<\/li>\n<li><strong>Rozsiahle pokrytie<\/strong>: Viacero miest na vyzdvihnutie po celom Tenerife pre pohodln\u00fd pr\u00edstup.<\/li>\n<\/ul>\n<h3>\u23f0 <strong>Napl\u00e1nujte si dokonal\u00fd z\u00e1\u017eitok<\/strong><\/h3>\n<ul>\n<li><strong>Celoro\u010dn\u00e1 dostupnos\u0165<\/strong>: Otvoren\u00e9 v lete (10:00 - 18:00) aj v zime (10:00 - 17:00).<\/li>\n<li><strong>Prvorad\u00e1 poloha<\/strong>: Nach\u00e1dza sa v ru\u0161nej oblasti Costa Adeje, pon\u00faka n\u00e1dhern\u00fd v\u00fdh\u013ead a \u013eahk\u00fd pr\u00edstup.<\/li>\n<\/ul>\n<h3><b>\u274c Storno podmienky<\/b><\/h3>\n<ul>\n<li style=\"font-weight: 400;\" aria-level=\"1\"><span style=\"font-weight: 400;\">Zru\u0161enie <\/span><b>30 dn\u00ed alebo viac pred d\u00e1tumom aktivity<\/b><span style=\"font-weight: 400;\"> nebude ma\u0165 \u017eiadnu sankciu.<\/span>&nbsp;<\/li>\n<li style=\"font-weight: 400;\" aria-level=\"1\"><span style=\"font-weight: 400;\">Zru\u0161enie <\/span><b>od 30 dn\u00ed do 7 dn\u00ed pred pl\u00e1novan\u00fdm d\u00e1tumom<\/b><span style=\"font-weight: 400;\"> bude ma\u0165 za n\u00e1sledok <\/span><b>N\u00e1pl\u0148 60%<\/b><span style=\"font-weight: 400;\"> sumy rezerv\u00e1cie.<\/span>&nbsp;<\/li>\n<li style=\"font-weight: 400;\" aria-level=\"1\"><span style=\"font-weight: 400;\">Zru\u0161enie <\/span><b>menej ako 7 dn\u00ed pred \u010dinnos\u0165ou<\/b><span style=\"font-weight: 400;\"> bude ma\u0165 za n\u00e1sledok <\/span><b>N\u00e1pl\u0148 100%<\/b><span style=\"font-weight: 400;\"> sumy rezerv\u00e1cie.<\/span><\/li>\n<\/ul>\n<h4>\ud83d\udd14 <strong>Va\u0161e luxusn\u00e9 dobrodru\u017estvo s CanaryVIP<\/strong><\/h4>\n<ul>\n<li><strong>Krok do bohatstva<\/strong>: Vylep\u0161ite svoju n\u00e1v\u0161tevu Siam Parku pobytom vo VIP dome.<\/li>\n<li><strong>Vytv\u00e1ranie trval\u00fdch spomienok<\/strong>: Rezervujte si teraz cestu pln\u00fa luxusu, vzru\u0161enia a nezabudnute\u013en\u00fdch okamihov.<\/li>\n<\/ul>\n<\/div>\n<\/div>\n<\/div><\/div><\/div><\/div><\/div><\/div><\/div><\/section>","protected":false},"excerpt":{"rendered":"<p><strong>\ud83d\udd0d Siam Park House:<\/strong><br \/>\n\u2705 Bezpe\u010dn\u00e1 platba.<br \/>\n\ud83d\ude80 Celodenn\u00fd VIP Fast Pass.<br \/>\n\ud83d\udc68\u200d\ud83d\udc69\u200d\ud83d\udc66 Cena pre 6 host\u00ed.<br \/>\n\ud83d\udc65 Zmest\u00ed sa sem a\u017e 10 os\u00f4b.<br \/>\n\ud83d\udca6 S\u00fakromn\u00e1 terasa s v\u00edrivkou.<br \/>\n\ud83d\udd10 Skrinka a uter\u00e1ky v cene.<br \/>\n\ud83c\udf54 Neobmedzen\u00e9 mno\u017estvo potrav\u00edn.<br \/>\n\ud83c\udf7a Neobmedzen\u00e9 mno\u017estvo nealkoholick\u00fdch n\u00e1pojov a piva.<br \/>\n\ud83c\udfe0 Viac miesta? <a href=\"https:\/\/canaryvip.com\/sk\/shop\/siam-park-vip-villa\/\">Pozrite si vilu Siam Park<\/a>.<br \/>\n\ud83e\udd11 Garancia najlep\u0161ej ceny.<br \/>\n\ud83d\ude8d Bezplatn\u00e1 kyvadlov\u00e1 doprava.<br \/>\n\ud83c\udf0d Podpora vo viacer\u00fdch jazykoch.<br \/>\n\ud83c\udf1f Rezervujte teraz a u\u0161etrite!<br \/>\n\ud83d\udc32 Objavte <a href=\"https:\/\/canaryvip.com\/sk\/product-category\/tenerife\/theme-parks-tenerife\/siam-park-tickets\/\">v\u0161etky vstupenky na Siam Park tu<\/a>!<br \/>\n\ud83d\udccd N\u00e1js\u0165 <a href=\"https:\/\/maps.app.goo.gl\/UfftQG3CrqW5R81r9\">Siam Park na Map\u00e1ch Google<\/a>!<\/p>","protected":false},"featured_media":8827,"comment_status":"open","ping_status":"closed","template":"","meta":{"_acf_changed":false},"product_brand":[],"product_cat":[54,55],"product_tag":[],"class_list":{"0":"post-8821","1":"product","2":"type-product","3":"status-publish","4":"has-post-thumbnail","6":"product_cat-theme-parks","7":"product_cat-siam-park-tickets","8":"wcpa_has_options","10":"first","11":"instock","12":"virtual","13":"purchasable","14":"product-type-simple"},"acf":[],"wcpa_form_fields":{"wcpaData":{"product":{"product_price":990,"price_html":"From&nbsp;<span class=\"woocommerce-Price-amount amount\"><bdi>990,00&nbsp;<span class=\"woocommerce-Price-currencySymbol\">&euro;<\/span><\/bdi><\/span>","original_product_price":990,"price_including_tax":990,"price_excluding_tax":990,"product_id":{"parent":8821,"variation":false},"is_variable":false,"stock_status":"instock","stock_quantity":null,"parent_sku":"CV8821","product_attributes":[],"custom_fields":[],"is_taxable":false,"product_name":"Siam Park VIP House","hasImage":false},"fields":{"sec_865dcbfa9364bf":{"extra":{"key":"sec_865dcbfa9364bf","section_id":"sec_865dcbfa9364bf","name":"Default","status":1,"cl_rule":"show","enableCl":false,"relations":[],"toggle":true,"title_tag":"h3","show_title":false,"showPrice":"default","form_id":10123,"form_rules":{"exclude_from_discount":true,"fee_label":"Fee","disp_hide_options_price":true,"disp_show_section_price":false,"disp_show_field_price":true,"layout_option":"standard","pric_use_as_fee":false,"process_fee_as":"woo_fee"},"layout_option":"standard"},"fields":[[{"active":true,"col":6,"relations":false,"cl_rule":"show","enableCl":false,"price":"","enablePrice":false,"className":"","label_position":"default","desc_position":"default","type":"date","required":false,"elementId":"date_565dcbfa9364dd","name":"date_565dcbfa9364dd","label":"\ud83d\udcc5 Date","picker_type":"custom","picker_mode":"single","error":false,"date_pic_inline":true,"date_pic_inline_hide":true,"min_date":{"type":"days","val":"3"},"max_date":{"type":"days_from_min","val":"500"},"date_pic_conf":{"disabledDates":["2024-06-18 to 2024-06-30","2024-07-01 to 2024-08-15","2024-08-16 to 2024-08-20","2024-08-21","2024-08-22 to 2024-08-23","2024-08-24","2024-08-25 to 2024-08-29","2024-08-30","2025-05-26 to 2025-05-29","2025-06-02","2025-06-20","2025-06-21 to 2025-06-24","2025-06-25","2025-06-26 to 2025-06-27","2025-06-30","2025-07-01","2025-07-03","2025-07-04","2025-07-06","2025-07-07 to 2025-07-08","2025-07-09","2025-07-10 to 2025-07-13","2025-07-14 to 2025-07-15","2025-07-16 to 2025-07-17","2025-07-18","2025-07-19","2025-07-20","2025-07-21","2025-07-22","2025-07-23","2025-07-24","2025-07-25","2025-07-26","2025-07-27","2025-07-28 to 2025-07-31","2025-08-01","2025-08-02","2025-08-03","2025-08-04","2025-08-05","2025-08-06","2025-08-07","2025-08-08 to 2025-08-09","2025-08-10","2025-08-11 to 2025-08-12","2025-08-13","2025-08-14","2025-08-15","2025-08-16 to 2025-08-18","2025-08-19","2025-08-20","2025-08-21","2025-08-22","2025-08-23","2025-08-24","2025-08-25","2025-08-26","2025-08-27","2025-08-28 to 2025-08-31","2026-03-31 to 2026-04-11"]},"isWeightTemplate":false,"isTemplate":false,"min_quantity":"1","quantity_decimal":false,"quantity_step":"1","quantity_label":"Quantity","repeater_field_label":"{field_label}","repeater_bind":"","gt_translate_keys":["label","repeater_field_label","quantity_label"],"price_dependency":false,"cl_dependency":false,"value":""}],[{"active":true,"col":6,"relations":false,"cl_rule":"show","enableCl":false,"price":"","enablePrice":true,"className":"","label_position":"default","desc_position":"default","type":"select","required":false,"elementId":"select_965dcbfa9364eb","label":"\ud83d\udc64 Group Size","name":"select_965dcbfa9364eb","values":[{"label":"1 Person (990\u20ac)","value":"1 Person","selected":false,"tempId":"aco_670","price":"990","gt_translate_keys":["label"]},{"label":"2 People (990\u20ac)","value":"2 People","selected":false,"tempId":"aco_671","price":"990","gt_translate_keys":["label"]},{"label":"3 People (990\u20ac)","value":"3 People","selected":false,"tempId":"aco_672","price":"990","gt_translate_keys":["label"]},{"label":"4 People (990\u20ac)","value":"4 People","selected":false,"tempId":"aco_898","price":"990","gt_translate_keys":["label"]},{"label":"5 People (990\u20ac)","value":"5 People","selected":false,"tempId":"aco_908","price":"990","gt_translate_keys":["label"]},{"label":"6 People (990\u20ac)","value":"6 People","selected":false,"tempId":"aco_1062","price":"990","gt_translate_keys":["label"]},{"label":"\u2500 Beyond 6 people, each extra person costs \u20ac165 \u2500","value":"\u2500 Beyond 6 people, each extra person costs \u20ac165 \u2500","selected":false,"tempId":"aco_1784","price":"990","gt_translate_keys":["label"]},{"label":"7 People (1.155\u20ac)","value":"7 People","selected":false,"tempId":"aco_2967","price":"1155","gt_translate_keys":["label"]},{"label":"8 People (1.320\u20ac)","value":"8 People","selected":false,"tempId":"aco_3049","price":"1320","gt_translate_keys":["label"]},{"label":"9 People (1.485\u20ac)","value":"9 People","selected":false,"tempId":"aco_3131","price":"1485","gt_translate_keys":["label"]},{"label":"10 People (1.650\u20ac)","value":"10 People","selected":false,"tempId":"aco_3213","price":"1650","gt_translate_keys":["label"]}],"dropdown_type":"basic","error":false,"placeholder":"None","priceOptions":"different_for_all","pricingType":"fixed","gt_translate_keys":["label","placeholder"],"price_dependency":false,"cl_dependency":false,"value":""}]]}},"config":{"price_override":"always","enable_recaptcha":false,"bind_quantity":false,"quantity_bind_formula":false,"disp_summ_show_option_price":false,"disp_summ_show_product_price":false,"disp_summ_show_total_price":true,"disp_summ_show_fee":false,"disp_summ_show_discount":false,"summary_title":"","options_total_label":"Options Price","total_label":"Total","options_product_label":"Product Price","fee_label":"Fee","discount_label":"Discount","has_price":true,"has_quantity_formula":false},"mc_unit":1,"tax_rate":1,"tax_rate_real":1,"discount":{"percentage":0,"fixed":0},"design":{"conf":{"LabelPosition":"above","DescPosition":"above","UploadField":"custom_1","QuantityFieldStyle":"custom_1"},"css":{"LeftLabelWidth":"120px"}},"formulas":[],"lookuptables":[],"clones":false,"cartKey":false}},"_links":{"self":[{"href":"https:\/\/canaryvip.com\/sk\/wp-json\/wp\/v2\/product\/8821","targetHints":{"allow":["GET"]}}],"collection":[{"href":"https:\/\/canaryvip.com\/sk\/wp-json\/wp\/v2\/product"}],"about":[{"href":"https:\/\/canaryvip.com\/sk\/wp-json\/wp\/v2\/types\/product"}],"replies":[{"embeddable":true,"href":"https:\/\/canaryvip.com\/sk\/wp-json\/wp\/v2\/comments?post=8821"}],"wp:featuredmedia":[{"embeddable":true,"href":"https:\/\/canaryvip.com\/sk\/wp-json\/wp\/v2\/media\/8827"}],"wp:attachment":[{"href":"https:\/\/canaryvip.com\/sk\/wp-json\/wp\/v2\/media?parent=8821"}],"wp:term":[{"taxonomy":"product_brand","embeddable":true,"href":"https:\/\/canaryvip.com\/sk\/wp-json\/wp\/v2\/product_brand?post=8821"},{"taxonomy":"product_cat","embeddable":true,"href":"https:\/\/canaryvip.com\/sk\/wp-json\/wp\/v2\/product_cat?post=8821"},{"taxonomy":"product_tag","embeddable":true,"href":"https:\/\/canaryvip.com\/sk\/wp-json\/wp\/v2\/product_tag?post=8821"}],"curies":[{"name":"wp","href":"https:\/\/api.w.org\/{rel}","templated":true}]}}