{"id":8817,"date":"2024-01-15T12:16:37","date_gmt":"2024-01-15T12:16:37","guid":{"rendered":"https:\/\/canaryvip.com\/?post_type=product&#038;p=8817"},"modified":"2025-09-19T12:01:26","modified_gmt":"2025-09-19T11:01:26","slug":"siam-park-vip-cabin","status":"publish","type":"product","link":"https:\/\/canaryvip.com\/sk\/shop\/siam-park-vip-cabin\/","title":{"rendered":"VIP kab\u00edna v parku Siam"},"content":{"rendered":"<section class=\"l-section wpb_row height_medium\"><div class=\"l-section-h i-cf\"><div class=\"g-cols vc_row via_flex valign_top type_default stacking_default\"><div class=\"vc_col-sm-12 wpb_column vc_column_container\"><div class=\"vc_column-inner\"><div class=\"wpb_wrapper\"><div class=\"wpb_text_column\"><div class=\"wpb_wrapper\"><h2><strong>\ud83c\udfdd\ufe0f Siam Park VIP Cabana Experience s CanaryVIP<\/strong><\/h2>\n<p>Vitajte v Siam Park, hlavnom vodnom kr\u00e1\u013eovstve na Tenerife, ktor\u00e9 je zn\u00e1me svojimi vzru\u0161uj\u00facimi jazdami, \u00fa\u017easn\u00fdmi scen\u00e9riami a dokonal\u00fdm vodn\u00fdm dobrodru\u017estvom. Od adrenal\u00ednov\u00fdch <strong>Ve\u017ea moci<\/strong> na relax\u00e1ciu <strong>Rieka Mai Thai,<\/strong>\u00a0ka\u017ed\u00fd si tu n\u00e1jde nie\u010do pre seba. Ponorte sa do sveta, kde sa vzru\u0161enie sn\u00fabi s relax\u00e1ciou, a urobte si svoju n\u00e1v\u0161tevu skuto\u010dne nezabudnute\u013enou v\u010faka <strong>Z\u00e1\u017eitok z VIP Cabana. <\/strong><\/p>\n<p>Zistite, pre\u010do je Siam Park najlep\u0161ou destin\u00e1ciou pre rodinn\u00fa z\u00e1bavu, relax a dobrodru\u017estvo v tropickom raji. Za\u017eite to najlep\u0161ie z vodnej z\u00e1bavy a vytvorte si spomienky, ktor\u00e9 v\u00e1m zostan\u00fa na cel\u00fd \u017eivot.<\/p>\n<h3><strong>\ud83c\udf1f Exkluz\u00edvny v\u00fdber kab\u00edn<\/strong><\/h3>\n<ul>\n<li><strong>T\u00e9my in\u0161pirovan\u00e9 Thajskom<\/strong>: Vyberte si Cabana Phuket, Chiang Mai alebo Rataburi, z ktor\u00fdch ka\u017ed\u00fd je pokojn\u00fdm \u00fato\u010diskom in\u0161pirovan\u00fdm Thajskom.<\/li>\n<li><strong>Bezkonkuren\u010dn\u00fd komfort<\/strong>: Vychutnajte si ply\u0161ov\u00e9 pohovky, sprchy na s\u00fakromnej terase a le\u017eadl\u00e1 na opa\u013eovanie, ktor\u00e9 v\u00e1m poskytn\u00fa dokonal\u00fd relax a luxus.<\/li>\n<li><strong>Uter\u00e1ky v cene<\/strong>: Nemus\u00edte si robi\u0165 starosti s balen\u00edm uter\u00e1kov; s\u00fa k dispoz\u00edcii pre va\u0161e pohodlie.<\/li>\n<li><strong>Ventil\u00e1tor pre pohodlie<\/strong>: Zosta\u0148te v chlade v\u010faka prilo\u017een\u00e9mu ventil\u00e1toru.<\/li>\n<li><strong>Zabezpe\u010dte si svoj majetok<\/strong>: Pre v\u00e1\u0161 pokoj m\u00f4\u017eete vyu\u017e\u00edva\u0165 bezpe\u010dnostn\u00fa schr\u00e1nku.<\/li>\n<\/ul>\n<h3><strong>\ud83c\udfa5 Z\u00e1bava a pohodlie v kab\u00edne<\/strong><\/h3>\n<ul>\n<li><strong>TV a DVD prehr\u00e1va\u010d<\/strong>: Ka\u017ed\u00e1 kab\u00edna je vybaven\u00e1 TV a DVD prehr\u00e1va\u010dom pre va\u0161u z\u00e1bavu.<\/li>\n<li><strong>Ob\u010derstvenie po ruke<\/strong>: Minibar z\u00e1soben\u00fd r\u00f4znymi n\u00e1pojmi pod\u013ea va\u0161ich preferenci\u00ed.<\/li>\n<\/ul>\n<h3><strong>\ud83c\udfa2 Prednostn\u00fd pr\u00edstup s VIP Fast Pass<\/strong><\/h3>\n<ul>\n<li><strong>Okam\u017eit\u00fd vstup na atrakciu<\/strong>: So \u0161peci\u00e1lnymi n\u00e1ramkami pre VIP host\u00ed si m\u00f4\u017eete vychutna\u0165 okam\u017eit\u00fd pr\u00edstup na v\u0161etky atrakcie, vyhn\u00fa\u0165 sa radom a maximalizova\u0165 \u010das str\u00e1ven\u00fd z\u00e1bavou.<\/li>\n<\/ul>\n<h3>\ud83c\udf74 <strong>Stravovanie a n\u00e1poje All-Inclusive<\/strong><\/h3>\n<ul>\n<li><strong>Rozmanit\u00e9 mo\u017enosti stravovania<\/strong>: V parku si m\u00f4\u017eete dopria\u0165 mno\u017estvo kulin\u00e1rskych \u0161pecial\u00edt, ktor\u00e9 uspokoja v\u0161etky chute.<\/li>\n<li><strong>Neobmedzen\u00e9 n\u00e1poje<\/strong>: Vychutnajte si bezplatn\u00e9 nealkoholick\u00e9 n\u00e1poje, pivo, vodu a zmrzlinu, ktor\u00e9 v\u00e1m zabezpe\u010dia hydrat\u00e1ciu a spokojnos\u0165.<\/li>\n<\/ul>\n<h3><strong>\ud83d\udcb0 V\u00fdnimo\u010dn\u00e9 ceny a hodnota<\/strong><\/h3>\n<ul>\n<li><strong>Komplexn\u00e1 sadzba<\/strong>: Cena VIP kab\u00edny je 610 \u20ac a zmestia sa do nej 1 a\u017e 4 hostia. \u010ci u\u017e ide o s\u00f3lo dobrodru\u017estvo alebo \u0161tvor\u010dlenn\u00fa skupinu, cena zost\u00e1va rovnak\u00e1, \u010do zaru\u010duje exkluzivitu a s\u00fakromie.<\/li>\n<li><strong>Extra flexibilita pre host\u00ed<\/strong>: Ak m\u00e1 va\u0161a skupina viac ako \u0161tyroch host\u00ed, m\u00e1te mo\u017enos\u0165 prida\u0165 a\u017e 2 \u010fal\u0161\u00edch host\u00ed za 151 \u20ac za ka\u017ed\u00e9ho, \u010do je univerz\u00e1lne pre r\u00f4zne ve\u013ek\u00e9 skupiny.<\/li>\n<li><strong>Letn\u00e9 \u0161peci\u00e1lne ceny:<\/strong> Tieto ceny si m\u00f4\u017eete rezervova\u0165 aj po\u010das ru\u0161n\u00fdch letn\u00fdch mesiacov j\u00fal a august.<\/li>\n<li><strong>V\u00fdhoda v\u010dasnej rezerv\u00e1cie:<\/strong> Vyhnite sa zvy\u0161ovaniu cien a rezervujte si u\u017e teraz - zabezpe\u010dte si dne\u0161n\u00fa cenu pre va\u0161u bud\u00facu n\u00e1v\u0161tevu!<\/li>\n<\/ul>\n<h3><strong>\ud83d\ude8c Pohodln\u00e1 a bezplatn\u00e1 doprava<\/strong><\/h3>\n<ul>\n<li><strong>Cestovanie bez stresu<\/strong>: Vyu\u017eite bezplatn\u00fa autobusov\u00fa dopravu Siam Park, ktor\u00e1 pon\u00faka pravideln\u00fa a pohodln\u00fa dopravu.<\/li>\n<li><strong>\u0160irok\u00e9 pokrytie<\/strong>: Viacero n\u00e1stupn\u00fdch miest na Tenerife pre \u013eahk\u00fd pr\u00edstup do parku a sp\u00e4\u0165.<\/li>\n<\/ul>\n<h3><strong>\u23f0 Napl\u00e1nujte si dokonal\u00fd z\u00e1\u017eitok<\/strong><\/h3>\n<ul>\n<li><strong>Otvoren\u00e9 po cel\u00fd rok<\/strong>: Leto (10:00 - 18:00), zima (10:00 - 17:00).<\/li>\n<li><strong>Pr\u00edstupn\u00e9 a malebn\u00e9<\/strong>: Nach\u00e1dza sa v ru\u0161nej oblasti Costa Adeje a sp\u00e1ja kr\u00e1sny v\u00fdh\u013ead s \u013eahkou dostupnos\u0165ou.<\/li>\n<\/ul>\n<h3><strong>\ud83d\udd14 Va\u0161e luxusn\u00e9 dobrodru\u017estvo \u010dak\u00e1 s CanaryVIP<\/strong><\/h3>\n<ul>\n<li><strong>Krok do luxusu<\/strong>: Pozdvihnite svoju n\u00e1v\u0161tevu Siam Parku pobytom vo VIP Cabane.<\/li>\n<li><strong>Vytvorenie nezabudnute\u013en\u00fdch spomienok<\/strong>: Rezervujte si e\u0161te dnes a vydajte sa na cestu pln\u00fa luxusu, vzru\u0161enia a nezabudnute\u013en\u00fdch okamihov.<\/li>\n<\/ul>\n<h3><b>\u274c Podmienky zru\u0161enia<\/b><\/h3>\n<ul>\n<li style=\"font-weight: 400;\" aria-level=\"1\"><span style=\"font-weight: 400;\">Zru\u0161en\u00e9 rezerv\u00e1cie <\/span><b>jeden mesiac alebo viac pred d\u00e1tumom aktivity<\/b><span style=\"font-weight: 400;\"> nebud\u00fa \u00fa\u010dtovan\u00e9.<\/span>&nbsp;<\/li>\n<li style=\"font-weight: 400;\" aria-level=\"1\"><span style=\"font-weight: 400;\">Zru\u0161en\u00e9 rezerv\u00e1cie <\/span><b>od jedn\u00e9ho mesiaca do 7 dn\u00ed pred<\/b><span style=\"font-weight: 400;\"> bude \u00fa\u010dtovan\u00e1 <\/span><b>60% z celkovej sumy<\/b><span style=\"font-weight: 400;\">.<\/span>&nbsp;<\/li>\n<li style=\"font-weight: 400;\" aria-level=\"1\"><span style=\"font-weight: 400;\">Zru\u0161en\u00e9 rezerv\u00e1cie <\/span><b>menej ako 7 dn\u00ed vopred<\/b><span style=\"font-weight: 400;\"> bude \u00fa\u010dtovan\u00e1 <\/span><b>cel\u00fa sumu (100%)<\/b><span style=\"font-weight: 400;\">.<\/span><\/li>\n<\/ul>\n<h3>\ud83c\udf1f Pozdvihnite svoje dobrodru\u017estvo s CanaryVIP<\/h3>\n<p>Rezervujte si VIP Cabana z\u00e1\u017eitok s CanaryVIP e\u0161te dnes a zaistite si luxus a nezabudnute\u013en\u00e9 chv\u00edle pri n\u00e1v\u0161teve Siam Park. Vyu\u017e\u00edvajte exkluz\u00edvne v\u00fdhody, prednostn\u00fd pr\u00edstup a v\u00fdnimo\u010dn\u00fd komfort, v\u010faka ktor\u00fdm bude ka\u017ed\u00fd okamih v\u00e1\u0161ho dobrodru\u017estva skuto\u010dne v\u00fdnimo\u010dn\u00fd.<\/p>\n<p>Nenechajte si ujs\u0165 pr\u00edle\u017eitos\u0165 vytvori\u0165 si nezabudnute\u013en\u00e9 spomienky v hlavnom vodnom kr\u00e1\u013eovstve na Tenerife. Zabezpe\u010dte si svoju VIP kab\u00ednu teraz a vydajte sa na cestu pln\u00fa relaxu, vzru\u0161enia a luxusu!<\/p>\n<\/div><\/div><\/div><\/div><\/div><\/div><\/div><\/section>","protected":false},"excerpt":{"rendered":"<p><strong>\ud83d\udd0d Siam Park Cabana:<\/strong><br \/>\n\u2705 Bezpe\u010dn\u00e1 platba.<br \/>\n\ud83d\ude80 Celodenn\u00fd VIP Fast Pass.<br \/>\n\ud83d\udc68\u200d\ud83d\udc69\u200d\ud83d\udc66 Cena pre 4 host\u00ed.<br \/>\n\ud83d\udc65 Zmest\u00ed sa sem a\u017e 6 os\u00f4b.<br \/>\n\ud83d\udd10 Skrinka a uter\u00e1ky v cene.<br \/>\n\ud83c\udf54 Neobmedzen\u00e9 mno\u017estvo potrav\u00edn.<br \/>\n\ud83c\udf7a Neobmedzen\u00e9 mno\u017estvo nealkoholick\u00fdch n\u00e1pojov a piva.<br \/>\n\ud83c\udfe0 Viac miesta? Pozrite si <a href=\"https:\/\/canaryvip.com\/sk\/shop\/siam-park-vip-house\/\">Siam Park House<\/a>.<br \/>\n\ud83e\udd11 Garancia najlep\u0161ej ceny.<br \/>\n\ud83d\ude8d Bezplatn\u00e1 kyvadlov\u00e1 doprava.<br \/>\n\ud83c\udf0d Podpora vo viacer\u00fdch jazykoch.<br \/>\n\ud83c\udf1f Rezervujte teraz a u\u0161etrite!<br \/>\n\ud83d\udc32 Objavte <a href=\"https:\/\/canaryvip.com\/sk\/product-category\/tenerife\/theme-parks-tenerife\/siam-park-tickets\/\">v\u0161etky vstupenky na Siam Park tu<\/a>!<br \/>\n\ud83d\udccd N\u00e1js\u0165 <a href=\"https:\/\/maps.app.goo.gl\/UfftQG3CrqW5R81r9\">Siam Park na Map\u00e1ch Google<\/a>!<\/p>","protected":false},"featured_media":8819,"comment_status":"open","ping_status":"closed","template":"","meta":{"_acf_changed":false},"product_brand":[],"product_cat":[55,54],"product_tag":[],"class_list":{"0":"post-8817","1":"product","2":"type-product","3":"status-publish","4":"has-post-thumbnail","6":"product_cat-siam-park-tickets","7":"product_cat-theme-parks","8":"wcpa_has_options","10":"first","11":"instock","12":"virtual","13":"purchasable","14":"product-type-simple"},"acf":[],"wcpa_form_fields":{"wcpaData":{"product":{"product_price":660,"price_html":"From&nbsp;<span class=\"woocommerce-Price-amount amount\"><bdi>660,00&nbsp;<span class=\"woocommerce-Price-currencySymbol\">&euro;<\/span><\/bdi><\/span>","original_product_price":660,"price_including_tax":660,"price_excluding_tax":660,"product_id":{"parent":8817,"variation":false},"is_variable":false,"stock_status":"instock","stock_quantity":null,"parent_sku":"CV8817","product_attributes":[],"custom_fields":[],"is_taxable":false,"product_name":"Siam Park VIP Cabin","hasImage":false},"fields":{"sec_765dcbaa6daedc":{"extra":{"key":"sec_765dcbaa6daedc","section_id":"sec_765dcbaa6daedc","name":"Default","status":1,"cl_rule":"show","enableCl":false,"relations":[],"toggle":true,"title_tag":"h3","show_title":false,"showPrice":"default","form_id":10122,"form_rules":{"exclude_from_discount":true,"fee_label":"Fee","disp_hide_options_price":true,"disp_show_section_price":false,"disp_show_field_price":true,"layout_option":"standard","pric_use_as_fee":false,"process_fee_as":"woo_fee"},"layout_option":"standard"},"fields":[[{"active":true,"col":6,"relations":false,"cl_rule":"show","enableCl":false,"price":"","enablePrice":false,"className":"","label_position":"default","desc_position":"default","type":"date","required":false,"elementId":"date_9651671511","name":"date_9651671511","label":"\ud83d\udcc5 Date","picker_type":"custom","picker_mode":"single","error":false,"date_pic_inline":true,"date_pic_inline_hide":true,"min_date":{"type":"days","val":"3"},"max_date":{"type":"days_from_min","val":"700"},"date_pic_conf":{"disabledDates":["2025-07-01 to 2025-08-31","2025-10-01 to 2025-11-01","2026-04-01","2026-04-02 to 2026-04-07","2026-04-08"],"enabledDates":[]},"isWeightTemplate":false,"isTemplate":false,"min_quantity":"1","quantity_decimal":false,"quantity_step":"1","quantity_label":"Quantity","repeater_field_label":"{field_label}","repeater_bind":"","gt_translate_keys":["label","repeater_field_label","quantity_label"],"price_dependency":false,"cl_dependency":false,"value":""}],[{"active":true,"col":6,"relations":false,"cl_rule":"show","enableCl":false,"price":"","enablePrice":true,"className":"","label_position":"default","desc_position":"default","type":"select","required":false,"elementId":"select_5229375457","label":"\ud83d\udc64 Group Size","name":"select_5229375457","values":[{"label":"1 Person (660\u20ac)","value":"1 Person","selected":false,"tempId":"aco_670","price":"660","gt_translate_keys":["label"]},{"label":"2 People (660\u20ac)","value":"2 People","selected":false,"tempId":"aco_671","price":"660","gt_translate_keys":["label"]},{"label":"3 People (660\u20ac)","value":"3 People","selected":false,"tempId":"aco_672","price":"660","gt_translate_keys":["label"]},{"label":"4 People (660\u20ac)","value":"4 People","selected":false,"tempId":"aco_898","price":"660","gt_translate_keys":["label"]},{"label":"\u2500 Beyond 4 people, each extra person costs \u20ac165 \u2500","value":"\u2500 Beyond 4 people, each extra person costs \u20ac165 \u2500","selected":false,"tempId":"aco_1784","price":"660","gt_translate_keys":["label"]},{"label":"5 People (825\u20ac)","value":"5 People","selected":false,"tempId":"aco_908","price":"825","gt_translate_keys":["label"]},{"label":"6 People (990\u20ac)","value":"6 People","selected":false,"tempId":"aco_1062","price":"990","gt_translate_keys":["label"]}],"dropdown_type":"basic","error":false,"placeholder":"None","priceOptions":"different_for_all","pricingType":"fixed","gt_translate_keys":["label","placeholder"],"price_dependency":false,"cl_dependency":false,"value":""}]]}},"config":{"price_override":"always","enable_recaptcha":false,"bind_quantity":false,"quantity_bind_formula":false,"disp_summ_show_option_price":false,"disp_summ_show_product_price":false,"disp_summ_show_total_price":true,"disp_summ_show_fee":false,"disp_summ_show_discount":false,"summary_title":"","options_total_label":"Options Price","total_label":"Total","options_product_label":"Product Price","fee_label":"Fee","discount_label":"Discount","has_price":true,"has_quantity_formula":false},"mc_unit":1,"tax_rate":1,"tax_rate_real":1,"discount":{"percentage":0,"fixed":0},"design":{"conf":{"LabelPosition":"above","DescPosition":"above","UploadField":"custom_1","QuantityFieldStyle":"custom_1"},"css":{"LeftLabelWidth":"120px"}},"formulas":[],"lookuptables":[],"clones":false,"cartKey":false}},"_links":{"self":[{"href":"https:\/\/canaryvip.com\/sk\/wp-json\/wp\/v2\/product\/8817","targetHints":{"allow":["GET"]}}],"collection":[{"href":"https:\/\/canaryvip.com\/sk\/wp-json\/wp\/v2\/product"}],"about":[{"href":"https:\/\/canaryvip.com\/sk\/wp-json\/wp\/v2\/types\/product"}],"replies":[{"embeddable":true,"href":"https:\/\/canaryvip.com\/sk\/wp-json\/wp\/v2\/comments?post=8817"}],"wp:featuredmedia":[{"embeddable":true,"href":"https:\/\/canaryvip.com\/sk\/wp-json\/wp\/v2\/media\/8819"}],"wp:attachment":[{"href":"https:\/\/canaryvip.com\/sk\/wp-json\/wp\/v2\/media?parent=8817"}],"wp:term":[{"taxonomy":"product_brand","embeddable":true,"href":"https:\/\/canaryvip.com\/sk\/wp-json\/wp\/v2\/product_brand?post=8817"},{"taxonomy":"product_cat","embeddable":true,"href":"https:\/\/canaryvip.com\/sk\/wp-json\/wp\/v2\/product_cat?post=8817"},{"taxonomy":"product_tag","embeddable":true,"href":"https:\/\/canaryvip.com\/sk\/wp-json\/wp\/v2\/product_tag?post=8817"}],"curies":[{"name":"wp","href":"https:\/\/api.w.org\/{rel}","templated":true}]}}