{"id":8688,"date":"2024-01-12T17:20:38","date_gmt":"2024-01-12T16:20:38","guid":{"rendered":"https:\/\/canaryvip.com\/?post_type=product&#038;p=8688"},"modified":"2026-03-06T17:11:19","modified_gmt":"2026-03-06T17:11:19","slug":"loro-parque-tickets","status":"publish","type":"product","link":"https:\/\/canaryvip.com\/sk\/shop\/loro-parque-tickets\/","title":{"rendered":"K\u00fapi\u0165 vstupenky Loro Parque"},"content":{"rendered":"<h2>\ud83c\udf05 Loro Parque Vstupenky<\/h2>\n<p>Vst\u00fapte do o\u010daruj\u00faceho sveta a z\u00edskajte <strong>Vstupenky Loro Parque,<\/strong> o\u00e1zu rozmanitej divokej pr\u00edrody a pr\u00edrodn\u00fdch kr\u00e1s, ktor\u00e1 sa nach\u00e1dza v Puerto de la Cruz na severe Tenerife. Tento zn\u00e1my park pon\u00faka jedine\u010dn\u00fa kombin\u00e1ciu ochrany pr\u00edrody, vzdel\u00e1vania a z\u00e1bavy, v\u010faka \u010domu je povinnou destin\u00e1ciou pre milovn\u00edkov pr\u00edrody a dobrodruhov.<\/p>\n<p>Obdivujte \u00fa\u017easn\u00fa rozmanitos\u0165 zvierat, od majest\u00e1tnych tigrov a\u017e po hrav\u00e9 delf\u00edny, a ponorte sa do n\u00e1dherne upraven\u00fdch z\u00e1hrad a svie\u017eich tropick\u00fdch prostred\u00ed. Za\u017eite dokonal\u00e9 dobrodru\u017estvo a objavovanie na ka\u017edom kroku a vytvorte nezabudnute\u013en\u00e9 spomienky pre n\u00e1v\u0161tevn\u00edkov v\u0161etk\u00fdch vekov\u00fdch kateg\u00f3ri\u00ed.<\/p>\n<p><strong>K\u00fapi\u0165 vstupenky na Loro Parque<\/strong> cez CanaryVIP, aby ste mohli bez n\u00e1mahy vst\u00fapi\u0165 do tejto podmanivej zoologickej z\u00e1hrady, kde na v\u00e1s \u010dakaj\u00fa z\u00e1zraky pr\u00edrody, ktor\u00e9 v\u00e1s oslnia a pote\u0161ia. Vychutnajte si bezprobl\u00e9mov\u00fd z\u00e1\u017eitok a s\u00fastre\u010fte sa na vzru\u0161enie a kr\u00e1su, ktor\u00fa pon\u00faka Loro Parque.<\/p>\n<h3>\ud83c\udfad V\u00fdstavy zvierat, ktor\u00e9 mus\u00edte vidie\u0165<\/h3>\n<p>So vstupenkou CanaryVIP si m\u00f4\u017eete vychutna\u0165 vstup na zn\u00e1me predstavenia zvierat v Loro Parque:<\/p>\n<ul>\n<li><strong>Orca Show<\/strong>: Sta\u0148te sa svedkami sily t\u00fdchto majest\u00e1tnych tvorov.<\/li>\n<li><strong>V\u00fdstava delf\u00ednov<\/strong>: Nechajte sa ohromi\u0165 hrav\u00fdmi a inteligentn\u00fdmi delf\u00ednmi.<\/li>\n<li><strong>V\u00fdstava morsk\u00fdch levov<\/strong>: Vychutnajte si vyv\u00e1dzanie t\u00fdchto o\u010daruj\u00facich zvierat.<\/li>\n<li><strong>V\u00fdstava papag\u00e1jov<\/strong>: Nechajte sa oslni\u0165 farbami a schopnos\u0165ami r\u00f4znych druhov papag\u00e1jov.<\/li>\n<li><strong>Pr\u00edrodn\u00e1 v\u00edzia<\/strong>: 20-min\u00fatov\u00e1 filmov\u00e1 cesta do divo\u010diny.<\/li>\n<\/ul>\n<h3>\ud83d\udc3e Presk\u00famajte divy divokej pr\u00edrody<\/h3>\n<p>Vydajte sa na \u00fachvatn\u00fa cestu uprostred o\u00e1zy in\u0161pirovanej Thajskom.<\/p>\n<p><span style=\"text-decoration: underline;\">Za\u017eite \u00fa\u017eas z:<\/span><\/p>\n<ul>\n<li>Stretnutie s majest\u00e1tnymi jagu\u00e1rmi, levmi a tigrami<\/li>\n<li>Pozorovanie sily gor\u00edl a \u0161armu pandy \u010dervenej<\/li>\n<li>Pote\u0161enie z hrav\u00fdch morsk\u00fdch levov<\/li>\n<li>Obdivovanie \u0161irokej \u0161k\u00e1ly viac ako 400 druhov papag\u00e1jov<\/li>\n<li>Ponorenie sa do vodn\u00fdch z\u00e1zrakov v n\u00e1dr\u017eiach so \u017eralokmi a med\u00fazami<\/li>\n<li>Nad\u0161enie z expon\u00e1tov tu\u010dniakov, delf\u00ednov a kosatiek<\/li>\n<\/ul>\n<h4>\ud83d\ude8d Bezplatn\u00e9 autobusov\u00e9 transfery z ju\u017en\u00e9ho Tenerife<\/h4>\n<p>Vyu\u017eite na\u0161u jednoduch\u00fa kyvadlov\u00fa dopravu z ob\u013e\u00faben\u00fdch miest, ako s\u00fa Costa Adeje, Playa de las Am\u00e9ricas a Los Cristianos. Pohodlne sa usa\u010fte a te\u0161te sa na svoje nadch\u00e1dzaj\u00face dobrodru\u017estvo, zatia\u013e \u010do my sa postar\u00e1me o to, aby ste sa tam dostali. Na\u0161e plne klimatizovan\u00e9 autobusy zabezpe\u010dia plynul\u00fa a pr\u00edjemn\u00fa jazdu a\u017e na miesto Loro Parque.<\/p>\n<h4>\ud83c\udfab Flexibiln\u00e9 mo\u017enosti predaja vstupeniek<\/h4>\n<p>V\u00e1\u0161 l\u00edstok do Loro Parque od CanaryVIP.com pon\u00faka mo\u017enos\u0165 nav\u0161t\u00edvi\u0165 ho v \u013eubovo\u013en\u00fd de\u0148 po\u010das 6 mesiacov od d\u00e1tumu zak\u00fapenia. U\u017eite si slobodu napl\u00e1nova\u0165 si n\u00e1v\u0161tevu pod\u013ea vlastn\u00e9ho uv\u00e1\u017eenia.<\/p>\n<h4>\ud83d\udc6f \u0160peci\u00e1lny l\u00edstok pre dvoji\u010dky: Loro Parque + Siam Park<\/h4>\n<p>Maximalizujte svoje dobrodru\u017estvo na Tenerife s na\u0161ou exkluz\u00edvnou <a href=\"https:\/\/canaryvip.com\/sk\/shop\/twin-ticket-siam-park-and-loro-parque\/\">Ponuka Twin Ticket<\/a>. Za\u017eite z\u00e1zraky Loro Parque aj Siam Park za zv\u00fdhodnen\u00fa cenu. Vychutnajte si vzru\u0161uj\u00face vodn\u00e9 atrakcie Siam Park a o\u010daruj\u00facu kr\u00e1su expoz\u00edci\u00ed divokej pr\u00edrody Loro Parque, a to v\u0161etko s jednou v\u00fdhodnou vstupenkou. Dva nezabudnute\u013en\u00e9 z\u00e1\u017eitky za jednu neuverite\u013en\u00fa cenu.<\/p>\n<p>Nenechajte si ujs\u0165 t\u00fato bezkonkuren\u010dn\u00fa ponuku - zaobstarajte si Twin Ticket e\u0161te dnes a vytvorte si spomienky, ktor\u00e9 v\u00e1m zostan\u00fa na cel\u00fd \u017eivot!<\/p>\n<h4>\ud83d\udccdLokalita<\/h4>\n<p>Loro Parque sa nach\u00e1dza v malebnej oblasti Puerto de la Cruz na severe Tenerife. Volite\u013en\u00e1 dopravn\u00e1 slu\u017eba je k dispoz\u00edcii z juhu alebo severu Tenerife. <a href=\"https:\/\/www.google.com\/maps\/place\/Loro+Parque\/@28.408541,-16.5661227,15z\/data=!4m6!3m5!1s0xc6a7fc6f1bca7a1:0x2d783f66b7a8b668!8m2!3d28.408541!4d-16.5661227!16zL20vMDhmampn?entry=tts\" target=\"_blank\" rel=\"noopener\">Skontrolujte adresu na Map\u00e1ch Google<\/a>.<\/p>\n<h4>\ud83c\udf1f Pre\u010do si k\u00fapi\u0165 vstupenky na CanaryVIP.com?<\/h4>\n<p>Ponorte sa do o\u010daruj\u00faceho sveta Loro Parque s CanaryVIP, ktor\u00fd je va\u0161ou vo\u013ebou \u010d\u00edslo jeden na <strong>k\u00fapi\u0165 vstupenky do Loro Parque.<\/strong>\u00a0Ke\u010f sa rozhodnete <strong>k\u00fapi\u0165 vstupenky do Loro Parque<\/strong> Prostredn\u00edctvom slu\u017eby CanaryVIP z\u00edskate nielen jednoduch\u00fd proces rezerv\u00e1cie, ale aj v\u00fdznamn\u00fa v\u00fdhodu v podobe presko\u010denia dlh\u00fdch radov na n\u00e1kup vstupeniek v parku.<\/p>\n<p>Na\u0161e jedine\u010dn\u00e9 ponuky s\u00fa bezkonkuren\u010dn\u00e9 a poskytuj\u00fa skvel\u00fa cenu a flexibilitu, v\u010faka ktorej m\u00f4\u017eete nav\u0161t\u00edvi\u0165 z\u00e1zraky Loro Parque pod\u013ea vlastn\u00e9ho harmonogramu. Od sledovania \u017eiv\u00fdch predstaven\u00ed zvierat a\u017e po pribl\u00ed\u017eenie sa k majest\u00e1tnym divok\u00fdm zvierat\u00e1m alebo jednoduch\u00e9 vn\u00edmanie \u00fa\u017easnej pr\u00edrodnej scen\u00e9rie, rozhodnutie <strong>k\u00fapi\u0165 vstupenky na Loro Parque od<\/strong>m CanaryVIP je va\u0161a vstupenka na bezprobl\u00e9mov\u00e9 a nezabudnute\u013en\u00e9 dobrodru\u017estvo v srdci raja divokej pr\u00edrody na Tenerife.<\/p>\n<p><span style=\"text-decoration: underline;\">Rezervujte si svoje dobrodru\u017estvo v Loro Parque e\u0161te dnes!<\/span><\/p>","protected":false},"excerpt":{"rendered":"<p><strong>\ud83d\udd0d Vstupenky do parku Loro Parque:<\/strong><br \/>\n\u2705 Bezpe\u010dn\u00e1 platba.<br \/>\n\ud83d\ude80 R\u00fdchly vstup pre dr\u017eite\u013eov preukazu.<br \/>\n\ud83d\udd59 Otvoren\u00e9 od 09:30 do 17:30.<br \/>\n\ud83d\udc2c Pr\u00edstup ku v\u0161etk\u00fdm rel\u00e1ci\u00e1m.<br \/>\n\ud83e\udd11 Garancia najlep\u0161ej ceny.<br \/>\n\ud83d\ude8d Autobusov\u00e1 doprava k dispoz\u00edcii.<br \/>\n\ud83d\udc6a Z\u013eavy pre skupinov\u00e9 rezerv\u00e1cie.<br \/>\n\ud83d\udd0d Skontrolujte <a href=\"https:\/\/canaryvip.com\/wp-content\/uploads\/2024\/01\/Map_ING_LOROPARQUE.pdf\">Loro Parque Mapa<\/a>.<br \/>\n\ud83d\udd01 Do 72 h Zru\u0161enie.<br \/>\n\ud83c\udf0d Podpora vo viacer\u00fdch jazykoch.<br \/>\n\ud83c\udf1f Rezervujte teraz a u\u0161etrite!<br \/>\n2\ufe0f\u20e3 Skontrolujte ponuku <a href=\"https:\/\/canaryvip.com\/sk\/shop\/buy-twin-ticket-siam-park-and-loro-parque\/\">Siam + Loro Parque<\/a>.<br \/>\n\ud83d\udc32 Objavte <a href=\"https:\/\/canaryvip.com\/sk\/product-category\/tenerife\/theme-parks-tenerife\/loro-parque-tickets\/\">v\u0161etky vstupenky Loro Parque Tu<\/a>!<br \/>\n\ud83d\udccd N\u00e1js\u0165 <a href=\"https:\/\/maps.app.goo.gl\/Rt8EAYEVgmkqjJry8\">Loro Parque na Map\u00e1ch Google<\/a>!<\/p>","protected":false},"featured_media":8690,"comment_status":"open","ping_status":"closed","template":"","meta":{"_acf_changed":false},"product_brand":[],"product_cat":[54,56],"product_tag":[],"class_list":{"0":"post-8688","1":"product","2":"type-product","3":"status-publish","4":"has-post-thumbnail","6":"product_cat-theme-parks","7":"product_cat-loro-parque-tickets","8":"wcpa_has_options","10":"first","11":"instock","12":"virtual","13":"purchasable","14":"product-type-simple"},"acf":[],"wcpa_form_fields":{"wcpaData":{"product":{"product_price":44,"price_html":"From&nbsp;<span class=\"woocommerce-Price-amount amount\"><bdi>44,00&nbsp;<span class=\"woocommerce-Price-currencySymbol\">&euro;<\/span><\/bdi><\/span>","original_product_price":44,"price_including_tax":44,"price_excluding_tax":44,"product_id":{"parent":8688,"variation":false},"is_variable":false,"stock_status":"instock","stock_quantity":null,"parent_sku":"CV8688","product_attributes":[],"custom_fields":[],"is_taxable":false,"product_name":"Buy Loro Parque Tickets","hasImage":false},"fields":{"sec_965dc8e939dab8":{"extra":{"key":"sec_965dc8e939dab8","section_id":"sec_965dc8e939dab8","name":"Default","status":1,"cl_rule":"show","enableCl":false,"relations":[],"toggle":true,"title_tag":"h3","show_title":false,"showPrice":"default","form_id":10118,"form_rules":{"exclude_from_discount":true,"fee_label":"Fee","disp_hide_options_price":true,"disp_show_section_price":false,"disp_show_field_price":true,"layout_option":"standard","pric_use_as_fee":false,"process_fee_as":"woo_fee"},"layout_option":"standard"},"fields":[[{"active":true,"col":6,"relations":false,"cl_rule":"show","enableCl":false,"price":"","enablePrice":false,"className":"","label_position":"default","desc_position":"default","type":"radio-group","required":false,"elementId":"radio_9896791015","label":"\ud83c\udf1f Type of Ticket","name":"radio_9896791015","values":[{"label":"Regular Tickets (44\u20ac)","value":"Regular Tickets","selected":false,"tempId":"aco_1071","description":"Regular Admission Tickets.","gt_translate_keys":["label","description"]},{"label":" All Inclusive Tickets (132\u20ac)","value":"All Inclusive Tickets","selected":false,"tempId":"aco_1072","description":"VIP admission with all-inclusive access: entry, Loro Parque cap, Loro Explore experience, reserved VIP seating at shows, and unlimited food and drinks at restaurants (excluding Gambian Market, shops, and bazaars).","gt_translate_keys":["label","description"]}],"layOut":"","error":false,"checkUi":"toggle","options_description":true,"gt_translate_keys":["label"],"price_dependency":false,"cl_dependency":[false,false,false],"value":""}]]},"sec_465dc8e939dadd":{"extra":{"key":"sec_465dc8e939dadd","section_id":"sec_465dc8e939dadd","name":"Loro Parque Regular Tickets","status":1,"cl_rule":"show","enableCl":true,"relations":[{"operator":false,"rules":[{"operator":"AND","rules":{"cl_field":"radio_9896791015","cl_relation":"is","cl_val":"Regular Tickets"}}]}],"toggle":true,"title_tag":"h4","show_title":false,"showPrice":"default","form_id":10118,"form_rules":{"exclude_from_discount":true,"fee_label":"Fee","disp_hide_options_price":true,"disp_show_section_price":false,"disp_show_field_price":true,"layout_option":"standard","pric_use_as_fee":false,"process_fee_as":"woo_fee"},"layout_option":"standard"},"fields":[[{"label":"\ud83d\udcc5 Date","active":true,"required":true,"elementId":"date_165dc8e939daea","picker_type":"custom","picker_mode":"single","placeholder":"","description":"","tooltip":"","name":"date_165dc8e939daea","label_position":"default","desc_position":"default","enablePrice":false,"className":"","enableCl":false,"relations":[{"operator":"and","rules":[{"operator":"AND","rules":{"cl_field":"radio-group_765dc8e939dadb","cl_relation":"is","cl_val":"3 Hour Trip"}}]}],"date_pic_inline":true,"date_pic_inline_hide":true,"min_date":{"type":"days","val":"0"},"max_date":{"type":"days","val":"365"},"date_pic_conf":{"disabledWeeks":[]},"price":"","cl_rule":"show","col":6,"type":"date","error":false,"enableDesign":false,"LabelColor":"","gt_translate_keys":["label","placeholder","description","tooltip"],"price_dependency":false,"cl_dependency":false,"value":""}],[{"elementId":"separator-8941951695","separatorType":"blank","className":"","height":"10","enableCl":false,"relations":false,"cl_rule":"show","col":6,"type":"separator","gt_translate_keys":[],"price_dependency":false,"cl_dependency":false,"value":""}],[{"active":true,"col":6,"relations":false,"cl_rule":"show","enableCl":false,"price":"","enablePrice":false,"className":"","label_position":"default","desc_position":"default","type":"content","required":false,"elementId":"content_1065dc8e939db00","label":"People","name":"content_1065dc8e939db00","contentType":"plain","value":"","error":false,"show_in_checkout":true,"inline":false,"gt_translate_keys":["label","value"],"price_dependency":false,"cl_dependency":false}],[{"active":true,"col":6,"relations":[{"operator":false,"rules":[{"operator":"AND","rules":{"cl_field":"","cl_relation":"","cl_val":""}}]}],"cl_rule":"show","enableCl":true,"price":"44","enablePrice":true,"className":"","label_position":"default","desc_position":"default","type":"radio-group","required":false,"elementId":"radio-group_1065dc8e939db0b","label":"","name":"radio-group_1065dc8e939db0b","values":[{"label":"\ud83d\udc64 Adult (44\u20ac)","value":"Adult (42\u20ac)","selected":true,"tempId":"aco_32","tooltip":"+12 Years","description":"","gt_translate_keys":["label","tooltip","description"]}],"layOut":"","error":false,"checkUi":"button","priceOptions":"fixed_for_all","pricingType":"fixed","enable_quantity":true,"quantity_label":"","min_quantity":"0","options_tooltip":true,"options_description":true,"gt_translate_keys":["label","quantity_label"],"price_dependency":false,"cl_dependency":false,"value":""}],[{"label":"","active":true,"required":false,"elementId":"radio-group_465dc8e939db16","name":"radio-group_465dc8e939db16","label_position":"default","desc_position":"default","enablePrice":true,"className":"","enableCl":false,"relations":false,"enable_quantity":true,"quantity_label":"","min_quantity":"0","checkUi":"button","layOut":"","values":[{"label":"\ud83d\udc66 Child (32\u20ac)","value":"Child","selected":true,"tempId":"aco_32","tooltip":"3-11 Years","description":"","gt_translate_keys":["label","tooltip","description"]}],"priceOptions":"fixed_for_all","pricingType":"fixed","price":"32","cl_rule":"show","col":6,"type":"radio-group","error":false,"options_tooltip":true,"options_description":true,"gt_translate_keys":["label","quantity_label"],"price_dependency":false,"cl_dependency":false,"value":""}],[{"label":"","active":true,"required":false,"elementId":"radio-group_165dc8e939db20","name":"radio-group_165dc8e939db20","label_position":"default","desc_position":"default","enablePrice":true,"className":"","enableCl":false,"relations":false,"enable_quantity":true,"quantity_label":"","min_quantity":"0","checkUi":"button","layOut":"","values":[{"label":"\ud83d\udc76 Toddler (Free)","value":"Toddler (Free)","selected":true,"tempId":"aco_32","tooltip":"0-2 Years","gt_translate_keys":["label","tooltip"]}],"priceOptions":"fixed_for_all","pricingType":"fixed","price":"0","cl_rule":"show","col":6,"type":"radio-group","error":false,"options_tooltip":true,"gt_translate_keys":["label","quantity_label"],"price_dependency":false,"cl_dependency":false,"value":""}]]},"sec_h18121qk243":{"extra":{"key":"sec_h18121qk243","section_id":"sec_h18121qk243","name":"Loro Parque All Inclusive","status":1,"cl_rule":"show","enableCl":true,"relations":[{"operator":false,"rules":[{"operator":"AND","rules":{"cl_field":"radio_9896791015","cl_relation":"is","cl_val":"All Inclusive Tickets"}}]}],"toggle":true,"title_tag":"h4","show_title":false,"showPrice":"default","form_id":10118,"form_rules":{"exclude_from_discount":true,"fee_label":"Fee","disp_hide_options_price":true,"disp_show_section_price":false,"disp_show_field_price":true,"layout_option":"standard","pric_use_as_fee":false,"process_fee_as":"woo_fee"},"layout_option":"standard"},"fields":[[{"label":"\ud83d\udcc5 Date","active":true,"required":true,"elementId":"date-2207631932","picker_type":"custom","picker_mode":"single","placeholder":"","description":"","tooltip":"","name":"date-2207631932","label_position":"default","desc_position":"default","enablePrice":false,"className":"","enableCl":false,"relations":[{"operator":"and","rules":[{"operator":"AND","rules":{"cl_field":"radio-group_765dc8e939dadb","cl_relation":"is","cl_val":"3 Hour Trip"}}]}],"enableDesign":false,"LabelColor":"","date_pic_inline":true,"date_pic_inline_hide":true,"min_date":{"type":"days","val":"4"},"max_date":{"type":"days","val":"365"},"date_pic_conf":{"disabledWeeks":[]},"price":"","cl_rule":"show","col":6,"type":"date","error":false,"gt_translate_keys":["label","placeholder","description","tooltip"],"price_dependency":false,"cl_dependency":false,"value":""}],[{"elementId":"separator-2207641933","separatorType":"blank","className":"","height":"10","enableCl":false,"relations":false,"cl_rule":"show","col":6,"type":"separator","gt_translate_keys":[],"price_dependency":false,"cl_dependency":false,"value":""}],[{"contentType":"plain","active":true,"label":"People","elementId":"content-2207641934","value":"","inline":false,"show_in_checkout":true,"name":"content-2207641934","enablePrice":false,"className":"","enableCl":false,"relations":false,"price":"","cl_rule":"show","col":6,"type":"content","gt_translate_keys":["label","value"],"price_dependency":false,"cl_dependency":false}],[{"label":"","active":true,"required":false,"elementId":"radio-group-2207641935","name":"radio-group-2207641935","label_position":"default","desc_position":"default","enablePrice":true,"className":"","enableCl":true,"relations":[{"operator":false,"rules":[{"operator":"AND","rules":{"cl_field":"","cl_relation":"","cl_val":""}}]}],"enable_quantity":true,"quantity_label":"","min_quantity":"0","checkUi":"button","layOut":"","options_tooltip":true,"options_description":true,"values":[{"label":"\ud83d\udc64 Adult or Child (132\u20ac)","value":"Adult","selected":true,"tempId":"aco_32","tooltip":"Equal pricing for adults and children.","description":"","gt_translate_keys":["label","tooltip","description"]}],"priceOptions":"fixed_for_all","pricingType":"fixed","price":"132","cl_rule":"show","col":6,"type":"radio-group","error":false,"gt_translate_keys":["label","quantity_label"],"price_dependency":false,"cl_dependency":false,"value":""}],[{"label":"","active":true,"required":false,"elementId":"radio-group-2207641937","name":"radio-group-2207641937","label_position":"default","desc_position":"default","enablePrice":true,"className":"","enableCl":false,"relations":false,"enable_quantity":true,"quantity_label":"","min_quantity":"0","checkUi":"button","layOut":"","options_tooltip":true,"values":[{"label":"\ud83d\udc76 Toddler (Free)","value":"Toddler (Free)","selected":true,"tempId":"aco_32","tooltip":"0-1 Years","gt_translate_keys":["label","tooltip"]}],"priceOptions":"fixed_for_all","pricingType":"fixed","price":"0","cl_rule":"show","col":6,"type":"radio-group","error":false,"gt_translate_keys":["label","quantity_label"],"price_dependency":false,"cl_dependency":false,"value":""}]]},"sec_1065dc8e939db8c":{"extra":{"key":"sec_1065dc8e939db8c","section_id":"sec_1065dc8e939db8c","name":"Transfer from South Tenerife?","status":1,"cl_rule":"show","enableCl":true,"relations":[{"operator":false,"rules":[{"operator":"AND","rules":{"cl_field":"radio_9896791015","cl_relation":"is_not_empty","cl_val":""}}]}],"toggle":true,"title_tag":"h4","show_title":false,"showPrice":"default","form_id":10118,"form_rules":{"exclude_from_discount":true,"fee_label":"Fee","disp_hide_options_price":true,"disp_show_section_price":false,"disp_show_field_price":true,"layout_option":"standard","pric_use_as_fee":false,"process_fee_as":"woo_fee"},"layout_option":"standard"},"fields":[[{"active":true,"col":6,"relations":false,"cl_rule":"show","enableCl":false,"price":"","enablePrice":false,"className":"","label_position":"default","desc_position":"default","type":"separator","required":false,"elementId":"separator_465dc8e939db96","label":"Separator Field","height":"10","separatorType":"blank","gt_translate_keys":["label"],"price_dependency":false,"cl_dependency":false,"value":""}],[{"active":true,"col":6,"relations":false,"cl_rule":"show","enableCl":false,"price":"","enablePrice":false,"className":"","label_position":"default","desc_position":"default","type":"checkbox-group","required":false,"elementId":"checkbox-group_565dc8e939dba0","label":"","name":"checkbox-group_565dc8e939dba0","values":[{"label":"Transfer from South Tenerife?","value":"Transfer from South Tenerife?","selected":false,"tempId":"aco_4311","description":"Need transport to Loro Parque from South Tenerife? Book our daily pickup from Costa Adeje and Los Cristianos. For Alcal\u00e1, Abama & Los Gigantes: pickup only on Mon, Wed, Thu & Sat. From Golf del Sur: only on Tue & Fri.","gt_translate_keys":["label","description"]}],"options_description":true,"error":false,"layOut":"","checkUi":"toggle","gt_translate_keys":["label"],"price_dependency":false,"cl_dependency":["radio-group_965dc8e939dbaa","radio-group_565dc8e939dbb4","radio-group_065dc8e939dbbe","text_2798566491"],"value":""}],[{"label":"","active":true,"required":false,"elementId":"radio-group_965dc8e939dbaa","name":"radio-group_965dc8e939dbaa","label_position":"default","desc_position":"default","enablePrice":true,"className":"","enableCl":true,"relations":[{"operator":false,"rules":[{"operator":"AND","rules":{"cl_field":"checkbox-group_565dc8e939dba0","cl_relation":"is_not_empty","cl_val":""}}]}],"enable_quantity":true,"quantity_label":"","min_quantity":"0","checkUi":"button","layOut":"","options_tooltip":true,"values":[{"label":"\ud83d\udc64 Adult (21\u20ac)","value":"Adult","selected":true,"tempId":"aco_32","tooltip":"+12 Years","gt_translate_keys":["label","tooltip"]}],"priceOptions":"fixed_for_all","pricingType":"fixed","price":"21","cl_rule":"show","col":6,"type":"radio-group","error":false,"gt_translate_keys":["label","quantity_label"],"price_dependency":false,"cl_dependency":false,"value":""}],[{"label":"","active":true,"required":false,"elementId":"radio-group_565dc8e939dbb4","name":"radio-group_565dc8e939dbb4","label_position":"default","desc_position":"default","enablePrice":true,"className":"","enableCl":true,"relations":[{"operator":false,"rules":[{"operator":"AND","rules":{"cl_field":"checkbox-group_565dc8e939dba0","cl_relation":"is_not_empty","cl_val":""}}]}],"enable_quantity":true,"quantity_label":"","min_quantity":"0","checkUi":"button","layOut":"","options_tooltip":true,"values":[{"label":"\ud83d\udc66 Child (17\u20ac)","value":"Child","selected":true,"tempId":"aco_32","tooltip":"2-11 Years","gt_translate_keys":["label","tooltip"]}],"priceOptions":"fixed_for_all","pricingType":"fixed","price":"17","cl_rule":"show","col":6,"type":"radio-group","error":false,"gt_translate_keys":["label","quantity_label"],"price_dependency":false,"cl_dependency":false,"value":""}],[{"label":"","active":true,"required":false,"elementId":"radio-group_065dc8e939dbbe","name":"radio-group_065dc8e939dbbe","label_position":"default","desc_position":"default","enablePrice":true,"className":"","enableCl":true,"relations":[{"operator":false,"rules":[{"operator":"AND","rules":{"cl_field":"checkbox-group_565dc8e939dba0","cl_relation":"is_not_empty","cl_val":""}}]}],"enable_quantity":true,"quantity_label":"","min_quantity":"0","checkUi":"button","layOut":"","options_tooltip":true,"values":[{"label":"\ud83d\udc76 Infant (Free)","value":"Infant (Free)","selected":true,"tempId":"aco_32","tooltip":"0-1 Years","gt_translate_keys":["label","tooltip"]}],"priceOptions":"fixed_for_all","pricingType":"fixed","price":"0","cl_rule":"show","col":6,"type":"radio-group","error":false,"gt_translate_keys":["label","quantity_label"],"price_dependency":false,"cl_dependency":false,"value":""}],[{"active":true,"col":6,"relations":[{"operator":false,"rules":[{"operator":"AND","rules":{"cl_field":"checkbox-group_565dc8e939dba0","cl_relation":"is_not_empty","cl_val":""}}]}],"cl_rule":"show","enableCl":true,"price":"","enablePrice":false,"className":"","label_position":"default","desc_position":"default","type":"text","subtype":"text","required":false,"elementId":"text_2798566491","label":"\ud83d\ude8c Pickup Location","name":"text_2798566491","value":"","error":false,"description":"Pick-up service in South Tenerife. Simply provide your address or hotel name.","gt_translate_keys":["label","description","value"],"price_dependency":false,"cl_dependency":false}]]}},"config":{"price_override":"if_gt_zero","enable_recaptcha":false,"bind_quantity":false,"quantity_bind_formula":false,"disp_summ_show_option_price":true,"disp_summ_show_product_price":false,"disp_summ_show_total_price":true,"disp_summ_show_fee":true,"disp_summ_show_discount":true,"summary_title":"","options_total_label":"Options Price","total_label":"Total Amount","options_product_label":"Product Price","fee_label":"Fee","discount_label":"Discount","has_price":true,"has_quantity_formula":false},"mc_unit":1,"tax_rate":1,"tax_rate_real":1,"discount":{"percentage":0,"fixed":0},"design":{"conf":{"LabelPosition":"above","DescPosition":"above","UploadField":"custom_1","QuantityFieldStyle":"custom_1"},"css":{"LeftLabelWidth":"120px"}},"formulas":[],"lookuptables":[],"clones":false,"cartKey":false}},"_links":{"self":[{"href":"https:\/\/canaryvip.com\/sk\/wp-json\/wp\/v2\/product\/8688","targetHints":{"allow":["GET"]}}],"collection":[{"href":"https:\/\/canaryvip.com\/sk\/wp-json\/wp\/v2\/product"}],"about":[{"href":"https:\/\/canaryvip.com\/sk\/wp-json\/wp\/v2\/types\/product"}],"replies":[{"embeddable":true,"href":"https:\/\/canaryvip.com\/sk\/wp-json\/wp\/v2\/comments?post=8688"}],"wp:featuredmedia":[{"embeddable":true,"href":"https:\/\/canaryvip.com\/sk\/wp-json\/wp\/v2\/media\/8690"}],"wp:attachment":[{"href":"https:\/\/canaryvip.com\/sk\/wp-json\/wp\/v2\/media?parent=8688"}],"wp:term":[{"taxonomy":"product_brand","embeddable":true,"href":"https:\/\/canaryvip.com\/sk\/wp-json\/wp\/v2\/product_brand?post=8688"},{"taxonomy":"product_cat","embeddable":true,"href":"https:\/\/canaryvip.com\/sk\/wp-json\/wp\/v2\/product_cat?post=8688"},{"taxonomy":"product_tag","embeddable":true,"href":"https:\/\/canaryvip.com\/sk\/wp-json\/wp\/v2\/product_tag?post=8688"}],"curies":[{"name":"wp","href":"https:\/\/api.w.org\/{rel}","templated":true}]}}