{"id":16199,"date":"2025-12-09T15:19:55","date_gmt":"2025-12-09T15:19:55","guid":{"rendered":"https:\/\/canaryvip.com\/?post_type=product&#038;p=16199"},"modified":"2025-12-09T15:35:17","modified_gmt":"2025-12-09T15:35:17","slug":"fast-boat-tour-from-los-cristianos-to-los-gigantes","status":"publish","type":"product","link":"https:\/\/canaryvip.com\/sk\/shop\/fast-boat-tour-from-los-cristianos-to-los-gigantes\/","title":{"rendered":"R\u00fdchla plavba lo\u010fou z Los Cristianos do Los Gigantes"},"content":{"rendered":"<h3>\ud83d\udea4 Za\u017eite jedine\u010dn\u00fa r\u00fdchlu plavbu lo\u010fou z Los Cristianos do Los Gigantes<\/h3>\n<p>Pridajte sa k CanaryVIP na vzru\u0161uj\u00face dobrodru\u017estvo pozd\u013a\u017e juhoz\u00e1padn\u00e9ho pobre\u017eia Tenerife na palube modernej 32-miestnej r\u00fdchlej lode. T\u00e1to exkluz\u00edvna <strong>v\u00fdlet lo\u010fou do Los Gigantes<\/strong> je jedin\u00fd, ktor\u00fd odlieta priamo z <strong>Pr\u00edstav Los Cristianos<\/strong>, kombinuj\u00faca vzru\u0161enie, pohodlie a \u00fachvatn\u00fa scen\u00e9riu v 3-hodinovej ceste, na ktor\u00fa nikdy nezabudnete.<\/p>\n<p>Ke\u010f budeme pl\u00e1va\u0165 pozd\u013a\u017e pobre\u017eia, budete obklopen\u00ed sope\u010dnou krajinou a tyrkysov\u00fdmi vodami a smerova\u0165 k impozantnej <strong>\u00datesy Los Gigantes<\/strong> ktor\u00e9 sa t\u00fd\u010dia do v\u00fd\u0161ky viac ako 600 metrov nad Atlantick\u00fdm oce\u00e1nom.<\/p>\n<h3>\ud83c\udf0a Najd\u00f4le\u017eitej\u0161ie momenty z\u00e1\u017eitku<\/h3>\n<ul>\n<li><strong>R\u00fdchla a pohodln\u00e1 lo\u010f<\/strong>: V\u00fdkonn\u00fd motorov\u00fd \u010dln navrhnut\u00fd pre plynul\u00fa plavbu a pohodlie, s kapacitou a\u017e 32 pasa\u017eierov.<\/li>\n<li><strong>P\u00f4sobiv\u00e9 v\u00fdh\u013eady<\/strong>: Vychutnajte si panoramatick\u00fd v\u00fdh\u013ead na divok\u00e9 pobre\u017eie Tenerife a majest\u00e1tne \u00fatesy Los Gigantes.<\/li>\n<li><strong>Pl\u00e1vanie v z\u00e1toke Masca<\/strong>: Osvie\u017ete sa v kri\u0161t\u00e1\u013eovo \u010distej vode tejto o\u010daruj\u00facej skrytej z\u00e1toky.<\/li>\n<li><strong>\u013dahk\u00e9 ob\u010derstvenie v cene<\/strong>: Na palube sa pod\u00e1vaj\u00fa sendvi\u010de a balen\u00e1 voda, aby bola va\u0161a cesta e\u0161te pr\u00edjemnej\u0161ia.<\/li>\n<li><strong>Miestny sprievodca<\/strong>: Zistite zauj\u00edmavosti a pr\u00edbehy o ju\u017enom pobre\u017e\u00ed Tenerife od n\u00e1\u0161ho priate\u013esk\u00e9ho dvojjazy\u010dn\u00e9ho sprievodcu.<\/li>\n<\/ul>\n<h3>\ud83d\udee5\ufe0f R\u00fdchla lo\u010f do Los Gigantes<\/h3>\n<ul>\n<li><strong>Trvanie<\/strong>: Pribli\u017ene 3 hodiny (spiato\u010dn\u00e1 cesta).<\/li>\n<li><strong>Pl\u00e1n<\/strong>: Odchody ka\u017ed\u00fd pondelok, stredu, piatok, sobotu a nede\u013eu o 10:00.<\/li>\n<li><strong>Miesto odchodu<\/strong>: <a href=\"https:\/\/www.google.com\/maps\/place\/Puerto+de+Los+Cristianos\/\" target=\"_blank\" rel=\"noopener\">Pr\u00edstav Los Cristianos<\/a>. Pros\u00edm, pr\u00eddite 15 min\u00fat pred odchodom.<\/li>\n<\/ul>\n<h3>\ud83d\udc2c V\u00fdlet lo\u010fou po z\u00e1toke Masca: Skryt\u00fd raj<\/h3>\n<p>Ako s\u00fa\u010das\u0165 tohto <strong>V\u00fdlet lo\u010fou po z\u00e1toke Masca<\/strong>, zakotv\u00edme v jednej z najmalebnej\u0161\u00edch z\u00e1tok Tenerife. Obklopen\u00e1 \u00fatesmi a tyrkysovou vodou je to ide\u00e1lne miesto na pl\u00e1vanie, \u0161norchlovanie alebo jednoducho relax na palube, kde si m\u00f4\u017eete vychutna\u0165 pokojn\u00fa atmosf\u00e9ru Atlantiku.<\/p>\n<p>\u0160norchlovacie vybavenie nie je zahrnut\u00e9 v cene, ale m\u00f4\u017eete si ho prenaja\u0165 na palube za 15 \u20ac na osobu.<\/p>\n<h3>\ud83c\udf74 \u010co je zahrnut\u00e9<\/h3>\n<ul>\n<li>3 hodiny <strong>v\u00fdlet lo\u010fou z Los Cristianos do Los Gigantes<\/strong>.<\/li>\n<li>Pohodln\u00e9 sedenie pre a\u017e 32 cestuj\u00facich.<\/li>\n<li>Sendvi\u010d a f\u013ea\u0161a vody (na po\u017eiadanie k dispoz\u00edcii vegetari\u00e1nske varianty).<\/li>\n<li>Dvojjazy\u010dn\u00fd miestny sprievodca (\u0161paniel\u010dina a angli\u010dtina).<\/li>\n<li>Zastavte sa na k\u00fapanie a \u0161norchlovanie v z\u00e1toke Masca.<\/li>\n<li>Cestovn\u00e9 poistenie a kompletn\u00e9 bezpe\u010dnostn\u00e9 vybavenie na palube.<\/li>\n<\/ul>\n<h3>\u274c Nie je zahrnut\u00e9<\/h3>\n<ul>\n<li>Pren\u00e1jom pot\u00e1pa\u010dsk\u00e9ho vybavenia (k dispoz\u00edcii na palube za 15 \u20ac na osobu).<\/li>\n<li>Dodato\u010dn\u00e9 n\u00e1poje alebo ob\u010derstvenie.<\/li>\n<li>Odvoz z hotela a sp\u00e4\u0165 (volite\u013en\u00fd transfer za pr\u00edplatok).<\/li>\n<li>Uter\u00e1ky a osobn\u00e9 veci.<\/li>\n<\/ul>\n<h3>\ud83d\udcf8 U\u017eito\u010dn\u00e9 inform\u00e1cie<\/h3>\n<ul>\n<li><strong>Kapacita<\/strong>: Obmedzen\u00e9 na 32 pasa\u017eierov pre pohodln\u00fd a personalizovan\u00fd z\u00e1\u017eitok.<\/li>\n<li><strong>Odpor\u00fa\u010dania<\/strong>: Nezabudnite si prinies\u0165 plavky, uter\u00e1k, slne\u010dn\u00e9 okuliare, opa\u013eovac\u00ed kr\u00e9m a fotoapar\u00e1t, aby ste mohli zachyti\u0165 \u00fa\u017easn\u00e9 v\u00fdh\u013eady.<\/li>\n<li><strong>Obmedzenia<\/strong>: Na palube je zak\u00e1zan\u00e9 faj\u010di\u0165. Deti do 18 rokov musia by\u0165 v sprievode dospel\u00e9ho.<\/li>\n<\/ul>\n<h3>\ud83d\udcbc Jednoduch\u00e9 rezervovanie s CanaryVIP<\/h3>\n<ul>\n<li><strong>Jednoduch\u00e1 rezerv\u00e1cia<\/strong>: Rezervujte si miesta online a zabezpe\u010dte si svoje miesto okam\u017eite.<\/li>\n<li><strong>Vysok\u00fd dopyt<\/strong>: Toto <strong>r\u00fdchla lo\u010f do Los Gigantes<\/strong> r\u00fdchlo sa zap\u013a\u0148a, preto odpor\u00fa\u010dame rezervova\u0165 vopred.<\/li>\n<li><strong>Flexibiln\u00e9 platby<\/strong>: Pre va\u0161e pohodlie je k dispoz\u00edcii viacero bezpe\u010dn\u00fdch platobn\u00fdch met\u00f3d.<\/li>\n<\/ul>\n<h3>\ud83d\udd52 Storno podmienky<\/h3>\n<p>Vieme, \u017ee pl\u00e1ny sa m\u00f4\u017eu zmeni\u0165, preto pon\u00fakame flexibiln\u00e9 storno podmienky pre tento v\u00fdlet lo\u010fou na Tenerife.<\/p>\n<ul>\n<li><strong>Bezplatn\u00e9 zru\u0161enie do 48 hod\u00edn pred odchodom<\/strong>: Ak zru\u0161\u00edte rezerv\u00e1ciu najmenej 48 hod\u00edn pred za\u010diatkom z\u00e1jazdu, dostanete sp\u00e4\u0165 pln\u00fa sumu.<\/li>\n<li><strong>Menej ako 48 hod\u00edn pred odletom<\/strong>: Bohu\u017eia\u013e, v pr\u00edpade zru\u0161enia rezerv\u00e1cie na posledn\u00fa chv\u00ed\u013eu nie je mo\u017en\u00e9 poskytn\u00fa\u0165 \u017eiadnu n\u00e1hradu.<\/li>\n<li><strong>Vy\u0161\u0161ia moc<\/strong>: V ojedinel\u00fdch pr\u00edpadoch nepriazniv\u00e9ho po\u010dasia, rozb\u00faren\u00e9ho mora alebo prev\u00e1dzkov\u00fdch probl\u00e9mov v\u00e1m pon\u00fakneme nov\u00fd term\u00edn alebo pln\u00fa refund\u00e1ciu.<\/li>\n<\/ul>\n<h3>\ud83c\udf34 Pre\u010do rezervova\u0165 s CanaryVIP?<\/h3>\n<p>V spolo\u010dnosti CanaryVIP spolupracujeme iba s d\u00f4veryhodn\u00fdmi a certifikovan\u00fdmi oper\u00e1tormi, aby sme zaistili, \u017ee ka\u017ed\u00fd <strong>v\u00fdlet lo\u010fou na Tenerife<\/strong> sp\u013a\u0148a na\u0161e \u0161tandardy kvality. Sme tu, aby sme v\u00e1m pomohli vybra\u0165 si ten najlep\u0161\u00ed z\u00e1\u017eitok pre v\u00e1\u0161 pobyt a pom\u00f4\u017eeme v\u00e1m pred, po\u010das aj po rezerv\u00e1cii.<\/p>\n<p>\u010ci u\u017e h\u013ead\u00e1te dobrodru\u017estvo, \u00fachvatn\u00fa scen\u00e9riu alebo jednoducho relaxa\u010dn\u00e9 r\u00e1no na mori, toto je to prav\u00e9 pre v\u00e1s. <strong>v\u00fdlet lo\u010fou do Los Gigantes<\/strong> je jedn\u00fdm z najpam\u00e4tnej\u0161\u00edch sp\u00f4sobov, ako presk\u00fama\u0165 ju\u017en\u00e9 pobre\u017eie Tenerife.<\/p>\n<p>Rezervujte si miesto e\u0161te dnes a u\u017eite si nezabudnute\u013en\u00fd de\u0148 na mori!<\/p>","protected":false},"excerpt":{"rendered":"<p><strong>\ud83d\udd0d V\u00fdlet lo\u010fou FastBoat:<br \/>\n<\/strong>\ud83d\udea4 R\u00fdchla lo\u010f do Los Gigantes.<br \/>\n<span>\u2705 Bezpe\u010dn\u00e1 platba.<\/span><br \/>\n<span>\ud83d\udc65 K dispoz\u00edcii s\u00fa spolo\u010dn\u00e9 prehliadky.<\/span><br \/>\n<span>\ud83d\udd10 S\u00fakromn\u00e9 prehliadky k dispoz\u00edcii.<\/span><br \/>\n<span>\ud83d\udc0b Pozorovanie ve\u013er\u00fdb a delf\u00ednov.<\/span><br \/>\n<span>\ud83d\ude80 Prehliadky trvaj\u00face 3 hodiny.<\/span><br \/>\n<span>\ud83d\udd59 Denne o 10:00.<\/span><br \/>\n<span>\ud83e\uddc3 Sendvi\u010d a voda v cene.<br \/>\n<\/span>\ud83d\udd75\ud83c\udffc\u200d\u2642\ufe0f Miestny odborn\u00fd sprievodca.<br \/>\n<span>\ud83d\udc65 A\u017e 32 os\u00f4b.<\/span><br \/>\n<span>\ud83e\udd3f Pren\u00e1jom pot\u00e1pa\u010dsk\u00e9ho vybavenia.<\/span><br \/>\n<span>\ud83e\udd11 Garancia najlep\u0161ej ceny.<\/span><br \/>\n<span>\ud83d\udc6a Z\u013eavy aktivovan\u00e9.<\/span><br \/>\n<span>\ud83d\udd01 Do 48 h Zru\u0161enie.<\/span><br \/>\n<span>\ud83c\udf0d Viacjazy\u010dn\u00e9 pr\u00edru\u010dky.<\/span><br \/>\n<span>\ud83c\udf1f Rezervujte teraz a u\u0161etrite!<\/span><br \/>\n<span>\ud83d\udccd Odchod z <a href=\"https:\/\/maps.app.goo.gl\/h1kp26zsNCk2tWjZA\">Los Cristianos<\/a>.<\/span><\/p>","protected":false},"featured_media":16353,"comment_status":"open","ping_status":"closed","template":"","meta":{"_acf_changed":false},"product_brand":[],"product_cat":[46],"product_tag":[],"class_list":{"0":"post-16199","1":"product","2":"type-product","3":"status-publish","4":"has-post-thumbnail","6":"product_cat-boat-excursions","7":"wcpa_has_options","9":"first","10":"instock","11":"virtual","12":"purchasable","13":"product-type-simple"},"acf":[],"wcpa_form_fields":{"wcpaData":{"product":{"product_price":39,"price_html":"From&nbsp;<span class=\"woocommerce-Price-amount amount\"><bdi>39,00&nbsp;<span class=\"woocommerce-Price-currencySymbol\">&euro;<\/span><\/bdi><\/span>","original_product_price":39,"price_including_tax":39,"price_excluding_tax":39,"product_id":{"parent":16199,"variation":false},"is_variable":false,"stock_status":"instock","stock_quantity":null,"parent_sku":"CV16199","product_attributes":[],"custom_fields":[],"is_taxable":false,"product_name":"Fast Boat Tour from Los Cristianos to Los Gigantes","hasImage":false},"fields":{"sec_36938408c284bc":{"extra":{"key":"sec_36938408c284bc","section_id":"sec_36938408c284bc","name":"3H Shared Trip","status":1,"cl_rule":"show","enableCl":false,"relations":[{"operator":false,"rules":[{"operator":"AND","rules":{"cl_field":"radio-group_26938408c284ba","cl_relation":"is","cl_val":"3 Hour Trip"}}]}],"toggle":true,"title_tag":"h4","show_title":false,"showPrice":"default","repeater_section_field_label":"{field_label}","repeater_section_label":"{section_name}","repeater_bind":"","form_id":16357,"form_rules":{"exclude_from_discount":true,"fee_label":"Fee","disp_hide_options_price":true,"disp_show_section_price":false,"disp_show_field_price":true,"layout_option":"standard","pric_use_as_fee":false,"process_fee_as":"woo_fee"},"layout_option":"standard"},"fields":[[{"active":true,"col":6,"relations":false,"cl_rule":"show","enableCl":false,"price":"","enablePrice":false,"className":"","label_position":"default","desc_position":"default","type":"content","required":false,"elementId":"content_4254462101","label":"3 Hour Shared Tour","name":"content_4254462101","contentType":"rich","value":"<p>Whale and dolphin sightings. Includes a sandwich and water. Daily at 10:00.<\/p>","isTemplate":false,"error":false,"gt_translate_keys":["label","value"],"price_dependency":false,"cl_dependency":false}],[{"label":"\ud83d\udcc5 Date","active":true,"required":true,"elementId":"date_66938408c284ca","picker_type":"custom","picker_mode":"single","placeholder":"","description":"","tooltip":"","name":"date_66938408c284ca","label_position":"default","desc_position":"default","enablePrice":false,"className":"","enableCl":false,"relations":[{"operator":"and","rules":[{"operator":"AND","rules":{"cl_field":"radio-group_26938408c284ba","cl_relation":"is","cl_val":"3 Hour Trip"}}]}],"enableDesign":false,"LabelColor":"","date_pic_inline":true,"date_pic_inline_hide":true,"min_date":{"type":"days","val":"1"},"max_date":{"type":"days","val":"365"},"date_pic_conf":{"disabledWeeks":[],"disabledDates":[]},"price":"","cl_rule":"show","col":6,"type":"date","error":false,"date_conf_custom":{},"isWeightTemplate":false,"isTemplate":false,"min_quantity":"1","quantity_decimal":false,"quantity_step":"1","quantity_label":"Quantity","repeater_field_label":"{field_label}","repeater_bind":"","gt_translate_keys":["label","placeholder","description","tooltip","repeater_field_label","quantity_label"],"price_dependency":false,"cl_dependency":false,"value":""}],[{"label":"\u23f0 Departure","active":true,"required":true,"elementId":"select_16938408c284d6","dropdown_type":"basic","name":"select_16938408c284d6","label_position":"default","desc_position":"default","enablePrice":false,"className":"","enableCl":false,"relations":[{"operator":false,"rules":[{"operator":"AND","rules":{"cl_field":"date_66938408c284ca","cl_relation":"week_day_is","cl_val":[1]}}]}],"values":[{"label":"10:00","value":"10:00","selected":true,"tempId":"aco_2695","options_cl":false,"relations":[{"operator":false,"rules":[{"operator":"AND","rules":{"cl_field":"date_66938408c284ca","cl_relation":"week_day_is","cl_val":[5]}}]}],"cl_rule":"show","gt_translate_keys":["label"]}],"price":"","cl_rule":"show","col":6,"type":"select","error":false,"placeholder":"","isWeightTemplate":false,"isTemplate":false,"min_quantity":"1","quantity_decimal":false,"quantity_step":"1","quantity_label":"Quantity","repeater_field_label":"{field_label}","repeater_bind":"","gt_translate_keys":["label","placeholder","repeater_field_label","quantity_label"],"price_dependency":false,"cl_dependency":false,"value":""}],[{"active":true,"col":6,"relations":false,"cl_rule":"show","enableCl":false,"price":"","enablePrice":false,"className":"","label_position":"default","desc_position":"default","type":"content","required":false,"elementId":"content_26938408c284f4","label":"People","name":"content_26938408c284f4","contentType":"plain","value":"","error":false,"show_in_checkout":true,"inline":false,"isTemplate":false,"gt_translate_keys":["label","value"],"price_dependency":false,"cl_dependency":false}],[{"active":true,"col":6,"relations":[{"operator":false,"rules":[{"operator":"AND","rules":{"cl_field":"","cl_relation":"","cl_val":""}}]}],"cl_rule":"show","enableCl":false,"price":"39","enablePrice":true,"className":"","label_position":"default","desc_position":"default","type":"radio-group","required":false,"elementId":"radio-group_66938408c28500","label":"","name":"radio-group_66938408c28500","values":[{"label":"\ud83d\udc64 Adult (39\u20ac)","value":"Adult","selected":true,"tempId":"aco_32","tooltip":"+12 Years","description":"","gt_translate_keys":["label","tooltip","description"]}],"layOut":"","error":false,"checkUi":"button","priceOptions":"fixed_for_all","pricingType":"fixed","enable_quantity":true,"quantity_label":"","min_quantity":"0","options_tooltip":true,"options_description":true,"is_show_price":false,"isWeightTemplate":false,"isTemplate":false,"quantity_decimal":false,"quantity_step":"1","repeater_field_label":"{field_label}","repeater_bind":"","gt_translate_keys":["label","repeater_field_label","quantity_label"],"price_dependency":false,"cl_dependency":false,"value":""}],[{"label":"","active":true,"required":false,"elementId":"radio-group_96938408c2850b","name":"radio-group_96938408c2850b","label_position":"default","desc_position":"default","enablePrice":true,"className":"","enableCl":false,"relations":false,"enable_quantity":true,"quantity_label":"","min_quantity":"0","checkUi":"button","layOut":"","values":[{"label":"\ud83d\udc66 Child (21\u20ac)","value":"Child","selected":true,"tempId":"aco_32","tooltip":"3-11 Years","description":"","gt_translate_keys":["label","tooltip","description"]}],"priceOptions":"fixed_for_all","pricingType":"fixed","price":"21","cl_rule":"show","col":6,"type":"radio-group","error":false,"options_tooltip":true,"options_description":true,"is_show_price":false,"isWeightTemplate":false,"isTemplate":false,"quantity_decimal":false,"quantity_step":"1","repeater_field_label":"{field_label}","repeater_bind":"","gt_translate_keys":["label","repeater_field_label","quantity_label"],"price_dependency":false,"cl_dependency":false,"value":""}]]}},"config":{"price_override":"always","enable_recaptcha":false,"bind_quantity":false,"quantity_bind_formula":false,"disp_summ_show_option_price":true,"disp_summ_show_product_price":false,"disp_summ_show_total_price":true,"disp_summ_show_fee":true,"disp_summ_show_discount":true,"summary_title":"","options_total_label":"Options Price","total_label":"Total Amount Now","options_product_label":"Product Price","fee_label":"Fee","discount_label":"Discount","has_price":true,"has_quantity_formula":false},"mc_unit":1,"tax_rate":1,"tax_rate_real":1,"discount":{"percentage":0,"fixed":0},"design":{"conf":{"LabelPosition":"above","DescPosition":"above","UploadField":"custom_1","QuantityFieldStyle":"custom_1"},"css":{"LeftLabelWidth":"120px"}},"formulas":{"fmla_1708364241278155361":"(({field.select_16938408c2853d.value}>=8)?(335.50):(({field.select_16938408c2853d.value}>=6)?(269):(({field.select_16938408c2853d.value}>=5)?(252.50):(({field.select_16938408c2853d.value}>=4)?(282.50):(({field.select_16938408c2853d.value}>=3)?(193.50):(0))))))","fmla_1741607919311571987":"(({field.select_16938408c2853d.value}>=8)?(1334.50):(({field.select_16938408c2853d.value}>=6)?(1071):(({field.select_16938408c2853d.value}>=5)?(977.50):(({field.select_16938408c2853d.value}>=4)?(807.50):(({field.select_16938408c2853d.value}>=3)?(756.50):(0))))))"},"lookuptables":[],"clones":false,"cartKey":false}},"_links":{"self":[{"href":"https:\/\/canaryvip.com\/sk\/wp-json\/wp\/v2\/product\/16199","targetHints":{"allow":["GET"]}}],"collection":[{"href":"https:\/\/canaryvip.com\/sk\/wp-json\/wp\/v2\/product"}],"about":[{"href":"https:\/\/canaryvip.com\/sk\/wp-json\/wp\/v2\/types\/product"}],"replies":[{"embeddable":true,"href":"https:\/\/canaryvip.com\/sk\/wp-json\/wp\/v2\/comments?post=16199"}],"wp:featuredmedia":[{"embeddable":true,"href":"https:\/\/canaryvip.com\/sk\/wp-json\/wp\/v2\/media\/16353"}],"wp:attachment":[{"href":"https:\/\/canaryvip.com\/sk\/wp-json\/wp\/v2\/media?parent=16199"}],"wp:term":[{"taxonomy":"product_brand","embeddable":true,"href":"https:\/\/canaryvip.com\/sk\/wp-json\/wp\/v2\/product_brand?post=16199"},{"taxonomy":"product_cat","embeddable":true,"href":"https:\/\/canaryvip.com\/sk\/wp-json\/wp\/v2\/product_cat?post=16199"},{"taxonomy":"product_tag","embeddable":true,"href":"https:\/\/canaryvip.com\/sk\/wp-json\/wp\/v2\/product_tag?post=16199"}],"curies":[{"name":"wp","href":"https:\/\/api.w.org\/{rel}","templated":true}]}}