{"id":15724,"date":"2025-08-24T11:35:32","date_gmt":"2025-08-24T10:35:32","guid":{"rendered":"https:\/\/canaryvip.com\/?post_type=product&#038;p=15724"},"modified":"2025-09-06T09:56:39","modified_gmt":"2025-09-06T08:56:39","slug":"neptuno-yacht-charter-tenerife","status":"publish","type":"product","link":"https:\/\/canaryvip.com\/sk\/shop\/neptuno-yacht-charter-tenerife\/","title":{"rendered":"Neptuno Yacht Charter Tenerife"},"content":{"rendered":"<h2>\ud83d\udee5\ufe0f Neptuno Yacht Charter Tenerife<\/h2>\n<p>Na str\u00e1nke <strong>CanaryVIP<\/strong> v\u00e1m pon\u00fakame mo\u017enos\u0165 za\u017ei\u0165 exkluz\u00edvne dobrodru\u017estvo na palube <strong>Jachta Neptuno,<\/strong> jedna z m\u00e1la s\u00fakromn\u00fdch j\u00e1cht na Tenerife s licenciou na <strong>pozorovanie ve\u013er\u00fdb a delf\u00ednov.<\/strong> S kapacitou a\u017e pre <strong>22 cestuj\u00facich,<\/strong> t\u00e1to jachta je vz\u00e1cnou mo\u017enos\u0165ou na Tenerife, kde je v\u00e4\u010d\u0161ina s\u00fakromn\u00fdch lod\u00ed obmedzen\u00e1 na 12 os\u00f4b. Je to ide\u00e1lna vo\u013eba pre v\u00e4\u010d\u0161ie skupiny, ktor\u00e9 sa chc\u00fa podeli\u0165 o nezabudnute\u013en\u00fd de\u0148 na mori.<\/p>\n<p>Jachta je vybaven\u00e1 <strong>dve otvoren\u00e9 paluby,<\/strong> mal\u00fd vn\u00fatorn\u00fd sal\u00f3nik a toaletu pre va\u0161e pohodlie. Ubytovacie zariadenie Neptuno, ktor\u00e9 bolo p\u00f4vodne postaven\u00e9 v roku 1973 a kompletne zrekon\u0161truovan\u00e9 v roku 2018, kombinuje nad\u010dasov\u00fd dizajn s modern\u00fdmi inov\u00e1ciami a vytv\u00e1ra jedine\u010dn\u00fa a uvo\u013enen\u00fa atmosf\u00e9ru.<\/p>\n<h3>\ud83c\udf0a S\u00fakromn\u00fd charter od 3 do 8 hod\u00edn<\/h3>\n<p>Vyberte si d\u013a\u017eku s\u00fakromn\u00e9ho pren\u00e1jmu pod\u013ea svojich pl\u00e1nov:<\/p>\n<ul>\n<li><strong>3 hodiny:<\/strong> Kr\u00e1tky, ale kompletn\u00fd z\u00e1\u017eitok s pozorovan\u00edm ve\u013er\u00fdb a delf\u00ednov, pl\u00e1van\u00edm a \u0161norchlovan\u00edm v kr\u00e1snych z\u00e1tok\u00e1ch.<\/li>\n<li><strong>4-5 hod\u00edn:<\/strong> Viac \u010dasu na oddych, opa\u013eovanie a objavovanie ju\u017en\u00e9ho pobre\u017eia a z\u00e1rove\u0148 viac pr\u00edle\u017eitost\u00ed na pozorovanie vo\u013ene \u017eij\u00facich zvierat.<\/li>\n<li><strong>6-7 hod\u00edn:<\/strong> Celodenn\u00e9 dobrodru\u017estvo s dlh\u0161\u00edmi zast\u00e1vkami, ide\u00e1lne na oslavu \u0161peci\u00e1lnych pr\u00edle\u017eitost\u00ed s rodinou alebo priate\u013emi.<\/li>\n<li><strong>8 hod\u00edn:<\/strong> Najkvalitnej\u0161ia s\u00fakromn\u00e1 jachta na Tenerife, ktor\u00e1 pon\u00faka celodenn\u00fd z\u00e1\u017eitok pri objavovan\u00ed skryt\u00fdch z\u00e1tok a vychutn\u00e1van\u00ed si oce\u00e1nu vlastn\u00fdm tempom.<\/li>\n<\/ul>\n<h3>\ud83d\udc2c Pozorovanie ve\u013er\u00fdb a delf\u00ednov<\/h3>\n<p>Jednou z hlavn\u00fdch atrakci\u00ed jachty Neptuno je jej ofici\u00e1lna licencia na pozorovanie ve\u013er\u00fdb a delf\u00ednov. Odchod z <strong>Puerto de Los Cristianos<\/strong> (V\u00fdletn\u00e9 m\u00f3lo, z\u00f3na B), jachta v\u00e1s zavedie do oblast\u00ed, kde celoro\u010dne \u017eij\u00fa ve\u013eryby a delf\u00edny sk\u00e1kav\u00e9. Tenerife sa pova\u017euje za jednu z najlep\u0161\u00edch destin\u00e1ci\u00ed na svete pre t\u00fato aktivitu a z\u00e1\u017eitok na s\u00fakromnej jachte je e\u0161te v\u00fdnimo\u010dnej\u0161\u00ed.<\/p>\n<h3>\ud83c\udf7d\ufe0f Jedlo a n\u00e1poje na palube<\/h3>\n<p>Vychutnajte si \u010derstvo pripraven\u00e9 jedl\u00e1, ovocie a v\u00fdber n\u00e1pojov vr\u00e1tane vody, nealkoholick\u00fdch n\u00e1pojov, piva, v\u00edna a cavy.<\/p>\n<p>Po\u010das celej plavby je k dispoz\u00edcii ob\u010derstvenie, aby sa v\u0161etci c\u00edtili pohodlne.<\/p>\n<h3>\ud83c\udfa3 Aktivity a doplnky<\/h3>\n<ul>\n<li>\u0160norchlovacie vybavenie na zast\u00e1vkach na k\u00fapanie.<\/li>\n<li>Pr\u00faty na rekrea\u010dn\u00fd rybolov s\u00fa k dispoz\u00edcii na po\u017eiadanie.<\/li>\n<li>Na palube je dostatok priestoru na opa\u013eovanie, relax\u00e1ciu a oslavy.<\/li>\n<\/ul>\n<h3>\ud83d\udccd Podrobnosti o jachte Neptuno<\/h3>\n<ul>\n<li><strong>D\u013a\u017eka:<\/strong> 13 metrov<\/li>\n<li><strong>Maxim\u00e1lna kapacita:<\/strong> 22 cestuj\u00facich<\/li>\n<\/ul>\n<h3>\ud83d\udcbc \u010co si prinies\u0165<\/h3>\n<ul>\n<li>Opa\u013eovac\u00ed kr\u00e9m, slne\u010dn\u00e9 okuliare, uter\u00e1k a fotoapar\u00e1t na zachytenie divokej pr\u00edrody a v\u00fdh\u013eadov.<\/li>\n<li>V chladnej\u0161\u00edch mesiacoch sa odpor\u00fa\u010da \u013eahk\u00e1 bunda.<\/li>\n<\/ul>\n<h3>\ud83d\udccb Storno podmienky<\/h3>\n<p>Ch\u00e1peme, \u017ee pl\u00e1ny sa m\u00f4\u017eu zmeni\u0165. Tu s\u00fa uveden\u00e9 storno podmienky pre jachtu Neptuno:<\/p>\n<ul>\n<li><strong>S\u00fakromn\u00e9 charterov\u00e9 lety:<\/strong> Zru\u0161enie rezerv\u00e1cie viac ako 7 dn\u00ed pred odchodom a vr\u00e1tenie pe\u0148az\u00ed v plnej v\u00fd\u0161ke. Za zru\u0161enie do 7 dn\u00ed alebo za ne\u00fa\u010das\u0165 na z\u00e1jazde sa peniaze nevracaj\u00fa.<\/li>\n<li><strong>Zl\u00e9 po\u010dasie:<\/strong> Ak kapit\u00e1n pova\u017euje podmienky za nebezpe\u010dn\u00e9, pon\u00fakne v\u00e1m zmenu term\u00ednu alebo vr\u00e1tenie pe\u0148az\u00ed v plnej v\u00fd\u0161ke.<\/li>\n<li><strong>Skor\u00e9 v\u00fdnosy:<\/strong> V\u00fdlety skr\u00e1ten\u00e9 na \u017eiados\u0165 hos\u0165a (napr. morsk\u00e1 choroba) sa nevracaj\u00fa.<\/li>\n<\/ul>\n<h3>\ud83c\udf89 Pre\u010do si rezervova\u0165 jachtu Neptuno s CanaryVIP<\/h3>\n<ul>\n<li><strong>Licencia na pozorovanie ve\u013er\u00fdb a delf\u00ednov:<\/strong> Jedna z m\u00e1la s\u00fakromn\u00fdch j\u00e1cht na Tenerife, ktor\u00e1 m\u00e1 povolen\u00e9 pribl\u00ed\u017ei\u0165 sa k t\u00fdmto \u00fa\u017easn\u00fdm zvierat\u00e1m.<\/li>\n<li><strong>Priestor pre ve\u013ek\u00e9 skupiny:<\/strong> Licencia pre 22 host\u00ed, ide\u00e1lna na narodeniny, firemn\u00e9 akcie alebo rodinn\u00e9 stretnutia.<\/li>\n<li><strong>Vynikaj\u00faca hodnota:<\/strong> Pohodln\u00fd <a href=\"https:\/\/canaryvip.com\/sk\/tenerife\/yacht-tenerife\/\">jachta Tenerife<\/a> mo\u017enos\u0165 s jedlom, n\u00e1pojmi a sk\u00fasenou miestnou pos\u00e1dkou.<\/li>\n<\/ul>\n<h3>\ud83d\udccc Z\u00e1vere\u010dn\u00e9 my\u0161lienky<\/h3>\n<p>Str\u00e1nka <strong>Neptuno Yacht Charter Tenerife<\/strong> je viac ako len pren\u00e1jom lod\u00ed. Je to va\u0161a br\u00e1na k pozorovaniu ve\u013er\u00fdb, stretnutiam s delf\u00ednmi, pl\u00e1vaniu a relax\u00e1cii s priate\u013emi alebo rodinou v \u00faplnom s\u00fakrom\u00ed. V\u010faka charterom od 3 do 8 hod\u00edn, flexibiln\u00e9mu stravovaniu a kapacite pre 22 host\u00ed je to jeden z najlep\u0161\u00edch sp\u00f4sobov, ako <a href=\"https:\/\/canaryvip.com\/sk\/tenerife\/rent-a-boat-tenerife\/\">pren\u00e1jom lod\u00ed na Tenerife<\/a> s istotou a \u0161t\u00fdlom.<\/p>\n<p>Rezervujte si e\u0161te dnes <strong>CanaryVIP<\/strong> a vychutnajte si skuto\u010dne jedine\u010dn\u00fd z\u00e1\u017eitok na s\u00fakromnej jachte v Atlantiku.<\/p>","protected":false},"excerpt":{"rendered":"<p><strong>\ud83d\udd0d Neptuno Yacht Tenerife:<\/strong><br \/>\n\u2705 Bezpe\u010dn\u00e1 platba.<br \/>\n\ud83d\udd10 S\u00fakromn\u00e9 prehliadky k dispoz\u00edcii<br \/>\n\ud83d\udc0b Pozorovanie ve\u013er\u00fdb a delf\u00ednov.<br \/>\n\ud83d\ude80 Denn\u00e9 prehliadky<br \/>\n\ud83c\udf05 K dispoz\u00edcii s\u00fa prehliadky pri z\u00e1pade slnka.<br \/>\n\ud83e\uddc3 Jedlo a n\u00e1poje v cene.<br \/>\n\ud83d\udc65 A\u017e 22 os\u00f4b.<br \/>\n\ud83d\udebd Toaleta na palube.<br \/>\n\ud83e\udd3f Vybavenie na \u0161norchlovanie je k dispoz\u00edcii.<br \/>\n\ud83e\udd11 Garancia najlep\u0161ej ceny.<br \/>\n\ud83d\udc6a Z\u013eavy aktivovan\u00e9.<br \/>\n\ud83d\udd01 Storno do 5 dn\u00ed.<br \/>\n\ud83c\udf0d Viacjazy\u010dn\u00e9 pr\u00edru\u010dky.<br \/>\n\ud83c\udf1f Rezervujte teraz a u\u0161etrite!<br \/>\n\ud83d\udccd Odchod z <a href=\"https:\/\/maps.app.goo.gl\/HatmLZkFA7oLCfX57\">Los Cristianos<\/a>.<\/p>","protected":false},"featured_media":15725,"comment_status":"open","ping_status":"closed","template":"","meta":{"_acf_changed":false},"product_brand":[],"product_cat":[47],"product_tag":[],"class_list":{"0":"post-15724","1":"product","2":"type-product","3":"status-publish","4":"has-post-thumbnail","6":"product_cat-boat-hire-tenerife","7":"wcpa_has_options","9":"first","10":"instock","11":"sale","12":"virtual","13":"purchasable","14":"product-type-simple"},"acf":[],"wcpa_form_fields":{"wcpaData":{"product":{"product_price":765,"price_html":"From&nbsp;<del aria-hidden=\"true\"><span class=\"woocommerce-Price-amount amount\"><bdi>900,00&nbsp;<span class=\"woocommerce-Price-currencySymbol\">&euro;<\/span><\/bdi><\/span><\/del> <span class=\"screen-reader-text\">P\u00f4vodn\u00e1 cena bola: 900,00&nbsp;&euro;.<\/span><ins aria-hidden=\"true\"><span class=\"woocommerce-Price-amount amount\"><bdi>765,00&nbsp;<span class=\"woocommerce-Price-currencySymbol\">&euro;<\/span><\/bdi><\/span><\/ins><span class=\"screen-reader-text\">Aktu\u00e1lna cena je: 765,00&nbsp;&euro;.<\/span>","original_product_price":900,"price_including_tax":765,"price_excluding_tax":765,"product_id":{"parent":15724,"variation":false},"is_variable":false,"stock_status":"instock","stock_quantity":null,"parent_sku":"CV15724","product_attributes":[],"custom_fields":[],"is_taxable":false,"product_name":"Neptuno Yacht Charter Tenerife","hasImage":false},"fields":{"sec_068b85c6eaafb2":{"extra":{"key":"sec_068b85c6eaafb2","section_id":"sec_068b85c6eaafb2","name":"Private Charter","status":1,"cl_rule":"show","enableCl":false,"relations":[{"operator":false,"rules":[{"operator":"AND","rules":{"cl_field":"radio-group_768b85c6eaaf46","cl_relation":"is","cl_val":"Private Charter"}}]}],"toggle":true,"title_tag":"h4","show_title":false,"showPrice":"default","repeater_section_field_label":"{field_label}","repeater_section_label":"{section_name}","repeater_bind":"","form_id":15819,"form_rules":{"exclude_from_discount":true,"fee_label":"Fee","disp_hide_options_price":true,"disp_show_section_price":false,"disp_show_field_price":true,"layout_option":"standard","pric_use_as_fee":false,"process_fee_as":"woo_fee"},"layout_option":"standard"},"fields":[[{"label":"\ud83d\udcc5 Date","active":true,"required":true,"elementId":"date_368b85c6eaafbc","picker_type":"custom","picker_mode":"single","placeholder":"","description":"","tooltip":"","name":"date_368b85c6eaafbc","label_position":"default","desc_position":"default","enablePrice":false,"className":"","enableCl":false,"relations":[{"operator":"and","rules":[{"operator":"AND","rules":{"cl_field":"radio-group_367e16bf8dd4f5","cl_relation":"is","cl_val":"3 Hour Trip"}}]}],"enableDesign":false,"LabelColor":"","date_pic_inline":true,"date_pic_inline_hide":true,"min_date":{"type":"days","val":"2"},"max_date":{"type":"days","val":"365"},"date_pic_conf":{"disabledWeeks":[]},"price":"","cl_rule":"show","col":6,"type":"date","error":false,"isWeightTemplate":false,"isTemplate":false,"min_quantity":"1","quantity_decimal":false,"quantity_step":"1","quantity_label":"Quantity","repeater_field_label":"{field_label}","repeater_bind":"","gt_translate_keys":["label","placeholder","description","tooltip","repeater_field_label","quantity_label"],"price_dependency":false,"cl_dependency":false,"value":""}],[{"active":true,"col":6,"relations":false,"cl_rule":"show","enableCl":false,"price":"","enablePrice":true,"className":"","label_position":"default","desc_position":"default","type":"select","required":false,"elementId":"select_668b85c6eaafc6","label":"\u231b\ufe0f Charter Duration (From 765\u20ac)","name":"select_668b85c6eaafc6","values":[{"label":"3 Hours (From 765\u20ac)","value":"3","selected":false,"tempId":"aco_3241","price":"765","options_cl":false,"relations":[{"operator":false,"rules":[{"operator":"AND","rules":{"cl_field":"","cl_relation":"","cl_val":""}}]}],"cl_rule":"show","gt_translate_keys":["label"]},{"label":"4 Hours (From 985\u20ac)","value":"4","selected":false,"tempId":"aco_2149","price":"985","gt_translate_keys":["label"]},{"label":"5 Hours (From 1.225\u20ac)","value":"5","selected":false,"tempId":"aco_468","price":"1225","gt_translate_keys":["label"]},{"label":"6 Hours (From 1.465\u20ac)","value":"6","selected":false,"tempId":"aco_505","price":"1465","gt_translate_keys":["label"]},{"label":"7 Hours (From 1.700\u20ac)","value":"7","selected":false,"tempId":"aco_542","price":"1700","gt_translate_keys":["label"]},{"label":"8 Hours (From 1.960\u20ac)","value":"8","selected":false,"tempId":"aco_579","price":"1960","gt_translate_keys":["label"]}],"dropdown_type":"basic","error":false,"placeholder":"Select Duration Time","priceOptions":"different_for_all","pricingType":"fixed","is_show_price":false,"isWeightTemplate":false,"isTemplate":false,"min_quantity":"1","quantity_decimal":false,"quantity_step":"1","quantity_label":"Quantity","repeater_field_label":"{field_label}","repeater_bind":"","gt_translate_keys":["label","placeholder","repeater_field_label","quantity_label"],"price_dependency":false,"cl_dependency":false,"value":""}],[{"label":"\u23f0 Departure","active":true,"required":true,"elementId":"select_468b85c6eaafd0","dropdown_type":"basic","placeholder":"Select Departure Time","name":"select_468b85c6eaafd0","label_position":"default","desc_position":"default","enablePrice":true,"className":"","enableCl":false,"relations":[{"operator":false,"rules":[{"operator":"AND","rules":{"cl_field":"date_367e16bf8dd504","cl_relation":"week_day_is","cl_val":[1]}}]}],"values":[{"label":"9:30","value":"9:30","selected":false,"tempId":"aco_2695","price":"0","gt_translate_keys":["label"]},{"label":"12:30","value":"12:30","selected":false,"tempId":"aco_2329","price":"0","gt_translate_keys":["label"]},{"label":"15:30","value":"15:30","selected":false,"tempId":"aco_2457","price":"0","gt_translate_keys":["label"]},{"label":"17:00","value":"17:00","selected":false,"tempId":"aco_19","price":"100","gt_translate_keys":["label"]}],"price":"","cl_rule":"show","col":6,"type":"select","error":false,"priceOptions":"different_for_all","pricingType":"fixed","is_show_price":true,"isWeightTemplate":false,"isTemplate":false,"min_quantity":"1","quantity_decimal":false,"quantity_step":"1","quantity_label":"Quantity","repeater_field_label":"{field_label}","repeater_bind":"","gt_translate_keys":["label","placeholder","repeater_field_label","quantity_label"],"price_dependency":false,"cl_dependency":false,"value":""}],[{"active":true,"col":6,"relations":false,"cl_rule":"show","enableCl":false,"price":"","enablePrice":true,"className":"","label_position":"default","desc_position":"default","type":"select","required":false,"elementId":"select_3142719928","label":"\ud83d\udc65 Amount of People","name":"select_3142719928","values":[{"label":"1 Person","value":"1 Person","selected":false,"tempId":"aco_1169","options_cl":false,"relations":[{"operator":false,"rules":[{"operator":"AND","rules":{"cl_field":"","cl_relation":"","cl_val":""}}]}],"cl_rule":"show","gt_translate_keys":["label"]},{"label":"2 People","value":"2 People","selected":false,"tempId":"aco_1170","gt_translate_keys":["label"]},{"label":"3 People","value":"3 People","selected":false,"tempId":"aco_1171","gt_translate_keys":["label"]},{"label":"4 People","value":"4 People","selected":false,"tempId":"aco_1397","gt_translate_keys":["label"]},{"label":"5 People (+20\u20ac)","value":"5 People","selected":false,"tempId":"aco_2351","price":"20","gt_translate_keys":["label"]},{"label":"6 People (+30\u20ac)","value":"6 People","selected":false,"tempId":"aco_1461","price":"30","gt_translate_keys":["label"]},{"label":"7 People (+40\u20ac)","value":"7 People","selected":false,"tempId":"aco_1507","price":"40","gt_translate_keys":["label"]},{"label":"8 People (+50\u20ac)","value":"8 People","selected":false,"tempId":"aco_1553","price":"50","gt_translate_keys":["label"]},{"label":"9 People (+60\u20ac)","value":"9 People","selected":false,"tempId":"aco_1563","price":"60","gt_translate_keys":["label"]},{"label":"10 People (+70\u20ac)","value":"10 People","selected":false,"tempId":"aco_1573","price":"70","gt_translate_keys":["label"]},{"label":"11 People (+80\u20ac)","value":"11 People","selected":false,"tempId":"aco_1583","price":"80","gt_translate_keys":["label"]},{"label":"12 People (+90\u20ac)","value":"12 People","selected":false,"tempId":"aco_1746","price":"90","gt_translate_keys":["label"]},{"label":"13 People (+100\u20ac)","value":"13 People","selected":false,"tempId":"aco_1756","price":"100","gt_translate_keys":["label"]},{"label":"14 People (+110\u20ac)","value":"14 People","selected":false,"tempId":"aco_1766","price":"110","gt_translate_keys":["label"]},{"label":"15 People (+120\u20ac)","value":"15 People","selected":false,"tempId":"aco_1911","price":"120","gt_translate_keys":["label"]},{"label":"16 People (+130\u20ac)","value":"16 People","selected":false,"tempId":"aco_1957","price":"130","gt_translate_keys":["label"]},{"label":"17 People (+140\u20ac)","value":"17 People","selected":false,"tempId":"aco_2003","price":"140","gt_translate_keys":["label"]},{"label":"18 People (+150\u20ac)","value":"18 People","selected":false,"tempId":"aco_2049","price":"150","gt_translate_keys":["label"]},{"label":"19 People (+160\u20ac)","value":"19 People","selected":false,"tempId":"aco_2113","price":"160","gt_translate_keys":["label"]},{"label":"20 People (+170\u20ac)","value":"20 People","selected":false,"tempId":"aco_2159","price":"170","gt_translate_keys":["label"]},{"label":"21 People (+180\u20ac)","value":"21 People","selected":false,"tempId":"aco_2205","price":"180","gt_translate_keys":["label"]},{"label":"22 People (+190\u20ac)","value":"22 People","selected":false,"tempId":"aco_2269","price":"190","gt_translate_keys":["label"]}],"isWeightTemplate":false,"error":false,"isTemplate":false,"min_quantity":"1","quantity_decimal":false,"quantity_step":"1","quantity_label":"Quantity","repeater_field_label":"{field_label}","repeater_bind":"","dropdown_type":"basic","priceOptions":"different_for_all","pricingType":"fixed","is_show_price":false,"gt_translate_keys":["label","repeater_field_label","quantity_label"],"price_dependency":false,"cl_dependency":false,"value":""}],[{"active":true,"col":6,"relations":false,"cl_rule":"show","enableCl":false,"price":"","enablePrice":false,"className":"","label_position":"default","desc_position":"default","type":"separator","required":false,"elementId":"separator_368b85c6eaafe4","label":"Separator Field","height":"3","separatorType":"blank","error":false,"gt_translate_keys":["label"],"price_dependency":false,"cl_dependency":false,"value":""}],[{"active":true,"col":6,"relations":[{"operator":false,"rules":[{"operator":"AND","rules":{"cl_field":"","cl_relation":"","cl_val":""}}]}],"cl_rule":"show","enableCl":false,"price":"","enablePrice":false,"className":"","label_position":"default","desc_position":"default","type":"content","required":false,"elementId":"content_1542895609","label":"","name":"content_1542895609","contentType":"rich","value":"<p>Please note that any tour that remains on the water after 17:00 will have an additional cost of \u20ac100, to be paid directly on the boat.<\/p>","isTemplate":false,"error":false,"enableDesign":true,"DescColor":"#0042ff","show_in_checkout":true,"gt_translate_keys":["label","value"],"price_dependency":false,"cl_dependency":false}]]}},"config":{"price_override":"always","enable_recaptcha":false,"bind_quantity":false,"quantity_bind_formula":false,"disp_summ_show_option_price":true,"disp_summ_show_product_price":false,"disp_summ_show_total_price":true,"disp_summ_show_fee":true,"disp_summ_show_discount":true,"summary_title":"","options_total_label":"Options Price","total_label":"Total Amount Now","options_product_label":"Product Price","fee_label":"Fee","discount_label":"Discount","has_price":true,"has_quantity_formula":false},"mc_unit":1,"tax_rate":1,"tax_rate_real":1,"discount":{"percentage":0,"fixed":0},"design":{"conf":{"LabelPosition":"above","DescPosition":"above","UploadField":"custom_1","QuantityFieldStyle":"custom_1"},"css":{"LeftLabelWidth":"120px"}},"formulas":{"fmla_1708364241278155361":"(({field.select_668b85c6eaafc6.value}>=4)?(150+({field.number_268b85c6eaafd9.value}*5)):(({field.select_668b85c6eaafc6.value}>=3)?(100+({field.number_268b85c6eaafd9.value}*5)):(0)))","fmla_1742826688120818082":"(({field.select_668b85c6eaafc6.value}>=4)?(1500+{field.select_468b85c6eaafd0.price}):(({field.select_668b85c6eaafc6.value}>=3)?(750+{field.select_468b85c6eaafd0.price}):(0)))"},"lookuptables":[],"clones":false,"cartKey":false}},"_links":{"self":[{"href":"https:\/\/canaryvip.com\/sk\/wp-json\/wp\/v2\/product\/15724","targetHints":{"allow":["GET"]}}],"collection":[{"href":"https:\/\/canaryvip.com\/sk\/wp-json\/wp\/v2\/product"}],"about":[{"href":"https:\/\/canaryvip.com\/sk\/wp-json\/wp\/v2\/types\/product"}],"replies":[{"embeddable":true,"href":"https:\/\/canaryvip.com\/sk\/wp-json\/wp\/v2\/comments?post=15724"}],"wp:featuredmedia":[{"embeddable":true,"href":"https:\/\/canaryvip.com\/sk\/wp-json\/wp\/v2\/media\/15725"}],"wp:attachment":[{"href":"https:\/\/canaryvip.com\/sk\/wp-json\/wp\/v2\/media?parent=15724"}],"wp:term":[{"taxonomy":"product_brand","embeddable":true,"href":"https:\/\/canaryvip.com\/sk\/wp-json\/wp\/v2\/product_brand?post=15724"},{"taxonomy":"product_cat","embeddable":true,"href":"https:\/\/canaryvip.com\/sk\/wp-json\/wp\/v2\/product_cat?post=15724"},{"taxonomy":"product_tag","embeddable":true,"href":"https:\/\/canaryvip.com\/sk\/wp-json\/wp\/v2\/product_tag?post=15724"}],"curies":[{"name":"wp","href":"https:\/\/api.w.org\/{rel}","templated":true}]}}