{"id":15386,"date":"2025-08-07T14:09:56","date_gmt":"2025-08-07T13:09:56","guid":{"rendered":"https:\/\/canaryvip.com\/?post_type=product&#038;p=15386"},"modified":"2025-08-09T13:45:20","modified_gmt":"2025-08-09T12:45:20","slug":"crazy-ufo-twister-tenerife","status":"publish","type":"product","link":"https:\/\/canaryvip.com\/sk\/shop\/crazy-ufo-twister-tenerife\/","title":{"rendered":"Bl\u00e1zniv\u00e9 UFO &amp; Twister Tenerife"},"content":{"rendered":"<h2><strong>\ud83d\ude80 Bl\u00e1zniv\u00e9 UFO Tenerife - vysokor\u00fdchlostn\u00e1 z\u00e1bava na vode<\/strong><\/h2>\n<p>H\u013ead\u00e1te divok\u00fa jazdu? Nasko\u010dte na <strong>Bl\u00e1zniv\u00e9 UFO Tenerife<\/strong> a pripravte sa na intenz\u00edvnu zmes r\u00fdchlosti, \u0161pliechania a \u010dist\u00e9ho adrenal\u00ednu. Toto je jeden z najvzru\u0161uj\u00facej\u0161\u00edch <strong>vodn\u00e9 \u0161porty na Tenerife<\/strong>, ide\u00e1lny pre rodiny, p\u00e1ry alebo skupiny priate\u013eov, ktor\u00ed h\u013eadaj\u00fa nie\u010do nezabudnute\u013en\u00e9 na Costa Adeje.<\/p>\n<h3><strong>\ud83c\udf0a Odchod z Puerto Col\u00f3n<\/strong><\/h3>\n<ul>\n<li><strong>Jednoduch\u00fd pr\u00edstup:<\/strong> Va\u0161e dobrodru\u017estvo sa za\u010d\u00edna <a href=\"https:\/\/maps.app.goo.gl\/bkqEhAxsobcjz9wG9\" target=\"_blank\" rel=\"noopener\">Puerto Col\u00f3n<\/a>, jeden z najob\u013e\u00fabenej\u0161\u00edch pr\u00edstavov na juhu Tenerife. Je \u013eahko dostupn\u00fd a obklopen\u00fd skvelou pl\u00e1\u017eovou atmosf\u00e9rou.<\/li>\n<li><strong>R\u00fdchly preh\u013ead:<\/strong> Pred jazdou dostanete bezpe\u010dnostn\u00fa in\u0161trukt\u00e1\u017e od sk\u00fasenej pos\u00e1dky, aby ste sa uistili, \u017ee je v\u0161etko pripraven\u00e9 na bezpe\u010dn\u00fd a z\u00e1bavn\u00fd z\u00e1\u017eitok.<\/li>\n<\/ul>\n<h3><strong>\u2728 Pre\u010do si vybra\u0165 bl\u00e1zniv\u00fa jazdu UFO na Tenerife?<\/strong><\/h3>\n<ul>\n<li><strong>Intenz\u00edvny adrenal\u00edn:<\/strong> Toto nie je len oby\u010dajn\u00e1 nafukovacia jazda. Bl\u00e1zniv\u00e9 UFO sa to\u010d\u00ed, k\u013a\u017ee a sk\u00e1\u010de nad vlnami tak\u00fdm sp\u00f4sobom, \u017ee sa budete smia\u0165 a kri\u010da\u0165 z\u00e1rove\u0148.<\/li>\n<li><strong>Ide\u00e1lne pre ka\u017ed\u00e9ho:<\/strong> Nemus\u00edte by\u0165 profesion\u00e1l. \u010ci u\u017e je to va\u0161a prv\u00e1 alebo desiata vodn\u00e1 aktivita, t\u00e1to jazda je bezpe\u010dn\u00e1 a z\u00e1bavn\u00e1 pre v\u0161etky \u00farovne zru\u010dnost\u00ed - od za\u010diato\u010dn\u00edkov a\u017e po milovn\u00edkov vzru\u0161enia.<\/li>\n<li><strong>Ohromuj\u00face v\u00fdh\u013eady:<\/strong> Po\u010das letu cez oce\u00e1n sa na chv\u00ed\u013eu zastavte a obdivujte n\u00e1dhern\u00e9 pobre\u017eie Playa de las Am\u00e9ricas a trblietav\u00e9 vody Atlantiku.<\/li>\n<\/ul>\n<h3><strong>\ud83d\udcb6 Skvel\u00e1 hodnota za kr\u00e1tku, ale intenz\u00edvnu jazdu<\/strong><\/h3>\n<ul>\n<li><strong>Trvanie:<\/strong> Cel\u00e1 15-min\u00fatov\u00e1 ak\u010dn\u00e1 jazda pln\u00e1 nap\u00e4tia.<\/li>\n<li><strong>Dostupn\u00e1 cena:<\/strong> Z\u00e1bavn\u00e1 a cenovo dostupn\u00e1 mo\u017enos\u0165 pre t\u00fdch, ktor\u00ed chc\u00fa vysk\u00fa\u0161a\u0165 vzru\u0161uj\u00face <strong>vodn\u00e9 aktivity na Tenerife<\/strong> bez toho, aby ste museli min\u00fa\u0165 cel\u00fd majetok.<\/li>\n<li><strong>Dostupn\u00e9 fotografie:<\/strong> Nezabudnite si pozrie\u0165 fotografie va\u0161ej jazdy, ktor\u00e9 s\u00fa k dispoz\u00edcii na zak\u00fapenie - budete chcie\u0165 d\u00f4kaz t\u00fdchto divok\u00fdch tv\u00e1r\u00ed!<\/li>\n<\/ul>\n<h3><strong>\u2696\ufe0f Flexibiln\u00e9 rezerv\u00e1cie a zru\u0161enie rezerv\u00e1cie<\/strong><\/h3>\n<ul>\n<li><strong>Jednoduch\u00e1 rezerv\u00e1cia:<\/strong> V spolo\u010dnosti CanaryVIP zabezpe\u010dujeme hladk\u00fa a r\u00fdchlu rezerv\u00e1ciu jazdy Crazy UFO. Sta\u010d\u00ed si vybra\u0165 d\u00e1tum a zabezpe\u010di\u0165 si miesto.<\/li>\n<li><strong>Bezplatn\u00e9 zru\u0161enie:<\/strong> Zmenili sa pl\u00e1ny? \u017diadny probl\u00e9m. Rezerv\u00e1ciu m\u00f4\u017eete zru\u0161i\u0165 do 24 hod\u00edn pred aktivitou a dostanete sp\u00e4\u0165 cel\u00fa sumu. \u017diadny stres, \u017eiadne starosti.<\/li>\n<\/ul>\n<h3><strong>\u2705 \u010co je s\u00fa\u010das\u0165ou jazdy Crazy UFO Tenerife?<\/strong><\/h3>\n<ul>\n<li>Z\u00e1chrann\u00e9 vesty a bezpe\u010dnostn\u00fd v\u00fdstroj pre v\u0161etk\u00fdch \u00fa\u010dastn\u00edkov.<\/li>\n<li>15 min\u00fat vysokor\u00fdchlostnej akcie na nafukovacom klz\u00e1ku Crazy UFO.<\/li>\n<li>Profesion\u00e1lny a priate\u013esk\u00fd person\u00e1l, ktor\u00fd sa postar\u00e1 o bezpe\u010dn\u00fd a z\u00e1bavn\u00fd \u010das.<\/li>\n<li>Volite\u013en\u00e9 fotografie z jazdy, aby ste si zachovali spomienky.<\/li>\n<\/ul>\n<h3><strong>\ud83c\udfaf Pre\u010do si objedna\u0165 slu\u017ebu CanaryVIP?<\/strong><\/h3>\n<ul>\n<li>Spolupracujeme s najlep\u0161ie hodnoten\u00fdmi spolo\u010dnos\u0165ami v oblasti vodn\u00fdch \u0161portov na Tenerife, aby sme v\u00e1m mohli pon\u00faknu\u0165 len tie najlep\u0161ie a najbezpe\u010dnej\u0161ie z\u00e1\u017eitky.<\/li>\n<li>S\u00eddlime na Tenerife a sme v\u00e1m k dispoz\u00edcii s miestnymi radami pred rezerv\u00e1ciou aj po nej.<\/li>\n<li>M\u00f4\u017eete to kombinova\u0165 s in\u00fdmi <strong>vodn\u00e9 aktivity na Tenerife<\/strong> ako <a href=\"https:\/\/canaryvip.com\/sk\/shop\/jetski-tenerife\/\">jazdy na vodn\u00fdch sk\u00fatroch<\/a>, <a href=\"https:\/\/canaryvip.com\/sk\/shop\/parasailing-tenerife\/\">parasailing<\/a> alebo <a href=\"https:\/\/canaryvip.com\/sk\/tenerife\/boat-excursions\/\">v\u00fdlety lo\u010fou<\/a>-V\u0161etky v tej istej oblasti!<\/li>\n<\/ul>\n<h3><strong>\ud83c\udf92 \u010co si prinies\u0165<\/strong><\/h3>\n<ul>\n<li><strong>Plavky:<\/strong> Zmoknete! Pr\u00ed\u010fte oble\u010den\u00ed do vody a pripraven\u00ed na z\u00e1bavu.<\/li>\n<li><strong>Ochrana pred slnkom:<\/strong> Vezmite si opa\u013eovac\u00ed kr\u00e9m, najm\u00e4 po\u010das slne\u010dn\u00fdch dn\u00ed.<\/li>\n<li><strong>Nechajte cenn\u00e9 veci za sebou:<\/strong> V pr\u00edstave sa nach\u00e1dzaj\u00fa bezpe\u010dn\u00e9 \u00falo\u017en\u00e9 priestory, kde si m\u00f4\u017eete po\u010das jazdy necha\u0165 svoje veci.<\/li>\n<\/ul>\n<h3>\u2753 <strong>\u010casto kladen\u00e9 ot\u00e1zky<\/strong><\/h3>\n<ul>\n<li><strong>Je Crazy UFO bezpe\u010dn\u00e9?<\/strong> Absol\u00fatne. Bezpe\u010dnos\u0165 je najvy\u0161\u0161ou prioritou. Na jazdu dohliadaj\u00fa vy\u0161kolen\u00ed profesion\u00e1li a v\u0161etci \u00fa\u010dastn\u00edci maj\u00fa z\u00e1chrann\u00e9 vesty.<\/li>\n<li><strong>Mus\u00edm vedie\u0165 pl\u00e1va\u0165?<\/strong> Nie s\u00fa potrebn\u00e9 \u017eiadne sk\u00fasenosti s pl\u00e1van\u00edm. Po cel\u00fd \u010das budete ma\u0165 na sebe z\u00e1chrann\u00fa vestu.<\/li>\n<li><strong>Ak\u00fd je minim\u00e1lny vek?<\/strong> Deti od 10 rokov m\u00f4\u017eu zvy\u010dajne jazdi\u0165, ale ak si nie ste ist\u00ed, v\u017edy sa n\u00e1s pred rezerv\u00e1ciou op\u00fdtajte.<\/li>\n<\/ul>\n<h4><strong>\ud83c\udf1e Pripravte sa na krik, smiech a \u0161pliechanie!<\/strong><\/h4>\n<p>Nenechajte si ujs\u0165 jednu z najz\u00e1bavnej\u0161\u00edch <strong>vodn\u00e9 \u0161porty na Tenerife<\/strong>. Rezervujte si <strong>Bl\u00e1zniv\u00e9 UFO Tenerife<\/strong> jazdite dnes s CanaryVIP a za\u017eite vzru\u0161enie z lietania nad vlnami pri jednej z najvzru\u0161uj\u00facej\u0161\u00edch vodn\u00fdch aktiv\u00edt, ktor\u00e9 ostrov pon\u00faka.<\/p>","protected":false},"excerpt":{"rendered":"<p>\ud83d\udd0d<strong> Bl\u00e1zniv\u00e9 UFO a Twister Tenerife:<br \/>\n<\/strong>\u2705 Bezpe\u010dn\u00e1 platba.<br \/>\n\ud83d\udc65 A\u017e 8 jazdcov na jednu jazdu.<br \/>\n\ud83d\ude80 Jazdy trvaj\u00fa 15 min\u00fat.<br \/>\n\ud83c\udfde\ufe0f Vysokor\u00fdchlostn\u00e9 jazdy.<br \/>\n\ud83d\udd59 Po\u010das cel\u00e9ho d\u0148a.<br \/>\n\ud83d\udcc5 K dispoz\u00edcii denne.<br \/>\n\ud83e\udd11 Garancia najlep\u0161ej ceny.<br \/>\n\ud83d\udc6a Z\u013eavy pre skupiny.<br \/>\n\ud83d\udd01 24 hod\u00edn Storno podmienky.<br \/>\n\ud83c\udf0d Podpora viacer\u00fdch jazykov.<br \/>\n\ud83c\udf1f Rezervujte si pobyt vopred a u\u0161etrite.<br \/>\n\ud83d\udccd Odchod z <a href=\"https:\/\/maps.app.goo.gl\/bkqEhAxsobcjz9wG9\">Puerto Col\u00f3n<\/a>.<\/p>","protected":false},"featured_media":15388,"comment_status":"open","ping_status":"closed","template":"","meta":{"_acf_changed":false},"product_brand":[],"product_cat":[53],"product_tag":[],"class_list":{"0":"post-15386","1":"product","2":"type-product","3":"status-publish","4":"has-post-thumbnail","6":"product_cat-water-sports","7":"wcpa_has_options","9":"first","10":"instock","11":"virtual","12":"purchasable","13":"product-type-simple"},"acf":[],"wcpa_form_fields":{"wcpaData":{"product":{"product_price":18,"price_html":"From&nbsp;<span class=\"woocommerce-Price-amount amount\"><bdi>18,00&nbsp;<span class=\"woocommerce-Price-currencySymbol\">&euro;<\/span><\/bdi><\/span>","original_product_price":18,"price_including_tax":18,"price_excluding_tax":18,"product_id":{"parent":15386,"variation":false},"is_variable":false,"stock_status":"instock","stock_quantity":null,"parent_sku":"CV15386","product_attributes":[],"custom_fields":[],"is_taxable":false,"product_name":"Crazy UFO & Twister Tenerife","hasImage":false},"fields":{"sec_16894ab7dd6246":{"extra":{"key":"sec_16894ab7dd6246","section_id":"sec_16894ab7dd6246","name":"Default","status":1,"cl_rule":"show","enableCl":false,"relations":[],"toggle":true,"title_tag":"h3","show_title":false,"showPrice":"default","form_id":15391,"form_rules":{"exclude_from_discount":true,"fee_label":"Fee","disp_hide_options_price":true,"disp_show_section_price":false,"disp_show_field_price":true,"layout_option":"standard","pric_use_as_fee":false,"process_fee_as":"woo_fee"},"layout_option":"standard"},"fields":[[{"label":"\ud83d\udcc5 Date","active":true,"required":true,"elementId":"date_26894ab7dd6265","picker_type":"custom","picker_mode":"single","placeholder":"","description":"","tooltip":"","name":"date_26894ab7dd6265","label_position":"default","desc_position":"default","enablePrice":false,"className":"","enableCl":false,"relations":[{"operator":"and","rules":[{"operator":"AND","rules":{"cl_field":"radio-group_5661bc90f5e8f5","cl_relation":"is_not_empty","cl_val":"3 Hour Trip"}}]}],"date_pic_inline":true,"date_pic_inline_hide":true,"min_date":{"type":"days","val":"1"},"max_date":{"type":"days","val":"365"},"date_pic_conf":{"disabledWeeks":[]},"price":"","cl_rule":"show","col":6,"type":"date","error":false,"enableDesign":false,"LabelColor":"","isWeightTemplate":false,"isTemplate":false,"min_quantity":"1","quantity_decimal":false,"quantity_step":"1","quantity_label":"Quantity","repeater_field_label":"{field_label}","repeater_bind":"","gt_translate_keys":["label","placeholder","description","tooltip","repeater_field_label","quantity_label"],"price_dependency":false,"cl_dependency":false,"value":""}],[{"active":true,"col":6,"relations":false,"cl_rule":"show","enableCl":false,"price":"","enablePrice":false,"className":"","label_position":"default","desc_position":"default","type":"select","required":true,"elementId":"select_66894ab7dd6273","label":"\u23f0 Departure Time","name":"select_66894ab7dd6273","values":[{"label":"Whichever Time is Best","value":"Whichever Time is Best","selected":false,"tempId":"aco_312","gt_translate_keys":["label"]},{"label":"10:00","value":"10:00","selected":false,"tempId":"aco_313","gt_translate_keys":["label"]},{"label":"11:00","value":"11:00","selected":false,"tempId":"aco_314","gt_translate_keys":["label"]},{"label":"12:00","value":"12:00","selected":false,"tempId":"aco_711","gt_translate_keys":["label"]},{"label":"13:00","value":"13:00","selected":false,"tempId":"aco_721","gt_translate_keys":["label"]},{"label":"14:00","value":"14:00","selected":false,"tempId":"aco_983","gt_translate_keys":["label"]},{"label":"15:00","value":"15:00","selected":false,"tempId":"aco_993","gt_translate_keys":["label"]},{"label":"16:00","value":"16:00","selected":false,"tempId":"aco_1183","gt_translate_keys":["label"]}],"dropdown_type":"basic","error":false,"multiple":false,"placeholder":"None","isWeightTemplate":false,"isTemplate":false,"min_quantity":"1","quantity_decimal":false,"quantity_step":"1","quantity_label":"Quantity","repeater_field_label":"{field_label}","repeater_bind":"","gt_translate_keys":["label","placeholder","repeater_field_label","quantity_label"],"price_dependency":false,"cl_dependency":false,"value":""}],[{"active":true,"col":6,"relations":[{"operator":false,"rules":[{"operator":"AND","rules":{"cl_field":"","cl_relation":"","cl_val":""}}]}],"cl_rule":"show","enableCl":true,"price":"18","enablePrice":true,"className":"","label_position":"default","desc_position":"default","type":"radio-group","required":false,"elementId":"radio-group_76894ab7dd6281","label":"","name":"radio-group_76894ab7dd6281","values":[{"label":"\ud83d\udc64 People (18\u20ac)","value":"People","selected":true,"tempId":"aco_32","tooltip":"","description":"","gt_translate_keys":["label","tooltip","description"]}],"layOut":"","error":false,"checkUi":"button","priceOptions":"fixed_for_all","pricingType":"fixed","enable_quantity":true,"quantity_label":"","min_quantity":"0","options_tooltip":true,"options_description":true,"is_show_price":true,"isWeightTemplate":false,"isTemplate":false,"quantity_decimal":false,"quantity_step":"1","repeater_field_label":"{field_label}","repeater_bind":"","gt_translate_keys":["label","repeater_field_label","quantity_label"],"price_dependency":false,"cl_dependency":false,"value":""}],[{"active":true,"col":6,"relations":false,"cl_rule":"show","enableCl":false,"price":"","enablePrice":false,"className":"","label_position":"default","desc_position":"default","type":"separator","required":false,"elementId":"separator_16894ab7dd628d","label":"Separator Field","height":"6","separatorType":"fill","error":false,"separatorColor":"#66a5b6","gt_translate_keys":["label"],"price_dependency":false,"cl_dependency":false,"value":""}],[{"active":true,"col":6,"relations":false,"cl_rule":"show","enableCl":false,"price":"{field.radio-group_76894ab7dd6281.quantity}*6","enablePrice":true,"className":"","label_position":"default","desc_position":"default","type":"content","required":false,"elementId":"content_66894ab7dd6297","label":"Deposit Now","name":"content_66894ab7dd6297","contentType":"plain","value":"","error":false,"subtype":"div","inline":true,"show_in_checkout":true,"pricingType":"custom","isTemplate":false,"gt_translate_keys":["label","value"],"price_dependency":false,"cl_dependency":false}],[{"contentType":"plain","active":true,"label":"Payment at Arrival","elementId":"content_96894ab7dd62a1","value":"","inline":true,"show_in_checkout":true,"name":"content_96894ab7dd62a1","enablePrice":true,"className":"","subtype":"div","enableCl":false,"relations":false,"pricingType":"custom","isTemplate":false,"price":"{field.radio-group_76894ab7dd6281.quantity}*12","is_show_price":true,"cl_rule":"show","col":6,"type":"content","error":false,"gt_translate_keys":["label","value"],"price_dependency":false,"cl_dependency":false}],[{"contentType":"plain","active":true,"label":"Total Price","elementId":"content_76894ab7dd62ab","value":"","inline":true,"show_in_checkout":true,"name":"content_76894ab7dd62ab","enablePrice":true,"className":"","subtype":"div","enableCl":false,"relations":false,"pricingType":"custom","isTemplate":false,"price":"{field.radio-group_76894ab7dd6281.quantity}*18","is_show_price":true,"cl_rule":"show","col":6,"type":"content","error":false,"gt_translate_keys":["label","value"],"price_dependency":false,"cl_dependency":false}]]}},"config":{"price_override":"always","enable_recaptcha":false,"bind_quantity":false,"quantity_bind_formula":false,"disp_summ_show_option_price":true,"disp_summ_show_product_price":false,"disp_summ_show_total_price":true,"disp_summ_show_fee":true,"disp_summ_show_discount":true,"summary_title":"","options_total_label":"Options Price","total_label":"Total Amount","options_product_label":"Product Price","fee_label":"Fee","discount_label":"Discount","has_price":true,"has_quantity_formula":false},"mc_unit":1,"tax_rate":1,"tax_rate_real":1,"discount":{"percentage":0,"fixed":0},"design":{"conf":{"LabelPosition":"above","DescPosition":"above","UploadField":"custom_1","QuantityFieldStyle":"custom_1"},"css":{"LeftLabelWidth":"120px"}},"formulas":[],"lookuptables":[],"clones":false,"cartKey":false}},"_links":{"self":[{"href":"https:\/\/canaryvip.com\/sk\/wp-json\/wp\/v2\/product\/15386","targetHints":{"allow":["GET"]}}],"collection":[{"href":"https:\/\/canaryvip.com\/sk\/wp-json\/wp\/v2\/product"}],"about":[{"href":"https:\/\/canaryvip.com\/sk\/wp-json\/wp\/v2\/types\/product"}],"replies":[{"embeddable":true,"href":"https:\/\/canaryvip.com\/sk\/wp-json\/wp\/v2\/comments?post=15386"}],"wp:featuredmedia":[{"embeddable":true,"href":"https:\/\/canaryvip.com\/sk\/wp-json\/wp\/v2\/media\/15388"}],"wp:attachment":[{"href":"https:\/\/canaryvip.com\/sk\/wp-json\/wp\/v2\/media?parent=15386"}],"wp:term":[{"taxonomy":"product_brand","embeddable":true,"href":"https:\/\/canaryvip.com\/sk\/wp-json\/wp\/v2\/product_brand?post=15386"},{"taxonomy":"product_cat","embeddable":true,"href":"https:\/\/canaryvip.com\/sk\/wp-json\/wp\/v2\/product_cat?post=15386"},{"taxonomy":"product_tag","embeddable":true,"href":"https:\/\/canaryvip.com\/sk\/wp-json\/wp\/v2\/product_tag?post=15386"}],"curies":[{"name":"wp","href":"https:\/\/api.w.org\/{rel}","templated":true}]}}