{"id":15373,"date":"2025-08-07T12:36:55","date_gmt":"2025-08-07T11:36:55","guid":{"rendered":"https:\/\/canaryvip.com\/?post_type=product&#038;p=15373"},"modified":"2025-10-23T10:52:49","modified_gmt":"2025-10-23T09:52:49","slug":"bellini-luxury-yacht-tenerife","status":"publish","type":"product","link":"https:\/\/canaryvip.com\/sk\/shop\/bellini-luxury-yacht-tenerife\/","title":{"rendered":"Bellini Luxusn\u00e1 jachta Tenerife"},"content":{"rendered":"<h2><strong>\ud83d\udee5\ufe0f Bellini Luxusn\u00e1 jachta na Tenerife<\/strong><\/h2>\n<p class=\"translation-block\">Za\u017eite jedno z najexkluz\u00edvnej\u0161\u00edch dobrodru\u017estiev na ostrove s <strong>Bellini Luxury Yacht Tenerife<\/strong>. Tento s\u00fakromn\u00fd pren\u00e1jom, ktor\u00fd odch\u00e1dza z malebn\u00e9ho pr\u00edstavu <a href=\"https:\/\/maps.app.goo.gl\/Xq4LkTRqPjHQzRBE8\" target=\"_blank\" rel=\"noopener\">Puerto de Los Gigantes<\/a>, pon\u00faka priamy pr\u00edstup k niektor\u00fdm z naj\u00fachvatnej\u0161\u00edch scen\u00e9ri\u00ed na Tenerife vr\u00e1tane vysok\u00fdch \u00fatesov Los Gigantes a nedotknut\u00e9ho pobre\u017eia Masca.<\/p>\n<p class=\"translation-block\">\u010ci u\u017e oslavujete \u0161peci\u00e1lnu pr\u00edle\u017eitos\u0165, alebo si jednoducho chcete <strong>prenaja\u0165 jachtu na Tenerife<\/strong> na luxusn\u00fd \u00fanik, Bellini je dokonalou vo\u013ebou pre eleganciu, pohodlie a nezabudnute\u013en\u00fd v\u00fdh\u013ead.<\/p>\n<h3>\u2b50\ufe0f <strong>Pre\u010do je Bellini jednou z najlep\u0161\u00edch luxusn\u00fdch j\u00e1cht na Tenerife<\/strong><\/h3>\n<p><span style=\"text-decoration: underline;\"><strong>\u010c\u00edm sa Bellini odli\u0161uje:<\/strong><\/span><\/p>\n<p><strong>Exkluz\u00edvne priv\u00edtanie:<\/strong> Ka\u017ed\u00fd charter sa za\u010d\u00edna srde\u010dn\u00fdm priv\u00edtan\u00edm s \u010derstvo naserv\u00edrovan\u00fdm tropick\u00fdm ovoc\u00edm a pr\u00e9miovou iberskou \u0161unkou 5J, ktor\u00e9 ud\u00e1vaj\u00fa t\u00f3n prvotriednemu z\u00e1\u017eitku z plavby.<\/p>\n<p><strong>Otvoren\u00fd bar:<\/strong> Vychutnajte si neobmedzen\u00e9 mno\u017estvo n\u00e1pojov vr\u00e1tane v\u00edna, piva, vody, d\u017e\u00fasov, nealkoholick\u00fdch n\u00e1pojov a cavy.<\/p>\n<p><strong>S\u00fakromn\u00fd pr\u00edstup na skryt\u00e9 pl\u00e1\u017ee:<\/strong> V\u010faka slu\u017ebe \u010dlnkovania umo\u017e\u0148uje hotel Bellini hos\u0165om dosta\u0165 sa do skryt\u00fdch z\u00e1tok a na pl\u00e1\u017ee, ktor\u00e9 s\u00fa skuto\u010dne exkluz\u00edvnou zast\u00e1vkou na pobre\u017e\u00ed.<\/p>\n<h4>\ud83c\udf0a <strong>Zahrnut\u00e9 aktivity na palube<\/strong><\/h4>\n<p class=\"translation-block\">T\u00e1to <strong>luxusn\u00e1 jachta na Tenerife<\/strong> je viac ako len o plavbe, je o vytv\u00e1ran\u00ed spomienok:<\/p>\n<ul>\n<li><strong>\ud83c\udfc4 Surfovanie na p\u00e1dle:<\/strong> Zabavte sa na vode so stojanov\u00fdmi p\u00e1dlami, ktor\u00e9 s\u00fa jednoduch\u00e9 pre za\u010diato\u010dn\u00edkov a relaxa\u010dn\u00e9 pre v\u0161etk\u00fdch.<\/li>\n<li><strong>\ud83e\udd3f \u0160norchlovac\u00ed v\u00fdstroj:<\/strong> Ponorte sa a objavte podmorsk\u00fd svet Tenerife pln\u00fd morsk\u00e9ho \u017eivota a priezra\u010dnej modrej vody.<\/li>\n<li><strong>\ud83d\udcf8 GoPro a Polaroid:<\/strong> Pomocou na\u0161ich palubn\u00fdch kamier m\u00f4\u017eete zachyti\u0165 ka\u017ed\u00fd moment v\u00e1\u0161ho z\u00e1\u017eitku nad vodou aj pod \u0148ou.<\/li>\n<\/ul>\n<h4>\ud83c\udf7d\ufe0f <strong>Gurm\u00e1nska paella z 5. hodiny<\/strong><\/h4>\n<p>Pri plavb\u00e1ch trvaj\u00facich p\u00e4\u0165 hod\u00edn alebo viac je v cene \u010derstvo pripraven\u00e1 paella. Vyberte si z m\u00e4sovej, kuracej, vegetari\u00e1nskej alebo z morsk\u00fdch plodov, ktor\u00e9 sa pripravuj\u00fa pod\u013ea va\u0161ej chuti a pod\u00e1vaj\u00fa sa \u010derstv\u00e9 na palube.<\/p>\n<h3>\ud83d\udc8e <strong>Volite\u013en\u00e9 pr\u00e9miov\u00e9 doplnky na prisp\u00f4sobenie va\u0161ich z\u00e1\u017eitkov<\/strong><\/h3>\n<p class=\"translation-block\">Posu\u0148te svoj <strong>pren\u00e1jom jachty na Tenerife<\/strong> na vy\u0161\u0161iu \u00farove\u0148 s t\u00fdmito exkluz\u00edvnymi doplnkami (k dispoz\u00edcii na po\u017eiadanie a pod\u013ea dostupnosti):<\/p>\n<ul>\n<li><strong>S\u00fakromn\u00fd kuch\u00e1r:<\/strong> Profesion\u00e1lny kuch\u00e1r var\u00ed na\u017eivo na palube a prisp\u00f4sobuje menu va\u0161im preferenci\u00e1m.<\/li>\n<li><strong>Sk\u00fasenosti japonsk\u00e9ho \u0161\u00e9fkuch\u00e1ra:<\/strong> Vychutnajte si \u010derstvo pripraven\u00e9 sushi a \u010fal\u0161ie japonsk\u00e9 jedl\u00e1 z prvotriednych surov\u00edn a odbornou technikou.<\/li>\n<li><strong>Michelinsk\u00fd \u0161\u00e9fkuch\u00e1r:<\/strong> Vychutnajte si vysok\u00fa kuchy\u0148u od \u0161\u00e9fkuch\u00e1ra, ktor\u00fd je zaraden\u00fd do Michelinovho sprievodcu - pod\u00e1va sa priamo na palube.<\/li>\n<li><strong>Ochutn\u00e1vka \u0161ampansk\u00e9ho a kavi\u00e1ru:<\/strong> Pr\u00e9miov\u00e9 \u0161ampansk\u00e9 dokonale skombinovan\u00e9 s vybran\u00fdm v\u00fdberom \u0161pi\u010dkov\u00e9ho kavi\u00e1ru.<\/li>\n<li><strong>P\u00e1rovanie v\u00edna a gurm\u00e1nskych konzerv:<\/strong> Elegantn\u00e1 ochutn\u00e1vka v\u00edn v kombin\u00e1cii s prvotriednymi konzervami, ako s\u00fa mu\u0161le, koh\u00faty alebo brucho z tuniaka.<\/li>\n<li><strong>Pren\u00e1jom vodn\u00fdch sk\u00fatrov:<\/strong> K dispoz\u00edcii po\u010das kotvenia v bl\u00edzkosti La Caleta, Masca alebo Arme\u00f1ime.<\/li>\n<li><strong>Flyboard Experience:<\/strong> Lietajte nad oce\u00e1nom s \u00faplnou bezpe\u010dnos\u0165ou a doh\u013eadom.<\/li>\n<li><strong>Nafukovacie hra\u010dky do vody:<\/strong> Skupinov\u00e1 z\u00e1bava na ban\u00e1noch a \u010fal\u0161\u00edch \u010dlnoch \u0165ahan\u00fdch podporn\u00fdm \u010dlnom.<\/li>\n<li><strong>Pot\u00e1panie:<\/strong> Objavn\u00e9 pot\u00e1panie s in\u0161truktorom (nie s\u00fa potrebn\u00e9 \u017eiadne sk\u00fasenosti) alebo certifikovan\u00e9 pot\u00e1panie s miestnym sprievodcom.<\/li>\n<li><strong>\u0160portov\u00fd rybolov:<\/strong> V\u0161etko potrebn\u00e9 vybavenie na hlbokomorsk\u00fd rybolov s podporou na palube.<\/li>\n<\/ul>\n<h3>\ud83d\udea4 <strong>Vyberte si trvanie, ktor\u00e9 v\u00e1m najviac vyhovuje<\/strong><\/h3>\n<p>Bellini pon\u00faka viacero mo\u017enost\u00ed, aby ste si mohli navrhn\u00fa\u0165 dokonal\u00fd <strong>pren\u00e1jom lod\u00ed na Tenerife<\/strong>:<\/p>\n<ul>\n<li><strong>3-hodinov\u00fd charter:<\/strong> Kr\u00e1tky luxusn\u00fd v\u00fdlet s n\u00e1dhern\u00fdm v\u00fdh\u013eadom, n\u00e1pojmi a ob\u010derstven\u00edm na palube.<\/li>\n<li><strong>5-hodinov\u00e1 charta:<\/strong> Zah\u0155\u0148a v\u0161etko potrebn\u00e9 a navy\u0161e paellu a \u010das navy\u0161e na vychutnanie si vody a pobre\u017eia.<\/li>\n<li><strong>8-hodinov\u00e1 karta:<\/strong> Cel\u00fd de\u0148 na mori na presk\u00famanie Los Gigantes, Masca a \u010fal\u0161\u00edch miest! Ide\u00e1lne pre t\u00fdch, ktor\u00ed chc\u00fa za\u017ei\u0165 kompletn\u00fd z\u00e1\u017eitok z Bellini.<\/li>\n<\/ul>\n<h3>\u2705 <strong>\u010co je s\u00fa\u010das\u0165ou va\u0161ej charty<\/strong><\/h3>\n<ul>\n<li>Uv\u00edtac\u00ed tanier s \u010derstv\u00fdm ovoc\u00edm<\/li>\n<li>5J ibersk\u00e1 \u0161unka a pr\u00e9miov\u00e9 \u00fadeniny<\/li>\n<li>Otvoren\u00fd bar: cava, v\u00edno, pivo, voda, d\u017e\u00fasy a nealkoholick\u00e9 n\u00e1poje<\/li>\n<li>Uv\u00edtac\u00ed pr\u00edpitok s Chandon Spritz.<\/li>\n<li>P\u00e1dlovanie, \u0161norchlovanie, pou\u017e\u00edvanie GoPro a Polaroid<\/li>\n<li>Gurm\u00e1nska paella (v cene od 5. hodiny)<\/li>\n<li>Pr\u00edstup na pl\u00e1\u017e na \u010dlne<\/li>\n<li>Opa\u013eovanie a tienist\u00e9 miesta na palube<\/li>\n<li>Sk\u00fasen\u00e1, viacjazy\u010dn\u00e1 pos\u00e1dka<\/li>\n<\/ul>\n<h3>\ud83d\udccd <strong>Odchod z Puerto de Los Gigantes<\/strong><\/h3>\n<p class=\"translation-block\">Bellini odlieta zo z\u00e1padn\u00e9ho pobre\u017eia Tenerife, konkr\u00e9tne z <a href=\"https:\/\/maps.app.goo.gl\/Xq4LkTRqPjHQzRBE8\" target=\"_blank\" rel=\"noopener\">Puerto de Los Gigantes<\/a>. T\u00e1to lokalita pon\u00faka pr\u00edstup do prvej rady k majest\u00e1tnym \u00fatesom Los Gigantes a \u00fa\u017easn\u00e9mu pobre\u017eiu Masca, ktor\u00e9 patria k najikonickej\u0161\u00edm a najod\u013eahlej\u0161\u00edm \u010dastiam ostrova. Do pr\u00edstavu sa \u013eahko dostanete autom a odpor\u00fa\u010dame pr\u00eds\u0165 15 min\u00fat pred odchodom.<\/p>\n<h4>\ud83d\udcdc <strong>Jednoduch\u00e1 rezerv\u00e1cia a flexibiln\u00e9 storno podmienky<\/strong><\/h4>\n<p>V spolo\u010dnosti CanaryVIP chceme, aby va\u0161e sk\u00fasenosti boli od za\u010diatku bezprobl\u00e9mov\u00e9. Na\u0161e storno podmienky s\u00fa jasn\u00e9 a spravodliv\u00e9:<\/p>\n<ul>\n<li><strong>Z\u00e1ruka po\u010dasia:<\/strong> Ak s\u00fa podmienky na mori nebezpe\u010dn\u00e9, m\u00f4\u017eete zmeni\u0165 term\u00edn alebo po\u017eiada\u0165 o vr\u00e1tenie pe\u0148az\u00ed v plnej v\u00fd\u0161ke.<\/li>\n<li><strong>Bezplatn\u00e9 zru\u0161enie rezerv\u00e1cie:<\/strong> Bezplatne zru\u0161te alebo presu\u0148te term\u00edn do 4 dn\u00ed pred cestou. Pri zru\u0161en\u00ed do 4 dn\u00ed pred odchodom sa z\u00e1loha nevracia.<\/li>\n<\/ul>\n<h3>\ud83d\udd52 <strong>K dispoz\u00edcii s\u00fa mo\u017enosti prenocovania a viacd\u0148ov\u00e9ho pobytu<\/strong><\/h3>\n<p>Bellini nie je len na jednod\u0148ov\u00e9 charterov\u00e9 plavby - urobte si svoj \u00fatek e\u0161te v\u00fdnimo\u010dnej\u0161\u00edm:<\/p>\n<ul>\n<li>Str\u00e1vte noc na palube a zobu\u010fte sa so \u0161umen\u00edm oce\u00e1nu.<\/li>\n<li>Vytvorte si vlastn\u00fd itiner\u00e1r pre romantick\u00e9 pobyty, oslavy alebo viacd\u0148ov\u00e9 dobrodru\u017estv\u00e1 na plachetnici.<\/li>\n<\/ul>\n<h3>\ud83d\udc68\u200d\u2708\ufe0f <strong>Pred n\u00e1stupom do lietadla - r\u00fdchle tipy<\/strong><\/h3>\n<p>Aby ste si cestu \u010do najlep\u0161ie u\u017eili:<\/p>\n<ul>\n<li>Pripravte si potvrdenie CanaryVIP (vytla\u010den\u00e9 alebo digit\u00e1lne).<\/li>\n<li>Prineste si plavky, uter\u00e1k a opa\u013eovac\u00ed kr\u00e9m.<\/li>\n<li>Pred cestou zjedzte nie\u010do \u013eahk\u00e9 a vyhnite sa alkoholu, aby ste predi\u0161li morskej chorobe.<\/li>\n<li>Vyberte si svoje ob\u013e\u00faben\u00e9 miesto - slnko alebo tie\u0148 - a pripravte sa na relax.<\/li>\n<\/ul>\n<h3>\ud83d\udcac <strong>Rezervova\u0165 teraz s CanaryVIP<\/strong><\/h3>\n<p>V spolo\u010dnosti CanaryVIP sp\u00e1jame cestovate\u013eov s najlep\u0161ie hodnoten\u00fdmi z\u00e1\u017eitkami na Tenerife. Ak h\u013ead\u00e1te <strong>pren\u00e1jom luxusnej jachty na Tenerife<\/strong> a objavova\u0165 Los Gigantes alebo Masca v pravom \u0161t\u00fdle, Bellini je jednou z najlep\u0161\u00edch mo\u017enost\u00ed.<br \/>\n\ud83d\udc49 <a href=\"https:\/\/canaryvip.com\/sk\/tenerife\/boat-hire-tenerife\/\">Skontrolujte dostupnos\u0165 a rezervujte si jachtu teraz<\/a> - va\u0161e luxusn\u00e9 dobrodru\u017estvo je vzdialen\u00e9 len p\u00e1r kliknut\u00ed.<\/p>","protected":false},"excerpt":{"rendered":"<p><strong>\ud83d\udd0d Bellini Yacht Charter:<\/strong><br \/>\n\u2705 Bezpe\u010dn\u00e1 platba.<br \/>\n\ud83d\udee5\ufe0f 14m Yacht Comfort.<br \/>\n\u23f3 Denn\u00e9 prehliadky v trvan\u00ed 3-8 hod\u00edn.<br \/>\n\ud83d\udd59 Prisp\u00f4sobite\u013en\u00e9 \u010dasy odchodu.<br \/>\n\ud83c\udf74 Strava a n\u00e1poje v cene.<br \/>\n\ud83d\udc65 Maxim\u00e1lne 10 host\u00ed.<br \/>\n\ud83c\udfc4\u200d\u2640\ufe0f Vr\u00e1tane p\u00e1dlov\u00fdch dosiek.<br \/>\n\ud83e\udd3f Vybavenie na \u0161norchlovanie je k dispoz\u00edcii.<br \/>\n\ud83e\udd11 Garancia najlep\u0161ej ceny.<br \/>\n\ud83d\udc6a Z\u013eavy aktivovan\u00e9.<br \/>\n\ud83d\udd01 Storno do 4 dn\u00ed.<br \/>\n\ud83c\udf0d Viacjazy\u010dn\u00e1 pos\u00e1dka.<br \/>\n\ud83c\udf1f Rezervujte si v\u010das a u\u0161etrite!<br \/>\n\ud83d\udccd Odchod z <a href=\"https:\/\/maps.app.goo.gl\/Xq4LkTRqPjHQzRBE8\">Los Gigantes<\/a>.<\/p>","protected":false},"featured_media":15376,"comment_status":"open","ping_status":"closed","template":"","meta":{"_acf_changed":false},"product_brand":[],"product_cat":[47],"product_tag":[],"class_list":{"0":"post-15373","1":"product","2":"type-product","3":"status-publish","4":"has-post-thumbnail","6":"product_cat-boat-hire-tenerife","7":"wcpa_has_options","9":"first","10":"instock","11":"virtual","12":"purchasable","13":"product-type-simple"},"acf":[],"wcpa_form_fields":{"wcpaData":{"product":{"product_price":1060,"price_html":"From&nbsp;<span class=\"woocommerce-Price-amount amount\"><bdi>1.060,00&nbsp;<span class=\"woocommerce-Price-currencySymbol\">&euro;<\/span><\/bdi><\/span>","original_product_price":1060,"price_including_tax":1060,"price_excluding_tax":1060,"product_id":{"parent":15373,"variation":false},"is_variable":false,"stock_status":"instock","stock_quantity":null,"parent_sku":"CV15373","product_attributes":[],"custom_fields":[],"is_taxable":false,"product_name":"Bellini Luxury Yacht Tenerife","hasImage":false},"fields":{"sec_968949ba2884ff":{"extra":{"key":"sec_968949ba2884ff","section_id":"sec_968949ba2884ff","name":"Default","status":1,"cl_rule":"show","enableCl":false,"relations":[],"toggle":true,"title_tag":"h3","show_title":false,"showPrice":"default","form_id":15383,"form_rules":{"exclude_from_discount":true,"fee_label":"Fee","disp_hide_options_price":true,"disp_show_section_price":false,"disp_show_field_price":true,"layout_option":"standard","pric_use_as_fee":false,"process_fee_as":"woo_fee"},"layout_option":"standard"},"fields":[[{"label":"\ud83d\udcc5 Date","active":true,"required":true,"elementId":"date_868949ba288522","picker_type":"custom","picker_mode":"single","placeholder":"","description":"","tooltip":"","name":"date_868949ba288522","label_position":"default","desc_position":"default","enablePrice":false,"className":"","enableCl":false,"relations":[{"operator":"and","rules":[{"operator":"AND","rules":{"cl_field":"radio-group_565c78ffa81208","cl_relation":"is","cl_val":"3 Hour Trip"}}]}],"date_pic_inline":true,"date_pic_inline_hide":true,"min_date":{"type":"days","val":"1"},"max_date":{"type":"days","val":"365"},"date_pic_conf":{"disabledWeeks":[],"disabledDates":["2025-04-18 to 2025-04-24"]},"price":"","cl_rule":"show","col":6,"type":"date","error":false,"enableDesign":false,"LabelColor":"","isWeightTemplate":false,"isTemplate":false,"min_quantity":"1","quantity_decimal":false,"quantity_step":"1","quantity_label":"Quantity","repeater_field_label":"{field_label}","repeater_bind":"","gt_translate_keys":["label","placeholder","description","tooltip","repeater_field_label","quantity_label"],"price_dependency":false,"cl_dependency":false,"value":""}],[{"elementId":"separator_268949ba28853d","separatorType":"blank","className":"","height":"3","enableCl":false,"relations":false,"cl_rule":"show","col":6,"type":"separator","error":false,"gt_translate_keys":[],"price_dependency":false,"cl_dependency":false,"value":""}],[{"active":true,"col":6,"relations":[{"operator":false,"rules":[{"operator":"AND","rules":{"cl_field":"radio-group_565c78ffa81208","cl_relation":"is","cl_val":"3 Hour Trip"}}]}],"cl_rule":"show","enableCl":false,"price":"","enablePrice":false,"className":"","label_position":"default","desc_position":"default","type":"select","required":false,"elementId":"select_468949ba288577","label":"\u23f0 Departure Time","name":"select_468949ba288577","values":[{"label":"09:00","value":"09:00","selected":false,"tempId":"aco_1471","gt_translate_keys":["label"]},{"label":"10:00","value":"10:00","selected":false,"tempId":"aco_1472","gt_translate_keys":["label"]},{"label":"11:00","value":"11:00","selected":false,"tempId":"aco_1500","gt_translate_keys":["label"]},{"label":"12:00","value":"12:00","selected":false,"tempId":"aco_1510","gt_translate_keys":["label"]},{"label":"13:00 (1:00 PM)","value":"13:00","selected":false,"tempId":"aco_1520","gt_translate_keys":["label"]},{"label":"14:00 (2:00 PM)","value":"14:00","selected":false,"tempId":"aco_1728","gt_translate_keys":["label"]},{"label":"15:00 (3:00 PM)","value":"15:00","selected":false,"tempId":"aco_1738","gt_translate_keys":["label"]}],"dropdown_type":"basic","error":false,"placeholder":"Whichever Time is Best","isWeightTemplate":false,"isTemplate":false,"min_quantity":"1","quantity_decimal":false,"quantity_step":"1","quantity_label":"Quantity","repeater_field_label":"{field_label}","repeater_bind":"","gt_translate_keys":["label","placeholder","repeater_field_label","quantity_label"],"price_dependency":false,"cl_dependency":false,"value":""}],[{"active":true,"col":6,"relations":false,"cl_rule":"show","enableCl":false,"price":"","enablePrice":true,"className":"","label_position":"default","desc_position":"default","type":"select","required":true,"elementId":"select_1068949ba288548","label":"\u23f3 Trip Duration","name":"select_1068949ba288548","values":[{"label":"3 Hours (1.060\u20ac)","value":"3h","selected":false,"tempId":"aco_556","price":"1060","gt_translate_keys":["label"]},{"label":"4 Hours (1.275\u20ac)","value":"4H","selected":false,"tempId":"aco_181","price":"1275","gt_translate_keys":["label"]},{"label":"5 Hours (1.490\u20ac)","value":"5h","selected":false,"tempId":"aco_281","price":"1490","gt_translate_keys":["label"]},{"label":"6 Hours (1.700\u20ac)","value":"6h","selected":false,"tempId":"aco_605","price":"1700","gt_translate_keys":["label"]},{"label":"7 Hours (1.915\u20ac)","value":"7h","selected":false,"tempId":"aco_381","price":"1915","gt_translate_keys":["label"]},{"label":"8 Hours (2.130\u20ac)","value":"8h","selected":false,"tempId":"aco_724","price":"2130","gt_translate_keys":["label"]}],"dropdown_type":"basic","error":false,"placeholder":"Select Trip Duration","priceOptions":"different_for_all","pricingType":"fixed","is_show_price":false,"isWeightTemplate":false,"isTemplate":false,"min_quantity":"1","quantity_decimal":false,"quantity_step":"1","quantity_label":"Quantity","repeater_field_label":"{field_label}","repeater_bind":"","gt_translate_keys":["label","placeholder","repeater_field_label","quantity_label"],"price_dependency":false,"cl_dependency":false,"value":""}],[{"label":"\u2705 Number of People","active":true,"required":true,"elementId":"select_168949ba28858b","dropdown_type":"basic","placeholder":"Select Number of People","name":"select_168949ba28858b","label_position":"default","desc_position":"default","enablePrice":true,"className":"","enableCl":false,"relations":[{"operator":false,"rules":[{"operator":"AND","rules":{"cl_field":"radio-group_565c78ffa81208","cl_relation":"is","cl_val":"3 Hour Trip"}}]}],"values":[{"label":"1 person","value":"1","selected":false,"tempId":"aco_1471","price":"0","gt_translate_keys":["label"]},{"label":"2 people","value":"2","selected":false,"tempId":"aco_1472","price":"0","gt_translate_keys":["label"]},{"label":"3 people","value":"3","selected":false,"tempId":"aco_1500","price":"0","gt_translate_keys":["label"]},{"label":"4 people","value":"4","selected":false,"tempId":"aco_1510","price":"0","gt_translate_keys":["label"]},{"label":"5 people","value":"5","selected":false,"tempId":"aco_1520","price":"0","gt_translate_keys":["label"]},{"label":"6 people (+120\u20ac)","value":"6","selected":false,"tempId":"aco_1728","price":"120","gt_translate_keys":["label"]},{"label":"7 people (+240\u20ac)","value":"7","selected":false,"tempId":"aco_1738","price":"240","gt_translate_keys":["label"]},{"label":"8 people (+360\u20ac)","value":"8","selected":false,"tempId":"aco_1922","price":"360","gt_translate_keys":["label"]},{"label":"9 People (+480\u20ac)","value":"9","selected":false,"tempId":"aco_220","price":"480","gt_translate_keys":["label"]},{"label":"10 People (+600\u20ac)","value":"10","selected":false,"tempId":"aco_311","price":"600","gt_translate_keys":["label"]}],"price":"","cl_rule":"show","col":6,"type":"select","error":false,"isWeightTemplate":false,"isTemplate":false,"min_quantity":"1","quantity_decimal":false,"quantity_step":"1","quantity_label":"Quantity","repeater_field_label":"{field_label}","repeater_bind":"","priceOptions":"different_for_all","pricingType":"fixed","gt_translate_keys":["label","placeholder","repeater_field_label","quantity_label"],"price_dependency":false,"cl_dependency":false,"value":""}],[{"active":true,"col":6,"relations":false,"cl_rule":"show","enableCl":false,"price":"","enablePrice":true,"className":"","label_position":"default","desc_position":"default","type":"select","required":false,"elementId":"select_368949ba288551","label":"\ud83d\udca6 Add jet-skis?","name":"select_368949ba288551","values":[{"label":"1 JetSki for 1 Hour (345\u20ac)","value":"1 x Jetski for 1 Hour","selected":false,"tempId":"aco_2501","price":"345","gt_translate_keys":["label"]},{"label":"2 JetSkis for 1 Hour (690\u20ac)","value":"2 x JetSki for 1 Hour","selected":false,"tempId":"aco_2502","price":"690","gt_translate_keys":["label"]}],"dropdown_type":"basic","error":false,"description":"Private JetSki tour from the boat with a JetSki instructor.","placeholder":"None","priceOptions":"different_for_all","pricingType":"fixed","is_show_price":false,"isWeightTemplate":false,"isTemplate":false,"min_quantity":"1","quantity_decimal":false,"quantity_step":"1","quantity_label":"Quantity","repeater_field_label":"{field_label}","repeater_bind":"","gt_translate_keys":["label","placeholder","description","repeater_field_label","quantity_label"],"price_dependency":false,"cl_dependency":false,"value":""}]]}},"config":{"price_override":"always","enable_recaptcha":false,"bind_quantity":false,"quantity_bind_formula":false,"disp_summ_show_option_price":true,"disp_summ_show_product_price":false,"disp_summ_show_total_price":true,"disp_summ_show_fee":true,"disp_summ_show_discount":true,"summary_title":"","options_total_label":"Options Price","total_label":"Total Amount","options_product_label":"Product Price","fee_label":"Fee","discount_label":"Discount","has_price":true,"has_quantity_formula":false},"mc_unit":1,"tax_rate":1,"tax_rate_real":1,"discount":{"percentage":0,"fixed":0},"design":{"conf":{"LabelPosition":"above","DescPosition":"above","UploadField":"custom_1","QuantityFieldStyle":"custom_1"},"css":{"LeftLabelWidth":"120px"}},"formulas":{"fmla_1708360988969136756":"(({field.select_56638eb5b235ae.value}>=3)?(1200):(({field.select_56638eb5b235ae.value}>=2)?(850):(({field.select_56638eb5b235ae.value}>=1)?(540):(0))))","fmla_1708364241278155361":"(({field.select_5841412719.value}>=8)?({field.select_5841412719.price}):(({field.select_5841412719.value}>=5)?({field.select_5841412719.price}):(({field.select_5841412719.value}>=3)?({field.select_5841412719.price}):(0))))"},"lookuptables":[],"clones":false,"cartKey":false}},"_links":{"self":[{"href":"https:\/\/canaryvip.com\/sk\/wp-json\/wp\/v2\/product\/15373","targetHints":{"allow":["GET"]}}],"collection":[{"href":"https:\/\/canaryvip.com\/sk\/wp-json\/wp\/v2\/product"}],"about":[{"href":"https:\/\/canaryvip.com\/sk\/wp-json\/wp\/v2\/types\/product"}],"replies":[{"embeddable":true,"href":"https:\/\/canaryvip.com\/sk\/wp-json\/wp\/v2\/comments?post=15373"}],"wp:featuredmedia":[{"embeddable":true,"href":"https:\/\/canaryvip.com\/sk\/wp-json\/wp\/v2\/media\/15376"}],"wp:attachment":[{"href":"https:\/\/canaryvip.com\/sk\/wp-json\/wp\/v2\/media?parent=15373"}],"wp:term":[{"taxonomy":"product_brand","embeddable":true,"href":"https:\/\/canaryvip.com\/sk\/wp-json\/wp\/v2\/product_brand?post=15373"},{"taxonomy":"product_cat","embeddable":true,"href":"https:\/\/canaryvip.com\/sk\/wp-json\/wp\/v2\/product_cat?post=15373"},{"taxonomy":"product_tag","embeddable":true,"href":"https:\/\/canaryvip.com\/sk\/wp-json\/wp\/v2\/product_tag?post=15373"}],"curies":[{"name":"wp","href":"https:\/\/api.w.org\/{rel}","templated":true}]}}