{"id":14642,"date":"2025-05-26T18:12:56","date_gmt":"2025-05-26T17:12:56","guid":{"rendered":"https:\/\/canaryvip.com\/?post_type=product&#038;p=14642"},"modified":"2025-10-02T11:19:56","modified_gmt":"2025-10-02T10:19:56","slug":"skyline-boat-charter-tenerife","status":"publish","type":"product","link":"https:\/\/canaryvip.com\/sk\/shop\/skyline-boat-charter-tenerife\/","title":{"rendered":"Pren\u00e1jom lod\u00ed Skyline Tenerife"},"content":{"rendered":"<h2>\ud83d\udea4 Pren\u00e1jom jachty Tenerife: Z\u00e1\u017eitky s lo\u010fou Skyline<\/h2>\n<p class=\"translation-block\"><strong>Skyline Cruiser<\/strong> je exkluz\u00edvna <strong>jachta na Tenerife,<\/strong> ktor\u00e1 pon\u00faka luxusn\u00fd z\u00e1\u017eitok na palube 42-metrovej motorovej jachty Fairline. S priestorom a\u017e pre 12 host\u00ed je ide\u00e1lnou vo\u013ebou pre mal\u00e9 skupiny, ktor\u00e9 h\u013eadaj\u00fa s\u00fakromie, pohodlie a uvo\u013enen\u00fa atmosf\u00e9ru na Atlantiku.<\/p>\n<p class=\"translation-block\">Tento <strong>\u010carter lode Tenerife<\/strong> s odchodom z Puerto Col\u00f3n je ide\u00e1lny pre t\u00fdch, ktor\u00ed si chc\u00fa odd\u00fdchnu\u0165, presk\u00fama\u0165 ju\u017en\u00e9 pobre\u017eie ostrova alebo si vychutna\u0165 pozorovanie delf\u00ednov a ve\u013er\u00fdb v ich prirodzenom prostred\u00ed. Je to jeden z naj\u0161t\u00fdlovej\u0161\u00edch sp\u00f4sobov, ako si <strong>naja\u0165 lo\u010f na Tenerife<\/strong> a objavova\u0165 ostrov z mora.<\/p>\n<h3>\ud83c\udf05 Vyberte si \u010das odchodu<\/h3>\n<p class=\"translation-block\"><strong>K dispoz\u00edcii s\u00fa tri denn\u00e9 odchody<\/strong>, ktor\u00e9 vyhovuj\u00fa r\u00f4znym rozvrhom:<\/p>\n<ul>\n<li>\ud83d\udd58 9:45<\/li>\n<li>\ud83d\udd50 13:15<\/li>\n<li>\ud83d\udd5f 16:20<\/li>\n<\/ul>\n<p class=\"translation-block\">Nalodenie sa uskuto\u010d\u0148uje v <a href=\"https:\/\/maps.app.goo.gl\/f5R77mRQ2HgpADy77\" target=\"_blank\" rel=\"noopener\">Puerto Col\u00f3n Marina v Costa Adeje.<\/a><\/p>\n<h3>\ud83c\udf0a \u010co m\u00f4\u017eete o\u010dak\u00e1va\u0165 na palube<\/h3>\n<ul>\n<li class=\"translation-block\"><strong>Pozorovanie fauny a fl\u00f3ry:<\/strong> Lo\u010f sa plav\u00ed 3 m\u00edle od pobre\u017eia, aby ste mohli pozorova\u0165 delf\u00edny, ve\u013eryby a in\u00e9 morsk\u00e9 \u017eivo\u010d\u00edchy na otvorenom oce\u00e1ne.<\/li>\n<li class=\"translation-block\"><strong>Relaxovan\u00e1 plavba:<\/strong> Hostia si m\u00f4\u017eu odd\u00fdchnu\u0165 v tienistom sal\u00f3niku alebo sa opa\u013eova\u0165 na prove a z\u00e1rove\u0148 si vychutn\u00e1va\u0165 panoramatick\u00fd v\u00fdh\u013ead na more.<\/li>\n<li class=\"translation-block\"><strong>Zast\u00e1vka na pl\u00e1vanie:<\/strong> Pokojn\u00e1 zast\u00e1vka v z\u00e1toke poskytuje \u010das na pl\u00e1vanie, \u0161norchlovanie alebo len na oddych vo vode.<\/li>\n<li class=\"translation-block\"><strong>Pobre\u017eie sp\u00e4\u0165:<\/strong> Spiato\u010dn\u00e1 trasa pon\u00faka v\u00fdh\u013ead na ikonick\u00e9 miesta, ako s\u00fa hippie jaskyne a sope\u010dn\u00e9 \u00fatesy ju\u017en\u00e9ho pobre\u017eia.<\/li>\n<\/ul>\n<h3>\ud83c\udf74 Jedlo a n\u00e1poje v cene<\/h3>\n<p class=\"translation-block\">Tento <strong>pren\u00e1jom jachty Tenerife<\/strong> zah\u0155\u0148a r\u00f4zne ob\u010derstvenie, napr\u00edklad \u0161panielsku omeletu, pizzu, klob\u00e1sy, syr, cherry paradajky s olivov\u00fdm olejom a oreganom, orechy a \u010derstv\u00e9 sez\u00f3nne ovocie. N\u00e1poje zah\u0155\u0148aj\u00fa vodu, nealkoholick\u00e9 n\u00e1poje, pivo, v\u00edno a cavu.<\/p>\n<p>Pre host\u00ed s di\u00e9tnymi obmedzeniami alebo preferenciami je mo\u017en\u00e9 po predch\u00e1dzaj\u00facom upozornen\u00ed dohodn\u00fa\u0165 alternat\u00edvne menu.<\/p>\n<h3>\ud83e\udd3f \u0160norchlovanie a relax\u00e1cia<\/h3>\n<ul>\n<li class=\"translation-block\"><strong>Vybavenie na \u0161norchlovanie a uter\u00e1ky:<\/strong> Poskytuje sa na palube, aby si hostia mohli pohodlne a bez probl\u00e9mov u\u017e\u00edva\u0165 vodu.<\/li>\n<li class=\"translation-block\"><strong>Skryt\u00e9 z\u00e1toky:<\/strong> Zast\u00e1vky sa robia na pokojn\u00fdch, tich\u00fdch miestach, ktor\u00e9 s\u00fa ide\u00e1lne na k\u00fapanie a \u0161norchlovanie mimo davu \u013eud\u00ed.<\/li>\n<\/ul>\n<h3>\ud83d\udccd Odchod z Puerto Col\u00f3n<\/h3>\n<ul>\n<li><strong>Miesto stretnutia:<\/strong> Puerto Col\u00f3n Marina, Costa Adeje. <a href=\"https:\/\/maps.app.goo.gl\/f5R77mRQ2HgpADy77\" target=\"_blank\" rel=\"noopener\">Zobrazi\u0165 na Map\u00e1ch Google<\/a><\/li>\n<li><strong>\u010cas pr\u00edchodu:<\/strong> \u017diadame host\u00ed, aby sa dostavili 30 min\u00fat pred odchodom, aby sa zabezpe\u010dil bezprobl\u00e9mov\u00fd proces registr\u00e1cie.<\/li>\n<\/ul>\n<h3>\ud83d\udccb \u010co je v cene a \u010do si prinies\u0165<\/h3>\n<ul>\n<li><strong>Zahrnut\u00e9:<\/strong> Kapit\u00e1n a pos\u00e1dka, ob\u010derstvenie, n\u00e1poje, uter\u00e1ky, v\u00fdstroj na \u0161norchlovanie a poistenie.<\/li>\n<li><strong>Odpor\u00fa\u010dame prinies\u0165:<\/strong> Plavky, uter\u00e1k, opa\u013eovac\u00ed kr\u00e9m, slne\u010dn\u00e9 okuliare a \u013eahk\u00fa bundu na chladnej\u0161ie dni.<\/li>\n<\/ul>\n<h3>\ud83d\udcb3 Podrobnosti o rezerv\u00e1cii a platbe<\/h3>\n<ul>\n<li><strong>Proces rezerv\u00e1cie:<\/strong> Pri rezerv\u00e1cii je potrebn\u00e9 zaplati\u0165 cel\u00fa sumu.<\/li>\n<li><strong>Podpora z\u00e1kazn\u00edkov:<\/strong> Spolo\u010dnos\u0165 CanaryVIP poskytuje pomoc pred a po rezerv\u00e1cii, aby zabezpe\u010dila bezprobl\u00e9mov\u00fd priebeh rezerv\u00e1cie.<\/li>\n<\/ul>\n<h3>\u2757 Storno podmienky<\/h3>\n<p>Storno podmienky pre Skyline Boat Tenerife s\u00fa nasledovn\u00e9:<\/p>\n<ul>\n<li><strong>Viac ako 5 dn\u00ed pred odchodom:<\/strong> Vr\u00e1tenie pe\u0148az\u00ed v plnej v\u00fd\u0161ke.<\/li>\n<li><strong>3 a\u017e 5 dn\u00ed predt\u00fdm:<\/strong> 50% vr\u00e1tenej z\u00e1lohy.<\/li>\n<li><strong>Menej ako 72 hod\u00edn pred:<\/strong> Z\u00e1loha je nevratn\u00e1.<\/li>\n<li><strong>Nepr\u00edtomnos\u0165 alebo neskor\u00fd pr\u00edchod:<\/strong> \u017diadna n\u00e1hrada.<\/li>\n<li><strong>Zru\u0161enie letov v d\u00f4sledku po\u010dasia:<\/strong> Ak kapit\u00e1n us\u00fadi, \u017ee podmienky nie s\u00fa bezpe\u010dn\u00e9, pon\u00fakne v\u00e1m vr\u00e1tenie pe\u0148az\u00ed v plnej v\u00fd\u0161ke alebo zmenu term\u00ednu.<\/li>\n<\/ul>\n<h3>\u2728 Pre\u010do si rezervova\u0165 lo\u010f Skyline Tenerife s CanaryVIP?<\/h3>\n<ul>\n<li><strong>Z\u00e1\u017eitok z jachty vy\u0161\u0161ej triedy:<\/strong> Luxusn\u00e1 lo\u010f s obmedzenou kapacitou pre osobnej\u0161\u00ed a pohodlnej\u0161\u00ed v\u00fdlet.<\/li>\n<li><strong>Ponuka all-inclusive:<\/strong> V cene je zahrnut\u00e9 ob\u010derstvenie, n\u00e1poje, vybavenie na \u0161norchlovanie a uter\u00e1ky.<\/li>\n<li><strong>Ide\u00e1lne na \u0161peci\u00e1lne pr\u00edle\u017eitosti:<\/strong> Skvel\u00e1 pr\u00edle\u017eitos\u0165 na narodeniny, v\u00fdro\u010die, romantick\u00e9 pobyty alebo pr\u00e9miov\u00fd de\u0148 na mori.<\/li>\n<\/ul>\n<h3>\ud83d\udccc Z\u00e1vere\u010dn\u00e9 my\u0161lienky<\/h3>\n<p class=\"translation-block\">Pre cestovate\u013eov, ktor\u00ed si chc\u00fa <strong>naja\u0165 lo\u010f na Tenerife<\/strong> a vychutna\u0165 si vysokokvalitn\u00fd, relaxa\u010dn\u00fd z\u00e1\u017eitok na oce\u00e1ne, je <strong>Skyline Boat Tenerife<\/strong> jednou z najlep\u0161\u00edch dostupn\u00fdch mo\u017enost\u00ed. S ka\u017edodenn\u00fdmi odchodmi, slu\u017ebami all inclusive a \u00fa\u017easn\u00fdmi v\u00fdh\u013eadmi poskytuje t\u00e1to <a href=\"https:\/\/canaryvip.com\/sk\/tenerife\/boat-hire-tenerife\/\" target=\"_self\"><strong>s\u00fakromn\u00e1 prehliadka lode Tenerife<\/strong><\/a> pohodlie, kr\u00e1su a nezabudnute\u013en\u00e9 spomienky.<\/p>\n<p class=\"translation-block\">Rezerv\u00e1cie si m\u00f4\u017eete jednoducho urobi\u0165 prostredn\u00edctvom <strong>CanaryVIP<\/strong>, v\u00e1\u0161ho d\u00f4veryhodn\u00e9ho partnera pre pr\u00e9miov\u00e9 v\u00fdlety na Kan\u00e1rskych ostrovoch.<\/p>","protected":false},"excerpt":{"rendered":"<p><strong>\ud83d\udd0d Lo\u010f Skyline Tenerife:<\/strong><br \/>\n<span>\u2705 Bezpe\u010dn\u00e1 platba.<\/span><br \/>\n<span>\ud83d\udc65 K dispoz\u00edcii s\u00fa spolo\u010dn\u00e9 prehliadky.<br \/>\n\ud83d\udd10 S\u00fakromn\u00e9 prehliadky k dispoz\u00edcii.<\/span><br \/>\n<span>\ud83d\udc0b Pozorovanie ve\u013er\u00fdb a delf\u00ednov.<\/span><br \/>\n<span>\ud83d\ude80 Prehliadky v trvan\u00ed 3 hod.<\/span><br \/>\n<span>\ud83d\udd59 9:45, 13:15, 16:20.<br \/>\n<\/span>\ud83c\udf05 K dispoz\u00edcii s\u00fa prehliadky pri z\u00e1pade slnka.<br \/>\n<span>\ud83e\uddc3 Ob\u010derstvenie a n\u00e1poje v cene.<\/span><br \/>\n<span>\ud83d\udc65 A\u017e 12 os\u00f4b.<\/span><br \/>\n<span>\ud83e\udd3f Vybavenie na \u0161norchlovanie je k dispoz\u00edcii.<\/span><br \/>\n<span>\ud83e\udd11 Garancia najlep\u0161ej ceny.<\/span><br \/>\n<span>\ud83d\udc6a Z\u013eavy aktivovan\u00e9.<\/span><br \/>\n<span>\ud83d\udd01 Storno do 5 dn\u00ed.<\/span><br \/>\n<span>\ud83c\udf0d Viacjazy\u010dn\u00e9 pr\u00edru\u010dky.<\/span><br \/>\n<span>\ud83c\udf1f Rezervujte teraz a u\u0161etrite!<\/span><br \/>\n<span>\ud83d\udccd Odchod z\u00a0<\/span><a href=\"https:\/\/www.google.com\/maps\/place\/Puerto+Col%C3%B3n\/@28.0783432,-16.7368735,18.52z\/data=!4m6!3m5!1s0xc6a9743509c9ebf:0xd62345524f768247!8m2!3d28.0789928!4d-16.7359737!16s%2Fg%2F11c6cqryw_?entry=tts\">Puerto Colon<\/a><span>.<\/span><\/p>","protected":false},"featured_media":14645,"comment_status":"open","ping_status":"closed","template":"","meta":{"_acf_changed":false},"product_brand":[],"product_cat":[47,46],"product_tag":[],"class_list":{"0":"post-14642","1":"product","2":"type-product","3":"status-publish","4":"has-post-thumbnail","6":"product_cat-boat-hire-tenerife","7":"product_cat-boat-excursions","8":"wcpa_has_options","10":"first","11":"instock","12":"virtual","13":"purchasable","14":"product-type-simple"},"acf":[],"wcpa_form_fields":{"wcpaData":{"product":{"product_price":65,"price_html":"From&nbsp;<span class=\"woocommerce-Price-amount amount\"><bdi>65,00&nbsp;<span class=\"woocommerce-Price-currencySymbol\">&euro;<\/span><\/bdi><\/span>","original_product_price":65,"price_including_tax":65,"price_excluding_tax":65,"product_id":{"parent":14642,"variation":false},"is_variable":false,"stock_status":"instock","stock_quantity":null,"parent_sku":"CV14642","product_attributes":[],"custom_fields":[],"is_taxable":false,"product_name":"Skyline Boat Charter Tenerife","hasImage":false},"fields":{"sec_56836ef2832367":{"extra":{"key":"sec_56836ef2832367","section_id":"sec_56836ef2832367","name":"Trip Duration","status":1,"cl_rule":"show","enableCl":false,"relations":[],"toggle":true,"title_tag":"h4","show_title":false,"showPrice":"default","form_id":14657,"form_rules":{"exclude_from_discount":true,"fee_label":"Fee","disp_hide_options_price":true,"disp_show_section_price":false,"disp_show_field_price":true,"layout_option":"standard","pric_use_as_fee":false,"process_fee_as":"woo_fee"},"layout_option":"standard"},"fields":[[{"active":true,"col":6,"relations":false,"cl_rule":"show","enableCl":false,"price":"","enablePrice":false,"className":"","label_position":"default","desc_position":"default","type":"radio-group","required":false,"elementId":"radio-group_26836ef2832388","label":"\u231b\ufe0f Trip Duration","name":"radio-group_26836ef2832388","values":[{"label":"3 Hour Shared Trip (65\u20ac)","value":"Shared 3H","selected":false,"tempId":"aco_148","description":"Whale and dolphin sightings. Includes snacks, drinks, and snorkeling. Daily at 9:45.","gt_translate_keys":["label","description"]},{"label":"Private Charter (650\u20ac)","value":"Private Charter","selected":false,"tempId":"aco_149","description":"Sail Tenerife\u2019s coast on a private yacht. Spot dolphins and whales, Includes Spanish snacks, drinks, and snorkeling. 3 hour charters.","gt_translate_keys":["label","description"]}],"layOut":"","error":false,"checkUi":"toggle","options_description":true,"gt_translate_keys":["label"],"price_dependency":false,"cl_dependency":[false,false],"value":""}]]},"sec_36836ef2832389":{"extra":{"key":"sec_36836ef2832389","section_id":"sec_36836ef2832389","name":"Shared Trip","status":1,"cl_rule":"show","enableCl":true,"relations":[{"operator":false,"rules":[{"operator":"AND","rules":{"cl_field":"radio-group_26836ef2832388","cl_relation":"is","cl_val":"Shared 3H"}}]}],"toggle":true,"title_tag":"h4","show_title":false,"showPrice":"default","form_id":14657,"form_rules":{"exclude_from_discount":true,"fee_label":"Fee","disp_hide_options_price":true,"disp_show_section_price":false,"disp_show_field_price":true,"layout_option":"standard","pric_use_as_fee":false,"process_fee_as":"woo_fee"},"layout_option":"standard"},"fields":[[{"label":"\ud83d\udcc5 Date","active":true,"required":true,"elementId":"date_46836ef2832396","picker_type":"custom","picker_mode":"single","placeholder":"","description":"","tooltip":"","name":"date_46836ef2832396","label_position":"default","desc_position":"default","enablePrice":false,"className":"","enableCl":false,"relations":[{"operator":"and","rules":[{"operator":"AND","rules":{"cl_field":"radio-group_367e16bf8dd4f5","cl_relation":"is","cl_val":"3 Hour Trip"}}]}],"enableDesign":false,"LabelColor":"","date_pic_inline":true,"date_pic_inline_hide":true,"min_date":{"type":"days","val":""},"max_date":{"type":"days","val":"365"},"date_pic_conf":{"disabledWeeks":[],"disabledDates":["2025-12-01 to 2025-12-14"]},"price":"","cl_rule":"show","col":6,"type":"date","error":false,"isWeightTemplate":false,"isTemplate":false,"min_quantity":"1","quantity_decimal":false,"quantity_step":"1","quantity_label":"Quantity","repeater_field_label":"{field_label}","repeater_bind":"","date_conf_custom":{"minDate":"let d = new Date();\nif (d.getHours() >= 18) {\n  d.setDate(d.getDate() + 2);\n} else {\n  d.setDate(d.getDate() + 1);\n}\nreturn d;"},"gt_translate_keys":["label","placeholder","description","tooltip","repeater_field_label","quantity_label"],"price_dependency":false,"cl_dependency":false,"value":""}],[{"label":"\u23f0 Departure","active":true,"required":true,"elementId":"select_96836ef28323a1","dropdown_type":"basic","placeholder":"Select Departure Time","name":"select_96836ef28323a1","label_position":"default","desc_position":"default","enablePrice":false,"className":"","enableCl":false,"relations":[{"operator":false,"rules":[{"operator":"AND","rules":{"cl_field":"date_367e16bf8dd504","cl_relation":"week_day_is","cl_val":[1]}}]}],"values":[{"label":"9:45","value":"9:45","selected":true,"tempId":"aco_2695","gt_translate_keys":["label"]}],"price":"","cl_rule":"show","col":6,"type":"select","error":false,"gt_translate_keys":["label","placeholder"],"price_dependency":false,"cl_dependency":false,"value":""}],[{"active":true,"col":6,"relations":false,"cl_rule":"show","enableCl":false,"price":"","enablePrice":false,"className":"","label_position":"default","desc_position":"default","type":"separator","required":false,"elementId":"separator_106836ef28323ac","label":"Separator Field","height":"4","separatorType":"blank","error":false,"gt_translate_keys":["label"],"price_dependency":false,"cl_dependency":false,"value":""}],[{"active":true,"col":6,"relations":false,"cl_rule":"show","enableCl":false,"price":"65","enablePrice":true,"className":"","label_position":"default","desc_position":"default","type":"radio-group","required":false,"elementId":"radio-group_76836ef28323b7","label":"","name":"radio-group_76836ef28323b7","values":[{"label":"\ud83d\udc64 Adult (65\u20ac)","value":"Adult","selected":true,"tempId":"aco_2419","tooltip":"+12 Years","price":"50","gt_translate_keys":["label","tooltip"]}],"layOut":"","error":false,"checkUi":"button","options_description":true,"options_tooltip":true,"priceOptions":"fixed_for_all","pricingType":"fixed","is_show_price":false,"enable_quantity":true,"quantity_decimal":false,"quantity_step":"1","quantity_label":"","min_quantity":"0","max_quantity":"22","gt_translate_keys":["label","quantity_label"],"price_dependency":false,"cl_dependency":false,"value":""}],[{"label":"","active":true,"required":false,"elementId":"radio-group_26836ef28323c2","name":"radio-group_26836ef28323c2","label_position":"default","desc_position":"default","enablePrice":true,"className":"","enableCl":false,"relations":false,"enable_quantity":true,"quantity_label":"","quantity_step":"1","quantity_decimal":false,"min_quantity":"0","checkUi":"button","layOut":"","options_tooltip":true,"options_description":true,"values":[{"label":"\ud83d\udc66 Child (45\u20ac)","value":"Child","selected":true,"tempId":"aco_2419","tooltip":"2-12 Years","price":"40","gt_translate_keys":["label","tooltip"]}],"priceOptions":"fixed_for_all","pricingType":"fixed","price":"45","is_show_price":false,"cl_rule":"show","col":6,"type":"radio-group","error":false,"max_quantity":"22","gt_translate_keys":["label","quantity_label"],"price_dependency":false,"cl_dependency":false,"value":""}]]},"sec_06836ef28323e8":{"extra":{"key":"sec_06836ef28323e8","section_id":"sec_06836ef28323e8","name":"Private Charter","status":1,"cl_rule":"show","enableCl":true,"relations":[{"operator":false,"rules":[{"operator":"AND","rules":{"cl_field":"radio-group_26836ef2832388","cl_relation":"is","cl_val":"Private Charter"}}]}],"toggle":true,"title_tag":"h4","show_title":false,"showPrice":"default","form_id":14657,"form_rules":{"exclude_from_discount":true,"fee_label":"Fee","disp_hide_options_price":true,"disp_show_section_price":false,"disp_show_field_price":true,"layout_option":"standard","pric_use_as_fee":false,"process_fee_as":"woo_fee"},"layout_option":"standard"},"fields":[[{"label":"\ud83d\udcc5 Date","active":true,"required":true,"elementId":"date_36836ef28323f1","picker_type":"custom","picker_mode":"single","placeholder":"","description":"","tooltip":"","name":"date_36836ef28323f1","label_position":"default","desc_position":"default","enablePrice":false,"className":"","enableCl":false,"relations":[{"operator":"and","rules":[{"operator":"AND","rules":{"cl_field":"radio-group_367e16bf8dd4f5","cl_relation":"is","cl_val":"3 Hour Trip"}}]}],"enableDesign":false,"LabelColor":"","date_pic_inline":true,"date_pic_inline_hide":true,"min_date":"","max_date":{"type":"days","val":"365"},"date_pic_conf":{"disabledWeeks":[],"disabledDates":["2025-12-01 to 2025-12-14"]},"price":"","cl_rule":"show","col":6,"type":"date","error":false,"isWeightTemplate":false,"isTemplate":false,"min_quantity":"1","quantity_decimal":false,"quantity_step":"1","quantity_label":"Quantity","repeater_field_label":"{field_label}","repeater_bind":"","date_conf_custom":{"minDate":"let d = new Date();\nif (d.getHours() >= 18) {\n  d.setDate(d.getDate() + 2);\n} else {\n  d.setDate(d.getDate() + 1);\n}\nreturn d;"},"gt_translate_keys":["label","placeholder","description","tooltip","repeater_field_label","quantity_label"],"price_dependency":false,"cl_dependency":false,"value":""}],[{"label":"\u23f0 Departure","active":true,"required":true,"elementId":"select_86836ef28323fa","dropdown_type":"basic","placeholder":"Select Departure Time","name":"select_86836ef28323fa","label_position":"default","desc_position":"default","enablePrice":false,"className":"","enableCl":false,"relations":[{"operator":false,"rules":[{"operator":"AND","rules":{"cl_field":"date_367e16bf8dd504","cl_relation":"week_day_is","cl_val":[1]}}]}],"values":[{"label":"9:45","value":"9:45","selected":false,"tempId":"aco_2695","gt_translate_keys":["label"]},{"label":"13:15","value":"13:15","selected":false,"tempId":"aco_2329","gt_translate_keys":["label"]},{"label":"16:20","value":"16:20","selected":false,"tempId":"aco_2457","gt_translate_keys":["label"]}],"price":"","cl_rule":"show","col":6,"type":"select","error":false,"gt_translate_keys":["label","placeholder"],"price_dependency":false,"cl_dependency":false,"value":""}],[{"active":true,"col":6,"relations":false,"cl_rule":"show","enableCl":false,"price":"5","enablePrice":false,"className":"","label_position":"default","desc_position":"default","type":"number","required":false,"elementId":"number_26836ef2832403","label":"\ud83d\udc65 Amount of People","name":"number_26836ef2832403","value":"","error":false,"pricingType":"multiply","enable_quantity":false,"quantity_decimal":false,"quantity_step":"1","quantity_label":"Quantity","min":"1","max":"12","placeholder":"Up to 12 People","is_show_price":true,"gt_translate_keys":["label","placeholder","value","quantity_label"],"price_dependency":false,"cl_dependency":false}],[{"active":true,"col":6,"relations":false,"cl_rule":"show","enableCl":false,"price":"","enablePrice":true,"className":"","label_position":"default","desc_position":"default","type":"select","required":false,"elementId":"select_86836ef283240b","label":"\u231b\ufe0f Charter Duration (From 650\u20ac)","name":"select_86836ef283240b","values":[{"label":"3 Hours (650\u20ac)","value":"1","selected":true,"tempId":"aco_3241","price":"650","gt_translate_keys":["label"]}],"dropdown_type":"basic","error":false,"placeholder":"Select Duration Time","priceOptions":"different_for_all","pricingType":"fixed","is_show_price":false,"gt_translate_keys":["label","placeholder"],"price_dependency":false,"cl_dependency":false,"value":""}]]}},"config":{"price_override":"always","enable_recaptcha":false,"bind_quantity":false,"quantity_bind_formula":false,"disp_summ_show_option_price":true,"disp_summ_show_product_price":false,"disp_summ_show_total_price":true,"disp_summ_show_fee":true,"disp_summ_show_discount":true,"summary_title":"","options_total_label":"Options Price","total_label":"Total Amount Now","options_product_label":"Product Price","fee_label":"Fee","discount_label":"Discount","has_price":true,"has_quantity_formula":false},"mc_unit":1,"tax_rate":1,"tax_rate_real":1,"discount":{"percentage":0,"fixed":0},"design":{"conf":{"LabelPosition":"above","DescPosition":"above","UploadField":"custom_1","QuantityFieldStyle":"custom_1"},"css":{"LeftLabelWidth":"120px"}},"formulas":{"fmla_1708364241278155361":"(({field.select_267e16bf8dd55e.value}>=4)?(200+({field.number_8810219193.value}*5)):(({field.select_267e16bf8dd55e.value}>=3)?(100+({field.number_8810219193.value}*5)):(0)))","fmla_1742826688120818082":"(({field.select_267e16bf8dd55e.value}>=4)?(1250):(({field.select_267e16bf8dd55e.value}>=3)?(650):(0)))"},"lookuptables":[],"clones":false,"cartKey":false}},"_links":{"self":[{"href":"https:\/\/canaryvip.com\/sk\/wp-json\/wp\/v2\/product\/14642","targetHints":{"allow":["GET"]}}],"collection":[{"href":"https:\/\/canaryvip.com\/sk\/wp-json\/wp\/v2\/product"}],"about":[{"href":"https:\/\/canaryvip.com\/sk\/wp-json\/wp\/v2\/types\/product"}],"replies":[{"embeddable":true,"href":"https:\/\/canaryvip.com\/sk\/wp-json\/wp\/v2\/comments?post=14642"}],"wp:featuredmedia":[{"embeddable":true,"href":"https:\/\/canaryvip.com\/sk\/wp-json\/wp\/v2\/media\/14645"}],"wp:attachment":[{"href":"https:\/\/canaryvip.com\/sk\/wp-json\/wp\/v2\/media?parent=14642"}],"wp:term":[{"taxonomy":"product_brand","embeddable":true,"href":"https:\/\/canaryvip.com\/sk\/wp-json\/wp\/v2\/product_brand?post=14642"},{"taxonomy":"product_cat","embeddable":true,"href":"https:\/\/canaryvip.com\/sk\/wp-json\/wp\/v2\/product_cat?post=14642"},{"taxonomy":"product_tag","embeddable":true,"href":"https:\/\/canaryvip.com\/sk\/wp-json\/wp\/v2\/product_tag?post=14642"}],"curies":[{"name":"wp","href":"https:\/\/api.w.org\/{rel}","templated":true}]}}