{"id":14185,"date":"2025-04-11T10:44:51","date_gmt":"2025-04-11T09:44:51","guid":{"rendered":"https:\/\/canaryvip.com\/?post_type=product&#038;p=14185"},"modified":"2025-08-09T13:53:28","modified_gmt":"2025-08-09T12:53:28","slug":"jetski-circuit-tenerife","status":"publish","type":"product","link":"https:\/\/canaryvip.com\/sk\/shop\/jetski-circuit-tenerife\/","title":{"rendered":"Okruh JetSki Tenerife"},"content":{"rendered":"<h2>\ud83d\udea4 20 min\u00fat Jetski Circuit Tenerife<\/h2>\n<p>H\u013ead\u00e1te r\u00fdchlu a vzru\u0161uj\u00facu aktivitu, ktor\u00e1 urob\u00ed va\u0161u dovolenku na Tenerife e\u0161te nezabudnute\u013enej\u0161ou? Na str\u00e1nke . <strong>Okruh pre vodn\u00e9 sk\u00fatre Tenerife<\/strong> je ide\u00e1lnou vo\u013ebou, ak chcete r\u00fdchlos\u0165, more a adrenal\u00edn bez toho, aby ste str\u00e1vili hodiny na t\u00fare. Je to 20-min\u00fatov\u00fd z\u00e1\u017eitok, ktor\u00fd v\u00e1m d\u00e1va slobodu jazdi\u0165 na vodnom sk\u00fatri vlastn\u00fdm tempom, v bezpe\u010dnom a kontrolovanom prostred\u00ed, priamo v oce\u00e1ne ne\u010faleko Playa Fa\u00f1ab\u00e9.<\/p>\n<h3>\ud83c\udf0a \u010co je okruh pre vodn\u00e9 sk\u00fatre?<\/h3>\n<p>Toto nie je <a href=\"https:\/\/canaryvip.com\/sk\/shop\/jetski-tenerife\/\">Pobre\u017en\u00e1 prehliadka so sprievodcom JetSki<\/a> alebo safari. Okruh pre vodn\u00e9 sk\u00fatre je vyzna\u010den\u00fd okruh s b\u00f3jami na mori, v bl\u00edzkosti pobre\u017eia medzi Puerto Col\u00f3n a Playa Fa\u00f1ab\u00e9. Po\u010das 20-min\u00fatov\u00e9ho sedenia budete tento okruh obieha\u0165 to\u013ekokr\u00e1t, ko\u013ekokr\u00e1t budete chcie\u0165. Are\u00e1l je pod doh\u013eadom in\u0161truktorov, tak\u017ee si m\u00f4\u017eete vychutna\u0165 vzru\u0161enie s \u00fapln\u00fdm pokojom.<\/p>\n<p>Je to ide\u00e1lny sp\u00f4sob, ako si vysk\u00fa\u0161a\u0165 jazdu na vodnom sk\u00fatri, ak nem\u00e1te \u010das alebo sa chcete len r\u00fdchlo zabavi\u0165. \u010ci u\u017e to rob\u00edte sami, s priate\u013emi alebo vo dvojici, je to zaru\u010den\u00e1 d\u00e1vka energie po\u010das d\u0148a str\u00e1ven\u00e9ho na pl\u00e1\u017ei.<\/p>\n<h3>\ud83d\udccd Kde sa to deje a ako sa tam dosta\u0165<\/h3>\n<p>Aktivita sa odohr\u00e1va v oce\u00e1ne tesne pri <a href=\"https:\/\/maps.app.goo.gl\/n9D5BT5K5VsxNcbH7\" target=\"_blank\" rel=\"noopener\"><strong>Puerto Col\u00f3n,<\/strong><\/a> , jeden z hlavn\u00fdch pr\u00edstavov v Costa Adeje. \u013dahko sa tam dostanete pe\u0161o alebo tax\u00edkom, ale ak ste na pl\u00e1\u017ei, e\u0161te viac v\u00e1m to u\u013eah\u010d\u00edme - pon\u00fakame <strong>vyzdvihnutie lode zdarma<\/strong> slu\u017eby z nieko\u013ek\u00fdch bl\u00edzkych pl\u00e1\u017e\u00ed:<\/p>\n<ul>\n<li>\ud83c\udfd6\ufe0f Playa de Troya<\/li>\n<li>\ud83c\udfd6\ufe0f Playa Fa\u00f1ab\u00e9<\/li>\n<li>\ud83c\udfd6\ufe0f Playa Torviscas<\/li>\n<li>\ud83c\udfd6\ufe0f Playa del Duque<\/li>\n<li>\u26f5 Samotn\u00e9 mesto Puerto Col\u00f3n<\/li>\n<\/ul>\n<p>Sta\u010d\u00ed, ak n\u00e1m pri rezerv\u00e1cii ozn\u00e1mite preferovan\u00fa pl\u00e1\u017e vyzdvihnutia a jeden z \u010dlenov t\u00edmu v\u00e1s privezie lo\u010fou na miesto \u0161tartu. Je to r\u00fdchle, jednoduch\u00e9 a je to s\u00fa\u010das\u0165 z\u00e1\u017eitku.<\/p>\n<h3>\u2699\ufe0f \u010co je s\u00fa\u010das\u0165ou balenia<\/h3>\n<p>S\u00fa\u010das\u0165ou balenia je v\u0161etko, \u010do potrebujete na z\u00e1bavn\u00fa a bezpe\u010dn\u00fa jazdu:<\/p>\n<ul>\n<li>\u2705 20 min\u00fat jazdy na vodn\u00fdch ly\u017eiach na vyzna\u010denom okruhu na otvorenej vode<\/li>\n<li>\u2705 Modern\u00e9 vodn\u00e9 sk\u00fatre Yamaha, \u013eahko ovl\u00e1date\u013en\u00e9 a ve\u013emi stabiln\u00e9<\/li>\n<li>\u2705 Z\u00e1chrann\u00e1 vesta pre v\u0161etk\u00fdch \u00fa\u010dastn\u00edkov.<\/li>\n<li>\u2705 Bezpe\u010dnostn\u00e1 in\u0161trukt\u00e1\u017e a doh\u013ead kvalifikovan\u00fdch in\u0161truktorov<\/li>\n<\/ul>\n<p>Nie s\u00fa potrebn\u00e9 \u017eiadne predch\u00e1dzaj\u00face sk\u00fasenosti. Predt\u00fdm, ako za\u010dnete, v\u00e1m n\u00e1\u0161 t\u00edm vysvetl\u00ed, ako v\u0161etko funguje, aby ste sa c\u00edtili sebaisto a boli pripraven\u00ed u\u017ei\u0165 si z\u00e1\u017eitok od prvej sekundy.<\/p>\n<h3>\ud83d\udc65 Kto sa m\u00f4\u017ee prida\u0165?<\/h3>\n<p>T\u00e1to aktivita je vhodn\u00e1 takmer pre ka\u017ed\u00e9ho, ak sa vo vode dobre c\u00edti. Je to skvel\u00e1 mo\u017enos\u0165 pre \u013eud\u00ed, ktor\u00ed h\u013eadaj\u00fa trochu dobrodru\u017estva bez toho, aby sa museli zaviaza\u0165 k celodenn\u00e9mu pl\u00e1nu.<\/p>\n<ul>\n<li>\u2714\ufe0f Vodi\u010di musia ma\u0165 minim\u00e1lne 16 rokov a p\u00edsomn\u00fd s\u00fahlas rodi\u010dov.<\/li>\n<li>\u2714\ufe0f Mlad\u0161\u00ed \u00fa\u010dastn\u00edci sa m\u00f4\u017eu pripoji\u0165 ako cestuj\u00faci s dospel\u00fdm.<\/li>\n<li>\ud83d\udeab Nevhodn\u00e9 pre tehotn\u00e9.<\/li>\n<\/ul>\n<h3>\ud83d\udccb \u010co je dobr\u00e9 vedie\u0165 predt\u00fdm, ako p\u00f4jdete<\/h3>\n<ul>\n<li>\ud83d\udd52 Pros\u00edm, pr\u00ed\u010fte 30 min\u00fat pred rezervovan\u00fdm \u010dasom<\/li>\n<li>\ud83c\udf7d\ufe0f Vyhnite sa konzum\u00e1cii \u0165a\u017ek\u00fdch jed\u00e1l pred aktivitou, aby ste predi\u0161li nepr\u00edjemn\u00fdm pocitom.<\/li>\n<li>\ud83d\udc59 Vezmite si plavky, uter\u00e1k a opa\u013eovac\u00ed kr\u00e9m.<\/li>\n<li>\ud83d\udc63 Va\u0161a obuv a osobn\u00e9 veci bud\u00fa po\u010das jazdy bezpe\u010dne ulo\u017een\u00e9<\/li>\n<\/ul>\n<h3>\ud83d\udcac Pre\u010do si vybra\u0165 Jetski Circuit Tenerife?<\/h3>\n<p>Tento z\u00e1\u017eitok je r\u00fdchly, cenovo dostupn\u00fd a pln\u00fd vzru\u0161enia. Je ide\u00e1lny, ak si chcete vysk\u00fa\u0161a\u0165 jazdu na vodnom sk\u00fatri bez toho, aby ste str\u00e1vili polovicu d\u0148a na vode. Okruh sa nach\u00e1dza bl\u00edzko pobre\u017eia, je \u013eahko dostupn\u00fd a ide\u00e1lny pre za\u010diato\u010dn\u00edkov alebo pre ka\u017ed\u00e9ho, kto si chce na svojej dovolenke u\u017ei\u0165 trochu akcie.<\/p>\n<p>Z\u00edskate rovnak\u00fd z\u00e1\u017eitok ako pri dlh\u0161ej prehliadke, ale v kr\u00e1tkom a s\u00fastredenom \u010dase, ktor\u00fd sa dokonale zmest\u00ed do va\u0161ich pl\u00e1nov. \u010ci u\u017e b\u00fdvate v okol\u00ed, alebo ste tu na n\u00e1v\u0161teve len na jeden de\u0148, toto je jedno z najlep\u0161\u00edch r\u00fdchlych dobrodru\u017estiev na Costa Adeje.<\/p>\n<h3>\u2696\ufe0f Storno podmienky<\/h3>\n<p>Ch\u00e1peme, \u017ee pl\u00e1ny sa m\u00f4\u017eu zmeni\u0165, najm\u00e4 po\u010das dovolenky. Preto pon\u00fakame flexibiln\u00e9 podmienky zru\u0161enia rezerv\u00e1cie na okruhu Jetski Circuit:<\/p>\n<ul>\n<li>\u2705 Bezplatn\u00e9 zru\u0161enie do 24 hod\u00edn pred pl\u00e1novan\u00fdm seden\u00edm.<\/li>\n<li>\u2705 Vr\u00e1tenie pe\u0148az\u00ed v plnej v\u00fd\u0161ke, ak je aktivita zru\u0161en\u00e1 z d\u00f4vodu po\u010dasia alebo bezpe\u010dnostn\u00fdch podmienok.<\/li>\n<li>\u274c Pri zru\u0161en\u00ed rezerv\u00e1cie menej ako 24 hod\u00edn pred za\u010diatkom aktivity sa peniaze nevracaj\u00fa.<\/li>\n<li>\u274c Za \u017eiadnych okolnost\u00ed nie je mo\u017en\u00e9 vr\u00e1ti\u0165 peniaze.<\/li>\n<\/ul>\n<p>Ak potrebujete zru\u0161i\u0165 alebo zmeni\u0165 term\u00edn, kontaktujte n\u00e1s \u010do najsk\u00f4r, aby sme v\u00e1m mohli pom\u00f4c\u0165. Sme tu, aby sme v\u00e1m pomohli vychutna\u0165 si z\u00e1\u017eitok s pokojom v du\u0161i.<\/p>\n<h3>\ud83c\udf1e Rezervujte si svoj okruh na vodn\u00fdch sk\u00fatroch teraz<\/h3>\n<p>Nenechajte si ujs\u0165 pr\u00edle\u017eitos\u0165 zajazdi\u0165 si na vln\u00e1ch na jednom z najkraj\u0161\u00edch miest na Tenerife. \u010ci u\u017e pr\u00eddete sami, alebo so spolo\u010dnos\u0165ou. <strong>Okruh pre vodn\u00e9 sk\u00fatre Tenerife<\/strong> je ide\u00e1lny sp\u00f4sob, ako si spr\u00edjemni\u0165 pobyt na ostrove adrenal\u00ednom a z\u00e1bavou.<\/p>\n<p><strong>Rezervujte si miesto e\u0161te dnes<\/strong> a pripravte sa na 20 min\u00fat nepretr\u017eitej akcie vo vod\u00e1ch Puerto Col\u00f3n.<\/p>","protected":false},"excerpt":{"rendered":"<p><strong>\ud83d\udd0d JetSki Circuit Tenerife:<\/strong><br \/>\n<span>\u2705 Bezpe\u010dn\u00e1 platba.<\/span><br \/>\n<span>\ud83c\udf1f Nezabudnute\u013en\u00fd z\u00e1\u017eitok.<\/span><br \/>\n<span>\ud83d\ude80 20-min\u00fatov\u00fd okruh.<\/span><br \/>\n<span>\ud83d\udcc6 K dispoz\u00edcii denne.<\/span><br \/>\n<span>\ud83d\udd59 Viacer\u00e9 \u010dasov\u00e9 r\u00e1mce.<\/span><br \/>\n<span>\ud83d\udc66 +7 rokov sa m\u00f4\u017ee pripoji\u0165.<\/span><br \/>\n<span>\ud83d\udc64 +16 rokov m\u00f4\u017ee jazdi\u0165.<\/span><br \/>\n<span>\ud83e\udd11 Garancia najlep\u0161ej ceny.<\/span><br \/>\n<span>\ud83d\udc6a Z\u013eavy aktivovan\u00e9.<\/span><br \/>\n<span>\ud83d\udd01 Do 24 hod\u00edn Zru\u0161enie.<\/span><br \/>\n<span>\ud83c\udf1f Rezervujte teraz a u\u0161etrite!<\/span><span><br \/>\n\ud83d\udea4 Viacero miest vyzdvihnutia.<br \/>\n\ud83d\udccd Umiestnenie: Puerto Col\u00f3n.<br \/>\n<\/span><\/p>","protected":false},"featured_media":14189,"comment_status":"open","ping_status":"closed","template":"","meta":{"_acf_changed":false},"product_brand":[],"product_cat":[53],"product_tag":[],"class_list":{"0":"post-14185","1":"product","2":"type-product","3":"status-publish","4":"has-post-thumbnail","6":"product_cat-water-sports","7":"wcpa_has_options","9":"first","10":"instock","11":"virtual","12":"purchasable","13":"product-type-simple"},"acf":[],"wcpa_form_fields":{"wcpaData":{"product":{"product_price":60,"price_html":"From&nbsp;<span class=\"woocommerce-Price-amount amount\"><bdi>60,00&nbsp;<span class=\"woocommerce-Price-currencySymbol\">&euro;<\/span><\/bdi><\/span>","original_product_price":60,"price_including_tax":60,"price_excluding_tax":60,"product_id":{"parent":14185,"variation":false},"is_variable":false,"stock_status":"instock","stock_quantity":null,"parent_sku":"CV14185","product_attributes":[],"custom_fields":[],"is_taxable":false,"product_name":"JetSki Circuit Tenerife","hasImage":false},"fields":{"sec_867f8e4dbaf8ed":{"extra":{"key":"sec_867f8e4dbaf8ed","section_id":"sec_867f8e4dbaf8ed","name":"Default","status":1,"cl_rule":"show","enableCl":false,"relations":[],"toggle":true,"title_tag":"h3","show_title":false,"showPrice":"default","form_id":14187,"form_rules":{"exclude_from_discount":true,"fee_label":"Fee","disp_hide_options_price":true,"disp_show_section_price":false,"disp_show_field_price":true,"layout_option":"standard","pric_use_as_fee":false,"process_fee_as":"woo_fee"},"layout_option":"standard"},"fields":[[{"label":"\ud83d\udcc5 Date","active":true,"required":true,"elementId":"date_1067f8e4dbaf91a","picker_type":"custom","picker_mode":"single","placeholder":"","description":"","tooltip":"","name":"date_1067f8e4dbaf91a","label_position":"default","desc_position":"default","enablePrice":false,"className":"","enableCl":false,"relations":[{"operator":"and","rules":[{"operator":"AND","rules":{"cl_field":"radio-group_667e15d3bd15b0","cl_relation":"is","cl_val":"3 Hour Trip"}}]}],"date_pic_inline":true,"date_pic_inline_hide":true,"min_date":{"type":"days","val":"0"},"max_date":{"type":"days","val":"365"},"date_pic_conf":{"disabledWeeks":[]},"price":"","cl_rule":"show","col":6,"type":"date","error":false,"enableDesign":false,"LabelColor":"","gt_translate_keys":["label","placeholder","description","tooltip"],"price_dependency":false,"cl_dependency":false,"value":""}],[{"active":true,"col":6,"relations":false,"cl_rule":"show","enableCl":false,"price":"","enablePrice":false,"className":"","label_position":"default","desc_position":"default","type":"select","required":false,"elementId":"select_067f8e4dbaf935","label":"\ud83d\udccd Departure Point","name":"select_067f8e4dbaf935","values":[{"label":"Puerto Col\u00f3n","value":"Puerto Col\u00f3n","selected":true,"tempId":"aco_841","gt_translate_keys":["label"]},{"label":"Troya Beach","value":"Troya Beach","selected":false,"tempId":"aco_481","gt_translate_keys":["label"]},{"label":"Fa\u00f1ab\u00e9 Beach","value":"Fa\u00f1ab\u00e9 Beach","selected":false,"tempId":"aco_482","gt_translate_keys":["label"]},{"label":"Torviscas Beach","value":"Torviscas Beach","selected":false,"tempId":"aco_515","gt_translate_keys":["label"]},{"label":"El Duque Beach","value":"El Duque Beach","selected":false,"tempId":"aco_678","gt_translate_keys":["label"]}],"dropdown_type":"basic","error":false,"gt_translate_keys":["label"],"price_dependency":false,"cl_dependency":false,"value":""}],[{"active":true,"col":6,"relations":[{"operator":false,"rules":[{"operator":"AND","rules":{"cl_field":"radio-group_667e15d3bd15b0","cl_relation":"is","cl_val":"3 Hour Trip"}}]}],"cl_rule":"show","enableCl":false,"price":"","enablePrice":false,"className":"","label_position":"default","desc_position":"default","type":"select","required":true,"elementId":"select_067f8e4dbaf94d","label":"\u23f0 Departure Time","name":"select_067f8e4dbaf94d","values":[{"label":"11:00","value":"11:00","selected":false,"tempId":"aco_281","gt_translate_keys":["label"]},{"label":"12:00","value":"12:00","selected":false,"tempId":"aco_381","gt_translate_keys":["label"]},{"label":"13:00","value":"13:00","selected":false,"tempId":"aco_1058","gt_translate_keys":["label"]},{"label":"15:00","value":"15:00","selected":false,"tempId":"aco_444","gt_translate_keys":["label"]},{"label":"16:00","value":"16:00","selected":false,"tempId":"aco_454","gt_translate_keys":["label"]}],"dropdown_type":"basic","error":false,"placeholder":"Select Departure Time","priceOptions":"different_for_all","pricingType":"custom","isTemplate":false,"is_show_price":true,"gt_translate_keys":["label","placeholder"],"price_dependency":false,"cl_dependency":false,"value":""}]]},"sec_767f8e4dbaf94e":{"extra":{"key":"sec_767f8e4dbaf94e","section_id":"sec_767f8e4dbaf94e","name":"20 min Circuit Puerto Col\u00f3n","status":1,"cl_rule":"show","enableCl":false,"relations":[{"operator":false,"rules":[{"operator":"AND","rules":{"cl_field":"radio-group_667e15d3bd15b0","cl_relation":"is","cl_val":"1 Hour Trip"}}]}],"toggle":true,"title_tag":"h4","show_title":false,"showPrice":"default","form_id":14187,"form_rules":{"exclude_from_discount":true,"fee_label":"Fee","disp_hide_options_price":true,"disp_show_section_price":false,"disp_show_field_price":true,"layout_option":"standard","pric_use_as_fee":false,"process_fee_as":"woo_fee"},"layout_option":"standard"},"fields":[[{"contentType":"rich","active":true,"label":"","elementId":"content_667f8e4dbaf968","value":"<p>\ud83c\udf9f\ufe0f <strong>Reservation<\/strong>: Pay only a deposit now to reserve; the rest is due on the day of the activity upon arrival.<\/p>","inline":true,"name":"content_667f8e4dbaf968","enablePrice":false,"className":"","subtype":"div","enableCl":false,"relations":false,"price":"","cl_rule":"show","col":6,"type":"content","error":false,"show_in_checkout":true,"enableDesign":true,"LabelSize":"14px","DescSize":"14px","gt_translate_keys":["label","value"],"price_dependency":false,"cl_dependency":false}],[{"active":true,"col":6,"relations":false,"cl_rule":"show","enableCl":false,"price":"","enablePrice":false,"className":"","label_position":"default","desc_position":"default","type":"content","required":false,"elementId":"content_567f8e4dbaf980","label":"Number of Jet Skis","name":"content_567f8e4dbaf980","contentType":"plain","value":"","error":false,"show_in_checkout":true,"inline":false,"gt_translate_keys":["label","value"],"price_dependency":false,"cl_dependency":false}],[{"active":true,"col":6,"relations":[{"operator":false,"rules":[{"operator":"AND","rules":{"cl_field":"","cl_relation":"","cl_val":""}}]}],"cl_rule":"show","enableCl":false,"price":"60","enablePrice":true,"className":"","label_position":"default","desc_position":"default","type":"radio-group","required":false,"elementId":"radio-group_667f8e4dbaf99e","label":"","name":"radio-group_667f8e4dbaf99e","values":[{"label":"\ud83d\udc64 Single JetSki (60\u20ac)","value":"Single JetSki","selected":true,"tempId":"aco_32","tooltip":"1 Person on the JetSki.","description":"","gt_translate_keys":["label","tooltip","description"]}],"layOut":"","error":false,"checkUi":"button","priceOptions":"fixed_for_all","pricingType":"fixed","enable_quantity":true,"quantity_label":"","min_quantity":"0","options_tooltip":true,"options_description":true,"is_show_price":true,"gt_translate_keys":["label","quantity_label"],"price_dependency":["content_467f8e4dbaf9f8","content_067f8e4dbafa11","content_467f8e4dbafa29"],"cl_dependency":false,"value":""}],[{"label":"","active":true,"required":false,"elementId":"radio-group_367f8e4dbaf9bb","name":"radio-group_367f8e4dbaf9bb","label_position":"default","desc_position":"default","enablePrice":true,"className":"","enableCl":false,"relations":false,"enable_quantity":true,"quantity_label":"","min_quantity":"0","checkUi":"button","layOut":"","values":[{"label":"\ud83d\udc65 Double JetSki (70\u20ac)","value":"Double JetSki","selected":true,"tempId":"aco_32","tooltip":"2 People on the same JetSki.","description":"","gt_translate_keys":["label","tooltip","description"]}],"priceOptions":"fixed_for_all","pricingType":"fixed","price":"70","cl_rule":"show","col":6,"type":"radio-group","error":false,"options_tooltip":true,"options_description":true,"is_show_price":true,"quantity_decimal":false,"quantity_step":"1","gt_translate_keys":["label","quantity_label"],"price_dependency":["content_467f8e4dbaf9f8","content_067f8e4dbafa11","content_467f8e4dbafa29"],"cl_dependency":false,"value":""}],[{"elementId":"separator_367f8e4dbaf9d6","separatorType":"fill","separatorColor":"#66a6b6","className":"","height":"3","enableCl":false,"relations":false,"cl_rule":"show","col":6,"type":"separator","gt_translate_keys":[],"price_dependency":false,"cl_dependency":false,"value":""}],[{"active":true,"col":6,"relations":false,"cl_rule":"show","enableCl":false,"price":"({field.radio-group_667f8e4dbaf99e.price}*0.30) + ({field.radio-group_367f8e4dbaf9bb.price}*0.30)","enablePrice":true,"className":"","label_position":"default","desc_position":"default","type":"content","required":false,"elementId":"content_467f8e4dbaf9f8","label":"Deposit Now","name":"content_467f8e4dbaf9f8","contentType":"plain","value":"","error":false,"pricingType":"custom","isTemplate":false,"is_show_price":false,"enableDesign":true,"scrollBar":false,"use_as_fee":false,"fee_label":"","inline":true,"show_in_checkout":true,"subtype":"div","LabelSize":"14px","LabelColor":"","gt_translate_keys":["label","value"],"price_dependency":false,"cl_dependency":false}],[{"contentType":"plain","active":true,"label":"Payment at Arrival","elementId":"content_067f8e4dbafa11","value":"","inline":true,"show_in_checkout":true,"name":"content_067f8e4dbafa11","enablePrice":true,"className":"","fee_label":"","subtype":"div","enableCl":false,"relations":[{"operator":false,"rules":[{"operator":"AND","rules":{"cl_field":"content_467f8e4dbaf9f8","cl_relation":"is_not_empty","cl_val":""}}]}],"scrollBar":false,"enableDesign":true,"pricingType":"custom","isTemplate":false,"price":"({field.radio-group_667f8e4dbaf99e.price}*0.70) + ({field.radio-group_367f8e4dbaf9bb.price}*0.70)","use_as_fee":false,"is_show_price":true,"cl_rule":"disable","col":6,"type":"content","error":false,"LabelSize":"14px","LabelColor":"","gt_translate_keys":["label","value"],"price_dependency":false,"cl_dependency":false}],[{"contentType":"plain","active":true,"label":"Total Amount","elementId":"content_467f8e4dbafa29","value":"","inline":true,"show_in_checkout":true,"name":"content_467f8e4dbafa29","enablePrice":true,"className":"","fee_label":"","subtype":"div","enableCl":false,"relations":[{"operator":false,"rules":[{"operator":"AND","rules":{"cl_field":"content_467f8e4dbaf9f8","cl_relation":"is_not_empty","cl_val":""}}]}],"scrollBar":false,"enableDesign":true,"LabelColor":"","LabelSize":"14px","pricingType":"custom","isTemplate":false,"price":"({field.radio-group_667f8e4dbaf99e.price}) + ({field.radio-group_367f8e4dbaf9bb.price})","use_as_fee":false,"is_show_price":true,"cl_rule":"disable","col":6,"type":"content","error":false,"gt_translate_keys":["label","value"],"price_dependency":false,"cl_dependency":false}]]},"sec_367f8e4dbafa2b":{"extra":{"key":"sec_367f8e4dbafa2b","section_id":"sec_367f8e4dbafa2b","name":"Pickup Location","status":1,"cl_rule":"show","enableCl":true,"relations":[{"operator":false,"rules":[{"operator":"AND","rules":{"cl_field":"radio-group_667e15d3bd15b0","cl_relation":"is_not","cl_val":"2.5 Hour Trip"}}]}],"toggle":true,"title_tag":"h4","show_title":false,"showPrice":"default","form_id":14187,"form_rules":{"exclude_from_discount":true,"fee_label":"Fee","disp_hide_options_price":true,"disp_show_section_price":false,"disp_show_field_price":true,"layout_option":"standard","pric_use_as_fee":false,"process_fee_as":"woo_fee"},"layout_option":"standard"},"fields":[[{"active":true,"col":6,"relations":false,"cl_rule":"show","enableCl":false,"price":"","enablePrice":false,"className":"","label_position":"default","desc_position":"default","type":"separator","required":false,"elementId":"separator_367f8e4dbafa53","label":"Separator Field","height":"1","separatorType":"blank","error":false,"gt_translate_keys":["label"],"price_dependency":false,"cl_dependency":false,"value":""}],[{"active":true,"col":6,"relations":[{"operator":false,"rules":[{"operator":false,"rules":{"cl_field":"radio-group_667e15d3bd15b0","cl_relation":"is_not","cl_val":"4.5 Hour Trip from North Tenerife"}}]}],"cl_rule":"show","enableCl":false,"price":"","enablePrice":false,"className":"","label_position":"default","desc_position":"default","type":"text","subtype":"text","required":false,"elementId":"text_867f8e4dbafa67","label":"\ud83d\ude8c Pickup Location","name":"text_867f8e4dbafa67","value":"","error":false,"description":"Pick-up service in some locations. Simply provide your address or hotel name. (+2\u20ac\/person paid at pickup to the driver)","repeater":false,"repeater_field_label":"{field_label}","repeater_bind":"","gt_translate_keys":["label","description","value","repeater_field_label"],"price_dependency":false,"cl_dependency":false}]]}},"config":{"price_override":"always","enable_recaptcha":false,"bind_quantity":false,"quantity_bind_formula":false,"disp_summ_show_option_price":true,"disp_summ_show_product_price":false,"disp_summ_show_total_price":false,"disp_summ_show_fee":true,"disp_summ_show_discount":true,"summary_title":"","options_total_label":"Options Price","total_label":"Deposit Amount","options_product_label":"Product Price","fee_label":"Fee","discount_label":"Discount","has_price":true,"has_quantity_formula":false},"mc_unit":1,"tax_rate":1,"tax_rate_real":1,"discount":{"percentage":0,"fixed":0},"design":{"conf":{"LabelPosition":"above","DescPosition":"above","UploadField":"custom_1","QuantityFieldStyle":"custom_1"},"css":{"LeftLabelWidth":"120px"}},"formulas":[],"lookuptables":[],"clones":false,"cartKey":false}},"_links":{"self":[{"href":"https:\/\/canaryvip.com\/sk\/wp-json\/wp\/v2\/product\/14185","targetHints":{"allow":["GET"]}}],"collection":[{"href":"https:\/\/canaryvip.com\/sk\/wp-json\/wp\/v2\/product"}],"about":[{"href":"https:\/\/canaryvip.com\/sk\/wp-json\/wp\/v2\/types\/product"}],"replies":[{"embeddable":true,"href":"https:\/\/canaryvip.com\/sk\/wp-json\/wp\/v2\/comments?post=14185"}],"wp:featuredmedia":[{"embeddable":true,"href":"https:\/\/canaryvip.com\/sk\/wp-json\/wp\/v2\/media\/14189"}],"wp:attachment":[{"href":"https:\/\/canaryvip.com\/sk\/wp-json\/wp\/v2\/media?parent=14185"}],"wp:term":[{"taxonomy":"product_brand","embeddable":true,"href":"https:\/\/canaryvip.com\/sk\/wp-json\/wp\/v2\/product_brand?post=14185"},{"taxonomy":"product_cat","embeddable":true,"href":"https:\/\/canaryvip.com\/sk\/wp-json\/wp\/v2\/product_cat?post=14185"},{"taxonomy":"product_tag","embeddable":true,"href":"https:\/\/canaryvip.com\/sk\/wp-json\/wp\/v2\/product_tag?post=14185"}],"curies":[{"name":"wp","href":"https:\/\/api.w.org\/{rel}","templated":true}]}}