{"id":14051,"date":"2025-03-24T11:55:25","date_gmt":"2025-03-24T11:55:25","guid":{"rendered":"https:\/\/canaryvip.com\/?post_type=product&#038;p=14051"},"modified":"2025-08-09T13:55:58","modified_gmt":"2025-08-09T12:55:58","slug":"jetski-gran-canaria-tour","status":"publish","type":"product","link":"https:\/\/canaryvip.com\/sk\/shop\/jetski-gran-canaria-tour\/","title":{"rendered":"JetSki Gran Canaria Tour"},"content":{"rendered":"<h2>\ud83c\udf0a JetSki Gran Canaria Safari Tour<\/h2>\n<p>Pripravte sa na jedine\u010dn\u00e9 oce\u00e1nske dobrodru\u017estvo s na\u0161imi vzru\u0161uj\u00facimi <strong>jetski Gran Canaria<\/strong> sk\u00fasenosti. T\u00e1to 1-hodinov\u00e1 prehliadka so sprievodcom odch\u00e1dza z <a href=\"https:\/\/maps.app.goo.gl\/wvmuLbrgqyykEXRA9\" target=\"_blank\" rel=\"noopener\">Playa de Mog\u00e1n<\/a> alebo <a href=\"https:\/\/maps.app.goo.gl\/qQX9BVijLLwy2Ldn9\" target=\"_blank\" rel=\"noopener\">Playa de Taurito<\/a> a vedie pozd\u013a\u017e najpozoruhodnej\u0161\u00edch pobre\u017en\u00fdch scen\u00e9ri\u00ed na juhu ostrova. Nie s\u00fa potrebn\u00e9 \u017eiadne predch\u00e1dzaj\u00face sk\u00fasenosti - sta\u010d\u00ed si prinies\u0165 energiu a my sa postar\u00e1me o zvy\u0161ok!<\/p>\n<h3>\u23f1\ufe0f 1-hodinov\u00e9 safari na vodn\u00fdch sk\u00fatroch: R\u00fdchlos\u0165, pr\u00edroda a nezabudnute\u013en\u00e9 v\u00fdh\u013eady<\/h3>\n<ul>\n<li><strong>Sc\u00e9nick\u00e1 trasa:<\/strong> Prejdite sa na vlastnom vodnom sk\u00fatri pozd\u013a\u017e vysok\u00fdch sope\u010dn\u00fdch \u00fatesov a presk\u00famajte pr\u00edrodn\u00e9 morsk\u00e9 jaskyne, ako je t\u00e1 v Tasarticu (ak to podmienky na mori dovolia), a\u017e po pl\u00e1\u017e Tasarte.<\/li>\n<li><strong>Pozorovanie morsk\u00e9ho \u017eivota:<\/strong> Na tejto trase sa \u010dasto vyskytuj\u00fa korytna\u010dky, lietaj\u00face ryby a dokonca aj delf\u00edny, tak\u017ee je to viac ne\u017e len vzru\u0161uj\u00faca jazda.<\/li>\n<li><strong>Z\u00e1bava a bezpe\u010dnos\u0165 pre v\u0161etk\u00fdch:<\/strong> Nevy\u017eaduje sa \u017eiadna licencia ani sk\u00fasenosti. Jazdci musia by\u0165 star\u0161\u00ed ako 16 rokov, aby mohli jazdi\u0165 samostatne. Vodi\u010di vo veku 16-17 rokov potrebuj\u00fa podp\u00edsan\u00fd s\u00fahlas rodi\u010dov a platn\u00fd preukaz toto\u017enosti.<\/li>\n<\/ul>\n<h3>\ud83d\udcf8 Spomienky na fotografie, ktor\u00e9 si m\u00f4\u017eete uchova\u0165 nav\u017edy<\/h3>\n<p>V\u00e1\u0161 sprievodca bude po\u010das jazdy robi\u0165 ak\u010dn\u00e9 fotografie. Ak chcete, m\u00f4\u017eete si ich po prehliadke zak\u00fapi\u0165 - ide\u00e1lny sp\u00f4sob, ako si pripomen\u00fa\u0165 svoju <strong>jetski safari Gran Canaria<\/strong>.<\/p>\n<h3>\u2705 \u010co je zahrnut\u00e9 v z\u00e1\u017eitku na vodn\u00fdch sk\u00fatroch Gran Canaria<\/h3>\n<ul>\n<li>1 hodina <strong>jetski safari Gran Canaria<\/strong> s profesion\u00e1lnym sprievodcom<\/li>\n<li>Jednoduch\u00e1 bezpe\u010dnostn\u00e1 in\u0161trukt\u00e1\u017e a n\u00e1vod na obsluhu vodn\u00e9ho sk\u00fatra<\/li>\n<li>Vodn\u00e9 sk\u00fatre a z\u00e1chrann\u00e9 vesty najvy\u0161\u0161ej kvality<\/li>\n<li>Kompletn\u00e9 poistenie v cene<\/li>\n<li>Bezplatn\u00e9 pou\u017e\u00edvanie skriniek na osobn\u00e9 veci<\/li>\n<li>Volite\u013en\u00e9 profesion\u00e1lne fotografick\u00e9 slu\u017eby (k dispoz\u00edcii na zak\u00fapenie po aktivite)<\/li>\n<\/ul>\n<h3>\ud83c\udf26\ufe0f D\u00f4le\u017eit\u00e9: poveternostn\u00e9 podmienky<\/h3>\n<p>T\u00e1to \u010dinnos\u0165 z\u00e1vis\u00ed od podmienok na mori a po\u010dasia. V pr\u00edpade rozb\u00faren\u00e9ho mora alebo zl\u00e9ho po\u010dasia m\u00f4\u017ee by\u0165 v\u00fdlet pre va\u0161u bezpe\u010dnos\u0165 prelo\u017een\u00fd.<\/p>\n<h3>\u2696\ufe0f Storno podmienky<\/h3>\n<p>Pl\u00e1ny sa menia - ch\u00e1peme to. Preto pon\u00fakame spravodliv\u00e9 a transparentn\u00e9 pravidl\u00e1 zru\u0161enia:<\/p>\n<ul>\n<li><strong>Viac ako 48 hod\u00edn vopred:<\/strong> \u00dapln\u00e9 vr\u00e1tenie uskuto\u010dnenej platby.<\/li>\n<li><strong>24 a\u017e 48 hod\u00edn pred aktivitou:<\/strong> 30% storno poplatok.<\/li>\n<li><strong>Menej ako 24 hod\u00edn alebo nedostavenie sa:<\/strong> N\u00e1hrada sa neposkytuje.<\/li>\n<\/ul>\n<p>Odpor\u00fa\u010dame v\u00e1m v\u010dasn\u00fa rezerv\u00e1ciu a \u010do najsk\u00f4r n\u00e1s informova\u0165, ak potrebujete vykona\u0165 zmeny v rezerv\u00e1cii.<\/p>\n<h3>\ud83e\uddf3 \u010co si vzia\u0165 so sebou a \u010do vedie\u0165 pred odchodom<\/h3>\n<ul>\n<li><strong>Vezmite si so sebou:<\/strong> Plavky, uter\u00e1k a opa\u013eovac\u00ed kr\u00e9m s\u00fa nevyhnutnos\u0165ou. Vodotesn\u00fd fotoapar\u00e1t je skvel\u00fd, ak si chcete urobi\u0165 vlastn\u00e9 fotografie!<\/li>\n<li><strong>Mo\u017enosti pohodlia:<\/strong> Ak chcete z\u00edska\u0165 dodato\u010dn\u00fa ochranu, k dispoz\u00edcii s\u00fa neopr\u00e9nov\u00e9 obleky alebo m\u00f4\u017eete jazdi\u0165 v plavk\u00e1ch.<\/li>\n<li><strong>Obuv:<\/strong> Po\u010das pobytu na vode v\u00e1m bezpe\u010dne uschov\u00e1me obuv.<\/li>\n<\/ul>\n<h3>\ud83c\udf1f Pre\u010do si objedna\u0165 slu\u017ebu CanaryVIP?<\/h3>\n<p>Na str\u00e1nke <strong>CanaryVIP,<\/strong>\u00a0spolupracujeme s najd\u00f4veryhodnej\u0161\u00edmi a najsk\u00fasenej\u0161\u00edmi miestnymi partnermi na Kan\u00e1rskych ostrovoch, aby sme v\u00e1m priniesli bezpe\u010dn\u00e9 a kvalitn\u00e9 z\u00e1\u017eitky. T\u00e1to str\u00e1nka <strong>jetski Gran Canaria<\/strong> Prehliadku organizuje certifikovan\u00fd miestny poskytovate\u013e, ktor\u00fd bol starostlivo vybran\u00fd, aby v\u00e1m zabezpe\u010dil \u010do najlep\u0161\u00ed z\u00e1\u017eitok z v\u00e1\u0161ho dobrodru\u017estva.<\/p>\n<h3>\u26f5 H\u013ead\u00e1te exkluz\u00edvnej\u0161\u00ed z\u00e1\u017eitok na mori?<\/h3>\n<p>Chcete svoj de\u0148 na oce\u00e1ne posun\u00fa\u0165 na vy\u0161\u0161iu \u00farove\u0148? Pozrite si n\u00e1\u0161 <a href=\"https:\/\/canaryvip.com\/sk\/gran-canaria\/boat-hire-gran-canaria\/\" target=\"_blank\" rel=\"noopener\"><strong>s\u00fakromn\u00fd pren\u00e1jom lod\u00ed Gran Canaria<\/strong><\/a> a <strong>Pren\u00e1jom jachty<\/strong> mo\u017enosti - ide\u00e1lne pre p\u00e1ry, rodiny a skupiny, ktor\u00e9 chc\u00fa nie\u010do osobnej\u0161ie a luxusnej\u0161ie.<\/p>\n<ul>\n<li><strong>Pren\u00e1jom s\u00fakromn\u00fdch lod\u00ed:<\/strong> Presk\u00famajte skryt\u00e9 pl\u00e1\u017ee a k\u00fapte sa v kri\u0161t\u00e1\u013eovo \u010dist\u00fdch vod\u00e1ch s vlastnou lo\u010fou a kapit\u00e1nom.<\/li>\n<li><strong>Pren\u00e1jom luxusn\u00fdch j\u00e1cht:<\/strong> Vychutnajte si pr\u00e9miov\u00e9 slu\u017eby na palube, n\u00e1poje, ob\u010derstvenie a \u00fapln\u00fa relax\u00e1ciu vo ve\u013ekom \u0161t\u00fdle.<\/li>\n<li><strong>\u0160peci\u00e1lne podujatia:<\/strong> Osl\u00e1vte narodeniny, \u017eiados\u0165 o ruku alebo si jednoducho u\u017eite jedine\u010dn\u00fd de\u0148 na mori s \u013eu\u010fmi, ktor\u00fdch m\u00e1te radi.<\/li>\n<\/ul>\n<p>Bez oh\u013eadu na to, ak\u00fa m\u00e1te n\u00e1ladu, <strong>CanaryVIP<\/strong> m\u00e1 dokonal\u00fa lo\u010f pre v\u00e1\u0161 nezabudnute\u013en\u00fd de\u0148 na Atlantiku.<\/p>\n<h3>\ud83c\udf1e Pripraven\u00fd na jazdu?<\/h3>\n<p>Nenechajte si ujs\u0165 pr\u00edle\u017eitos\u0165 za\u017ei\u0165 vzru\u0161enie z <strong>jetski safari Gran Canaria<\/strong> a objavte pobre\u017eie z \u00faplne novej perspekt\u00edvy. <strong>Rezervujte si teraz s <a href=\"https:\/\/canaryvip.com\/sk\/\" target=\"_blank\" rel=\"noopener\">CanaryVIP<\/a><\/strong> a urobte si pobyt na Gran Canarii nezabudnute\u013en\u00fdm. \ud83c\udf0a\ud83d\udca8<\/p>","protected":false},"excerpt":{"rendered":"<p><strong>\ud83d\udd0d JetSki Gran Canaria:<\/strong><br \/>\n\u2705 Bezpe\u010dn\u00e1 platba.<br \/>\n\ud83c\udf1f Nezabudnute\u013en\u00fd z\u00e1\u017eitok.<br \/>\n\ud83d\ude80 Hodinov\u00e9 prehliadky.<br \/>\n\ud83d\udcc6 Denn\u00e9 prehliadky.<br \/>\n\ud83d\udd59 Viacer\u00e9 \u010dasov\u00e9 r\u00e1mce.<br \/>\n\ud83d\udc66 +7 rokov sa m\u00f4\u017ee pripoji\u0165.<br \/>\n\ud83d\udc64 +16 rokov m\u00f4\u017ee jazdi\u0165.<br \/>\n\ud83e\udd11 Garancia najlep\u0161ej ceny.<br \/>\n\ud83d\ude8d K dispoz\u00edcii je kyvadlov\u00e1 doprava.<br \/>\n\ud83d\udc6a Z\u013eavy aktivovan\u00e9.<br \/>\n\ud83d\udd01 Do 48 h Zru\u0161enie.<br \/>\n\ud83c\udf0d Viacjazy\u010dn\u00e9 pr\u00edru\u010dky.<br \/>\n\ud83c\udf1f Rezervujte teraz a u\u0161etrite!<br \/>\n\ud83d\udccd Od Mog\u00e1n &amp; Taurito.<\/p>","protected":false},"featured_media":14054,"comment_status":"open","ping_status":"closed","template":"","meta":{"_acf_changed":false},"product_brand":[],"product_cat":[135],"product_tag":[],"class_list":{"0":"post-14051","1":"product","2":"type-product","3":"status-publish","4":"has-post-thumbnail","6":"product_cat-watersports","7":"wcpa_has_options","9":"first","10":"instock","11":"virtual","12":"purchasable","13":"product-type-simple"},"acf":[],"wcpa_form_fields":{"wcpaData":{"product":{"product_price":130,"price_html":"From&nbsp;<span class=\"woocommerce-Price-amount amount\"><bdi>130,00&nbsp;<span class=\"woocommerce-Price-currencySymbol\">&euro;<\/span><\/bdi><\/span>","original_product_price":130,"price_including_tax":130,"price_excluding_tax":130,"product_id":{"parent":14051,"variation":false},"is_variable":false,"stock_status":"instock","stock_quantity":null,"parent_sku":"CV14051","product_attributes":[],"custom_fields":[],"is_taxable":false,"product_name":"JetSki Gran Canaria Tour","hasImage":false},"fields":{"sec_1067e15d3bd1502":{"extra":{"key":"sec_1067e15d3bd1502","section_id":"sec_1067e15d3bd1502","name":"Default","status":1,"cl_rule":"show","enableCl":false,"relations":[],"toggle":true,"title_tag":"h3","show_title":false,"showPrice":"default","form_id":14059,"form_rules":{"exclude_from_discount":true,"fee_label":"Fee","disp_hide_options_price":true,"disp_show_section_price":false,"disp_show_field_price":true,"layout_option":"standard","pric_use_as_fee":false,"process_fee_as":"woo_fee"},"layout_option":"standard"},"fields":[[{"label":"\ud83d\udcc5 Date","active":true,"required":true,"elementId":"date_267e15d3bd1546","picker_type":"custom","picker_mode":"single","placeholder":"","description":"","tooltip":"","name":"date_267e15d3bd1546","label_position":"default","desc_position":"default","enablePrice":false,"className":"","enableCl":false,"relations":[{"operator":"and","rules":[{"operator":"AND","rules":{"cl_field":"radio-group_667e15d3bd15b0","cl_relation":"is","cl_val":"3 Hour Trip"}}]}],"date_pic_inline":true,"date_pic_inline_hide":true,"min_date":{"type":"days","val":"0"},"max_date":{"type":"days","val":"365"},"date_pic_conf":{"disabledWeeks":[]},"price":"","cl_rule":"show","col":6,"type":"date","error":false,"enableDesign":false,"LabelColor":"","gt_translate_keys":["label","placeholder","description","tooltip"],"price_dependency":false,"cl_dependency":false,"value":""}],[{"active":true,"col":6,"relations":false,"cl_rule":"show","enableCl":false,"price":"","enablePrice":false,"className":"","label_position":"default","desc_position":"default","type":"select","required":false,"elementId":"select_167e15d3bd155d","label":"\ud83d\udccd Departure Point","name":"select_167e15d3bd155d","values":[{"label":"Mog\u00e1n Beach","value":"Mogan","selected":false,"tempId":"aco_481","gt_translate_keys":["label"]},{"label":"Taurito Beach","value":"Taurito","selected":false,"tempId":"aco_482","gt_translate_keys":["label"]}],"dropdown_type":"basic","error":false,"gt_translate_keys":["label"],"price_dependency":false,"cl_dependency":false,"value":""}],[{"active":true,"col":6,"relations":[{"operator":false,"rules":[{"operator":"AND","rules":{"cl_field":"radio-group_667e15d3bd15b0","cl_relation":"is","cl_val":"3 Hour Trip"}}]}],"cl_rule":"show","enableCl":false,"price":"","enablePrice":false,"className":"","label_position":"default","desc_position":"default","type":"select","required":true,"elementId":"select_867e15d3bd1593","label":"\u23f0 Departure Time","name":"select_867e15d3bd1593","values":[{"label":"9:00","value":"9:00","selected":false,"tempId":"aco_1450","gt_translate_keys":["label"]},{"label":"10:00","value":"10:00","selected":false,"tempId":"aco_37","gt_translate_keys":["label"]},{"label":"11:00","value":"11:00","selected":false,"tempId":"aco_281","gt_translate_keys":["label"]},{"label":"12:00","value":"12:00","selected":false,"tempId":"aco_381","gt_translate_keys":["label"]},{"label":"15:00","value":"15:00","selected":false,"tempId":"aco_444","gt_translate_keys":["label"]},{"label":"16:15","value":"16:15","selected":false,"tempId":"aco_454","gt_translate_keys":["label"]}],"dropdown_type":"basic","error":false,"placeholder":"Select Departure Time","priceOptions":"different_for_all","pricingType":"custom","isTemplate":false,"is_show_price":true,"gt_translate_keys":["label","placeholder"],"price_dependency":false,"cl_dependency":false,"value":""}]]},"sec_367e15d3bd15b1":{"extra":{"key":"sec_367e15d3bd15b1","section_id":"sec_367e15d3bd15b1","name":"1H Tour Gran Canaria","status":1,"cl_rule":"show","enableCl":false,"relations":[{"operator":false,"rules":[{"operator":"AND","rules":{"cl_field":"radio-group_667e15d3bd15b0","cl_relation":"is","cl_val":"1 Hour Trip"}}]}],"toggle":true,"title_tag":"h4","show_title":false,"showPrice":"default","form_id":14059,"form_rules":{"exclude_from_discount":true,"fee_label":"Fee","disp_hide_options_price":true,"disp_show_section_price":false,"disp_show_field_price":true,"layout_option":"standard","pric_use_as_fee":false,"process_fee_as":"woo_fee"},"layout_option":"standard"},"fields":[[{"contentType":"rich","active":true,"label":"","elementId":"content_967e15d3bd15e4","value":"<p>\ud83c\udf9f\ufe0f <strong>Reservation<\/strong>: Pay only a deposit now to reserve; the rest is due on the day of the activity upon arrival.<\/p>","inline":true,"name":"content_967e15d3bd15e4","enablePrice":false,"className":"","subtype":"div","enableCl":false,"relations":false,"price":"","cl_rule":"show","col":6,"type":"content","error":false,"show_in_checkout":true,"enableDesign":true,"LabelSize":"14px","DescSize":"14px","gt_translate_keys":["label","value"],"price_dependency":false,"cl_dependency":false}],[{"active":true,"col":6,"relations":false,"cl_rule":"show","enableCl":false,"price":"","enablePrice":false,"className":"","label_position":"default","desc_position":"default","type":"content","required":false,"elementId":"content_167e15d3bd15fc","label":"Number of Jet Skis for 1 Hour","name":"content_167e15d3bd15fc","contentType":"plain","value":"","error":false,"show_in_checkout":true,"inline":false,"gt_translate_keys":["label","value"],"price_dependency":false,"cl_dependency":false}],[{"active":true,"col":6,"relations":[{"operator":false,"rules":[{"operator":"AND","rules":{"cl_field":"","cl_relation":"","cl_val":""}}]}],"cl_rule":"show","enableCl":false,"price":"130","enablePrice":true,"className":"","label_position":"default","desc_position":"default","type":"radio-group","required":false,"elementId":"radio-group_967e15d3bd1618","label":"","name":"radio-group_967e15d3bd1618","values":[{"label":"\ud83d\udc64 Single JetSki (130\u20ac)","value":"Single JetSki","selected":true,"tempId":"aco_32","tooltip":"1 Person on the JetSki.","description":"","gt_translate_keys":["label","tooltip","description"]}],"layOut":"","error":false,"checkUi":"button","priceOptions":"fixed_for_all","pricingType":"fixed","enable_quantity":true,"quantity_label":"","min_quantity":"0","options_tooltip":true,"options_description":true,"is_show_price":true,"gt_translate_keys":["label","quantity_label"],"price_dependency":["content_167e15d3bd1666","content_267e15d3bd167e","content_667e15d3bd1696"],"cl_dependency":false,"value":""}],[{"label":"","active":true,"required":false,"elementId":"radio-group_067e15d3bd1635","name":"radio-group_067e15d3bd1635","label_position":"default","desc_position":"default","enablePrice":true,"className":"","enableCl":false,"relations":false,"enable_quantity":true,"quantity_label":"","min_quantity":"0","checkUi":"button","layOut":"","values":[{"label":"\ud83d\udc65 Double JetSki (150\u20ac)","value":"Double JetSki","selected":true,"tempId":"aco_32","tooltip":"2 People on the same JetSki.","description":"","gt_translate_keys":["label","tooltip","description"]}],"priceOptions":"fixed_for_all","pricingType":"fixed","price":"150","cl_rule":"show","col":6,"type":"radio-group","error":false,"options_tooltip":true,"options_description":true,"is_show_price":true,"quantity_decimal":false,"quantity_step":"1","gt_translate_keys":["label","quantity_label"],"price_dependency":["content_167e15d3bd1666","content_267e15d3bd167e","content_667e15d3bd1696"],"cl_dependency":false,"value":""}],[{"elementId":"separator_767e15d3bd164f","separatorType":"fill","separatorColor":"#66a6b6","className":"","height":"3","enableCl":false,"relations":false,"cl_rule":"show","col":6,"type":"separator","gt_translate_keys":[],"price_dependency":false,"cl_dependency":false,"value":""}],[{"active":true,"col":6,"relations":false,"cl_rule":"show","enableCl":false,"price":"({field.radio-group_967e15d3bd1618.price}*0.30) + ({field.radio-group_067e15d3bd1635.price}*0.30)","enablePrice":true,"className":"","label_position":"default","desc_position":"default","type":"content","required":false,"elementId":"content_167e15d3bd1666","label":"Deposit Now","name":"content_167e15d3bd1666","contentType":"plain","value":"","error":false,"pricingType":"custom","isTemplate":false,"is_show_price":false,"enableDesign":true,"scrollBar":false,"use_as_fee":false,"fee_label":"","inline":true,"show_in_checkout":true,"subtype":"div","LabelSize":"14px","LabelColor":"","gt_translate_keys":["label","value"],"price_dependency":false,"cl_dependency":false}],[{"contentType":"plain","active":true,"label":"Payment at Arrival","elementId":"content_267e15d3bd167e","value":"","inline":true,"show_in_checkout":true,"name":"content_267e15d3bd167e","enablePrice":true,"className":"","fee_label":"","subtype":"div","enableCl":false,"relations":[{"operator":false,"rules":[{"operator":"AND","rules":{"cl_field":"content_167e15d3bd1666","cl_relation":"is_not_empty","cl_val":""}}]}],"scrollBar":false,"enableDesign":true,"pricingType":"custom","isTemplate":false,"price":"({field.radio-group_967e15d3bd1618.price}*0.70) + ({field.radio-group_067e15d3bd1635.price}*0.70)","use_as_fee":false,"is_show_price":true,"cl_rule":"disable","col":6,"type":"content","error":false,"LabelSize":"14px","LabelColor":"","gt_translate_keys":["label","value"],"price_dependency":false,"cl_dependency":false}],[{"contentType":"plain","active":true,"label":"Total Amount","elementId":"content_667e15d3bd1696","value":"","inline":true,"show_in_checkout":true,"name":"content_667e15d3bd1696","enablePrice":true,"className":"","fee_label":"","subtype":"div","enableCl":false,"relations":[{"operator":false,"rules":[{"operator":"AND","rules":{"cl_field":"content_167e15d3bd1666","cl_relation":"is_not_empty","cl_val":""}}]}],"scrollBar":false,"enableDesign":true,"LabelColor":"","LabelSize":"14px","pricingType":"custom","isTemplate":false,"price":"({field.radio-group_967e15d3bd1618.price}) + ({field.radio-group_067e15d3bd1635.price})","use_as_fee":false,"is_show_price":true,"cl_rule":"disable","col":6,"type":"content","error":false,"gt_translate_keys":["label","value"],"price_dependency":false,"cl_dependency":false}]]},"sec_567e15d3bd1860":{"extra":{"key":"sec_567e15d3bd1860","section_id":"sec_567e15d3bd1860","name":"Pickup Location","status":1,"cl_rule":"show","enableCl":true,"relations":[{"operator":false,"rules":[{"operator":"AND","rules":{"cl_field":"radio-group_667e15d3bd15b0","cl_relation":"is_not","cl_val":"2.5 Hour Trip"}}]}],"toggle":true,"title_tag":"h4","show_title":false,"showPrice":"default","form_id":14059,"form_rules":{"exclude_from_discount":true,"fee_label":"Fee","disp_hide_options_price":true,"disp_show_section_price":false,"disp_show_field_price":true,"layout_option":"standard","pric_use_as_fee":false,"process_fee_as":"woo_fee"},"layout_option":"standard"},"fields":[[{"active":true,"col":6,"relations":false,"cl_rule":"show","enableCl":false,"price":"","enablePrice":false,"className":"","label_position":"default","desc_position":"default","type":"separator","required":false,"elementId":"separator_267e15d3bd187a","label":"Separator Field","height":"1","separatorType":"blank","error":false,"gt_translate_keys":["label"],"price_dependency":false,"cl_dependency":false,"value":""}],[{"active":true,"col":6,"relations":[{"operator":false,"rules":[{"operator":false,"rules":{"cl_field":"radio-group_667e15d3bd15b0","cl_relation":"is_not","cl_val":"4.5 Hour Trip from North Tenerife"}}]}],"cl_rule":"show","enableCl":false,"price":"","enablePrice":false,"className":"","label_position":"default","desc_position":"default","type":"text","subtype":"text","required":false,"elementId":"text_967e15d3bd188f","label":"\ud83d\ude8c Pickup Location","name":"text_967e15d3bd188f","value":"","error":false,"description":"Pick-up service in some locations. Simply provide your address or hotel name. (+2\u20ac\/person paid at pickup to the driver)","repeater":false,"repeater_field_label":"{field_label}","repeater_bind":"","gt_translate_keys":["label","description","value","repeater_field_label"],"price_dependency":false,"cl_dependency":false}]]}},"config":{"price_override":"always","enable_recaptcha":false,"bind_quantity":false,"quantity_bind_formula":false,"disp_summ_show_option_price":true,"disp_summ_show_product_price":false,"disp_summ_show_total_price":false,"disp_summ_show_fee":true,"disp_summ_show_discount":true,"summary_title":"","options_total_label":"Options Price","total_label":"Deposit Amount","options_product_label":"Product Price","fee_label":"Fee","discount_label":"Discount","has_price":true,"has_quantity_formula":false},"mc_unit":1,"tax_rate":1,"tax_rate_real":1,"discount":{"percentage":0,"fixed":0},"design":{"conf":{"LabelPosition":"above","DescPosition":"above","UploadField":"custom_1","QuantityFieldStyle":"custom_1"},"css":{"LeftLabelWidth":"120px"}},"formulas":[],"lookuptables":[],"clones":false,"cartKey":false}},"_links":{"self":[{"href":"https:\/\/canaryvip.com\/sk\/wp-json\/wp\/v2\/product\/14051","targetHints":{"allow":["GET"]}}],"collection":[{"href":"https:\/\/canaryvip.com\/sk\/wp-json\/wp\/v2\/product"}],"about":[{"href":"https:\/\/canaryvip.com\/sk\/wp-json\/wp\/v2\/types\/product"}],"replies":[{"embeddable":true,"href":"https:\/\/canaryvip.com\/sk\/wp-json\/wp\/v2\/comments?post=14051"}],"wp:featuredmedia":[{"embeddable":true,"href":"https:\/\/canaryvip.com\/sk\/wp-json\/wp\/v2\/media\/14054"}],"wp:attachment":[{"href":"https:\/\/canaryvip.com\/sk\/wp-json\/wp\/v2\/media?parent=14051"}],"wp:term":[{"taxonomy":"product_brand","embeddable":true,"href":"https:\/\/canaryvip.com\/sk\/wp-json\/wp\/v2\/product_brand?post=14051"},{"taxonomy":"product_cat","embeddable":true,"href":"https:\/\/canaryvip.com\/sk\/wp-json\/wp\/v2\/product_cat?post=14051"},{"taxonomy":"product_tag","embeddable":true,"href":"https:\/\/canaryvip.com\/sk\/wp-json\/wp\/v2\/product_tag?post=14051"}],"curies":[{"name":"wp","href":"https:\/\/api.w.org\/{rel}","templated":true}]}}