{"id":13644,"date":"2025-01-31T12:49:52","date_gmt":"2025-01-31T12:49:52","guid":{"rendered":"https:\/\/canaryvip.com\/?post_type=product&#038;p=13644"},"modified":"2025-06-28T20:14:03","modified_gmt":"2025-06-28T19:14:03","slug":"white-shark-fishing-boat-tenerife","status":"publish","type":"product","link":"https:\/\/canaryvip.com\/sk\/shop\/white-shark-fishing-boat-tenerife\/","title":{"rendered":"Ryb\u00e1rska lo\u010f s bielym \u017eralokom Tenerife"},"content":{"rendered":"<h2><strong>\ud83e\udd88 Ryb\u00e1rska lo\u010f s bielym \u017eralokom Tenerife s CanaryVIP<\/strong><\/h2>\n<p>Za\u017eite vzru\u0161enie z hlbokomorsk\u00e9ho rybolovu na Tenerife s <a href=\"https:\/\/canaryvip.com\/sk\/\">CanaryVIP<\/a>! \u010ci u\u017e ste sk\u00fasen\u00fd ryb\u00e1r, alebo za\u010diato\u010dn\u00edk, t\u00e1to exkluz\u00edvna plavba lo\u010fou na lov bielych \u017eralokov pon\u00faka nezabudnute\u013en\u00e9 dobrodru\u017estvo v bohat\u00fdch vod\u00e1ch Atlantiku. Vyrazte z \u00fa\u017easn\u00e9ho pr\u00edstavu Marina del Sur a pripravte sa na vzru\u0161uj\u00faci de\u0148 na vode.<\/p>\n<h3>\u2b50\ufe0f <strong>Va\u0161e dobrodru\u017estvo pri love bieleho \u017eraloka \u010dak\u00e1<\/strong><\/h3>\n<ul>\n<li><strong>4-hodinov\u00e9 alebo 8-hodinov\u00e9 ryb\u00e1rske t\u00fary<\/strong>: Vyberte si medzi poldenn\u00fdm (4 hodiny) alebo celodenn\u00fdm (8 hod\u00edn) ryb\u00e1rskym v\u00fdletom na Tenerife. Obe mo\u017enosti zah\u0155\u0148aj\u00fa v\u0161etko potrebn\u00e9 ryb\u00e1rske vybavenie, odborn\u00e9 vedenie a osvie\u017euj\u00face n\u00e1poje, ktor\u00e9 v\u00e1m dodaj\u00fa energiu.<\/li>\n<li><strong>Mo\u017enosti s\u00fakromnej alebo spolo\u010dnej lode<\/strong>: Vyberte si s\u00fakromn\u00fa ryb\u00e1rsku lo\u010f na Tenerife a\u017e pre 4 ryb\u00e1rov alebo sa pridajte k spolo\u010dnej skupinovej t\u00fare a za\u017eite spolo\u010denskej\u0161ie dobrodru\u017estvo. V\u00edtan\u00ed s\u00fa aj div\u00e1ci!<\/li>\n<li><strong>Flexibiln\u00e9 \u010dasy odchodu<\/strong>: K dispoz\u00edcii s\u00fa dopolud\u0148aj\u0161ie a popolud\u0148aj\u0161ie intervaly, ktor\u00e9 vyhovuj\u00fa v\u00e1\u0161mu rozvrhu. Rann\u00e9 prehliadky prebiehaj\u00fa od 8:00 do 12:00, zatia\u013e \u010do popolud\u0148aj\u0161ie prehliadky s\u00fa od 13:00 do 17:00. Pri celodenn\u00fdch prehliadkach sa odch\u00e1dza o 8:00 a n\u00e1vrat je o 14:00.<\/li>\n<li><strong>Z\u00e1\u017eitok All-Inclusive<\/strong>: V\u00fdlet zah\u0155\u0148a ryb\u00e1rsky v\u00fdstroj, n\u00e1vnadu, licencie a n\u00e1poje. Sta\u010d\u00ed si prinies\u0165 nad\u0161enie a pripravi\u0165 sa na lov neuverite\u013en\u00fdch r\u00fdb!<\/li>\n<\/ul>\n<h4>\ud83c\udf0a <strong>\u010co m\u00f4\u017eete o\u010dak\u00e1va\u0165 na svojej ryb\u00e1rskej t\u00fare na Tenerife<\/strong><\/h4>\n<p>T\u00e1to str\u00e1nka <strong>Prehliadka lode na lov bielych \u017eralokov<\/strong> v\u00e1s zavedie na niektor\u00e9 z najlep\u0161\u00edch ryb\u00e1rskych miest v okol\u00ed Tenerife, kde sa to hem\u017e\u00ed morsk\u00fdm \u017eivotom. Zamerajte sa na druhy ako tuniak \u017eltoplutv\u00fd, dorado, wahoo a barakuda. Sk\u00fasen\u00e1 miestna pos\u00e1dka pozn\u00e1 tieto vody dokonale a porad\u00ed v\u00e1m s najlep\u0161\u00edmi technikami, aby ste maximalizovali svoje \u0161ance na ve\u013ek\u00fd \u00falovok.<\/p>\n<p>T\u00edm sa postar\u00e1 o to, aby ste mali k dispoz\u00edcii spr\u00e1vne n\u00e1stroje a vedomosti, ktor\u00e9 v\u00e1m pom\u00f4\u017eu \u010do najlep\u0161ie vyu\u017ei\u0165 <strong>ryb\u00e1rska lo\u010f Tenerife<\/strong> dobrodru\u017estvo. A nebojte sa - pos\u00e1dka v\u00e1m pom\u00f4\u017ee na ka\u017edom kroku, od nastra\u017eenia n\u00e1vnady a\u017e po dokonal\u00fa fotografiu s \u00falovkom.<\/p>\n<h4>\ud83d\udc1f <strong>Komfort a pohodlie na palube<\/strong><\/h4>\n<p>Ryb\u00e1rska lo\u010f je vybaven\u00e1 tienen\u00fdmi miestami na sedenie, palubnou toaletou a chladni\u010dkou so studen\u00fdmi n\u00e1pojmi a ob\u010derstven\u00edm. \u010ci u\u017e budete vy\u0165ahova\u0165 ve\u013ek\u00fd \u00falovok, alebo si len vychutn\u00e1va\u0165 n\u00e1dhern\u00fd v\u00fdh\u013ead na oce\u00e1n, budete ma\u0165 v\u0161etko, \u010do potrebujete na dokonal\u00fd de\u0148 na mori.<\/p>\n<h3>\u2705 <strong>V\u0161etko, \u010do potrebujete na nezabudnute\u013en\u00fd ryb\u00e1rsky v\u00fdlet<\/strong><\/h3>\n<ul>\n<li><strong>\u0160pi\u010dkov\u00fd ryb\u00e1rsky v\u00fdstroj:<\/strong>\u00a0V r\u00e1mci z\u00e1jazdu s\u00fa k dispoz\u00edcii pr\u00faty, navijaky, n\u00e1vnady a n\u00e1\u010dinie na v\u0161etky druhy rybolovn\u00fdch techn\u00edk.<\/li>\n<li><strong>Sk\u00fasen\u00e1 viacjazy\u010dn\u00e1 pos\u00e1dka:<\/strong>\u00a0Pos\u00e1dka m\u00e1 dlhoro\u010dn\u00e9 sk\u00fasenosti s miestnym rybolovom a pom\u00f4\u017ee v\u00e1m s uloven\u00edm v\u00e1\u0161ho vysn\u00edvan\u00e9ho \u00falovku.<\/li>\n<li><strong>Ob\u010derstvenie a n\u00e1poje:<\/strong>\u00a0Po\u010das celej cesty sa m\u00f4\u017eete ob\u010derstvi\u0165 bezplatn\u00fdm ob\u010derstven\u00edm a n\u00e1pojmi.<\/li>\n<\/ul>\n<h3>\ud83d\udccd <strong>Pohodln\u00e9 odchody z Marina del Sur<\/strong><\/h3>\n<p>Va\u0161e ryb\u00e1rske dobrodru\u017estvo sa za\u010d\u00edna v Marina del Sur, jednom z najob\u013e\u00fabenej\u0161\u00edch pr\u00edstavov na Tenerife. Odpor\u00fa\u010dame pr\u00eds\u0165 aspo\u0148 10 min\u00fat pred pl\u00e1novan\u00fdm odchodom, aby ste si zabezpe\u010dili bezprobl\u00e9mov\u00fd za\u010diatok d\u0148a. Pre va\u0161e pohodlie je v bl\u00edzkosti k dispoz\u00edcii parkovisko.<\/p>\n<h3>\ud83d\udcdc <strong>Jednoduch\u00e1 rezerv\u00e1cia a flexibiln\u00e9 storno podmienky<\/strong><\/h3>\n<p>Rezerv\u00e1cia v\u00fdletu na lodi s bielym \u017eralokom s CanaryVIP je jednoduch\u00e1 a bezprobl\u00e9mov\u00e1:<\/p>\n<ul>\n<li><strong>Z\u00e1ruka po\u010dasia:<\/strong>\u00a0Va\u0161a bezpe\u010dnos\u0165 a pohodlie s\u00fa na\u0161imi hlavn\u00fdmi prioritami. Ak po\u010dasie nie je bezpe\u010dn\u00e9, m\u00f4\u017eete zmeni\u0165 term\u00edn alebo v\u00e1m vr\u00e1time peniaze v plnej v\u00fd\u0161ke.<\/li>\n<li><strong>Flexibiln\u00e9 zru\u0161enie:<\/strong>\u00a0Zru\u0161enie rezerv\u00e1cie do 5 dn\u00ed pred cestou a vr\u00e1tenie pe\u0148az\u00ed v plnej v\u00fd\u0161ke.<\/li>\n<li><strong>Predaj digit\u00e1lnych vstupeniek:<\/strong> Dostanete potvrdenie rezerv\u00e1cie e-mailom a predlo\u017e\u00edte ho vo svojom mobilnom zariaden\u00ed.<\/li>\n<\/ul>\n<h3>\ud83d\udc20 <strong>Pre\u010do si vybra\u0165 CanaryVIP pre svoje dobrodru\u017estvo na ryb\u00e1rskej lodi na Tenerife?<\/strong><\/h3>\n<p>V spolo\u010dnosti CanaryVIP sme nad\u0161en\u00ed pre poskytovanie nezabudnute\u013en\u00fdch z\u00e1\u017eitkov na Tenerife. Tento v\u00fdlet lo\u010fou na lov bielych \u017eralokov je navrhnut\u00fd tak, aby vyhovoval v\u0161etk\u00fdm \u00farovniam zru\u010dnost\u00ed, od za\u010diato\u010dn\u00edkov a\u017e po sk\u00fasen\u00fdch ryb\u00e1rov. V\u010faka \u0161pi\u010dkov\u00e9mu vybaveniu, odborn\u00e9mu vedeniu a d\u00f4razu na pohodlie zabezpe\u010d\u00edme, \u017ee v\u00e1\u0161 de\u0148 na vode nebude ni\u010d\u00edm in\u00fdm ako \u00fa\u017easn\u00fdm.<\/p>\n<h3>\ud83c\udf1f <strong>Vytvorte si trval\u00e9 spomienky na vode<\/strong><\/h3>\n<p>\u010ci u\u017e lov\u00edte s priate\u013emi, rodinou, alebo sa prid\u00e1te k spolo\u010dnej skupine, t\u00e1to plavba lo\u010fou na lov bielych \u017eralokov s\u013eubuje vzru\u0161enie, relax a mo\u017enos\u0165 ulovi\u0165 niektor\u00e9 z najp\u00f4sobivej\u0161\u00edch druhov oce\u00e1nu. Rezervujte si svoju ryb\u00e1rsku t\u00faru na Tenerife s CanaryVIP e\u0161te dnes a pripravte sa na dobrodru\u017estvo, na ktor\u00e9 nikdy nezabudnete!<\/p>\n<p>\ud83d\udcc5 <strong>Ste pripraven\u00ed na z\u00e1bavu?<\/strong><\/p>\n<p>Nav\u0161t\u00edvte str\u00e1nku <a href=\"https:\/\/canaryvip.com\/sk\/\">CanaryVIP<\/a> a rezervujte si teraz v\u00fdlet lo\u010fou na Tenerife s bielym \u017eralokom. Po\u010det miest je obmedzen\u00fd, tak\u017ee ne\u010dakajte - zabezpe\u010dte si miesto e\u0161te dnes a pripravte sa na nezabudnute\u013en\u00fd de\u0148 na vode! \ud83c\udfa3<\/p>","protected":false},"excerpt":{"rendered":"<p>\ud83d\udd0d\u00a0<strong>Podrobnosti o ryb\u00e1rskej t\u00fare:<\/strong><br \/>\n\u2705 Bezpe\u010dn\u00e1 platba.<br \/>\n\ud83d\udc65 K dispoz\u00edcii s\u00fa spolo\u010dn\u00e9 prehliadky.<br \/>\n\ud83d\udd10 S\u00fakromn\u00e9 prehliadky k dispoz\u00edcii.<br \/>\n\u23f3 Denn\u00e9 prehliadky 4h, 6h a 8h.<br \/>\n\ud83d\udd59 Odchody o 8:00 a 13:00.<br \/>\n\ud83d\udc65 A\u017e 6 host\u00ed.<br \/>\n\ud83c\udf7a Voda a n\u00e1poje v cene.<br \/>\n\ud83c\udfa3 Ryb\u00e1rske pr\u00faty.<br \/>\n\u2705 Povolenie vzia\u0165 si rybu domov.<br \/>\n\ud83e\udd11 Garancia najlep\u0161ej ceny.<br \/>\n\ud83d\udc6a Z\u013eavy aktivovan\u00e9.<br \/>\n\ud83d\udd01 Do 72 h Zru\u0161enie.<br \/>\n\ud83c\udf0d Viacjazy\u010dn\u00e1 pos\u00e1dka.<br \/>\n\ud83c\udf1f Rezervujte si v\u010das a u\u0161etrite!<br \/>\n\ud83d\udccd Odchod z <a href=\"https:\/\/maps.app.goo.gl\/XNDB4g2quXSxyw6RA\">Las Galletas<\/a>.<\/p>","protected":false},"featured_media":13645,"comment_status":"open","ping_status":"closed","template":"","meta":{"_acf_changed":false},"product_brand":[],"product_cat":[46,47],"product_tag":[],"class_list":{"0":"post-13644","1":"product","2":"type-product","3":"status-publish","4":"has-post-thumbnail","6":"product_cat-boat-excursions","7":"product_cat-boat-hire-tenerife","8":"wcpa_has_options","10":"first","11":"instock","12":"virtual","13":"purchasable","14":"product-type-simple"},"acf":[],"wcpa_form_fields":{"wcpaData":{"product":{"product_price":85,"price_html":"From&nbsp;<span class=\"woocommerce-Price-amount amount\"><bdi>85,00&nbsp;<span class=\"woocommerce-Price-currencySymbol\">&euro;<\/span><\/bdi><\/span>","original_product_price":85,"price_including_tax":85,"price_excluding_tax":85,"product_id":{"parent":13644,"variation":false},"is_variable":false,"stock_status":"instock","stock_quantity":null,"parent_sku":"CV13644","product_attributes":[],"custom_fields":[],"is_taxable":false,"product_name":"White Shark Fishing Boat Tenerife","hasImage":false},"fields":{"sec_5679cd96a9fdb1":{"extra":{"key":"sec_5679cd96a9fdb1","section_id":"sec_5679cd96a9fdb1","name":"Default","status":1,"cl_rule":"show","enableCl":false,"relations":[],"toggle":true,"title_tag":"h3","show_title":false,"showPrice":"default","form_id":13647,"form_rules":{"exclude_from_discount":true,"fee_label":"Fee","disp_hide_options_price":true,"disp_show_section_price":false,"disp_show_field_price":true,"layout_option":"standard","pric_use_as_fee":false,"process_fee_as":"woo_fee"},"layout_option":"standard"},"fields":[[{"active":true,"col":6,"relations":[{"operator":false,"rules":[{"operator":"AND","rules":{"cl_field":"","cl_relation":"","cl_val":""}}]}],"cl_rule":"show","enableCl":false,"price":"","enablePrice":false,"className":"","label_position":"default","desc_position":"default","type":"radio-group","required":true,"elementId":"radio-group_5679cd96a9fdd2","label":"\u231b\ufe0f Trip Duration","name":"radio-group_5679cd96a9fdd2","values":[{"label":"4 Hour Shared Trip (85\u20ac)","value":"4 Hour Trip","selected":false,"tempId":"aco_32","description":"Shared Tour up to 6 Guests. Departure at 8:00.","gt_translate_keys":["label","description"]},{"label":"Private Charter (From 440\u20ac)","value":"Private Charter 6 People","selected":false,"tempId":"aco_33","description":"Up to 6 people. Departure at 8:00 & 13:00.","gt_translate_keys":["label","description"]}],"layOut":"","error":false,"checkUi":"toggle","enableDesign":false,"scrollBar":false,"description":"","other":false,"options_description":true,"show_selected_option":false,"gt_translate_keys":["label","description"],"price_dependency":false,"cl_dependency":["date_0679cd96a9fe5e","select_1679cd96a9fe54",false,false],"value":""}],[{"label":"\ud83d\udcc5 Date","active":true,"required":true,"elementId":"date_0679cd96a9fe5e","picker_type":"custom","picker_mode":"single","placeholder":"","description":"","tooltip":"","name":"date_0679cd96a9fe5e","label_position":"default","desc_position":"default","enablePrice":false,"className":"","enableCl":true,"relations":[{"operator":"and","rules":[{"operator":"AND","rules":{"cl_field":"radio-group_5679cd96a9fdd2","cl_relation":"is_not_empty","cl_val":"3 Hour Trip"}}]}],"enableDesign":false,"LabelColor":"","date_pic_inline":true,"date_pic_inline_hide":true,"min_date":{"type":"days","val":"1"},"max_date":{"type":"days","val":"365"},"date_pic_conf":{"disabledWeeks":[],"disabledDates":["2025-02-03"]},"price":"","cl_rule":"show","col":6,"type":"date","error":false,"gt_translate_keys":["label","placeholder","description","tooltip"],"price_dependency":false,"cl_dependency":false,"value":""}],[{"active":true,"col":6,"relations":[{"operator":false,"rules":[{"operator":"AND","rules":{"cl_field":"radio-group_5679cd96a9fdd2","cl_relation":"is_not_empty","cl_val":"3 Hour Trip"}}]}],"cl_rule":"show","enableCl":true,"price":"","enablePrice":false,"className":"","label_position":"default","desc_position":"default","type":"select","required":true,"elementId":"select_1679cd96a9fe54","label":"\u23f0 Departure","name":"select_1679cd96a9fe54","values":[{"label":"8:00","value":"8:00","selected":false,"tempId":"aco_2904","gt_translate_keys":["label"]},{"label":"13:00","value":"13:00","selected":false,"tempId":"aco_2905","gt_translate_keys":["label"]}],"dropdown_type":"basic","error":false,"placeholder":"Select Departure Time","gt_translate_keys":["label","placeholder"],"price_dependency":false,"cl_dependency":false,"value":""}]]},"sec_0679cd96a9fdd4":{"extra":{"key":"sec_0679cd96a9fdd4","section_id":"sec_0679cd96a9fdd4","name":"4H Trip","status":1,"cl_rule":"show","enableCl":true,"relations":[{"operator":false,"rules":[{"operator":"AND","rules":{"cl_field":"radio-group_5679cd96a9fdd2","cl_relation":"is","cl_val":"4 Hour Trip"}}]}],"toggle":true,"title_tag":"h4","show_title":false,"showPrice":"default","form_id":13647,"form_rules":{"exclude_from_discount":true,"fee_label":"Fee","disp_hide_options_price":true,"disp_show_section_price":false,"disp_show_field_price":true,"layout_option":"standard","pric_use_as_fee":false,"process_fee_as":"woo_fee"},"layout_option":"standard"},"fields":[[{"active":true,"col":6,"relations":false,"cl_rule":"show","enableCl":false,"price":"","enablePrice":false,"className":"","label_position":"default","desc_position":"default","type":"separator","required":false,"elementId":"separator_9679cd96a9fded","label":"Separator Field","height":"10","separatorType":"blank","error":false,"gt_translate_keys":["label"],"price_dependency":false,"cl_dependency":false,"value":""}],[{"contentType":"rich","active":true,"label":"","elementId":"content_9679cd96a9fdf8","value":"<p>\ud83c\udf9f\ufe0f <strong>Reservation<\/strong>: Pay only a deposit now to reserve; the rest is due on the day of the activity upon arrival.<\/p>","inline":true,"name":"content_9679cd96a9fdf8","enablePrice":false,"className":"","subtype":"div","enableCl":false,"relations":false,"price":"","cl_rule":"show","col":6,"type":"content","error":false,"show_in_checkout":true,"gt_translate_keys":["label","value"],"price_dependency":false,"cl_dependency":false}],[{"active":true,"col":6,"relations":false,"cl_rule":"show","enableCl":false,"price":"","enablePrice":false,"className":"","label_position":"default","desc_position":"default","type":"content","required":false,"elementId":"content_0679cd96a9fe02","label":"People","name":"content_0679cd96a9fe02","contentType":"plain","value":"","error":false,"show_in_checkout":true,"inline":false,"gt_translate_keys":["label","value"],"price_dependency":false,"cl_dependency":false}],[{"active":true,"col":6,"relations":[{"operator":false,"rules":[{"operator":"AND","rules":{"cl_field":"","cl_relation":"","cl_val":""}}]}],"cl_rule":"show","enableCl":true,"price":"85","enablePrice":true,"className":"","label_position":"default","desc_position":"default","type":"radio-group","required":false,"elementId":"radio-group_10679cd96a9fe0d","label":"","name":"radio-group_10679cd96a9fe0d","values":[{"label":"\ud83d\udc64 People (85\u20ac)","value":"People","selected":true,"tempId":"aco_32","tooltip":"+4 Years","description":"","gt_translate_keys":["label","tooltip","description"]}],"layOut":"","error":false,"checkUi":"button","priceOptions":"fixed_for_all","pricingType":"fixed","enable_quantity":true,"quantity_label":"","min_quantity":"0","options_tooltip":true,"options_description":true,"is_show_price":true,"max_quantity":"6","gt_translate_keys":["label","quantity_label"],"price_dependency":false,"cl_dependency":false,"value":""}],[{"elementId":"separator_7679cd96a9fe2d","separatorType":"fill","separatorColor":"#66a6b6","className":"","height":"6","enableCl":false,"relations":false,"cl_rule":"show","col":6,"type":"separator","error":false,"gt_translate_keys":[],"price_dependency":false,"cl_dependency":false,"value":""}],[{"active":true,"col":6,"relations":false,"cl_rule":"show","enableCl":false,"price":"({field.radio-group_10679cd96a9fe0d.quantity}*20)","enablePrice":true,"className":"","label_position":"default","desc_position":"default","type":"content","required":false,"elementId":"content_2679cd96a9fe37","label":"Deposit Now","name":"content_2679cd96a9fe37","contentType":"plain","value":"","error":false,"pricingType":"custom","isTemplate":false,"is_show_price":false,"enableDesign":true,"scrollBar":false,"use_as_fee":false,"fee_label":"","inline":true,"show_in_checkout":true,"subtype":"div","LabelSize":"14px","LabelColor":"","gt_translate_keys":["label","value"],"price_dependency":["content_9679cd96a9fe4a"],"cl_dependency":false}],[{"contentType":"plain","active":true,"label":"Payment at Arrival","elementId":"content_8679cd96a9fe40","value":"","inline":true,"show_in_checkout":true,"name":"content_8679cd96a9fe40","enablePrice":true,"className":"","fee_label":"","subtype":"div","enableCl":false,"relations":[{"operator":false,"rules":[{"operator":"AND","rules":{"cl_field":"content_2679cd96a9fe37","cl_relation":"is_not_empty","cl_val":""}}]}],"scrollBar":false,"enableDesign":true,"pricingType":"custom","isTemplate":false,"price":"({field.radio-group_10679cd96a9fe0d.quantity}*65)","use_as_fee":false,"is_show_price":true,"cl_rule":"disable","col":6,"type":"content","error":false,"LabelSize":"14px","LabelColor":"","gt_translate_keys":["label","value"],"price_dependency":["content_9679cd96a9fe4a"],"cl_dependency":false}],[{"contentType":"plain","active":true,"label":"Total Amount","elementId":"content_9679cd96a9fe4a","value":"","inline":true,"show_in_checkout":true,"name":"content_9679cd96a9fe4a","enablePrice":true,"className":"","fee_label":"","subtype":"div","enableCl":false,"relations":[{"operator":false,"rules":[{"operator":"AND","rules":{"cl_field":"content_2679cd96a9fe37","cl_relation":"is_not_empty","cl_val":""}}]}],"scrollBar":false,"enableDesign":true,"LabelColor":"","LabelSize":"14px","pricingType":"custom","isTemplate":false,"price":"({field.content_2679cd96a9fe37.price}) + ({field.content_8679cd96a9fe40.price})","use_as_fee":false,"is_show_price":true,"cl_rule":"disable","col":6,"type":"content","error":false,"gt_translate_keys":["label","value"],"price_dependency":false,"cl_dependency":false}]]},"sec_3679cd96a9fe55":{"extra":{"key":"sec_3679cd96a9fe55","section_id":"sec_3679cd96a9fe55","name":"Private Charter","status":1,"cl_rule":"show","enableCl":true,"relations":[{"operator":false,"rules":[{"operator":"AND","rules":{"cl_field":"radio-group_5679cd96a9fdd2","cl_relation":"is","cl_val":"Private Charter 6 People"}}]}],"toggle":true,"title_tag":"h4","show_title":false,"showPrice":"default","form_id":13647,"form_rules":{"exclude_from_discount":true,"fee_label":"Fee","disp_hide_options_price":true,"disp_show_section_price":false,"disp_show_field_price":true,"layout_option":"standard","pric_use_as_fee":false,"process_fee_as":"woo_fee"},"layout_option":"standard"},"fields":[[{"elementId":"separator_6679cd96a9fe71","separatorType":"blank","className":"","height":"10","enableCl":false,"relations":false,"cl_rule":"show","col":6,"type":"separator","gt_translate_keys":[],"price_dependency":false,"cl_dependency":false,"value":""}],[{"contentType":"rich","active":true,"label":"","elementId":"content_7679cd96a9fe7d","value":"<p>\ud83c\udf9f\ufe0f <strong>Reservation<\/strong>: Pay only a deposit now to reserve; the rest is due on the day of the activity upon arrival.<\/p>","inline":true,"name":"content_7679cd96a9fe7d","enablePrice":false,"className":"","subtype":"div","enableCl":false,"relations":false,"price":"","cl_rule":"show","col":6,"type":"content","error":false,"pricingType":"custom","isTemplate":false,"is_show_price":true,"show_in_checkout":true,"gt_translate_keys":["label","value"],"price_dependency":false,"cl_dependency":false}],[{"active":true,"col":6,"relations":false,"cl_rule":"show","enableCl":false,"price":"","enablePrice":true,"className":"","label_position":"default","desc_position":"default","type":"select","required":false,"elementId":"select_10679cd96a9fe87","label":"\u231b\ufe0f Charter Duration (From 440\u20ac)","name":"select_10679cd96a9fe87","values":[{"label":"4 Hours (440\u20ac)","value":"1","selected":false,"tempId":"aco_3241","price":"440","gt_translate_keys":["label"]},{"label":"6 Hours (660\u20ac)","value":"2","selected":false,"tempId":"aco_3650","price":"660","gt_translate_keys":["label"]},{"label":"8 Hours (800\u20ac)","value":"3","selected":false,"tempId":"aco_242","price":"800","gt_translate_keys":["label"]}],"dropdown_type":"basic","error":false,"placeholder":"Select Duration Time","priceOptions":"different_for_all","pricingType":"fixed","is_show_price":true,"gt_translate_keys":["label","placeholder"],"price_dependency":["content_2679cd96a9fe9b","content_2679cd96a9fea4"],"cl_dependency":false,"value":""}],[{"elementId":"separator_0679cd96a9fe91","separatorType":"fill","separatorColor":"#66a6b6","className":"","height":"6","enableCl":false,"relations":false,"cl_rule":"show","col":6,"type":"separator","error":false,"gt_translate_keys":[],"price_dependency":false,"cl_dependency":false,"value":""}],[{"contentType":"plain","active":true,"label":"Deposit Now","elementId":"content_2679cd96a9fe9b","value":"","inline":true,"show_in_checkout":true,"name":"content_2679cd96a9fe9b","enablePrice":true,"className":"","fee_label":"","subtype":"div","enableCl":false,"relations":false,"scrollBar":false,"enableDesign":true,"LabelColor":"","LabelSize":"14px","pricingType":"custom","isTemplate":true,"price":"{field.select_10679cd96a9fe87.price}","use_as_fee":false,"is_show_price":false,"cl_rule":"show","col":6,"type":"content","error":false,"formulaId":"fmla_1738332716177274093","gt_translate_keys":["label","value"],"price_dependency":["content_0679cd96a9feae"],"cl_dependency":false}],[{"contentType":"plain","active":true,"label":"Payment at Arrival","elementId":"content_2679cd96a9fea4","value":"","inline":true,"show_in_checkout":true,"name":"content_2679cd96a9fea4","enablePrice":true,"className":"","fee_label":"","subtype":"div","enableCl":false,"relations":[{"operator":false,"rules":[{"operator":"AND","rules":{"cl_field":"content_2679cd96a9fe37","cl_relation":"is_not_empty","cl_val":""}}]}],"scrollBar":false,"enableDesign":true,"LabelColor":"","LabelSize":"14px","pricingType":"custom","isTemplate":true,"price":"{field.select_10679cd96a9fe87.value}*90","use_as_fee":false,"is_show_price":true,"cl_rule":"disable","col":6,"type":"content","error":false,"formulaId":"fmla_1708360988969136756","gt_translate_keys":["label","value"],"price_dependency":["content_0679cd96a9feae"],"cl_dependency":false}],[{"contentType":"plain","active":true,"label":"Total Amount","elementId":"content_0679cd96a9feae","value":"","inline":true,"show_in_checkout":true,"name":"content_0679cd96a9feae","enablePrice":true,"className":"","fee_label":"","subtype":"div","enableCl":false,"relations":[{"operator":false,"rules":[{"operator":"AND","rules":{"cl_field":"content_2679cd96a9fe37","cl_relation":"is_not_empty","cl_val":""}}]}],"scrollBar":false,"enableDesign":true,"LabelColor":"","LabelSize":"14px","pricingType":"custom","isTemplate":false,"price":"({field.content_2679cd96a9fe9b.price})+({field.content_2679cd96a9fea4.price})","use_as_fee":false,"is_show_price":true,"cl_rule":"disable","col":6,"type":"content","error":false,"gt_translate_keys":["label","value"],"price_dependency":false,"cl_dependency":false}]]}},"config":{"price_override":"always","enable_recaptcha":false,"bind_quantity":false,"quantity_bind_formula":false,"disp_summ_show_option_price":true,"disp_summ_show_product_price":false,"disp_summ_show_total_price":false,"disp_summ_show_fee":true,"disp_summ_show_discount":true,"summary_title":"","options_total_label":"Options Price","total_label":"Deposit Amount","options_product_label":"Product Price","fee_label":"Fee","discount_label":"Discount","has_price":true,"has_quantity_formula":false},"mc_unit":1,"tax_rate":1,"tax_rate_real":1,"discount":{"percentage":0,"fixed":0},"design":{"conf":{"LabelPosition":"above","DescPosition":"above","UploadField":"custom_1","QuantityFieldStyle":"custom_1"},"css":{"LeftLabelWidth":"120px"}},"formulas":{"fmla_1708360988969136756":"(({field.select_10679cd96a9fe87.value}>=3)?(730):(({field.select_10679cd96a9fe87.value}>=2)?(550):(({field.select_10679cd96a9fe87.value}>=1)?(370):(0))))","fmla_1738332716177274093":"(({field.select_10679cd96a9fe87.value}>=3)?(70):(({field.select_10679cd96a9fe87.value}>=2)?(110):(({field.select_10679cd96a9fe87.value}>=1)?(70):(0))))"},"lookuptables":[],"clones":false,"cartKey":false}},"_links":{"self":[{"href":"https:\/\/canaryvip.com\/sk\/wp-json\/wp\/v2\/product\/13644","targetHints":{"allow":["GET"]}}],"collection":[{"href":"https:\/\/canaryvip.com\/sk\/wp-json\/wp\/v2\/product"}],"about":[{"href":"https:\/\/canaryvip.com\/sk\/wp-json\/wp\/v2\/types\/product"}],"replies":[{"embeddable":true,"href":"https:\/\/canaryvip.com\/sk\/wp-json\/wp\/v2\/comments?post=13644"}],"wp:featuredmedia":[{"embeddable":true,"href":"https:\/\/canaryvip.com\/sk\/wp-json\/wp\/v2\/media\/13645"}],"wp:attachment":[{"href":"https:\/\/canaryvip.com\/sk\/wp-json\/wp\/v2\/media?parent=13644"}],"wp:term":[{"taxonomy":"product_brand","embeddable":true,"href":"https:\/\/canaryvip.com\/sk\/wp-json\/wp\/v2\/product_brand?post=13644"},{"taxonomy":"product_cat","embeddable":true,"href":"https:\/\/canaryvip.com\/sk\/wp-json\/wp\/v2\/product_cat?post=13644"},{"taxonomy":"product_tag","embeddable":true,"href":"https:\/\/canaryvip.com\/sk\/wp-json\/wp\/v2\/product_tag?post=13644"}],"curies":[{"name":"wp","href":"https:\/\/api.w.org\/{rel}","templated":true}]}}