{"id":12949,"date":"2024-08-19T12:56:56","date_gmt":"2024-08-19T11:56:56","guid":{"rendered":"https:\/\/canaryvip.com\/?post_type=product&#038;p=12949"},"modified":"2025-08-09T13:58:46","modified_gmt":"2025-08-09T12:58:46","slug":"sunkiss-boat-charter-gran-canaria","status":"publish","type":"product","link":"https:\/\/canaryvip.com\/sk\/shop\/sunkiss-boat-charter-gran-canaria\/","title":{"rendered":"Charta lode Sunkiss<br\/>Gran Canaria"},"content":{"rendered":"<h2>\ud83d\udee5\ufe0f Sunkiss Charter lod\u00ed Gran Canaria<\/h2>\n<p>Spoznajte kr\u00e1sy ostrova Gran Canaria z pohodlia <strong>Charta lode Sunkiss<\/strong>, s\u00fakromn\u00fd a luxusn\u00fd sp\u00f4sob, ako presk\u00fama\u0165 n\u00e1dhern\u00e9 ju\u017en\u00e9 pobre\u017eie ostrova. T\u00e1to exkluz\u00edvna lo\u010f s miestom a\u017e pre 8 cestuj\u00facich <strong>pren\u00e1jom lod\u00ed na Gran Canarii<\/strong> je ide\u00e1lny pre p\u00e1ry, rodiny alebo mal\u00e9 skupiny, ktor\u00e9 h\u013eadaj\u00fa jedine\u010dn\u00e9 a relaxa\u010dn\u00e9 dobrodru\u017estvo.<\/p>\n<p>V spolo\u010dnosti CanaryVIP v\u00e1m umo\u017en\u00edme rezervova\u0165 si <a href=\"https:\/\/canaryvip.com\/sk\/gran-canaria\/\"><strong>pren\u00e1jom lod\u00ed Puerto Mog\u00e1n<\/strong><\/a> z\u00e1\u017eitok jednoduch\u00fd a pr\u00edjemn\u00fd, pri\u010dom sa postar\u00e1me o ka\u017ed\u00fd detail pre v\u00e1\u0161 dokonal\u00fd de\u0148 na vode.<\/p>\n<h3>\u2b50\ufe0f Pre\u010do si vybra\u0165 Sunkiss Boat Charter na Gran Canarii<\/h3>\n<p>Tu je d\u00f4vod, pre\u010do <strong>Charta lode Sunkiss<\/strong> je jednou z najlep\u0161\u00edch mo\u017enost\u00ed pre s\u00fakromn\u00fd a nezabudnute\u013en\u00fd de\u0148 na mori:<\/p>\n<h4><strong>S\u00fakromn\u00fd a int\u00edmny z\u00e1\u017eitok<\/strong><\/h4>\n<p>U\u017eite si exkluz\u00edvnu cestu len so svojou skupinou. T\u00e1to s\u00fakromn\u00e1 jachta s maxim\u00e1lnou kapacitou 8 os\u00f4b pon\u00faka osobn\u00e9 a pokojn\u00e9 prostredie, ide\u00e1lne pre \u0161peci\u00e1lne pr\u00edle\u017eitosti alebo relaxa\u010dn\u00fd pobyt.<\/p>\n<h4><strong>Elegantn\u00fd komfort<\/strong><\/h4>\n<p>Plav\u00edte sa na palube kr\u00e1sne udr\u017eiavanej 12-metrovej jachty s pohodln\u00fdm seden\u00edm, tienist\u00fdmi plochami a priestrannou palubou na opa\u013eovanie. Vychutnajte si n\u00e1dhern\u00fd panoramatick\u00fd v\u00fdh\u013ead na pobre\u017eie ostrova Gran Canaria a relaxujte vo ve\u013ekom \u0161t\u00fdle.<\/p>\n<h4><strong>\u0160norchlovacie dobrodru\u017estvo<\/strong><\/h4>\n<p>Zakotvite v od\u013eahlej z\u00e1toke, aby ste sa mohli k\u00fapa\u0165 v kri\u0161t\u00e1\u013eovo \u010dist\u00fdch vod\u00e1ch a \u0161norchlova\u0165 s poskytnut\u00fdm v\u00fdstrojom. Objavte pulzuj\u00faci morsk\u00fd \u017eivot ostrova Gran Canaria alebo jednoducho relaxujte na palube a vychutn\u00e1vajte si pokojn\u00fa atmosf\u00e9ru.<\/p>\n<h3>\ud83d\udea4 Mo\u017enosti v\u00fdletu lo\u010fou Sunkiss<\/h3>\n<p>Vyberte si trvanie cesty, ktor\u00e9 vyhovuje v\u00e1\u0161mu rozvrhu a \u017eelaniam:<\/p>\n<ul>\n<li><strong>3-hodinov\u00fd s\u00fakromn\u00fd charter:<\/strong> Ide\u00e1lny kr\u00e1tky \u00fanik na objavovanie pobre\u017eia ostrova Gran Canaria a osvie\u017euj\u00face pl\u00e1vanie alebo \u0161norchlovanie.<\/li>\n<li><strong>S\u00fakromn\u00e1 6hodinov\u00e1 charterov\u00e1 letenka:<\/strong> Ponorte sa hlb\u0161ie do pr\u00edrodn\u00fdch kr\u00e1s ostrova a doprajte si viac \u010dasu na oddych a objavovanie skryt\u00fdch miest.<\/li>\n<li><strong>8-hodinov\u00e1 s\u00fakromn\u00e1 letenka:<\/strong> Celodenn\u00e9 dobrodru\u017estvo, ktor\u00e9 v\u00e1m umo\u017en\u00ed za\u017ei\u0165 dokonal\u00fd relax a objavovanie, s extra \u010dasom na n\u00e1v\u0161tevu viacer\u00fdch z\u00e1tok a vychutnanie si toho najlep\u0161ieho z Gran Canarie.<\/li>\n<\/ul>\n<h3>\ud83e\udd42 \u010co je zahrnut\u00e9 vo va\u0161ej karte Sunkiss<\/h3>\n<p>Va\u0161a str\u00e1nka <strong>pren\u00e1jom lod\u00ed na Gran Canarii<\/strong> zah\u0155\u0148a:<\/p>\n<ul>\n<li>ob\u010derstvenie vr\u00e1tane \u010dipsov a orechov.<\/li>\n<li>N\u00e1poje ako pivo, nealkoholick\u00e9 n\u00e1poje a voda.<\/li>\n<li>\u0160norchlovac\u00ed v\u00fdstroj (masky a plutvy) na objavovanie podmorsk\u00e9ho sveta.<\/li>\n<li>Poistenie pre bezstarostn\u00fd z\u00e1\u017eitok.<\/li>\n<li>Volite\u013en\u00e1 doprava do a z hotelov na juhu ostrova Gran Canaria.<\/li>\n<li>Volite\u013en\u00fd obed (10 \u20ac na osobu, vy\u017eiadajte si po\u010das rezerv\u00e1cie).<\/li>\n<\/ul>\n<h3>\ud83d\udccd Podrobnosti o odchode<\/h3>\n<ul>\n<li><strong>Umiestnenie:<\/strong> <a href=\"https:\/\/maps.app.goo.gl\/Xhe545W98um3rx6W8\" target=\"_new\" rel=\"noopener\"><span>Puerto<\/span><span> Mog\u00e1n<\/span><span>, Gran<\/span><span> Canaria<\/span><\/a>.<\/li>\n<li><strong>\u010cas odchodu:<\/strong> 09:00, 12:00 a 15:00.<\/li>\n<li><strong>Doprava:<\/strong> Pre v\u00e4\u010d\u0161ie pohodlie je k dispoz\u00edcii slu\u017eba vyzdvihnutia.<\/li>\n<\/ul>\n<p>Odpor\u00fa\u010dame pr\u00eds\u0165 aspo\u0148 15 min\u00fat pred odchodom, aby ste si zabezpe\u010dili hladk\u00fd za\u010diatok dobrodru\u017estva.<\/p>\n<h3>\u2705 Transparentn\u00e9 storno podmienky<\/h3>\n<p>Uprednost\u0148ujeme v\u00e1\u0161 pokoj s jasn\u00fdmi a flexibiln\u00fdmi mo\u017enos\u0165ami zru\u0161enia:<\/p>\n<ul>\n<li><strong>Z\u00e1ruka po\u010dasia:<\/strong> V pr\u00edpade nebezpe\u010dn\u00fdch poveternostn\u00fdch podmienok m\u00f4\u017eete presun\u00fa\u0165 term\u00edn alebo z\u00edska\u0165 pln\u00fa n\u00e1hradu.<\/li>\n<li><strong>Flexibiln\u00e9 zru\u0161enie:<\/strong> Bezplatne zru\u0161te alebo presu\u0148te term\u00edn do 8 dn\u00ed pred cestou. Pri zru\u0161en\u00ed do 8 dn\u00ed pred pl\u00e1novan\u00fdm odchodom sa z\u00e1lohy nevracaj\u00fa.<\/li>\n<\/ul>\n<h3>\ud83d\udc68\u200d\u2708\ufe0f Tipy pre va\u0161e dobrodru\u017estvo na lodi Sunkiss<\/h3>\n<p>Vyu\u017eite svoj de\u0148 naplno v\u010faka t\u00fdmto jednoduch\u00fdm tipom:<\/p>\n<ul>\n<li>Vezmite si plavky, opa\u013eovac\u00ed kr\u00e9m a uter\u00e1k.<\/li>\n<li>Oble\u010dte si pohodln\u00e9 oble\u010denie vhodn\u00e9 pre dan\u00e9 po\u010dasie.<\/li>\n<li>Pripravte si l\u00edstok CanaryVIP, ktor\u00fd si m\u00f4\u017eete vytla\u010di\u0165 alebo ulo\u017ei\u0165 do telef\u00f3nu.<\/li>\n<li>Aby ste sa vyhli morskej chorobe, zjedzte predt\u00fdm \u013eahk\u00e9 jedlo.<\/li>\n<\/ul>\n<h3>\ud83c\udf1f Pre\u010do si objedna\u0165 CanaryVIP<\/h3>\n<p>V spolo\u010dnosti CanaryVIP sa \u0161pecializujeme na ponuku najlep\u0161\u00edch <strong>pren\u00e1jom lod\u00ed Puerto Mog\u00e1n<\/strong> a <strong>pren\u00e1jom luxusn\u00fdch j\u00e1cht na Gran Canarii<\/strong>. Od s\u00fakromn\u00fdch plavieb, ako je Sunkiss, a\u017e po z\u00e1\u017eitky na mieru, zabezpe\u010dujeme, aby bol ka\u017ed\u00fd okamih na vode nezabudnute\u013en\u00fd.<\/p>\n<p>Rezervujte si <strong>Charta lode Sunkiss<\/strong> a vychutnajte si cestu pln\u00fa oddychu, dobrodru\u017estva a \u00fachvatn\u00fdch v\u00fdh\u013eadov na Gran Canariu.<\/p>\n<p>\ud83d\udc49 <a href=\"https:\/\/canaryvip.com\/sk\/\" target=\"_new\" rel=\"noopener\"><span>Rezerva<\/span><span> Teraz<\/span><\/a> a vytvorte si spomienky, ktor\u00e9 v\u00e1m zostan\u00fa na cel\u00fd \u017eivot!<\/p>","protected":false},"excerpt":{"rendered":"<p><strong>\ud83d\udd0d Magic Island Gran Canaria:<\/strong><br \/>\n\u2705 Bezpe\u010dn\u00e1 platba.<br \/>\n\ud83d\udd10 S\u00fakromn\u00e9 prehliadky.<br \/>\n\ud83d\udee5\ufe0f 12m Yacht Comfort.<br \/>\n\u23f3 Denn\u00e9 prehliadky 3H, 6H a 8H.<br \/>\n\ud83d\udd59 R\u00f4zne \u010dasy odchodu.<br \/>\n\ud83d\udc65 Maxim\u00e1lne 8 host\u00ed.<br \/>\n\ud83e\udd3f Vybavenie na \u0161norchlovanie je k dispoz\u00edcii.<br \/>\n\ud83d\ude8c Vyzdvihnutie a odovzdanie.<br \/>\n\ud83e\udd11 Garancia najlep\u0161ej ceny.<br \/>\n\ud83d\udc6a Z\u013eavy aktivovan\u00e9.<br \/>\n\ud83d\udd01 Storno do 8 dn\u00ed.<br \/>\n\ud83c\udf0d Viacjazy\u010dn\u00e1 pos\u00e1dka.<br \/>\n\ud83c\udf1f Rezervujte si v\u010das a u\u0161etrite!<br \/>\n\ud83d\udccd Odchod z <a href=\"https:\/\/maps.app.goo.gl\/4TJkgAg6UBpnsyhm9\">Puerto de Mog\u00e1n<\/a>.<\/p>","protected":false},"featured_media":12950,"comment_status":"open","ping_status":"closed","template":"","meta":{"_acf_changed":false},"product_brand":[],"product_cat":[132],"product_tag":[],"class_list":{"0":"post-12949","1":"product","2":"type-product","3":"status-publish","4":"has-post-thumbnail","6":"product_cat-boat-hire-gran-canaria","7":"wcpa_has_options","9":"first","10":"instock","11":"virtual","12":"purchasable","13":"product-type-simple"},"acf":[],"wcpa_form_fields":{"wcpaData":{"product":{"product_price":399,"price_html":"From&nbsp;<span class=\"woocommerce-Price-amount amount\"><bdi>399,00&nbsp;<span class=\"woocommerce-Price-currencySymbol\">&euro;<\/span><\/bdi><\/span>","original_product_price":399,"price_including_tax":399,"price_excluding_tax":399,"product_id":{"parent":12949,"variation":false},"is_variable":false,"stock_status":"instock","stock_quantity":null,"parent_sku":"CV12949","product_attributes":[],"custom_fields":[],"is_taxable":false,"product_name":"Sunkiss Boat Charter<br\/>Gran Canaria","hasImage":false},"fields":{"sec_667811df8760f9":{"extra":{"key":"sec_667811df8760f9","section_id":"sec_667811df8760f9","name":"Default","status":1,"cl_rule":"show","enableCl":false,"relations":[],"toggle":true,"title_tag":"h3","show_title":false,"showPrice":"default","form_id":13536,"form_rules":{"exclude_from_discount":true,"fee_label":"Fee","disp_hide_options_price":true,"disp_show_section_price":false,"disp_show_field_price":true,"layout_option":"standard","pric_use_as_fee":false,"process_fee_as":"woo_fee"},"layout_option":"standard"},"fields":[[{"label":"\ud83d\udcc5 Date","active":true,"required":true,"elementId":"date_567811df876119","picker_type":"custom","picker_mode":"single","placeholder":"","description":"","tooltip":"","name":"date_567811df876119","label_position":"default","desc_position":"default","enablePrice":false,"className":"","enableCl":false,"relations":[{"operator":"and","rules":[{"operator":"AND","rules":{"cl_field":"radio-group_565c78ffa81208","cl_relation":"is","cl_val":"3 Hour Trip"}}]}],"date_pic_inline":true,"date_pic_inline_hide":true,"min_date":{"type":"days","val":"2"},"max_date":{"type":"days","val":"365"},"date_pic_conf":{"disabledWeeks":[]},"price":"","cl_rule":"show","col":6,"type":"date","error":false,"enableDesign":false,"LabelColor":"","gt_translate_keys":["label","placeholder","description","tooltip"],"price_dependency":false,"cl_dependency":false,"value":""}],[{"elementId":"separator_267811df876128","separatorType":"blank","className":"","height":"3","enableCl":false,"relations":false,"cl_rule":"show","col":6,"type":"separator","error":false,"gt_translate_keys":[],"price_dependency":false,"cl_dependency":false,"value":""}],[{"active":true,"col":6,"relations":false,"cl_rule":"show","enableCl":false,"price":"","enablePrice":true,"className":"","label_position":"default","desc_position":"default","type":"select","required":true,"elementId":"select_267811df876133","label":"\u23f3 Trip Duration","name":"select_267811df876133","values":[{"label":"3 Hours (399\u20ac)","value":"3","selected":false,"tempId":"aco_556","price":"399","gt_translate_keys":["label"]},{"label":"6 Hours (700\u20ac)","value":"6","selected":false,"tempId":"aco_122","price":"700","gt_translate_keys":["label"]},{"label":"8 Hours (900\u20ac)","value":"8","selected":false,"tempId":"aco_41","price":"900","gt_translate_keys":["label"]}],"dropdown_type":"basic","error":false,"placeholder":"Select Trip Duration","priceOptions":"different_for_all","pricingType":"fixed","is_show_price":false,"gt_translate_keys":["label","placeholder"],"price_dependency":false,"cl_dependency":false,"value":""}],[{"label":"\u2705 Number of People","active":true,"required":true,"elementId":"select_667811df87613d","dropdown_type":"basic","placeholder":"Select Number of People","name":"select_667811df87613d","label_position":"default","desc_position":"default","enablePrice":false,"className":"","enableCl":false,"relations":[{"operator":false,"rules":[{"operator":"AND","rules":{"cl_field":"radio-group_565c78ffa81208","cl_relation":"is","cl_val":"3 Hour Trip"}}]}],"values":[{"label":"1 person","value":"1","selected":false,"tempId":"aco_1471","price":"0","gt_translate_keys":["label"]},{"label":"2 people","value":"2","selected":false,"tempId":"aco_1472","price":"0","gt_translate_keys":["label"]},{"label":"3 people","value":"3","selected":false,"tempId":"aco_1500","price":"0","gt_translate_keys":["label"]},{"label":"4 people","value":"4","selected":false,"tempId":"aco_1510","price":"0","gt_translate_keys":["label"]},{"label":"5 people","value":"5","selected":false,"tempId":"aco_1520","price":"0","gt_translate_keys":["label"]},{"label":"6 people","value":"6","selected":false,"tempId":"aco_1728","price":"0","gt_translate_keys":["label"]},{"label":"7 people","value":"7","selected":false,"tempId":"aco_1738","price":"0","gt_translate_keys":["label"]},{"label":"8 people","value":"8","selected":false,"tempId":"aco_1748","price":"0","gt_translate_keys":["label"]}],"price":"","cl_rule":"show","col":6,"type":"select","error":false,"priceOptions":"different_for_all","pricingType":"fixed","is_show_price":false,"gt_translate_keys":["label","placeholder"],"price_dependency":["select_067811df876146"],"cl_dependency":false,"value":""}],[{"active":true,"col":6,"relations":false,"cl_rule":"show","enableCl":false,"price":"","enablePrice":true,"className":"","label_position":"default","desc_position":"default","type":"select","required":false,"elementId":"select_067811df876146","label":"\ud83c\udf57 Meal (+10\u20ac\/person)","name":"select_067811df876146","values":[{"label":"No","value":"No","selected":false,"tempId":"aco_2562","price":"","gt_translate_keys":["label"]},{"label":"Yes (+10\u20ac\/person)","value":"Yes","selected":false,"tempId":"aco_2563","price":"{field.select_667811df87613d.value}*10","gt_translate_keys":["label"]}],"dropdown_type":"basic","error":false,"description":"Snacks and drinks are included. If you want an extra meal, please select this option. The meal is marinated chicken with mojo potatoes and coleslaw. Payment due at arrival the day of the tour.","priceOptions":"different_for_all","pricingType":"custom","isTemplate":false,"is_show_price":true,"gt_translate_keys":["label","description"],"price_dependency":false,"cl_dependency":false,"value":""}]]},"sec_167811df876147":{"extra":{"key":"sec_167811df876147","section_id":"sec_167811df876147","name":"Pickup Location","status":1,"cl_rule":"show","enableCl":false,"relations":[],"toggle":true,"title_tag":"h4","show_title":false,"showPrice":"default","form_id":13536,"form_rules":{"exclude_from_discount":true,"fee_label":"Fee","disp_hide_options_price":true,"disp_show_section_price":false,"disp_show_field_price":true,"layout_option":"standard","pric_use_as_fee":false,"process_fee_as":"woo_fee"},"layout_option":"standard"},"fields":[[{"elementId":"separator_1067811df876152","separatorType":"blank","className":"","height":"3","enableCl":false,"relations":false,"cl_rule":"show","col":6,"type":"separator","error":false,"gt_translate_keys":[],"price_dependency":false,"cl_dependency":false,"value":""}],[{"active":true,"col":6,"relations":[{"operator":false,"rules":[{"operator":"AND","rules":{"cl_field":"radio-group_565c78ffa81208","cl_relation":"is","cl_val":"3 Hour Trip"}}]}],"cl_rule":"show","enableCl":false,"price":"","enablePrice":false,"className":"","label_position":"default","desc_position":"default","type":"select","required":false,"elementId":"select_667811df87615b","label":"\u23f0 Departure","name":"select_667811df87615b","values":[{"label":"09:00","value":"09:00","selected":false,"tempId":"aco_1471","gt_translate_keys":["label"]},{"label":"12:00","value":"12:00","selected":false,"tempId":"aco_1510","gt_translate_keys":["label"]},{"label":"15:00","value":"15:00","selected":false,"tempId":"aco_1738","gt_translate_keys":["label"]}],"dropdown_type":"basic","error":false,"placeholder":"Whichever Time is Best","gt_translate_keys":["label","placeholder"],"price_dependency":false,"cl_dependency":false,"value":""}],[{"elementId":"separator_767811df876165","separatorType":"blank","className":"","height":"1","enableCl":false,"relations":false,"cl_rule":"show","col":6,"type":"separator","gt_translate_keys":[],"price_dependency":false,"cl_dependency":false,"value":""}],[{"elementId":"separator_967811df876170","separatorType":"blank","className":"","height":"1","enableCl":false,"relations":false,"cl_rule":"show","col":6,"type":"separator","error":false,"gt_translate_keys":[],"price_dependency":false,"cl_dependency":false,"value":""}],[{"active":true,"col":6,"relations":false,"cl_rule":"show","enableCl":false,"price":"","enablePrice":false,"className":"","label_position":"default","desc_position":"default","type":"text","subtype":"text","required":false,"elementId":"text_967811df876178","label":"\ud83d\ude8c Pickup Location","name":"text_967811df876178","value":"","error":false,"description":"Pick-up service in some locations. Simply provide your address or hotel name. (+2\u20ac\/person paid at pickup to the driver)","gt_translate_keys":["label","description","value"],"price_dependency":false,"cl_dependency":false}]]}},"config":{"price_override":"always","enable_recaptcha":false,"bind_quantity":false,"quantity_bind_formula":false,"disp_summ_show_option_price":true,"disp_summ_show_product_price":false,"disp_summ_show_total_price":true,"disp_summ_show_fee":true,"disp_summ_show_discount":true,"summary_title":"","options_total_label":"Options Price","total_label":"Total Amount","options_product_label":"Product Price","fee_label":"Fee","discount_label":"Discount","has_price":true,"has_quantity_formula":false},"mc_unit":1,"tax_rate":1,"tax_rate_real":1,"discount":{"percentage":0,"fixed":0},"design":{"conf":{"LabelPosition":"above","DescPosition":"above","UploadField":"custom_1","QuantityFieldStyle":"custom_1"},"css":{"LeftLabelWidth":"120px"}},"formulas":{"fmla_1708364241278155361":"(({field.select_3666b1eb2b11fe.value}>=8)?(1400):(({field.select_3666b1eb2b11fe.value}>=7)?(1225):(({field.select_3666b1eb2b11fe.value}>=6)?(1050):(({field.select_3666b1eb2b11fe.value}>=5)?(875):(({field.select_3666b1eb2b11fe.value}>=4)?(700):(({field.select_3666b1eb2b11fe.value}>=3)?(500):(0)))))))","fmla_1718295979528641619":"(({field.select_3666b1eb2b11fe.value}>=8)?(280):(({field.select_3666b1eb2b11fe.value}>=7)?(205):(({field.select_3666b1eb2b11fe.value}>=6)?(150):(({field.select_3666b1eb2b11fe.value}>=5)?(175):(({field.select_3666b1eb2b11fe.value}>=4)?(200):(({field.select_3666b1eb2b11fe.value}>=3)?(150):(0)))))))"},"lookuptables":[],"clones":false,"cartKey":false}},"_links":{"self":[{"href":"https:\/\/canaryvip.com\/sk\/wp-json\/wp\/v2\/product\/12949","targetHints":{"allow":["GET"]}}],"collection":[{"href":"https:\/\/canaryvip.com\/sk\/wp-json\/wp\/v2\/product"}],"about":[{"href":"https:\/\/canaryvip.com\/sk\/wp-json\/wp\/v2\/types\/product"}],"replies":[{"embeddable":true,"href":"https:\/\/canaryvip.com\/sk\/wp-json\/wp\/v2\/comments?post=12949"}],"wp:featuredmedia":[{"embeddable":true,"href":"https:\/\/canaryvip.com\/sk\/wp-json\/wp\/v2\/media\/12950"}],"wp:attachment":[{"href":"https:\/\/canaryvip.com\/sk\/wp-json\/wp\/v2\/media?parent=12949"}],"wp:term":[{"taxonomy":"product_brand","embeddable":true,"href":"https:\/\/canaryvip.com\/sk\/wp-json\/wp\/v2\/product_brand?post=12949"},{"taxonomy":"product_cat","embeddable":true,"href":"https:\/\/canaryvip.com\/sk\/wp-json\/wp\/v2\/product_cat?post=12949"},{"taxonomy":"product_tag","embeddable":true,"href":"https:\/\/canaryvip.com\/sk\/wp-json\/wp\/v2\/product_tag?post=12949"}],"curies":[{"name":"wp","href":"https:\/\/api.w.org\/{rel}","templated":true}]}}