{"id":12784,"date":"2024-08-05T16:50:08","date_gmt":"2024-08-05T15:50:08","guid":{"rendered":"https:\/\/canaryvip.com\/?post_type=product&#038;p=12784"},"modified":"2025-08-09T14:08:37","modified_gmt":"2025-08-09T13:08:37","slug":"self-drive-boat-hire-tenerife","status":"publish","type":"product","link":"https:\/\/canaryvip.com\/sk\/shop\/self-drive-boat-hire-tenerife\/","title":{"rendered":"Pren\u00e1jom \u010dlnov s vlastn\u00fdm pohonom Tenerife"},"content":{"rendered":"<h2>\ud83d\udea4 Pren\u00e1jom lode s vlastn\u00fdm pohonom bez vodi\u010dsk\u00e9ho preukazu na Tenerife<\/h2>\n<p>Vydajte sa na vodn\u00e9 dobrodru\u017estvo prenajat\u00edm lode s vlastn\u00fdm pohonom v <a href=\"https:\/\/canaryvip.com\/sk\/tenerife\/\">Tenerife<\/a>, ide\u00e1lne pre t\u00fdch, ktor\u00ed t\u00fa\u017eia po slobode samostatnej navig\u00e1cie.<\/p>\n<p>Vyrazte z malebn\u00e9ho <a href=\"https:\/\/www.google.com\/maps\/place\/Puerto+Col%C3%B3n\/@28.078002,-16.7394902,1078m\/data=!3m2!1e3!4b1!4m6!3m5!1s0xc6a9743509c9ebf:0xd62345524f768247!8m2!3d28.078002!4d-16.7369153!16s%2Fg%2F11c6cqryw_?authuser=0&amp;entry=tts&amp;g_ep=EgoyMDI0MDgwNC4wKgBIAVAD\" target=\"_blank\" rel=\"noopener\">Puerto Col\u00f3n<\/a>, kde budete ma\u0165 mo\u017enos\u0165 objavova\u0165 od\u013eahl\u00e9 miesta, opa\u013eova\u0165 sa alebo si vychutna\u0165 piknik na vode obklopen\u00ed kri\u0161t\u00e1\u013eovo \u010dist\u00fdmi vlnami Atlantiku.<\/p>\n<p>Predstavte si to vzru\u0161enie, ke\u010f sa sami chop\u00edte kormidla a budete sa plavi\u0165 po n\u00e1dhern\u00fdch vod\u00e1ch Tenerife. C\u00ed\u0165te vietor vo vlasoch a slnko na tv\u00e1ri, ke\u010f si sami ur\u010dujete kurz. Na\u0161e lode m\u00f4\u017eu po\u0148a\u0165 a\u017e 5 cestuj\u00facich, tak\u017ee s\u00fa ide\u00e1lne na poldenn\u00fd pren\u00e1jom alebo celodenn\u00e9 dobrodru\u017estvo.<\/p>\n<h3>\ud83d\udea4 Va\u0161a cesta, v\u00e1\u0161 pr\u00edkaz<\/h3>\n<ul>\n<li><strong>Kompaktn\u00fd dizajn:<\/strong> Vychutnajte si elegantn\u00fa a pohodln\u00fa plavbu s na\u0161imi dobre udr\u017eiavan\u00fdmi lo\u010fami.<\/li>\n<li><strong>Ohromuj\u00faca scen\u00e9ria:<\/strong> Plavi\u0165 sa m\u00f4\u017eete v bl\u00edzkosti n\u00e1dhernej pl\u00e1\u017ee La Caleta alebo pl\u00e1\u017ee Diego Hernandez na Tenerife a vychutn\u00e1va\u0165 si pulzuj\u00faci morsk\u00fd \u017eivot okolo seba.<\/li>\n<li><strong style=\"letter-spacing: 0em;\">S\u00fakromn\u00e9 ponory:<\/strong><span style=\"letter-spacing: 0em;\"> Zakotvite v skryt\u00fdch z\u00e1tok\u00e1ch, ktor\u00e9 s\u00fa ide\u00e1lne na k\u00fapanie, \u0161norchlovanie alebo opa\u013eovanie.<\/span><\/li>\n<li><strong>Ob\u010derstvenie na mori:<\/strong> Sloboda prinies\u0165 si na palubu vlastn\u00e9 jedlo a vychutna\u0165 si ho umoc\u0148uje tento osobn\u00fd z\u00e1\u017eitok z pren\u00e1jmu lode s vlastn\u00fdm pohonom na Tenerife.<\/li>\n<li><strong>Manipul\u00e1cia bez n\u00e1mahy:<\/strong> V\u010faka u\u017e\u00edvate\u013esky pr\u00edvetiv\u00e9mu dizajnu a stabiln\u00fdm plavebn\u00fdm schopnostiam s\u00fa na\u0161e lode pr\u00edstupn\u00e9 pre ka\u017ed\u00e9ho.<\/li>\n<\/ul>\n<h3>\u2728 K\u013e\u00fa\u010dov\u00e9 inform\u00e1cie o pren\u00e1jme lode s vlastn\u00fdm pohonom<\/h3>\n<p><strong>Prisp\u00f4soben\u00e9 va\u0161im preferenci\u00e1m:<\/strong> Na\u0161e lode, vhodn\u00e9 a\u017e pre 5 os\u00f4b, s\u00fa ide\u00e1lne pre dvojicu alebo skupinov\u00fd v\u00fdlet a s\u00fa pripraven\u00e9 na ak\u00fako\u013evek udalos\u0165. K dispoz\u00edcii s\u00fa komplexn\u00e9 pokyny, ktor\u00e9 zabezpe\u010dia bezpe\u010dn\u00fd a pr\u00edjemn\u00fd z\u00e1\u017eitok na vode.<\/p>\n<p><strong>Univerz\u00e1lna vo\u013eba pre v\u0161etk\u00fdch:<\/strong> Na\u0161e lode s vlastn\u00fdm pohonom bez licencie, ktor\u00e9 s\u00fa ide\u00e1lne pre rodiny, priate\u013eov alebo samostatn\u00fdch objavite\u013eov, v\u00e1m umo\u017enia za\u017ei\u0165 kombin\u00e1ciu auton\u00f3mie a malebn\u00e9ho luxusu na pozad\u00ed pobre\u017eia Tenerife.<\/p>\n<h3>\ud83d\udea4 Pr\u00edprava na v\u00fdlet<\/h3>\n<p>Pripravte sa na nezabudnute\u013en\u00fd de\u0148 na mori s potrebn\u00fdmi vecami, ako s\u00fa plavky a opa\u013eovac\u00ed kr\u00e9m. V\u0161etky potrebn\u00e9 naviga\u010dn\u00e9 n\u00e1stroje v\u00e1m poskytneme my, tak\u017ee sa m\u00f4\u017eete s\u00fastredi\u0165 len na rados\u0165 z objavovania.<\/p>\n<p>Nezabudnite si fotoapar\u00e1t, aby ste si mohli zachyti\u0165 \u00fachvatn\u00e9 v\u00fdh\u013eady na pobre\u017eie Tenerife a vodn\u00fd \u017eivot, ktor\u00fd sa pod n\u00edm rozv\u00edja.<\/p>\n<h3>\ud83d\udcdc Pravidl\u00e1 storna a na palube<\/h3>\n<p><strong>S\u00fakromn\u00e1 pren\u00e1jom lod\u00ed:<\/strong> Bezplatn\u00e9 zru\u0161enie rezerv\u00e1cie do 96 hod\u00edn pred odletom. Ak zru\u0161\u00edte pobyt menej ako 72 hod\u00edn vopred, z\u00e1loha sa v\u00e1m nevracia.<\/p>\n<p><strong>Spolo\u010dn\u00e1 cesta:<\/strong> Bezplatn\u00e9 zru\u0161enie rezerv\u00e1cie do 48 hod\u00edn pred pl\u00e1novan\u00fdm odchodom. Ak zru\u0161\u00edte odchod nesk\u00f4r alebo sa nedostav\u00edte, z\u00e1loha prepadne.<\/p>\n<p><strong>\ud83c\udf26\ufe0f Po\u010dasie a minim\u00e1lny po\u010det \u00fa\u010dastn\u00edkov:<\/strong> V pr\u00edpade nepriazniv\u00e9ho po\u010dasia alebo nedostato\u010dn\u00e9ho po\u010dtu \u00fa\u010dastn\u00edkov si m\u00f4\u017eete vybra\u0165 vr\u00e1tenie pe\u0148az\u00ed v plnej v\u00fd\u0161ke alebo presun\u00fa\u0165 v\u00fdlet na in\u00fd term\u00edn.<\/p>\n<p><strong>\ud83d\udea2 Pravidl\u00e1 na palube:<\/strong> Pros\u00edm, pr\u00ed\u010fte v\u010das! N\u00e1hrady sa neposkytuj\u00fa v pr\u00edpade neskor\u00e9ho pr\u00edchodu alebo zmeny trasy sp\u00f4sobenej morskou chorobou.<\/p>\n<h3>\ud83d\ude99 V\u00fdchodiskov\u00fd bod a parkovisko<\/h3>\n<p><strong>Za\u010dnite na <a href=\"https:\/\/www.google.com\/maps\/place\/Puerto+Col%C3%B3n\/@28.078002,-16.7394902,1078m\/data=!3m2!1e3!4b1!4m6!3m5!1s0xc6a9743509c9ebf:0xd62345524f768247!8m2!3d28.078002!4d-16.7369153!16s%2Fg%2F11c6cqryw_?authuser=0&amp;entry=tts&amp;g_ep=EgoyMDI0MDgwNC4wKgBIAVAD\" target=\"_blank\" rel=\"noopener\">Puerto Col\u00f3n<\/a>:<\/strong> Va\u0161e n\u00e1morn\u00e9 dobrodru\u017estvo sa za\u010d\u00edna na <strong>Puerto Col\u00f3n<\/strong>Dostatok parkovac\u00edch miest v pr\u00edstave v\u00e1m u\u013eah\u010d\u00ed za\u010diatok d\u0148a. Pr\u00ed\u010fte o nie\u010do sk\u00f4r, aby ste mohli za\u010da\u0165 svoju cestu bez n\u00e1hlenia.<\/p>\n<h3>\ud83c\udf1f Pr\u00eds\u013eub CanaryVIP pre v\u00e1s<\/h3>\n<p>V spolo\u010dnosti CanaryVIP uprednost\u0148ujeme va\u0161u spokojnos\u0165 pred v\u0161etk\u00fdm ostatn\u00fdm. Pri rezerv\u00e1cii pren\u00e1jmu lode s vlastn\u00fdm pohonom si m\u00f4\u017eete vychutna\u0165 prisp\u00f4sobite\u013en\u00e9 pravidl\u00e1 zru\u0161enia, ktor\u00e9 pon\u00fakaj\u00fa istotu. Sme odhodlan\u00ed poskytova\u0165 vynikaj\u00face slu\u017eby so zameran\u00edm na bezpe\u010dnos\u0165 a t\u00fa\u017ebou umocni\u0165 v\u00e1\u0161 z\u00e1\u017eitok z majest\u00e1tnych v\u00f4d Tenerife.<\/p>\n<p>Vydajte sa na dobrodru\u017en\u00fa plavbu na lodi s vlastn\u00fdm pohonom bez vodi\u010dsk\u00e9ho preukazu, plavte sa po n\u00e1dhern\u00fdch moriach Tenerife a objavujte skryt\u00e9 klenoty pozd\u013a\u017e pobre\u017eia <strong>Puerto Col\u00f3n.<\/strong><\/p>\n<p>Rezervujte si e\u0161te dnes exkluz\u00edvne n\u00e1morn\u00e9 dobrodru\u017estvo, ktor\u00e9 sp\u00e1ja nez\u00e1vislos\u0165, pohodlie a nedotknut\u00fa kr\u00e1su Kan\u00e1rskych ostrovov. Rezervujte si teraz a vytvorte si nezabudnute\u013en\u00e9 spomienky na mori!<\/p>","protected":false},"excerpt":{"rendered":"<p><strong>\ud83d\udd0d Vlastn\u00fd pohon lode:<\/strong><br \/>\n<span>\u2705 Bezpe\u010dn\u00e1 platba.<\/span><br \/>\n<span>\ud83e\udeaa Bez lodn\u00e9ho preukazu.<\/span><br \/>\n<span>\ud83d\udee5\ufe0f 5 metrov dlh\u00fd.<\/span><br \/>\n<span>\u23f3 Denn\u00fd pren\u00e1jom 2-8 hod\u00edn.<br \/>\n\u26fd Vr\u00e1tane benz\u00ednu<\/span><br \/>\n<span>\ud83d\udd59 Prisp\u00f4sobite\u013en\u00e9 \u010dasy odchodu.<\/span><br \/>\n<span>\ud83d\udc65 Maxim\u00e1lne 5 host\u00ed.<\/span><br \/>\n<span>\ud83e\udd3f Vybavenie na \u0161norchlovanie.<\/span><br \/>\n<span>\ud83e\udd11 Garancia najlep\u0161ej ceny.<\/span><br \/>\n<span>\ud83d\udc6a Z\u013eavy aktivovan\u00e9.<\/span><br \/>\n<span>\ud83d\udd01 Storno do 4 dn\u00ed.<\/span><br \/>\n<span>\ud83c\udf0d Podpora viacer\u00fdch jazykov.<\/span><br \/>\n<span>\ud83c\udf1f Rezervujte si v\u010das a u\u0161etrite!<br \/>\n\ud83d\udccd Odchod z <a href=\"https:\/\/maps.app.goo.gl\/3EAT9KE3yNKvnqsz7\" target=\"_blank\" rel=\"noopener\">Puerto Col\u00f3n<\/a>.<br \/>\n<\/span><\/p>","protected":false},"featured_media":14654,"comment_status":"open","ping_status":"closed","template":"","meta":{"_acf_changed":false},"product_brand":[],"product_cat":[130],"product_tag":[],"class_list":{"0":"post-12784","1":"product","2":"type-product","3":"status-publish","4":"has-post-thumbnail","6":"product_cat-self-drive-boat-hire","7":"wcpa_has_options","9":"first","10":"instock","11":"sale","12":"virtual","13":"purchasable","14":"product-type-simple"},"acf":[],"wcpa_form_fields":{"wcpaData":{"product":{"product_price":180,"price_html":"From&nbsp;<del aria-hidden=\"true\"><span class=\"woocommerce-Price-amount amount\"><bdi>200,00&nbsp;<span class=\"woocommerce-Price-currencySymbol\">&euro;<\/span><\/bdi><\/span><\/del> <span class=\"screen-reader-text\">P\u00f4vodn\u00e1 cena bola: 200,00&nbsp;&euro;.<\/span><ins aria-hidden=\"true\"><span class=\"woocommerce-Price-amount amount\"><bdi>180,00&nbsp;<span class=\"woocommerce-Price-currencySymbol\">&euro;<\/span><\/bdi><\/span><\/ins><span class=\"screen-reader-text\">Aktu\u00e1lna cena je: 180,00&nbsp;&euro;.<\/span>","original_product_price":200,"price_including_tax":180,"price_excluding_tax":180,"product_id":{"parent":12784,"variation":false},"is_variable":false,"stock_status":"instock","stock_quantity":null,"parent_sku":"CV12784","product_attributes":[],"custom_fields":[],"is_taxable":false,"product_name":"Self Drive Boat Hire Tenerife","hasImage":false},"fields":{"sec_666b2beb820739":{"extra":{"key":"sec_666b2beb820739","section_id":"sec_666b2beb820739","name":"Default","status":1,"cl_rule":"show","enableCl":false,"relations":[],"toggle":true,"title_tag":"h3","show_title":false,"showPrice":"default","form_id":12811,"form_rules":{"exclude_from_discount":true,"fee_label":"Fee","disp_hide_options_price":true,"disp_show_section_price":false,"disp_show_field_price":true,"layout_option":"standard","pric_use_as_fee":false,"process_fee_as":"woo_fee"},"layout_option":"standard"},"fields":[[{"label":"\ud83d\udcc5 Date","active":true,"required":true,"elementId":"date_466b2beb820758","picker_type":"custom","picker_mode":"single","placeholder":"","description":"","tooltip":"","name":"date_466b2beb820758","label_position":"default","desc_position":"default","enablePrice":false,"className":"","enableCl":false,"relations":[{"operator":"and","rules":[{"operator":"AND","rules":{"cl_field":"radio-group_565c78ffa81208","cl_relation":"is","cl_val":"3 Hour Trip"}}]}],"date_pic_inline":true,"date_pic_inline_hide":true,"min_date":{"type":"days","val":"0"},"max_date":{"type":"days","val":"365"},"date_pic_conf":{"disabledWeeks":[],"disabledDates":[]},"price":"","cl_rule":"show","col":6,"type":"date","error":false,"enableDesign":false,"LabelColor":"","gt_translate_keys":["label","placeholder","description","tooltip"],"price_dependency":false,"cl_dependency":false,"value":""}],[{"contentType":"rich","active":true,"label":"","elementId":"content_466b2beb820766","value":"<p>\ud83c\udf9f\ufe0f <strong>Reservation<\/strong>: Pay only a deposit now to reserve; the rest is due on the day of the activity upon arrival.<\/p>","inline":false,"name":"content_466b2beb820766","enablePrice":false,"className":"","subtype":"p","enableCl":false,"relations":false,"price":"","cl_rule":"show","col":6,"type":"content","error":false,"pricingType":"custom","isTemplate":false,"is_show_price":true,"show_in_checkout":true,"gt_translate_keys":["label","value"],"price_dependency":false,"cl_dependency":false}],[{"active":true,"col":6,"relations":false,"cl_rule":"show","enableCl":false,"price":"","enablePrice":true,"className":"","label_position":"default","desc_position":"default","type":"select","required":true,"elementId":"select_366b2beb82077c","label":"\u23f3 Trip Duration","name":"select_366b2beb82077c","values":[{"label":"2 Hours (180\u20ac)","value":"2","selected":false,"tempId":"aco_85","price":"180","gt_translate_keys":["label"]},{"label":"3 Hours (250\u20ac)","value":"3","selected":false,"tempId":"aco_556","price":"250","gt_translate_keys":["label"]},{"label":"4 Hours (320\u20ac)","value":"4","selected":false,"tempId":"aco_605","price":"320","gt_translate_keys":["label"]},{"label":"5 Hours (390\u20ac)","value":"5","selected":false,"tempId":"aco_724","price":"390","gt_translate_keys":["label"]},{"label":"6 Hours (460\u20ac)","value":"6","selected":false,"tempId":"aco_401","price":"460","gt_translate_keys":["label"]}],"dropdown_type":"basic","error":false,"placeholder":"Select Trip Duration","priceOptions":"different_for_all","pricingType":"fixed","is_show_price":true,"gt_translate_keys":["label","placeholder"],"price_dependency":["content_266b2beb82078f","content_266b2beb820799"],"cl_dependency":false,"value":""}],[{"active":true,"col":6,"relations":false,"cl_rule":"show","enableCl":false,"price":"","enablePrice":false,"className":"","label_position":"default","desc_position":"default","type":"separator","required":false,"elementId":"separator_8240912106","label":"Separator Field","height":"3","separatorType":"fill","error":false,"separatorColor":"#66a5b6","gt_translate_keys":["label"],"price_dependency":false,"cl_dependency":false,"value":""}],[{"active":true,"col":6,"relations":false,"cl_rule":"show","enableCl":false,"price":"({field.select_366b2beb82077c.price}*0.2)+({field.select_166b2beb820786.price}*0.1)","enablePrice":true,"className":"","label_position":"default","desc_position":"default","type":"content","required":false,"elementId":"content_266b2beb82078f","label":"Deposit Payment","name":"content_266b2beb82078f","contentType":"plain","value":"","error":false,"pricingType":"custom","isTemplate":true,"is_show_price":false,"enableDesign":true,"scrollBar":false,"use_as_fee":false,"fee_label":"Payment Now","inline":true,"show_in_checkout":true,"subtype":"div","formulaId":"fmla_1708364241278155361","LabelSize":"14px","gt_translate_keys":["label","value"],"price_dependency":["content_466b2beb8207a2"],"cl_dependency":false}],[{"contentType":"plain","active":true,"label":"Payment at Arrival","elementId":"content_266b2beb820799","value":"","inline":true,"show_in_checkout":true,"name":"content_266b2beb820799","enablePrice":true,"className":"","fee_label":"Payment at Arrival","subtype":"div","enableCl":false,"relations":false,"scrollBar":false,"enableDesign":true,"pricingType":"custom","isTemplate":true,"price":"({field.select_366b2beb82077c.price}*0.8)+({field.select_166b2beb820786.price}*0.9)","use_as_fee":false,"is_show_price":true,"cl_rule":"show","col":6,"type":"content","error":false,"formulaId":"fmla_172299064258378161","LabelSize":"14px","gt_translate_keys":["label","value"],"price_dependency":["content_466b2beb8207a2"],"cl_dependency":false}],[{"contentType":"plain","active":true,"label":"Total Price","elementId":"content_466b2beb8207a2","value":"","inline":true,"show_in_checkout":true,"name":"content_466b2beb8207a2","enablePrice":true,"className":"","fee_label":"Payment at Arrival","subtype":"div","enableCl":false,"relations":false,"scrollBar":false,"enableDesign":true,"LabelSize":"14px","pricingType":"custom","isTemplate":false,"price":"({field.content_266b2beb82078f.price})+({field.content_266b2beb820799.price})","formulaId":"fmla_1708360988969136756","use_as_fee":false,"is_show_price":true,"cl_rule":"show","col":6,"type":"content","error":false,"gt_translate_keys":["label","value"],"price_dependency":false,"cl_dependency":false}],[{"elementId":"separator-8320172123","separatorType":"fill","separatorColor":"#66a5b6","className":"","height":"3","enableCl":false,"relations":false,"cl_rule":"show","col":6,"type":"separator","gt_translate_keys":[],"price_dependency":false,"cl_dependency":false,"value":""}],[{"active":true,"col":6,"relations":[{"operator":false,"rules":[{"operator":"AND","rules":{"cl_field":"radio-group_565c78ffa81208","cl_relation":"is","cl_val":"3 Hour Trip"}}]}],"cl_rule":"show","enableCl":false,"price":"","enablePrice":false,"className":"","label_position":"default","desc_position":"default","type":"select","required":false,"elementId":"select_866b2beb8207ab","label":"\u23f0 Departure Time","name":"select_866b2beb8207ab","values":[{"label":"9:30","value":"9:30","selected":false,"tempId":"aco_1471","gt_translate_keys":["label"]},{"label":"10:30","value":"10:30","selected":false,"tempId":"aco_1472","gt_translate_keys":["label"]},{"label":"11:30","value":"11:30","selected":false,"tempId":"aco_1500","gt_translate_keys":["label"]},{"label":"12:30","value":"12:30","selected":false,"tempId":"aco_1510","gt_translate_keys":["label"]},{"label":"13:30","value":"13:30","selected":false,"tempId":"aco_1520","gt_translate_keys":["label"]},{"label":"14:30","value":"14:30","selected":false,"tempId":"aco_1728","gt_translate_keys":["label"]},{"label":"15:30","value":"15:30","selected":false,"tempId":"aco_1738","gt_translate_keys":["label"]}],"dropdown_type":"basic","error":false,"placeholder":"Whichever Time is Best","gt_translate_keys":["label","placeholder"],"price_dependency":false,"cl_dependency":false,"value":""}],[{"elementId":"separator_266b2beb8207b5","separatorType":"blank","className":"","height":"1","enableCl":false,"relations":false,"cl_rule":"show","col":6,"type":"separator","gt_translate_keys":[],"price_dependency":false,"cl_dependency":false,"value":""}],[{"label":"\u2705 Number of People","active":true,"required":true,"elementId":"select_466b2beb8207be","dropdown_type":"basic","placeholder":"Select Number of People","name":"select_466b2beb8207be","label_position":"default","desc_position":"default","enablePrice":false,"className":"","enableCl":false,"relations":[{"operator":false,"rules":[{"operator":"AND","rules":{"cl_field":"radio-group_565c78ffa81208","cl_relation":"is","cl_val":"3 Hour Trip"}}]}],"values":[{"label":"1 person","value":"1","selected":false,"tempId":"aco_1471","gt_translate_keys":["label"]},{"label":"2 people","value":"2","selected":false,"tempId":"aco_1472","gt_translate_keys":["label"]},{"label":"3 people","value":"3","selected":false,"tempId":"aco_1500","gt_translate_keys":["label"]},{"label":"4 people","value":"4","selected":false,"tempId":"aco_1510","gt_translate_keys":["label"]},{"label":"5 people","value":"5","selected":false,"tempId":"aco_1520","gt_translate_keys":["label"]},{"label":"6 people","value":"6","selected":false,"tempId":"aco_2006","gt_translate_keys":["label"]}],"price":"","cl_rule":"show","col":6,"type":"select","error":false,"gt_translate_keys":["label","placeholder"],"price_dependency":false,"cl_dependency":false,"value":""}]]}},"config":{"price_override":"always","enable_recaptcha":false,"bind_quantity":false,"quantity_bind_formula":false,"disp_summ_show_option_price":true,"disp_summ_show_product_price":false,"disp_summ_show_total_price":false,"disp_summ_show_fee":true,"disp_summ_show_discount":true,"summary_title":"","options_total_label":"Options Price","total_label":"Total Amount","options_product_label":"Product Price","fee_label":"Fee","discount_label":"Discount","has_price":true,"has_quantity_formula":false},"mc_unit":1,"tax_rate":1,"tax_rate_real":1,"discount":{"percentage":0,"fixed":0},"design":{"conf":{"LabelPosition":"above","DescPosition":"above","UploadField":"custom_1","QuantityFieldStyle":"custom_1"},"css":{"LeftLabelWidth":"120px"}},"formulas":{"fmla_1708364241278155361":"(({field.select_366b2beb82077c.value}>=6)?(130):(({field.select_366b2beb82077c.value}>=5)?(110):(({field.select_366b2beb82077c.value}>=4)?(90):(({field.select_366b2beb82077c.value}>=3)?(70):(({field.select_366b2beb82077c.value}>=2)?(60):(0))))))","fmla_172299064258378161":"(({field.select_366b2beb82077c.value}>=6)?(330):(({field.select_366b2beb82077c.value}>=5)?(280):(({field.select_366b2beb82077c.value}>=4)?(230):(({field.select_366b2beb82077c.value}>=3)?(180):(({field.select_366b2beb82077c.value}>=2)?(120):(0))))))"},"lookuptables":[],"clones":false,"cartKey":false}},"_links":{"self":[{"href":"https:\/\/canaryvip.com\/sk\/wp-json\/wp\/v2\/product\/12784","targetHints":{"allow":["GET"]}}],"collection":[{"href":"https:\/\/canaryvip.com\/sk\/wp-json\/wp\/v2\/product"}],"about":[{"href":"https:\/\/canaryvip.com\/sk\/wp-json\/wp\/v2\/types\/product"}],"replies":[{"embeddable":true,"href":"https:\/\/canaryvip.com\/sk\/wp-json\/wp\/v2\/comments?post=12784"}],"wp:featuredmedia":[{"embeddable":true,"href":"https:\/\/canaryvip.com\/sk\/wp-json\/wp\/v2\/media\/14654"}],"wp:attachment":[{"href":"https:\/\/canaryvip.com\/sk\/wp-json\/wp\/v2\/media?parent=12784"}],"wp:term":[{"taxonomy":"product_brand","embeddable":true,"href":"https:\/\/canaryvip.com\/sk\/wp-json\/wp\/v2\/product_brand?post=12784"},{"taxonomy":"product_cat","embeddable":true,"href":"https:\/\/canaryvip.com\/sk\/wp-json\/wp\/v2\/product_cat?post=12784"},{"taxonomy":"product_tag","embeddable":true,"href":"https:\/\/canaryvip.com\/sk\/wp-json\/wp\/v2\/product_tag?post=12784"}],"curies":[{"name":"wp","href":"https:\/\/api.w.org\/{rel}","templated":true}]}}