{"id":12210,"date":"2024-07-03T15:52:34","date_gmt":"2024-07-03T14:52:34","guid":{"rendered":"https:\/\/canaryvip.com\/?post_type=product&#038;p=12210"},"modified":"2025-08-09T14:02:34","modified_gmt":"2025-08-09T13:02:34","slug":"magic-island-yacht-charter-gran-canaria","status":"publish","type":"product","link":"https:\/\/canaryvip.com\/sk\/shop\/magic-island-yacht-charter-gran-canaria\/","title":{"rendered":"Magic Island: Pren\u00e1jom j\u00e1cht<br\/> Gran Canaria"},"content":{"rendered":"<h2>\ud83d\udee5\ufe0f Magic Island Pren\u00e1jom jachty Gran Canaria s CanaryVIP<\/h2>\n<p>Spoznajte kr\u00e1sy Kan\u00e1rskych ostrovov z pohodlia <strong>luxusn\u00e1 jachta<\/strong> s na\u0161\u00edm pren\u00e1jmom jachty Magic Island na ostrove Gran Canaria. Tento <strong>s\u00fakromn\u00fd v\u00fdlet lo\u010fou<\/strong> pozd\u013a\u017e \u00fachvatn\u00e9ho juhoz\u00e1padn\u00e9ho pobre\u017eia ostrova Gran Canaria je ide\u00e1lny pre rodiny, priate\u013eov alebo v\u0161etk\u00fdch, ktor\u00ed h\u013eadaj\u00fa VIP dobrodru\u017estvo. V spolo\u010dnosti CanaryVIP zabezpe\u010dujeme bezprobl\u00e9mov\u00fa rezerv\u00e1ciu pre v\u00e1\u0161 vysn\u00edvan\u00fd de\u0148 na mori.<\/p>\n<h3>\u2b50\ufe0f Pre\u010do si vybra\u0165 pren\u00e1jom jachty Magic Island na Gran Canarii<\/h3>\n<p>Tu je to, \u010do rob\u00ed jachtu Magic Island v\u00fdnimo\u010dnou vo\u013ebou pre va\u0161u \u010fal\u0161iu <strong>pren\u00e1jom lod\u00ed na ostrove Gran Canaria<\/strong>:<\/p>\n<h4><strong>Exkluz\u00edvny s\u00fakromn\u00fd z\u00e1\u017eitok<\/strong><\/h4>\n<p>Vychutnajte si kri\u0161t\u00e1\u013eovo \u010dist\u00e9 vody Atlantiku v \u00faplnom s\u00fakrom\u00ed. Jachta Magic Island s priestorom a\u017e pre 12 host\u00ed je ide\u00e1lna na oslavy, rodinn\u00e9 v\u00fdlety alebo dokonca obchodn\u00e9 akcie.<\/p>\n<h4><strong>Komfort a \u0161t\u00fdl<\/strong><\/h4>\n<p>Odd\u00fdchnite si v \u00fatulnom a elegantnom interi\u00e9ri s malou sp\u00e1l\u0148ou, toaletou, pohodln\u00fdm seden\u00edm a jed\u00e1lensk\u00fdm k\u00fatom. Vyhrievajte sa na kan\u00e1rskom slnku na hornej slne\u010dnej terase alebo si odd\u00fdchnite v tieni po\u010das plavby pozd\u013a\u017e sope\u010dn\u00e9ho pobre\u017eia.<\/p>\n<h4><strong>Vzru\u0161uj\u00face vodn\u00e9 aktivity<\/strong><\/h4>\n<p>Svoj z\u00e1\u017eitok si m\u00f4\u017eete vylep\u0161i\u0165 aktivitami pln\u00fdmi z\u00e1bavy, ktor\u00e9 s\u00fa s\u00fa\u010das\u0165ou va\u0161ej rezerv\u00e1cie:<\/p>\n<ul>\n<li><strong>\ud83e\udd3f \u0160norchlovac\u00ed v\u00fdstroj:<\/strong> Presk\u00famajte podmorsk\u00fd svet s vybaven\u00edm, ktor\u00e9 je k dispoz\u00edcii na palube.<\/li>\n<li><strong>\ud83c\udf4c Jazda na ban\u00e1novom \u010dlne:<\/strong> Dodajte svojmu v\u00fdletu trochu adrenal\u00ednu v\u010faka tejto vzru\u0161uj\u00facej aktivite, ktor\u00e1 je zahrnut\u00e1 bez pr\u00edplatku.<\/li>\n<\/ul>\n<h3>\ud83d\udea4 Magic Island Mo\u017enosti v\u00fdletov na jachte<\/h3>\n<p>Vyberte si z dvoch d\u013a\u017eok trvania v\u00fdletu, ktor\u00e9 zodpovedaj\u00fa v\u00e1\u0161mu rozvrhu a preferenci\u00e1m:<\/p>\n<ul>\n<li><strong>3-hodinov\u00e1 prehliadka:<\/strong> Ide\u00e1lne na kr\u00e1tke, ale sladk\u00e9 zozn\u00e1menie sa s pobre\u017en\u00fdmi kr\u00e1sami ostrova Gran Canaria. Zapl\u00e1vajte si, \u0161norchlujte a opa\u013eujte sa.<\/li>\n<li><strong>5-hodinov\u00e1 prehliadka:<\/strong> Ak chcete za\u017ei\u0165 e\u0161te v\u00e4\u010d\u0161\u00ed z\u00e1\u017eitok, venujte \u010das prieskumu pobre\u017eia, vodn\u00fdm aktivit\u00e1m a relaxujte na palube pri ob\u010derstven\u00ed a n\u00e1pojoch.<\/li>\n<\/ul>\n<h3>\ud83e\udd42 \u010co je zahrnut\u00e9 v cene pren\u00e1jmu va\u0161ej jachty<\/h3>\n<p>Va\u0161a str\u00e1nka <strong>Pren\u00e1jom jachty v Gran Canaria<\/strong> zah\u0155\u0148a:<\/p>\n<ul>\n<li>ob\u010derstvenie, ako s\u00fa \u010dipsy a orechy.<\/li>\n<li>N\u00e1poje z otvoren\u00e9ho baru vr\u00e1tane piva, nealkoholick\u00fdch n\u00e1pojov, vody a d\u017e\u00fasov.<\/li>\n<li>\u0160norchlovanie a z\u00e1bavn\u00e1 jazda na ban\u00e1ne.<\/li>\n<li>Obed je k dispoz\u00edcii na po\u017eiadanie (10 \u20ac na osobu, uve\u010fte pri rezerv\u00e1cii).<\/li>\n<li>Profesion\u00e1lna pos\u00e1dka hovoriaca plynule anglicky a \u0161panielsky, ktor\u00e1 v\u00e1m zabezpe\u010d\u00ed pohodlie a bezpe\u010dnos\u0165 po\u010das celej cesty.<\/li>\n<\/ul>\n<h3>\ud83d\udccd Podrobnosti o odchode<\/h3>\n<ul>\n<li><strong>Umiestnenie:<\/strong> <a href=\"https:\/\/maps.app.goo.gl\/iZBybc3i384tdR816\" target=\"_blank\" rel=\"noopener\">Puerto Base v Portoriku<\/a>, Gran Canaria.<\/li>\n<li><strong>\u010casy:<\/strong> Vyberte si medzi odchodmi o 9:00 alebo 14:00.<\/li>\n<li><strong>Doprava:<\/strong> Volite\u013en\u00e1 slu\u017eba vyzdvihnutia je k dispoz\u00edcii len za 2 \u20ac na osobu.<\/li>\n<\/ul>\n<p>Odpor\u00fa\u010dame pr\u00eds\u0165 aspo\u0148 15 min\u00fat pred odchodom, aby ste si zabezpe\u010dili hladk\u00fd za\u010diatok dobrodru\u017estva.<\/p>\n<h3>\u2705 Transparentn\u00e9 storno podmienky<\/h3>\n<p>Uvedomujeme si, \u017ee pl\u00e1ny sa m\u00f4\u017eu zmeni\u0165, preto s\u00fa na\u0161e z\u00e1sady zru\u0161enia navrhnut\u00e9 tak, aby ste mali pokoj:<\/p>\n<ul>\n<li><strong>Z\u00e1ruka po\u010dasia:<\/strong> Ak s\u00fa poveternostn\u00e9 podmienky nebezpe\u010dn\u00e9, budete ma\u0165 mo\u017enos\u0165 zmeni\u0165 term\u00edn alebo v\u00e1m bude vr\u00e1ten\u00e1 cel\u00e1 suma.<\/li>\n<li><strong>Flexibiln\u00e9 zru\u0161enie:<\/strong> Bezplatne zru\u0161te alebo presu\u0148te term\u00edn do 8 dn\u00ed pred cestou. Pri zru\u0161en\u00ed do 8 dn\u00ed pred pl\u00e1novan\u00fdm odchodom sa z\u00e1lohy nevracaj\u00fa.<\/li>\n<\/ul>\n<h3>\ud83d\udc68\u200d\u2708\ufe0f Tipy pre va\u0161e dobrodru\u017estvo Magic Island<\/h3>\n<p>Vyu\u017eite svoj de\u0148 naplno v\u010faka t\u00fdmto jednoduch\u00fdm tipom:<\/p>\n<ul>\n<li>Vezmite si plavky, uter\u00e1k a opa\u013eovac\u00ed kr\u00e9m.<\/li>\n<li>Oble\u010dte si pohodln\u00e9 oble\u010denie vhodn\u00e9 pre dan\u00e9 po\u010dasie.<\/li>\n<li>Pripravte si l\u00edstok CanaryVIP v telef\u00f3ne alebo vytla\u010den\u00fd.<\/li>\n<li>Aby ste sa vyhli morskej chorobe, zjedzte predt\u00fdm \u013eahk\u00e9 jedlo.<\/li>\n<\/ul>\n<h3>\ud83c\udf1f Pre\u010do si objedna\u0165 CanaryVIP<\/h3>\n<p>V spolo\u010dnosti CanaryVIP sa \u0161pecializujeme na poskytovanie najlep\u0161\u00edch mo\u017enost\u00ed pre <a href=\"https:\/\/canaryvip.com\/sk\/gran-canaria\/\"><strong>pren\u00e1jom lod\u00ed na Gran Canarii<\/strong><\/a>. Od luxusn\u00fdch j\u00e1cht, ako je Magic Island, a\u017e po in\u00e9 v\u00fdlety na mieru, v\u00e1m u\u013eah\u010d\u00edme vytvorenie nezabudnute\u013en\u00fdch spomienok na vode.<\/p>\n<p>Rezervujte si <strong>Pren\u00e1jom j\u00e1cht Magic Island<\/strong> a vydajte sa na de\u0148 pln\u00fd z\u00e1bavy, oddychu a \u00fachvatn\u00fdch v\u00fdh\u013eadov na n\u00e1dhern\u00e9 pobre\u017eie ostrova Gran Canaria.<\/p>\n<p>\ud83d\udc49 <span>Rezerva<\/span><span> Teraz<\/span> a pozdvihnite svoj z\u00e1\u017eitok z dovolenky!<\/p>","protected":false},"excerpt":{"rendered":"<p><strong>\ud83d\udd0d Magic Island Gran Canaria:<\/strong><br \/>\n\u2705 Bezpe\u010dn\u00e1 platba.<br \/>\n\ud83d\udd10 S\u00fakromn\u00e9 prehliadky.<br \/>\n\ud83d\udee5\ufe0f 18m Yacht Comfort.<br \/>\n\u23f3 Denn\u00e9 prehliadky 3H a 5H.<br \/>\n\ud83d\udd59 Prisp\u00f4sobite\u013en\u00e9 \u010dasy odchodu.<br \/>\n\ud83d\udc65 Maxim\u00e1lne 12 host\u00ed.<br \/>\n\ud83c\udfc4\u200d\u2640\ufe0f Vr\u00e1tane p\u00e1dlov\u00fdch dosiek.<br \/>\n\ud83e\udd3f Vybavenie na \u0161norchlovanie je k dispoz\u00edcii.<br \/>\n\ud83d\udd0a Prehr\u00e1vajte svoju hudbu.<br \/>\n\ud83d\ude8c Vyzdvihnutie a odovzdanie.<br \/>\n\ud83e\udd11 Garancia najlep\u0161ej ceny.<br \/>\n\ud83d\udc6a Z\u013eavy aktivovan\u00e9.<br \/>\n\ud83d\udd01 Storno do 8 dn\u00ed.<br \/>\n\ud83c\udf0d Viacjazy\u010dn\u00e1 pos\u00e1dka.<br \/>\n\ud83c\udf1f Rezervujte si v\u010das a u\u0161etrite!<br \/>\n\ud83d\udccd Odchod z <a href=\"https:\/\/maps.app.goo.gl\/836RSsqAzbptb2Qy5\">Z\u00e1klad\u0148a Puerto<\/a>.<\/p>","protected":false},"featured_media":12212,"comment_status":"open","ping_status":"closed","template":"","meta":{"_acf_changed":false},"product_brand":[],"product_cat":[132],"product_tag":[],"class_list":{"0":"post-12210","1":"product","2":"type-product","3":"status-publish","4":"has-post-thumbnail","6":"product_cat-boat-hire-gran-canaria","7":"wcpa_has_options","9":"first","10":"instock","11":"virtual","12":"purchasable","13":"product-type-simple"},"acf":[],"wcpa_form_fields":{"wcpaData":{"product":{"product_price":550,"price_html":"From&nbsp;<span class=\"woocommerce-Price-amount amount\"><bdi>550,00&nbsp;<span class=\"woocommerce-Price-currencySymbol\">&euro;<\/span><\/bdi><\/span>","original_product_price":550,"price_including_tax":550,"price_excluding_tax":550,"product_id":{"parent":12210,"variation":false},"is_variable":false,"stock_status":"instock","stock_quantity":null,"parent_sku":"CV12210","product_attributes":[],"custom_fields":[],"is_taxable":false,"product_name":"Magic Island: Yacht Hire<br\/> Gran Canaria","hasImage":false},"fields":{"sec_26686cb82841ff":{"extra":{"key":"sec_26686cb82841ff","section_id":"sec_26686cb82841ff","name":"Default","status":1,"cl_rule":"show","enableCl":false,"relations":[],"toggle":true,"title_tag":"h3","show_title":false,"showPrice":"default","form_id":12242,"form_rules":{"exclude_from_discount":true,"fee_label":"Fee","disp_hide_options_price":true,"disp_show_section_price":false,"disp_show_field_price":true,"layout_option":"standard","pric_use_as_fee":false,"process_fee_as":"woo_fee"},"layout_option":"standard"},"fields":[[{"label":"\ud83d\udcc5 Date","active":true,"required":true,"elementId":"date_56686cb8284220","picker_type":"custom","picker_mode":"single","placeholder":"","description":"","tooltip":"","name":"date_56686cb8284220","label_position":"default","desc_position":"default","enablePrice":false,"className":"","enableCl":false,"relations":[{"operator":"and","rules":[{"operator":"AND","rules":{"cl_field":"radio-group_565c78ffa81208","cl_relation":"is","cl_val":"3 Hour Trip"}}]}],"date_pic_inline":true,"date_pic_inline_hide":true,"min_date":{"type":"days","val":"2"},"max_date":{"type":"days","val":"365"},"date_pic_conf":{"disabledWeeks":[]},"price":"","cl_rule":"show","col":6,"type":"date","error":false,"enableDesign":false,"LabelColor":"","gt_translate_keys":["label","placeholder","description","tooltip"],"price_dependency":false,"cl_dependency":false,"value":""}],[{"elementId":"separator_26686cb828423c","separatorType":"blank","className":"","height":"3","enableCl":false,"relations":false,"cl_rule":"show","col":6,"type":"separator","error":false,"gt_translate_keys":[],"price_dependency":false,"cl_dependency":false,"value":""}],[{"active":true,"col":6,"relations":false,"cl_rule":"show","enableCl":false,"price":"","enablePrice":true,"className":"","label_position":"default","desc_position":"default","type":"select","required":true,"elementId":"select_36686cb8284247","label":"\u23f3 Trip Duration","name":"select_36686cb8284247","values":[{"label":"3 Hours (550\u20ac)","value":"3","selected":false,"tempId":"aco_556","price":"550","gt_translate_keys":["label"]},{"label":"5 Hours (995\u20ac)","value":"5","selected":false,"tempId":"aco_122","price":"995","gt_translate_keys":["label"]}],"dropdown_type":"basic","error":false,"placeholder":"Select Trip Duration","priceOptions":"different_for_all","pricingType":"fixed","is_show_price":false,"gt_translate_keys":["label","placeholder"],"price_dependency":false,"cl_dependency":false,"value":""}],[{"label":"\u2705 Number of People","active":true,"required":true,"elementId":"select_76686cb828429b","dropdown_type":"basic","placeholder":"Select Number of People","name":"select_76686cb828429b","label_position":"default","desc_position":"default","enablePrice":true,"className":"","enableCl":false,"relations":[{"operator":false,"rules":[{"operator":"AND","rules":{"cl_field":"radio-group_565c78ffa81208","cl_relation":"is","cl_val":"3 Hour Trip"}}]}],"values":[{"label":"1 person","value":"1","selected":false,"tempId":"aco_1471","price":"0","gt_translate_keys":["label"]},{"label":"2 people","value":"2","selected":false,"tempId":"aco_1472","price":"0","gt_translate_keys":["label"]},{"label":"3 people","value":"3","selected":false,"tempId":"aco_1500","price":"0","gt_translate_keys":["label"]},{"label":"4 people","value":"4","selected":false,"tempId":"aco_1510","price":"0","gt_translate_keys":["label"]},{"label":"5 people","value":"5","selected":false,"tempId":"aco_1520","price":"0","gt_translate_keys":["label"]},{"label":"6 people","value":"6","selected":false,"tempId":"aco_1728","price":"0","gt_translate_keys":["label"]},{"label":"7 people","value":"7","selected":false,"tempId":"aco_1738","price":"0","gt_translate_keys":["label"]},{"label":"8 people","value":"8","selected":false,"tempId":"aco_1748","price":"0","gt_translate_keys":["label"]},{"label":"9 people (+50\u20ac)","value":"9","selected":false,"tempId":"aco_1912","price":"50","gt_translate_keys":["label"]},{"label":"10 people (+100\u20ac)","value":"10","selected":false,"tempId":"aco_1922","price":"100","gt_translate_keys":["label"]},{"label":"11 people (+150\u20ac)","value":"11","selected":false,"tempId":"aco_84","price":"150","gt_translate_keys":["label"]},{"label":"12 people (+200\u20ac)","value":"12","selected":false,"tempId":"aco_94","price":"200","gt_translate_keys":["label"]}],"price":"","cl_rule":"show","col":6,"type":"select","error":false,"priceOptions":"different_for_all","pricingType":"fixed","is_show_price":false,"gt_translate_keys":["label","placeholder"],"price_dependency":["select_5959492541"],"cl_dependency":false,"value":""}],[{"active":true,"col":6,"relations":false,"cl_rule":"show","enableCl":false,"price":"","enablePrice":true,"className":"","label_position":"default","desc_position":"default","type":"select","required":false,"elementId":"select_5959492541","label":"\ud83c\udf57 Meal (+10\u20ac\/person)","name":"select_5959492541","values":[{"label":"No","value":"No","selected":false,"tempId":"aco_2562","price":"","gt_translate_keys":["label"]},{"label":"Yes (+10\u20ac\/person)","value":"Yes","selected":false,"tempId":"aco_2563","price":"{field.select_76686cb828429b.value}*10","gt_translate_keys":["label"]}],"dropdown_type":"basic","error":false,"description":"Snacks and drinks are included. For an extra meal, please select marinated chicken with mojo potatoes and coleslaw. Paella is available at a different price upon request. Meals are paid for on the day of the tour on the boat.","priceOptions":"different_for_all","pricingType":"custom","isTemplate":false,"is_show_price":true,"gt_translate_keys":["label","description"],"price_dependency":false,"cl_dependency":false,"value":""}]]},"sec_36686cb8284272":{"extra":{"key":"sec_36686cb8284272","section_id":"sec_36686cb8284272","name":"Pickup Location","status":1,"cl_rule":"show","enableCl":false,"relations":[],"toggle":true,"title_tag":"h4","show_title":false,"showPrice":"default","form_id":12242,"form_rules":{"exclude_from_discount":true,"fee_label":"Fee","disp_hide_options_price":true,"disp_show_section_price":false,"disp_show_field_price":true,"layout_option":"standard","pric_use_as_fee":false,"process_fee_as":"woo_fee"},"layout_option":"standard"},"fields":[[{"elementId":"separator_16686cb828427d","separatorType":"blank","className":"","height":"3","enableCl":false,"relations":false,"cl_rule":"show","col":6,"type":"separator","error":false,"gt_translate_keys":[],"price_dependency":false,"cl_dependency":false,"value":""}],[{"active":true,"col":6,"relations":[{"operator":false,"rules":[{"operator":"AND","rules":{"cl_field":"radio-group_565c78ffa81208","cl_relation":"is","cl_val":"3 Hour Trip"}}]}],"cl_rule":"show","enableCl":false,"price":"","enablePrice":false,"className":"","label_position":"default","desc_position":"default","type":"select","required":false,"elementId":"select_86686cb8284287","label":"\u23f0 Departure","name":"select_86686cb8284287","values":[{"label":"09:00","value":"09:00","selected":false,"tempId":"aco_1471","gt_translate_keys":["label"]},{"label":"12:00","value":"12:00","selected":false,"tempId":"aco_1510","gt_translate_keys":["label"]},{"label":"15:00","value":"15:00","selected":false,"tempId":"aco_1738","gt_translate_keys":["label"]}],"dropdown_type":"basic","error":false,"placeholder":"Whichever Time is Best","gt_translate_keys":["label","placeholder"],"price_dependency":false,"cl_dependency":false,"value":""}],[{"elementId":"separator_56686cb8284291","separatorType":"blank","className":"","height":"1","enableCl":false,"relations":false,"cl_rule":"show","col":6,"type":"separator","gt_translate_keys":[],"price_dependency":false,"cl_dependency":false,"value":""}],[{"elementId":"separator_76686cb82842a6","separatorType":"blank","className":"","height":"1","enableCl":false,"relations":false,"cl_rule":"show","col":6,"type":"separator","error":false,"gt_translate_keys":[],"price_dependency":false,"cl_dependency":false,"value":""}],[{"active":true,"col":6,"relations":false,"cl_rule":"show","enableCl":false,"price":"","enablePrice":false,"className":"","label_position":"default","desc_position":"default","type":"text","subtype":"text","required":false,"elementId":"text_06686cb82842af","label":"\ud83d\ude8c Pickup Location","name":"text_06686cb82842af","value":"","error":false,"description":"Pick-up service in some locations. Simply provide your address or hotel name. (+2\u20ac\/person paid at pickup to the driver)","gt_translate_keys":["label","description","value"],"price_dependency":false,"cl_dependency":false}]]}},"config":{"price_override":"always","enable_recaptcha":false,"bind_quantity":false,"quantity_bind_formula":false,"disp_summ_show_option_price":true,"disp_summ_show_product_price":false,"disp_summ_show_total_price":true,"disp_summ_show_fee":true,"disp_summ_show_discount":true,"summary_title":"","options_total_label":"Options Price","total_label":"Total Amount","options_product_label":"Product Price","fee_label":"Fee","discount_label":"Discount","has_price":true,"has_quantity_formula":false},"mc_unit":1,"tax_rate":1,"tax_rate_real":1,"discount":{"percentage":0,"fixed":0},"design":{"conf":{"LabelPosition":"above","DescPosition":"above","UploadField":"custom_1","QuantityFieldStyle":"custom_1"},"css":{"LeftLabelWidth":"120px"}},"formulas":{"fmla_1708364241278155361":"(({field.select_3666b1eb2b11fe.value}>=8)?(1400):(({field.select_3666b1eb2b11fe.value}>=7)?(1225):(({field.select_3666b1eb2b11fe.value}>=6)?(1050):(({field.select_3666b1eb2b11fe.value}>=5)?(875):(({field.select_3666b1eb2b11fe.value}>=4)?(700):(({field.select_3666b1eb2b11fe.value}>=3)?(500):(0)))))))","fmla_1718295979528641619":"(({field.select_3666b1eb2b11fe.value}>=8)?(280):(({field.select_3666b1eb2b11fe.value}>=7)?(205):(({field.select_3666b1eb2b11fe.value}>=6)?(150):(({field.select_3666b1eb2b11fe.value}>=5)?(175):(({field.select_3666b1eb2b11fe.value}>=4)?(200):(({field.select_3666b1eb2b11fe.value}>=3)?(150):(0)))))))"},"lookuptables":[],"clones":false,"cartKey":false}},"_links":{"self":[{"href":"https:\/\/canaryvip.com\/sk\/wp-json\/wp\/v2\/product\/12210","targetHints":{"allow":["GET"]}}],"collection":[{"href":"https:\/\/canaryvip.com\/sk\/wp-json\/wp\/v2\/product"}],"about":[{"href":"https:\/\/canaryvip.com\/sk\/wp-json\/wp\/v2\/types\/product"}],"replies":[{"embeddable":true,"href":"https:\/\/canaryvip.com\/sk\/wp-json\/wp\/v2\/comments?post=12210"}],"wp:featuredmedia":[{"embeddable":true,"href":"https:\/\/canaryvip.com\/sk\/wp-json\/wp\/v2\/media\/12212"}],"wp:attachment":[{"href":"https:\/\/canaryvip.com\/sk\/wp-json\/wp\/v2\/media?parent=12210"}],"wp:term":[{"taxonomy":"product_brand","embeddable":true,"href":"https:\/\/canaryvip.com\/sk\/wp-json\/wp\/v2\/product_brand?post=12210"},{"taxonomy":"product_cat","embeddable":true,"href":"https:\/\/canaryvip.com\/sk\/wp-json\/wp\/v2\/product_cat?post=12210"},{"taxonomy":"product_tag","embeddable":true,"href":"https:\/\/canaryvip.com\/sk\/wp-json\/wp\/v2\/product_tag?post=12210"}],"curies":[{"name":"wp","href":"https:\/\/api.w.org\/{rel}","templated":true}]}}