{"id":12147,"date":"2024-07-01T09:53:41","date_gmt":"2024-07-01T08:53:41","guid":{"rendered":"https:\/\/canaryvip.com\/?post_type=product&#038;p=12147"},"modified":"2025-08-09T14:07:45","modified_gmt":"2025-08-09T13:07:45","slug":"siam-night","status":"publish","type":"product","link":"https:\/\/canaryvip.com\/sk\/shop\/siam-night\/","title":{"rendered":"K\u00fapi\u0165 vstupenky na Siam Night"},"content":{"rendered":"<h2>\ud83c\udf0c <strong>Siamsk\u00e1 noc: Ponorte sa do dokonal\u00e9ho no\u010dn\u00e9ho vodn\u00e9ho dobrodru\u017estva!<\/strong><\/h2>\n<ul>\n<li><strong>Letn\u00e9 noci (2. j\u00fala - 31. augusta):<\/strong> Od 20:00 do 00:00. Od utorka do soboty.<\/li>\n<li><strong>Nezabudnute\u013en\u00e9 ve\u010dery:<\/strong> Za\u017eite Siam Park ako nikdy predt\u00fdm s nap\u00ednav\u00fdmi jazdami a magickou atmosf\u00e9rou.<\/li>\n<\/ul>\n<p>\ud83d\udccd <strong>Umiestnenie:<\/strong> Nach\u00e1dza sa v srdci Costa Adeje na juhu Tenerife. N\u00e1jdete n\u00e1s \u013eahko na <a href=\"https:\/\/maps.app.goo.gl\/UfftQG3CrqW5R81r9\" target=\"_blank\" rel=\"noopener\">Mapy Google<\/a>.<\/p>\n<p>\ud83c\udf92 <strong>Zba\u013ete sa na ve\u010der pln\u00fd z\u00e1bavy:<\/strong> Vezmite si so sebou plavky, uter\u00e1k a \u013eahk\u00fa bundu na prechladnutie po jazde. Pren\u00e1jom skriniek je k dispoz\u00edcii len za 10 \u20ac.<\/p>\n<p>\ud83d\udca7 <strong>Zosta\u0148te v pohodl\u00ed:<\/strong> Voda je vyhrievan\u00e1 na 24 \u00b0C, \u010do je ide\u00e1lne na no\u010dn\u00e9 \u0161pliechanie.<\/p>\n<p>\ud83c\udfab <strong>Flexibiln\u00e9 vstupenky:<\/strong> Vstupenka na Siamsk\u00fa noc je platn\u00e1 ktor\u00fdko\u013evek de\u0148 po\u010das trvania podujatia. Rezervujte si ju prostredn\u00edctvom CanaryVIP, aby ste z\u00edskali najlep\u0161ie ceny a jednoduch\u00fd pr\u00edstup.<\/p>\n<p>\ud83c\udf1f <strong>Rezervujte si s CanaryVIP:<\/strong> Zabezpe\u010dte si vstupenky za bezkonkuren\u010dn\u00e9 ceny. Dospel\u00ed za 45 \u20ac, deti (3-11 rokov) za 32 \u20ac. Deti maj\u00fa vstup zdarma!<\/p>\n<ul>\n<li><strong>Z\u00e1ruka najlep\u0161ej ceny:<\/strong> Z\u00edskajte najlep\u0161iu ponuku pri rezerv\u00e1cii cez CanaryVIP.<\/li>\n<li><strong>V\u00fdhoda skor\u00e9ho vt\u00e1ka:<\/strong> Vyhnite sa zv\u00fd\u0161eniu cien a rezervujte si letenky u\u017e teraz.<\/li>\n<li><strong>Flexibiln\u00e9 zru\u0161enie:<\/strong> Zru\u0161enie n\u00e1v\u0161tevy do 48 hod\u00edn pred n\u00e1v\u0161tevou a vr\u00e1tenie pe\u0148az\u00ed v plnej v\u00fd\u0161ke.<\/li>\n<\/ul>\n<p>\ud83d\udd25 <strong>Nenechajte si ujs\u0165: Rezervujte si teraz \u0161peci\u00e1lne ponuky na CanaryVIP.com!<\/strong> Pripravte sa na nezabudnute\u013en\u00fa noc na Siam Park s CanaryVIP. Ponorte sa do sveta svetiel, hudby a vodn\u00fdch atrakci\u00ed!<\/p>\n<h3>\ud83d\udc6f <strong>\u0160peci\u00e1lny l\u00edstok pre dvoji\u010dky: Loro Parque + Siam Park<\/strong><\/h3>\n<p>Spojte svoje dobrodru\u017estv\u00e1 s na\u0161imi exkluz\u00edvnymi <a href=\"https:\/\/canaryvip.com\/sk\/shop\/twin-ticket-siam-park-and-loro-parque\/\">Ponuka Twin Ticket<\/a>!<\/p>\n<p>Za\u017eite vzru\u0161uj\u00faci Siam Park aj o\u010daruj\u00faci Loro Parque za zv\u00fdhodnen\u00fa cenu.<\/p>\n<ul>\n<li><strong>Dvojn\u00e1sobn\u00e1 z\u00e1bava:<\/strong> Jeden l\u00edstok, dva \u00fa\u017easn\u00e9 parky.<\/li>\n<li><strong>U\u0161etrite viac:<\/strong> U\u017eite si obe atrakcie za ni\u017e\u0161iu kombinovan\u00fa cenu.<\/li>\n<li><strong>Bezprobl\u00e9mov\u00fd z\u00e1\u017eitok:<\/strong> Jeden n\u00e1kup za dva nezabudnute\u013en\u00e9 z\u00e1\u017eitky.<\/li>\n<\/ul>\n<p><a href=\"https:\/\/canaryvip.com\/sk\/shop\/twin-ticket-siam-park-and-loro-parque\/\" target=\"_new\" rel=\"noopener\">Kliknut\u00edm sem sa dozviete viac a u\u0161etr\u00edte s na\u0161ou ponukou dvojit\u00fdch vstupeniek!<\/a><\/p>\n<h3>\ud83c\udf9f\ufe0f <strong>Pre\u010do si vybra\u0165 CanaryVIP pre vstupenky do Siam Parku?<\/strong><\/h3>\n<ul>\n<li><strong>Bezprobl\u00e9mov\u00e1 rezerv\u00e1cia:<\/strong> Zabezpe\u010dte si l\u00edstky a dopravu na jeden z\u00e1\u0165ah.<\/li>\n<li><strong>Exkluz\u00edvne ponuky:<\/strong> Pr\u00edstup k ponuk\u00e1m, ktor\u00e9 nie s\u00fa k dispoz\u00edcii inde.<\/li>\n<li><strong>\u0160pecializovan\u00e1 podpora:<\/strong> N\u00e1\u0161 t\u00edm je pripraven\u00fd pom\u00f4c\u0165 v\u00e1m s ak\u00fdmiko\u013evek ot\u00e1zkami alebo zmenami.<\/li>\n<\/ul>\n<p><strong>\ud83d\udd17 Presk\u00famajte Siam Park pohodlne a \u013eahko!<\/strong><br \/>\nCanaryVIP sa sna\u017e\u00ed, aby va\u0161a n\u00e1v\u0161teva Siam Park bola \u010do najpr\u00edjemnej\u0161ia a bezprobl\u00e9mov\u00e1. M\u00e1me pre v\u00e1s v\u0161etko, od pohodln\u00fdch transferov a\u017e po exkluz\u00edvne ponuky vstupeniek. Pripravte sa na v\u00fdnimo\u010dn\u00fa noc na Siam Park s CanaryVIP!<\/p>\n<h3>\ud83c\udf1f <strong>Z\u00e1\u017eitky z noci Siam - \u010casto kladen\u00e9 ot\u00e1zky<\/strong><\/h3>\n<ul>\n<li><strong>Prev\u00e1dzkov\u00e9 hodiny:<\/strong> Od 20:00 do 00:00. Od utorka do soboty (2. j\u00fala - 31. augusta).<\/li>\n<li><strong>Ceny vstupeniek:<\/strong> 45 \u20ac pre dospel\u00fdch, 32 \u20ac pre deti (3-11 rokov).<\/li>\n<li><strong>Prijatie die\u0165a\u0165a:<\/strong> \u00c1no, ale deti mlad\u0161ie ako 16 rokov musia by\u0165 v sprievode dospelej osoby.<\/li>\n<li><strong>V\u0161etky atrakcie otvoren\u00e9:<\/strong> V\u0161etky hlavn\u00e9 atrakcie okrem t\u00fdch pre men\u0161ie deti.<\/li>\n<li><strong>Teplota:<\/strong> Voda je vyhrievan\u00e1 na 24 \u00b0C, ale po jazde si prineste bundu.<\/li>\n<li><strong>Atmosf\u00e9ra:<\/strong> \u017div\u00e1 DJ hudba, ide\u00e1lna pre skupiny priate\u013eov.<\/li>\n<li><strong>Storno podmienky:<\/strong> Bezplatn\u00e9 zru\u0161enie rezerv\u00e1cie do 72 hod\u00edn pred n\u00e1v\u0161tevou.<\/li>\n<\/ul>\n<p>Pripravte sa na vzru\u0161uj\u00facu noc pod hviezdami na Siam Park s CanaryVIP!<\/p>","protected":false},"excerpt":{"rendered":"<p><strong>\ud83d\udd0d Vstupenky do parku Siam:<\/strong><br \/>\n\u2705 Bezpe\u010dn\u00e1 platba.<br \/>\n\ud83d\udd59 Otvoren\u00e9 od 20:00 do 00:00.<br \/>\n\ud83c\udf05 Len po\u010das leta.<br \/>\n\ud83d\udca6 Voda ohriata na 24\u00baC.<br \/>\n\ud83c\udf0a Pr\u00edstup ku v\u0161etk\u00fdm vzru\u0161uj\u00facim jazd\u00e1m.<br \/>\n\ud83d\udcaf Najlep\u0161\u00ed vodn\u00fd park v Eur\u00f3pe.<br \/>\n\ud83e\udd11 Garancia najlep\u0161ej ceny.<br \/>\n\ud83d\udc6a Z\u013eavy pre skupinov\u00e9 rezerv\u00e1cie.<br \/>\n\ud83d\udd01 Do 72 h Zru\u0161enie.<br \/>\n\ud83c\udf0d Podpora vo viacer\u00fdch jazykoch.<br \/>\n\ud83c\udf1f Rezervujte teraz a u\u0161etrite!<br \/>\n2\ufe0f\u20e3 Skontrolujte ponuku <a href=\"https:\/\/canaryvip.com\/sk\/shop\/twin-ticket-siam-park-and-loro-parque\/\">Siam + Loro Parque<\/a>.<br \/>\n\ud83d\udc32 Objavte <a href=\"https:\/\/canaryvip.com\/sk\/tenerife\/theme-parks\/siam-park-tickets\/\">v\u0161etky vstupenky na Siam Park tu<\/a>!<br \/>\n\ud83d\udccd N\u00e1js\u0165 <a href=\"https:\/\/maps.app.goo.gl\/UfftQG3CrqW5R81r9\">Siam Park na Map\u00e1ch Google<\/a>!<\/p>","protected":false},"featured_media":12151,"comment_status":"open","ping_status":"closed","template":"","meta":{"_acf_changed":false},"product_brand":[],"product_cat":[54,55],"product_tag":[],"class_list":{"0":"post-12147","1":"product","2":"type-product","3":"status-publish","4":"has-post-thumbnail","6":"product_cat-theme-parks","7":"product_cat-siam-park-tickets","8":"wcpa_has_options","10":"first","11":"instock","12":"virtual","13":"purchasable","14":"product-type-simple"},"acf":[],"wcpa_form_fields":{"wcpaData":{"product":{"product_price":48,"price_html":"From&nbsp;<span class=\"woocommerce-Price-amount amount\"><bdi>48,00&nbsp;<span class=\"woocommerce-Price-currencySymbol\">&euro;<\/span><\/bdi><\/span>","original_product_price":48,"price_including_tax":48,"price_excluding_tax":48,"product_id":{"parent":12147,"variation":false},"is_variable":false,"stock_status":"instock","stock_quantity":null,"parent_sku":"CV12147","product_attributes":[],"custom_fields":[],"is_taxable":false,"product_name":"Buy Siam Night Tickets","hasImage":false},"fields":{"sec_1066827b72b689a":{"extra":{"key":"sec_1066827b72b689a","section_id":"sec_1066827b72b689a","name":"Default","status":1,"cl_rule":"show","enableCl":false,"relations":[],"toggle":true,"title_tag":"h3","show_title":false,"showPrice":"default","form_id":12152,"form_rules":{"exclude_from_discount":true,"fee_label":"Fee","disp_hide_options_price":true,"disp_show_section_price":false,"disp_show_field_price":true,"layout_option":"standard","pric_use_as_fee":false,"process_fee_as":"woo_fee"},"layout_option":"standard"},"fields":[[{"label":"\ud83d\udcc5 Date","active":true,"required":true,"elementId":"date_066827b72b68b9","picker_type":"custom","picker_mode":"single","placeholder":"","description":"","tooltip":"","name":"date_066827b72b68b9","label_position":"default","desc_position":"default","enablePrice":false,"className":"","enableCl":false,"relations":[{"operator":"and","rules":[{"operator":"AND","rules":{"cl_field":"radio-group_666827b72b68c8","cl_relation":"is","cl_val":"3 Hour Trip"}}]}],"date_pic_inline":true,"date_pic_inline_hide":true,"min_date":{"type":"date","val":"2025-07-01"},"max_date":{"type":"date","val":"2025-08-31"},"date_pic_conf":{"disabledWeeks":[1,0],"enabledDates":[]},"price":"","cl_rule":"show","col":6,"type":"date","error":false,"enableDesign":false,"LabelColor":"","gt_translate_keys":["label","placeholder","description","tooltip"],"price_dependency":false,"cl_dependency":false,"value":""}]]},"sec_166827b72b68c9":{"extra":{"key":"sec_166827b72b68c9","section_id":"sec_166827b72b68c9","name":"Siam Park Regular Tickets","status":1,"cl_rule":"show","enableCl":false,"relations":[{"operator":false,"rules":[{"operator":"AND","rules":{"cl_field":"radio-group_666827b72b68c8","cl_relation":"is","cl_val":"Siam Park Regular Tickets"}}]}],"toggle":true,"title_tag":"h4","show_title":false,"showPrice":"default","layout_option":"standard","form_id":12152,"form_rules":{"exclude_from_discount":true,"fee_label":"Fee","disp_hide_options_price":true,"disp_show_section_price":false,"disp_show_field_price":true,"layout_option":"standard","pric_use_as_fee":false,"process_fee_as":"woo_fee"}},"fields":[[{"elementId":"separator_266827b72b68d5","separatorType":"blank","className":"","height":"10","enableCl":false,"relations":false,"cl_rule":"show","col":6,"type":"separator","gt_translate_keys":[],"price_dependency":false,"cl_dependency":false,"value":""}],[{"active":true,"col":6,"relations":false,"cl_rule":"show","enableCl":false,"price":"","enablePrice":false,"className":"","label_position":"default","desc_position":"default","type":"content","required":false,"elementId":"content_166827b72b68e0","label":"People","name":"content_166827b72b68e0","contentType":"plain","value":"","error":false,"show_in_checkout":true,"inline":false,"gt_translate_keys":["label","value"],"price_dependency":false,"cl_dependency":false}],[{"label":"","active":true,"required":false,"elementId":"radio-group_366827b72b68f5","name":"radio-group_366827b72b68f5","label_position":"default","desc_position":"default","enablePrice":true,"className":"","enableCl":false,"relations":[{"operator":false,"rules":[{"operator":"or","rules":{"cl_field":"date_066827b72b68b9","cl_relation":"month_is","cl_val":[1,2,3,4,5,6,10,11,12,9]}},{"operator":"AND","rules":{"cl_field":"date_066827b72b68b9","cl_relation":"is_empty","cl_val":""}}]}],"enable_quantity":true,"quantity_label":"","min_quantity":"0","checkUi":"button","layOut":"","options_tooltip":true,"options_description":true,"values":[{"label":"\ud83d\udc64 Adult (48\u20ac)","value":"Adult","selected":true,"tempId":"aco_32","tooltip":"+12 Years","description":"","gt_translate_keys":["label","tooltip","description"]}],"priceOptions":"fixed_for_all","pricingType":"fixed","price":"48","cl_rule":"hide","col":6,"type":"radio-group","error":false,"gt_translate_keys":["label","quantity_label"],"price_dependency":false,"cl_dependency":false,"value":""}],[{"label":"","active":true,"required":false,"elementId":"radio-group_166827b72b690a","name":"radio-group_166827b72b690a","label_position":"default","desc_position":"default","enablePrice":true,"className":"","enableCl":false,"relations":[{"operator":false,"rules":[{"operator":"or","rules":{"cl_field":"date_066827b72b68b9","cl_relation":"month_is","cl_val":[1,2,3,4,5,6,9,10,11,12]}},{"operator":"AND","rules":{"cl_field":"date_066827b72b68b9","cl_relation":"is_empty","cl_val":""}}]}],"enable_quantity":true,"quantity_label":"","min_quantity":"0","checkUi":"button","layOut":"","options_tooltip":true,"options_description":true,"values":[{"label":"\ud83d\udc66 Child (36\u20ac)","value":"Child","selected":true,"tempId":"aco_32","tooltip":"2-11 Years","description":"","gt_translate_keys":["label","tooltip","description"]}],"priceOptions":"fixed_for_all","pricingType":"fixed","price":"36","cl_rule":"hide","col":6,"type":"radio-group","error":false,"gt_translate_keys":["label","quantity_label"],"price_dependency":false,"cl_dependency":false,"value":""}],[{"label":"","active":true,"required":false,"elementId":"radio-group_866827b72b6914","name":"radio-group_866827b72b6914","label_position":"default","desc_position":"default","enablePrice":true,"className":"","enableCl":false,"relations":false,"enable_quantity":true,"quantity_label":"","min_quantity":"0","checkUi":"button","layOut":"","values":[{"label":"\ud83d\udc76 Infant (Free)","value":"Infant (Free)","selected":true,"tempId":"aco_32","tooltip":"0-1 Years","gt_translate_keys":["label","tooltip"]}],"priceOptions":"fixed_for_all","pricingType":"fixed","price":"0","cl_rule":"show","col":6,"type":"radio-group","error":false,"options_tooltip":true,"gt_translate_keys":["label","quantity_label"],"price_dependency":false,"cl_dependency":false,"value":""}]]}},"config":{"price_override":"always","enable_recaptcha":false,"bind_quantity":false,"quantity_bind_formula":false,"disp_summ_show_option_price":true,"disp_summ_show_product_price":false,"disp_summ_show_total_price":true,"disp_summ_show_fee":true,"disp_summ_show_discount":true,"summary_title":"","options_total_label":"Options Price","total_label":"Total Amount","options_product_label":"Product Price","fee_label":"Fee","discount_label":"Discount","has_price":true,"has_quantity_formula":false},"mc_unit":1,"tax_rate":1,"tax_rate_real":1,"discount":{"percentage":0,"fixed":0},"design":{"conf":{"LabelPosition":"above","DescPosition":"above","UploadField":"custom_1","QuantityFieldStyle":"custom_1"},"css":{"LeftLabelWidth":"120px"}},"formulas":[],"lookuptables":[],"clones":false,"cartKey":false}},"_links":{"self":[{"href":"https:\/\/canaryvip.com\/sk\/wp-json\/wp\/v2\/product\/12147","targetHints":{"allow":["GET"]}}],"collection":[{"href":"https:\/\/canaryvip.com\/sk\/wp-json\/wp\/v2\/product"}],"about":[{"href":"https:\/\/canaryvip.com\/sk\/wp-json\/wp\/v2\/types\/product"}],"replies":[{"embeddable":true,"href":"https:\/\/canaryvip.com\/sk\/wp-json\/wp\/v2\/comments?post=12147"}],"wp:featuredmedia":[{"embeddable":true,"href":"https:\/\/canaryvip.com\/sk\/wp-json\/wp\/v2\/media\/12151"}],"wp:attachment":[{"href":"https:\/\/canaryvip.com\/sk\/wp-json\/wp\/v2\/media?parent=12147"}],"wp:term":[{"taxonomy":"product_brand","embeddable":true,"href":"https:\/\/canaryvip.com\/sk\/wp-json\/wp\/v2\/product_brand?post=12147"},{"taxonomy":"product_cat","embeddable":true,"href":"https:\/\/canaryvip.com\/sk\/wp-json\/wp\/v2\/product_cat?post=12147"},{"taxonomy":"product_tag","embeddable":true,"href":"https:\/\/canaryvip.com\/sk\/wp-json\/wp\/v2\/product_tag?post=12147"}],"curies":[{"name":"wp","href":"https:\/\/api.w.org\/{rel}","templated":true}]}}