{"id":11971,"date":"2024-06-22T22:45:14","date_gmt":"2024-06-22T21:45:14","guid":{"rendered":"https:\/\/canaryvip.com\/?post_type=product&#038;p=11971"},"modified":"2025-08-09T14:04:29","modified_gmt":"2025-08-09T13:04:29","slug":"silvia-yacht-charter-gran-canaria","status":"publish","type":"product","link":"https:\/\/canaryvip.com\/sk\/shop\/silvia-yacht-charter-gran-canaria\/","title":{"rendered":"Silvia: Pren\u00e1jom lod\u00ed<br\/>Gran Canaria"},"content":{"rendered":"<h2>\ud83d\udee5\ufe0f Silvia Yacht Charter Gran Canaria s CanaryVIP<\/h2>\n<p>Objavte \u010daro Kan\u00e1rskych ostrovov na palube <strong>Silvia Yacht Charter<\/strong>, exkluz\u00edvny a luxusn\u00fd sp\u00f4sob, ako presk\u00fama\u0165 n\u00e1dhern\u00e9 pobre\u017eie ostrova Gran Canaria. Tento elegantn\u00fd hotel s priestorom a\u017e pre 8 host\u00ed <strong>pren\u00e1jom s\u00fakromn\u00fdch lod\u00ed na Gran Canarii<\/strong> pon\u00faka dokonal\u00fd \u00fanik pre mal\u00e9 skupiny, ktor\u00e9 h\u013eadaj\u00fa oddych, dobrodru\u017estvo a nezabudnute\u013en\u00e9 spomienky.<\/p>\n<p>V spolo\u010dnosti CanaryVIP v\u00e1m u\u013eah\u010dujeme vyu\u017e\u00edvanie tohto <strong>pren\u00e1jom jachty Gran Canaria<\/strong> z\u00e1\u017eitok s bezprobl\u00e9mov\u00fdm procesom rezerv\u00e1cie a v\u00fdnimo\u010dn\u00fdmi slu\u017ebami.<\/p>\n<h3>\u2b50\ufe0f Pre\u010do si vybra\u0165 jachtu Silvia na Gran Canarii<\/h3>\n<p>Tu je d\u00f4vod, pre\u010do <strong>Silvia Yacht Charter<\/strong> je jednou z najlep\u0161\u00edch mo\u017enost\u00ed pre va\u0161e \u010fal\u0161ie dobrodru\u017estvo:<\/p>\n<h4><strong>S\u00fakromn\u00fd a exkluz\u00edvny z\u00e1\u017eitok<\/strong><\/h4>\n<p>T\u00e1to s\u00fakromn\u00e1 jachta s celkovou kapacitou 8 os\u00f4b je ide\u00e1lna na komorn\u00e9 stretnutia, \u010di u\u017e ide o rodinn\u00fd v\u00fdlet, romantick\u00fd \u00fatek alebo \u0161peci\u00e1lnu oslavu.<\/p>\n<h4><strong>Komfort a sofistikovanos\u0165<\/strong><\/h4>\n<p>Relaxujte v priestrannej 13-metrovej jachte s dobre udr\u017eiavan\u00fdm a elegantn\u00fdm interi\u00e9rom. Vychutnajte si panoramatick\u00fd v\u00fdh\u013ead zo sal\u00f3nu, relaxujte na palube alebo sa opa\u013eujte na slnku obklopen\u00ed \u00fachvatnou kr\u00e1sou pobre\u017eia ostrova Gran Canaria.<\/p>\n<h4><strong>Vzru\u0161uj\u00face vodn\u00e9 aktivity<\/strong><\/h4>\n<p>Va\u0161a str\u00e1nka <strong>pren\u00e1jom lod\u00ed na Gran Canarii<\/strong> m\u00e1 mno\u017estvo mo\u017enost\u00ed, ktor\u00e9 v\u00e1s zabavia:<\/p>\n<ul>\n<li><strong>\ud83e\udd3f \u0160norchlovac\u00ed v\u00fdstroj:<\/strong> Objavujte podmorsk\u00fd svet s prilo\u017eenou maskou a plutvami.<\/li>\n<li><strong>\ud83c\udf4c Jazda na ban\u00e1novom \u010dlne:<\/strong> Spr\u00edjemnite si de\u0148 bezplatnou plavbou na ban\u00e1noch.<\/li>\n<li><strong>\ud83c\udfc4\u200d\u2640\ufe0f Pou\u017e\u00edvanie p\u00e1diel:<\/strong> Vysk\u00fa\u0161ajte p\u00e1dlovanie v stoji a vychutnajte si pokojn\u00e9 vody z\u00e1bavn\u00fdm a relaxa\u010dn\u00fdm sp\u00f4sobom.<\/li>\n<li>Pre kompletn\u00e9 dobrodru\u017estvo s\u00fa k dispoz\u00edcii aj z\u013eavy na \u010fal\u0161ie vodn\u00e9 \u0161porty.<\/li>\n<\/ul>\n<h3>\ud83d\udea4 Silvia Mo\u017enosti v\u00fdletov na jachte<\/h3>\n<p>Vyberte si z dvoch d\u013a\u017eok trvania v\u00fdletu, ktor\u00e9 zodpovedaj\u00fa v\u00e1\u0161mu rozvrhu a preferenci\u00e1m:<\/p>\n<ul>\n<li><strong>3-hodinov\u00fd s\u00fakromn\u00fd charter:<\/strong> Kr\u00e1tka, ale luxusn\u00e1 dovolenka s dostatkom \u010dasu na k\u00fapanie, \u0161norchlovanie a relax\u00e1ciu.\n<ul>\n<li>\u010cas odchodu: 09:00-12:00, 12:00-15:00 alebo 15:00-18:00.<\/li>\n<\/ul>\n<\/li>\n<li><strong>S\u00fakromn\u00e1 6hodinov\u00e1 charterov\u00e1 letenka:<\/strong> Pred\u013a\u017een\u00e1 cesta, po\u010das ktorej sa m\u00f4\u017eete naplno ponori\u0165 do pr\u00edrodn\u00fdch kr\u00e1s ostrova Gran Canaria.\n<ul>\n<li>\u010cas odchodu: Odchody: 09:00-15:00, 12:00-18:00 alebo 15:00-21:00 (len v letnej sez\u00f3ne).<\/li>\n<\/ul>\n<\/li>\n<\/ul>\n<h3>\ud83e\udd42 \u010co je zahrnut\u00e9 v cene pren\u00e1jmu va\u0161ej jachty<\/h3>\n<p>Va\u0161a str\u00e1nka <strong>pren\u00e1jom jachty Gran Canaria<\/strong> zah\u0155\u0148a v\u0161etko, \u010do potrebujete na nezabudnute\u013en\u00fd de\u0148 na mori:<\/p>\n<ul>\n<li>Ob\u010derstvenie ako \u010dipsy a orie\u0161ky.<\/li>\n<li>N\u00e1poje z otvoren\u00e9ho baru vr\u00e1tane piva, nealkoholick\u00fdch n\u00e1pojov a vody.<\/li>\n<li>\u0160norchlovanie, pou\u017e\u00edvanie paddleboardu a bezplatn\u00e1 jazda na ban\u00e1ne.<\/li>\n<li>Doprava do hotelov na juhu ostrova Gran Canaria a sp\u00e4\u0165 (na po\u017eiadanie).<\/li>\n<li>Poistenie pre v\u00e1\u0161 pokoj.<\/li>\n<li>Volite\u013en\u00fd obed (10 \u20ac na osobu, vy\u017eiadajte si po\u010das rezerv\u00e1cie).<\/li>\n<\/ul>\n<h3>\ud83d\udccd Podrobnosti o odchode<\/h3>\n<ul>\n<li><strong>Umiestnenie:<\/strong> <a href=\"https:\/\/maps.app.goo.gl\/Xhe545W98um3rx6W8\" target=\"_blank\" rel=\"noopener\">Puerto de Mog\u00e1n<\/a>, Gran Canaria.<\/li>\n<li><strong>Doprava:<\/strong> Pre v\u00e4\u010d\u0161ie pohodlie je k dispoz\u00edcii volite\u013en\u00e1 slu\u017eba vyzdvihnutia.<\/li>\n<li><strong>\u010casy:<\/strong> Viacero denn\u00fdch odchodov pod\u013ea v\u00e1\u0161ho rozvrhu.<\/li>\n<\/ul>\n<h3>\u2705 Transparentn\u00e9 storno podmienky<\/h3>\n<p>Uprednost\u0148ujeme v\u00e1\u0161 pokoj a jasn\u00e9 a flexibiln\u00e9 pravidl\u00e1 zru\u0161enia rezerv\u00e1cie:<\/p>\n<ul>\n<li><strong>Z\u00e1ruka po\u010dasia:<\/strong> V pr\u00edpade nebezpe\u010dn\u00e9ho po\u010dasia m\u00f4\u017eete zmeni\u0165 term\u00edn alebo v\u00e1m bude vr\u00e1ten\u00e1 cel\u00e1 suma.<\/li>\n<li><strong>Flexibiln\u00e9 zru\u0161enie:<\/strong> Bezplatne zru\u0161te alebo presu\u0148te term\u00edn do 8 dn\u00ed pred cestou. Pri zru\u0161en\u00ed do 8 dn\u00ed pred pl\u00e1novan\u00fdm odchodom sa z\u00e1lohy nevracaj\u00fa.<\/li>\n<\/ul>\n<h3>\ud83d\udc68\u200d\u2708\ufe0f Tipy pre va\u0161e dobrodru\u017estvo na jachte Silvia<\/h3>\n<p>Maximalizujte svoj de\u0148 na mori pomocou t\u00fdchto tipov:<\/p>\n<ul>\n<li>Vezmite si plavky, uter\u00e1k a opa\u013eovac\u00ed kr\u00e9m.<\/li>\n<li>Oble\u010dte si pohodln\u00e9 oble\u010denie vhodn\u00e9 pre dan\u00e9 po\u010dasie.<\/li>\n<li>Pripravte si l\u00edstok CanaryVIP, ktor\u00fd si m\u00f4\u017eete vytla\u010di\u0165 alebo ulo\u017ei\u0165 do telef\u00f3nu.<\/li>\n<li>Aby ste sa vyhli morskej chorobe, zjedzte predt\u00fdm \u013eahk\u00e9 jedlo.<\/li>\n<\/ul>\n<h3>\ud83c\udf1f Pre\u010do si objedna\u0165 CanaryVIP<\/h3>\n<p>V spolo\u010dnosti CanaryVIP sme nad\u0161en\u00ed pre vytv\u00e1ranie nezabudnute\u013en\u00fdch z\u00e1\u017eitkov na vode. \u010ci u\u017e h\u013ead\u00e1te <strong>luxusn\u00e1 jachta v Gran Canaria<\/strong> alebo dobrodru\u017estvo pln\u00e9 z\u00e1bavy, pon\u00fakame to najlep\u0161ie <a href=\"https:\/\/canaryvip.com\/sk\/shop\/magic-island-yacht-charter-gran-canaria\/\"><strong>pren\u00e1jom lod\u00ed na Gran Canarii<\/strong><\/a> mo\u017enosti prisp\u00f4soben\u00e9 va\u0161im potreb\u00e1m.<\/p>\n<p>Rezervujte si <strong>Silvia Yacht Charter<\/strong> a vydajte sa na cestu pln\u00fa oddychu, dobrodru\u017estva a \u00fachvatn\u00fdch v\u00fdh\u013eadov.<\/p>\n<p>\ud83d\udc49 <a href=\"https:\/\/canaryvip.com\/sk\/\" target=\"_new\" rel=\"noopener\"><span>Rezerva<\/span><span> Teraz<\/span><\/a> a pozdvihnite svoj z\u00e1\u017eitok z dovolenky!<\/p>","protected":false},"excerpt":{"rendered":"<p><strong>\ud83d\udd0d Magic Island Gran Canaria:<\/strong><br \/>\n\u2705 Bezpe\u010dn\u00e1 platba.<br \/>\n\ud83d\udd10 S\u00fakromn\u00e9 prehliadky.<br \/>\n\ud83d\udee5\ufe0f 13m Yacht Comfort.<br \/>\n\u23f3 Denn\u00e9 prehliadky 3H a 6H.<br \/>\n\ud83d\udd59 R\u00f4zne \u010dasy odchodu.<br \/>\n\ud83d\udc65 Maxim\u00e1lne 12 host\u00ed.<br \/>\n\ud83e\udd3f Vybavenie na \u0161norchlovanie je k dispoz\u00edcii.<br \/>\n\ud83d\ude8c Vyzdvihnutie a odovzdanie.<br \/>\n\ud83e\udd11 Garancia najlep\u0161ej ceny.<br \/>\n\ud83d\udc6a Z\u013eavy aktivovan\u00e9.<br \/>\n\ud83d\udd01 Storno do 8 dn\u00ed.<br \/>\n\ud83c\udf0d Viacjazy\u010dn\u00e1 pos\u00e1dka.<br \/>\n\ud83c\udf1f Rezervujte si v\u010das a u\u0161etrite!<br \/>\n\ud83d\udccd Odchod z <a href=\"https:\/\/maps.app.goo.gl\/4TJkgAg6UBpnsyhm9\">Puerto de Mog\u00e1n<\/a>.<\/p>","protected":false},"featured_media":12219,"comment_status":"open","ping_status":"closed","template":"","meta":{"_acf_changed":false},"product_brand":[],"product_cat":[132],"product_tag":[],"class_list":{"0":"post-11971","1":"product","2":"type-product","3":"status-publish","4":"has-post-thumbnail","6":"product_cat-boat-hire-gran-canaria","7":"wcpa_has_options","9":"first","10":"instock","11":"virtual","12":"purchasable","13":"product-type-simple"},"acf":[],"wcpa_form_fields":{"wcpaData":{"product":{"product_price":450,"price_html":"From&nbsp;<span class=\"woocommerce-Price-amount amount\"><bdi>450,00&nbsp;<span class=\"woocommerce-Price-currencySymbol\">&euro;<\/span><\/bdi><\/span>","original_product_price":450,"price_including_tax":450,"price_excluding_tax":450,"product_id":{"parent":11971,"variation":false},"is_variable":false,"stock_status":"instock","stock_quantity":null,"parent_sku":"CV11971","product_attributes":[],"custom_fields":[],"is_taxable":false,"product_name":"Silvia: Yacht Charter<br\/>Gran Canaria","hasImage":false},"fields":{"sec_26687d4f04b1a4":{"extra":{"key":"sec_26687d4f04b1a4","section_id":"sec_26687d4f04b1a4","name":"Default","status":1,"cl_rule":"show","enableCl":false,"relations":[],"toggle":true,"title_tag":"h3","show_title":false,"showPrice":"default","form_id":12255,"form_rules":{"exclude_from_discount":true,"fee_label":"Fee","disp_hide_options_price":true,"disp_show_section_price":false,"disp_show_field_price":true,"layout_option":"standard","pric_use_as_fee":false,"process_fee_as":"woo_fee"},"layout_option":"standard"},"fields":[[{"label":"\ud83d\udcc5 Date","active":true,"required":true,"elementId":"date_106687d4f04b1c4","picker_type":"custom","picker_mode":"single","placeholder":"","description":"","tooltip":"","name":"date_106687d4f04b1c4","label_position":"default","desc_position":"default","enablePrice":false,"className":"","enableCl":false,"relations":[{"operator":"and","rules":[{"operator":"AND","rules":{"cl_field":"radio-group_565c78ffa81208","cl_relation":"is","cl_val":"3 Hour Trip"}}]}],"date_pic_inline":true,"date_pic_inline_hide":true,"min_date":{"type":"days","val":"2"},"max_date":{"type":"days","val":"365"},"date_pic_conf":{"disabledWeeks":[]},"price":"","cl_rule":"show","col":6,"type":"date","error":false,"enableDesign":false,"LabelColor":"","gt_translate_keys":["label","placeholder","description","tooltip"],"price_dependency":false,"cl_dependency":false,"value":""}],[{"elementId":"separator_76687d4f04b1e0","separatorType":"blank","className":"","height":"3","enableCl":false,"relations":false,"cl_rule":"show","col":6,"type":"separator","error":false,"gt_translate_keys":[],"price_dependency":false,"cl_dependency":false,"value":""}],[{"active":true,"col":6,"relations":false,"cl_rule":"show","enableCl":false,"price":"","enablePrice":true,"className":"","label_position":"default","desc_position":"default","type":"select","required":true,"elementId":"select_96687d4f04b1ea","label":"\u23f3 Trip Duration","name":"select_96687d4f04b1ea","values":[{"label":"3 Hours (450\u20ac)","value":"3","selected":false,"tempId":"aco_556","price":"450","gt_translate_keys":["label"]},{"label":"6 Hours (800\u20ac)","value":"6","selected":false,"tempId":"aco_122","price":"800","gt_translate_keys":["label"]}],"dropdown_type":"basic","error":false,"placeholder":"Select Trip Duration","priceOptions":"different_for_all","pricingType":"fixed","is_show_price":false,"gt_translate_keys":["label","placeholder"],"price_dependency":false,"cl_dependency":false,"value":""}],[{"label":"\u2705 Number of People","active":true,"required":true,"elementId":"select_86687d4f04b1f4","dropdown_type":"basic","placeholder":"Select Number of People","name":"select_86687d4f04b1f4","label_position":"default","desc_position":"default","enablePrice":false,"className":"","enableCl":false,"relations":[{"operator":false,"rules":[{"operator":"AND","rules":{"cl_field":"radio-group_565c78ffa81208","cl_relation":"is","cl_val":"3 Hour Trip"}}]}],"values":[{"label":"1 person","value":"1","selected":false,"tempId":"aco_1471","price":"0","gt_translate_keys":["label"]},{"label":"2 people","value":"2","selected":false,"tempId":"aco_1472","price":"0","gt_translate_keys":["label"]},{"label":"3 people","value":"3","selected":false,"tempId":"aco_1500","price":"0","gt_translate_keys":["label"]},{"label":"4 people","value":"4","selected":false,"tempId":"aco_1510","price":"0","gt_translate_keys":["label"]},{"label":"5 people","value":"5","selected":false,"tempId":"aco_1520","price":"0","gt_translate_keys":["label"]},{"label":"6 people","value":"6","selected":false,"tempId":"aco_1728","price":"0","gt_translate_keys":["label"]},{"label":"7 people","value":"7","selected":false,"tempId":"aco_1738","price":"0","gt_translate_keys":["label"]},{"label":"8 people","value":"8","selected":false,"tempId":"aco_1748","price":"0","gt_translate_keys":["label"]}],"price":"","cl_rule":"show","col":6,"type":"select","error":false,"priceOptions":"different_for_all","pricingType":"fixed","is_show_price":false,"gt_translate_keys":["label","placeholder"],"price_dependency":["select_86687d4f04b1fe"],"cl_dependency":false,"value":""}],[{"active":true,"col":6,"relations":false,"cl_rule":"show","enableCl":false,"price":"","enablePrice":true,"className":"","label_position":"default","desc_position":"default","type":"select","required":false,"elementId":"select_86687d4f04b1fe","label":"\ud83c\udf57 Meal (+10\u20ac\/person)","name":"select_86687d4f04b1fe","values":[{"label":"No","value":"No","selected":false,"tempId":"aco_2562","price":"","gt_translate_keys":["label"]},{"label":"Yes (+10\u20ac\/person)","value":"Yes","selected":false,"tempId":"aco_2563","price":"{field.select_86687d4f04b1f4.value}*10","gt_translate_keys":["label"]}],"dropdown_type":"basic","error":false,"description":"Snacks and drinks are included. If you want an extra meal, please select this option. The meal is marinated chicken with mojo potatoes and coleslaw.","priceOptions":"different_for_all","pricingType":"custom","isTemplate":false,"is_show_price":true,"gt_translate_keys":["label","description"],"price_dependency":false,"cl_dependency":false,"value":""}]]},"sec_106687d4f04b227":{"extra":{"key":"sec_106687d4f04b227","section_id":"sec_106687d4f04b227","name":"Pickup Location","status":1,"cl_rule":"show","enableCl":false,"relations":[],"toggle":true,"title_tag":"h4","show_title":false,"showPrice":"default","form_id":12255,"form_rules":{"exclude_from_discount":true,"fee_label":"Fee","disp_hide_options_price":true,"disp_show_section_price":false,"disp_show_field_price":true,"layout_option":"standard","pric_use_as_fee":false,"process_fee_as":"woo_fee"},"layout_option":"standard"},"fields":[[{"elementId":"separator_16687d4f04b232","separatorType":"blank","className":"","height":"3","enableCl":false,"relations":false,"cl_rule":"show","col":6,"type":"separator","error":false,"gt_translate_keys":[],"price_dependency":false,"cl_dependency":false,"value":""}],[{"active":true,"col":6,"relations":[{"operator":false,"rules":[{"operator":"AND","rules":{"cl_field":"radio-group_565c78ffa81208","cl_relation":"is","cl_val":"3 Hour Trip"}}]}],"cl_rule":"show","enableCl":false,"price":"","enablePrice":false,"className":"","label_position":"default","desc_position":"default","type":"select","required":false,"elementId":"select_66687d4f04b23c","label":"\u23f0 Departure","name":"select_66687d4f04b23c","values":[{"label":"09:00","value":"09:00","selected":false,"tempId":"aco_1471","gt_translate_keys":["label"]},{"label":"12:00","value":"12:00","selected":false,"tempId":"aco_1510","gt_translate_keys":["label"]},{"label":"15:00","value":"15:00","selected":false,"tempId":"aco_1738","gt_translate_keys":["label"]}],"dropdown_type":"basic","error":false,"placeholder":"Whichever Time is Best","gt_translate_keys":["label","placeholder"],"price_dependency":false,"cl_dependency":false,"value":""}],[{"elementId":"separator_86687d4f04b246","separatorType":"blank","className":"","height":"1","enableCl":false,"relations":false,"cl_rule":"show","col":6,"type":"separator","gt_translate_keys":[],"price_dependency":false,"cl_dependency":false,"value":""}],[{"elementId":"separator_86687d4f04b250","separatorType":"blank","className":"","height":"1","enableCl":false,"relations":false,"cl_rule":"show","col":6,"type":"separator","error":false,"gt_translate_keys":[],"price_dependency":false,"cl_dependency":false,"value":""}],[{"active":true,"col":6,"relations":false,"cl_rule":"show","enableCl":false,"price":"","enablePrice":false,"className":"","label_position":"default","desc_position":"default","type":"text","subtype":"text","required":false,"elementId":"text_66687d4f04b259","label":"\ud83d\ude8c Pickup Location","name":"text_66687d4f04b259","value":"","error":false,"description":"Pick-up service in some locations. Simply provide your address or hotel name. (+2\u20ac\/person paid at pickup to the driver)","gt_translate_keys":["label","description","value"],"price_dependency":false,"cl_dependency":false}]]}},"config":{"price_override":"always","enable_recaptcha":false,"bind_quantity":false,"quantity_bind_formula":false,"disp_summ_show_option_price":true,"disp_summ_show_product_price":false,"disp_summ_show_total_price":true,"disp_summ_show_fee":true,"disp_summ_show_discount":true,"summary_title":"","options_total_label":"Options Price","total_label":"Total Amount","options_product_label":"Product Price","fee_label":"Fee","discount_label":"Discount","has_price":true,"has_quantity_formula":false},"mc_unit":1,"tax_rate":1,"tax_rate_real":1,"discount":{"percentage":0,"fixed":0},"design":{"conf":{"LabelPosition":"above","DescPosition":"above","UploadField":"custom_1","QuantityFieldStyle":"custom_1"},"css":{"LeftLabelWidth":"120px"}},"formulas":{"fmla_1708364241278155361":"(({field.select_3666b1eb2b11fe.value}>=8)?(1400):(({field.select_3666b1eb2b11fe.value}>=7)?(1225):(({field.select_3666b1eb2b11fe.value}>=6)?(1050):(({field.select_3666b1eb2b11fe.value}>=5)?(875):(({field.select_3666b1eb2b11fe.value}>=4)?(700):(({field.select_3666b1eb2b11fe.value}>=3)?(500):(0)))))))","fmla_1718295979528641619":"(({field.select_3666b1eb2b11fe.value}>=8)?(280):(({field.select_3666b1eb2b11fe.value}>=7)?(205):(({field.select_3666b1eb2b11fe.value}>=6)?(150):(({field.select_3666b1eb2b11fe.value}>=5)?(175):(({field.select_3666b1eb2b11fe.value}>=4)?(200):(({field.select_3666b1eb2b11fe.value}>=3)?(150):(0)))))))"},"lookuptables":[],"clones":false,"cartKey":false}},"_links":{"self":[{"href":"https:\/\/canaryvip.com\/sk\/wp-json\/wp\/v2\/product\/11971","targetHints":{"allow":["GET"]}}],"collection":[{"href":"https:\/\/canaryvip.com\/sk\/wp-json\/wp\/v2\/product"}],"about":[{"href":"https:\/\/canaryvip.com\/sk\/wp-json\/wp\/v2\/types\/product"}],"replies":[{"embeddable":true,"href":"https:\/\/canaryvip.com\/sk\/wp-json\/wp\/v2\/comments?post=11971"}],"wp:featuredmedia":[{"embeddable":true,"href":"https:\/\/canaryvip.com\/sk\/wp-json\/wp\/v2\/media\/12219"}],"wp:attachment":[{"href":"https:\/\/canaryvip.com\/sk\/wp-json\/wp\/v2\/media?parent=11971"}],"wp:term":[{"taxonomy":"product_brand","embeddable":true,"href":"https:\/\/canaryvip.com\/sk\/wp-json\/wp\/v2\/product_brand?post=11971"},{"taxonomy":"product_cat","embeddable":true,"href":"https:\/\/canaryvip.com\/sk\/wp-json\/wp\/v2\/product_cat?post=11971"},{"taxonomy":"product_tag","embeddable":true,"href":"https:\/\/canaryvip.com\/sk\/wp-json\/wp\/v2\/product_tag?post=11971"}],"curies":[{"name":"wp","href":"https:\/\/api.w.org\/{rel}","templated":true}]}}