{"id":11626,"date":"2024-06-06T11:14:41","date_gmt":"2024-06-06T10:14:41","guid":{"rendered":"https:\/\/canaryvip.com\/?post_type=product&#038;p=11626"},"modified":"2026-04-10T14:33:12","modified_gmt":"2026-04-10T13:33:12","slug":"natural-pools-masca-los-gigantes-tour","status":"publish","type":"product","link":"https:\/\/canaryvip.com\/sk\/shop\/natural-pools-masca-los-gigantes-tour\/","title":{"rendered":"Prehliadka pr\u00edrodn\u00fdch baz\u00e9nov, Masca a Los Gigantes + piknik"},"content":{"rendered":"<h2>\ud83c\udf0a O prehliadke Masca, pr\u00edrodn\u00e9 baz\u00e9ny a Los Gigantes<\/h2>\n<p>Objavte jednu z najkompletnej\u0161\u00edch <strong>Prehliadky so sprievodcom na Tenerife<\/strong> s t\u00fdmto nezabudnute\u013en\u00fdm z\u00e1\u017eitkom sp\u00e1jaj\u00facim pr\u00edrodu, miestnu kult\u00faru a dychber\u00face v\u00fdh\u013eady. V CanaryVIP v\u00e1m pon\u00fakame mo\u017enos\u0165 presk\u00fama\u0165 skryt\u00e9 skvosty ostrova na tomto <strong>prehliadka Masca so sprievodcom<\/strong>, vr\u00e1tane dramatick\u00fdch \u00fatesov, tradi\u010dn\u00fdch ded\u00edn a sl\u00e1vneho <strong>pr\u00edrodn\u00e9 baz\u00e9ny Tenerife<\/strong> je zn\u00e1my pre.<\/p>\n<p>Tento z\u00e1jazd je ur\u010den\u00fd pre cestovate\u013eov, ktor\u00ed chc\u00fa spozna\u0165 in\u00fa str\u00e1nku Tenerife v malej skupine, s osobnej\u0161ou a uvo\u013enenej\u0161ou atmosf\u00e9rou.<\/p>\n<h3>Najd\u00f4le\u017eitej\u0161ie momenty prehliadky: Masca, pr\u00edrodn\u00e9 baz\u00e9ny a Los Gigantes<\/h3>\n<ul>\n<li>\ud83c\udf04 <strong>Panoramatick\u00fd poh\u013ead:<\/strong> Vychutnajte si n\u00e1dhern\u00fd v\u00fdh\u013ead na \u00fadolie Masca, ktor\u00e9 patr\u00ed k najp\u00f4sobivej\u0161\u00edm krajin\u00e1m na Tenerife.<\/li>\n<li>\ud83c\udfd8\ufe0f <strong>Masca Village:<\/strong> Pribli\u017ene 1 hodinu str\u00e1vite prehliadkou tejto p\u00f4vabnej horskej dedinky. Prejdite sa jej \u00fazkymi uli\u010dkami, objavte miestne v\u00fdrobky a nasajte jedine\u010dn\u00fa atmosf\u00e9ru.<\/li>\n<li>\ud83c\udfd4\ufe0f <strong>\u00datesy Los Gigantes:<\/strong> Nav\u0161t\u00edvte sl\u00e1vne \u00fatesy t\u00fd\u010diace sa a\u017e 600 metrov nad oce\u00e1nom, ktor\u00e9 s\u00fa jednou z najzn\u00e1mej\u0161\u00edch pr\u00edrodn\u00fdch pamiatok na ostrove.<\/li>\n<li>\ud83c\udfca <strong>Pr\u00edrodn\u00e9 vulkanick\u00e9 baz\u00e9ny a piknik:<\/strong> Osvie\u017ete sa v pr\u00edrodn\u00fdch vulkanick\u00fdch baz\u00e9noch pri mori a vychutnajte si relaxa\u010dn\u00fd piknik v kr\u00e1snom pobre\u017enom prostred\u00ed.<\/li>\n<\/ul>\n<h3>\u010co je s\u00fa\u010das\u0165ou v\u00e1\u0161ho z\u00e1\u017eitku<\/h3>\n<ul>\n<li>\ud83e\uddd1\u200d\ud83c\udfeb Miestny odborn\u00fd sprievodca s d\u00f4kladnou znalos\u0165ou oblasti.<\/li>\n<li>\ud83d\udee0\ufe0f V\u0161etko potrebn\u00e9 vybavenie pre dan\u00fa \u010dinnos\u0165.<\/li>\n<li>\ud83d\udee1\ufe0f Poistenie aktiv\u00edt pre v\u00e1\u0161 pokoj.<\/li>\n<li>\ud83d\ude90 Doprava z\/do miesta stretnutia v pohodlnej 9-miestnej dod\u00e1vke.<\/li>\n<li>\ud83d\udcf8 Fotografie a vide\u00e1 z va\u0161ich z\u00e1\u017eitkov, aby ste si domov odniesli nezabudnute\u013en\u00e9 spomienky.<\/li>\n<\/ul>\n<h3>Z\u00e1kladn\u00e9 inform\u00e1cie o prehliadke<\/h3>\n<ul>\n<li>\ud83d\udd52 <strong>\u010cas za\u010diatku:<\/strong> Zima o 15:00 | Leto o 16:00.<\/li>\n<li>\u23f3 <strong>Trvanie:<\/strong> Pribli\u017ene 5 hod\u00edn.<\/li>\n<li>\ud83d\udc65 <strong>Sk\u00fasenosti s mal\u00fdmi skupinami:<\/strong> Pre individu\u00e1lnej\u0161ie prehliadky je k dispoz\u00edcii obmedzen\u00fd po\u010det miest.<\/li>\n<li>\ud83d\udccd <strong>Doprava:<\/strong> Cestujte v pohodlnej 9-miestnej dod\u00e1vke.<\/li>\n<li>\ud83e\udde5 <strong>\u010co si prinies\u0165:<\/strong> Pohodln\u00e9 oble\u010denie, plavky a uter\u00e1k do pr\u00edrodn\u00fdch baz\u00e9nov.<\/li>\n<\/ul>\n<h3>D\u00f4le\u017eit\u00e9 inform\u00e1cie a z\u00e1sady<\/h3>\n<ul>\n<li>\ud83d\udd04 <strong>Storno podmienky:<\/strong> Bezplatn\u00e9 zru\u0161enie rezerv\u00e1cie je mo\u017en\u00e9, ak o\u0148 po\u017eiadate aspo\u0148 72 hod\u00edn vopred v pr\u00edpade rezerv\u00e1cie pre maxim\u00e1lne 2 osoby. V pr\u00edpade rezerv\u00e1cie pre 3 a\u017e 7 os\u00f4b je potrebn\u00e9 ozn\u00e1menie minim\u00e1lne 5 dn\u00ed vopred. V pr\u00edpade skup\u00edn s viac ako 7 osobami je potrebn\u00e9 zru\u0161i\u0165 rezerv\u00e1ciu minim\u00e1lne 10 dn\u00ed vopred. Vzh\u013eadom na obmedzen\u00fa dostupnos\u0165 a mal\u00fa ve\u013ekos\u0165 skupiny m\u00f4\u017ee by\u0165 neskor\u00e9 zru\u0161enie rezerv\u00e1cie alebo nedostavenie sa na rezerv\u00e1ciu spoplatnen\u00e9 v plnej v\u00fd\u0161ke. V\u017edy odpor\u00fa\u010dame v\u010dasn\u00e9 potvrdenie va\u0161ich pl\u00e1nov.<\/li>\n<li>\ud83d\udd52 <strong>Dochv\u00ed\u013enos\u0165:<\/strong> Na miesto stretnutia sa dostavte v\u010das, aby ste zabezpe\u010dili hladk\u00fd za\u010diatok skupiny.<\/li>\n<li>\u26a0\ufe0f <strong>Obmedzen\u00e1 dostupnos\u0165:<\/strong> Tento z\u00e1\u017eitok sa realizuje v mal\u00fdch skupin\u00e1ch, tak\u017ee po\u010det miest je ve\u013emi obmedzen\u00fd a b\u00fdva r\u00fdchlo vypredan\u00fd.<\/li>\n<\/ul>\n<h4>Podpora na turn\u00e9<\/h4>\n<ul>\n<li>\u2714\ufe0f V spolo\u010dnosti CanaryVIP starostlivo vyber\u00e1me sk\u00fasenosti, aby sme zaistili kvalitu a bezpe\u010dnos\u0165.<\/li>\n<li>\ud83d\udde3\ufe0f Po\u010das prehliadky sa m\u00f4\u017eete kedyko\u013evek obr\u00e1ti\u0165 na svojho sprievodcu a po\u017eiada\u0165 ho o pomoc.<\/li>\n<li>\ud83d\udcde N\u00e1\u0161 t\u00edm je v\u00e1m k dispoz\u00edcii pred a po rezerv\u00e1cii, ak potrebujete pomoc alebo m\u00e1te ot\u00e1zky.<\/li>\n<\/ul>\n<h3>\ud83c\udf0a\ud83c\udfd4\ufe0f Rezervujte si prehliadku Masca a pr\u00edrodn\u00fdch baz\u00e9nov e\u0161te dnes<\/h3>\n<p>Ak h\u013ead\u00e1te jeden z najlep\u0161\u00edch <strong>Prehliadky so sprievodcom na Tenerife<\/strong>, tento z\u00e1\u017eitok v sebe sp\u00e1ja v\u0161etko: hory, oce\u00e1n, kult\u00faru a relax\u00e1ciu. Od jedine\u010dn\u00e9ho \u0161armu dediny Masca a\u017e po osvie\u017euj\u00face <strong>pr\u00edrodn\u00e9 baz\u00e9ny Tenerife<\/strong> Ponuky, ka\u017ed\u00fd okamih je navrhnut\u00fd tak, aby bol nezabudnute\u013en\u00fd.<\/p>\n<p>V spolo\u010dnosti CanaryVIP rob\u00edme rezerv\u00e1cie jednoducho a spo\u013eahlivo, tak\u017ee sa m\u00f4\u017eete s\u00fastredi\u0165 na to, aby ste si u\u017eili svoju cestu. \u010ci u\u017e nav\u0161tevujete Tenerife po prv\u00fdkr\u00e1t, alebo sa vraciate, aby ste ho spoznali viac, t\u00e1to <strong>prehliadka Masca so sprievodcom<\/strong> je z\u00e1\u017eitok, ktor\u00fd mus\u00edte za\u017ei\u0165.<\/p>\n<p>Zabezpe\u010dte si miesto u\u017e teraz a objavte Tenerife inak.<\/p>","protected":false},"excerpt":{"rendered":"<p><strong>\ud83d\udd0d Podrobnosti o prehliadke:<\/strong><br \/>\n\u2705 Bezpe\u010dn\u00e1 platba.<br \/>\n\ud83c\udf04 Presk\u00famajte dedinu Masca.<br \/>\n\ud83d\udca6 Objavte pr\u00edrodn\u00e9 baz\u00e9ny.<br \/>\n\ud83c\udfd4\ufe0f Nav\u0161t\u00edvte \u00fates Los Gigantes.<br \/>\n\ud83e\udd6a Piknik v cene.<br \/>\n\ud83d\udcc5 Ka\u017ed\u00fd de\u0148.<br \/>\n\u23f0 Trvanie Pribli\u017ene 5 hod.<br \/>\n\ud83d\ude8c VAN a\u017e pre 9 os\u00f4b.<br \/>\n\ud83d\ude90 vyzdvihnutie a odovzdanie v hoteli.<br \/>\n\ud83d\udd04 72-hodinov\u00e9 bezplatn\u00e9 zru\u0161enie rezerv\u00e1cie.<br \/>\n\ud83e\udd11 Garancia najlep\u0161ej ceny.<br \/>\n\ud83c\udf81 K dispoz\u00edcii s\u00fa skupinov\u00e9 z\u013eavy.<br \/>\n\ud83c\udf1f Rezervujte teraz a u\u0161etrite!<\/p>","protected":false},"featured_media":16977,"comment_status":"open","ping_status":"closed","template":"","meta":{"_acf_changed":false},"product_brand":[],"product_cat":[52],"product_tag":[],"class_list":{"0":"post-11626","1":"product","2":"type-product","3":"status-publish","4":"has-post-thumbnail","6":"product_cat-bus-tours","7":"wcpa_has_options","9":"first","10":"instock","11":"sale","12":"virtual","13":"purchasable","14":"product-type-simple"},"acf":[],"wcpa_form_fields":{"wcpaData":{"product":{"product_price":85,"price_html":"From&nbsp;<del aria-hidden=\"true\"><span class=\"woocommerce-Price-amount amount\"><bdi>90,00&nbsp;<span class=\"woocommerce-Price-currencySymbol\">&euro;<\/span><\/bdi><\/span><\/del> <span class=\"screen-reader-text\">P\u00f4vodn\u00e1 cena bola: 90,00&nbsp;&euro;.<\/span><ins aria-hidden=\"true\"><span class=\"woocommerce-Price-amount amount\"><bdi>85,00&nbsp;<span class=\"woocommerce-Price-currencySymbol\">&euro;<\/span><\/bdi><\/span><\/ins><span class=\"screen-reader-text\">Aktu\u00e1lna cena je: 85,00&nbsp;&euro;.<\/span>","original_product_price":90,"price_including_tax":85,"price_excluding_tax":85,"product_id":{"parent":11626,"variation":false},"is_variable":false,"stock_status":"instock","stock_quantity":null,"parent_sku":"CV11626","product_attributes":[],"custom_fields":[],"is_taxable":false,"product_name":"Natural Pools, Masca & Los Gigantes Tour + Picnic","hasImage":false},"fields":{"sec_169cd3c7b1d53f":{"extra":{"key":"sec_169cd3c7b1d53f","section_id":"sec_169cd3c7b1d53f","name":"South Tenerife","status":1,"cl_rule":"show","enableCl":false,"relations":[{"operator":false,"rules":[{"operator":"AND","rules":{"cl_field":"radio-group_665df45fcbc30b","cl_relation":"is","cl_val":"Siam Park Regular Tickets"}}]}],"toggle":true,"title_tag":"h4","show_title":false,"showPrice":"default","form_id":16980,"form_rules":{"exclude_from_discount":true,"fee_label":"Fee","disp_hide_options_price":true,"disp_show_section_price":false,"disp_show_field_price":true,"layout_option":"standard","pric_use_as_fee":false,"process_fee_as":"woo_fee"},"layout_option":"standard"},"fields":[[{"label":"\ud83d\udcc5 Date","active":true,"required":true,"elementId":"date_869cd3c7b1d560","picker_type":"custom","picker_mode":"single","placeholder":"","description":"","tooltip":"","name":"date_869cd3c7b1d560","label_position":"default","desc_position":"default","enablePrice":false,"className":"","enableCl":false,"relations":[{"operator":"and","rules":[{"operator":"AND","rules":{"cl_field":"radio-group_665df45fcbc30b","cl_relation":"is","cl_val":"3 Hour Trip"}}]}],"date_pic_inline":true,"date_pic_inline_hide":true,"min_date":{"type":"days","val":"2"},"max_date":{"type":"days","val":"180"},"date_pic_conf":{"disabledWeeks":[],"enabledDates":[]},"price":"","cl_rule":"show","col":6,"type":"date","error":false,"enableDesign":false,"LabelColor":"","value":"2024-07-04","isWeightTemplate":false,"isTemplate":false,"min_quantity":"1","quantity_decimal":false,"quantity_step":"1","quantity_label":"Quantity","repeater_field_label":"{field_label}","repeater_bind":"","gt_translate_keys":["label","placeholder","description","value","tooltip","repeater_field_label","quantity_label"],"price_dependency":false,"cl_dependency":false}],[{"elementId":"separator_569cd3c7b1d57a","separatorType":"blank","className":"","height":"10","enableCl":false,"relations":false,"cl_rule":"show","col":6,"type":"separator","gt_translate_keys":[],"price_dependency":false,"cl_dependency":false,"value":""}],[{"active":true,"col":6,"relations":false,"cl_rule":"show","enableCl":false,"price":"","enablePrice":false,"className":"","label_position":"default","desc_position":"default","type":"content","required":false,"elementId":"content_369cd3c7b1d585","label":"People","name":"content_369cd3c7b1d585","contentType":"plain","value":"","error":false,"show_in_checkout":true,"inline":false,"gt_translate_keys":["label","value"],"price_dependency":false,"cl_dependency":false}],[{"active":true,"col":6,"relations":[{"operator":false,"rules":[{"operator":"AND","rules":{"cl_field":"","cl_relation":"","cl_val":""}}]}],"cl_rule":"show","enableCl":true,"price":"85","enablePrice":true,"className":"","label_position":"default","desc_position":"default","type":"radio-group","required":false,"elementId":"radio-group_969cd3c7b1d590","label":"","name":"radio-group_969cd3c7b1d590","values":[{"label":"\ud83d\udc64 People (85\u20ac)","value":"Adult","selected":true,"tempId":"aco_32","tooltip":"+12 Years","description":"","gt_translate_keys":["label","tooltip","description"]}],"layOut":"","error":false,"checkUi":"button","priceOptions":"fixed_for_all","pricingType":"fixed","enable_quantity":true,"quantity_label":"","min_quantity":"0","options_tooltip":true,"options_description":true,"isWeightTemplate":false,"isTemplate":false,"quantity_decimal":false,"quantity_step":"1","repeater_field_label":"{field_label}","repeater_bind":"","gt_translate_keys":["label","repeater_field_label","quantity_label"],"price_dependency":false,"cl_dependency":false,"value":""}],[{"active":true,"col":6,"relations":false,"cl_rule":"show","enableCl":false,"price":"","enablePrice":false,"className":"","label_position":"default","desc_position":"default","type":"separator","required":false,"elementId":"separator_269cd3c7b1d5af","label":"Separator Field","height":"7","separatorType":"blank","error":false,"gt_translate_keys":["label"],"price_dependency":false,"cl_dependency":false,"value":""}],[{"active":true,"col":6,"relations":false,"cl_rule":"show","enableCl":false,"price":"","enablePrice":false,"className":"","label_position":"default","desc_position":"default","type":"text","subtype":"text","required":false,"elementId":"text_369cd3c7b1d5b8","label":"\ud83d\ude8c Pickup Location","name":"text_369cd3c7b1d5b8","value":"","description":"Pick-up service in South Tenerife. Simply provide your address or hotel name.","error":false,"isWeightTemplate":false,"isTemplate":false,"min_quantity":"1","quantity_decimal":false,"quantity_step":"1","quantity_label":"Quantity","repeater_field_label":"{field_label}","repeater_bind":"","gt_translate_keys":["label","description","value","repeater_field_label","quantity_label"],"price_dependency":false,"cl_dependency":false}]]}},"config":{"price_override":"always","enable_recaptcha":false,"bind_quantity":false,"quantity_bind_formula":false,"disp_summ_show_option_price":true,"disp_summ_show_product_price":false,"disp_summ_show_total_price":true,"disp_summ_show_fee":true,"disp_summ_show_discount":true,"summary_title":"","options_total_label":"Options Price","total_label":"Total Amount","options_product_label":"Product Price","fee_label":"Fee","discount_label":"Discount","has_price":true,"has_quantity_formula":false},"mc_unit":1,"tax_rate":1,"tax_rate_real":1,"discount":{"percentage":0,"fixed":0},"design":{"conf":{"LabelPosition":"above","DescPosition":"above","UploadField":"custom_1","QuantityFieldStyle":"custom_1"},"css":{"LeftLabelWidth":"120px"}},"formulas":[],"lookuptables":[],"clones":false,"cartKey":false}},"_links":{"self":[{"href":"https:\/\/canaryvip.com\/sk\/wp-json\/wp\/v2\/product\/11626","targetHints":{"allow":["GET"]}}],"collection":[{"href":"https:\/\/canaryvip.com\/sk\/wp-json\/wp\/v2\/product"}],"about":[{"href":"https:\/\/canaryvip.com\/sk\/wp-json\/wp\/v2\/types\/product"}],"replies":[{"embeddable":true,"href":"https:\/\/canaryvip.com\/sk\/wp-json\/wp\/v2\/comments?post=11626"}],"wp:featuredmedia":[{"embeddable":true,"href":"https:\/\/canaryvip.com\/sk\/wp-json\/wp\/v2\/media\/16977"}],"wp:attachment":[{"href":"https:\/\/canaryvip.com\/sk\/wp-json\/wp\/v2\/media?parent=11626"}],"wp:term":[{"taxonomy":"product_brand","embeddable":true,"href":"https:\/\/canaryvip.com\/sk\/wp-json\/wp\/v2\/product_brand?post=11626"},{"taxonomy":"product_cat","embeddable":true,"href":"https:\/\/canaryvip.com\/sk\/wp-json\/wp\/v2\/product_cat?post=11626"},{"taxonomy":"product_tag","embeddable":true,"href":"https:\/\/canaryvip.com\/sk\/wp-json\/wp\/v2\/product_tag?post=11626"}],"curies":[{"name":"wp","href":"https:\/\/api.w.org\/{rel}","templated":true}]}}