{"id":11582,"date":"2024-06-03T16:40:35","date_gmt":"2024-06-03T15:40:35","guid":{"rendered":"https:\/\/canaryvip.com\/?post_type=product&#038;p=11582"},"modified":"2025-12-11T18:13:25","modified_gmt":"2025-12-11T18:13:25","slug":"stargazing-tenerife-teide-by-night","status":"publish","type":"product","link":"https:\/\/canaryvip.com\/sk\/shop\/stargazing-tenerife-teide-by-night\/","title":{"rendered":"Star Tour Tenerife:<br\/>Teide v noci + ve\u010dera"},"content":{"rendered":"<h2>\ud83d\ude8c O pozorovan\u00ed hviezd na Tenerife: Teide v noci<\/h2>\n<p>Str\u00e1nka <strong>Teide v noci<\/strong> v\u00fdlet, ktor\u00fd pon\u00faka agent\u00fara CanaryVIP, je jedn\u00fdm z najviac v\u00fdnimo\u010dn\u00fdch sp\u00f4sobov, ako za\u017ei\u0165 horu Teide po z\u00e1pade slnka. T\u00fato exkurziu organizuje miestny prev\u00e1dzkovate\u013e a kombinuje kr\u00e1snu zast\u00e1vku pri z\u00e1pade slnka, vulkanick\u00fa scen\u00e9riu a relaxa\u010dn\u00e9 pozorovanie hviezd na jednej z najjasnej\u0161\u00edch oblohy v Eur\u00f3pe. N\u00e1rodn\u00fd park Teide je certifikovan\u00fd ako Starlight Destination, \u010do znamen\u00e1, \u017ee jeho obloha je mimoriadne \u010dist\u00e1 a bez sveteln\u00e9ho zne\u010distenia.<\/p>\n<h3>Najd\u00f4le\u017eitej\u0161ie momenty prehliadky: Teide v noci<\/h3>\n<ul>\n<li>\ud83c\udf04 <strong>Zast\u00e1vka pri z\u00e1pade slnka<\/strong>: Z\u00e1\u017eitok za\u010d\u00edna zast\u00e1vkou, po\u010das ktorej si m\u00f4\u017eete vychutna\u0165 z\u00e1pad slnka z jedn\u00e9ho z vyhliadkov\u00fdch bodov v n\u00e1rodnom parku. Meniace sa farby oblohy vytv\u00e1raj\u00fa pokojn\u00fa a nezabudnute\u013en\u00fa atmosf\u00e9ru, ide\u00e1lnu na fotografovanie pred ve\u010dern\u00fdm pozorovan\u00edm hviezd.<\/li>\n<li>\ud83d\udd2d <strong>Z\u00e1\u017eitok z pozorovania hviezd na Tenerife<\/strong>: Akon\u00e1hle sa zotmie, sprievodca vysvetl\u00ed s\u00fahvezdia jasn\u00fdm a priate\u013esk\u00fdm sp\u00f4sobom pomocou laserov\u00e9ho ukazov\u00e1tka. K dispoz\u00edcii je \u010falekoh\u013ead, aby hostia mohli pozorova\u0165 hviezdy, plan\u00e9ty a objekty hlbok\u00e9ho vesm\u00edru a z\u00e1rove\u0148 sa dozvedie\u0165 zauj\u00edmav\u00e9 pr\u00edbehy spojen\u00e9 s no\u010dnou oblohou.<\/li>\n<li>\ud83c\udfd4\ufe0f <strong>Hora Teide<\/strong>: S v\u00fd\u0161kou 3 715 metrov je hora Teide najvy\u0161\u0161\u00edm vrcholom \u0160panielska a <a href=\"https:\/\/whc.unesco.org\/en\/list\/1258\/\" target=\"_blank\" rel=\"noopener\">Svetov\u00e9 dedi\u010dstvo UNESCO<\/a> Jeho sope\u010dn\u00e9 krajiny p\u00f4sobia takmer nadpozemsky a boli pou\u017eit\u00e9 ako filmov\u00e9 lokality pre nieko\u013eko medzin\u00e1rodn\u00fdch produkci\u00ed.<\/li>\n<li>\ud83c\udf7d\ufe0f <strong>Ve\u010dera<\/strong>: Ve\u010dera je zahrnut\u00e1 v cene a zvy\u010dajne sa pod\u00e1va v kan\u00e1rskej re\u0161taur\u00e1cii, ako je Casa Sira, hoci konkr\u00e9tna re\u0161taur\u00e1cia sa m\u00f4\u017ee l\u00ed\u0161i\u0165 v z\u00e1vislosti od dostupnosti. Jedlo je jednoduch\u00e9 a miestne, vhodn\u00e9 pred pokra\u010dovan\u00edm v pozorovan\u00ed hviezd v noci. Vo v\u0161eobecnosti s\u00fa k dispoz\u00edcii di\u00e9tne mo\u017enosti.<\/li>\n<\/ul>\n<h3>Va\u0161e pozorovanie hviezd na Tenerife zah\u0155\u0148a<\/h3>\n<ul>\n<li>\ud83d\ude8c Odvoz a dovoz z v\u00e1\u0161ho hotela.<\/li>\n<li>\ud83d\udde3\ufe0f Anglicky hovoriaci sprievodcovia, ktor\u00ed po\u010das cel\u00e9ho z\u00e1\u017eitku poskytuj\u00fa vysvetlenia.<\/li>\n<li>\ud83d\udcf8 Nieko\u013eko zast\u00e1vok na fotenie, najm\u00e4 po\u010das z\u00e1padu slnka.<\/li>\n<li>\ud83d\udcdc Cel\u00fd ve\u010der venovan\u00fd objavovaniu krajiny a no\u010dnej oblohy na Teide.<\/li>\n<li>\ud83d\udcb0 Z\u00e1ruka najlep\u0161ej ceny a flexibiln\u00e9 storno podmienky.<\/li>\n<\/ul>\n<h3>Z\u00e1kladn\u00e1 prehliadka hviezd na Tenerife Podrobnosti<\/h3>\n<ul>\n<li>\ud83c\udf9f\ufe0f Prineste si so sebou digit\u00e1lnu vstupenku CanaryVIP.<\/li>\n<li>\ud83d\udeab Autobus nem\u00e1 na palube toaletu a nie je prisp\u00f4soben\u00fd pre pr\u00edstup invalidn\u00e9ho voz\u00edka.<\/li>\n<li>\ud83c\udf7d\ufe0f Ve\u010dera je v cene.<\/li>\n<li>\u23f3 Prehliadka trv\u00e1 pribli\u017ene 6 hod\u00edn.<\/li>\n<li>\ud83e\udde5 Tepl\u00e9 oble\u010denie je nevyhnutn\u00e9, preto\u017ee v noci teploty v\u00fdrazne klesaj\u00fa.<\/li>\n<li>\ud83d\udccc Uve\u010fte presn\u00e9 \u00fadaje o hoteli, aby sme mohli zabezpe\u010di\u0165 spr\u00e1vne odvozov\u00e9 slu\u017eby.<\/li>\n<li>\ud83c\udf25\ufe0f <strong>Ozn\u00e1menie o po\u010das\u00ed<\/strong>: Vidite\u013enos\u0165 hviezd z\u00e1vis\u00ed od poveternostn\u00fdch podmienok a nemo\u017eno ju \u00faplne zaru\u010di\u0165. Prev\u00e1dzkovate\u013e sa v\u017edy vynasna\u017e\u00ed, aby v\u00e1m tento z\u00e1\u017eitok poskytol.<\/li>\n<\/ul>\n<h3>Etiketa a z\u00e1sady prehliadky<\/h3>\n<ul>\n<li>\ud83d\udd04 <strong>Flexibiln\u00e9 zru\u0161enie<\/strong>: Bezplatn\u00e9 zru\u0161enie a\u017e 48 hod\u00edn pred za\u010diatkom z\u00e1\u017eitku. Pre skupiny platia osobitn\u00e9 podmienky: Skupiny od 5 do 7 os\u00f4b m\u00f4\u017eu zru\u0161i\u0165 rezerv\u00e1ciu a\u017e 72 hod\u00edn vopred. Skupiny od 8 do 14 os\u00f4b musia zru\u0161i\u0165 rezerv\u00e1ciu 4 dni vopred. Skupiny s 15 a viac \u010dlenmi musia zru\u0161i\u0165 rezerv\u00e1ciu najmenej 6 dn\u00ed vopred.<\/li>\n<li>\ud83d\udd52 <strong>V\u010dasnos\u0165<\/strong>: Bu\u010fte pros\u00edm pripraven\u00ed na ur\u010denom mieste stretnutia, aby ste nezp\u00f4sobili me\u0161kanie ostatn\u00fdm \u010dlenom skupiny.<\/li>\n<li>\ud83d\udce2 <strong>Dodr\u017eiavanie harmonogramu<\/strong>: Hostia by mali dodr\u017eiava\u0165 pokyny sprievodcu, aby bol z\u00e1\u017eitok pre v\u0161etk\u00fdch hladk\u00fd a pr\u00edjemn\u00fd.<\/li>\n<\/ul>\n<h4>Asistencia a zodpovednos\u0165 na turn\u00e9<\/h4>\n<ul>\n<li>\u2714\ufe0f <strong>Z\u00e1v\u00e4zok poskytova\u0165 slu\u017eby<\/strong>: CanaryVIP zabezpe\u010duje hladk\u00fd proces rezerv\u00e1cie a jasn\u00fa komunik\u00e1ciu pred za\u010diatkom z\u00e1jazdu. Samotn\u00fa aktivitu realizuje licencovan\u00fd miestny prev\u00e1dzkovate\u013e.<\/li>\n<li>\ud83d\udde3\ufe0f <strong>Pomoc po\u010das z\u00e1jazdu<\/strong>: Ak\u00e9ko\u013evek ot\u00e1zky alebo obavy po\u010das z\u00e1\u017eitku m\u00f4\u017eete adresova\u0165 priamo sprievodcovi, ktor\u00fd je na mieste, aby v\u00e1m pomohol.<\/li>\n<li>\ud83d\udcb0 <strong>Politika vr\u00e1tenia pe\u0148az\u00ed v pr\u00edpade probl\u00e9mov s v\u00fdletom<\/strong>: Ak sa po\u010das aktivity vyskytne nie\u010do neo\u010dak\u00e1van\u00e9, vr\u00e1tenie pe\u0148az\u00ed bude prebieha\u0165 pod\u013ea stanoven\u00fdch pravidiel, pri\u010dom v\u017edy bude uprednostnen\u00e1 transparentnos\u0165 a spokojnos\u0165 hos\u0165a.<\/li>\n<\/ul>\n<h3>\ud83c\udf0b\ud83d\ude8c\ud83c\udfde\ufe0f Rezervujte si v\u00fdlet na Teide u\u017e teraz<\/h3>\n<p>Teide by Night je pokojn\u00fd a nezabudnute\u013en\u00fd sp\u00f4sob, ako objavova\u0165 jedno z najzn\u00e1mej\u0161\u00edch miest na Tenerife. Pozorovanie z\u00e1padu slnka z n\u00e1rodn\u00e9ho parku a n\u00e1sledn\u00e9 pozorovanie no\u010dnej oblohy rob\u00ed z tejto prehliadky ob\u013e\u00faben\u00fa atrakciu pre p\u00e1ry, rodiny a v\u0161etk\u00fdch, ktor\u00ed chc\u00fa za\u017ei\u0165 Teide v inom svetle.<\/p>\n<p>Ak by ste chceli park presk\u00fama\u0165 aj po\u010das d\u0148a, pozrite si na\u0161u ponuku <a href=\"https:\/\/canaryvip.com\/sk\/shop\/teide-guided-bus-tour\/\">Poldenn\u00e1 autobusov\u00e1 prehliadka Teide<\/a>. T\u00e1to denn\u00e1 mo\u017enos\u0165 zah\u0155\u0148a vulkanick\u00fa krajinu, vyhliadkov\u00e9 miesta, dedinu Vilaflor a Roques de Garc\u00eda, s mo\u017enos\u0165ou jazdy lanovkou, ak to po\u010dasie dovol\u00ed.<\/p>\n<p>Rezerv\u00e1ciou oboch v\u00fdletov prostredn\u00edctvom CanaryVIP si m\u00f4\u017eete vychutna\u0165 pln\u00fd kontrast Teide, od jeho jasn\u00fdch denn\u00fdch farieb a\u017e po pokojn\u00e9 hviezdne noci.<\/p>\n<p>Va\u0161e dobrodru\u017estvo na Teide je pripraven\u00e9, ke\u010f budete vy.<\/p>","protected":false},"excerpt":{"rendered":"<p><strong>\ud83d\udd0d Teide v noci:<\/strong><br \/>\n\u2705 Bezpe\u010dn\u00e1 platba.<br \/>\n\ud83d\uddfb Nav\u0161t\u00edvte n\u00e1rodn\u00fd park Teide.<br \/>\n\ud83d\udd2d Profesion\u00e1lne \u010falekoh\u013eady.<br \/>\n\ud83c\udf20 Pozrite si Hviezdy a s\u00fahvezdia.<br \/>\n\ud83c\udf7d\ufe0f V cene je zahrnut\u00e9 kan\u00e1rske jedlo.<br \/>\n\ud83e\uddc3 N\u00e1poje v cene.<br \/>\n\ud83d\udcc5 \u00dat, St, \u0160t, Pia, Ne.<br \/>\n\u23f0 Trvanie Pribli\u017ene 6 hod\u00edn.<br \/>\n\ud83d\ude8c Vyzdvihnutie a odovzdanie v hoteli.<br \/>\n\ud83d\udd04 48hr Bezplatn\u00e9 zru\u0161enie.<br \/>\n\ud83e\udd11 Garancia najlep\u0161ej ceny.<br \/>\n\ud83c\udf81 K dispoz\u00edcii s\u00fa skupinov\u00e9 z\u013eavy.<br \/>\n\ud83c\udf0d Sprievodcovia vo va\u0161ich jazykoch.<br \/>\n\ud83c\udf1f Rezervujte teraz a u\u0161etrite!<\/p>","protected":false},"featured_media":11584,"comment_status":"open","ping_status":"closed","template":"","meta":{"_acf_changed":false},"product_brand":[],"product_cat":[52],"product_tag":[],"class_list":{"0":"post-11582","1":"product","2":"type-product","3":"status-publish","4":"has-post-thumbnail","6":"product_cat-bus-tours","7":"wcpa_has_options","9":"first","10":"instock","11":"sale","12":"virtual","13":"purchasable","14":"product-type-simple"},"acf":[],"wcpa_form_fields":{"wcpaData":{"product":{"product_price":79,"price_html":"From&nbsp;<del aria-hidden=\"true\"><span class=\"woocommerce-Price-amount amount\"><bdi>89,00&nbsp;<span class=\"woocommerce-Price-currencySymbol\">&euro;<\/span><\/bdi><\/span><\/del> <span class=\"screen-reader-text\">P\u00f4vodn\u00e1 cena bola: 89,00&nbsp;&euro;.<\/span><ins aria-hidden=\"true\"><span class=\"woocommerce-Price-amount amount\"><bdi>79,00&nbsp;<span class=\"woocommerce-Price-currencySymbol\">&euro;<\/span><\/bdi><\/span><\/ins><span class=\"screen-reader-text\">Aktu\u00e1lna cena je: 79,00&nbsp;&euro;.<\/span>","original_product_price":89,"price_including_tax":79,"price_excluding_tax":79,"product_id":{"parent":11582,"variation":false},"is_variable":false,"stock_status":"instock","stock_quantity":null,"parent_sku":"CV11582","product_attributes":[],"custom_fields":[],"is_taxable":false,"product_name":"Star Tour Tenerife:<br\/>Teide by Night + Dinner","hasImage":false},"fields":{"sec_2665e36bde09f4":{"extra":{"key":"sec_2665e36bde09f4","section_id":"sec_2665e36bde09f4","name":"South Tenerife","status":1,"cl_rule":"show","enableCl":false,"relations":[{"operator":false,"rules":[{"operator":"AND","rules":{"cl_field":"radio-group_665df45fcbc30b","cl_relation":"is","cl_val":"Siam Park Regular Tickets"}}]}],"toggle":true,"title_tag":"h4","show_title":false,"showPrice":"default","form_id":11592,"form_rules":{"exclude_from_discount":true,"fee_label":"Fee","disp_hide_options_price":true,"disp_show_section_price":false,"disp_show_field_price":true,"layout_option":"standard","pric_use_as_fee":false,"process_fee_as":"woo_fee"},"layout_option":"standard"},"fields":[[{"label":"\ud83d\udcc5 Date","active":true,"required":true,"elementId":"date_10665e36bde0a12","picker_type":"custom","picker_mode":"single","placeholder":"","description":"","tooltip":"","name":"date_10665e36bde0a12","label_position":"default","desc_position":"default","enablePrice":false,"className":"","enableCl":false,"relations":[{"operator":"and","rules":[{"operator":"AND","rules":{"cl_field":"radio-group_665df45fcbc30b","cl_relation":"is","cl_val":"3 Hour Trip"}}]}],"date_pic_inline":true,"date_pic_inline_hide":true,"min_date":{"type":"days","val":"1"},"max_date":{"type":"days","val":"365"},"date_pic_conf":{"disabledWeeks":[1]},"price":"","cl_rule":"show","col":6,"type":"date","error":false,"enableDesign":false,"LabelColor":"","isWeightTemplate":false,"isTemplate":false,"min_quantity":"1","quantity_decimal":false,"quantity_step":"1","quantity_label":"Quantity","repeater_field_label":"{field_label}","repeater_bind":"","gt_translate_keys":["label","placeholder","description","tooltip","repeater_field_label","quantity_label"],"price_dependency":false,"cl_dependency":false,"value":""}],[{"elementId":"separator_8665e36bde0a21","separatorType":"blank","className":"","height":"10","enableCl":false,"relations":false,"cl_rule":"show","col":6,"type":"separator","gt_translate_keys":[],"price_dependency":false,"cl_dependency":false,"value":""}],[{"active":true,"col":6,"relations":false,"cl_rule":"show","enableCl":false,"price":"","enablePrice":false,"className":"","label_position":"default","desc_position":"default","type":"content","required":false,"elementId":"content_9665e36bde0a2d","label":"People","name":"content_9665e36bde0a2d","contentType":"plain","value":"","error":false,"show_in_checkout":true,"inline":false,"gt_translate_keys":["label","value"],"price_dependency":false,"cl_dependency":false}],[{"active":true,"col":6,"relations":[{"operator":false,"rules":[{"operator":"AND","rules":{"cl_field":"","cl_relation":"","cl_val":""}}]}],"cl_rule":"show","enableCl":true,"price":"79","enablePrice":true,"className":"","label_position":"default","desc_position":"default","type":"radio-group","required":false,"elementId":"radio-group_10665e36bde0a38","label":"","name":"radio-group_10665e36bde0a38","values":[{"label":"\ud83d\udc64 Adult (79\u20ac)","value":"Adult","selected":true,"tempId":"aco_32","tooltip":"+14 Years","description":"","gt_translate_keys":["label","tooltip","description"]}],"layOut":"","error":false,"checkUi":"button","priceOptions":"fixed_for_all","pricingType":"fixed","enable_quantity":true,"quantity_label":"","min_quantity":"0","options_tooltip":true,"options_description":true,"gt_translate_keys":["label","quantity_label"],"price_dependency":false,"cl_dependency":false,"value":""}],[{"label":"","active":true,"required":false,"elementId":"radio-group_10665e36bde0a43","name":"radio-group_10665e36bde0a43","label_position":"default","desc_position":"default","enablePrice":true,"className":"","enableCl":false,"relations":false,"enable_quantity":true,"quantity_label":"","min_quantity":"0","checkUi":"button","layOut":"","values":[{"label":"\ud83d\udc66 Child (49\u20ac)","value":"Child","selected":true,"tempId":"aco_32","tooltip":"4-13 Years","description":"","gt_translate_keys":["label","tooltip","description"]}],"priceOptions":"fixed_for_all","pricingType":"fixed","price":"49","cl_rule":"show","col":6,"type":"radio-group","error":false,"options_tooltip":true,"options_description":true,"gt_translate_keys":["label","quantity_label"],"price_dependency":false,"cl_dependency":false,"value":""}],[{"label":"","active":true,"required":false,"elementId":"radio-group-0497504259","name":"radio-group-0497504259","label_position":"default","desc_position":"default","enablePrice":true,"className":"","enableCl":false,"relations":false,"enable_quantity":true,"quantity_label":"","min_quantity":"0","checkUi":"button","layOut":"","options_tooltip":true,"options_description":true,"values":[{"label":"\ud83d\udc76 Infant (Free)","value":"Infant","selected":true,"tempId":"aco_32","tooltip":"0-3 Years","description":"","gt_translate_keys":["label","tooltip","description"]}],"priceOptions":"fixed_for_all","pricingType":"fixed","price":"0","cl_rule":"show","col":6,"type":"radio-group","error":false,"gt_translate_keys":["label","quantity_label"],"price_dependency":false,"cl_dependency":false,"value":""}],[{"active":true,"col":6,"relations":false,"cl_rule":"show","enableCl":false,"price":"","enablePrice":false,"className":"","label_position":"default","desc_position":"default","type":"select","required":false,"elementId":"select_5665e36bde0a4d","label":"\ud83c\udf0e Language","name":"select_5665e36bde0a4d","values":[{"label":"English","value":"English","selected":false,"tempId":"aco_389","gt_translate_keys":["label"]},{"label":"Spanish","value":"Spanish","selected":false,"tempId":"aco_390","gt_translate_keys":["label"]},{"label":"Deutsch","value":"Deutsch","selected":false,"tempId":"aco_409","gt_translate_keys":["label"]},{"label":"French","value":"French","selected":false,"tempId":"aco_581","gt_translate_keys":["label"]},{"label":"Dutch","value":"Dutch","selected":false,"tempId":"aco_672","gt_translate_keys":["label"]},{"label":"Italian","value":"Italian","selected":false,"tempId":"aco_700","gt_translate_keys":["label"]}],"dropdown_type":"basic","error":false,"isWeightTemplate":false,"isTemplate":false,"min_quantity":"1","quantity_decimal":false,"quantity_step":"1","quantity_label":"Quantity","repeater_field_label":"{field_label}","repeater_bind":"","placeholder":"Select Language","gt_translate_keys":["label","placeholder","repeater_field_label","quantity_label"],"price_dependency":false,"cl_dependency":false,"value":""}],[{"active":true,"col":6,"relations":false,"cl_rule":"show","enableCl":false,"price":"","enablePrice":false,"className":"","label_position":"default","desc_position":"default","type":"separator","required":false,"elementId":"separator_4665e36bde0a57","label":"Separator Field","height":"7","separatorType":"blank","error":false,"gt_translate_keys":["label"],"price_dependency":false,"cl_dependency":false,"value":""}],[{"active":true,"col":6,"relations":false,"cl_rule":"show","enableCl":false,"price":"","enablePrice":false,"className":"","label_position":"default","desc_position":"default","type":"text","subtype":"text","required":false,"elementId":"text_10665e36bde0a60","label":"\ud83d\ude8c Pickup Location","name":"text_10665e36bde0a60","value":"","description":"Included Pick-up service in South Tenerife. Simply provide your address or hotel name.","error":false,"gt_translate_keys":["label","description","value"],"price_dependency":false,"cl_dependency":false}]]}},"config":{"price_override":"always","enable_recaptcha":false,"bind_quantity":false,"quantity_bind_formula":false,"disp_summ_show_option_price":true,"disp_summ_show_product_price":false,"disp_summ_show_total_price":true,"disp_summ_show_fee":true,"disp_summ_show_discount":true,"summary_title":"","options_total_label":"Options Price","total_label":"Total Amount","options_product_label":"Product Price","fee_label":"Fee","discount_label":"Discount","has_price":true,"has_quantity_formula":false},"mc_unit":1,"tax_rate":1,"tax_rate_real":1,"discount":{"percentage":0,"fixed":0},"design":{"conf":{"LabelPosition":"above","DescPosition":"above","UploadField":"custom_1","QuantityFieldStyle":"custom_1"},"css":{"LeftLabelWidth":"120px"}},"formulas":[],"lookuptables":[],"clones":false,"cartKey":false}},"_links":{"self":[{"href":"https:\/\/canaryvip.com\/sk\/wp-json\/wp\/v2\/product\/11582","targetHints":{"allow":["GET"]}}],"collection":[{"href":"https:\/\/canaryvip.com\/sk\/wp-json\/wp\/v2\/product"}],"about":[{"href":"https:\/\/canaryvip.com\/sk\/wp-json\/wp\/v2\/types\/product"}],"replies":[{"embeddable":true,"href":"https:\/\/canaryvip.com\/sk\/wp-json\/wp\/v2\/comments?post=11582"}],"wp:featuredmedia":[{"embeddable":true,"href":"https:\/\/canaryvip.com\/sk\/wp-json\/wp\/v2\/media\/11584"}],"wp:attachment":[{"href":"https:\/\/canaryvip.com\/sk\/wp-json\/wp\/v2\/media?parent=11582"}],"wp:term":[{"taxonomy":"product_brand","embeddable":true,"href":"https:\/\/canaryvip.com\/sk\/wp-json\/wp\/v2\/product_brand?post=11582"},{"taxonomy":"product_cat","embeddable":true,"href":"https:\/\/canaryvip.com\/sk\/wp-json\/wp\/v2\/product_cat?post=11582"},{"taxonomy":"product_tag","embeddable":true,"href":"https:\/\/canaryvip.com\/sk\/wp-json\/wp\/v2\/product_tag?post=11582"}],"curies":[{"name":"wp","href":"https:\/\/api.w.org\/{rel}","templated":true}]}}