{"id":11553,"date":"2024-05-22T11:32:13","date_gmt":"2024-05-22T10:32:13","guid":{"rendered":"https:\/\/canaryvip.com\/?post_type=product&#038;p=11553"},"modified":"2025-08-15T16:26:48","modified_gmt":"2025-08-15T15:26:48","slug":"lala-yacht-charter-tenerife","status":"publish","type":"product","link":"https:\/\/canaryvip.com\/sk\/shop\/lala-yacht-charter-tenerife\/","title":{"rendered":"LaLa S\u00fakromn\u00e1 jachta Tenerife"},"content":{"rendered":"<h2><strong>\ud83d\udee5\ufe0f LaLa Yacht Charter: Objavte luxus na Tenerife<\/strong><\/h2>\n<p>Vst\u00fapte do sveta luxusu a dobrodru\u017estva s jachtou LaLa, ktor\u00e1 je najlep\u0161ou vo\u013ebou pre t\u00fdch, ktor\u00ed h\u013eadaj\u00fa nezabudnute\u013en\u00e9 z\u00e1\u017eitky na Tenerife. T\u00e1to jachta bola navrhnut\u00e1 tak, aby poskytovala maxim\u00e1lny komfort a \u0161t\u00fdl, a pon\u00faka dokonal\u00fa kombin\u00e1ciu elegancie a modern\u00e9ho vybavenia.<\/p>\n<p>\u010ci u\u017e sa chcete vyhrieva\u0165 na slnku na priestrannej palube, vychutn\u00e1va\u0165 si gurm\u00e1nske jedl\u00e1 alebo sa ponori\u0165 do kri\u0161t\u00e1\u013eovo \u010dist\u00fdch v\u00f4d ostrova, LaLa Yacht v\u00e1m zaru\u010d\u00ed cestu pln\u00fa nezabudnute\u013en\u00fdch okamihov. Toto luxusn\u00e9 plavidlo, ide\u00e1lne pre rodiny, p\u00e1ry alebo skupiny, s\u013eubuje bezprobl\u00e9mov\u00fd a vzru\u0161uj\u00faci sp\u00f4sob, ako presk\u00fama\u0165 n\u00e1dhern\u00e9 pobre\u017eie a pulzuj\u00faci morsk\u00fd \u017eivot Tenerife.<\/p>\n<h3>\u2b50\ufe0f <strong>Bezkonkuren\u010dn\u00fd komfort a z\u00e1bava na palube<\/strong><\/h3>\n<p><span style=\"text-decoration: underline;\"><strong>Presk\u00famajte v\u00fdnimo\u010dn\u00e9 vlastnosti jachty LaLa:<\/strong><\/span><\/p>\n<ul>\n<li>Priestrann\u00e1 paluba pre dokonal\u00fa relax\u00e1ciu a p\u00f4\u017eitok.<\/li>\n<li>Priestor na opa\u013eovanie v prednej \u010dasti lode, kde sa m\u00f4\u017eete opa\u013eova\u0165.<\/li>\n<li>Vybavenie na p\u00e1dlovanie a \u0161norchlovanie pre vodn\u00e9 dobrodru\u017estv\u00e1.<\/li>\n<li>Neobmedzen\u00e9 mno\u017estvo n\u00e1pojov vr\u00e1tane \u0161umiv\u00e9ho v\u00edna, bieleho a ru\u017eov\u00e9ho v\u00edna, piva, nealkoholick\u00fdch n\u00e1pojov a vody.<\/li>\n<li>Chutn\u00e9 jedl\u00e1 ako nachos s guacamole a kuracia paella.<\/li>\n<li>Dvojjazy\u010dn\u00e1 pos\u00e1dka, ktor\u00e1 sa prisp\u00f4sob\u00ed va\u0161im potreb\u00e1m, vr\u00e1tane sk\u00fasen\u00e9ho kapit\u00e1na.<\/li>\n<\/ul>\n<h4>\ud83d\udea4 <strong>Vydajte sa na cestu za poznan\u00edm<\/strong><\/h4>\n<p>Va\u0161e dobrodru\u017estvo sa za\u010d\u00edna na <a href=\"https:\/\/www.google.com\/maps\/place\/Puerto+Col%C3%B3n\/@28.078002,-16.7394902,17z\/data=!3m2!4b1!5s0xc6a97433884bdf9:0x76d293b7b99db23a!4m6!3m5!1s0xc6a9743509c9ebf:0xd62345524f768247!8m2!3d28.078002!4d-16.7369153!16s%2Fg%2F11c6cqryw_?entry=ttu\" target=\"_blank\" rel=\"noopener\">Puerto Col\u00f3n<\/a>, ktor\u00fd sa nach\u00e1dza v srdci Costa Adeje. Na jachte LaLa sa m\u00f4\u017ee ubytova\u0165 a\u017e 12 host\u00ed, \u010do zaru\u010duje osobn\u00fd a exkluz\u00edvny z\u00e1\u017eitok. Vyberte si z r\u00f4znych mo\u017enost\u00ed pren\u00e1jmu, ktor\u00e9 vyhovuj\u00fa va\u0161im potreb\u00e1m v oblasti dobrodru\u017estva.<\/p>\n<h4>\ud83c\udf0a <strong>Zapojte sa do nezabudnute\u013en\u00fdch n\u00e1morn\u00fdch aktiv\u00edt<\/strong><\/h4>\n<p>Ke\u010f sa nalod\u00edte na jachtu LaLa, m\u00f4\u017eete objavova\u0165 n\u00e1dhern\u00e9 vody Tenerife. \u010ci u\u017e d\u00e1vate prednos\u0165 \u0161norchlovaniu s miestnym morsk\u00fdm \u017eivotom, jazde na paddleboarde, alebo jednoducho relaxujete a vychutn\u00e1vate si neuverite\u013en\u00e9 v\u00fdh\u013eady, ka\u017ed\u00fd si tu n\u00e1jde nie\u010do pre seba. Na\u0161a pos\u00e1dka sa postar\u00e1 o nezabudnute\u013en\u00fa cestu pln\u00fa z\u00e1bavy a objavovania.<\/p>\n<h4>\ud83d\udc2c <strong>Luxus sa stret\u00e1va s hodnotou<\/strong><\/h4>\n<p>CanaryVIP pov\u00fd\u0161i v\u00e1\u0161 z\u00e1\u017eitok z pren\u00e1jmu jachty LaLa Yacht, ktor\u00e1 kombinuje bohat\u00fd luxus s bezkonkuren\u010dnou hodnotou. Na\u0161e konkuren\u010dn\u00e9 ceny zah\u0155\u0148aj\u00fa v\u0161etko vybavenie a slu\u017eby potrebn\u00e9 pre v\u00fdnimo\u010dn\u00e9 n\u00e1morn\u00e9 dobrodru\u017estvo.<\/p>\n<h3>\ud83d\udd52 <strong>Vyberte si svoje dobrodru\u017estvo: Od kr\u00e1tkych v\u00fdletov po pred\u013a\u017een\u00e9 pobyty<\/strong><\/h3>\n<ul>\n<li><strong>3-hodinov\u00fd objav<\/strong>: Ide\u00e1lny pre rodiny, ktor\u00e9 chc\u00fa spozna\u0165 kr\u00e1sy pobre\u017eia a vodn\u00e9 aktivity na Tenerife.<\/li>\n<li><strong>6-hodinov\u00fd prieskum<\/strong>: Hlb\u0161\u00ed ponor do divov Tenerife s dostatkom \u010dasu na \u0161norchlovanie a relax\u00e1ciu.<\/li>\n<li><strong>Roz\u0161\u00edren\u00e1 charta<\/strong>: Pred\u013a\u017ete si dobrodru\u017estvo nad \u0161es\u0165 hod\u00edn len za 150 \u20ac za hodinu navy\u0161e, \u010do v\u00e1m umo\u017en\u00ed naplno spozna\u0165 Kan\u00e1rske ostrovy.<\/li>\n<\/ul>\n<h3>\u2705 <strong>V\u0161etko, \u010do potrebujete na dokonal\u00fd de\u0148 na mori<\/strong><\/h3>\n<ul>\n<li>Bezplatn\u00e9 gurm\u00e1nske chu\u0165ovky a neobmedzen\u00e9 mno\u017estvo n\u00e1pojov pre v\u0161etky vekov\u00e9 kateg\u00f3rie.<\/li>\n<li>Sk\u00fasen\u00fd, viacjazy\u010dn\u00fd person\u00e1l, ktor\u00fd spln\u00ed v\u0161etky va\u0161e po\u017eiadavky.<\/li>\n<li>Kompletn\u00e9 vybavenie na \u0161norchlovanie pre podmorsk\u00e9 dobrodru\u017estv\u00e1.<\/li>\n<li>VIP zaobch\u00e1dzanie s pohodln\u00fdm seden\u00edm a dostato\u010dn\u00fdm priestorom.<\/li>\n<\/ul>\n<h3>\ud83c\udf7d\ufe0f <strong>Potraviny na palube<\/strong><\/h3>\n<p>Po\u010das pobytu na jachte LaLa si vychutn\u00e1te starostlivo vybran\u00e9 \u010derstv\u00e9 a chutn\u00e9 jedl\u00e1, ktor\u00e9 s\u00fa ide\u00e1lne na spolo\u010dn\u00fd oddych na mori. V\u0161etko je v cene a pod\u00e1va sa s neobmedzenou konzum\u00e1ciou n\u00e1pojov.<\/p>\n<p>\u010co m\u00f4\u017eete o\u010dak\u00e1va\u0165:<\/p>\n<ul>\n<li><strong>Pyrenejsk\u00e1 tabu\u013ea na \u00fadeniny:<\/strong>\u00a0V\u00fdber kvalitn\u00fdch \u00faden\u00edn s pravou \u0161panielskou chu\u0165ou.<\/li>\n<li><strong>V\u00fdber kan\u00e1rskych syrov:<\/strong>\u00a0Miestne syry s bohatou a jedine\u010dnou chu\u0165ou.<\/li>\n<li><strong>Gran Canaria Almogrote s rustik\u00e1lnymi chlebov\u00fdmi ty\u010dinkami:<\/strong>\u00a0Kr\u00e9mov\u00e1 syrov\u00e1 n\u00e1tierka s pr\u00edchu\u0165ou mojo, pod\u00e1van\u00e1 s chrumkav\u00fdm chlebom.<\/li>\n<li><strong>Nachos s guacamole:<\/strong>\u00a0Svie\u017ea a chrumkav\u00e1 mo\u017enos\u0165 ide\u00e1lna na ob\u010derstvenie.<\/li>\n<li><strong>Kan\u00e1rske vr\u00e1skav\u00e9 zemiaky s \u010derven\u00fdm mojo:<\/strong>\u00a0Ob\u013e\u00faben\u00fd miestny pokrm, jednoduch\u00fd a pln\u00fd chuti.<\/li>\n<li><strong>Pe\u010den\u00e9 kuracie wrapy s chrumkav\u00fdm \u0161al\u00e1tom:<\/strong>\u00a0\u013dahk\u00e9 a s\u00fdte, ide\u00e1lne po pl\u00e1van\u00ed alebo jazde na paddleboarde.<\/li>\n<li><strong>Sez\u00f3nne ovocie a pe\u010divo:<\/strong>\u00a0Nie\u010do sladk\u00e9 na z\u00e1ver pobytu na palube.<\/li>\n<\/ul>\n<p>Vychutnajte si skvel\u00e9 jedlo, dobr\u00e9 n\u00e1poje a e\u0161te lep\u0161\u00ed v\u00fdh\u013ead - to v\u0161etko po\u010das jedn\u00e9ho nezabudnute\u013en\u00e9ho v\u00fdletu.<\/p>\n<h3>\ud83d\udccd <strong>Odchod z Puerto Col\u00f3n: Br\u00e1na k dobrodru\u017estvu<\/strong><\/h3>\n<p>Puerto Col\u00f3n sa nach\u00e1dza pri br\u00e1ne 0 v Costa Adeje a je ide\u00e1lnym v\u00fdchodiskov\u00fdm bodom pre va\u0161u dovolenku LaLa <a href=\"https:\/\/canaryvip.com\/sk\/tenerife\/boat-hire-tenerife\/\">Yacht dobrodru\u017estvo.<\/a> Aby bol \u0161tart hladk\u00fd, pr\u00ed\u010fte aspo\u0148 10 min\u00fat pred odchodom. Pohodln\u00e9 parkovanie je k dispoz\u00edcii v pr\u00edstave.<\/p>\n<h4>\ud83d\udcdc <strong>Bezprobl\u00e9mov\u00e1 rezerv\u00e1cia a jasn\u00e9 z\u00e1sady pre pokojn\u00fa myse\u013e<\/strong><\/h4>\n<p>Rezerv\u00e1cia dobrodru\u017estva na jachte LaLa s CanaryVIP je bezprobl\u00e9mov\u00e1 a bezpe\u010dn\u00e1. Na\u0161e z\u00e1sady s\u00fa navrhnut\u00e9 tak, aby zabezpe\u010dili va\u0161e pohodlie a pokoj.<\/p>\n<ul>\n<li><strong>Z\u00e1ruka po\u010dasia<\/strong>: V pr\u00edpade nepriazniv\u00e9ho po\u010dasia si v z\u00e1ujme va\u0161ej bezpe\u010dnosti m\u00f4\u017eete vybra\u0165 medzi zmenou term\u00ednu alebo vr\u00e1ten\u00edm pe\u0148az\u00ed v plnej v\u00fd\u0161ke.<\/li>\n<li><strong>Flexibiln\u00e9 zru\u0161enie<\/strong>: Zru\u0161te alebo presu\u0148te term\u00edn do 5 dn\u00ed vopred a dostanete pln\u00fa n\u00e1hradu. Po uplynut\u00ed tejto lehoty sa n\u00e1hrada neuplat\u0148uje.<\/li>\n<li><strong>Vstupenky s jednoduch\u00fdm pr\u00edstupom<\/strong>: Palubn\u00fa vstupenku majte po ruke v telef\u00f3ne alebo vytla\u010den\u00fa pre v\u00e4\u010d\u0161ie pohodlie.<\/li>\n<li><strong>Komplexn\u00e1 starostlivos\u0165<\/strong>: Ak sa nec\u00edtite dobre alebo cestu pred\u010dasne ukon\u010d\u00edte, n\u00e1\u0161 t\u00edm v\u00e1m pom\u00f4\u017ee, hoci v tak\u00fdchto pr\u00edpadoch sa peniaze nevracaj\u00fa.<\/li>\n<li><strong>Flexibilita platieb<\/strong>: Vyberte si sp\u00f4sob platby, ktor\u00fd v\u00e1m najviac vyhovuje.<\/li>\n<\/ul>\n<p><strong>\ud83c\udf0a\ud83c\udf1f\ud83d\udee5\ufe0f Rezervujte si z\u00e1\u017eitok na jachte LaLa s CanaryVIP e\u0161te dnes a odomknite si nezabudnute\u013en\u00e9 chv\u00edle na mori.<\/strong><\/p>","protected":false},"excerpt":{"rendered":"<p><strong>\ud83d\udd0d LaLa Yacht:<\/strong><br \/>\n\u2705 Bezpe\u010dn\u00e1 platba.<br \/>\n\ud83d\udd10 S\u00fakromn\u00e9 prehliadky.<br \/>\n\ud83d\udee5\ufe0f 14m Yacht Comfort.<br \/>\n\u23f3 Denn\u00e9 prehliadky v trvan\u00ed 2-12 hod\u00edn.<br \/>\n\ud83d\udd59 Prisp\u00f4sobite\u013en\u00e9 \u010dasy odchodu.<br \/>\n\ud83c\udf74 Strava a n\u00e1poje v cene.<br \/>\n\ud83d\udc65 Maxim\u00e1lne 12 host\u00ed.<br \/>\n\ud83c\udfc4\u200d\u2640\ufe0f Vr\u00e1tane p\u00e1dlov\u00fdch dosiek.<br \/>\n\ud83e\udd3f Vybavenie na \u0161norchlovanie je k dispoz\u00edcii.<br \/>\n\ud83d\udd0a Prehr\u00e1vajte svoju hudbu.<br \/>\n\ud83e\udd11 Garancia najlep\u0161ej ceny.<br \/>\n\ud83d\udc6a Z\u013eavy aktivovan\u00e9.<br \/>\n\ud83d\udd01 Storno do 5 dn\u00ed.<br \/>\n\ud83c\udf0d Viacjazy\u010dn\u00e1 pos\u00e1dka.<br \/>\n\ud83c\udf1f Rezervujte si v\u010das a u\u0161etrite!<br \/>\n\ud83d\udccd Odchod z\u00a0<a href=\"https:\/\/www.google.com\/maps\/place\/Puerto+Col%C3%B3n\/@28.0783432,-16.7368735,18.52z\/data=!4m6!3m5!1s0xc6a9743509c9ebf:0xd62345524f768247!8m2!3d28.0789928!4d-16.7359737!16s%2Fg%2F11c6cqryw_?entry=tts\">Puerto Colon<\/a>.<\/p>","protected":false},"featured_media":11556,"comment_status":"open","ping_status":"closed","template":"","meta":{"_acf_changed":false},"product_brand":[],"product_cat":[47],"product_tag":[],"class_list":{"0":"post-11553","1":"product","2":"type-product","3":"status-publish","4":"has-post-thumbnail","6":"product_cat-boat-hire-tenerife","7":"wcpa_has_options","9":"first","10":"instock","11":"virtual","12":"purchasable","13":"product-type-simple"},"acf":[],"wcpa_form_fields":{"wcpaData":{"product":{"product_price":815,"price_html":"From&nbsp;<span class=\"woocommerce-Price-amount amount\"><bdi>815,00&nbsp;<span class=\"woocommerce-Price-currencySymbol\">&euro;<\/span><\/bdi><\/span>","original_product_price":815,"price_including_tax":815,"price_excluding_tax":815,"product_id":{"parent":11553,"variation":false},"is_variable":false,"stock_status":"instock","stock_quantity":null,"parent_sku":"CV11553","product_attributes":[],"custom_fields":[],"is_taxable":false,"product_name":"LaLa Private Yacht Tenerife","hasImage":false},"fields":{"sec_4664dde58b0cc7":{"extra":{"key":"sec_4664dde58b0cc7","section_id":"sec_4664dde58b0cc7","name":"Default","status":1,"cl_rule":"show","enableCl":false,"relations":[],"toggle":true,"title_tag":"h3","show_title":false,"showPrice":"default","form_id":11559,"form_rules":{"exclude_from_discount":true,"fee_label":"Fee","disp_hide_options_price":true,"disp_show_section_price":false,"disp_show_field_price":true,"layout_option":"standard","pric_use_as_fee":false,"process_fee_as":"woo_fee"},"layout_option":"standard"},"fields":[[{"label":"\ud83d\udcc5 Date","active":true,"required":true,"elementId":"date_9664dde58b0ce8","picker_type":"custom","picker_mode":"single","placeholder":"","description":"","tooltip":"","name":"date_9664dde58b0ce8","label_position":"default","desc_position":"default","enablePrice":false,"className":"","enableCl":false,"relations":[{"operator":"and","rules":[{"operator":"AND","rules":{"cl_field":"radio-group_565c78ffa81208","cl_relation":"is","cl_val":"3 Hour Trip"}}]}],"date_pic_inline":true,"date_pic_inline_hide":true,"min_date":{"type":"days","val":"0"},"max_date":{"type":"days","val":"365"},"date_pic_conf":{"disabledWeeks":[]},"price":"","cl_rule":"show","col":6,"type":"date","error":false,"enableDesign":false,"LabelColor":"","date_conf_custom":{"minDate":"let d = new Date();\nif (d.getHours() >= 18) {\n  d.setDate(d.getDate() + 1);\n} else {\n  d.setDate(d.getDate() + 0);\n}\nreturn d;"},"gt_translate_keys":["label","placeholder","description","tooltip"],"price_dependency":false,"cl_dependency":false,"value":""}],[{"elementId":"separator_2664dde58b0d4d","separatorType":"blank","className":"","height":"1","enableCl":false,"relations":false,"cl_rule":"show","col":6,"type":"separator","error":false,"gt_translate_keys":[],"price_dependency":false,"cl_dependency":false,"value":""}],[{"active":true,"col":6,"relations":[{"operator":false,"rules":[{"operator":"AND","rules":{"cl_field":"radio-group_565c78ffa81208","cl_relation":"is","cl_val":"3 Hour Trip"}}]}],"cl_rule":"show","enableCl":false,"price":"","enablePrice":false,"className":"","label_position":"default","desc_position":"default","type":"select","required":false,"elementId":"select_3664dde58b0d57","label":"\u23f0 Departure","name":"select_3664dde58b0d57","values":[{"label":"09:00","value":"09:00","selected":false,"tempId":"aco_1471","gt_translate_keys":["label"]},{"label":"10:00","value":"10:00","selected":false,"tempId":"aco_1472","gt_translate_keys":["label"]},{"label":"11:00","value":"11:00","selected":false,"tempId":"aco_1500","gt_translate_keys":["label"]},{"label":"12:00","value":"12:00","selected":false,"tempId":"aco_1510","gt_translate_keys":["label"]},{"label":"13:30 (1:30 PM)","value":"13:30","selected":false,"tempId":"aco_1520","gt_translate_keys":["label"]},{"label":"14:00 (2:00 PM)","value":"14:00","selected":false,"tempId":"aco_1728","gt_translate_keys":["label"]},{"label":"15:00 (3:00 PM)","value":"15:00","selected":false,"tempId":"aco_1738","gt_translate_keys":["label"]}],"dropdown_type":"basic","error":false,"placeholder":"Whichever Time is Best","isWeightTemplate":false,"isTemplate":false,"min_quantity":"1","quantity_decimal":false,"quantity_step":"1","quantity_label":"Quantity","repeater_field_label":"{field_label}","repeater_bind":"","gt_translate_keys":["label","placeholder","repeater_field_label","quantity_label"],"price_dependency":false,"cl_dependency":false,"value":""}],[{"label":"\u2705 Number of People","active":true,"required":true,"elementId":"select_3664dde58b0d19","dropdown_type":"basic","placeholder":"Select Number of People","name":"select_3664dde58b0d19","label_position":"default","desc_position":"default","enablePrice":false,"className":"","enableCl":false,"relations":[{"operator":false,"rules":[{"operator":"AND","rules":{"cl_field":"radio-group_565c78ffa81208","cl_relation":"is","cl_val":"3 Hour Trip"}}]}],"values":[{"label":"1 person","value":"1","selected":false,"tempId":"aco_1471","price":"0","gt_translate_keys":["label"]},{"label":"2 people","value":"2","selected":false,"tempId":"aco_1472","price":"0","gt_translate_keys":["label"]},{"label":"3 people","value":"3","selected":false,"tempId":"aco_1500","price":"0","gt_translate_keys":["label"]},{"label":"4 people","value":"4","selected":false,"tempId":"aco_1510","price":"0","gt_translate_keys":["label"]},{"label":"5 people","value":"5","selected":false,"tempId":"aco_1520","price":"0","gt_translate_keys":["label"]},{"label":"6 people","value":"6","selected":false,"tempId":"aco_1728","price":"0","gt_translate_keys":["label"]},{"label":"7 people","value":"7","selected":false,"tempId":"aco_1738","price":"20","gt_translate_keys":["label"]},{"label":"8 people","value":"8","selected":false,"tempId":"aco_1748","price":"40","gt_translate_keys":["label"]},{"label":"9 people","value":"9","selected":false,"tempId":"aco_1912","price":"60","gt_translate_keys":["label"]},{"label":"10 people","value":"10","selected":false,"tempId":"aco_1922","price":"80","gt_translate_keys":["label"]},{"label":"11 people","value":"11","selected":false,"tempId":"aco_705","price":"100","gt_translate_keys":["label"]},{"label":"12 People","value":"12","selected":false,"tempId":"aco_85","gt_translate_keys":["label"]}],"price":"","cl_rule":"show","col":6,"type":"select","error":false,"priceOptions":"different_for_all","pricingType":"fixed","is_show_price":true,"gt_translate_keys":["label","placeholder"],"price_dependency":false,"cl_dependency":false,"value":""}],[{"elementId":"separator_1664dde58b0d62","separatorType":"blank","className":"","height":"1","enableCl":false,"relations":false,"cl_rule":"show","col":6,"type":"separator","error":false,"gt_translate_keys":[],"price_dependency":false,"cl_dependency":false,"value":""}],[{"contentType":"rich","active":true,"label":"","elementId":"content_8664dde58b0cf7","value":"<p>\ud83c\udf9f\ufe0f <strong>Reservation<\/strong>: Pay only a deposit now to reserve; the rest is due on the day of the activity upon arrival.<\/p>","inline":false,"name":"content_8664dde58b0cf7","enablePrice":false,"className":"","subtype":"p","enableCl":false,"relations":false,"price":"","cl_rule":"show","col":6,"type":"content","error":false,"pricingType":"custom","isTemplate":false,"is_show_price":true,"show_in_checkout":true,"gt_translate_keys":["label","value"],"price_dependency":false,"cl_dependency":false}],[{"elementId":"separator_3664dde58b0d04","separatorType":"blank","className":"","height":"3","enableCl":false,"relations":false,"cl_rule":"show","col":6,"type":"separator","error":false,"gt_translate_keys":[],"price_dependency":false,"cl_dependency":false,"value":""}],[{"active":true,"col":6,"relations":false,"cl_rule":"show","enableCl":false,"price":"","enablePrice":true,"className":"","label_position":"default","desc_position":"default","type":"select","required":true,"elementId":"select_7664dde58b0d0f","label":"\u23f3 Trip Duration","name":"select_7664dde58b0d0f","values":[{"label":"3 Hours (815\u20ac)","value":"3","selected":false,"tempId":"aco_556","price":"815","gt_translate_keys":["label"]},{"label":"4 Hours (960\u20ac)","value":"4","selected":false,"tempId":"aco_640","price":"960","gt_translate_keys":["label"]},{"label":"5 Hours (1.100\u20ac)","value":"5","selected":false,"tempId":"aco_660","price":"1100","gt_translate_keys":["label"]},{"label":"6 Hours (1.245\u20ac)","value":"6","selected":false,"tempId":"aco_566","price":"1245","gt_translate_keys":["label"]},{"label":"7 Hours (1.390\u20ac)","value":"7","selected":false,"tempId":"aco_19","price":"1390","gt_translate_keys":["label"]},{"label":"8 Hours (1.500\u20ac)","value":"8","selected":false,"tempId":"aco_792","price":"1500","gt_translate_keys":["label"]}],"dropdown_type":"basic","error":false,"placeholder":"Select Trip Duration","priceOptions":"different_for_all","pricingType":"fixed","is_show_price":true,"isTemplate":false,"isWeightTemplate":false,"min_quantity":"1","quantity_decimal":false,"quantity_step":"1","quantity_label":"Quantity","repeater_field_label":"{field_label}","repeater_bind":"","gt_translate_keys":["label","placeholder","repeater_field_label","quantity_label"],"price_dependency":["content_7664dde58b0d2e","content_5664dde58b0d38"],"cl_dependency":false,"value":""}],[{"active":true,"col":6,"relations":false,"cl_rule":"show","enableCl":false,"price":"","enablePrice":true,"className":"","label_position":"default","desc_position":"default","type":"select","required":false,"elementId":"select_6738878861","label":"\ud83d\udca6 Add jet-skis?","name":"select_6738878861","values":[{"label":"1 JetSki for 1 Hour (250\u20ac)","value":"1 JetSki","selected":false,"tempId":"aco_167","price":"250","gt_translate_keys":["label"]},{"label":"2 JetSkis for 1 Hour (500\u20ac)","value":"2 JetSkis","selected":false,"tempId":"aco_168","price":"500","gt_translate_keys":["label"]}],"isWeightTemplate":false,"error":false,"isTemplate":false,"min_quantity":"1","quantity_decimal":false,"quantity_step":"1","quantity_label":"Quantity","repeater_field_label":"{field_label}","repeater_bind":"","dropdown_type":"basic","description":"Private JetSki tour from the boat with a JetSki instructor.","priceOptions":"different_for_all","pricingType":"fixed","is_show_price":true,"placeholder":"None","gt_translate_keys":["label","placeholder","description","repeater_field_label","quantity_label"],"price_dependency":false,"cl_dependency":false,"value":""}],[{"elementId":"separator_4664dde58b0d24","separatorType":"fill","className":"","height":"6","enableCl":false,"relations":false,"cl_rule":"show","col":6,"type":"separator","error":false,"separatorColor":"#66a6b6","gt_translate_keys":[],"price_dependency":false,"cl_dependency":false,"value":""}],[{"active":true,"col":6,"relations":false,"cl_rule":"show","enableCl":false,"price":"({field.select_7664dde58b0d0f.price})*0.20","enablePrice":true,"className":"","label_position":"default","desc_position":"default","type":"content","required":false,"elementId":"content_7664dde58b0d2e","label":"Deposit Payment","name":"content_7664dde58b0d2e","contentType":"plain","value":"","error":false,"pricingType":"custom","isTemplate":true,"is_show_price":false,"enableDesign":true,"scrollBar":false,"use_as_fee":false,"fee_label":"Payment Now","inline":true,"show_in_checkout":true,"subtype":"div","formulaId":"fmla_1716380912562544169","LabelSize":"14px","gt_translate_keys":["label","value"],"price_dependency":["content_8664dde58b0d42"],"cl_dependency":false}],[{"contentType":"plain","active":true,"label":"Payment at Arrival","elementId":"content_5664dde58b0d38","value":"","inline":true,"show_in_checkout":true,"name":"content_5664dde58b0d38","enablePrice":true,"className":"","fee_label":"Payment at Arrival","subtype":"div","enableCl":false,"relations":false,"scrollBar":false,"enableDesign":true,"pricingType":"custom","isTemplate":true,"price":"({field.select_7664dde58b0d0f.price})*0.80","use_as_fee":false,"is_show_price":true,"cl_rule":"show","col":6,"type":"content","error":false,"formulaId":"fmla_1708364241278155361","LabelSize":"14px","gt_translate_keys":["label","value"],"price_dependency":["content_8664dde58b0d42"],"cl_dependency":false}],[{"contentType":"plain","active":true,"label":"Total Price","elementId":"content_8664dde58b0d42","value":"","inline":true,"show_in_checkout":true,"name":"content_8664dde58b0d42","enablePrice":true,"className":"","fee_label":"Payment at Arrival","subtype":"div","enableCl":false,"relations":false,"scrollBar":false,"enableDesign":true,"LabelSize":"14px","pricingType":"custom","isTemplate":false,"price":"({field.content_7664dde58b0d2e.price}) + ({field.content_5664dde58b0d38.price})","formulaId":"fmla_1708360988969136756","use_as_fee":false,"is_show_price":true,"cl_rule":"show","col":6,"type":"content","error":false,"gt_translate_keys":["label","value"],"price_dependency":false,"cl_dependency":false}]]}},"config":{"price_override":"always","enable_recaptcha":false,"bind_quantity":false,"quantity_bind_formula":false,"disp_summ_show_option_price":true,"disp_summ_show_product_price":false,"disp_summ_show_total_price":false,"disp_summ_show_fee":true,"disp_summ_show_discount":true,"summary_title":"","options_total_label":"Options Price","total_label":"Deposit Amount","options_product_label":"Product Price","fee_label":"Fee","discount_label":"Discount","has_price":true,"has_quantity_formula":false},"mc_unit":1,"tax_rate":1,"tax_rate_real":1,"discount":{"percentage":0,"fixed":0},"design":{"conf":{"LabelPosition":"above","DescPosition":"above","UploadField":"custom_1","QuantityFieldStyle":"custom_1"},"css":{"LeftLabelWidth":"120px"}},"formulas":{"fmla_1708364241278155361":"(({field.select_7664dde58b0d0f.value}>=8)?(1170):(({field.select_7664dde58b0d0f.value}>=7)?(1057.50):(({field.select_7664dde58b0d0f.value}>=6)?(945):(({field.select_7664dde58b0d0f.value}>=5)?(840):(({field.select_7664dde58b0d0f.value}>=4)?(727.50):(({field.select_7664dde58b0d0f.value}>=3)?(615):(0)))))))","fmla_1716380912562544169":"(({field.select_7664dde58b0d0f.value}>=8)?(330+{field.select_6738878861.price}):(({field.select_7664dde58b0d0f.value}>=7)?(332.50+{field.select_6738878861.price}):(({field.select_7664dde58b0d0f.value}>=6)?(300+{field.select_6738878861.price}):(({field.select_7664dde58b0d0f.value}>=5)?(260+{field.select_6738878861.price}):(({field.select_7664dde58b0d0f.value}>=4)?(232.50+{field.select_6738878861.price}):(({field.select_7664dde58b0d0f.value}>=3)?(200+{field.select_6738878861.price}):(0)))))))"},"lookuptables":[],"clones":false,"cartKey":false}},"_links":{"self":[{"href":"https:\/\/canaryvip.com\/sk\/wp-json\/wp\/v2\/product\/11553","targetHints":{"allow":["GET"]}}],"collection":[{"href":"https:\/\/canaryvip.com\/sk\/wp-json\/wp\/v2\/product"}],"about":[{"href":"https:\/\/canaryvip.com\/sk\/wp-json\/wp\/v2\/types\/product"}],"replies":[{"embeddable":true,"href":"https:\/\/canaryvip.com\/sk\/wp-json\/wp\/v2\/comments?post=11553"}],"wp:featuredmedia":[{"embeddable":true,"href":"https:\/\/canaryvip.com\/sk\/wp-json\/wp\/v2\/media\/11556"}],"wp:attachment":[{"href":"https:\/\/canaryvip.com\/sk\/wp-json\/wp\/v2\/media?parent=11553"}],"wp:term":[{"taxonomy":"product_brand","embeddable":true,"href":"https:\/\/canaryvip.com\/sk\/wp-json\/wp\/v2\/product_brand?post=11553"},{"taxonomy":"product_cat","embeddable":true,"href":"https:\/\/canaryvip.com\/sk\/wp-json\/wp\/v2\/product_cat?post=11553"},{"taxonomy":"product_tag","embeddable":true,"href":"https:\/\/canaryvip.com\/sk\/wp-json\/wp\/v2\/product_tag?post=11553"}],"curies":[{"name":"wp","href":"https:\/\/api.w.org\/{rel}","templated":true}]}}