{"id":11493,"date":"2024-05-14T14:46:09","date_gmt":"2024-05-14T13:46:09","guid":{"rendered":"https:\/\/canaryvip.com\/?post_type=product&#038;p=11493"},"modified":"2025-08-09T14:10:34","modified_gmt":"2025-08-09T13:10:34","slug":"scuba-diving-open-water-course-tenerife","status":"publish","type":"product","link":"https:\/\/canaryvip.com\/sk\/shop\/scuba-diving-open-water-course-tenerife\/","title":{"rendered":"Pot\u00e1panie PADI: Kurz pot\u00e1pania s otvorenou vodou na Tenerife"},"content":{"rendered":"<h2><strong>\ud83e\udd3f PADI kurz pot\u00e1pania s otvorenou vodou Tenerife<\/strong><\/h2>\n<p>Objavte dokonal\u00fd z\u00e1\u017eitok z pot\u00e1pania v\u010faka n\u00e1\u0161mu kurzu PADI Scuba Diving Open Water na Tenerife. Z\u00edskajte pot\u00e1pa\u010dsk\u00fd preukaz a objavte z\u00e1zraky podmorsk\u00e9ho sveta Tenerife. Na\u0161e kurzy s\u00fa navrhnut\u00e9 tak, aby v\u00e1s pripravili na pot\u00e1panie v ak\u00fdchko\u013evek podmienkach, v\u010faka \u010domu je Tenerife ide\u00e1lnym miestom na za\u010datie va\u0161ej pot\u00e1pa\u010dskej cesty.<\/p>\n<h3><strong>\u23f1\ufe0f Kurz pot\u00e1pania PADI Open Water: Nie s\u00fa potrebn\u00e9 \u017eiadne sk\u00fasenosti!<\/strong><\/h3>\n<ul>\n<li><strong>Certifik\u00e1cia:<\/strong> Z\u00edskajte certifik\u00e1t PADI Open Water na Tenerife, ktor\u00fd v\u00e1m umo\u017en\u00ed pot\u00e1pa\u0165 sa kdeko\u013evek na svete vr\u00e1tane in\u00fdch kraj\u00edn.<\/li>\n<li><strong>Umiestnenie:<\/strong> Na\u0161e kurzy sa konaj\u00fa v profesion\u00e1lnej pot\u00e1pa\u010dskej \u0161kole v Los Cristianos.<\/li>\n<li><strong>Trvanie:<\/strong> Kurz trv\u00e1 2 a\u017e 3 dni a zah\u0155\u0148a 4 ponory a komplexn\u00e9 teoretick\u00e9 lekcie.<\/li>\n<\/ul>\n<h3><strong>\ud83c\udf0a Komplexn\u00e9 lekcie pot\u00e1pania na Tenerife<\/strong><\/h3>\n<ul>\n<li><strong>\u0160kolenie:<\/strong> Nau\u010dte sa pot\u00e1pa\u0165 s vysokokvalifikovan\u00fdm in\u0161truktorom PADI do maxim\u00e1lnej h\u013abky 18 metrov. Spoznajte podmorsk\u00fd svet ako nikdy predt\u00fdm, pochopte oce\u00e1nske pr\u00fady, morsk\u00fd \u017eivot a podmorsk\u00e9 z\u00e1kony.<\/li>\n<li><strong>Kurz pre deti:<\/strong> Mlad\u00ed pot\u00e1pa\u010di vo veku 10-14 rokov m\u00f4\u017eu z\u00edska\u0165 aj certifik\u00e1t Junior PADI Open Water s ponormi do 12 metrov.<\/li>\n<li>Kompletn\u00e9 vybavenie.<\/li>\n<\/ul>\n<h3><strong>\ud83d\udc22 Podmienky pot\u00e1pania na Tenerife<\/strong><\/h3>\n<ul>\n<li><strong>Teplota vody:<\/strong> Vychutnajte si pr\u00edjemn\u00e9 podmienky na pot\u00e1panie po\u010das cel\u00e9ho roka s teplotami v rozmedz\u00ed 18-25 \u00b0C.<\/li>\n<li><strong>Vidite\u013enos\u0165:<\/strong> Za\u017eite jasn\u00fa vidite\u013enos\u0165 pod vodou od 15 do 30 metrov, ktor\u00e1 je ide\u00e1lna na pozorovanie rozmanit\u00e9ho morsk\u00e9ho \u017eivota, ako s\u00fa raje, korytna\u010dky, chobotnice a \u010fal\u0161ie.<\/li>\n<li><strong>V\u00fdhodn\u00e1 poloha:<\/strong> Pot\u00e1pa\u010dsk\u00e1 \u0161kola sa nach\u00e1dza v Los Cristianos, odkia\u013e je \u013eahk\u00fd pr\u00edstup k najlep\u0161\u00edm pot\u00e1pa\u010dsk\u00fdm lokalit\u00e1m a mo\u017enos\u0165 vyzdvihnutia v r\u00e1mci ju\u017enej \u010dasti Tenerife.<\/li>\n<\/ul>\n<h3><strong>\u2705 \u010co je zahrnut\u00e9 v kurze PADI na Tenerife?<\/strong><\/h3>\n<ul>\n<li>Volite\u013en\u00e1 slu\u017eba vyzdvihnutia a odovzdania.<\/li>\n<li>Lekcie pot\u00e1pania pod veden\u00edm sk\u00fasen\u00fdch in\u0161truktorov.<\/li>\n<li>Skrinky na osobn\u00e9 veci.<\/li>\n<li>20-45 min\u00fat pot\u00e1pania na jedno sedenie.<\/li>\n<li>Viacjazy\u010dn\u00e9 pr\u00edru\u010dky pre zrozumite\u013en\u00e9 pokyny.<\/li>\n<\/ul>\n<h3><strong>\u2696\ufe0f Rezerva\u010dn\u00e9 a storno podmienky pre pot\u00e1panie na Tenerife<\/strong><\/h3>\n<ul>\n<li><strong>Flexibiln\u00e9 zru\u0161enie:<\/strong> Zru\u0161enie rezerv\u00e1cie do 48 hod\u00edn pred ponorom a vr\u00e1tenie pe\u0148az\u00ed v plnej v\u00fd\u0161ke. Ch\u00e1peme, \u017ee pl\u00e1ny sa m\u00f4\u017eu zmeni\u0165.<\/li>\n<li><strong>Z\u00e1vis\u00ed od po\u010dasia:<\/strong> V pr\u00edpade nepriazniv\u00e9ho po\u010dasia m\u00f4\u017eete zmeni\u0165 term\u00edn alebo v\u00e1m bude vr\u00e1ten\u00e1 cel\u00e1 suma. Budeme v\u00e1s informova\u0165 aspo\u0148 hodinu vopred.<\/li>\n<li><strong>Zdravotn\u00e9 po\u017eiadavky:<\/strong> Pred pot\u00e1pan\u00edm je potrebn\u00e9 vyplni\u0165 lek\u00e1rsky formul\u00e1r, aby ste sa uistili, \u017ee ste schopn\u00ed pot\u00e1pa\u0165 sa.<\/li>\n<\/ul>\n<h3><strong>\ud83c\udf92 Pr\u00edprava na pot\u00e1pa\u010dsk\u00e9 dobrodru\u017estvo<\/strong><\/h3>\n<ul>\n<li><strong>\u010co si prinies\u0165:<\/strong> Plavky, \u017eabky, uter\u00e1k a vstupenku CanaryVIP (vytla\u010den\u00fa alebo v telef\u00f3ne).<\/li>\n<li><strong>Zdravie a bezpe\u010dnos\u0165:<\/strong> Pot\u00e1panie sa neodpor\u00fa\u010da osob\u00e1m star\u0161\u00edm ako 5 mesiacov tehotenstva. \u00da\u010dastn\u00edci sa musia c\u00edti\u0165 dobre vo vode a musia vedie\u0165 pl\u00e1va\u0165.<\/li>\n<li><strong>Vybavenie:<\/strong> V\u0161etok potrebn\u00fd pot\u00e1pa\u010dsk\u00fd v\u00fdstroj je k dispoz\u00edcii. Ak si prinesiete osobn\u00fd v\u00fdstroj, m\u00f4\u017eete zv\u00fd\u0161i\u0165 svoje pohodlie.<\/li>\n<\/ul>\n<h3>\u2753 <strong>\u010casto kladen\u00e9 ot\u00e1zky: Odpovede na va\u0161e ot\u00e1zky t\u00fdkaj\u00face sa pot\u00e1pania<\/strong><\/h3>\n<ul>\n<li><strong>Potrebujem predch\u00e1dzaj\u00face sk\u00fasenosti s pot\u00e1pan\u00edm?<\/strong> Nie, na\u0161e kurzy s\u00fa ur\u010den\u00e9 pre za\u010diato\u010dn\u00edkov. Bu\u010fte pripraven\u00ed na vzru\u0161uj\u00face podmorsk\u00e9 dobrodru\u017estvo.<\/li>\n<li><strong>\u010co si m\u00e1m obliec\u0165?<\/strong> Poskytujeme v\u0161etko potrebn\u00e9 bezpe\u010dnostn\u00e9 a pot\u00e1pa\u010dsk\u00e9 vybavenie.<\/li>\n<li><strong>Existuj\u00fa vekov\u00e9 obmedzenia?<\/strong> Vhodn\u00e9 pre deti od 10 rokov. Deti od 10 do 14 rokov sa m\u00f4\u017eu prihl\u00e1si\u0165 do kurzu Junior Open Water.<\/li>\n<li><strong>\u010co ak neuvid\u00edm korytna\u010dky alebo raje?<\/strong> Hoci s\u00fa pozorovania be\u017en\u00e9, nemo\u017eno ich zaru\u010di\u0165, preto\u017ee z\u00e1visia od pr\u00edrody.<\/li>\n<\/ul>\n<h3><strong>\ud83d\udcc5 Podrobnosti o kurze<\/strong><\/h3>\n<ul>\n<li><strong>Trvanie:<\/strong> Kurz trv\u00e1 2-3 dni, zah\u0155\u0148a 4 ponory a teoretick\u00e9 lekcie.<\/li>\n<li><strong>Minim\u00e1lny vek:<\/strong> 10 rokov. Juniorsk\u00ed pot\u00e1pa\u010di (10-14 rokov) maj\u00fa certifik\u00e1t na pot\u00e1panie do h\u013abky 12 metrov.<\/li>\n<li><strong>Certifik\u00e1cia:<\/strong> Po jeho absolvovan\u00ed z\u00edskate certifik\u00e1t PADI Open Water Diver, ktor\u00fd v\u00e1m umo\u017en\u00ed pot\u00e1pa\u0165 sa do h\u013abky 18 metrov kdeko\u013evek na svete, v\u017edy s partnerom.<\/li>\n<li><strong>\u0160trukt\u00fara kurzu:<\/strong>\n<ul>\n<li><strong>Te\u00f3ria:<\/strong> Z\u00edskajte inform\u00e1cie o vybaven\u00ed, bezpe\u010dnosti a podvodnej navig\u00e1cii, ktor\u00e9 m\u00f4\u017eete absolvova\u0165 online pred za\u010diatkom kurzu.<\/li>\n<li><strong>Praktick\u00e9 cvi\u010denia:<\/strong> Z\u00edskajte d\u00f4veru vo svoje vybavenie prostredn\u00edctvom cvi\u010den\u00ed pod vodou a na hladine.<\/li>\n<li><strong>Pot\u00e1panie:<\/strong> Absolvujte 4 ponory - 2 do h\u013abky 12 metrov a 2 do h\u013abky 18 metrov, pri\u010dom si precvi\u010d\u00edte zru\u010dnosti z\u00edskan\u00e9 v teoretickej a praktickej \u010dasti.<\/li>\n<\/ul>\n<\/li>\n<li><strong>Vybavenie:<\/strong> V\u0161etok potrebn\u00fd v\u00fdstroj je zahrnut\u00fd v cene kurzu.<\/li>\n<li><strong>Certifik\u00e1cia pre juniorov:<\/strong> Deti vo veku 10-14 rokov z\u00edskaj\u00fa certifik\u00e1t Junior Open Water Diver, ktor\u00fd umo\u017e\u0148uje ponory do h\u013abky 12 metrov.<\/li>\n<\/ul>\n<h4><strong>\ud83c\udf1e Ste pripraven\u00ed ponori\u0165 sa?<\/strong><\/h4>\n<p>Vydajte sa na nezabudnute\u013en\u00fd PADI <a href=\"https:\/\/canaryvip.com\/sk\/shop\/scuba-diving-tenerife\/\">Pot\u00e1panie<\/a> Kurz otvorenej vody na Tenerife. \u010ci u\u017e sa budete pot\u00e1pa\u0165 z Los Cristianos, pozorova\u0165 korytna\u010dky, alebo sk\u00fama\u0165 \u017eiv\u00fd morsk\u00fd \u017eivot, va\u0161e dobrodru\u017estvo s CanaryVIP s\u013eubuje vzru\u0161enie a trval\u00e9 spomienky.<\/p>\n<p>Rezervujte si miesto e\u0161te dnes a ponorte sa do z\u00e1zrakov oce\u00e1nu s CanaryVIP! \ud83e\udd3f\ud83d\udc22\ud83c\udf0a<\/p>","protected":false},"excerpt":{"rendered":"<p><strong>\ud83d\udd0d Kurz PADI na Tenerife:<\/strong><br \/>\n\u2705 Bezpe\u010dn\u00e1 platba.<br \/>\n\ud83c\udfab Z\u00edskajte certifik\u00e1t PADI.<br \/>\n\ud83d\udc20 Pozorovanie morsk\u00e9ho \u017eivota.<br \/>\n\ud83d\ude80 2-3 dni Trvanie kurzu.<br \/>\n\ud83e\udd3f Poskytnut\u00e9 vybavenie.<br \/>\n\ud83d\udd59 Rann\u00fd odchod.<br \/>\n\ud83d\udcc5 K dispoz\u00edcii denne.<br \/>\n\ud83d\ude0e Nie je potrebn\u00e9 \u017eiadne pot\u00e1panie.<br \/>\n\ud83c\udfca\ud83c\udffc Vy\u017eaduje sa z\u00e1kladn\u00e9 pl\u00e1vanie.<br \/>\n\ud83e\udd11 Garancia najlep\u0161ej ceny.<br \/>\n\ud83d\ude8d Volite\u013en\u00e1 kyvadlov\u00e1 doprava.<br \/>\n\ud83d\udc6a Skupinov\u00e9 z\u013eavy.<br \/>\n\ud83d\udd01 48 Storno podmienky.<br \/>\n\ud83c\udf0d Sprievodcovia v angli\u010dtine a \u0161paniel\u010dine.<br \/>\n\ud83c\udf1f Rezervujte si v\u010das a u\u0161etrite.<br \/>\n\ud83d\udccd Odchod z\u00a0<a href=\"https:\/\/maps.app.goo.gl\/g9c9rZaJv7igjr3t8\">Los Cristianos<\/a>.<\/p>","protected":false},"featured_media":11503,"comment_status":"open","ping_status":"closed","template":"","meta":{"_acf_changed":false},"product_brand":[],"product_cat":[53],"product_tag":[],"class_list":{"0":"post-11493","1":"product","2":"type-product","3":"status-publish","4":"has-post-thumbnail","6":"product_cat-water-sports","7":"wcpa_has_options","9":"first","10":"instock","11":"virtual","12":"purchasable","13":"product-type-simple"},"acf":[],"wcpa_form_fields":{"wcpaData":{"product":{"product_price":370,"price_html":"From&nbsp;<span class=\"woocommerce-Price-amount amount\"><bdi>370,00&nbsp;<span class=\"woocommerce-Price-currencySymbol\">&euro;<\/span><\/bdi><\/span>","original_product_price":370,"price_including_tax":370,"price_excluding_tax":370,"product_id":{"parent":11493,"variation":false},"is_variable":false,"stock_status":"instock","stock_quantity":null,"parent_sku":"CV11493","product_attributes":[],"custom_fields":[],"is_taxable":false,"product_name":"PADI Scuba Diving: Open Water Course Tenerife","hasImage":false},"fields":{"sec_46644afc54864b":{"extra":{"key":"sec_46644afc54864b","section_id":"sec_46644afc54864b","name":"Default","status":1,"cl_rule":"show","enableCl":false,"relations":[],"toggle":true,"title_tag":"h3","show_title":false,"showPrice":"default","form_id":11507,"form_rules":{"exclude_from_discount":true,"fee_label":"Fee","disp_hide_options_price":true,"disp_show_section_price":false,"disp_show_field_price":true,"layout_option":"standard","pric_use_as_fee":false,"process_fee_as":"woo_fee"},"layout_option":"standard"},"fields":[[{"label":"\ud83d\udcc5 Date","active":true,"required":true,"elementId":"date_96644afc54866b","picker_type":"custom","picker_mode":"single","placeholder":"","description":"","tooltip":"","name":"date_96644afc54866b","label_position":"default","desc_position":"default","enablePrice":false,"className":"","enableCl":false,"relations":[{"operator":"and","rules":[{"operator":"AND","rules":{"cl_field":"radio-group_4664295c2b9c39","cl_relation":"is","cl_val":"3 Hour Trip"}}]}],"date_pic_inline":true,"date_pic_inline_hide":true,"min_date":{"type":"days","val":"1"},"max_date":{"type":"days","val":"365"},"date_pic_conf":{"disabledWeeks":[]},"price":"","cl_rule":"show","col":6,"type":"date","error":false,"enableDesign":false,"LabelColor":"","gt_translate_keys":["label","placeholder","description","tooltip"],"price_dependency":false,"cl_dependency":false,"value":""}],[{"active":true,"col":6,"relations":false,"cl_rule":"show","enableCl":false,"price":"","enablePrice":false,"className":"","label_position":"default","desc_position":"default","type":"separator","required":false,"elementId":"separator_76644afc54867a","label":"Separator Field","height":"2","separatorType":"blank","error":false,"gt_translate_keys":["label"],"price_dependency":false,"cl_dependency":false,"value":""}]]},"sec_06644afc54875a":{"extra":{"key":"sec_06644afc54875a","section_id":"sec_06644afc54875a","name":"Dive with a License","status":1,"cl_rule":"show","enableCl":false,"relations":[{"operator":false,"rules":[{"operator":"AND","rules":{"cl_field":"radio-group_26644afc548687","cl_relation":"is","cl_val":"Dive with a License"}}]}],"toggle":true,"title_tag":"h4","show_title":false,"showPrice":"default","form_id":11507,"form_rules":{"exclude_from_discount":true,"fee_label":"Fee","disp_hide_options_price":true,"disp_show_section_price":false,"disp_show_field_price":true,"layout_option":"standard","pric_use_as_fee":false,"process_fee_as":"woo_fee"},"layout_option":"standard"},"fields":[[{"contentType":"rich","active":true,"label":"","elementId":"content_46644afc54876d","value":"<p>\ud83c\udf9f\ufe0f <strong>Reservation<\/strong>: Pay only a deposit now to reserve; the rest is due on the day of the activity upon arrival.<\/p>","inline":true,"show_in_checkout":true,"name":"content_46644afc54876d","enablePrice":false,"className":"","subtype":"div","enableCl":false,"relations":false,"price":"","cl_rule":"show","col":6,"type":"content","gt_translate_keys":["label","value"],"price_dependency":false,"cl_dependency":false}],[{"active":true,"col":6,"relations":false,"cl_rule":"show","enableCl":false,"price":"","enablePrice":true,"className":"","label_position":"default","desc_position":"default","type":"select","required":false,"elementId":"select_96644afc548776","label":"\ud83e\udeaa PADI Open Water Course","name":"select_96644afc548776","values":[{"label":"1 Person (370\u20ac)","value":"1","selected":false,"tempId":"aco_6352","price":"370","gt_translate_keys":["label"]},{"label":"2 People (740\u20ac)","value":"2","selected":false,"tempId":"aco_6353","price":"740","gt_translate_keys":["label"]},{"label":"3 People (1.110\u20ac)","value":"3","selected":false,"tempId":"aco_6354","price":"1110","gt_translate_keys":["label"]},{"label":"4 People (1.480\u20ac)","value":"4","selected":false,"tempId":"aco_922","price":"1480","gt_translate_keys":["label"]}],"dropdown_type":"basic","error":false,"priceOptions":"different_for_all","pricingType":"fixed","placeholder":"Select Amount of People","is_show_price":true,"gt_translate_keys":["label","placeholder"],"price_dependency":["content_106644afc548789","content_46644afc548793","content_76644afc54879c"],"cl_dependency":false,"value":""}],[{"elementId":"separator_106644afc548780","separatorType":"fill","separatorColor":"#66a6b6","className":"","height":"6","enableCl":false,"relations":false,"cl_rule":"show","col":6,"type":"separator","gt_translate_keys":[],"price_dependency":false,"cl_dependency":false,"value":""}],[{"contentType":"plain","active":true,"label":"Deposit Now","elementId":"content_106644afc548789","value":"","inline":true,"show_in_checkout":true,"name":"content_106644afc548789","enablePrice":true,"className":"","fee_label":"","subtype":"div","enableCl":false,"relations":false,"scrollBar":false,"enableDesign":true,"LabelColor":"","LabelSize":"14px","pricingType":"custom","isTemplate":false,"price":"{field.select_96644afc548776.price}*0.1581081","use_as_fee":false,"is_show_price":false,"cl_rule":"show","col":6,"type":"content","error":false,"formulaId":"fmla_1715641843927697789","gt_translate_keys":["label","value"],"price_dependency":false,"cl_dependency":false}],[{"contentType":"plain","active":true,"label":"Payment at Arrival","elementId":"content_46644afc548793","value":"","inline":true,"show_in_checkout":true,"name":"content_46644afc548793","enablePrice":true,"className":"","fee_label":"","subtype":"div","enableCl":false,"relations":[{"operator":false,"rules":[{"operator":"AND","rules":{"cl_field":"content_86644afc5486bd","cl_relation":"is_not_empty","cl_val":""}}]}],"scrollBar":false,"enableDesign":true,"LabelColor":"","LabelSize":"14px","pricingType":"custom","isTemplate":false,"price":"{field.select_96644afc548776.price}*0.8418919","use_as_fee":false,"is_show_price":true,"cl_rule":"disable","col":6,"type":"content","error":false,"formulaId":"fmla_1715642020961697970","gt_translate_keys":["label","value"],"price_dependency":false,"cl_dependency":false}],[{"contentType":"plain","active":true,"label":"Total Amount","elementId":"content_76644afc54879c","value":"","inline":true,"show_in_checkout":true,"name":"content_76644afc54879c","enablePrice":true,"className":"","fee_label":"","subtype":"div","enableCl":false,"relations":[{"operator":false,"rules":[{"operator":"AND","rules":{"cl_field":"content_86644afc5486bd","cl_relation":"is_not_empty","cl_val":""}}]}],"scrollBar":false,"enableDesign":true,"LabelColor":"","LabelSize":"14px","pricingType":"custom","isTemplate":false,"price":"{field.select_96644afc548776.price}","use_as_fee":false,"is_show_price":true,"cl_rule":"disable","col":6,"type":"content","error":false,"gt_translate_keys":["label","value"],"price_dependency":false,"cl_dependency":false}]]},"sec_16644afc54879d":{"extra":{"key":"sec_16644afc54879d","section_id":"sec_16644afc54879d","name":"Pickup Location","status":1,"cl_rule":"show","enableCl":false,"relations":[],"toggle":true,"title_tag":"h4","show_title":false,"showPrice":"default","form_id":11507,"form_rules":{"exclude_from_discount":true,"fee_label":"Fee","disp_hide_options_price":true,"disp_show_section_price":false,"disp_show_field_price":true,"layout_option":"standard","pric_use_as_fee":false,"process_fee_as":"woo_fee"},"layout_option":"standard"},"fields":[[{"active":true,"col":6,"relations":[{"operator":false,"rules":[{"operator":"AND","rules":{"cl_field":"radio-group_4664295c2b9c39","cl_relation":"is","cl_val":"3 Hour Trip"}}]}],"cl_rule":"show","enableCl":false,"price":"","enablePrice":false,"className":"","label_position":"default","desc_position":"default","type":"select","required":true,"elementId":"select_106644afc5487a6","label":"\u23f0 Departure Time","name":"select_106644afc5487a6","values":[{"label":"9:00 AM","value":"9:00","selected":true,"tempId":"aco_1450","gt_translate_keys":["label"]}],"dropdown_type":"basic","error":false,"placeholder":"","gt_translate_keys":["label","placeholder"],"price_dependency":false,"cl_dependency":false,"value":""}],[{"active":true,"col":6,"relations":false,"cl_rule":"show","enableCl":false,"price":"","enablePrice":false,"className":"","label_position":"default","desc_position":"default","type":"separator","required":false,"elementId":"separator_46644afc5487b0","label":"Separator Field","height":"1","separatorType":"blank","error":false,"gt_translate_keys":["label"],"price_dependency":false,"cl_dependency":false,"value":""}],[{"active":true,"col":6,"relations":[{"operator":false,"rules":[{"operator":false,"rules":{"cl_field":"radio-group_4664295c2b9c39","cl_relation":"is_not","cl_val":"4.5 Hour Trip from North Tenerife"}}]}],"cl_rule":"show","enableCl":false,"price":"","enablePrice":false,"className":"","label_position":"default","desc_position":"default","type":"text","subtype":"text","required":false,"elementId":"text_66644afc5487b9","label":"\ud83d\ude8c Pickup Location","name":"text_66644afc5487b9","value":"","error":false,"description":"Pick-up service in Tenerife South available for an extra 2\u20ac per person, to be paid on arrival. Please provide your address or hotel name to book the shuttle service; if not needed, leave it blank. | For Callao Salvaje and Palm-Mar, the extra cost is 4\u20ac per person | El M\u00e9dano: 15\u20ac per car | Golf del Sur: 10\u20ac per car.","repeater":false,"repeater_field_label":"{field_label}","repeater_bind":"","gt_translate_keys":["label","description","value","repeater_field_label"],"price_dependency":false,"cl_dependency":false}]]}},"config":{"price_override":"always","enable_recaptcha":false,"bind_quantity":false,"quantity_bind_formula":false,"disp_summ_show_option_price":true,"disp_summ_show_product_price":false,"disp_summ_show_total_price":false,"disp_summ_show_fee":true,"disp_summ_show_discount":true,"summary_title":"","options_total_label":"Options Price","total_label":"Deposit Amount","options_product_label":"Product Price","fee_label":"Fee","discount_label":"Discount","has_price":true,"has_quantity_formula":false},"mc_unit":1,"tax_rate":1,"tax_rate_real":1,"discount":{"percentage":0,"fixed":0},"design":{"conf":{"LabelPosition":"above","DescPosition":"above","UploadField":"custom_1","QuantityFieldStyle":"custom_1"},"css":{"LeftLabelWidth":"120px"}},"formulas":{"fmla_1715641843927697789":"(({field.select_5483136313.value}>=3)?(24):(({field.select_5483136313.value}>=2)?(38):(({field.select_5483136313.value}>=1)?(52):(0))))","fmla_1715642020961697970":"(({field.select_5483136313.value}>=3)?(56):(({field.select_5483136313.value}>=2)?(112):(({field.select_5483136313.value}>=1)?(168):(0))))"},"lookuptables":[],"clones":false,"cartKey":false}},"_links":{"self":[{"href":"https:\/\/canaryvip.com\/sk\/wp-json\/wp\/v2\/product\/11493","targetHints":{"allow":["GET"]}}],"collection":[{"href":"https:\/\/canaryvip.com\/sk\/wp-json\/wp\/v2\/product"}],"about":[{"href":"https:\/\/canaryvip.com\/sk\/wp-json\/wp\/v2\/types\/product"}],"replies":[{"embeddable":true,"href":"https:\/\/canaryvip.com\/sk\/wp-json\/wp\/v2\/comments?post=11493"}],"wp:featuredmedia":[{"embeddable":true,"href":"https:\/\/canaryvip.com\/sk\/wp-json\/wp\/v2\/media\/11503"}],"wp:attachment":[{"href":"https:\/\/canaryvip.com\/sk\/wp-json\/wp\/v2\/media?parent=11493"}],"wp:term":[{"taxonomy":"product_brand","embeddable":true,"href":"https:\/\/canaryvip.com\/sk\/wp-json\/wp\/v2\/product_brand?post=11493"},{"taxonomy":"product_cat","embeddable":true,"href":"https:\/\/canaryvip.com\/sk\/wp-json\/wp\/v2\/product_cat?post=11493"},{"taxonomy":"product_tag","embeddable":true,"href":"https:\/\/canaryvip.com\/sk\/wp-json\/wp\/v2\/product_tag?post=11493"}],"curies":[{"name":"wp","href":"https:\/\/api.w.org\/{rel}","templated":true}]}}