{"id":11456,"date":"2024-05-12T23:05:18","date_gmt":"2024-05-12T22:05:18","guid":{"rendered":"https:\/\/canaryvip.com\/?post_type=product&#038;p=11456"},"modified":"2026-03-05T17:06:36","modified_gmt":"2026-03-05T17:06:36","slug":"party-boat-tenerife","status":"publish","type":"product","link":"https:\/\/canaryvip.com\/sk\/shop\/party-boat-tenerife\/","title":{"rendered":"Utopia Boat Party Tenerife"},"content":{"rendered":"<h2>\ud83c\udf89 P\u00e1rty lo\u010f Tenerife s CanaryVIP<\/h2>\n<p><strong>Za\u017eite nezabudnute\u013en\u00fa z\u00e1bavu s CanaryVIP:<\/strong> Ponorte sa do neoby\u010dajn\u00e9ho dobrodru\u017estva s na\u0161imi l\u00edstkami na p\u00e1rty lo\u010f na Tenerife. T\u00e1to vzru\u0161uj\u00faca plavba za\u010d\u00edna v Puerto Col\u00f3n a pon\u00faka \u017eiv\u00fa hudbu, \u00fa\u017easn\u00e9 slne\u010dn\u00e9 l\u00fa\u010de a kozmopolitn\u00fd dav.<\/p>\n<p><strong>CanaryVIP<\/strong> Spolo\u010dnos\u0165 CanaryVIP pon\u00faka vstupenky na najzauj\u00edmavej\u0161ie lodn\u00e9 p\u00e1rty na Tenerife a s\u013eubuje jedine\u010dn\u00fd a nezabudnute\u013en\u00fd z\u00e1\u017eitok, ktor\u00fd sa sp\u00e1ja s nap\u00ednavou predp\u00e1rty, energickou jazdou na lodi a vzru\u0161uj\u00facou afterp\u00e1rty.<\/p>\n<p><strong>Dokonal\u00fd z\u00e1\u017eitok z ve\u010dierka:<\/strong>\u00a0: Pridajte sa k n\u00e1m na palube tejto oslavy, ak\u00e1 nem\u00e1 obdoby. Pozoruhodn\u00fd mix housu, RnB, hip-hopu, DnB, EDM a reggaetonu, to v\u0161etko poh\u00e1\u0148an\u00e9 \u0161pi\u010dkov\u00fdm zvukov\u00fdm syst\u00e9mom. Profesion\u00e1lni d\u00edd\u017eeji a moder\u00e1tori sa postaraj\u00fa o nepretr\u017eit\u00fa z\u00e1bavu, v\u010faka \u010domu je t\u00e1to p\u00e1rty na lodi na Tenerife dokonal\u00fdm z\u00e1\u017eitkom.<\/p>\n<h3>Mo\u017enosti vstupeniek na \ud83c\udf9f\ufe0f<\/h3>\n<p>V\u0161etky vstupenky zah\u0155\u0148aj\u00fa vstup na legend\u00e1rnu 3-hodinov\u00fa p\u00e1rty na lodi s hudbou House, RnB, Hip Hop, DnB, EDM a Reggaeton od najlep\u0161\u00edch rezidentn\u00fdch DJ-ov a MC-ov, mas\u00edvnym 15 000-wattov\u00fdm zvukov\u00fdm syst\u00e9mom Utopia a profesion\u00e1lnymi fotografiami online zdarma. Vyberte si z nasleduj\u00facich mo\u017enost\u00ed vstupeniek:<\/p>\n<ul>\n<li><strong>Z\u00e1kladn\u00fd l\u00edstok:<\/strong> Zah\u0155\u0148a 4 n\u00e1poje z v\u00fdberu miestnych liehov\u00edn (rum, whisky, gin, vodka, kokosov\u00fd lik\u00e9r, amaretto), pivo Victoria M\u00e1laga alebo nealkoholick\u00e9 n\u00e1poje (cola, pomaran\u010d, citr\u00f3n, sprite).<\/li>\n<li><strong>\u0160tandardn\u00e1 vstupenka na otvoren\u00fd bar:<\/strong> Zah\u0155\u0148a neobmedzen\u00fd 3-hodinov\u00fd otvoren\u00fd bar s miestnym pivom, liehovinami a mie\u0161an\u00fdmi n\u00e1pojmi.<\/li>\n<li><strong>Vstupenka na pr\u00e9miov\u00e9 n\u00e1poje:<\/strong> Zah\u0155\u0148a neobmedzen\u00e9 mno\u017estvo pr\u00e9miov\u00fdch zna\u010dkov\u00fdch liehov\u00edn, ako s\u00fa Absolut Vodka, Bacardi, Havana, Beefeater Gin (oby\u010dajn\u00fd a ru\u017eov\u00fd), Disaronno, Malibu, Jim Beam, Ballantine's whisky, ako aj Red Bull a pr\u00e9miov\u00e9 mie\u0161an\u00e9 n\u00e1poje.<\/li>\n<li><strong>VIP vstupenka:<\/strong> Zah\u0155\u0148a v\u0161etky v\u00fdhody Premium a navy\u0161e prednostn\u00fd n\u00e1stup do lietadla a exkluz\u00edvny pr\u00edstup do s\u00fakromnej VIP z\u00f3ny a vyhraden\u00e9ho baru na palube.<\/li>\n<\/ul>\n<h3>\u2728 P\u00e1rty lo\u010f Tenerife Podrobnosti<\/h3>\n<p><strong>Komplexn\u00fd bal\u00edk pre p\u00e1rty:<\/strong> Va\u0161a cesta sa za\u010d\u00edna \u017eivou predve\u010dernou p\u00e1rty v <a href=\"https:\/\/maps.app.goo.gl\/Vt7HqjMeKHLczpy69\" target=\"_blank\" rel=\"noopener\">Bar Black Pearl,<\/a> kde si m\u00f4\u017eete vychutna\u0165 bezplatn\u00fd n\u00e1poj a stretn\u00fa\u0165 sa s ostatn\u00fdmi \u00fa\u010dastn\u00edkmi p\u00e1rty. Hlavnou udalos\u0165ou je <strong>3-hodinov\u00e1 plavba<\/strong> na palube <strong>P\u00e1rty lo\u010f Utopia,<\/strong>\u00a0s otvoren\u00fdm barom a dynamickou hudobnou sc\u00e9nou, po ktorej bude nasledova\u0165 afterparty v bare Black Pearl s exkluz\u00edvnymi ponukami.<\/p>\n<p><strong>Inkluz\u00edvne pre v\u0161etk\u00fdch:<\/strong> T\u00e1to aktivita je ur\u010den\u00e1 pre v\u0161etk\u00fdch nad\u0161encov p\u00e1rty a zabezpe\u010duje vyv\u00e1\u017een\u00fa kombin\u00e1ciu z\u00e1bavy, hudby a spolo\u010denskej interakcie. Je to najlep\u0161ia vo\u013eba pre t\u00fdch, ktor\u00ed h\u013eadaj\u00fa \u017eiv\u00fa a nezabudnute\u013en\u00fa <a href=\"https:\/\/canaryvip.com\/sk\/tenerife\/boat-excursions\/\">z\u00e1\u017eitok z plavby lo\u010fou.<\/a><\/p>\n<h3>\ud83c\udf0a \u010co m\u00f4\u017eete o\u010dak\u00e1va\u0165 na svojej lodnej p\u00e1rty na Tenerife<\/h3>\n<ul>\n<li><strong>Vzru\u0161uj\u00faca hudba a z\u00e1bava:<\/strong>\u00a0: Na tejto plne vybavenej p\u00e1rty lodi na Tenerife m\u00f4\u017eete tancova\u0165 v rytmoch housu, RnB, hip-hopu, DnB, EDM a reggaetonu.<\/li>\n<li><strong>Otvoren\u00fd bar:<\/strong>\u00a0: Vychutnajte si 3-hodinov\u00fd otvoren\u00fd bar s v\u00fdberom piva, miestnych liehov\u00edn a mie\u0161an\u00fdch n\u00e1pojov po\u010das v\u00fdletu na p\u00e1rty lodi na Tenerife.<\/li>\n<li><strong>Komfort a vybavenie:<\/strong>\u00a0: Odd\u00fdchnite si pri pohodlnom seden\u00ed, \u010distom zariaden\u00ed a \u017eivej atmosf\u00e9re.<\/li>\n<li><strong>Kr\u00e1sa scen\u00e9rie: <\/strong>: Po\u010das z\u00e1bavy na vln\u00e1ch sa v\u00e1m naskytne n\u00e1dhern\u00fd v\u00fdh\u013ead na pobre\u017eie Tenerife.<\/li>\n<li><strong>Bezpe\u010dnos\u0165 na prvom mieste: <\/strong>: Pos\u00e1dka uprednost\u0148uje va\u0161u bezpe\u010dnos\u0165 v\u010faka jasn\u00fdm pokynom a viacjazy\u010dnej podpore.<\/li>\n<\/ul>\n<h3>\ud83d\udee5\ufe0f Pr\u00edprava na dobrodru\u017estvo na p\u00e1rty lodi na Tenerife<\/h3>\n<p>Zabezpe\u010dte si bezprobl\u00e9mov\u00fd z\u00e1\u017eitok t\u00fdm, \u017ee si so sebou vezmete plavky, opa\u013eovac\u00ed kr\u00e9m a <strong>CanaryVIP<\/strong> l\u00edstok, bu\u010f digit\u00e1lny, alebo vytla\u010den\u00fd. Odpor\u00fa\u010dame, aby ste sa predt\u00fdm najedli a vyhli sa alkoholu, aby ste zn\u00ed\u017eili riziko morskej choroby. Zv\u00e1\u017ete, \u010di si pred odchodom nevezmete tabletku proti cestovnej nevo\u013enosti, aby ste si cestu spr\u00edjemnili.<\/p>\n<h3>\ud83d\udea4 P\u00e1rty lo\u010f Tenerife: Va\u0161a dokonal\u00e1 oslava<\/h3>\n<p>Vyberte si CanaryVIP pre svoje <strong>P\u00e1rty lo\u010f Tenerife<\/strong> l\u00edstky, ktor\u00e9 pon\u00fakaj\u00fa bezkonkuren\u010dn\u00fa hodnotu a v\u00fdnimo\u010dn\u00e9 slu\u017eby.<br \/>\nPridajte sa k n\u00e1m a za\u017eite t\u00fa najlep\u0161iu p\u00e1rty na lodi:<\/p>\n<ul>\n<li><strong>Zaru\u010den\u00e9 najlep\u0161ie ceny:<\/strong> Vychutnajte si konkuren\u010dn\u00e9 ceny za nezabudnute\u013en\u00fd z\u00e1\u017eitok na p\u00e1rty lodi na Tenerife.<\/li>\n<li><strong>Skupinov\u00e9 z\u013eavy:<\/strong> U\u0161etrite viac s na\u0161imi \u0161peci\u00e1lnymi cenami pre skupiny na na\u0161ej p\u00e1rty lodi na Tenerife.<\/li>\n<li><strong>Predbe\u017en\u00e9 rezerv\u00e1cie:<\/strong> Zabezpe\u010dte si svoje miesto v\u010das, aby ste nezme\u0161kali t\u00fato exkluz\u00edvnu p\u00e1rty lo\u010f na Tenerife!<\/li>\n<li><strong>Flexibiln\u00e9 storno podmienky:<\/strong> Vyu\u017eite na\u0161e podmienky zru\u0161enia z\u00e1kazn\u00edcky \u00fastretov\u00e9.<\/li>\n<li><strong>D\u00f4veryhodn\u00fd oper\u00e1tor:<\/strong> Ako popredn\u00fd poskytovate\u013e leteniek na Kan\u00e1rskych ostrovoch, <strong>CanaryVIP<\/strong> je preferovanou vo\u013ebou pre milovn\u00edkov p\u00e1rty lod\u00ed na Tenerife.<\/li>\n<\/ul>\n<h3>\ud83d\ude99 Miesto stretnutia a parkovisko<\/h3>\n<p><strong>Pridajte sa k n\u00e1m v Puerto Col\u00f3n:<\/strong> Stretneme sa v bare Black Pearl, kde za\u017eijete dobrodru\u017estvo na p\u00e1rty lodi na Tenerife. Pr\u00ed\u010fte aspo\u0148 15 min\u00fat pred odchodom, aby ste si zabezpe\u010dili bezprobl\u00e9mov\u00e9 nalodenie. V pr\u00edstave je k dispoz\u00edcii dostatok parkovac\u00edch miest, \u010do je pohodln\u00e9 pre t\u00fdch, ktor\u00ed sa pridaj\u00fa k na\u0161ej p\u00e1rty lodi Tenerife.<\/p>\n<h3>\ud83c\udf1f Obchodn\u00e9 podmienky CanaryVIP<\/h3>\n<p>U\u017eite si pokoj s na\u0161imi komplexn\u00fdmi poistkami pre va\u0161e dobrodru\u017estvo. Tu je to, \u010do potrebujete vedie\u0165:<\/p>\n<ul>\n<li><strong>Pohotovostn\u00e9 pl\u00e1ny pre pr\u00edpad nepriazniv\u00e9ho po\u010dasia:<\/strong> V pr\u00edpade nebezpe\u010dn\u00fdch poveternostn\u00fdch podmienok sa poskytne mo\u017enos\u0165 zmeny term\u00ednu alebo vr\u00e1tenia pe\u0148az\u00ed v plnej v\u00fd\u0161ke.<\/li>\n<li><strong>Flexibiln\u00e9 storno podmienky:<\/strong>\n<ul>\n<li>Bezplatn\u00e9 zru\u0161enie alebo zmena term\u00ednu a\u017e 7 dn\u00ed vopred pri individu\u00e1lnych rezerv\u00e1ci\u00e1ch.<\/li>\n<li>Pre skupiny s viac ako 10 osobami je mo\u017en\u00e9 bezplatn\u00e9 zru\u0161enie rezerv\u00e1cie do 12 dn\u00ed pred podujat\u00edm.<\/li>\n<li>Pre skupiny nad 20 os\u00f4b plat\u00ed bezplatn\u00e9 zru\u0161enie rezerv\u00e1cie do 16 dn\u00ed pred podujat\u00edm.<\/li>\n<li>Potrebovali by ste <a href=\"https:\/\/canaryvip.com\/sk\/contact\/\">kontaktujte n\u00e1s<\/a> pre \u017eiadosti o zru\u0161enie.<\/li>\n<\/ul>\n<\/li>\n<li><strong>Nepr\u00edtomnos\u0165 a neskor\u00fd pr\u00edchod:<\/strong> N\u00e1hrady sa neposkytuj\u00fa v pr\u00edpade ne\u00fa\u010dasti alebo neskor\u00e9ho pr\u00edchodu. Uistite sa, \u017ee pr\u00eddete v\u010das, preto\u017ee lodn\u00e1 p\u00e1rty je zvy\u010dajne plne obsaden\u00e1.<\/li>\n<li><strong>Spr\u00e1vanie na palube:<\/strong> Od host\u00ed sa o\u010dak\u00e1va, \u017ee bud\u00fa udr\u017eiava\u0165 z\u00e1bavn\u00e9 a bezpe\u010dn\u00e9 prostredie. Nevhodn\u00e9 spr\u00e1vanie m\u00f4\u017ee ma\u0165 za n\u00e1sledok odstr\u00e1nenie z lode bez n\u00e1roku na vr\u00e1tenie pe\u0148az\u00ed.<\/li>\n<li><strong>Morsk\u00e1 choroba a zmeny v pl\u00e1ne:<\/strong> Ak sa vyskytne morsk\u00e1 choroba a je potrebn\u00e9 zmeni\u0165 trasu, peniaze sa nevracaj\u00fa.<\/li>\n<li><strong>S\u0165a\u017enosti:<\/strong> Ak\u00e9ko\u013evek probl\u00e9my by ste mali rie\u0161i\u0165 s person\u00e1lom lode v de\u0148 podujatia, preto\u017ee person\u00e1l CanaryVIP nie je na lodi pr\u00edtomn\u00fd.<\/li>\n<\/ul>\n<p>Zarezervujte si teraz a pripojte sa k n\u00e1m na nezabudnute\u013en\u00fa p\u00e1rty na vln\u00e1ch Tenerife!<\/p>","protected":false},"excerpt":{"rendered":"<p><strong>\ud83d\udd0d Lodn\u00e1 p\u00e1rty Tenerife:<\/strong><br \/>\n\u2705 Bezpe\u010dn\u00e1 platba.<br \/>\n\ud83d\ude80 3h v\u00fdlet lo\u010fou.<br \/>\n\ud83c\udf7b 3h OPEN BAR Vr\u00e1tane.<br \/>\n\ud83d\udcc6 soboty o 12:30 hod.<br \/>\n\ud83c\udfb6 D\u00edd\u017eeji a hudba.<br \/>\n\ud83d\udeab len +18 rokov.<br \/>\n\ud83e\udd11 Garancia najlep\u0161ej ceny.<br \/>\n\ud83c\udf1f Rezervujte teraz a u\u0161etrite!<br \/>\n\ud83d\udccd Odchod z\u00a0<a href=\"https:\/\/www.google.com\/maps\/place\/Puerto+Col%C3%B3n\/@28.0783432,-16.7368735,18.52z\/data=!4m6!3m5!1s0xc6a9743509c9ebf:0xd62345524f768247!8m2!3d28.0789928!4d-16.7359737!16s%2Fg%2F11c6cqryw_?entry=tts\">Puerto Colon<\/a>.<\/p>","protected":false},"featured_media":11461,"comment_status":"open","ping_status":"closed","template":"","meta":{"_acf_changed":false},"product_brand":[],"product_cat":[46],"product_tag":[],"class_list":{"0":"post-11456","1":"product","2":"type-product","3":"status-publish","4":"has-post-thumbnail","6":"product_cat-boat-excursions","7":"wcpa_has_options","9":"first","10":"instock","11":"sale","12":"virtual","13":"purchasable","14":"product-type-simple"},"acf":[],"wcpa_form_fields":{"wcpaData":{"product":{"product_price":70,"price_html":"From&nbsp;<del aria-hidden=\"true\"><span class=\"woocommerce-Price-amount amount\"><bdi>75,00&nbsp;<span class=\"woocommerce-Price-currencySymbol\">&euro;<\/span><\/bdi><\/span><\/del> <span class=\"screen-reader-text\">P\u00f4vodn\u00e1 cena bola: 75,00&nbsp;&euro;.<\/span><ins aria-hidden=\"true\"><span class=\"woocommerce-Price-amount amount\"><bdi>70,00&nbsp;<span class=\"woocommerce-Price-currencySymbol\">&euro;<\/span><\/bdi><\/span><\/ins><span class=\"screen-reader-text\">Aktu\u00e1lna cena je: 70,00&nbsp;&euro;.<\/span>","original_product_price":75,"price_including_tax":70,"price_excluding_tax":70,"product_id":{"parent":11456,"variation":false},"is_variable":false,"stock_status":"instock","stock_quantity":null,"parent_sku":"CV11456","product_attributes":[],"custom_fields":[],"is_taxable":false,"product_name":"Utopia Boat Party Tenerife","hasImage":false},"fields":{"sec_06641441f5ff23":{"extra":{"key":"sec_06641441f5ff23","section_id":"sec_06641441f5ff23","name":"Default","status":1,"cl_rule":"show","enableCl":false,"relations":[],"toggle":true,"title_tag":"h3","show_title":false,"showPrice":"default","form_id":11462,"form_rules":{"exclude_from_discount":true,"fee_label":"Fee","disp_hide_options_price":true,"disp_show_section_price":false,"disp_show_field_price":true,"layout_option":"standard","pric_use_as_fee":false,"process_fee_as":"woo_fee"},"layout_option":"standard"},"fields":[[{"active":true,"col":6,"relations":false,"cl_rule":"show","enableCl":false,"price":"","enablePrice":false,"className":"oferta-especial","label_position":"default","desc_position":"default","type":"content","required":false,"elementId":"content_1421636141","label":"","name":"content_1421636141","contentType":"rich","value":"<p><strong>\ud83d\udd25 Utopia Boat Party Limited Time Offer!<br>\n<\/strong>Exclusive 5% discount automatically applied at checkout.<\/p>","error":false,"isTemplate":false,"gt_translate_keys":["label","value"],"price_dependency":false,"cl_dependency":false}],[{"label":"\ud83d\udcc5 Date","active":true,"required":true,"elementId":"date_66641441f5ff41","picker_type":"custom","picker_mode":"single","placeholder":"","description":"","tooltip":"","name":"date_66641441f5ff41","label_position":"default","desc_position":"default","enablePrice":false,"className":"","enableCl":false,"relations":[{"operator":"and","rules":[{"operator":"AND","rules":{"cl_field":"radio-group_56641441f5ff51","cl_relation":"is_not_empty","cl_val":"3 Hour Trip"}}]}],"date_pic_inline":true,"date_pic_inline_hide":true,"min_date":{"type":"days","val":"1"},"max_date":"","date_pic_conf":{"disabledWeeks":[1,2,3,4,5,0],"disabledDates":["2024-05-19","2024-05-26","2025-04-06","2025-04-13","2025-04-16","2025-04-20","2025-04-27","2025-09-01 to 2025-09-30"]},"price":"","cl_rule":"show","col":6,"type":"date","error":false,"enableDesign":false,"LabelColor":"","isWeightTemplate":false,"isTemplate":false,"min_quantity":"1","quantity_decimal":false,"quantity_step":"1","quantity_label":"Quantity","repeater_field_label":"{field_label}","repeater_bind":"","gt_translate_keys":["label","placeholder","description","tooltip","repeater_field_label","quantity_label"],"price_dependency":false,"cl_dependency":false,"value":""}],[{"active":true,"col":6,"relations":[{"operator":false,"rules":[{"operator":"AND","rules":{"cl_field":"","cl_relation":"","cl_val":""}}]}],"cl_rule":"show","enableCl":true,"price":"70","enablePrice":true,"className":"","label_position":"default","desc_position":"below","type":"radio-group","required":false,"elementId":"radio-group_86641441f5ff75","label":"","name":"radio-group_86641441f5ff75","values":[{"label":"\ud83d\udfe2 Basic Ticket (70\u20ac)","value":"Basic Ticket","selected":true,"tempId":"aco_32","tooltip":"","description":"","gt_translate_keys":["label","tooltip","description"]}],"layOut":"","error":false,"checkUi":"button","priceOptions":"fixed_for_all","pricingType":"fixed","enable_quantity":true,"quantity_label":"","min_quantity":"0","options_tooltip":true,"options_description":true,"description":"Ideal for budget-friendly fun. Includes a drinks package with 4 beverages at a discounted price.","enableDesign":false,"gt_translate_keys":["label","description","quantity_label"],"price_dependency":false,"cl_dependency":false,"value":""}],[{"active":true,"col":6,"relations":false,"cl_rule":"show","enableCl":false,"price":"","enablePrice":false,"className":"","label_position":"default","desc_position":"default","type":"separator","required":false,"elementId":"separator_1097273251","label":"Separator Field","height":"3","separatorType":"fill","error":false,"separatorColor":"#4a90e2","gt_translate_keys":["label"],"price_dependency":false,"cl_dependency":false,"value":""}],[{"label":"","active":true,"required":false,"elementId":"radio-group-0169646210","description":"Open bar with unlimited beer, local spirits, and mixers. Perfect for music and drink lovers.","name":"radio-group-0169646210","label_position":"default","desc_position":"below","enablePrice":true,"className":"","enableCl":true,"relations":[{"operator":false,"rules":[{"operator":"AND","rules":{"cl_field":"","cl_relation":"","cl_val":""}}]}],"enableDesign":false,"enable_quantity":true,"quantity_label":"","min_quantity":"0","checkUi":"button","layOut":"","options_tooltip":true,"options_description":true,"values":[{"label":"\ud83c\udf9f\ufe0f Standard Ticket (90\u20ac)","value":"Standard Ticket","selected":true,"tempId":"aco_32","tooltip":"","description":"","gt_translate_keys":["label","tooltip","description"]}],"priceOptions":"fixed_for_all","pricingType":"fixed","price":"90","cl_rule":"show","col":6,"type":"radio-group","error":false,"gt_translate_keys":["label","description","quantity_label"],"price_dependency":false,"cl_dependency":false,"value":""}],[{"elementId":"separator-0973524418","separatorType":"fill","separatorColor":"#4a90e2","className":"","height":"3","enableCl":false,"relations":false,"cl_rule":"show","col":6,"type":"separator","gt_translate_keys":[],"price_dependency":false,"cl_dependency":false,"value":""}],[{"label":"","active":true,"required":false,"elementId":"radio-group_56641441f5ffa1","name":"radio-group_56641441f5ffa1","label_position":"default","desc_position":"below","enablePrice":true,"className":"","enableCl":false,"relations":[{"operator":false,"rules":[{"operator":"AND","rules":{"cl_field":"","cl_relation":"","cl_val":""}}]}],"enable_quantity":true,"quantity_label":"","min_quantity":"0","checkUi":"button","layOut":"","options_tooltip":true,"values":[{"label":"\u2b50\ufe0f Premium Ticket (110\u20ac)","value":"Premium Ticket (95\u20ac)","selected":true,"tempId":"aco_32","tooltip":"","description":"","gt_translate_keys":["label","tooltip","description"]}],"priceOptions":"fixed_for_all","pricingType":"fixed","price":"110","cl_rule":"show","col":6,"type":"radio-group","error":false,"description":"Upgrade your experience with premium spirits like Absolut, Bacardi, Havana, and more, plus Red Bull and premium mixers.","options_description":true,"gt_translate_keys":["label","description","quantity_label"],"price_dependency":false,"cl_dependency":false,"value":""}],[{"elementId":"separator-0973774727","separatorType":"fill","separatorColor":"#4a90e2","className":"","height":"3","enableCl":false,"relations":false,"cl_rule":"show","col":6,"type":"separator","gt_translate_keys":[],"price_dependency":false,"cl_dependency":false,"value":""}],[{"label":"","active":true,"required":false,"elementId":"radio-group-1821003227","description":"The ultimate luxury experience. Access the VIP area with open bar featuring premium spirits, Red Bull, and exclusive vibes.","name":"radio-group-1821003227","label_position":"default","desc_position":"below","enablePrice":true,"className":"","enableCl":false,"relations":[{"operator":false,"rules":[{"operator":"AND","rules":{"cl_field":"","cl_relation":"","cl_val":""}}]}],"enable_quantity":true,"quantity_label":"","min_quantity":"0","checkUi":"button","layOut":"","options_tooltip":true,"options_description":true,"values":[{"label":"\ud83d\udc8e VIP Ticket (130\u20ac)","value":"VIP Ticket","selected":true,"tempId":"aco_32","tooltip":"","description":"","gt_translate_keys":["label","tooltip","description"]}],"priceOptions":"fixed_for_all","pricingType":"fixed","price":"130","cl_rule":"show","col":6,"type":"radio-group","error":false,"gt_translate_keys":["label","description","quantity_label"],"price_dependency":false,"cl_dependency":false,"value":""}],[{"elementId":"separator-0974175336","separatorType":"fill","separatorColor":"#4a90e2","className":"","height":"3","enableCl":false,"relations":false,"cl_rule":"show","col":6,"type":"separator","gt_translate_keys":[],"price_dependency":false,"cl_dependency":false,"value":""}]]}},"config":{"price_override":"always","enable_recaptcha":false,"bind_quantity":false,"quantity_bind_formula":false,"disp_summ_show_option_price":true,"disp_summ_show_product_price":false,"disp_summ_show_total_price":true,"disp_summ_show_fee":true,"disp_summ_show_discount":true,"summary_title":"","options_total_label":"Options Price","total_label":"Total Amount","options_product_label":"Product Price","fee_label":"Fee","discount_label":"Discount","has_price":true,"has_quantity_formula":false},"mc_unit":1,"tax_rate":1,"tax_rate_real":1,"discount":{"percentage":0,"fixed":0},"design":{"conf":{"LabelPosition":"above","DescPosition":"above","UploadField":"custom_1","QuantityFieldStyle":"custom_1"},"css":{"LeftLabelWidth":"120px"}},"formulas":[],"lookuptables":[],"clones":false,"cartKey":false}},"_links":{"self":[{"href":"https:\/\/canaryvip.com\/sk\/wp-json\/wp\/v2\/product\/11456","targetHints":{"allow":["GET"]}}],"collection":[{"href":"https:\/\/canaryvip.com\/sk\/wp-json\/wp\/v2\/product"}],"about":[{"href":"https:\/\/canaryvip.com\/sk\/wp-json\/wp\/v2\/types\/product"}],"replies":[{"embeddable":true,"href":"https:\/\/canaryvip.com\/sk\/wp-json\/wp\/v2\/comments?post=11456"}],"wp:featuredmedia":[{"embeddable":true,"href":"https:\/\/canaryvip.com\/sk\/wp-json\/wp\/v2\/media\/11461"}],"wp:attachment":[{"href":"https:\/\/canaryvip.com\/sk\/wp-json\/wp\/v2\/media?parent=11456"}],"wp:term":[{"taxonomy":"product_brand","embeddable":true,"href":"https:\/\/canaryvip.com\/sk\/wp-json\/wp\/v2\/product_brand?post=11456"},{"taxonomy":"product_cat","embeddable":true,"href":"https:\/\/canaryvip.com\/sk\/wp-json\/wp\/v2\/product_cat?post=11456"},{"taxonomy":"product_tag","embeddable":true,"href":"https:\/\/canaryvip.com\/sk\/wp-json\/wp\/v2\/product_tag?post=11456"}],"curies":[{"name":"wp","href":"https:\/\/api.w.org\/{rel}","templated":true}]}}