{"id":11386,"date":"2024-05-06T14:37:45","date_gmt":"2024-05-06T13:37:45","guid":{"rendered":"https:\/\/canaryvip.com\/?post_type=product&#038;p=11386"},"modified":"2025-08-09T12:38:08","modified_gmt":"2025-08-09T11:38:08","slug":"valkyrie-yacht-hire-tenerife","status":"publish","type":"product","link":"https:\/\/canaryvip.com\/sk\/shop\/valkyrie-yacht-hire-tenerife\/","title":{"rendered":"Pren\u00e1jom lod\u00ed Valkyrie Tenerife"},"content":{"rendered":"<h2>\ud83d\udee5\ufe0f Valkyrie Yacht Charter Tenerife<\/h2>\n<p>Vydajte sa na dobrodru\u017estvo na s\u00fakromnej jachte Tenerife s jachtou Valkyrie spolo\u010dnosti CanaryVIP, ktor\u00e1 sp\u00e1ja luxus, relax\u00e1ciu a vzru\u0161uj\u00face <a href=\"https:\/\/canaryvip.com\/sk\/tenerife\/boat-hire-tenerife\/\">Pren\u00e1jom lod\u00ed<\/a> pozd\u013a\u017e \u00fachvatn\u00e9ho pobre\u017eia Tenerife. Tento n\u00e1dhern\u00fd 15-metrov\u00fd <em>Princess 45 Fly model<\/em> je navrhnut\u00fd pre pohodlie a \u0161t\u00fdl, pon\u00faka int\u00edmne jachty pre 10 host\u00ed.<\/p>\n<h3>\u2b50\ufe0f <strong>Bezkonkuren\u010dn\u00fd luxus a pohodlie na palube<\/strong><\/h3>\n<p><span style=\"text-decoration: underline;\"><strong>Presk\u00famajte pozoruhodn\u00e9 vlastnosti Valkyrie:<\/strong><\/span><\/p>\n<ul>\n<li>Priestrann\u00e1 paluba ur\u010den\u00e1 na relax\u00e1ciu a malebn\u00fd v\u00fdh\u013ead.<\/li>\n<li>WiFi, reproduktory Bluetooth a pohodln\u00e1 plo\u0161ina na k\u00fapanie.<\/li>\n<li>Kab\u00edny s vlastnou sprchou a toaletou, ide\u00e1lne na prezliekanie alebo odpo\u010dinok.<\/li>\n<li>\u0160norchlovac\u00ed v\u00fdstroj, plutvy na pl\u00e1vanie a paddleboard na vodn\u00e9 aktivity.<\/li>\n<\/ul>\n<h3>\ud83d\udea4 <strong>Vyberte si ide\u00e1lnu prehliadku lode Tenerife<\/strong><\/h3>\n<h4>3-hodinov\u00e1 plavba<\/h4>\n<p>Ide\u00e1lne pre rodiny a skupiny, ktor\u00e9 h\u013eadaj\u00fa r\u00fdchly, ale nezabudnute\u013en\u00fd s\u00fakromn\u00fd v\u00fdlet lo\u010fou na Tenerife.<\/p>\n<ul>\n<li>Plavi\u0165 sa m\u00f4\u017eete pozd\u013a\u017e n\u00e1dhern\u00e9ho pobre\u017eia Tenerife s mo\u017enos\u0165ou pozorovania delf\u00ednov a ve\u013er\u00fdb.<\/li>\n<li>Zakotvite na k\u00fapanie, \u0161norchlovanie a jazdu na paddleboarde v \u010dist\u00fdch vod\u00e1ch.<\/li>\n<li>Vychutnajte si otvoren\u00fd bar s v\u00fdberom alkoholick\u00fdch n\u00e1pojov vr\u00e1tane cavy, destil\u00e1tov, mie\u0161an\u00fdch n\u00e1pojov a piva, ako aj r\u00f4znych nealkoholick\u00fdch n\u00e1pojov, tepl\u00fdch aj studen\u00fdch.<\/li>\n<li>Ochutnajte pe\u010den\u00fa pizzu, tortilly a hor\u00face paellas na po\u017eiadanie doplnen\u00e9 sortimentom \u013eahk\u00fdch ob\u010derstven\u00ed a predjed\u00e1l.<\/li>\n<\/ul>\n<h4>P\u00e4\u0165hodinov\u00fd prieskum<\/h4>\n<p>Objavte viac z pobre\u017en\u00fdch kr\u00e1s Tenerife s \u010dasom navy\u0161e na vodn\u00e9 aktivity.<\/p>\n<ul>\n<li>Prepl\u00e1vajte pozoruhodn\u00e9 pobre\u017eie Tenerife a d\u00e1vajte pozor na morsk\u00fd \u017eivot.<\/li>\n<li>Zakotvite v bl\u00edzkosti z\u00e1toky Arme\u00f1ime a \u0161norchlujte, pl\u00e1vajte alebo relaxujte na palube.<\/li>\n<li>Okrem \u013eahk\u00fdch chu\u0165oviek a predjed\u00e1l si m\u00f4\u017eete pochutna\u0165 na gurm\u00e1nskych poch\u00fa\u0165kach vr\u00e1tane pizze, tortilly a hor\u00facich paellas na mieru.<\/li>\n<li>Vychutnajte si pln\u00fd otvoren\u00fd bar s alkoholick\u00fdmi a nealkoholick\u00fdmi n\u00e1pojmi a hor\u00facu k\u00e1vu pod\u00e1van\u00fa po\u010das celej plavby.<\/li>\n<\/ul>\n<h4>8-hodinov\u00e1 Grand Tour<\/h4>\n<p>Ponorte sa do pobre\u017en\u00fdch z\u00e1zrakov Tenerife a vydajte sa do Los Gigantes a Masca.<\/p>\n<ul>\n<li>Plavte sa okolo dramatick\u00fdch \u00fatesov a z\u00e1tok s viacer\u00fdmi zast\u00e1vkami na vodn\u00e9 aktivity.<\/li>\n<li>Zakotvite na \u00fa\u017easn\u00fdch miestach, kde sa m\u00f4\u017eete k\u00fapa\u0165, stolova\u0165 a vychutn\u00e1va\u0165 si neuverite\u013en\u00fa scen\u00e9riu Tenerife.<\/li>\n<li>Vychutnajte si komplexn\u00fd kulin\u00e1rsky z\u00e1\u017eitok s pe\u010denou pizzou, tortillami, hor\u00facimi paellami na objedn\u00e1vku a r\u00f4znymi podnosmi s \u013eahk\u00fdm ob\u010derstven\u00edm a predjedlami.<\/li>\n<li>Vychutnajte si bohat\u00fd v\u00fdber n\u00e1pojov z otvoren\u00e9ho baru, ktor\u00fd v\u00e1m zabezpe\u010d\u00ed osvie\u017euj\u00faci z\u00e1\u017eitok po\u010das cel\u00e9ho dobrodru\u017estva.<\/li>\n<\/ul>\n<h3>\u2705 <strong>All-Inclusive slu\u017eby pre va\u0161e dobrodru\u017estvo na s\u00fakromnej jachte na Tenerife<\/strong><\/h3>\n<ul>\n<li>Neobmedzen\u00e9 mno\u017estvo n\u00e1pojov a gurm\u00e1nskeho ob\u010derstvenia pre v\u0161etky vekov\u00e9 kateg\u00f3rie.<\/li>\n<li>Priate\u013esk\u00e1, viacjazy\u010dn\u00e1 pos\u00e1dka pripraven\u00e1 pom\u00f4c\u0165 vr\u00e1tane kapit\u00e1na a \u010da\u0161n\u00ed\u010dky.<\/li>\n<li>\u0160pi\u010dkov\u00e9 vybavenie na \u0161norchlovanie a paddleboardy pre nekone\u010dn\u00fa z\u00e1bavu.<\/li>\n<\/ul>\n<h3>\ud83d\udccd <strong>Za\u010dnite svoje dobrodru\u017estvo s pren\u00e1jmom lode na Tenerife v Las Galletas<\/strong><\/h3>\n<p><a href=\"https:\/\/www.google.com\/maps\/place\/Marina+del+Sur+Tenerife.+Puerto+de+Las+Galletas.\/@28.0069667,-16.6636839,16z\/data=!3m1!4b1!4m6!3m5!1s0xc6aa271048d957b:0x66913daf70f663b3!8m2!3d28.006962!4d-16.661109!16s%2Fg%2F1tfzyr98?entry=tts\" target=\"_blank\" rel=\"noopener\">Las Galletas<\/a> je va\u0161ou vstupnou br\u00e1nou k dokonalej ceste na s\u00fakromnej jachte na Tenerife, ktor\u00e1 pon\u00faka dostatok parkovac\u00edch miest na bezprobl\u00e9mov\u00fd z\u00e1\u017eitok.<\/p>\n<h4>\ud83d\udcdc <strong>Bezprobl\u00e9mov\u00e1 rezerv\u00e1cia a jasn\u00e9 z\u00e1sady<\/strong><\/h4>\n<p>Spolo\u010dnos\u0165 CanaryVIP zabezpe\u010duje bezprobl\u00e9mov\u00fd proces rezerv\u00e1cie s transparentn\u00fdmi z\u00e1sadami:<\/p>\n<ul>\n<li><strong>Z\u00e1ruka po\u010dasia:<\/strong> Ak je po\u010dasie nevhodn\u00e9, m\u00f4\u017eete zmeni\u0165 term\u00edn alebo z\u00edska\u0165 pln\u00fa n\u00e1hradu.<\/li>\n<li><strong>Flexibiln\u00e9 zru\u0161enie:<\/strong> Zru\u0161enie do 5 dn\u00ed pred cestou za \u00fapln\u00fa n\u00e1hradu, do 3-5 dn\u00ed pre 70% a do 1-3 dn\u00ed pre 35%.<\/li>\n<li><strong>Vstupenky s jednoduch\u00fdm pr\u00edstupom:<\/strong> Palubn\u00fa vstupenku majte poruke v telef\u00f3ne, aby ste mohli bezprobl\u00e9movo nast\u00fapi\u0165 do lietadla.<\/li>\n<li><strong>Komplexn\u00e1 starostlivos\u0165:<\/strong> Ak potrebujete cestu pred\u010dasne ukon\u010di\u0165, pos\u00e1dka v\u00e1m pom\u00f4\u017ee (n\u00e1hrada v\u0161ak nie je mo\u017en\u00e1).<\/li>\n<li><strong>Flexibilita platieb:<\/strong> Vyberte si mo\u017enos\u0165 platby, ktor\u00e1 v\u00e1m najviac vyhovuje.<\/li>\n<\/ul>\n<p>Zarezervujte si plavbu na jachte Valkyrie s CanaryVIP e\u0161te dnes a prenajmite si lo\u010f na Tenerife, za\u017eite s\u00fakromn\u00fd pren\u00e1jom jachty ako nikdy predt\u00fdm a odomknite si nezabudnute\u013en\u00e9 chv\u00edle na mori.<\/p>","protected":false},"excerpt":{"rendered":"<p>\ud83d\udd0d <strong>Valkyrie Yacht Charter:<\/strong><br \/>\n\u2705 Bezpe\u010dn\u00e1 platba.<br \/>\n\ud83d\udd10 S\u00fakromn\u00e9 prehliadky.<br \/>\n\ud83d\udee5\ufe0f 15 metrov Yacht.<br \/>\n\u23f3 Denn\u00e9 prehliadky v trvan\u00ed 3-8 hod\u00edn.<br \/>\n\ud83d\udd59 Prisp\u00f4sobite\u013en\u00e9 \u010dasy odchodu.<br \/>\n\ud83c\udf74 Strava a n\u00e1poje v cene.<br \/>\n\ud83d\udc65 Maxim\u00e1lne 10 host\u00ed.<br \/>\n\ud83c\udfc4\u200d\u2640\ufe0f Vr\u00e1tane p\u00e1dlov\u00fdch dosiek.<br \/>\n\ud83e\udd3f Vybavenie na \u0161norchlovanie je k dispoz\u00edcii.<br \/>\n\ud83d\udd0a Prehr\u00e1vajte svoju hudbu.<br \/>\n\ud83d\ude97 Prepravn\u00e1 slu\u017eba v cene.<br \/>\n\ud83e\udd11 Garancia najlep\u0161ej ceny.<br \/>\n\ud83d\udc6a Z\u013eavy aktivovan\u00e9.<br \/>\n\ud83d\udd01 Storno do 5 dn\u00ed.<br \/>\n\ud83c\udf0d Viacjazy\u010dn\u00e1 pos\u00e1dka.<br \/>\n\ud83c\udf1f Rezervujte si v\u010das a u\u0161etrite!<br \/>\n\ud83d\udccd Odchod z <a href=\"https:\/\/www.google.com\/maps\/place\/Marina+del+Sur+Tenerife.+Puerto+de+Las+Galletas.\/@28.0069667,-16.6636839,16z\/data=!3m1!4b1!4m6!3m5!1s0xc6aa271048d957b:0x66913daf70f663b3!8m2!3d28.006962!4d-16.661109!16s%2Fg%2F1tfzyr98?entry=tts\">Las Galletas<\/a>.<\/p>","protected":false},"featured_media":11387,"comment_status":"open","ping_status":"closed","template":"","meta":{"_acf_changed":false},"product_brand":[],"product_cat":[47],"product_tag":[],"class_list":{"0":"post-11386","1":"product","2":"type-product","3":"status-publish","4":"has-post-thumbnail","6":"product_cat-boat-hire-tenerife","7":"wcpa_has_options","9":"first","10":"instock","11":"virtual","12":"purchasable","13":"product-type-simple"},"acf":[],"wcpa_form_fields":{"wcpaData":{"product":{"product_price":750,"price_html":"From&nbsp;<span class=\"woocommerce-Price-amount amount\"><bdi>750,00&nbsp;<span class=\"woocommerce-Price-currencySymbol\">&euro;<\/span><\/bdi><\/span>","original_product_price":750,"price_including_tax":750,"price_excluding_tax":750,"product_id":{"parent":11386,"variation":false},"is_variable":false,"stock_status":"instock","stock_quantity":null,"parent_sku":"CV11386","product_attributes":[],"custom_fields":[],"is_taxable":false,"product_name":"Valkyrie Boat Hire Tenerife","hasImage":false},"fields":{"sec_16638eb5b2356a":{"extra":{"key":"sec_16638eb5b2356a","section_id":"sec_16638eb5b2356a","name":"Default","status":1,"cl_rule":"show","enableCl":false,"relations":[],"toggle":true,"title_tag":"h3","show_title":false,"showPrice":"default","form_id":11397,"form_rules":{"exclude_from_discount":true,"fee_label":"Fee","disp_hide_options_price":true,"disp_show_section_price":false,"disp_show_field_price":true,"layout_option":"standard","pric_use_as_fee":false,"process_fee_as":"woo_fee"},"layout_option":"standard"},"fields":[[{"label":"\ud83d\udcc5 Date","active":true,"required":true,"elementId":"date_06638eb5b2358a","picker_type":"custom","picker_mode":"single","placeholder":"","description":"","tooltip":"","name":"date_06638eb5b2358a","label_position":"default","desc_position":"default","enablePrice":false,"className":"","enableCl":false,"relations":[{"operator":"and","rules":[{"operator":"AND","rules":{"cl_field":"radio-group_565c78ffa81208","cl_relation":"is","cl_val":"3 Hour Trip"}}]}],"date_pic_inline":true,"date_pic_inline_hide":true,"min_date":{"type":"days","val":"2"},"max_date":{"type":"days","val":"365"},"date_pic_conf":{"disabledWeeks":[]},"price":"","cl_rule":"show","col":6,"type":"date","error":false,"enableDesign":false,"LabelColor":"","gt_translate_keys":["label","placeholder","description","tooltip"],"price_dependency":false,"cl_dependency":false,"value":""}],[{"contentType":"rich","active":true,"label":"","elementId":"content_86638eb5b23598","value":"<p>\ud83c\udf9f\ufe0f <strong>Reservation<\/strong>: Pay only a deposit now to reserve; the rest is due on the day of the activity upon arrival.<\/p>","inline":false,"name":"content_86638eb5b23598","enablePrice":false,"className":"","subtype":"p","enableCl":false,"relations":false,"price":"","cl_rule":"show","col":6,"type":"content","error":false,"pricingType":"custom","isTemplate":false,"is_show_price":true,"show_in_checkout":true,"gt_translate_keys":["label","value"],"price_dependency":false,"cl_dependency":false}],[{"elementId":"separator_56638eb5b235a4","separatorType":"blank","className":"","height":"3","enableCl":false,"relations":false,"cl_rule":"show","col":6,"type":"separator","error":false,"gt_translate_keys":[],"price_dependency":false,"cl_dependency":false,"value":""}],[{"active":true,"col":6,"relations":false,"cl_rule":"show","enableCl":false,"price":"","enablePrice":true,"className":"","label_position":"default","desc_position":"default","type":"select","required":true,"elementId":"select_56638eb5b235ae","label":"\u23f3 Trip Duration","name":"select_56638eb5b235ae","values":[{"label":"3 Hours (750\u20ac)","value":"1","selected":false,"tempId":"aco_556","price":"750","gt_translate_keys":["label"]},{"label":"5 Hours (1.150\u20ac)","value":"2","selected":false,"tempId":"aco_640","price":"1150","gt_translate_keys":["label"]},{"label":"8 Hours (1.600\u20ac)","value":"3","selected":false,"tempId":"aco_660","price":"1600","gt_translate_keys":["label"]}],"dropdown_type":"basic","error":false,"placeholder":"Select Trip Duration","priceOptions":"different_for_all","pricingType":"fixed","is_show_price":true,"gt_translate_keys":["label","placeholder"],"price_dependency":["content_86638eb5b235c3"],"cl_dependency":false,"value":""}],[{"elementId":"separator_86638eb5b235b9","separatorType":"fill","className":"","height":"6","enableCl":false,"relations":false,"cl_rule":"show","col":6,"type":"separator","error":false,"separatorColor":"#66a6b6","gt_translate_keys":[],"price_dependency":false,"cl_dependency":false,"value":""}],[{"active":true,"col":6,"relations":false,"cl_rule":"show","enableCl":false,"price":"{field.select_56638eb5b235ae.price}","enablePrice":true,"className":"","label_position":"default","desc_position":"default","type":"content","required":false,"elementId":"content_86638eb5b235c3","label":"Deposit Payment","name":"content_86638eb5b235c3","contentType":"plain","value":"","error":false,"pricingType":"custom","isTemplate":true,"is_show_price":false,"enableDesign":true,"scrollBar":false,"use_as_fee":false,"fee_label":"Payment Now","inline":true,"show_in_checkout":true,"subtype":"div","formulaId":"fmla_1718295979528641619","LabelSize":"14px","gt_translate_keys":["label","value"],"price_dependency":["content_36638eb5b235d5"],"cl_dependency":false}],[{"contentType":"plain","active":true,"label":"Payment at Arrival","elementId":"content_36638eb5b235cc","value":"","inline":true,"show_in_checkout":true,"name":"content_36638eb5b235cc","enablePrice":true,"className":"","fee_label":"Payment at Arrival","subtype":"div","enableCl":false,"relations":false,"scrollBar":false,"enableDesign":true,"pricingType":"custom","isTemplate":true,"price":"({field.radio-group_965c78ffa8129a.quantity}*22) + ({field.radio-group_865c78ffa812a3.quantity}*11)","use_as_fee":false,"is_show_price":true,"cl_rule":"show","col":6,"type":"content","error":false,"formulaId":"fmla_1718296441738487083","LabelSize":"14px","gt_translate_keys":["label","value"],"price_dependency":["content_36638eb5b235d5"],"cl_dependency":false}],[{"contentType":"plain","active":true,"label":"Total Price","elementId":"content_36638eb5b235d5","value":"","inline":true,"show_in_checkout":true,"name":"content_36638eb5b235d5","enablePrice":true,"className":"","fee_label":"Payment at Arrival","subtype":"div","enableCl":false,"relations":false,"scrollBar":false,"enableDesign":true,"LabelSize":"14px","pricingType":"custom","isTemplate":false,"price":"({field.content_86638eb5b235c3.price}) + ({field.content_36638eb5b235cc.price})","formulaId":"fmla_1708360988969136756","use_as_fee":false,"is_show_price":true,"cl_rule":"show","col":6,"type":"content","error":false,"gt_translate_keys":["label","value"],"price_dependency":false,"cl_dependency":false}]]},"sec_26638eb5b235d6":{"extra":{"key":"sec_26638eb5b235d6","section_id":"sec_26638eb5b235d6","name":"Pickup Location","status":1,"cl_rule":"show","enableCl":false,"relations":[],"toggle":true,"title_tag":"h4","show_title":false,"showPrice":"default","form_id":11397,"form_rules":{"exclude_from_discount":true,"fee_label":"Fee","disp_hide_options_price":true,"disp_show_section_price":false,"disp_show_field_price":true,"layout_option":"standard","pric_use_as_fee":false,"process_fee_as":"woo_fee"},"layout_option":"standard"},"fields":[[{"elementId":"separator_36638eb5b235e0","separatorType":"blank","className":"","height":"3","enableCl":false,"relations":false,"cl_rule":"show","col":6,"type":"separator","error":false,"gt_translate_keys":[],"price_dependency":false,"cl_dependency":false,"value":""}],[{"active":true,"col":6,"relations":[{"operator":false,"rules":[{"operator":"AND","rules":{"cl_field":"radio-group_565c78ffa81208","cl_relation":"is","cl_val":"3 Hour Trip"}}]}],"cl_rule":"show","enableCl":false,"price":"","enablePrice":false,"className":"","label_position":"default","desc_position":"default","type":"select","required":false,"elementId":"select_36638eb5b235e9","label":"\u23f0 Departure","name":"select_36638eb5b235e9","values":[{"label":"09:00","value":"09:00","selected":false,"tempId":"aco_1471","gt_translate_keys":["label"]},{"label":"10:00","value":"10:00","selected":false,"tempId":"aco_1472","gt_translate_keys":["label"]},{"label":"11:00","value":"11:00","selected":false,"tempId":"aco_1500","gt_translate_keys":["label"]},{"label":"12:00","value":"12:00","selected":false,"tempId":"aco_1510","gt_translate_keys":["label"]},{"label":"13:00 (1:00 PM)","value":"13:00","selected":false,"tempId":"aco_1520","gt_translate_keys":["label"]},{"label":"14:00 (2:00 PM)","value":"14:00","selected":false,"tempId":"aco_1728","gt_translate_keys":["label"]},{"label":"15:00 (3:00 PM)","value":"15:00","selected":false,"tempId":"aco_1738","gt_translate_keys":["label"]}],"dropdown_type":"basic","error":false,"placeholder":"Whichever Time is Best","gt_translate_keys":["label","placeholder"],"price_dependency":false,"cl_dependency":false,"value":""}],[{"elementId":"separator-9240792349","separatorType":"blank","className":"","height":"1","enableCl":false,"relations":false,"cl_rule":"show","col":6,"type":"separator","gt_translate_keys":[],"price_dependency":false,"cl_dependency":false,"value":""}],[{"label":"\u2705 Number of People","active":true,"required":true,"elementId":"select-6395569238","dropdown_type":"basic","placeholder":"Select Number of People","name":"select-6395569238","label_position":"default","desc_position":"default","enablePrice":false,"className":"","enableCl":false,"relations":[{"operator":false,"rules":[{"operator":"AND","rules":{"cl_field":"radio-group_565c78ffa81208","cl_relation":"is","cl_val":"3 Hour Trip"}}]}],"values":[{"label":"1 person","value":"1","selected":false,"tempId":"aco_1471","gt_translate_keys":["label"]},{"label":"2 people","value":"2","selected":false,"tempId":"aco_1472","gt_translate_keys":["label"]},{"label":"3 people","value":"3","selected":false,"tempId":"aco_1500","gt_translate_keys":["label"]},{"label":"4 people","value":"4","selected":false,"tempId":"aco_1510","gt_translate_keys":["label"]},{"label":"5 people","value":"5","selected":false,"tempId":"aco_1520","gt_translate_keys":["label"]},{"label":"6 people","value":"6","selected":false,"tempId":"aco_1728","gt_translate_keys":["label"]},{"label":"7 people","value":"7","selected":false,"tempId":"aco_1738","gt_translate_keys":["label"]},{"label":"8 people","value":"8","selected":false,"tempId":"aco_1748","gt_translate_keys":["label"]},{"label":"9 people","value":"9","selected":false,"tempId":"aco_1912","gt_translate_keys":["label"]},{"label":"10 people","value":"10","selected":false,"tempId":"aco_1922","gt_translate_keys":["label"]}],"price":"","cl_rule":"show","col":6,"type":"select","error":false,"gt_translate_keys":["label","placeholder"],"price_dependency":false,"cl_dependency":false,"value":""}],[{"elementId":"separator-8246171731","separatorType":"blank","className":"","height":"1","enableCl":false,"relations":false,"cl_rule":"show","col":6,"type":"separator","error":false,"gt_translate_keys":[],"price_dependency":false,"cl_dependency":false,"value":""}],[{"active":true,"col":6,"relations":false,"cl_rule":"show","enableCl":false,"price":"","enablePrice":false,"className":"","label_position":"default","desc_position":"default","type":"text","subtype":"text","required":false,"elementId":"text_1786063067","label":"\ud83d\ude8c Pickup Location","name":"text_1786063067","value":"","error":false,"description":"Free pick-up service in Tenerife South. Simply provide your address or hotel name.","gt_translate_keys":["label","description","value"],"price_dependency":false,"cl_dependency":false}]]}},"config":{"price_override":"always","enable_recaptcha":false,"bind_quantity":false,"quantity_bind_formula":false,"disp_summ_show_option_price":true,"disp_summ_show_product_price":false,"disp_summ_show_total_price":false,"disp_summ_show_fee":true,"disp_summ_show_discount":true,"summary_title":"","options_total_label":"Options Price","total_label":"Deposit Amount","options_product_label":"Product Price","fee_label":"Fee","discount_label":"Discount","has_price":true,"has_quantity_formula":false},"mc_unit":1,"tax_rate":1,"tax_rate_real":1,"discount":{"percentage":0,"fixed":0},"design":{"conf":{"LabelPosition":"above","DescPosition":"above","UploadField":"custom_1","QuantityFieldStyle":"custom_1"},"css":{"LeftLabelWidth":"120px"}},"formulas":{"fmla_1718295979528641619":"(({field.select_56638eb5b235ae.value}>=3)?(400):(({field.select_56638eb5b235ae.value}>=2)?(300):(({field.select_56638eb5b235ae.value}>=1)?(210):(0))))","fmla_1718296441738487083":"(({field.select_56638eb5b235ae.value}>=3)?(1200):(({field.select_56638eb5b235ae.value}>=2)?(850):(({field.select_56638eb5b235ae.value}>=1)?(540):(0))))"},"lookuptables":[],"clones":false,"cartKey":false}},"_links":{"self":[{"href":"https:\/\/canaryvip.com\/sk\/wp-json\/wp\/v2\/product\/11386","targetHints":{"allow":["GET"]}}],"collection":[{"href":"https:\/\/canaryvip.com\/sk\/wp-json\/wp\/v2\/product"}],"about":[{"href":"https:\/\/canaryvip.com\/sk\/wp-json\/wp\/v2\/types\/product"}],"replies":[{"embeddable":true,"href":"https:\/\/canaryvip.com\/sk\/wp-json\/wp\/v2\/comments?post=11386"}],"wp:featuredmedia":[{"embeddable":true,"href":"https:\/\/canaryvip.com\/sk\/wp-json\/wp\/v2\/media\/11387"}],"wp:attachment":[{"href":"https:\/\/canaryvip.com\/sk\/wp-json\/wp\/v2\/media?parent=11386"}],"wp:term":[{"taxonomy":"product_brand","embeddable":true,"href":"https:\/\/canaryvip.com\/sk\/wp-json\/wp\/v2\/product_brand?post=11386"},{"taxonomy":"product_cat","embeddable":true,"href":"https:\/\/canaryvip.com\/sk\/wp-json\/wp\/v2\/product_cat?post=11386"},{"taxonomy":"product_tag","embeddable":true,"href":"https:\/\/canaryvip.com\/sk\/wp-json\/wp\/v2\/product_tag?post=11386"}],"curies":[{"name":"wp","href":"https:\/\/api.w.org\/{rel}","templated":true}]}}