{"id":11308,"date":"2024-04-16T23:45:59","date_gmt":"2024-04-16T22:45:59","guid":{"rendered":"https:\/\/canaryvip.com\/?post_type=product&#038;p=11308"},"modified":"2025-08-09T12:39:52","modified_gmt":"2025-08-09T11:39:52","slug":"banana-boat-tenerife","status":"publish","type":"product","link":"https:\/\/canaryvip.com\/sk\/shop\/banana-boat-tenerife\/","title":{"rendered":"Ban\u00e1nov\u00e1 lo\u010f Tenerife"},"content":{"rendered":"<h2><strong>Banana Boat Tenerife - Divok\u00e9 vlny a smiech<\/strong><\/h2>\n<p>Pripravte sa na z\u00e1bavu s na\u0161imi <strong>Ban\u00e1nov\u00e1 lo\u010f Tenerife<\/strong> jazdy! Tieto jazdy s\u00fa ide\u00e1lne pre rodiny a skupiny a sp\u00e1jaj\u00fa r\u00fdchlos\u0165, \u0161pliechanie a smiech pre nezabudnute\u013en\u00fd de\u0148 na vode. Na\u0161e str\u00e1nky <strong>V\u00fdlety na ban\u00e1novej lodi<\/strong> s\u00fa nad\u010dasov\u00fdm sp\u00f4sobom, ako za\u017ei\u0165 vzru\u0161enie z mora na Costa Adeje.<\/p>\n<h3><strong>\ud83c\udf0a Za\u010dnite svoje dobrodru\u017estvo v Puerto Col\u00f3n<\/strong><\/h3>\n<ul>\n<li><strong>Vzru\u0161uj\u00face spustenie:<\/strong> Va\u0161a cesta na ban\u00e1novej lodi sa za\u010d\u00edna na <a href=\"https:\/\/maps.app.goo.gl\/bkqEhAxsobcjz9wG9\" target=\"_blank\" rel=\"noopener\">Puerto Col\u00f3n,<\/a> kde v\u00e1s priv\u00edtaj\u00fa na\u0161i nad\u0161en\u00ed sprievodcovia a poskytn\u00fa v\u00e1m kr\u00e1tku bezpe\u010dnostn\u00fa in\u0161trukt\u00e1\u017e pred t\u00fdm, ako nasadnete na ikonick\u00fd \u017elt\u00fd raft.<\/li>\n<li><strong>Vzru\u0161uj\u00faca jazda:<\/strong> Vylezte na nafukovac\u00ed ban\u00e1n a pevne sa dr\u017ete, k\u00fdm v\u00e1s r\u00fdchly \u010dln \u0165ah\u00e1 po vln\u00e1ch. Pripravte sa na p\u00e1dy a n\u00e1razy, ke\u010f sa budete smia\u0165 a kri\u010da\u0165 od radosti so svojimi priate\u013emi a rodinou!<\/li>\n<\/ul>\n<h3><strong>\u2728 \u010c\u00edm s\u00fa na\u0161e jazdy na ban\u00e1novej lodi v\u00fdnimo\u010dn\u00e9?<\/strong><\/h3>\n<ul>\n<li><strong>Pr\u00edstupn\u00e1 z\u00e1bava:<\/strong> Len 15 \u20ac na osobu v\u00e1m zabezpe\u010d\u00ed miesto na tomto ob\u013e\u00fabenom vodnom \u0161porte, ktor\u00fd je ide\u00e1lny aj pre skupiny. Je to cenovo dostupn\u00fd a vzru\u0161uj\u00faci v\u00fdlet pre ka\u017ed\u00e9ho!<\/li>\n<li><strong>D\u00f4sledn\u00e1 chv\u00e1la:<\/strong> Sme hrd\u00ed na rados\u0165 a smiech, ktor\u00e9 na\u0161e jazdy prin\u00e1\u0161aj\u00fa, \u010do sa odr\u00e1\u017ea v nad\u0161en\u00fdch recenzi\u00e1ch na\u0161ich jazdcov. Va\u0161a z\u00e1bava je na\u0161ou prioritou!<\/li>\n<li><strong>Flexibiln\u00e9 rezerv\u00e1cie:<\/strong> Zmena pl\u00e1nov? Rezerv\u00e1ciu m\u00f4\u017eete zru\u0161i\u0165 do 24 hod\u00edn vopred a dostanete sp\u00e4\u0165 pln\u00fa sumu - n\u00e1\u0161 z\u00e1v\u00e4zok vyhovie\u0165 va\u0161im dovolenkov\u00fdm potreb\u00e1m.<\/li>\n<\/ul>\n<h3><strong>\ud83d\ude80 Jazda na ban\u00e1novej lodi na Tenerife<\/strong><\/h3>\n<ul>\n<li><strong>Skupinov\u00e1 dynamika:<\/strong> Za\u017eite vzru\u0161enie a\u017e s 12 jazdcami. Spolo\u010dn\u00e9 vzru\u0161enie a spolo\u010dn\u00e9 reakcie sa postaraj\u00fa o nezabudnute\u013en\u00e9 dobrodru\u017estvo.<\/li>\n<li><strong>V bezpe\u010d\u00ed a zdrav\u00ed:<\/strong> Na\u0161a vy\u0161kolen\u00e1 pos\u00e1dka sa postar\u00e1 o bezpe\u010dn\u00fa jazdu od za\u010diatku a\u017e do konca a riadi lo\u010f s odbornou starostlivos\u0165ou, aby ste si ju \u010do najviac u\u017eili a boli v bezpe\u010d\u00ed.<\/li>\n<\/ul>\n<h3><strong>\ud83c\udf1f Viac ako len ban\u00e1nov\u00e9 \u010dlny<\/strong><\/h3>\n<ul>\n<li>Roz\u0161\u00edrte svoje dobrodru\u017estv\u00e1 pri vodn\u00fdch \u0161portoch o mo\u017enosti ako <a href=\"https:\/\/canaryvip.com\/sk\/shop\/jetski-tenerife\/\">vodn\u00fd sk\u00fater Tenerife<\/a>, <a href=\"https:\/\/canaryvip.com\/sk\/shop\/parasailing-tenerife\/\">parasailing Tenerife<\/a>a dokonca <a href=\"https:\/\/canaryvip.com\/sk\/tenerife\/boat-excursions\/\">v\u00fdlety za pozorovan\u00edm ve\u013er\u00fdb<\/a>, a to v\u0161etko na rovnakom pulzuj\u00facom mieste v Puerto Col\u00f3n.<\/li>\n<\/ul>\n<h3>\ud83d\udcc5 <strong>Rezervujte si jazdu na ban\u00e1ne na Tenerife e\u0161te dnes<\/strong><\/h3>\n<p>\u010ci u\u017e h\u013ead\u00e1te vzru\u0161enie alebo z\u00e1bavn\u00fa skupinov\u00fa aktivitu, na\u0161e jazdy na \u010dlne Banana Boat pon\u00fakaj\u00fa dokonal\u00fa kombin\u00e1ciu oboch. Zabezpe\u010dte si miesto e\u0161te dnes a pripravte sa na vzru\u0161uj\u00faci z\u00e1\u017eitok na vode.<\/p>\n<h3>\u2705 <strong>\u010co je s\u00fa\u010das\u0165ou jazdy na ban\u00e1novom \u010dlne?<\/strong><\/h3>\n<ul>\n<li>\u00dapln\u00e9 bezpe\u010dnostn\u00e9 pou\u010denie a z\u00e1chrann\u00e9 vesty pre v\u0161etk\u00fdch jazdcov.<\/li>\n<li>Vzru\u0161uj\u00faca 10-min\u00fatov\u00e1 jazda.<\/li>\n<li>Fotografie z v\u00e1\u0161ho dobrodru\u017estva si m\u00f4\u017eete zak\u00fapi\u0165, aby ste zachytili chv\u00edle pln\u00e9 z\u00e1bavy.<\/li>\n<\/ul>\n<h3><strong>\u2696\ufe0f Spo\u013eahliv\u00e1 rezerv\u00e1cia a jednoduch\u00e9 zru\u0161enie<\/strong><\/h3>\n<ul>\n<li><strong>Bezprobl\u00e9mov\u00e1 rezerv\u00e1cia:<\/strong> Rezerv\u00e1ciu si m\u00f4\u017eete \u013eahko rezervova\u0165 a vedie\u0165, \u017ee ak sa va\u0161e pl\u00e1ny zmenia, m\u00f4\u017eete ju zru\u0161i\u0165 a\u017e 24 hod\u00edn vopred a dostanete sp\u00e4\u0165 pln\u00fa sumu.<\/li>\n<li><strong>Poz\u00fdvame v\u0161etk\u00fdch:<\/strong> Vhodn\u00e9 pre milovn\u00edkov vzru\u0161enia vo veku od 10 do 65 rokov. Na\u0161e jazdy s\u00fa navrhnut\u00e9 tak, aby boli inkluz\u00edvne a pr\u00edjemn\u00e9 pre v\u0161etk\u00fdch.<\/li>\n<\/ul>\n<h3><strong>\ud83c\udf92 Pr\u00edprava na jazdu<\/strong><\/h3>\n<ul>\n<li><strong>Noste vhodn\u00fd v\u00fdstroj:<\/strong> Pr\u00ed\u010fte oble\u010den\u00ed v plavk\u00e1ch a pripraven\u00ed sa namo\u010di\u0165! Nezabudnite si vzia\u0165 uter\u00e1k a opa\u013eovac\u00ed kr\u00e9m na ochranu pred slnkom.<\/li>\n<li><strong>Uchov\u00e1vajte cenn\u00e9 veci v bezpe\u010d\u00ed:<\/strong> Top\u00e1nky a proti\u0161mykov\u00e9 predmety si m\u00f4\u017eete necha\u0165 v na\u0161ich bezpe\u010dn\u00fdch \u00falo\u017en\u00fdch boxoch v pr\u00edstave. Ak si chcete urobi\u0165 osobn\u00e9 fotografie, prineste si vodotesn\u00fd fotoapar\u00e1t.<\/li>\n<li><strong>Zdravie a bezpe\u010dnos\u0165:<\/strong> Na\u0161a aktivita nie je vhodn\u00e1 pre tehotn\u00e9 osoby, ale je fantastick\u00e1 pre takmer v\u0161etk\u00fdch ostatn\u00fdch! Uistite sa, \u017ee ste pripraven\u00ed na fyzick\u00fa jazdu.<\/li>\n<\/ul>\n<h3>\u2753 <strong>\u010casto kladen\u00e9 ot\u00e1zky<\/strong><\/h3>\n<ul>\n<li><strong>M\u00f4\u017ee sa niekto z\u00fa\u010dastni\u0165 jazdy na ban\u00e1novom \u010dlne?<\/strong> \u00c1no! Na\u0161a jazda na ban\u00e1novej lodi je ide\u00e1lna pre ka\u017ed\u00e9ho vo veku od 10 do 65 rokov. Nie s\u00fa potrebn\u00e9 \u017eiadne predch\u00e1dzaj\u00face plaveck\u00e9 zru\u010dnosti, preto\u017ee v\u0161etci \u00fa\u010dastn\u00edci bud\u00fa vybaven\u00ed z\u00e1chrann\u00fdmi vestami.<\/li>\n<li><strong>\u010co m\u00f4\u017eem o\u010dak\u00e1va\u0165 po\u010das jazdy?<\/strong> O\u010dak\u00e1vajte, \u017ee budete postriekan\u00ed, postriekan\u00ed a vysmiati (v dobrom duchu)! V\u0161etko je to o z\u00e1bave a pre\u017e\u00edvan\u00ed vzru\u0161enia z oce\u00e1nu.<\/li>\n<\/ul>\n<h4><strong>\ud83c\udf1e Pripraven\u00fd na jazdu?<\/strong><\/h4>\n<p>Ponorte sa do z\u00e1bavy s na\u0161imi jazdami na ban\u00e1novom \u010dlne na <strong>CanaryVIP.<\/strong> Rezervujte si teraz a pripravte sa na vlny v kr\u00e1snom mori Tenerife!<\/p>","protected":false},"excerpt":{"rendered":"<p>\ud83d\udd0d <strong>Ban\u00e1nov\u00e1 lo\u010f Tenerife:<br \/>\n<\/strong>\u2705 Bezpe\u010dn\u00e1 platba.<br \/>\n\ud83d\udc65 A\u017e 12 jazdcov na jednu jazdu.<br \/>\n\ud83d\ude80 Jazdy trvaj\u00fa 10 min\u00fat.<br \/>\n\ud83c\udfde\ufe0f Vysokor\u00fdchlostn\u00e9 jazdy.<br \/>\n\ud83d\udd59 Po\u010das cel\u00e9ho d\u0148a.<br \/>\n\ud83d\udcc5 K dispoz\u00edcii denne.<br \/>\n\ud83e\udd11 Garancia najlep\u0161ej ceny.<br \/>\n\ud83d\udc6a Z\u013eavy pre skupiny.<br \/>\n\ud83d\udd01 24 hod\u00edn Storno podmienky.<br \/>\n\ud83c\udf0d Podpora viacer\u00fdch jazykov.<br \/>\n\ud83c\udf1f Rezervujte si pobyt vopred a u\u0161etrite.<br \/>\n\ud83d\udccd Odchod z <a href=\"https:\/\/maps.app.goo.gl\/bkqEhAxsobcjz9wG9\">Puerto Col\u00f3n<\/a>.<\/p>","protected":false},"featured_media":11311,"comment_status":"open","ping_status":"closed","template":"","meta":{"_acf_changed":false},"product_brand":[],"product_cat":[53],"product_tag":[],"class_list":{"0":"post-11308","1":"product","2":"type-product","3":"status-publish","4":"has-post-thumbnail","6":"product_cat-water-sports","7":"wcpa_has_options","9":"first","10":"instock","11":"virtual","12":"purchasable","13":"product-type-simple"},"acf":[],"wcpa_form_fields":{"wcpaData":{"product":{"product_price":18,"price_html":"From&nbsp;<span class=\"woocommerce-Price-amount amount\"><bdi>18,00&nbsp;<span class=\"woocommerce-Price-currencySymbol\">&euro;<\/span><\/bdi><\/span>","original_product_price":18,"price_including_tax":18,"price_excluding_tax":18,"product_id":{"parent":11308,"variation":false},"is_variable":false,"stock_status":"instock","stock_quantity":null,"parent_sku":"CV11308","product_attributes":[],"custom_fields":[],"is_taxable":false,"product_name":"Banana Boat Tenerife","hasImage":false},"fields":{"sec_7661f1665d94fb":{"extra":{"key":"sec_7661f1665d94fb","section_id":"sec_7661f1665d94fb","name":"Default","status":1,"cl_rule":"show","enableCl":false,"relations":[],"toggle":true,"title_tag":"h3","show_title":false,"showPrice":"default","form_id":11314,"form_rules":{"exclude_from_discount":true,"fee_label":"Fee","disp_hide_options_price":true,"disp_show_section_price":false,"disp_show_field_price":true,"layout_option":"standard","pric_use_as_fee":false,"process_fee_as":"woo_fee"},"layout_option":"standard"},"fields":[[{"label":"\ud83d\udcc5 Date","active":true,"required":true,"elementId":"date_3661f1665d951b","picker_type":"custom","picker_mode":"single","placeholder":"","description":"","tooltip":"","name":"date_3661f1665d951b","label_position":"default","desc_position":"default","enablePrice":false,"className":"","enableCl":false,"relations":[{"operator":"and","rules":[{"operator":"AND","rules":{"cl_field":"radio-group_5661bc90f5e8f5","cl_relation":"is_not_empty","cl_val":"3 Hour Trip"}}]}],"date_pic_inline":true,"date_pic_inline_hide":true,"min_date":{"type":"days","val":"1"},"max_date":{"type":"days","val":"365"},"date_pic_conf":{"disabledWeeks":[]},"price":"","cl_rule":"show","col":6,"type":"date","error":false,"enableDesign":false,"LabelColor":"","gt_translate_keys":["label","placeholder","description","tooltip"],"price_dependency":false,"cl_dependency":false,"value":""}],[{"active":true,"col":6,"relations":false,"cl_rule":"show","enableCl":false,"price":"","enablePrice":false,"className":"","label_position":"default","desc_position":"default","type":"select","required":true,"elementId":"select_3477053266","label":"\u23f0 Departure Time","name":"select_3477053266","values":[{"label":"Whichever Time is Best","value":"Whichever Time is Best","selected":false,"tempId":"aco_312","gt_translate_keys":["label"]},{"label":"10:30","value":"10:30","selected":false,"tempId":"aco_313","gt_translate_keys":["label"]},{"label":"11:30","value":"11:30","selected":false,"tempId":"aco_314","gt_translate_keys":["label"]},{"label":"12:30 ","value":"12:30","selected":false,"tempId":"aco_711","gt_translate_keys":["label"]},{"label":"13:30","value":"13:30","selected":false,"tempId":"aco_721","gt_translate_keys":["label"]},{"label":"14:30","value":"14:30","selected":false,"tempId":"aco_983","gt_translate_keys":["label"]},{"label":"15:30","value":"15:30","selected":false,"tempId":"aco_993","gt_translate_keys":["label"]},{"label":"16:30","value":"16:30","selected":false,"tempId":"aco_1183","gt_translate_keys":["label"]}],"dropdown_type":"basic","error":false,"multiple":false,"placeholder":"None","gt_translate_keys":["label","placeholder"],"price_dependency":false,"cl_dependency":false,"value":""}],[{"active":true,"col":6,"relations":[{"operator":false,"rules":[{"operator":"AND","rules":{"cl_field":"","cl_relation":"","cl_val":""}}]}],"cl_rule":"show","enableCl":true,"price":"18","enablePrice":true,"className":"","label_position":"default","desc_position":"default","type":"radio-group","required":false,"elementId":"radio-group_0661f1665d9537","label":"","name":"radio-group_0661f1665d9537","values":[{"label":"\ud83d\udc64 People (18\u20ac)","value":"People","selected":true,"tempId":"aco_32","tooltip":"","description":"","gt_translate_keys":["label","tooltip","description"]}],"layOut":"","error":false,"checkUi":"button","priceOptions":"fixed_for_all","pricingType":"fixed","enable_quantity":true,"quantity_label":"","min_quantity":"0","options_tooltip":true,"options_description":true,"is_show_price":true,"gt_translate_keys":["label","quantity_label"],"price_dependency":["content_2802764779","content-8155931385","content-8167489432"],"cl_dependency":false,"value":""}],[{"active":true,"col":6,"relations":false,"cl_rule":"show","enableCl":false,"price":"","enablePrice":false,"className":"","label_position":"default","desc_position":"default","type":"separator","required":false,"elementId":"separator_2804989181","label":"Separator Field","height":"6","separatorType":"fill","error":false,"separatorColor":"#66a5b6","gt_translate_keys":["label"],"price_dependency":false,"cl_dependency":false,"value":""}],[{"active":true,"col":6,"relations":false,"cl_rule":"show","enableCl":false,"price":"{field.radio-group_0661f1665d9537.price}*0.30","enablePrice":true,"className":"","label_position":"default","desc_position":"default","type":"content","required":false,"elementId":"content_2802764779","label":"Deposit Now","name":"content_2802764779","contentType":"plain","value":"","error":false,"subtype":"div","inline":true,"show_in_checkout":true,"pricingType":"custom","isTemplate":false,"gt_translate_keys":["label","value"],"price_dependency":false,"cl_dependency":false}],[{"contentType":"plain","active":true,"label":"Payment at Arrival","elementId":"content-8155931385","value":"","inline":true,"show_in_checkout":true,"name":"content-8155931385","enablePrice":true,"className":"","subtype":"div","enableCl":false,"relations":false,"pricingType":"custom","isTemplate":false,"price":"{field.radio-group_0661f1665d9537.price}*0.70","is_show_price":true,"cl_rule":"show","col":6,"type":"content","error":false,"gt_translate_keys":["label","value"],"price_dependency":false,"cl_dependency":false}],[{"contentType":"plain","active":true,"label":"Total Price","elementId":"content-8167489432","value":"","inline":true,"show_in_checkout":true,"name":"content-8167489432","enablePrice":true,"className":"","subtype":"div","enableCl":false,"relations":false,"pricingType":"custom","isTemplate":false,"price":"{field.radio-group_0661f1665d9537.price}","is_show_price":true,"cl_rule":"show","col":6,"type":"content","error":false,"gt_translate_keys":["label","value"],"price_dependency":false,"cl_dependency":false}]]}},"config":{"price_override":"always","enable_recaptcha":false,"bind_quantity":false,"quantity_bind_formula":false,"disp_summ_show_option_price":true,"disp_summ_show_product_price":false,"disp_summ_show_total_price":true,"disp_summ_show_fee":true,"disp_summ_show_discount":true,"summary_title":"","options_total_label":"Options Price","total_label":"Total Amount","options_product_label":"Product Price","fee_label":"Fee","discount_label":"Discount","has_price":true,"has_quantity_formula":false},"mc_unit":1,"tax_rate":1,"tax_rate_real":1,"discount":{"percentage":0,"fixed":0},"design":{"conf":{"LabelPosition":"above","DescPosition":"above","UploadField":"custom_1","QuantityFieldStyle":"custom_1"},"css":{"LeftLabelWidth":"120px"}},"formulas":[],"lookuptables":[],"clones":false,"cartKey":false}},"_links":{"self":[{"href":"https:\/\/canaryvip.com\/sk\/wp-json\/wp\/v2\/product\/11308","targetHints":{"allow":["GET"]}}],"collection":[{"href":"https:\/\/canaryvip.com\/sk\/wp-json\/wp\/v2\/product"}],"about":[{"href":"https:\/\/canaryvip.com\/sk\/wp-json\/wp\/v2\/types\/product"}],"replies":[{"embeddable":true,"href":"https:\/\/canaryvip.com\/sk\/wp-json\/wp\/v2\/comments?post=11308"}],"wp:featuredmedia":[{"embeddable":true,"href":"https:\/\/canaryvip.com\/sk\/wp-json\/wp\/v2\/media\/11311"}],"wp:attachment":[{"href":"https:\/\/canaryvip.com\/sk\/wp-json\/wp\/v2\/media?parent=11308"}],"wp:term":[{"taxonomy":"product_brand","embeddable":true,"href":"https:\/\/canaryvip.com\/sk\/wp-json\/wp\/v2\/product_brand?post=11308"},{"taxonomy":"product_cat","embeddable":true,"href":"https:\/\/canaryvip.com\/sk\/wp-json\/wp\/v2\/product_cat?post=11308"},{"taxonomy":"product_tag","embeddable":true,"href":"https:\/\/canaryvip.com\/sk\/wp-json\/wp\/v2\/product_tag?post=11308"}],"curies":[{"name":"wp","href":"https:\/\/api.w.org\/{rel}","templated":true}]}}