{"id":11303,"date":"2024-04-16T23:11:21","date_gmt":"2024-04-16T22:11:21","guid":{"rendered":"https:\/\/canaryvip.com\/?post_type=product&#038;p=11303"},"modified":"2025-08-09T12:40:39","modified_gmt":"2025-08-09T11:40:39","slug":"flyfish-tenerife","status":"publish","type":"product","link":"https:\/\/canaryvip.com\/sk\/shop\/flyfish-tenerife\/","title":{"rendered":"FlyFish Tenerife"},"content":{"rendered":"<h2><strong>\ud83c\udf0a FlyFish Tenerife - Jazda na vln\u00e1ch oce\u00e1nu<\/strong><\/h2>\n<p>Pripravte sa na adrenal\u00ednov\u00fd z\u00e1\u017eitok s na\u0161imi <strong>FlyFish Tenerife<\/strong> dobrodru\u017estvo! Poc\u00ed\u0165te vzru\u0161enie z lietania nad morom, ke\u010f sa budete dr\u017ea\u0165 na na\u0161om \u0161peci\u00e1lne navrhnutom nafukovacom rafte. Na\u0161e str\u00e1nky <strong>V\u00fdlety FlyFish<\/strong> s\u013eubuj\u00fa nezabudnute\u013en\u00fd de\u0148 pln\u00fd vysokor\u00fdchlostn\u00fdch vodn\u00fdch \u0161portov v kr\u00e1snom prostred\u00ed Costa Adeje.<\/p>\n<h3><strong>\ud83d\udea4 Za\u010d\u00edname va\u0161e mu\u0161k\u00e1rske dobrodru\u017estvo<\/strong><\/h3>\n<ul>\n<li><strong>Dobrodru\u017estvo sa za\u010d\u00edna:<\/strong> Va\u0161a cesta sa za\u010d\u00edna priamo v <a href=\"https:\/\/maps.app.goo.gl\/bkqEhAxsobcjz9wG9\" target=\"_blank\" rel=\"noopener\">Puerto Col\u00f3n,<\/a>\u00a0ofici\u00e1lnym v\u00fdchodiskov\u00fdm bodom pre va\u0161e dobrodru\u017estvo FlyFish. Po pr\u00edchode v\u00e1s obozn\u00e1mime so vzru\u0161uj\u00facim svetom FlyFish, dostanete komplexn\u00fa bezpe\u010dnostn\u00fa in\u0161trukt\u00e1\u017e a priprav\u00edte sa na vzru\u0161uj\u00facu jazdu, ktor\u00e1 v\u00e1s \u010dak\u00e1.<\/li>\n<li><strong>Sk\u00fasenosti s mu\u0161k\u00e1ren\u00edm:<\/strong> Prip\u00fatajte sa a pevne sa dr\u017ete, k\u00fdm v\u00e1s motorov\u00fd \u010dln bude un\u00e1\u0161a\u0165 na vln\u00e1ch. Vychutnajte si \u0161pliechanie morskej vody a vietor v tv\u00e1ri po\u010das tejto vzru\u0161uj\u00facej jazdy.<\/li>\n<\/ul>\n<p>&nbsp;<\/p>\n<h3><strong>\u2728 Pre\u010do si vybra\u0165 CanaryVIP pre svoje mu\u0161k\u00e1rske z\u00e1\u017eitky?<\/strong><\/h3>\n<ul>\n<li><strong>Konkuren\u010dn\u00e9 ceny:<\/strong> Nasko\u010dte na palubu u\u017e za 45 \u20ac na osobu a k dispoz\u00edcii s\u00fa aj fantastick\u00e9 skupinov\u00e9 a div\u00e1cke ceny. Kvalita a vzru\u0161enie za neprekonate\u013en\u00fa cenu!<\/li>\n<li><strong>Chv\u00e1la z\u00e1kazn\u00edkov:<\/strong> Sme zn\u00e1mi svojimi v\u00fdnimo\u010dn\u00fdmi slu\u017ebami a hrd\u00ed na vynikaj\u00face recenzie od na\u0161ich host\u00ed. V\u00e1\u0161 skvel\u00fd z\u00e1\u017eitok je na\u0161\u00edm cie\u013eom!<\/li>\n<li><strong>Flexibilita rezerv\u00e1cie:<\/strong> Zmenili sa pl\u00e1ny? \u017diadne obavy - v\u010faka na\u0161im flexibiln\u00fdm pravidl\u00e1m stornovania m\u00f4\u017eete v\u00fdlet zru\u0161i\u0165 do 24 hod\u00edn pred jeho za\u010diatkom a dosta\u0165 sp\u00e4\u0165 pln\u00fa sumu.<\/li>\n<\/ul>\n<h3><strong>\ud83d\ude80 Fly High s FlyFish Tenerife<\/strong><\/h3>\n<ul>\n<li><strong>Vzru\u0161uj\u00face jazdy:<\/strong> FlyFish v\u00e1s vezme na divok\u00fa jazdu nad vodami Playa de Las Am\u00e9ricas, kde sa budete vzn\u00e1\u0161a\u0165 a pot\u00e1pa\u0165 s vlnami pribli\u017ene 10 vzru\u0161uj\u00facich min\u00fat.<\/li>\n<li><strong>Odborn\u00e9 poradenstvo:<\/strong> Na\u0161i sk\u00fasen\u00ed in\u0161truktori sa postaraj\u00fa o bezpe\u010dn\u00fd a nezabudnute\u013en\u00fd z\u00e1\u017eitok a poved\u00fa v\u00e1s hladko od za\u010diatku a\u017e do konca.<\/li>\n<\/ul>\n<h3><strong>\ud83c\udf1f Viac ako len mu\u0161k\u00e1renie<\/strong><\/h3>\n<ul>\n<li>H\u013ead\u00e1te viac? Pon\u00fakame \u0161irok\u00fd sortiment <a href=\"https:\/\/canaryvip.com\/sk\/tenerife\/water-sports\/\">vodn\u00e9 aktivity na Tenerife,<\/a>\u00a0z adresy <a href=\"https:\/\/canaryvip.com\/sk\/shop\/jetski-tenerife\/\">vodn\u00e9 ly\u017eovanie<\/a> a\u017e po parasailing, v\u010faka \u010domu si v\u017edy m\u00f4\u017eete vysk\u00fa\u0161a\u0165 nie\u010do nov\u00e9.<\/li>\n<li>Na\u0161e dobrodru\u017estv\u00e1 sa neobmedzuj\u00fa len na Tenerife - pozrite si na\u0161u ponuku na Gran Canarii, kde n\u00e1jdete e\u0161te viac vodnej z\u00e1bavy!<\/li>\n<\/ul>\n<h3>\ud83d\udcc5 <strong>Rezervujte si svoj z\u00e1\u017eitok z mu\u0161k\u00e1renia e\u0161te dnes<\/strong><\/h3>\n<p>Nenechajte si ujs\u0165 toto jedine\u010dn\u00e9 dobrodru\u017estvo. Ide\u00e1lne pre milovn\u00edkov adrenal\u00ednu a nad\u0161encov vzru\u0161enia, ktor\u00ed sa chc\u00fa vy\u0161anti\u0165. Rezervujte si jazdu FlyFish teraz a oboha\u0165te svoju dovolenku na Tenerife o vzru\u0161enie.<\/p>\n<h3>\u2705 <strong>\u010co je zahrnut\u00e9 vo va\u0161ej jazde FlyFish?<\/strong><\/h3>\n<ul>\n<li>V\u0161etko bezpe\u010dnostn\u00e9 vybavenie a kompletn\u00e1 in\u0161trukt\u00e1\u017e pred odchodom.<\/li>\n<li>10-min\u00fatov\u00e1 jazda FlyFish, ktor\u00e1 v\u00e1m zdvihne adrenal\u00edn.<\/li>\n<li>Profesion\u00e1lny doh\u013ead a mo\u017enosti fotografovania na zachytenie va\u0161ich odv\u00e1\u017enych v\u00fdkonov (fotografie si m\u00f4\u017eete zak\u00fapi\u0165).<\/li>\n<\/ul>\n<h3><strong>\u2696\ufe0f D\u00f4veryhodn\u00e9 mo\u017enosti rezerv\u00e1cie a zru\u0161enia rezerv\u00e1cie<\/strong><\/h3>\n<ul>\n<li><strong>Jednoduch\u00e1 rezerv\u00e1cia:<\/strong> Rezervujte si svoje miesto bez ob\u00e1v a s istotou, preto\u017ee viete, \u017ee m\u00f4\u017eete zru\u0161i\u0165 \u00fa\u010das\u0165 a\u017e 24 hod\u00edn vopred a dostanete sp\u00e4\u0165 v\u0161etky peniaze.<\/li>\n<li><strong>Inkluz\u00edvna sk\u00fasenos\u0165:<\/strong> V\u00edtame v\u0161etk\u00fdch, od samostatn\u00fdch cestovate\u013eov, ktor\u00ed h\u013eadaj\u00fa vzru\u0161enie, a\u017e po skupiny, ktor\u00e9 chc\u00fa za\u017ei\u0165 vzru\u0161uj\u00faci v\u00fdlet. Dajte n\u00e1m vedie\u0165 svoje preferencie a my v\u00e1m prisp\u00f4sob\u00edme jazdu na mieru.<\/li>\n<\/ul>\n<h3><strong>\ud83c\udf92 Pr\u00edprava na mu\u0161k\u00e1rske dobrodru\u017estvo<\/strong><\/h3>\n<ul>\n<li><strong>Pripravte sa na zmoknutie:<\/strong> Oble\u010dte si plavky, vezmite si uter\u00e1k a pou\u017eite opa\u013eovac\u00ed kr\u00e9m. Bude to poriadna jazda!<\/li>\n<li><strong>Z\u00e1klady fotoapar\u00e1tu:<\/strong> Vezmite si so sebou vodeodoln\u00fd fotoapar\u00e1t alebo telef\u00f3n s ochrann\u00fdm puzdrom, aby ste mohli zachyti\u0165 svoje momenty z ryba\u010dky FlyFish. Nechajte si vo\u013en\u00e9 ruky na m\u00e1vanie a pevn\u00e9 dr\u017eanie!<\/li>\n<li><strong>Pr\u00edstupnos\u0165:<\/strong> T\u00e1to aktivita je vhodn\u00e1 pre v\u0161etk\u00fdch vo veku od 10 do 65 rokov. Upozor\u0148ujeme, \u017ee nie je vhodn\u00e1 pre tehotn\u00e9 \u017eeny alebo osoby, ktor\u00e9 sa nec\u00edtia dobre vo vode.<\/li>\n<\/ul>\n<h3>\u2753 <strong>\u010casto kladen\u00e9 ot\u00e1zky<\/strong><\/h3>\n<ul>\n<li><strong>Kto sa m\u00f4\u017ee z\u00fa\u010dastni\u0165 FlyFish Tenerife?<\/strong> Dobrodruhovia vo veku od 10 do 65 rokov s\u00fa v\u00edtan\u00ed! Kv\u00f4li bezpe\u010dnosti sa vy\u017eaduje z\u00e1kladn\u00e1 schopnos\u0165 pl\u00e1vania.<\/li>\n<li><strong>Ako bezpe\u010dn\u00fd je FlyFish?<\/strong> Bezpe\u010dnos\u0165 je na\u0161ou prioritou. V\u0161etci \u00fa\u010dastn\u00edci s\u00fa vybaven\u00ed z\u00e1chrann\u00fdmi vestami a n\u00e1\u0161 sk\u00fasen\u00fd t\u00edm sa postar\u00e1 o bezpe\u010dn\u00fd a pr\u00edjemn\u00fd z\u00e1\u017eitok.<\/li>\n<\/ul>\n<h4><strong>\ud83c\udf1e Ste pripraven\u00ed urobi\u0165 rozruch?<\/strong><\/h4>\n<p>Za\u017eite vzru\u0161enie z mu\u0161k\u00e1renia na Tenerife s <strong>CanaryVIP.<\/strong> Rezervujte si svoje dobrodru\u017estvo e\u0161te dnes a pripravte sa na nezabudnute\u013en\u00fa jazdu vysokou r\u00fdchlos\u0165ou nad hladinou oce\u00e1nu!<\/p>","protected":false},"excerpt":{"rendered":"<p>\ud83d\udd0d <strong>FlyFish Tenerife:<\/strong><br \/>\n\u2705 Bezpe\u010dn\u00e1 platba.<br \/>\n\ud83d\udc65 Maxim\u00e1lne 3 jazdci na jednu jazdu.<br \/>\n\ud83d\ude80 Jazda trv\u00e1 pribli\u017ene 10 min\u00fat.<br \/>\n\ud83c\udfde\ufe0f Vysokor\u00fdchlostn\u00e1 vodn\u00e1 akcia.<br \/>\n\ud83d\udd59 K dispoz\u00edcii po\u010das cel\u00e9ho d\u0148a.<br \/>\n\ud83d\udcc5 Jazdy k dispoz\u00edcii denne.<br \/>\n\ud83e\udd11 Garancia najlep\u0161ej ceny.<br \/>\n\ud83d\udc6a Z\u013eavy pre skupiny.<br \/>\n\ud83d\udd01 24 hod\u00edn Storno podmienky.<br \/>\n\ud83c\udf0d Podpora viacer\u00fdch jazykov.<br \/>\n\ud83c\udf1f Rezervujte si pobyt vopred a u\u0161etrite.<br \/>\n\ud83d\udccd Odchod z <a href=\"https:\/\/maps.app.goo.gl\/bkqEhAxsobcjz9wG9\">Puerto Col\u00f3n.<\/a><\/p>","protected":false},"featured_media":11317,"comment_status":"open","ping_status":"closed","template":"","meta":{"_acf_changed":false},"product_brand":[],"product_cat":[53],"product_tag":[],"class_list":{"0":"post-11303","1":"product","2":"type-product","3":"status-publish","4":"has-post-thumbnail","6":"product_cat-water-sports","7":"wcpa_has_options","9":"first","10":"instock","11":"virtual","12":"purchasable","13":"product-type-simple"},"acf":[],"wcpa_form_fields":{"wcpaData":{"product":{"product_price":18,"price_html":"From&nbsp;<span class=\"woocommerce-Price-amount amount\"><bdi>18,00&nbsp;<span class=\"woocommerce-Price-currencySymbol\">&euro;<\/span><\/bdi><\/span>","original_product_price":18,"price_including_tax":18,"price_excluding_tax":18,"product_id":{"parent":11303,"variation":false},"is_variable":false,"stock_status":"instock","stock_quantity":null,"parent_sku":"CV11303","product_attributes":[],"custom_fields":[],"is_taxable":false,"product_name":"FlyFish Tenerife","hasImage":false},"fields":{"sec_7661f1665d94fb":{"extra":{"key":"sec_7661f1665d94fb","section_id":"sec_7661f1665d94fb","name":"Default","status":1,"cl_rule":"show","enableCl":false,"relations":[],"toggle":true,"title_tag":"h3","show_title":false,"showPrice":"default","form_id":11314,"form_rules":{"exclude_from_discount":true,"fee_label":"Fee","disp_hide_options_price":true,"disp_show_section_price":false,"disp_show_field_price":true,"layout_option":"standard","pric_use_as_fee":false,"process_fee_as":"woo_fee"},"layout_option":"standard"},"fields":[[{"label":"\ud83d\udcc5 Date","active":true,"required":true,"elementId":"date_3661f1665d951b","picker_type":"custom","picker_mode":"single","placeholder":"","description":"","tooltip":"","name":"date_3661f1665d951b","label_position":"default","desc_position":"default","enablePrice":false,"className":"","enableCl":false,"relations":[{"operator":"and","rules":[{"operator":"AND","rules":{"cl_field":"radio-group_5661bc90f5e8f5","cl_relation":"is_not_empty","cl_val":"3 Hour Trip"}}]}],"date_pic_inline":true,"date_pic_inline_hide":true,"min_date":{"type":"days","val":"1"},"max_date":{"type":"days","val":"365"},"date_pic_conf":{"disabledWeeks":[]},"price":"","cl_rule":"show","col":6,"type":"date","error":false,"enableDesign":false,"LabelColor":"","gt_translate_keys":["label","placeholder","description","tooltip"],"price_dependency":false,"cl_dependency":false,"value":""}],[{"active":true,"col":6,"relations":false,"cl_rule":"show","enableCl":false,"price":"","enablePrice":false,"className":"","label_position":"default","desc_position":"default","type":"select","required":true,"elementId":"select_3477053266","label":"\u23f0 Departure Time","name":"select_3477053266","values":[{"label":"Whichever Time is Best","value":"Whichever Time is Best","selected":false,"tempId":"aco_312","gt_translate_keys":["label"]},{"label":"10:30","value":"10:30","selected":false,"tempId":"aco_313","gt_translate_keys":["label"]},{"label":"11:30","value":"11:30","selected":false,"tempId":"aco_314","gt_translate_keys":["label"]},{"label":"12:30 ","value":"12:30","selected":false,"tempId":"aco_711","gt_translate_keys":["label"]},{"label":"13:30","value":"13:30","selected":false,"tempId":"aco_721","gt_translate_keys":["label"]},{"label":"14:30","value":"14:30","selected":false,"tempId":"aco_983","gt_translate_keys":["label"]},{"label":"15:30","value":"15:30","selected":false,"tempId":"aco_993","gt_translate_keys":["label"]},{"label":"16:30","value":"16:30","selected":false,"tempId":"aco_1183","gt_translate_keys":["label"]}],"dropdown_type":"basic","error":false,"multiple":false,"placeholder":"None","gt_translate_keys":["label","placeholder"],"price_dependency":false,"cl_dependency":false,"value":""}],[{"active":true,"col":6,"relations":[{"operator":false,"rules":[{"operator":"AND","rules":{"cl_field":"","cl_relation":"","cl_val":""}}]}],"cl_rule":"show","enableCl":true,"price":"18","enablePrice":true,"className":"","label_position":"default","desc_position":"default","type":"radio-group","required":false,"elementId":"radio-group_0661f1665d9537","label":"","name":"radio-group_0661f1665d9537","values":[{"label":"\ud83d\udc64 People (18\u20ac)","value":"People","selected":true,"tempId":"aco_32","tooltip":"","description":"","gt_translate_keys":["label","tooltip","description"]}],"layOut":"","error":false,"checkUi":"button","priceOptions":"fixed_for_all","pricingType":"fixed","enable_quantity":true,"quantity_label":"","min_quantity":"0","options_tooltip":true,"options_description":true,"is_show_price":true,"gt_translate_keys":["label","quantity_label"],"price_dependency":["content_2802764779","content-8155931385","content-8167489432"],"cl_dependency":false,"value":""}],[{"active":true,"col":6,"relations":false,"cl_rule":"show","enableCl":false,"price":"","enablePrice":false,"className":"","label_position":"default","desc_position":"default","type":"separator","required":false,"elementId":"separator_2804989181","label":"Separator Field","height":"6","separatorType":"fill","error":false,"separatorColor":"#66a5b6","gt_translate_keys":["label"],"price_dependency":false,"cl_dependency":false,"value":""}],[{"active":true,"col":6,"relations":false,"cl_rule":"show","enableCl":false,"price":"{field.radio-group_0661f1665d9537.price}*0.30","enablePrice":true,"className":"","label_position":"default","desc_position":"default","type":"content","required":false,"elementId":"content_2802764779","label":"Deposit Now","name":"content_2802764779","contentType":"plain","value":"","error":false,"subtype":"div","inline":true,"show_in_checkout":true,"pricingType":"custom","isTemplate":false,"gt_translate_keys":["label","value"],"price_dependency":false,"cl_dependency":false}],[{"contentType":"plain","active":true,"label":"Payment at Arrival","elementId":"content-8155931385","value":"","inline":true,"show_in_checkout":true,"name":"content-8155931385","enablePrice":true,"className":"","subtype":"div","enableCl":false,"relations":false,"pricingType":"custom","isTemplate":false,"price":"{field.radio-group_0661f1665d9537.price}*0.70","is_show_price":true,"cl_rule":"show","col":6,"type":"content","error":false,"gt_translate_keys":["label","value"],"price_dependency":false,"cl_dependency":false}],[{"contentType":"plain","active":true,"label":"Total Price","elementId":"content-8167489432","value":"","inline":true,"show_in_checkout":true,"name":"content-8167489432","enablePrice":true,"className":"","subtype":"div","enableCl":false,"relations":false,"pricingType":"custom","isTemplate":false,"price":"{field.radio-group_0661f1665d9537.price}","is_show_price":true,"cl_rule":"show","col":6,"type":"content","error":false,"gt_translate_keys":["label","value"],"price_dependency":false,"cl_dependency":false}]]}},"config":{"price_override":"always","enable_recaptcha":false,"bind_quantity":false,"quantity_bind_formula":false,"disp_summ_show_option_price":true,"disp_summ_show_product_price":false,"disp_summ_show_total_price":true,"disp_summ_show_fee":true,"disp_summ_show_discount":true,"summary_title":"","options_total_label":"Options Price","total_label":"Total Amount","options_product_label":"Product Price","fee_label":"Fee","discount_label":"Discount","has_price":true,"has_quantity_formula":false},"mc_unit":1,"tax_rate":1,"tax_rate_real":1,"discount":{"percentage":0,"fixed":0},"design":{"conf":{"LabelPosition":"above","DescPosition":"above","UploadField":"custom_1","QuantityFieldStyle":"custom_1"},"css":{"LeftLabelWidth":"120px"}},"formulas":[],"lookuptables":[],"clones":false,"cartKey":false}},"_links":{"self":[{"href":"https:\/\/canaryvip.com\/sk\/wp-json\/wp\/v2\/product\/11303","targetHints":{"allow":["GET"]}}],"collection":[{"href":"https:\/\/canaryvip.com\/sk\/wp-json\/wp\/v2\/product"}],"about":[{"href":"https:\/\/canaryvip.com\/sk\/wp-json\/wp\/v2\/types\/product"}],"replies":[{"embeddable":true,"href":"https:\/\/canaryvip.com\/sk\/wp-json\/wp\/v2\/comments?post=11303"}],"wp:featuredmedia":[{"embeddable":true,"href":"https:\/\/canaryvip.com\/sk\/wp-json\/wp\/v2\/media\/11317"}],"wp:attachment":[{"href":"https:\/\/canaryvip.com\/sk\/wp-json\/wp\/v2\/media?parent=11303"}],"wp:term":[{"taxonomy":"product_brand","embeddable":true,"href":"https:\/\/canaryvip.com\/sk\/wp-json\/wp\/v2\/product_brand?post=11303"},{"taxonomy":"product_cat","embeddable":true,"href":"https:\/\/canaryvip.com\/sk\/wp-json\/wp\/v2\/product_cat?post=11303"},{"taxonomy":"product_tag","embeddable":true,"href":"https:\/\/canaryvip.com\/sk\/wp-json\/wp\/v2\/product_tag?post=11303"}],"curies":[{"name":"wp","href":"https:\/\/api.w.org\/{rel}","templated":true}]}}