{"id":11298,"date":"2024-04-16T15:58:27","date_gmt":"2024-04-16T14:58:27","guid":{"rendered":"https:\/\/canaryvip.com\/?post_type=product&#038;p=11298"},"modified":"2025-08-09T12:41:31","modified_gmt":"2025-08-09T11:41:31","slug":"parasailing-tenerife","status":"publish","type":"product","link":"https:\/\/canaryvip.com\/sk\/shop\/parasailing-tenerife\/","title":{"rendered":"Parasailing Tenerife"},"content":{"rendered":"<h2><strong>\ud83e\ude82 Parasailing Tenerife - plachtenie nad kri\u0161t\u00e1\u013eov\u00fdmi vodami<\/strong><\/h2>\n<p>Pridajte sa k n\u00e1m a za\u017eite vzru\u0161uj\u00faci <strong>dobrodru\u017estvo parasailingu na Tenerife<\/strong> a za\u017eite vzru\u0161enie z lietania nad oce\u00e1nom! Na\u0161e str\u00e1nky <strong>V\u00fdlety na Tenerife s parasailingom<\/strong> pon\u00faka \u00fachvatn\u00fd v\u00fdh\u013ead na Costa Adeje z jedine\u010dnej perspekt\u00edvy. \u010ci u\u017e chcete letie\u0165 sami, alebo s priate\u013emi, zaru\u010dujeme v\u00e1m nezabudnute\u013en\u00fd z\u00e1\u017eitok vo v\u00fd\u0161ke.<\/p>\n<h3><strong>\ud83c\udf0a Za\u010dnite svoje dobrodru\u017estvo v Puerto Col\u00f3n<\/strong><\/h3>\n<ul>\n<li><strong>Uv\u00edtac\u00ed \u0161tart:<\/strong> Va\u0161e dobrodru\u017estvo sa za\u010d\u00edna na <a href=\"https:\/\/maps.app.goo.gl\/bkqEhAxsobcjz9wG9\" target=\"_blank\" rel=\"noopener\">Puerto Col\u00f3n,<\/a>\u00a0Costa Adeje, kde v\u00e1s priv\u00edtaj\u00fa na\u0161i priate\u013esk\u00ed sprievodcovia. Vybavia v\u00e1s v\u0161etk\u00fdm potrebn\u00fdm vybaven\u00edm a obozn\u00e1mia v\u00e1s s t\u00fdm, \u010do m\u00f4\u017eete po\u010das letu o\u010dak\u00e1va\u0165.<\/li>\n<li><strong>Pr\u00edprava na let:<\/strong> Pred \u0161tartom z plo\u0161iny sa pripravte na bezpe\u010dn\u00e9 pripevnenie k paraglajdu. Pohodlne sa usa\u010fte a vychutnajte si vzru\u0161uj\u00faci pocit vzn\u00e1\u0161ania sa nad vlnami.<\/li>\n<\/ul>\n<h3><strong>\u2728 \u010c\u00edm vynik\u00e1 na\u0161a slu\u017eba Parasailing Tenerife?<\/strong><\/h3>\n<ul>\n<li><strong>Cenovo dostupn\u00e1 excelentnos\u0165:<\/strong> Vyu\u017eite v\u00fdhodn\u00e9 ceny u\u017e od 45 \u20ac na osobu so \u0161peci\u00e1lnymi cenami pre skupiny a div\u00e1kov. Za\u017eite vysokokvalitn\u00e9 dobrodru\u017estvo bez toho, aby ste prepadli!<\/li>\n<li><strong>Spokojnos\u0165 z\u00e1kazn\u00edkov:<\/strong> Sme hrd\u00ed na svoju hviezdnu poves\u0165, ktor\u00fa podporuj\u00fa skvel\u00e9 recenzie od dobrodruhov, ako ste vy. N\u00e1\u0161 z\u00e1v\u00e4zok kvality a vzru\u0161enia sa prejavuje pri ka\u017edom lete.<\/li>\n<li><strong>Flexibiln\u00e1 rezerv\u00e1cia:<\/strong> Zmena pl\u00e1nov? \u017diadny probl\u00e9m. V\u010faka na\u0161im flexibiln\u00fdm pravidl\u00e1m zru\u0161enia rezerv\u00e1cie m\u00f4\u017eete svoj v\u00fdlet zru\u0161i\u0165 do 24 hod\u00edn pred jeho za\u010diatkom a z\u00edska\u0165 sp\u00e4\u0165 pln\u00fa sumu.<\/li>\n<li><strong>Odborn\u00e9 znalosti:<\/strong> Rozsiahle sk\u00fasenosti n\u00e1\u0161ho t\u00edmu v oblasti parasailingu zaru\u010duj\u00fa bezpe\u010dn\u00fd a vzru\u0161uj\u00faci z\u00e1\u017eitok od za\u010diatku a\u017e do konca.<\/li>\n<\/ul>\n<h3><strong>\ud83d\ude80 Za\u017eite vzru\u0161enie z parasailingu na Tenerife<\/strong><\/h3>\n<ul>\n<li><strong>Vyhliadkov\u00e9 lety:<\/strong> Prepl\u00e1vajte nad n\u00e1dhern\u00fdmi vodami Puerto Colon a Playa de Las Am\u00e9ricas. Vo vzduchu str\u00e1vite pribli\u017ene 10 min\u00fat a budete si vychutn\u00e1va\u0165 pokojn\u00e9 prostredie a malebn\u00e9 v\u00fdh\u013eady.<\/li>\n<li><strong>Bezpe\u010dn\u00e9 prist\u00e1tie:<\/strong> Na\u0161i vy\u0161kolen\u00ed profesion\u00e1li v\u00e1s bud\u00fa vies\u0165 pri prist\u00e1van\u00ed, pr\u00edpadne sa bud\u00fa plavi\u0165 po vode, aby ste sa mohli hravo vy\u0161anti\u0165, a potom sa bezpe\u010dne vr\u00e1tia na lo\u010f.<\/li>\n<\/ul>\n<h3><strong>\ud83c\udf1f \u010eal\u0161ie vodn\u00e9 \u0161porty a dobrodru\u017estv\u00e1<\/strong><\/h3>\n<ul>\n<li>Presk\u00famajte viac ako len parasailing s na\u0161ou ponukou <a href=\"https:\/\/canaryvip.com\/sk\/tenerife\/water-sports\/\">vodn\u00e9 aktivity na Tenerife.<\/a>\u00a0Z adresy <a href=\"https:\/\/canaryvip.com\/sk\/shop\/jetski-tenerife\/\">vodn\u00e9 ly\u017eovanie<\/a> a\u017e po pokojnej\u0161ie vodn\u00e9 \u0161porty - ka\u017ed\u00fd si tu n\u00e1jde nie\u010do pre seba.<\/li>\n<li>Nav\u0161tevujete Gran Canariu? Nenechajte si ujs\u0165 na\u0161e dobrodru\u017estvo pri parasailingu aj tam!<\/li>\n<\/ul>\n<h3>\ud83d\udcc5 <strong>Rezervujte si parasailing na Tenerife e\u0161te dnes<\/strong><\/h3>\n<p>Ponorte sa do oblohy s na\u0161imi dobrodru\u017estvami pri parasailingu. Ide\u00e1lne pre milovn\u00edkov vzru\u0161enia a t\u00fdch, ktor\u00ed si chc\u00fa vychutna\u0165 jedine\u010dn\u00fd v\u00fdh\u013ead na pobre\u017eie Tenerife. Zabezpe\u010dte si miesto na v\u00fdnimo\u010dn\u00fa cestu nad morom u\u017e teraz.<\/p>\n<h3>\u2705 <strong>\u010co je zahrnut\u00e9 vo va\u0161om dobrodru\u017estve s parasailingom?<\/strong><\/h3>\n<ul>\n<li>Komplexn\u00e1 bezpe\u010dnostn\u00e1 in\u0161trukt\u00e1\u017e a v\u0161etok potrebn\u00fd v\u00fdstroj.<\/li>\n<li>Pribli\u017ene 10 min\u00fat letu a celkovo pribli\u017ene 40 min\u00fat vr\u00e1tane cesty lo\u010fou.<\/li>\n<li>Profesion\u00e1lny sprievodca a fotograf, ktor\u00fd zachyt\u00ed va\u0161e momenty (fotografie si m\u00f4\u017eete zak\u00fapi\u0165).<\/li>\n<\/ul>\n<h3><strong>\u2696\ufe0f Spo\u013eahliv\u00e1 rezerv\u00e1cia a jednoduch\u00e9 zru\u0161enie<\/strong><\/h3>\n<ul>\n<li><strong>Jednoduch\u00e9 rezerv\u00e1cie:<\/strong> Rezervujte s istotou, preto\u017ee viete, \u017ee rezerv\u00e1ciu m\u00f4\u017eete zru\u0161i\u0165 a\u017e 24 hod\u00edn vopred a dostanete sp\u00e4\u0165 cel\u00fa sumu - ide\u00e1lne pre t\u00fdch, ktor\u00ed menia svoje cestovn\u00e9 pl\u00e1ny.<\/li>\n<li><strong>Pr\u00edstupnos\u0165 pre v\u0161etk\u00fdch:<\/strong> Na\u0161e v\u00fdlety s\u00fa navrhnut\u00e9 tak, aby vyhovovali ka\u017ed\u00e9mu, s mo\u017enos\u0165ou letie\u0165 s\u00f3lo, vo dvojici alebo v trojici. Prediskutujte svoje preferencie s na\u0161\u00edm sprievodcom a prisp\u00f4sobte si svoj z\u00e1\u017eitok.<\/li>\n<\/ul>\n<h3><strong>\ud83c\udf92 Tipy pre fantastick\u00fd let<\/strong><\/h3>\n<ul>\n<li><strong>\u010co si obliec\u0165:<\/strong> Odpor\u00fa\u010dame plavky, preto\u017ee sa m\u00f4\u017eete trochu namo\u010di\u0165. Nezabudnite na opa\u013eovac\u00ed kr\u00e9m a uter\u00e1k!<\/li>\n<li><strong>Pripravenos\u0165 na fotoapar\u00e1t:<\/strong> Vezmite si so sebou fotoapar\u00e1t alebo telef\u00f3n, aby ste zachytili n\u00e1dhern\u00e9 v\u00fdh\u013eady - len si dajte pozor, aby ste ho neupustili!<\/li>\n<li><strong>Zdravie a bezpe\u010dnos\u0165:<\/strong> Hoci je parasailing \u0161etrn\u00e1 aktivita vhodn\u00e1 pre v\u0161etky vekov\u00e9 kateg\u00f3rie, neodpor\u00fa\u010da sa pre tehotn\u00e9 \u017eeny.<\/li>\n<\/ul>\n<h3>\u2753 <strong>\u010casto kladen\u00e9 ot\u00e1zky<\/strong><\/h3>\n<ul>\n<li><strong>M\u00f4\u017ee sa niekto venova\u0165 parasailingu?<\/strong> \u00c1no, parasailing na Tenerife je ide\u00e1lny pre deti od 3 rokov. Nie s\u00fa potrebn\u00e9 \u017eiadne plaveck\u00e9 zru\u010dnosti, preto\u017ee vzlietnete a pristanete priamo na lodi.<\/li>\n<li><strong>Ak\u00e9 s\u00fa bezpe\u010dnostn\u00e9 opatrenia?<\/strong> Bezpe\u010dnos\u0165 je na\u0161ou prioritou. Budete vybaven\u00ed z\u00e1chrannou vestou a na\u0161i odborn\u00ed sprievodcovia zabezpe\u010dia hladk\u00fd priebeh plavby od \u0161tartu a\u017e po prist\u00e1tie.<\/li>\n<\/ul>\n<h4><strong>\ud83c\udf1e Ste pripraven\u00ed lieta\u0165?<\/strong><\/h4>\n<p>Pozdvihnite svoju dovolenku na Tenerife na nov\u00fa \u00farove\u0148 s na\u0161imi z\u00e1\u017eitkami z parasailingu. Rezervujte si let e\u0161te dnes a vychutnajte si vzru\u0161uj\u00face vzn\u00e1\u0161anie sa nad n\u00e1dhern\u00fdmi vodami Kan\u00e1rskych ostrovov.<\/p>","protected":false},"excerpt":{"rendered":"<p>\ud83d\udd0d <strong>Parasailing Tenerife:<br \/>\n<\/strong>\u2705 Bezpe\u010dn\u00e1 platba.<br \/>\n\ud83d\udc65 Maxim\u00e1lne 3 letci na let.<br \/>\n\ud83d\ude80 Trvanie letu 10 min.<br \/>\n\ud83c\udfde\ufe0f Vzn\u00e1\u0161aj\u00fa sa nad oce\u00e1nom.<br \/>\n\ud83d\udd59 Lety po\u010das cel\u00e9ho d\u0148a.<br \/>\n\ud83d\udcc5 Lety k dispoz\u00edcii denne.<br \/>\n\ud83e\udd11 Garancia najlep\u0161ej ceny.<br \/>\n\ud83d\udc6a Z\u013eavy pre skupiny.<br \/>\n\ud83d\udd01 24 hod\u00edn Storno podmienky.<br \/>\n\ud83c\udf0d Sprievodcovia v angli\u010dtine a \u0161paniel\u010dine.<br \/>\n\ud83c\udf1f Rezervujte si pobyt vopred a u\u0161etrite.<br \/>\n\ud83d\udccd Vzlet z <a href=\"https:\/\/maps.app.goo.gl\/bkqEhAxsobcjz9wG9\">Puerto Col\u00f3n.<\/a><\/p>","protected":false},"featured_media":11302,"comment_status":"open","ping_status":"closed","template":"","meta":{"_acf_changed":false},"product_brand":[],"product_cat":[53],"product_tag":[],"class_list":{"0":"post-11298","1":"product","2":"type-product","3":"status-publish","4":"has-post-thumbnail","6":"product_cat-water-sports","7":"wcpa_has_options","9":"first","10":"instock","11":"virtual","12":"purchasable","13":"product-type-simple"},"acf":[],"wcpa_form_fields":{"wcpaData":{"product":{"product_price":55,"price_html":"From&nbsp;<span class=\"woocommerce-Price-amount amount\"><bdi>55,00&nbsp;<span class=\"woocommerce-Price-currencySymbol\">&euro;<\/span><\/bdi><\/span>","original_product_price":55,"price_including_tax":55,"price_excluding_tax":55,"product_id":{"parent":11298,"variation":false},"is_variable":false,"stock_status":"instock","stock_quantity":null,"parent_sku":"CV11298","product_attributes":[],"custom_fields":[],"is_taxable":false,"product_name":"Parasailing Tenerife","hasImage":false},"fields":{"sec_4661f18b33f9ea":{"extra":{"key":"sec_4661f18b33f9ea","section_id":"sec_4661f18b33f9ea","name":"Default","status":1,"cl_rule":"show","enableCl":false,"relations":[],"toggle":true,"title_tag":"h3","show_title":false,"showPrice":"default","form_id":11316,"form_rules":{"exclude_from_discount":true,"fee_label":"Fee","disp_hide_options_price":true,"disp_show_section_price":false,"disp_show_field_price":true,"layout_option":"standard","pric_use_as_fee":false,"process_fee_as":"woo_fee"},"layout_option":"standard"},"fields":[[{"label":"\ud83d\udcc5 Date","active":true,"required":true,"elementId":"date_9661f18b33fa0a","picker_type":"custom","picker_mode":"single","placeholder":"","description":"","tooltip":"","name":"date_9661f18b33fa0a","label_position":"default","desc_position":"default","enablePrice":false,"className":"","enableCl":false,"relations":[{"operator":"and","rules":[{"operator":"AND","rules":{"cl_field":"radio-group_5661bc90f5e8f5","cl_relation":"is_not_empty","cl_val":"3 Hour Trip"}}]}],"date_pic_inline":true,"date_pic_inline_hide":true,"min_date":{"type":"days","val":"0"},"max_date":{"type":"days","val":"365"},"date_pic_conf":{"disabledWeeks":[],"disabledDates":[]},"price":"","cl_rule":"show","col":6,"type":"date","error":false,"enableDesign":false,"LabelColor":"","gt_translate_keys":["label","placeholder","description","tooltip"],"price_dependency":false,"cl_dependency":false,"value":""}],[{"active":true,"col":6,"relations":false,"cl_rule":"show","enableCl":false,"price":"","enablePrice":false,"className":"","label_position":"default","desc_position":"default","type":"select","required":true,"elementId":"select_2661f18b33fa25","label":"\u23f0 Departure Time","name":"select_2661f18b33fa25","values":[{"label":"Whichever Time is Best","value":"Whichever Time is Best","selected":false,"tempId":"aco_312","gt_translate_keys":["label"]},{"label":"10:00","value":"10:00","selected":false,"tempId":"aco_313","gt_translate_keys":["label"]},{"label":"11:00","value":"11:00","selected":false,"tempId":"aco_314","gt_translate_keys":["label"]},{"label":"12:00","value":"12:00","selected":false,"tempId":"aco_711","gt_translate_keys":["label"]},{"label":"13:00 (1:00 PM)","value":"13:00","selected":false,"tempId":"aco_721","gt_translate_keys":["label"]},{"label":"14:00 (2:00 PM)","value":"14:00","selected":false,"tempId":"aco_983","gt_translate_keys":["label"]},{"label":"15:00 (3:00 PM)","value":"15:00","selected":false,"tempId":"aco_993","gt_translate_keys":["label"]},{"label":"16:00 (4:00 PM)","value":"16:00","selected":false,"tempId":"aco_1183","gt_translate_keys":["label"]}],"dropdown_type":"basic","error":false,"multiple":false,"placeholder":"None","gt_translate_keys":["label","placeholder"],"price_dependency":false,"cl_dependency":false,"value":""}],[{"active":true,"col":6,"relations":false,"cl_rule":"show","enableCl":false,"price":"","enablePrice":false,"className":"","label_position":"default","desc_position":"default","type":"separator","required":false,"elementId":"separator_6164213577","label":"Separator Field","height":"3","separatorType":"fill","error":false,"separatorColor":"#66a5b6","gt_translate_keys":["label"],"price_dependency":false,"cl_dependency":false,"value":""}],[{"active":true,"col":6,"relations":false,"cl_rule":"show","enableCl":false,"price":"","enablePrice":false,"className":"","label_position":"default","desc_position":"default","type":"content","required":false,"elementId":"content_2993137763","label":"","name":"content_2993137763","contentType":"rich","value":"<p>\ud83c\udf9f\ufe0f <strong>Reservation<\/strong>: Pay only a deposit now to reserve; the rest is due on the day of the activity upon arrival.<\/p>","error":false,"gt_translate_keys":["label","value"],"price_dependency":false,"cl_dependency":false}],[{"active":true,"col":6,"relations":[{"operator":false,"rules":[{"operator":"AND","rules":{"cl_field":"","cl_relation":"","cl_val":""}}]}],"cl_rule":"show","enableCl":true,"price":"55","enablePrice":true,"className":"","label_position":"default","desc_position":"default","type":"radio-group","required":false,"elementId":"radio-group_6661f18b33fa1a","label":"","name":"radio-group_6661f18b33fa1a","values":[{"label":"\ud83d\udc64 Participant (55\u20ac)","value":"Participant","selected":true,"tempId":"aco_32","tooltip":"","description":"","gt_translate_keys":["label","tooltip","description"]}],"layOut":"","error":false,"checkUi":"button","priceOptions":"fixed_for_all","pricingType":"fixed","enable_quantity":true,"quantity_label":"","min_quantity":"0","options_tooltip":true,"options_description":true,"is_show_price":true,"gt_translate_keys":["label","quantity_label"],"price_dependency":["content-2927599540"],"cl_dependency":false,"value":""}],[{"label":"","active":true,"required":false,"elementId":"radio-group-9560399481","name":"radio-group-9560399481","label_position":"default","desc_position":"default","enablePrice":true,"className":"","enableCl":true,"relations":[{"operator":false,"rules":[{"operator":"AND","rules":{"cl_field":"","cl_relation":"","cl_val":""}}]}],"enable_quantity":true,"quantity_label":"","min_quantity":"0","checkUi":"button","layOut":"","options_tooltip":true,"options_description":true,"values":[{"label":"\ud83d\udc40 Spectator (45\u20ac)","value":"Spectator","selected":true,"tempId":"aco_32","tooltip":"","description":"","gt_translate_keys":["label","tooltip","description"]}],"priceOptions":"fixed_for_all","pricingType":"fixed","price":"45","is_show_price":true,"cl_rule":"show","col":6,"type":"radio-group","error":false,"gt_translate_keys":["label","quantity_label"],"price_dependency":false,"cl_dependency":false,"value":""}],[{"elementId":"separator-6195229594","separatorType":"fill","separatorColor":"#66a5b6","className":"","height":"3","enableCl":false,"relations":false,"cl_rule":"show","col":6,"type":"separator","error":false,"gt_translate_keys":[],"price_dependency":false,"cl_dependency":false,"value":""}],[{"active":true,"col":6,"relations":false,"cl_rule":"show","enableCl":false,"price":"({field.radio-group_6661f18b33fa1a.quantity}*15)+({field.radio-group-9560399481.quantity}*10)","enablePrice":true,"className":"","label_position":"default","desc_position":"default","type":"content","required":false,"elementId":"content_1028160381","label":"Deposit Payment","name":"content_1028160381","contentType":"plain","value":"","error":false,"subtype":"div","pricingType":"custom","isTemplate":false,"inline":true,"show_in_checkout":true,"gt_translate_keys":["label","value"],"price_dependency":false,"cl_dependency":false}],[{"contentType":"plain","active":true,"label":"Payment at Arrival","elementId":"content-2904205255","value":"","inline":true,"show_in_checkout":true,"name":"content-2904205255","enablePrice":true,"className":"","subtype":"div","enableCl":false,"relations":false,"pricingType":"custom","isTemplate":false,"price":"({field.radio-group_6661f18b33fa1a.quantity}*40)+({field.radio-group-9560399481.quantity}*35)","is_show_price":true,"cl_rule":"show","col":6,"type":"content","error":false,"gt_translate_keys":["label","value"],"price_dependency":false,"cl_dependency":false}],[{"contentType":"plain","active":true,"label":"Total Amount","elementId":"content-2927599540","value":"","inline":true,"show_in_checkout":true,"name":"content-2927599540","enablePrice":true,"className":"","subtype":"div","enableCl":false,"relations":false,"pricingType":"custom","isTemplate":false,"price":"{field.radio-group_6661f18b33fa1a.price}+{field.radio-group-9560399481.quantity}","is_show_price":true,"cl_rule":"show","col":6,"type":"content","error":false,"gt_translate_keys":["label","value"],"price_dependency":false,"cl_dependency":false}]]}},"config":{"price_override":"always","enable_recaptcha":false,"bind_quantity":false,"quantity_bind_formula":false,"disp_summ_show_option_price":true,"disp_summ_show_product_price":false,"disp_summ_show_total_price":false,"disp_summ_show_fee":true,"disp_summ_show_discount":true,"summary_title":"","options_total_label":"Options Price","total_label":"Total Amount","options_product_label":"Product Price","fee_label":"Fee","discount_label":"Discount","has_price":true,"has_quantity_formula":false},"mc_unit":1,"tax_rate":1,"tax_rate_real":1,"discount":{"percentage":0,"fixed":0},"design":{"conf":{"LabelPosition":"above","DescPosition":"above","UploadField":"custom_1","QuantityFieldStyle":"custom_1"},"css":{"LeftLabelWidth":"120px"}},"formulas":[],"lookuptables":[],"clones":false,"cartKey":false}},"_links":{"self":[{"href":"https:\/\/canaryvip.com\/sk\/wp-json\/wp\/v2\/product\/11298","targetHints":{"allow":["GET"]}}],"collection":[{"href":"https:\/\/canaryvip.com\/sk\/wp-json\/wp\/v2\/product"}],"about":[{"href":"https:\/\/canaryvip.com\/sk\/wp-json\/wp\/v2\/types\/product"}],"replies":[{"embeddable":true,"href":"https:\/\/canaryvip.com\/sk\/wp-json\/wp\/v2\/comments?post=11298"}],"wp:featuredmedia":[{"embeddable":true,"href":"https:\/\/canaryvip.com\/sk\/wp-json\/wp\/v2\/media\/11302"}],"wp:attachment":[{"href":"https:\/\/canaryvip.com\/sk\/wp-json\/wp\/v2\/media?parent=11298"}],"wp:term":[{"taxonomy":"product_brand","embeddable":true,"href":"https:\/\/canaryvip.com\/sk\/wp-json\/wp\/v2\/product_brand?post=11298"},{"taxonomy":"product_cat","embeddable":true,"href":"https:\/\/canaryvip.com\/sk\/wp-json\/wp\/v2\/product_cat?post=11298"},{"taxonomy":"product_tag","embeddable":true,"href":"https:\/\/canaryvip.com\/sk\/wp-json\/wp\/v2\/product_tag?post=11298"}],"curies":[{"name":"wp","href":"https:\/\/api.w.org\/{rel}","templated":true}]}}