{"id":11268,"date":"2024-04-14T23:59:56","date_gmt":"2024-04-14T22:59:56","guid":{"rendered":"https:\/\/canaryvip.com\/?post_type=product&#038;p=11268"},"modified":"2025-12-02T11:33:37","modified_gmt":"2025-12-02T11:33:37","slug":"rent-a-boat-compass-160e-without-license","status":"publish","type":"product","link":"https:\/\/canaryvip.com\/sk\/shop\/rent-a-boat-compass-160e-without-license\/","title":{"rendered":"Pren\u00e1jom lod\u00ed Compass 160e bez licencie"},"content":{"rendered":"<h2>Pren\u00e1jom Compass 160e bez licencie na CanaryVIP<\/h2>\n<p><strong>Ria\u010fte svoj vlastn\u00fd kurz s CanaryVIP:<\/strong> Prevezmite kontrolu nad vlastn\u00fdm vodn\u00fdm dobrodru\u017estvom s Compass 160e, obratn\u00fdm motorov\u00fdm \u010dlnom ide\u00e1lnym pre t\u00fdch, ktor\u00ed si chc\u00fa prenaja\u0165 lo\u010f na Tenerife a u\u017ei\u0165 si slobodu samostatnej navig\u00e1cie.<\/p>\n<p>Tento \u010dln, ktor\u00fd je \u010derstvo k dispoz\u00edcii v roku 2023 a m\u00e1 kompaktn\u00fa d\u013a\u017eku 5 m, je ide\u00e1lny pre ka\u017ed\u00e9ho, kto t\u00fa\u017ei presk\u00fama\u0165 pobre\u017en\u00e9 kr\u00e1sy Tenerife prostredn\u00edctvom na\u0161ej slu\u017eby pren\u00e1jmu \u010dlna na Tenerife s vlastn\u00fdm pohonom.<\/p>\n<p>Odchod z ikonick\u00e9ho <a href=\"https:\/\/maps.app.goo.gl\/F7XZ1rpbWXBTYFND9\" target=\"_blank\" rel=\"noopener\">Los Gigantes<\/a>, kde <strong>Compass 160e<\/strong> pon\u00faka jedine\u010dn\u00fa pr\u00edle\u017eitos\u0165 objavi\u0165 od\u013eahl\u00e9 miesta, opa\u013eova\u0165 sa alebo si vychutna\u0165 piknik na vode obklopenej kri\u0161t\u00e1\u013eovo \u010dist\u00fdmi vlnami Atlantiku.<\/p>\n<p><strong>Remeslo pohodlia a spo\u013eahlivosti:<\/strong>\u00a0Compass 160e je skon\u0161truovan\u00fd pre \u013eahk\u00fa plavbu, vybaven\u00fd 15-hp motorom, ktor\u00fd zabezpe\u010duje hladk\u00fa plavbu. T\u00e1to lo\u010f pojme a\u017e 6 cestuj\u00facich a je ide\u00e1lna pre t\u00fdch, ktor\u00ed si chc\u00fa prenaja\u0165 lo\u010f na Tenerife na poldenn\u00fd pren\u00e1jom alebo celodenn\u00e9 dobrodru\u017estvo.<\/p>\n<h3>\ud83d\udea4 Compass 160e Tenerife: Va\u0161a cesta, v\u00e1\u0161 pr\u00edkaz<\/h3>\n<ul>\n<li><strong>Kompaktn\u00fd dizajn:<\/strong> Pilotujte \u00faplne nov\u00fd model Compass 160e z roku 2023, ktor\u00fd je presl\u00e1ven\u00fd svoj\u00edm elegantn\u00fdm vzh\u013eadom a pohodlnou navig\u00e1ciou.<\/li>\n<li><strong>Ohromuj\u00faca scen\u00e9ria:<\/strong> Plavi\u0165 sa m\u00f4\u017eete v bl\u00edzkosti sl\u00e1vnych \u00fatesov Masca a Los Gigantes na Tenerife a vychutn\u00e1va\u0165 si pulzuj\u00faci morsk\u00fd \u017eivot okolo seba.<\/li>\n<li><strong>S\u00fakromn\u00e9 ponory:<\/strong> Zakotvite v skryt\u00fdch z\u00e1tok\u00e1ch, ktor\u00e9 s\u00fa ide\u00e1lne na k\u00fapanie, \u0161norchlovanie alebo opa\u013eovanie.<\/li>\n<li><strong>Ob\u010derstvenie na mori:<\/strong> Sloboda prinies\u0165 si na palubu vlastn\u00e9 jedlo a vychutna\u0165 si ho umoc\u0148uje tento osobn\u00fd z\u00e1\u017eitok z pren\u00e1jmu lode s vlastn\u00fdm pohonom na Tenerife.<\/li>\n<li><strong>Manipul\u00e1cia bez n\u00e1mahy:<\/strong> V\u010faka u\u017e\u00edvate\u013esky pr\u00edvetiv\u00e9mu dizajnu a stabiln\u00fdm plavebn\u00fdm schopnostiam je Compass 160e pr\u00edstupn\u00fd pre ka\u017ed\u00e9ho.<\/li>\n<\/ul>\n<h3>\u2728 K\u013e\u00fa\u010dov\u00e9 inform\u00e1cie o pren\u00e1jme v\u00e1\u0161ho vozidla Compass 160e<\/h3>\n<p><strong>Prisp\u00f4soben\u00e9 va\u0161im preferenci\u00e1m:<\/strong> N\u00e1\u0161 Compass 160e, vhodn\u00fd a\u017e pre 6 os\u00f4b, je ide\u00e1lny pre dvojicu alebo skupinov\u00fd v\u00fdlet a je pripraven\u00fd na ak\u00fako\u013evek udalos\u0165. K dispoz\u00edcii s\u00fa komplexn\u00e9 pokyny na zaistenie bezpe\u010dn\u00e9ho a pr\u00edjemn\u00e9ho z\u00e1\u017eitku na vode.<\/p>\n<p><strong>Univerz\u00e1lna vo\u013eba pre v\u0161etk\u00fdch:<\/strong> Compass 160e bez vodi\u010dsk\u00e9ho preukazu je ide\u00e1lny pre rodiny, priate\u013eov alebo samostatn\u00fdch cestovate\u013eov a umo\u017e\u0148uje v\u00e1m za\u017ei\u0165 kombin\u00e1ciu auton\u00f3mie a malebn\u00e9ho luxusu na pozad\u00ed pobre\u017eia Tenerife.<\/p>\n<h3>\ud83d\udea4 Pr\u00edprava na exkurziu Compass 160e<\/h3>\n<p>Pripravte sa na nezabudnute\u013en\u00fd de\u0148 na mori s potrebn\u00fdmi vecami, ako s\u00fa plavky a opa\u013eovac\u00ed kr\u00e9m. V\u0161etky potrebn\u00e9 naviga\u010dn\u00e9 n\u00e1stroje v\u00e1m poskytneme my, tak\u017ee sa m\u00f4\u017eete s\u00fastredi\u0165 len na rados\u0165 z objavovania.<\/p>\n<p>Nezabudnite si fotoapar\u00e1t, aby ste si mohli zachyti\u0165 \u00fachvatn\u00e9 v\u00fdh\u013eady na pobre\u017eie Tenerife a vodn\u00fd \u017eivot, ktor\u00fd sa pod n\u00edm rozv\u00edja.<\/p>\n<h3>\ud83d\ude99 V\u00fdchodiskov\u00fd bod a parkovisko<\/h3>\n<p><strong>Za\u010dnite na <a href=\"https:\/\/maps.app.goo.gl\/F7XZ1rpbWXBTYFND9\" target=\"_blank\" rel=\"noopener\">Los Gigantes<\/a>:<\/strong> Va\u0161e n\u00e1morn\u00e9 dobrodru\u017estvo sa za\u010d\u00edna na <strong>Puerto de Los Gigantes.<\/strong> Dostatok parkovac\u00edch miest v pr\u00edstave v\u00e1m u\u013eah\u010d\u00ed za\u010diatok d\u0148a. Pr\u00ed\u010fte o nie\u010do sk\u00f4r, aby ste mohli za\u010da\u0165 svoju cestu bez n\u00e1hlenia.<\/p>\n<h3>\ud83d\udea4 Presk\u00famajte tie\u017e: Pren\u00e1jom Saxdor 200 s licenciou<\/h3>\n<p>Pre t\u00fdch, ktor\u00ed h\u013eadaj\u00fa kombin\u00e1ciu luxusu a v\u00fdkonu, zv\u00e1\u017ete na\u0161e <strong><a href=\"https:\/\/canaryvip.com\/sk\/shop\/rent-boat-saxdor-200-with-license\/\">Saxdor 200 s licenciou.<\/a><\/strong> T\u00e1to sofistikovan\u00e1 mo\u017enos\u0165 je ide\u00e1lna pre t\u00fdch, ktor\u00ed chc\u00fa prevzia\u0165 kormidlo a vychutna\u0165 si prvotriedny z\u00e1\u017eitok z plavby s v\u00e4\u010d\u0161\u00edm v\u00fdkonom a \u0161t\u00fdlom.<\/p>\n<p>Plavidlo Saxdor 200, ktor\u00e9 vypl\u00e1va z toho ist\u00e9ho zn\u00e1meho pr\u00edstavu Los Gigantes, pon\u00faka \u0161pi\u010dkov\u00e9 n\u00e1morn\u00e9 dobrodru\u017estvo s motorom s v\u00fdkonom 115 kon\u00ed a kapacitou a\u017e pre 6 host\u00ed. Za\u017eite vzru\u0161enie z prekon\u00e1vania v\u013an a z\u00e1rove\u0148 si vychutnajte luxusn\u00e9 pohodlie a najmodernej\u0161\u00ed dizajn n\u00e1\u0161ho Saxdoru 200.<\/p>\n<h3>\ud83c\udf1f Pr\u00eds\u013eub CanaryVIP pre v\u00e1s<\/h3>\n<p>V spolo\u010dnosti CanaryVIP uprednost\u0148ujeme va\u0161u spokojnos\u0165 pred v\u0161etk\u00fdm ostatn\u00fdm. U\u017eite si prisp\u00f4sobite\u013en\u00e9 z\u00e1sady zru\u0161enia, ktor\u00e9 pon\u00fakaj\u00fa istotu pri rezerv\u00e1cii <strong>Pren\u00e1jom vozidla Compass 160e.<\/strong> Sna\u017e\u00edme sa poskytova\u0165 vynikaj\u00face slu\u017eby s d\u00f4razom na bezpe\u010dnos\u0165 a t\u00fa\u017ebou umocni\u0165 va\u0161e z\u00e1\u017eitky z majest\u00e1tnych v\u00f4d Tenerife.<\/p>\n<p>Vydajte sa na dobrodru\u017en\u00fa plavbu s <strong>Compass 160e bez licencie,<\/strong>\u00a0plavba po n\u00e1dhern\u00fdch moriach Tenerife a objavovanie skryt\u00fdch klenotov pozd\u013a\u017e pobre\u017eia <strong>Los Gigantes.<\/strong><\/p>\n<p>Rezervujte si e\u0161te dnes exkluz\u00edvne n\u00e1morn\u00e9 dobrodru\u017estvo, ktor\u00e9 sp\u00e1ja nez\u00e1vislos\u0165, pohodlie a nedotknut\u00fa kr\u00e1su Kan\u00e1rskych ostrovov. Rezervujte si teraz a vytvorte si nezabudnute\u013en\u00e9 spomienky na mori!<\/p>","protected":false},"excerpt":{"rendered":"<p><strong>\ud83d\udd0d Pren\u00e1jom lod\u00ed Najd\u00f4le\u017eitej\u0161ie inform\u00e1cie:<\/strong><br \/>\n\u2705 Bezpe\u010dn\u00e1 platba.<br \/>\n\ud83e\udeaa Bez lodn\u00e9ho preukazu.<br \/>\n\ud83d\udee5\ufe0f 5 m dlh\u00fd \u010dln.<br \/>\n\u23f3 Denn\u00fd pren\u00e1jom 2-8 hod\u00edn.<br \/>\n\ud83d\udd59 Prisp\u00f4sobite\u013en\u00e9 \u010dasy odchodu.<br \/>\n\ud83d\udc65 Maxim\u00e1lne 6 host\u00ed.<br \/>\n\ud83e\udd3f Vybavenie na \u0161norchlovanie je k dispoz\u00edcii.<br \/>\n\ud83e\udd11 Garancia najlep\u0161ej ceny.<br \/>\n\ud83d\udc6a Z\u013eavy aktivovan\u00e9.<br \/>\n\ud83d\udd01 Storno do 4 dn\u00ed.<br \/>\n\ud83c\udf0d Podpora viacer\u00fdch jazykov.<br \/>\n\ud83c\udf1f Rezervujte si v\u010das a u\u0161etrite!<br \/>\n\ud83d\udccd Odchod z\u00a0<a href=\"https:\/\/maps.app.goo.gl\/F7XZ1rpbWXBTYFND9\">Los Gigantes<\/a>.<\/p>","protected":false},"featured_media":11269,"comment_status":"open","ping_status":"closed","template":"","meta":{"_acf_changed":false},"product_brand":[],"product_cat":[130],"product_tag":[],"class_list":{"0":"post-11268","1":"product","2":"type-product","3":"status-publish","4":"has-post-thumbnail","6":"product_cat-self-drive-boat-hire","7":"wcpa_has_options","9":"first","10":"instock","11":"virtual","12":"purchasable","13":"product-type-simple"},"acf":[],"wcpa_form_fields":{"wcpaData":{"product":{"product_price":220,"price_html":"From&nbsp;<span class=\"woocommerce-Price-amount amount\"><bdi>220,00&nbsp;<span class=\"woocommerce-Price-currencySymbol\">&euro;<\/span><\/bdi><\/span>","original_product_price":220,"price_including_tax":220,"price_excluding_tax":220,"product_id":{"parent":11268,"variation":false},"is_variable":false,"stock_status":"instock","stock_quantity":null,"parent_sku":"CV11268","product_attributes":[],"custom_fields":[],"is_taxable":false,"product_name":"Rent Boat Compass 160e Without License","hasImage":false},"fields":{"sec_7692ecea7b7938":{"extra":{"key":"sec_7692ecea7b7938","section_id":"sec_7692ecea7b7938","name":"Default","status":1,"cl_rule":"show","enableCl":false,"relations":[],"toggle":true,"title_tag":"h3","show_title":false,"showPrice":"default","form_id":16318,"form_rules":{"exclude_from_discount":true,"fee_label":"Fee","disp_hide_options_price":true,"disp_show_section_price":false,"disp_show_field_price":true,"layout_option":"standard","pric_use_as_fee":false,"process_fee_as":"woo_fee"},"layout_option":"standard"},"fields":[[{"label":"\ud83d\udcc5 Date","active":true,"required":true,"elementId":"date_9692ecea7b7958","picker_type":"custom","picker_mode":"single","placeholder":"","description":"","tooltip":"","name":"date_9692ecea7b7958","label_position":"default","desc_position":"default","enablePrice":false,"className":"","enableCl":false,"relations":[{"operator":"and","rules":[{"operator":"AND","rules":{"cl_field":"radio-group_565c78ffa81208","cl_relation":"is","cl_val":"3 Hour Trip"}}]}],"date_pic_inline":true,"date_pic_inline_hide":true,"min_date":{"type":"days","val":"0"},"max_date":{"type":"days","val":"365"},"date_pic_conf":{"disabledWeeks":[],"disabledDates":[]},"price":"","cl_rule":"show","col":6,"type":"date","error":false,"enableDesign":false,"LabelColor":"","isWeightTemplate":false,"isTemplate":false,"min_quantity":"1","quantity_decimal":false,"quantity_step":"1","quantity_label":"Quantity","repeater_field_label":"{field_label}","repeater_bind":"","gt_translate_keys":["label","placeholder","description","tooltip","repeater_field_label","quantity_label"],"price_dependency":false,"cl_dependency":false,"value":""}],[{"active":true,"col":6,"relations":false,"cl_rule":"show","enableCl":false,"price":"","enablePrice":true,"className":"","label_position":"default","desc_position":"default","type":"select","required":true,"elementId":"select_10692ecea7b7973","label":"\u23f3 Trip Duration","name":"select_10692ecea7b7973","values":[{"label":"2 Hours (220\u20ac)","value":"2","selected":false,"tempId":"aco_85","price":"220","gt_translate_keys":["label"]},{"label":"3 Hours (250\u20ac)","value":"3","selected":false,"tempId":"aco_556","price":"250","gt_translate_keys":["label"]},{"label":"4 Hours (310\u20ac)","value":"4","selected":false,"tempId":"aco_605","price":"310","gt_translate_keys":["label"]},{"label":"5 Hours (370\u20ac)","value":"5","selected":false,"tempId":"aco_724","price":"370","gt_translate_keys":["label"]},{"label":"6 Hours (430\u20ac)","value":"6","selected":false,"tempId":"aco_401","price":"430","gt_translate_keys":["label"]}],"dropdown_type":"basic","error":false,"placeholder":"Select Trip Duration","priceOptions":"different_for_all","pricingType":"fixed","is_show_price":false,"isWeightTemplate":false,"isTemplate":false,"min_quantity":"1","quantity_decimal":false,"quantity_step":"1","quantity_label":"Quantity","repeater_field_label":"{field_label}","repeater_bind":"","gt_translate_keys":["label","placeholder","repeater_field_label","quantity_label"],"price_dependency":false,"cl_dependency":false,"value":""}],[{"active":true,"col":6,"relations":[{"operator":false,"rules":[{"operator":"AND","rules":{"cl_field":"radio-group_565c78ffa81208","cl_relation":"is","cl_val":"3 Hour Trip"}}]}],"cl_rule":"show","enableCl":false,"price":"","enablePrice":false,"className":"","label_position":"default","desc_position":"default","type":"select","required":false,"elementId":"select_4692ecea7b79b3","label":"\u23f0 Departure Time","name":"select_4692ecea7b79b3","values":[{"label":"10:00","value":"10:00","selected":false,"tempId":"aco_1472","gt_translate_keys":["label"]},{"label":"13:00","value":"13:00","selected":false,"tempId":"aco_1500","gt_translate_keys":["label"]},{"label":"14:00","value":"14:00","selected":false,"tempId":"aco_1510","gt_translate_keys":["label"]},{"label":"15:00","value":"15:00","selected":false,"tempId":"aco_1520","gt_translate_keys":["label"]}],"dropdown_type":"basic","error":false,"placeholder":"Whichever Time is Best","isWeightTemplate":false,"isTemplate":false,"min_quantity":"1","quantity_decimal":false,"quantity_step":"1","quantity_label":"Quantity","repeater_field_label":"{field_label}","repeater_bind":"","gt_translate_keys":["label","placeholder","repeater_field_label","quantity_label"],"price_dependency":false,"cl_dependency":false,"value":""}],[{"elementId":"separator_3692ecea7b79bd","separatorType":"blank","className":"","height":"1","enableCl":false,"relations":false,"cl_rule":"show","col":6,"type":"separator","gt_translate_keys":[],"price_dependency":false,"cl_dependency":false,"value":""}],[{"label":"\u2705 Number of People","active":true,"required":true,"elementId":"select_8692ecea7b79c7","dropdown_type":"basic","placeholder":"Select Number of People","name":"select_8692ecea7b79c7","label_position":"default","desc_position":"default","enablePrice":false,"className":"","enableCl":false,"relations":[{"operator":false,"rules":[{"operator":"AND","rules":{"cl_field":"radio-group_565c78ffa81208","cl_relation":"is","cl_val":"3 Hour Trip"}}]}],"values":[{"label":"1 person","value":"1","selected":false,"tempId":"aco_1471","gt_translate_keys":["label"]},{"label":"2 people","value":"2","selected":false,"tempId":"aco_1472","gt_translate_keys":["label"]},{"label":"3 people","value":"3","selected":false,"tempId":"aco_1500","gt_translate_keys":["label"]},{"label":"4 people","value":"4","selected":false,"tempId":"aco_1510","gt_translate_keys":["label"]},{"label":"5 people","value":"5","selected":false,"tempId":"aco_1520","gt_translate_keys":["label"]},{"label":"6 people","value":"6","selected":false,"tempId":"aco_2006","gt_translate_keys":["label"]}],"price":"","cl_rule":"show","col":6,"type":"select","error":false,"isWeightTemplate":false,"isTemplate":false,"min_quantity":"1","quantity_decimal":false,"quantity_step":"1","quantity_label":"Quantity","repeater_field_label":"{field_label}","repeater_bind":"","gt_translate_keys":["label","placeholder","repeater_field_label","quantity_label"],"price_dependency":false,"cl_dependency":false,"value":""}]]}},"config":{"price_override":"always","enable_recaptcha":false,"bind_quantity":false,"quantity_bind_formula":false,"disp_summ_show_option_price":true,"disp_summ_show_product_price":false,"disp_summ_show_total_price":true,"disp_summ_show_fee":true,"disp_summ_show_discount":true,"summary_title":"","options_total_label":"Options Price","total_label":"Total Amount","options_product_label":"Product Price","fee_label":"Fee","discount_label":"Discount","has_price":true,"has_quantity_formula":false},"mc_unit":1,"tax_rate":1,"tax_rate_real":1,"discount":{"percentage":0,"fixed":0},"design":{"conf":{"LabelPosition":"above","DescPosition":"above","UploadField":"custom_1","QuantityFieldStyle":"custom_1"},"css":{"LeftLabelWidth":"120px"}},"formulas":{"fmla_1708364241278155361":"(({field.select_10692ecea7b7973.value}>=6)?(130):(({field.select_10692ecea7b7973.value}>=5)?(110):(({field.select_10692ecea7b7973.value}>=4)?(90):(({field.select_10692ecea7b7973.value}>=3)?(70):(({field.select_10692ecea7b7973.value}>=2)?(60):(0))))))","fmla_172299064258378161":"(({field.select_10692ecea7b7973.value}>=6)?(330):(({field.select_10692ecea7b7973.value}>=5)?(280):(({field.select_10692ecea7b7973.value}>=4)?(230):(({field.select_10692ecea7b7973.value}>=3)?(180):(({field.select_10692ecea7b7973.value}>=2)?(120):(0))))))"},"lookuptables":[],"clones":false,"cartKey":false}},"_links":{"self":[{"href":"https:\/\/canaryvip.com\/sk\/wp-json\/wp\/v2\/product\/11268","targetHints":{"allow":["GET"]}}],"collection":[{"href":"https:\/\/canaryvip.com\/sk\/wp-json\/wp\/v2\/product"}],"about":[{"href":"https:\/\/canaryvip.com\/sk\/wp-json\/wp\/v2\/types\/product"}],"replies":[{"embeddable":true,"href":"https:\/\/canaryvip.com\/sk\/wp-json\/wp\/v2\/comments?post=11268"}],"wp:featuredmedia":[{"embeddable":true,"href":"https:\/\/canaryvip.com\/sk\/wp-json\/wp\/v2\/media\/11269"}],"wp:attachment":[{"href":"https:\/\/canaryvip.com\/sk\/wp-json\/wp\/v2\/media?parent=11268"}],"wp:term":[{"taxonomy":"product_brand","embeddable":true,"href":"https:\/\/canaryvip.com\/sk\/wp-json\/wp\/v2\/product_brand?post=11268"},{"taxonomy":"product_cat","embeddable":true,"href":"https:\/\/canaryvip.com\/sk\/wp-json\/wp\/v2\/product_cat?post=11268"},{"taxonomy":"product_tag","embeddable":true,"href":"https:\/\/canaryvip.com\/sk\/wp-json\/wp\/v2\/product_tag?post=11268"}],"curies":[{"name":"wp","href":"https:\/\/api.w.org\/{rel}","templated":true}]}}