{"id":11261,"date":"2024-04-14T23:07:38","date_gmt":"2024-04-14T22:07:38","guid":{"rendered":"https:\/\/canaryvip.com\/?post_type=product&#038;p=11261"},"modified":"2025-06-29T14:59:11","modified_gmt":"2025-06-29T13:59:11","slug":"gladiux-show-tenerife","status":"publish","type":"product","link":"https:\/\/canaryvip.com\/sk\/shop\/gladiux-show-tenerife\/","title":{"rendered":"Gladiux Show Tenerife"},"content":{"rendered":"<h2>\ud83d\udee1\ufe0f Za\u017eite vzru\u0161enie zo starovek\u00e9ho R\u00edma: Gladiux Show Tenerife<\/h2>\n<p>Vydajte sa na vzru\u0161uj\u00facu cestu do starovek\u00e9ho R\u00edma s na\u0161ou Gladiux Show v majest\u00e1tnom <strong>Gladiux Xanadu na Tenerife.<\/strong> Toto predstavenie je ide\u00e1lne pre milovn\u00edkov hist\u00f3rie a t\u00fdch, ktor\u00ed h\u013eadaj\u00fa jedine\u010dn\u00fa z\u00e1bavu, preto\u017ee sp\u00e1ja vzru\u0161enie gladi\u00e1torsk\u00fdch bitiek s eleganciou stredovekej hudby a tanca.<\/p>\n<h3>\ud83c\udfdf\ufe0f Noc r\u00edmskej udatnosti: Itiner\u00e1r a najd\u00f4le\u017eitej\u0161ie udalosti<\/h3>\n<ul>\n<li><strong>Harmonogram:<\/strong> Pridajte sa k n\u00e1m v stredu o 21:00 na adrenal\u00ednov\u00fa \u0161ou alebo v sobotu o 19:30 na na\u0161u najob\u013e\u00fabenej\u0161iu oslavu vr\u00e1tane bohatej grilovanej ve\u010dere.<\/li>\n<li><strong>Umiestnenie:<\/strong> Gladiux Xanadu sa nach\u00e1dza len 20 min\u00fat od Costa Adeje a pon\u00faka malebn\u00e9 prostredie, ktor\u00e9 v\u00e1s prenesie priamo do \u010dias gladi\u00e1torov a r\u00edmskych vozov.<\/li>\n<li><strong>Kuchy\u0148a:<\/strong> V sobotu si m\u00f4\u017eete vychutna\u0165 zmie\u0161an\u00fa grilovan\u00fa ve\u010deru alebo si v stredu vybra\u0165 ve\u010deru \u00e0 la carte. Jedlo m\u00f4\u017eete doplni\u0165 v\u00fdberom sangrie, v\u00edna a nealkoholick\u00fdch n\u00e1pojov.<\/li>\n<\/ul>\n<h3>\ud83c\udf9f\ufe0f Prisp\u00f4sobte si svoj gladi\u00e1torsk\u00fd z\u00e1\u017eitok<\/h3>\n<ul>\n<li><strong>Vstupenky:<\/strong> Ponorte sa do vzru\u0161uj\u00facej atmosf\u00e9ry Gladiux Xanadu s na\u0161imi flexibiln\u00fdmi mo\u017enos\u0165ami vstupeniek, ktor\u00e9 s\u00fa navrhnut\u00e9 tak, aby vyhovovali r\u00f4znym preferenci\u00e1m a ve\u013ekosti skup\u00edn.<\/li>\n<li><strong>Skupinov\u00e9 rezerv\u00e1cie:<\/strong> Ide\u00e1lne na firemn\u00e9 podujatia, s\u00fakromn\u00e9 oslavy, narodeniny a in\u00e9. Prisp\u00f4sobte si podujatie tematick\u00fdmi gladi\u00e1torsk\u00fdmi kost\u00fdmami, p\u00fatav\u00fdmi vyst\u00fapeniami a z\u00e1bavn\u00fdmi bal\u00ed\u010dkami na mieru. Nav\u0161t\u00edvte str\u00e1nku CanaryVIP <a href=\"https:\/\/canaryvip.com\/sk\/contact\/\">kontaktn\u00e1 str\u00e1nka<\/a> z\u00edska\u0165 podrobn\u00e9 inform\u00e1cie a napl\u00e1nova\u0165 si nezabudnute\u013en\u00fd z\u00e1\u017eitok pod\u013ea va\u0161ich \u0161pecifick\u00fdch potrieb.<\/li>\n<\/ul>\n<h3>\ud83d\udde1\ufe0f Ponorte sa do ar\u00e9ny<\/h3>\n<ul>\n<li><strong>Bitky:<\/strong> Sta\u0148te sa svedkami vzru\u0161uj\u00facich gladi\u00e1torsk\u00fdch z\u00e1pasov, ktor\u00e9 predv\u00e1dzaj\u00fa sk\u00fasen\u00ed jazdci na ko\u0148och a ktor\u00e9 maj\u00fa uk\u00e1za\u0165 ve\u013ekolepos\u0165 r\u00edmskych bojov bez toho, aby bola ohrozen\u00e1 bezpe\u010dnos\u0165.<\/li>\n<li><strong>Interakt\u00edvna z\u00e1bava:<\/strong> Poc\u00ed\u0165te pulz starovek\u00e9ho R\u00edma, ke\u010f budete podporova\u0165 svojho ob\u013e\u00faben\u00e9ho gladi\u00e1tora uprostred stretu ocele a povzbudzovania.<\/li>\n<\/ul>\n<h3>\ud83c\udf89 Hos\u0165ovanie podujat\u00ed v Gladiux Xanadu<\/h3>\n<ul>\n<li><strong>S\u00fakromn\u00e9 podujatia:<\/strong> Gladiux Xanadu je nielen ve\u013ekolep\u00fdm miestom konania predstaven\u00ed, ale je k dispoz\u00edcii aj na s\u00fakromn\u00e9 rezerv\u00e1cie. Ide\u00e1lne na tematick\u00e9 ve\u010dierky s gladi\u00e1torsk\u00fdmi kost\u00fdmami a predstaveniami prisp\u00f4soben\u00fdmi va\u0161im potreb\u00e1m.<\/li>\n<\/ul>\n<h3>\ud83c\udf56 Hodujte ako Riman<\/h3>\n<p><strong>Mo\u017enosti ponuky:<\/strong> V sobotu ve\u010der si m\u00f4\u017eete dopria\u0165 \u0161peci\u00e1lnu grilovan\u00fa zmes alebo si vybra\u0165 z vegetari\u00e1nskych a bezlepkov\u00fdch jed\u00e1l. Vychutnajte si tradi\u010dn\u00e9 r\u00edmske jedl\u00e1 v kombin\u00e1cii s miestnymi poch\u00fa\u0165kami.<\/p>\n<p><strong>VE\u010cERA:<\/strong><\/p>\n<ul>\n<li><strong>Vitajte:<\/strong> Poh\u00e1r Cava<\/li>\n<li><strong>\u0160tart\u00e9r:<\/strong> Chlieb a maslo<\/li>\n<li><strong>\u0160pecialita:<\/strong>\n<ul>\n<li><strong>Prv\u00fd chod:<\/strong> Zeleninov\u00e1 polievka<\/li>\n<li><strong>Druh\u00fd chod:<\/strong> Grilovanie m\u00e4sa: Kuracie m\u00e4so, brav\u010dov\u00e1 kotleta a grilovan\u00e9 chorizo, \u0161al\u00e1t z paradajok a syra, hranolky, Xanad\u00fa Canarian mojo<\/li>\n<\/ul>\n<\/li>\n<li><strong>Dezert:<\/strong> Typick\u00fd kan\u00e1rsky kr\u00e9m a smotana<\/li>\n<li><strong>N\u00e1poje:<\/strong> V\u00edno, sangria, ob\u010derstvenie, pivo a voda<\/li>\n<\/ul>\n<p><strong>Volite\u013en\u00e9:<\/strong> Vegetari\u00e1nske \/ bezlepkov\u00e9 menu<\/p>\n<h3>\u2696\ufe0f Z\u00e1sady rezerv\u00e1cie a zru\u0161enia rezerv\u00e1cie<\/h3>\n<ul>\n<li><strong>Predbe\u017en\u00e1 rezerv\u00e1cia:<\/strong> Zabezpe\u010dte si miesta v\u010das prostredn\u00edctvom <strong>CanaryVIP<\/strong> aby ste si mohli vychutna\u0165 v\u00fdhodn\u00e9 ceny a zabezpe\u010di\u0165 hladko napl\u00e1novan\u00fa n\u00e1v\u0161tevu.<\/li>\n<li><strong>Flexibiln\u00e9 zru\u0161enie:<\/strong> V pr\u00edpade individu\u00e1lnych rezerv\u00e1ci\u00ed pon\u00fakame bezplatn\u00e9 zru\u0161enie do 24 hod\u00edn pred rezervovan\u00fdm seden\u00edm a v pr\u00edpade skup\u00edn mo\u017enos\u0165 pred\u013a\u017een\u00e9ho zru\u0161enia. Pozrite si podrobn\u00e9 pravidl\u00e1 pre skupinov\u00e9 zru\u0161enie rezerv\u00e1cie na na\u0161ej webovej str\u00e1nke.<\/li>\n<\/ul>\n<h3>\ud83d\ude97 Napl\u00e1nujte si n\u00e1v\u0161tevu<\/h3>\n<ul>\n<li><strong>Pr\u00edstup k lokalite:<\/strong> K hotelu Gladiux Xanadu sa \u013eahko dostanete z ju\u017enej \u010dasti ostrova Tenerife bezplatn\u00fdm parkoviskom priamo na mieste alebo volite\u013enou kyvadlovou dopravou za symbolick\u00fd poplatok.<\/li>\n<li><strong>Noci podujat\u00ed:<\/strong> Predstavenia Gladiux sa konaj\u00fa ka\u017ed\u00fa stredu a sobotu, v ostatn\u00fdch d\u0148och sa m\u00f4\u017eete v are\u00e1li pr\u00edle\u017eitostne najes\u0165 alebo si zajazdi\u0165 na koni.<\/li>\n<\/ul>\n<h3>\ud83c\udf1f Vst\u00fapte do ar\u00e9ny hist\u00f3rie<\/h3>\n<p>Nenechajte si ujs\u0165 t\u00fato jedine\u010dn\u00fa pr\u00edle\u017eitos\u0165 za\u017ei\u0165 noc pln\u00fa historickej dr\u00e1my a r\u00edmskeho predstavenia na Gladiux Show Tenerife.<\/p>\n<p>Rezervujte si svoje miesto e\u0161te dnes a nechajte sa obohati\u0165 ve\u013ekolepos\u0165ou starovek\u00fdch gladi\u00e1torov a stredovek\u00fdch sl\u00e1vnost\u00ed. Rezervujte si teraz a zabezpe\u010dte si nezabudnute\u013en\u00fd ve\u010der pln\u00fd hist\u00f3rie, pod\u00edvanej a kulin\u00e1rskych z\u00e1\u017eitkov! \ud83c\udff0\ud83c\udf57<\/p>","protected":false},"excerpt":{"rendered":"<p>\ud83d\udd0d <strong>Gladiux Uk\u00e1\u017ete najd\u00f4le\u017eitej\u0161ie momenty:<\/strong><br \/>\n\u2705 Bezpe\u010dn\u00e1 platba.<br \/>\n\ud83d\udd25 Nap\u00ednav\u00e9 gladi\u00e1torsk\u00e9 bitky.<br \/>\n\ud83d\udcc5 Stredy a soboty.<br \/>\n\u23f0 Zobrazi\u0165: 19:30 - 21:00.<br \/>\n\ud83c\udf56 Grilovan\u00e1 ve\u010dera v cene.<br \/>\n\ud83c\udf77 Sangria, v\u00edno a nealkoholick\u00e9 n\u00e1poje.<br \/>\n\ud83c\udf0d V\u00fdstavy v angli\u010dtine.<br \/>\n\ud83d\ude97 Bezplatn\u00e9 parkovanie a volite\u013en\u00e1 kyvadlov\u00e1 doprava.<br \/>\n\ud83e\udd11 Garancia najlep\u0161ej ceny.<br \/>\n\ud83d\udc65 K dispoz\u00edcii s\u00fa skupinov\u00e9 z\u013eavy.<br \/>\n\ud83d\udd04 Bezplatn\u00e9 zru\u0161enie rezerv\u00e1cie do 24 hod\u00edn.<br \/>\n\ud83c\udf1f Rezervujte si v\u010das, ob\u013e\u00faben\u00e1 akcia!<br \/>\n\ud83c\udfdb\ufe0f Miesto konania na <a href=\"https:\/\/maps.app.goo.gl\/R9fiHWAcP4tLy9Mu9\">Xanadu<\/a>, Tenerife.<\/p>","protected":false},"featured_media":11279,"comment_status":"open","ping_status":"closed","template":"","meta":{"_acf_changed":false},"product_brand":[],"product_cat":[59],"product_tag":[],"class_list":{"0":"post-11261","1":"product","2":"type-product","3":"status-publish","4":"has-post-thumbnail","6":"product_cat-evening-shows","7":"wcpa_has_options","9":"first","10":"instock","11":"virtual","12":"purchasable","13":"product-type-simple"},"acf":[],"wcpa_form_fields":{"wcpaData":{"product":{"product_price":35,"price_html":"From&nbsp;<span class=\"woocommerce-Price-amount amount\"><bdi>35,00&nbsp;<span class=\"woocommerce-Price-currencySymbol\">&euro;<\/span><\/bdi><\/span>","original_product_price":35,"price_including_tax":35,"price_excluding_tax":35,"product_id":{"parent":11261,"variation":false},"is_variable":false,"stock_status":"instock","stock_quantity":null,"parent_sku":"CV11261","product_attributes":[],"custom_fields":[],"is_taxable":false,"product_name":"Gladiux Show Tenerife","hasImage":false},"fields":{"sec_h102qb2r1b7":{"extra":{"key":"sec_h102qb2r1b7","section_id":"sec_h102qb2r1b7","name":"Calendar","status":1,"cl_rule":"show","enableCl":false,"relations":[],"toggle":true,"title_tag":"h4","show_title":false,"showPrice":"default","form_id":11474,"form_rules":{"exclude_from_discount":true,"fee_label":"Fee","disp_hide_options_price":true,"disp_show_section_price":false,"disp_show_field_price":true,"layout_option":"standard","pric_use_as_fee":false,"process_fee_as":"woo_fee"},"layout_option":"standard"},"fields":[[{"active":true,"col":6,"relations":false,"cl_rule":"show","enableCl":false,"price":"","enablePrice":false,"className":"","label_position":"default","desc_position":"default","type":"content","required":false,"elementId":"content_8084577962","label":"","name":"content_8084577962","contentType":"rich","value":"<p><strong>Show not available at this moment.<\/strong><\/p>","error":false,"enableDesign":true,"DescColor":"#ff0700","gt_translate_keys":["label","value"],"price_dependency":false,"cl_dependency":false}],[{"label":"\ud83d\udcc5 Date","active":true,"required":true,"elementId":"date_96641647ba4193","picker_type":"custom","picker_mode":"single","placeholder":"","description":"","tooltip":"","name":"date_96641647ba4193","label_position":"default","desc_position":"default","enablePrice":false,"className":"","enableCl":false,"relations":[{"operator":"and","rules":[{"operator":"AND","rules":{"cl_field":"radio-group_96641647ba41a2","cl_relation":"is_not_empty","cl_val":"3 Hour Trip"}}]}],"date_pic_inline":true,"date_pic_inline_hide":true,"min_date":{"type":"days","val":"3"},"max_date":{"type":"days","val":"365"},"date_pic_conf":{"disabledWeeks":[0,1,2,3,4,5,6]},"price":"","cl_rule":"show","col":6,"type":"date","error":false,"enableDesign":false,"LabelColor":"","gt_translate_keys":["label","placeholder","description","tooltip"],"price_dependency":false,"cl_dependency":[false,false],"value":""}]]},"sec_106641647ba41a3":{"extra":{"key":"sec_106641647ba41a3","section_id":"sec_106641647ba41a3","name":"Regular","status":1,"cl_rule":"show","enableCl":true,"relations":[{"operator":false,"rules":[{"operator":"AND","rules":{"cl_field":"date_96641647ba4193","cl_relation":"is_not_empty","cl_val":""}}]}],"toggle":true,"title_tag":"h4","show_title":false,"showPrice":"default","form_id":11474,"form_rules":{"exclude_from_discount":true,"fee_label":"Fee","disp_hide_options_price":true,"disp_show_section_price":false,"disp_show_field_price":true,"layout_option":"standard","pric_use_as_fee":false,"process_fee_as":"woo_fee"},"layout_option":"standard"},"fields":[[{"active":true,"col":6,"relations":false,"cl_rule":"show","enableCl":false,"price":"","enablePrice":false,"className":"","label_position":"default","desc_position":"default","type":"separator","required":false,"elementId":"separator_76641647ba41af","label":"Separator Field","height":"1","separatorType":"blank","error":false,"gt_translate_keys":["label"],"price_dependency":false,"cl_dependency":false,"value":""}],[{"active":true,"col":6,"relations":false,"cl_rule":"show","enableCl":false,"price":"","enablePrice":false,"className":"","label_position":"default","desc_position":"default","type":"content","required":false,"elementId":"content_76641647ba41c3","label":"People","name":"content_76641647ba41c3","contentType":"plain","value":"","error":false,"show_in_checkout":true,"inline":false,"gt_translate_keys":["label","value"],"price_dependency":false,"cl_dependency":false}],[{"active":true,"col":6,"relations":[{"operator":false,"rules":[{"operator":"AND","rules":{"cl_field":"","cl_relation":"","cl_val":""}}]}],"cl_rule":"show","enableCl":true,"price":"45","enablePrice":true,"className":"","label_position":"default","desc_position":"default","type":"radio-group","required":false,"elementId":"radio-group_66641647ba41cd","label":"","name":"radio-group_66641647ba41cd","values":[{"label":"\ud83d\udc64 Adult (45\u20ac)","value":"Adult (45\u20ac)","selected":true,"tempId":"aco_32","tooltip":"+13 Years","description":"","gt_translate_keys":["label","tooltip","description"]}],"layOut":"","error":false,"checkUi":"button","priceOptions":"fixed_for_all","pricingType":"fixed","enable_quantity":true,"quantity_label":"","min_quantity":"0","options_tooltip":true,"options_description":true,"is_show_price":true,"gt_translate_keys":["label","quantity_label"],"price_dependency":["content_3820311617","content-5561342072","content-5624102109"],"cl_dependency":false,"value":""}],[{"label":"","active":true,"required":false,"elementId":"radio-group_46641647ba41d8","name":"radio-group_46641647ba41d8","label_position":"default","desc_position":"default","enablePrice":true,"className":"","enableCl":true,"relations":[{"operator":false,"rules":[{"operator":"AND","rules":{"cl_field":"","cl_relation":"","cl_val":""}}]}],"enable_quantity":true,"quantity_label":"","min_quantity":"0","checkUi":"button","layOut":"","options_tooltip":true,"options_description":true,"values":[{"label":"\ud83d\udc66 Child (22,50\u20ac)","value":"Child (22,50\u20ac)","selected":true,"tempId":"aco_32","tooltip":"4-12 Years","description":"","gt_translate_keys":["label","tooltip","description"]}],"priceOptions":"fixed_for_all","pricingType":"fixed","price":"22.50","cl_rule":"show","col":6,"type":"radio-group","error":false,"is_show_price":true,"gt_translate_keys":["label","quantity_label"],"price_dependency":["content_3820311617","content-5561342072","content-5624102109"],"cl_dependency":false,"value":""}],[{"label":"","active":true,"required":false,"elementId":"radio-group-1941437839","name":"radio-group-1941437839","label_position":"default","desc_position":"default","enablePrice":true,"className":"","enableCl":true,"relations":[{"operator":false,"rules":[{"operator":"AND","rules":{"cl_field":"","cl_relation":"","cl_val":""}}]}],"enable_quantity":true,"quantity_label":"","min_quantity":"0","checkUi":"button","layOut":"","options_tooltip":true,"options_description":true,"values":[{"label":"\ud83d\udc76 Toddle (Free)","value":"Toddle (Free)","selected":true,"tempId":"aco_32","tooltip":"0-3 Years","description":"","gt_translate_keys":["label","tooltip","description"]}],"priceOptions":"fixed_for_all","pricingType":"fixed","price":"0","cl_rule":"show","col":6,"type":"radio-group","error":false,"is_show_price":true,"gt_translate_keys":["label","quantity_label"],"price_dependency":false,"cl_dependency":false,"value":""}],[{"elementId":"separator_96641647ba41b9","separatorType":"fill","className":"","height":"6","enableCl":false,"relations":false,"cl_rule":"show","col":6,"type":"separator","error":false,"separatorColor":"#66a6b6","gt_translate_keys":[],"price_dependency":false,"cl_dependency":false,"value":""}],[{"active":true,"col":6,"relations":false,"cl_rule":"show","enableCl":false,"price":"({field.radio-group_66641647ba41cd.price}*0.3)+({field.radio-group_46641647ba41d8.price}*0.3)","enablePrice":true,"className":"","label_position":"default","desc_position":"default","type":"content","required":false,"elementId":"content_3820311617","label":"Deposit Now","name":"content_3820311617","contentType":"plain","value":"","error":false,"inline":true,"show_in_checkout":true,"subtype":"div","enableDesign":true,"LabelSize":"14px","pricingType":"custom","isTemplate":false,"gt_translate_keys":["label","value"],"price_dependency":false,"cl_dependency":false}],[{"contentType":"plain","active":true,"label":"Payment at Arrival","elementId":"content-5561342072","value":"","inline":true,"show_in_checkout":true,"name":"content-5561342072","enablePrice":true,"className":"","subtype":"div","enableCl":false,"relations":false,"enableDesign":true,"LabelSize":"14px","pricingType":"custom","isTemplate":false,"price":"({field.radio-group_66641647ba41cd.price}*0.7)+({field.radio-group_46641647ba41d8.price}*0.7)","cl_rule":"show","col":6,"type":"content","error":false,"is_show_price":true,"gt_translate_keys":["label","value"],"price_dependency":false,"cl_dependency":false}],[{"contentType":"plain","active":true,"label":"Total Amount","elementId":"content-5624102109","value":"","inline":true,"show_in_checkout":true,"name":"content-5624102109","enablePrice":true,"className":"","subtype":"div","enableCl":false,"relations":false,"enableDesign":true,"LabelSize":"14px","pricingType":"custom","isTemplate":false,"price":"({field.radio-group_66641647ba41cd.price})+({field.radio-group_46641647ba41d8.price})","is_show_price":true,"cl_rule":"show","col":6,"type":"content","error":false,"gt_translate_keys":["label","value"],"price_dependency":false,"cl_dependency":false}]]},"sec_26641647ba4202":{"extra":{"key":"sec_26641647ba4202","section_id":"sec_26641647ba4202","name":"Shuttle Service?","status":1,"cl_rule":"show","enableCl":true,"relations":[{"operator":false,"rules":[{"operator":"AND","rules":{"cl_field":"date_96641647ba4193","cl_relation":"is_not_empty","cl_val":""}}]}],"toggle":true,"title_tag":"h4","show_title":false,"showPrice":"default","form_id":11474,"form_rules":{"exclude_from_discount":true,"fee_label":"Fee","disp_hide_options_price":true,"disp_show_section_price":false,"disp_show_field_price":true,"layout_option":"standard","pric_use_as_fee":false,"process_fee_as":"woo_fee"},"layout_option":"standard"},"fields":[[{"active":true,"col":6,"relations":false,"cl_rule":"show","enableCl":false,"price":"","enablePrice":false,"className":"","label_position":"default","desc_position":"below","type":"checkbox","required":false,"elementId":"checkbox_16641647ba420b","label":"Bus Transfer? (15\u20ac)","name":"checkbox_16641647ba420b","value":"","check_value":"Yes","checkUi":"toggle","error":false,"description":"Pick-up from your hotel in south Tenerife. PAID AT ARRIVAL.","gt_translate_keys":["label","description","value","check_value"],"price_dependency":false,"cl_dependency":["content_106641647ba4214","radio-group_06641647ba421f","radio-group-1726047280","text_16641647ba4231"]}],[{"active":true,"col":6,"relations":false,"cl_rule":"show","enableCl":false,"price":"","enablePrice":false,"className":"","label_position":"default","desc_position":"default","type":"separator","required":false,"elementId":"separator_9863862717","label":"Separator Field","height":"5","separatorType":"blank","error":false,"gt_translate_keys":["label"],"price_dependency":false,"cl_dependency":false,"value":""}],[{"contentType":"plain","active":true,"label":"People for Bus Transfer (Paid at Arrival)","elementId":"content_106641647ba4214","value":"","inline":false,"show_in_checkout":true,"name":"content_106641647ba4214","enablePrice":false,"className":"","enableCl":true,"relations":[{"operator":false,"rules":[{"operator":"AND","rules":{"cl_field":"checkbox_16641647ba420b","cl_relation":"is","cl_val":true}}]}],"price":"","cl_rule":"show","col":6,"type":"content","error":false,"gt_translate_keys":["label","value"],"price_dependency":false,"cl_dependency":false}],[{"label":"","active":true,"required":false,"elementId":"radio-group_06641647ba421f","name":"radio-group_06641647ba421f","label_position":"default","desc_position":"default","enablePrice":true,"className":"","enableCl":true,"relations":[{"operator":false,"rules":[{"operator":"AND","rules":{"cl_field":"checkbox_16641647ba420b","cl_relation":"is","cl_val":true}}]}],"enable_quantity":true,"quantity_label":"","min_quantity":"0","checkUi":"button","layOut":"","options_tooltip":true,"values":[{"label":"\ud83d\udc64 Transport (15\u20ac)","value":"Transport (15\u20ac)","selected":true,"tempId":"aco_32","tooltip":"+4 Years","gt_translate_keys":["label","tooltip"]}],"priceOptions":"fixed_for_all","pricingType":"fixed","price":"15","cl_rule":"show","col":6,"type":"radio-group","error":false,"is_show_price":true,"gt_translate_keys":["label","quantity_label"],"price_dependency":false,"cl_dependency":false,"value":""}],[{"label":"","active":true,"required":false,"elementId":"radio-group-1726047280","name":"radio-group-1726047280","label_position":"default","desc_position":"default","enablePrice":true,"className":"","enableCl":true,"relations":[{"operator":false,"rules":[{"operator":"AND","rules":{"cl_field":"checkbox_16641647ba420b","cl_relation":"is","cl_val":true}}]}],"enable_quantity":true,"quantity_label":"","min_quantity":"0","checkUi":"button","layOut":"","options_tooltip":true,"values":[{"label":"\ud83d\udc76 Toddler Transport (Free)","value":"Toddler Transport (Free)","selected":true,"tempId":"aco_32","tooltip":"0-3 Years","gt_translate_keys":["label","tooltip"]}],"priceOptions":"fixed_for_all","pricingType":"fixed","price":"0","cl_rule":"show","col":6,"type":"radio-group","error":false,"gt_translate_keys":["label","quantity_label"],"price_dependency":false,"cl_dependency":false,"value":""}],[{"active":true,"col":6,"relations":[{"operator":false,"rules":[{"operator":"AND","rules":{"cl_field":"checkbox_16641647ba420b","cl_relation":"is","cl_val":true}}]}],"cl_rule":"show","enableCl":true,"price":"","enablePrice":false,"className":"","label_position":"default","desc_position":"default","type":"text","subtype":"text","required":false,"elementId":"text_16641647ba4231","label":"\ud83d\ude8c Pickup Location","name":"text_16641647ba4231","value":"","error":false,"description":"Pick-up service in Tenerife South. Simply provide your address or hotel name.","gt_translate_keys":["label","description","value"],"price_dependency":false,"cl_dependency":false}]]}},"config":{"price_override":"always","enable_recaptcha":false,"bind_quantity":false,"quantity_bind_formula":false,"disp_summ_show_option_price":false,"disp_summ_show_product_price":false,"disp_summ_show_total_price":false,"disp_summ_show_fee":false,"disp_summ_show_discount":false,"summary_title":"","options_total_label":"Options Price","total_label":"Total Amount","options_product_label":"Product Price","fee_label":"Fee","discount_label":"Discount","has_price":true,"has_quantity_formula":false},"mc_unit":1,"tax_rate":1,"tax_rate_real":1,"discount":{"percentage":0,"fixed":0},"design":{"conf":{"LabelPosition":"above","DescPosition":"above","UploadField":"custom_1","QuantityFieldStyle":"custom_1"},"css":{"LeftLabelWidth":"120px"}},"formulas":[],"lookuptables":[],"clones":false,"cartKey":false}},"_links":{"self":[{"href":"https:\/\/canaryvip.com\/sk\/wp-json\/wp\/v2\/product\/11261","targetHints":{"allow":["GET"]}}],"collection":[{"href":"https:\/\/canaryvip.com\/sk\/wp-json\/wp\/v2\/product"}],"about":[{"href":"https:\/\/canaryvip.com\/sk\/wp-json\/wp\/v2\/types\/product"}],"replies":[{"embeddable":true,"href":"https:\/\/canaryvip.com\/sk\/wp-json\/wp\/v2\/comments?post=11261"}],"wp:featuredmedia":[{"embeddable":true,"href":"https:\/\/canaryvip.com\/sk\/wp-json\/wp\/v2\/media\/11279"}],"wp:attachment":[{"href":"https:\/\/canaryvip.com\/sk\/wp-json\/wp\/v2\/media?parent=11261"}],"wp:term":[{"taxonomy":"product_brand","embeddable":true,"href":"https:\/\/canaryvip.com\/sk\/wp-json\/wp\/v2\/product_brand?post=11261"},{"taxonomy":"product_cat","embeddable":true,"href":"https:\/\/canaryvip.com\/sk\/wp-json\/wp\/v2\/product_cat?post=11261"},{"taxonomy":"product_tag","embeddable":true,"href":"https:\/\/canaryvip.com\/sk\/wp-json\/wp\/v2\/product_tag?post=11261"}],"curies":[{"name":"wp","href":"https:\/\/api.w.org\/{rel}","templated":true}]}}