{"id":11181,"date":"2024-04-11T19:47:34","date_gmt":"2024-04-11T18:47:34","guid":{"rendered":"https:\/\/canaryvip.com\/?post_type=product&#038;p=11181"},"modified":"2026-03-06T15:02:30","modified_gmt":"2026-03-06T15:02:30","slug":"la-gomera-jeep-safari-from-tenerife","status":"publish","type":"product","link":"https:\/\/canaryvip.com\/sk\/shop\/la-gomera-jeep-safari-from-tenerife\/","title":{"rendered":"Safari d\u017e\u00edpom z Tenerife na ostrove La Gomera"},"content":{"rendered":"<h2>Vydajte sa na <strong>La Gomera Jeep Safari Tour z Tenerife<\/strong><\/h2>\n<p>Pridajte sa k n\u00e1m na vzru\u0161uj\u00facej <strong>Safari d\u017e\u00edpom na ostrov La Gomera,<\/strong> jedine\u010dn\u00fd klenot medzi Kan\u00e1rskymi ostrovmi. Za\u017eite int\u00edmne prostredie v na\u0161ich mal\u00fdch skupin\u00e1ch, ktor\u00e9 s\u00fa ide\u00e1lne pre rodiny alebo priate\u013eov a m\u00f4\u017eu poja\u0165 a\u017e 8 cestuj\u00facich v jednom d\u017e\u00edpe.<\/p>\n<p>Ponorte sa do \u010darovn\u00e9ho sveta na ceste cez Atlantik z Tenerife na pobre\u017eie San Sebasti\u00e1n de La Gomera. Na\u0161e pohodln\u00e9 trajekty v\u00e1s bez probl\u00e9mov prepravia a pripravia na dobrodru\u017estvo, ktor\u00e9 sp\u00e1ja pr\u00edrodn\u00e9 kr\u00e1sy s kult\u00farnym dedi\u010dstvom.<\/p>\n<p><strong>\u26a0\ufe0f <span style=\"text-decoration: underline;\">D\u00d4LE\u017dIT\u00c9 UPOZORNENIE:<\/span><\/strong> V de\u0148 prehliadky nezabudnite ma\u0165 pri sebe platn\u00fd cestovn\u00fd pas. Bez platn\u00e9ho pasu nebudete m\u00f4c\u0165 nast\u00fapi\u0165 na trajekt na ostrov La Gomera a peniaze v\u00e1m nebud\u00fa vr\u00e1ten\u00e9. Nezabudnite si pripravi\u0165 pas, aby ste si mohli vychutna\u0165 nezabudnute\u013en\u00fa cestu pln\u00fa pr\u00edrodn\u00fdch kr\u00e1s La Gomery.<\/p>\n<h3><strong>Najd\u00f4le\u017eitej\u0161ie inform\u00e1cie o La Gomera Tour:<\/strong><\/h3>\n<ul>\n<li>\ud83c\udf3f <strong>N\u00e1rodn\u00fd park Garajonay:<\/strong> Presk\u00famajte starobyl\u00e9 vavr\u00ednov\u00e9 lesy a svie\u017eu zele\u0148 tejto lokality zap\u00edsanej na zozname svetov\u00e9ho dedi\u010dstva UNESCO. Je to raj pre milovn\u00edkov pr\u00edrody a divadlo biodiverzity.<\/li>\n<li>\ud83c\udfde\ufe0f <strong>Hermigua:<\/strong> Zn\u00e1my je svojimi zelen\u00fdmi palmov\u00fdmi h\u00e1jmi a v\u00fdrobou kan\u00e1rskej \u0161\u0165avy guarapo. Zistite, pre\u010do je Hermigua presl\u00e1ven\u00e1 vysokou kvalitou \u017eivota a malebnos\u0165ou.<\/li>\n<li>\ud83c\udf74 <strong>Autentick\u00e1 miestna kuchy\u0148a:<\/strong> Doprajte si tradi\u010dn\u00e9 jedl\u00e1 Kan\u00e1rskych ostrovov v miestnej re\u0161taur\u00e1cii, kde si m\u00f4\u017eete vychutna\u0165 chute, ktor\u00e9 robia kuchy\u0148u La Gomery nezabudnute\u013enou.<\/li>\n<li>\ud83c\udf0a <strong>San Sebasti\u00e1n de La Gomera:<\/strong> Prech\u00e1dzajte sa farebn\u00fdmi uli\u010dkami hlavn\u00e9ho mesta ostrova, obdivujte jeho architektonick\u00e9 kr\u00e1sy a u\u017eite si vo\u013en\u00fd \u010das na vlastn\u00e9 presk\u00famanie.<\/li>\n<li>\ud83c\udf04 <strong>Agulo:<\/strong> Prejdite na d\u017e\u00edpe touto o\u010daruj\u00facou dedinkou, ktor\u00e1 je zn\u00e1ma svojimi \u00fazkymi dl\u00e1\u017eden\u00fdmi uli\u010dkami a \u00fachvatn\u00fdm v\u00fdh\u013eadom na Atlantik.<\/li>\n<li>\ud83c\udfd6\ufe0f <strong>Laguna Grande:<\/strong> Pozoruhodn\u00e9 a pokojn\u00e9 miesto ide\u00e1lne na rozj\u00edmanie v Garajonay. V\u010faka svojmu jedine\u010dn\u00e9mu prostrediu je k\u013e\u00fa\u010dovou zast\u00e1vkou na na\u0161ej ceste.<\/li>\n<\/ul>\n<h3><strong>\u010co zah\u0155\u0148a na\u0161a prehliadka La Gomera Jeep Safari Tour:<\/strong><\/h3>\n<ul>\n<li>\ud83d\ude90 <strong>Spiato\u010dn\u00e1 doprava:<\/strong> Pon\u00fakame pohodln\u00e9 vyzdvihnutie a odovzdanie z v\u00e1\u0161ho ubytovania alebo z bl\u00edzkeho miesta v Puerto de la Cruz alebo Playa de las Am\u00e9ricas.<\/li>\n<li>\u26f4\ufe0f <strong>Trajektov\u00e9 transfery:<\/strong> Vychutnajte si plynul\u00fa jazdu trajektom na ostrov La Gomera a sp\u00e4\u0165, ktor\u00e1 v\u00e1m zaru\u010d\u00ed pohodln\u00fa cestu cez Atlantik.<\/li>\n<li>\ud83c\udf7d\ufe0f <strong>Obed a miestne ochutn\u00e1vky:<\/strong> V cene je zahrnut\u00e9 vynikaj\u00face jedlo, ktor\u00e9 v\u00e1m umo\u017en\u00ed ochutna\u0165 miestne kulin\u00e1rske \u0161peciality.<\/li>\n<li>\ud83d\udde3\ufe0f <strong>Podpora viacer\u00fdch jazykov:<\/strong> Na\u0161e prehliadky s\u00fa k dispoz\u00edcii vo viacer\u00fdch jazykoch vr\u00e1tane \u0161paniel\u010diny, angli\u010dtiny, nem\u010diny, franc\u00faz\u0161tiny, talian\u010diny, holand\u010diny a po\u013e\u0161tiny, aby sme vyhoveli r\u00f4znorod\u00fdm hos\u0165om.<\/li>\n<\/ul>\n<h3><b>Rezerva\u010dn\u00e9 pravidl\u00e1 a flexibilita<\/b><\/h3>\n<p><span style=\"font-weight: 400;\">\ud83d\udd01 <\/span><b>Bezplatn\u00e9 zru\u0161enie rezerv\u00e1cie do 48 hod\u00edn:<\/b><span style=\"font-weight: 400;\"> Pl\u00e1ny sa m\u00f4\u017eu zmeni\u0165. Svoju rezerv\u00e1ciu m\u00f4\u017eete zru\u0161i\u0165 alebo zmeni\u0165 a\u017e do <\/span><b>48 hod\u00edn pred aktivitou<\/b><span style=\"font-weight: 400;\"> a dostanete pln\u00fa n\u00e1hradu.<\/span><\/p>\n<p><span style=\"font-weight: 400;\">\ud83d\udeab <\/span><b>Pravidl\u00e1 pre pr\u00edpad nedostavenia sa:<\/b><span style=\"font-weight: 400;\"> Ak sa na aktivite nez\u00fa\u010dastn\u00edte alebo pr\u00eddete neskoro, rezerv\u00e1cia sa bude pova\u017eova\u0165 za <\/span><b>no-show a je nevratn\u00fd<\/b><span style=\"font-weight: 400;\">.<\/span><\/p>\n<p><span style=\"font-weight: 400;\">\ud83c\udf0a <\/span><b>Poveternostn\u00e9 podmienky:<\/b><span style=\"font-weight: 400;\"> Ak sa prehliadka nem\u00f4\u017ee uskuto\u010dni\u0165 z d\u00f4vodu nebezpe\u010dn\u00fdch poveternostn\u00fdch podmienok, m\u00e1te mo\u017enos\u0165 <\/span><b>prelo\u017eenie na in\u00fd de\u0148 alebo vr\u00e1tenie pe\u0148az\u00ed v plnej v\u00fd\u0161ke.<\/b><span style=\"font-weight: 400;\">.<\/span><\/p>\n<h4><strong>Rezervujte si svoje dobrodru\u017estvo na La Gomere e\u0161te dnes!<\/strong><\/h4>\n<p>Nenechajte si ujs\u0165 t\u00fato exkluz\u00edvnu pr\u00edle\u017eitos\u0165 spozna\u0165 \u00fa\u017easn\u00fa krajinu a kult\u00farne bohatstvo <a href=\"https:\/\/www.google.com\/maps\/place\/La+Gomera\/@28.1188754,-17.3060924,12z\/data=!3m1!4b1!4m6!3m5!1s0xc6ae33697cbc54d:0x59c58fe23f47d04e!8m2!3d28.1033035!4d-17.2193578!16zL20vMDFnNG1q?entry=ttu\" target=\"_blank\" rel=\"noopener\">La Gomera<\/a> s <a href=\"https:\/\/canaryvip.com\/sk\/\">CanaryVIP.<\/a><\/p>\n<p>Vydajte sa na cestu pln\u00fa objavov a dobrodru\u017estiev od \u010darovn\u00fdch lesov Garajonay a\u017e po malebn\u00e9 uli\u010dky Agulo a \u010fal\u0161ie. Rezervujte si miesto a spoznajte to najlep\u0161ie z La Gomery!<\/p>","protected":false},"excerpt":{"rendered":"<p>\ud83d\udd0d <strong>Najd\u00f4le\u017eitej\u0161ie momenty prehliadky:<\/strong><br \/>\n\u2705 Bezpe\u010dn\u00e1 platba.<br \/>\n\ud83c\uddee\ud83c\udde8 Presk\u00famajte ostrov La Gomera.<br \/>\n\ud83c\udf33 Nav\u0161t\u00edvte park Garajonay.<br \/>\n\ud83d\udde3\ufe0f P\u00edskanie na\u017eivo.<br \/>\n\ud83c\udf7d\ufe0f Kan\u00e1rsky obed v cene.<br \/>\n\ud83d\udcc5 Od pondelka do soboty.<br \/>\n\u23f0 Trvanie Pribli\u017ene 9 hod.<br \/>\n\ud83d\ude8c Vyzdvihnutie a odovzdanie v hoteli.<br \/>\n\ud83d\udd04 48hr Bezplatn\u00e9 zru\u0161enie.<br \/>\n\ud83c\udf0d Sprievodca vo va\u0161om jazyku.<br \/>\n\ud83e\udd11 Garancia najlep\u0161ej ceny.<br \/>\n\ud83c\udf1f Rezervujte teraz a u\u0161etrite!<\/p>","protected":false},"featured_media":11183,"comment_status":"open","ping_status":"closed","template":"","meta":{"_acf_changed":false},"product_brand":[],"product_cat":[67],"product_tag":[],"class_list":{"0":"post-11181","1":"product","2":"type-product","3":"status-publish","4":"has-post-thumbnail","6":"product_cat-jeep-tours","7":"wcpa_has_options","9":"first","10":"instock","11":"virtual","12":"purchasable","13":"product-type-simple"},"acf":[],"wcpa_form_fields":{"wcpaData":{"product":{"product_price":145,"price_html":"From&nbsp;<span class=\"woocommerce-Price-amount amount\"><bdi>145,00&nbsp;<span class=\"woocommerce-Price-currencySymbol\">&euro;<\/span><\/bdi><\/span>","original_product_price":145,"price_including_tax":145,"price_excluding_tax":145,"product_id":{"parent":11181,"variation":false},"is_variable":false,"stock_status":"instock","stock_quantity":null,"parent_sku":"CV11181","product_attributes":[],"custom_fields":[],"is_taxable":false,"product_name":"La Gomera Jeep Safari from Tenerife","hasImage":false},"fields":{"sec_36619078bba64e":{"extra":{"key":"sec_36619078bba64e","section_id":"sec_36619078bba64e","name":"Tickets","status":1,"cl_rule":"show","enableCl":false,"relations":[{"operator":false,"rules":[{"operator":"AND","rules":{"cl_field":"radio-group_665df45fcbc30b","cl_relation":"is","cl_val":"Siam Park Regular Tickets"}}]}],"toggle":true,"title_tag":"h4","show_title":false,"showPrice":"default","form_id":11188,"form_rules":{"exclude_from_discount":true,"fee_label":"Fee","disp_hide_options_price":true,"disp_show_section_price":false,"disp_show_field_price":true,"layout_option":"standard","pric_use_as_fee":false,"process_fee_as":"woo_fee"},"layout_option":"standard"},"fields":[[{"active":true,"col":6,"relations":false,"cl_rule":"show","enableCl":false,"price":"","enablePrice":false,"className":"","label_position":"default","desc_position":"default","type":"select","required":true,"elementId":"select_06619078bba6b6","label":"\ud83c\udf0e Language","name":"select_06619078bba6b6","values":[{"label":"English","value":"English","selected":false,"tempId":"aco_1213","gt_translate_keys":["label"]},{"label":"Dutch","value":"Dutch","selected":false,"tempId":"aco_693","gt_translate_keys":["label"]},{"label":"German","value":"German","selected":false,"tempId":"aco_1567","gt_translate_keys":["label"]},{"label":"French","value":"French","selected":false,"tempId":"aco_1215","gt_translate_keys":["label"]},{"label":"Polish","value":"Polish","selected":false,"tempId":"aco_1212","gt_translate_keys":["label"]},{"label":"Italian","value":"Italian","selected":false,"tempId":"aco_611","gt_translate_keys":["label"]},{"label":"Spanish","value":"Spanish","selected":false,"tempId":"aco_1214","gt_translate_keys":["label"]}],"dropdown_type":"basic","error":false,"placeholder":"None","gt_translate_keys":["label","placeholder"],"price_dependency":false,"cl_dependency":["date_86619078bba66f","date_86619078bba66f","date_86619078bba66f","date-8573541398","date-8573541398","date-0948401647","date-1264231762"],"value":""}],[{"label":"\ud83d\udcc5 Date","active":true,"required":true,"elementId":"date_86619078bba66f","picker_type":"custom","picker_mode":"single","placeholder":"","description":"","tooltip":"","name":"date_86619078bba66f","label_position":"default","desc_position":"default","enablePrice":false,"className":"","enableCl":true,"relations":[{"operator":"and","rules":[{"operator":"or","rules":{"cl_field":"select_06619078bba6b6","cl_relation":"is","cl_val":"Dutch"}},{"operator":"or","rules":{"cl_field":"select_06619078bba6b6","cl_relation":"is","cl_val":"German"}},{"operator":"AND","rules":{"cl_field":"select_06619078bba6b6","cl_relation":"is","cl_val":"French"}}]}],"date_pic_inline":true,"date_pic_inline_hide":true,"min_date":{"type":"days","val":"3"},"max_date":{"type":"days","val":"365"},"date_pic_conf":{"disabledWeeks":[0,6]},"price":"","cl_rule":"show","col":6,"type":"date","error":false,"enableDesign":false,"LabelColor":"","isWeightTemplate":false,"isTemplate":false,"min_quantity":"1","quantity_decimal":false,"quantity_step":"1","quantity_label":"Quantity","repeater_field_label":"{field_label}","repeater_bind":"","gt_translate_keys":["label","placeholder","description","tooltip","repeater_field_label","quantity_label"],"price_dependency":false,"cl_dependency":false,"value":""}],[{"label":"\ud83d\udcc5 Date","active":true,"required":true,"elementId":"date-8573541398","picker_type":"custom","picker_mode":"single","placeholder":"","description":"","tooltip":"","name":"date-8573541398","label_position":"default","desc_position":"default","enablePrice":false,"className":"","enableCl":true,"relations":[{"operator":"and","rules":[{"operator":"or","rules":{"cl_field":"select_06619078bba6b6","cl_relation":"is","cl_val":"English"}},{"operator":false,"rules":{"cl_field":"select_06619078bba6b6","cl_relation":"is","cl_val":"Spanish"}}]}],"enableDesign":false,"LabelColor":"","date_pic_inline":true,"date_pic_inline_hide":true,"min_date":{"type":"days","val":"3"},"max_date":{"type":"days","val":"365"},"date_pic_conf":{"disabledWeeks":[0,2,3,6,4]},"price":"","cl_rule":"show","col":6,"type":"date","error":false,"isWeightTemplate":false,"isTemplate":false,"min_quantity":"1","quantity_decimal":false,"quantity_step":"1","quantity_label":"Quantity","repeater_field_label":"{field_label}","repeater_bind":"","gt_translate_keys":["label","placeholder","description","tooltip","repeater_field_label","quantity_label"],"price_dependency":false,"cl_dependency":false,"value":""}],[{"label":"\ud83d\udcc5 Date","active":true,"required":true,"elementId":"date-0948401647","picker_type":"custom","picker_mode":"single","placeholder":"","description":"","tooltip":"","name":"date-0948401647","label_position":"default","desc_position":"default","enablePrice":false,"className":"","enableCl":true,"relations":[{"operator":"and","rules":[{"operator":false,"rules":{"cl_field":"select_06619078bba6b6","cl_relation":"is","cl_val":"Polish"}}]}],"enableDesign":false,"LabelColor":"","date_pic_inline":true,"date_pic_inline_hide":true,"min_date":{"type":"days","val":"3"},"max_date":{"type":"days","val":"365"},"date_pic_conf":{"disabledWeeks":[0,2,4,5]},"price":"","cl_rule":"show","col":6,"type":"date","error":false,"isWeightTemplate":false,"isTemplate":false,"min_quantity":"1","quantity_decimal":false,"quantity_step":"1","quantity_label":"Quantity","repeater_field_label":"{field_label}","repeater_bind":"","gt_translate_keys":["label","placeholder","description","tooltip","repeater_field_label","quantity_label"],"price_dependency":false,"cl_dependency":false,"value":""}],[{"label":"\ud83d\udcc5 Date","active":true,"required":true,"elementId":"date-1264231762","picker_type":"custom","picker_mode":"single","placeholder":"","description":"","tooltip":"","name":"date-1264231762","label_position":"default","desc_position":"default","enablePrice":false,"className":"","enableCl":true,"relations":[{"operator":"and","rules":[{"operator":false,"rules":{"cl_field":"select_06619078bba6b6","cl_relation":"is","cl_val":"Italian"}}]}],"enableDesign":false,"LabelColor":"","date_pic_inline":true,"date_pic_inline_hide":true,"min_date":{"type":"days","val":"3"},"max_date":{"type":"days","val":"365"},"date_pic_conf":{"disabledWeeks":[0,1,2,3,5,6]},"price":"","cl_rule":"show","col":6,"type":"date","error":false,"isWeightTemplate":false,"isTemplate":false,"min_quantity":"1","quantity_decimal":false,"quantity_step":"1","quantity_label":"Quantity","repeater_field_label":"{field_label}","repeater_bind":"","gt_translate_keys":["label","placeholder","description","tooltip","repeater_field_label","quantity_label"],"price_dependency":false,"cl_dependency":false,"value":""}],[{"elementId":"separator_76619078bba67e","separatorType":"blank","className":"","height":"10","enableCl":false,"relations":false,"cl_rule":"show","col":6,"type":"separator","gt_translate_keys":[],"price_dependency":false,"cl_dependency":false,"value":""}],[{"active":true,"col":6,"relations":false,"cl_rule":"show","enableCl":false,"price":"","enablePrice":false,"className":"","label_position":"default","desc_position":"default","type":"content","required":false,"elementId":"content_106619078bba68a","label":"People","name":"content_106619078bba68a","contentType":"plain","value":"","error":false,"show_in_checkout":true,"inline":false,"gt_translate_keys":["label","value"],"price_dependency":false,"cl_dependency":false}],[{"active":true,"col":6,"relations":[{"operator":false,"rules":[{"operator":"AND","rules":{"cl_field":"","cl_relation":"","cl_val":""}}]}],"cl_rule":"show","enableCl":true,"price":"145","enablePrice":true,"className":"","label_position":"default","desc_position":"default","type":"radio-group","required":false,"elementId":"radio-group_96619078bba696","label":"","name":"radio-group_96619078bba696","values":[{"label":"\ud83d\udc64 Adult (145\u20ac)","value":"Adult","selected":true,"tempId":"aco_32","tooltip":"+12 Years","description":"","gt_translate_keys":["label","tooltip","description"]}],"layOut":"","error":false,"checkUi":"button","priceOptions":"fixed_for_all","pricingType":"fixed","enable_quantity":true,"quantity_label":"","min_quantity":"0","options_tooltip":true,"options_description":true,"gt_translate_keys":["label","quantity_label"],"price_dependency":false,"cl_dependency":false,"value":""}],[{"label":"","active":true,"required":false,"elementId":"radio-group_56619078bba6a2","name":"radio-group_56619078bba6a2","label_position":"default","desc_position":"default","enablePrice":true,"className":"","enableCl":false,"relations":false,"enable_quantity":true,"quantity_label":"","min_quantity":"0","checkUi":"button","layOut":"","values":[{"label":"\ud83d\udc66 Child (118\u20ac)","value":"Child","selected":true,"tempId":"aco_32","tooltip":"3-11 Years","description":"","gt_translate_keys":["label","tooltip","description"]}],"priceOptions":"fixed_for_all","pricingType":"fixed","price":"118","cl_rule":"show","col":6,"type":"radio-group","error":false,"options_tooltip":true,"options_description":true,"gt_translate_keys":["label","quantity_label"],"price_dependency":false,"cl_dependency":false,"value":""}],[{"label":"","active":true,"required":false,"elementId":"radio-group_96619078bba6ad","name":"radio-group_96619078bba6ad","label_position":"default","desc_position":"default","enablePrice":true,"className":"","enableCl":false,"relations":false,"enable_quantity":true,"quantity_label":"","min_quantity":"0","checkUi":"button","layOut":"","options_tooltip":true,"options_description":true,"values":[{"label":"\ud83d\udc76 Toddler (6,25\u20ac)","value":"Toddler","selected":true,"tempId":"aco_32","tooltip":"0-2 Years","description":"","gt_translate_keys":["label","tooltip","description"]}],"priceOptions":"fixed_for_all","pricingType":"fixed","price":"6,25","cl_rule":"show","col":6,"type":"radio-group","error":false,"gt_translate_keys":["label","quantity_label"],"price_dependency":false,"cl_dependency":false,"value":""}],[{"active":true,"col":6,"relations":false,"cl_rule":"show","enableCl":false,"price":"","enablePrice":false,"className":"","label_position":"default","desc_position":"default","type":"separator","required":false,"elementId":"separator_86619078bba6c1","label":"Separator Field","height":"7","separatorType":"blank","error":false,"gt_translate_keys":["label"],"price_dependency":false,"cl_dependency":false,"value":""}],[{"active":true,"col":6,"relations":false,"cl_rule":"show","enableCl":false,"price":"","enablePrice":false,"className":"","label_position":"default","desc_position":"default","type":"text","subtype":"text","required":true,"elementId":"text_76619078bba6ca","label":"\ud83d\ude8c Pickup Location","name":"text_76619078bba6ca","value":"","description":"Free pick-up service in Tenerife South. Simply provide your address or hotel name.","error":false,"isWeightTemplate":false,"isTemplate":false,"min_quantity":"1","quantity_decimal":false,"quantity_step":"1","quantity_label":"Quantity","repeater_field_label":"{field_label}","repeater_bind":"","gt_translate_keys":["label","description","value","repeater_field_label","quantity_label"],"price_dependency":false,"cl_dependency":false}]]}},"config":{"price_override":"always","enable_recaptcha":false,"bind_quantity":false,"quantity_bind_formula":false,"disp_summ_show_option_price":true,"disp_summ_show_product_price":false,"disp_summ_show_total_price":true,"disp_summ_show_fee":true,"disp_summ_show_discount":true,"summary_title":"","options_total_label":"Options Price","total_label":"Total Amount","options_product_label":"Product Price","fee_label":"Fee","discount_label":"Discount","has_price":true,"has_quantity_formula":false},"mc_unit":1,"tax_rate":1,"tax_rate_real":1,"discount":{"percentage":0,"fixed":0},"design":{"conf":{"LabelPosition":"above","DescPosition":"above","UploadField":"custom_1","QuantityFieldStyle":"custom_1"},"css":{"LeftLabelWidth":"120px"}},"formulas":[],"lookuptables":[],"clones":false,"cartKey":false}},"_links":{"self":[{"href":"https:\/\/canaryvip.com\/sk\/wp-json\/wp\/v2\/product\/11181","targetHints":{"allow":["GET"]}}],"collection":[{"href":"https:\/\/canaryvip.com\/sk\/wp-json\/wp\/v2\/product"}],"about":[{"href":"https:\/\/canaryvip.com\/sk\/wp-json\/wp\/v2\/types\/product"}],"replies":[{"embeddable":true,"href":"https:\/\/canaryvip.com\/sk\/wp-json\/wp\/v2\/comments?post=11181"}],"wp:featuredmedia":[{"embeddable":true,"href":"https:\/\/canaryvip.com\/sk\/wp-json\/wp\/v2\/media\/11183"}],"wp:attachment":[{"href":"https:\/\/canaryvip.com\/sk\/wp-json\/wp\/v2\/media?parent=11181"}],"wp:term":[{"taxonomy":"product_brand","embeddable":true,"href":"https:\/\/canaryvip.com\/sk\/wp-json\/wp\/v2\/product_brand?post=11181"},{"taxonomy":"product_cat","embeddable":true,"href":"https:\/\/canaryvip.com\/sk\/wp-json\/wp\/v2\/product_cat?post=11181"},{"taxonomy":"product_tag","embeddable":true,"href":"https:\/\/canaryvip.com\/sk\/wp-json\/wp\/v2\/product_tag?post=11181"}],"curies":[{"name":"wp","href":"https:\/\/api.w.org\/{rel}","templated":true}]}}