{"id":11043,"date":"2024-04-11T00:15:30","date_gmt":"2024-04-10T23:15:30","guid":{"rendered":"https:\/\/canaryvip.com\/?post_type=product&#038;p=11043"},"modified":"2025-08-09T12:45:04","modified_gmt":"2025-08-09T11:45:04","slug":"jeep-teide-masca-guided-tour","status":"publish","type":"product","link":"https:\/\/canaryvip.com\/sk\/shop\/jeep-teide-masca-guided-tour\/","title":{"rendered":"Safari na d\u017e\u00edpoch Teide a Masca Tenerife"},"content":{"rendered":"<h2>\ud83c\udf1f Objavte <strong>Teide a Masca s na\u0161\u00edm d\u017e\u00edpom so sprievodcom<\/strong> \ud83d\ude99<\/h2>\n<p>Vydajte sa na podmaniv\u00fa cestu so spolo\u010dnos\u0165ou CanaryVIP, ktor\u00e1 v\u00e1s vezme na exkluz\u00edvny prieskum naj\u00fa\u017easnej\u0161ej krajiny a malebn\u00fdch dediniek Tenerife prostredn\u00edctvom na\u0161ej prehliadky Teide a Masca so sprievodcom na d\u017e\u00edpe. Toto dobrodru\u017estvo je ide\u00e1lne pre rodiny, jednotlivcov alebo mal\u00e9 skupiny a zaru\u010duje int\u00edmny a nezabudnute\u013en\u00fd z\u00e1\u017eitok a\u017e pre 8 os\u00f4b v jednom d\u017e\u00edpe.<\/p>\n<p>Ponorte sa hlb\u0161ie do srdca Tenerife, spoznajte jeho \u00fa\u017easn\u00e9 pr\u00edrodn\u00e9 kr\u00e1sy a bohat\u00e9 kult\u00farne dedi\u010dstvo z pohodlia na\u0161ich robustn\u00fdch ter\u00e9nnych d\u017e\u00edpov 4\u00d74, ktor\u00e9 v\u00e1m bud\u00fa robi\u0165 sprievodcov na\u0161i sk\u00fasen\u00ed a viacjazy\u010dn\u00ed vodi\u010di.<\/p>\n<h3><strong>Najd\u00f4le\u017eitej\u0161ie udalosti roz\u0161\u00edren\u00e9ho dobrodru\u017estva: Teide a Masca<\/strong><\/h3>\n<ul>\n<li>\ud83c\udf0b <strong>Pico Viejo<\/strong>: Spoznajte obdivuhodn\u00fa kr\u00e1su Pico Viejo. T\u00e1to ikonick\u00e1 sopka, zn\u00e1ma svoj\u00edm n\u00e1padn\u00fdm pestrofarebn\u00fdm kr\u00e1terom s priemerom 800 metrov, je \u00fa\u017easn\u00fdm poh\u013eadom, ktor\u00fd pon\u00faka jedine\u010dn\u00fd v\u00fdh\u013ead a \u017eiv\u00fa uk\u00e1\u017eku umenia pr\u00edrody.<\/li>\n<li>\ud83c\udfdc\ufe0f <strong>Roques de Garc\u00eda<\/strong>: Obdivujte Roques de Garc\u00eda, vysok\u00e9 skaln\u00e9 \u00fatvary, ktor\u00e9 pret\u00ednaj\u00fa oblohu nad n\u00e1rodn\u00fdm parkom Teide. Tieto zvl\u00e1\u0161tne \u0161trukt\u00fary, vytvoren\u00e9 z vrstiev r\u00f4znych materi\u00e1lov, patria k najjedine\u010dnej\u0161\u00edm atrakci\u00e1m tejto trasy.<\/li>\n<li>\ud83c\udf04 <strong>Aripe a Chirche<\/strong>: Prejdite sa p\u00f4vabn\u00fdmi uli\u010dkami Aripe a Chirche, malebn\u00fdch dediniek s p\u00f4vodnou architekt\u00farou z 18. a 19. storo\u010dia. Spoznajte autentick\u00fd vidiecky \u017eivot na Tenerife, obklopen\u00fd pr\u00edrodou a pokojom.<\/li>\n<li>\ud83c\udfde\ufe0f <strong>N\u00e1rodn\u00fd park Teide<\/strong>: Presk\u00famajte n\u00e1rodn\u00fd park Teide, ktor\u00fd je zap\u00edsan\u00fd na zozname svetov\u00e9ho dedi\u010dstva UNESCO a ktor\u00e9mu dominuje majest\u00e1tna hora Teide. Jeho rozmanit\u00e9 farby, divok\u00e1 pr\u00edroda a surrealistick\u00e9 scen\u00e9rie robia z parku centrum na\u0161ej exkurzie.<\/li>\n<li>\ud83c\udf32 <strong>Vilaflor<\/strong>: Nav\u0161t\u00edvte Vilaflor, ktor\u00fd sa nach\u00e1dza medzi borovicami v bl\u00edzkosti vrcholu sopky. Objavte pokojn\u00fd \u017eivot v takejto nadmorskej v\u00fd\u0161ke, vychutnajte si \u010dist\u00fd vzduch a n\u00e1dhern\u00fd v\u00fdh\u013ead na n\u00e1rodn\u00fd park.<\/li>\n<li>\ud83c\udfde\ufe0f <strong>Masca<\/strong>: Nechajte sa o\u010dari\u0165 Mascou, jednou z najmalebnej\u0161\u00edch ded\u00edn na Tenerife, ktor\u00e1 je stelesnen\u00edm kan\u00e1rskej pr\u00edrodnej architekt\u00fary. Na\u0161a prehliadka v\u00e1m umo\u017en\u00ed spozna\u0165 t\u00fato o\u010daruj\u00facu lokalitu z prvej ruky.<\/li>\n<\/ul>\n<h3><strong>Podrobnosti o roz\u0161\u00edrenej prehliadke:<\/strong><\/h3>\n<ul>\n<li>\ud83d\ude99 <strong>Vozidl\u00e1 a doprava:<\/strong> V na\u0161ich d\u017e\u00edpoch s pohonom v\u0161etk\u00fdch \u0161tyroch kolies m\u00f4\u017eete prekon\u00e1va\u0165 n\u00e1ro\u010dn\u00e9 ter\u00e9ny a za\u017ei\u0165 tak pohodln\u00e9 a vzru\u0161uj\u00face dobrodru\u017estvo. Pri z\u00e1jazdoch medzi jednotliv\u00fdmi ostrovmi s\u00fa v cene zahrnut\u00e9 aj trajektov\u00e9 transfery, ktor\u00e9 pon\u00fakaj\u00fa bezprobl\u00e9mov\u00fd z\u00e1\u017eitok.<\/li>\n<li>\ud83d\udc65 <strong>Z\u00e1ruka pre mal\u00e9 skupiny:<\/strong> Vychutnajte si individu\u00e1lnej\u0161ie dobrodru\u017estvo v mal\u00fdch skupin\u00e1ch, v ktor\u00fdch m\u00f4\u017ee by\u0165 maxim\u00e1lne 8 cestuj\u00facich na d\u017e\u00edpe vr\u00e1tane vodi\u010da v r\u00e1mci konvoja.<\/li>\n<li>\ud83d\udd12 <strong>K dispoz\u00edcii je s\u00fakromn\u00e1 mo\u017enos\u0165:<\/strong> Ak chcete za\u017ei\u0165 exkluz\u00edvny z\u00e1\u017eitok, vyberte si na\u0161u VIP alebo s\u00fakromn\u00fa prehliadku, ktor\u00e1 v\u00e1m umo\u017en\u00ed vybra\u0165 si spolo\u010dn\u00edkov na cestu.<\/li>\n<li>\ud83d\udd01 <strong>Inkluz\u00edvna doprava:<\/strong> Pon\u00fakame pohodln\u00e9 vyzdvihnutie a odovzdanie z v\u00e1\u0161ho ubytovacieho zariadenia alebo z bl\u00edzkeho miesta, v\u010faka \u010domu bude v\u00e1\u0161 z\u00e1\u017eitok bezprobl\u00e9mov\u00fd od za\u010diatku a\u017e do konca.<\/li>\n<\/ul>\n<h3><strong>Komplexn\u00e9 inform\u00e1cie o prehliadke:<\/strong><\/h3>\n<ul>\n<li>\ud83d\udd58 <strong>Trvanie a \u010dasy:<\/strong> Prehliadka trv\u00e1 pribli\u017ene 7 hod\u00edn a trv\u00e1 od 9:00 do 16:00, tak\u017ee sa m\u00f4\u017eete naplno ponori\u0165 do kr\u00e1s Tenerife.<\/li>\n<li>\ud83d\uddd3\ufe0f <strong>Dostupn\u00e9 dni:<\/strong> Vydajte sa na toto dobrodru\u017estvo od pondelka do soboty, pri\u010dom v\u00e1m pon\u00fakame flexibiln\u00e9 mo\u017enosti, ktor\u00e9 sa prisp\u00f4sobia v\u00e1\u0161mu rozvrhu.<\/li>\n<li>\ud83c\udf0d <strong>Pon\u00fakan\u00e9 jazyky:<\/strong> Na\u0161e prehliadky sa uskuto\u010d\u0148uj\u00fa vo viacer\u00fdch jazykoch vr\u00e1tane \u0161paniel\u010diny, angli\u010dtiny, nem\u010diny, franc\u00faz\u0161tiny, talian\u010diny, holand\u010diny a po\u013e\u0161tiny, \u010do je vhodn\u00e9 pre glob\u00e1lne publikum.<\/li>\n<\/ul>\n<h3><strong>Aktualizovan\u00e9 pravidl\u00e1 rezerv\u00e1cie a zru\u0161enia rezerv\u00e1cie:<\/strong><\/h3>\n<ul>\n<li>\ud83d\udd04 <strong>Flexibiln\u00e9 zru\u0161enie:<\/strong> Ch\u00e1peme, \u017ee pl\u00e1ny sa m\u00f4\u017eu zmeni\u0165, a preto pon\u00fakame mo\u017enos\u0165 zru\u0161i\u0165 alebo presun\u00fa\u0165 prehliadku a\u017e 24 hod\u00edn vopred, aby ste boli maxim\u00e1lne pokojn\u00ed.<\/li>\n<li>\u26c5 <strong>Z\u00e1ruka po\u010dasia:<\/strong> V pr\u00edpade, \u017ee si nepriazniv\u00e9 poveternostn\u00e9 podmienky vy\u017eiadaj\u00fa zru\u0161enie z\u00e1jazdu, m\u00e1te mo\u017enos\u0165 zmeni\u0165 term\u00edn alebo z\u00edska\u0165 pln\u00fa n\u00e1hradu, \u010do v\u00e1m zaru\u010d\u00ed bezprobl\u00e9mov\u00fa rezerv\u00e1ciu.<\/li>\n<li>\ud83d\udce9 <strong>Jednoduch\u00fd kontakt:<\/strong> V pr\u00edpade ak\u00fdchko\u013evek ot\u00e1zok alebo \u00faprav jednoducho <a href=\"https:\/\/canaryvip.com\/sk\/contact\/\">oslovte n\u00e1s<\/a>a my zabezpe\u010d\u00edme, aby boli va\u0161e potreby splnen\u00e9.<\/li>\n<\/ul>\n<h4><strong>Rezervujte si dobrodru\u017estvo na Tenerife s d\u017e\u00edpom teraz!<\/strong><\/h4>\n<p>Nenechajte si ujs\u0165 t\u00fato jedine\u010dn\u00fa pr\u00edle\u017eitos\u0165 spozna\u0165 n\u00e1dheru Tenerife s CanaryVIP. Od sope\u010dn\u00e9ho majest\u00e1tu <a href=\"https:\/\/canaryvip.com\/sk\/discover-the-teide-the-ultimate-guide-iconic-volcano\/\">N\u00e1rodn\u00fd park Teide<\/a> do historick\u00e9ho mesta Masca a \u010falej, vydajte sa na cestu pln\u00fa kr\u00e1sy, dobrodru\u017estva a pr\u00edbehov, ktor\u00e9 \u010dakaj\u00fa na objavenie.<\/p>","protected":false},"excerpt":{"rendered":"<p><strong>\ud83d\udd0d Najd\u00f4le\u017eitej\u0161ie momenty prehliadky:<\/strong><br \/>\n\u2705 Bezpe\u010dn\u00e1 platba.<br \/>\n\ud83d\uddfb Nav\u0161t\u00edvte n\u00e1rodn\u00fd park Teide.<br \/>\n\ud83d\udee4\ufe0f Nav\u0161t\u00edvte dedinu Masca.<br \/>\n\u23f0 Trvanie Pribli\u017ene 7 hod\u00edn.<br \/>\n\ud83d\udcc5 Od pondelka do soboty.<br \/>\n\ud83d\ude8c Vyzdvihnutie a odovzdanie v hoteli.<br \/>\n\ud83d\udd04 24-hodinov\u00e9 bezplatn\u00e9 zru\u0161enie rezerv\u00e1cie.<br \/>\n\ud83e\udd11 Garancia najlep\u0161ej ceny.<br \/>\n\ud83c\udf81 K dispoz\u00edcii s\u00fa skupinov\u00e9 z\u013eavy.<br \/>\n\ud83c\udf0d Podpora vo viacer\u00fdch jazykoch.<br \/>\n\ud83c\udf1f Rezervujte teraz a u\u0161etrite!<\/p>","protected":false},"featured_media":11145,"comment_status":"open","ping_status":"closed","template":"","meta":{"_acf_changed":false},"product_brand":[],"product_cat":[67],"product_tag":[],"class_list":{"0":"post-11043","1":"product","2":"type-product","3":"status-publish","4":"has-post-thumbnail","6":"product_cat-jeep-tours","7":"wcpa_has_options","9":"first","10":"instock","11":"virtual","12":"purchasable","13":"product-type-simple"},"acf":[],"wcpa_form_fields":{"wcpaData":{"product":{"product_price":66,"price_html":"From&nbsp;<span class=\"woocommerce-Price-amount amount\"><bdi>66,00&nbsp;<span class=\"woocommerce-Price-currencySymbol\">&euro;<\/span><\/bdi><\/span>","original_product_price":66,"price_including_tax":66,"price_excluding_tax":66,"product_id":{"parent":11043,"variation":false},"is_variable":false,"stock_status":"instock","stock_quantity":null,"parent_sku":"CV11043","product_attributes":[],"custom_fields":[],"is_taxable":false,"product_name":"Teide & Masca Jeep Safari Tenerife","hasImage":false},"fields":{"sec_2661916538e0c2":{"extra":{"key":"sec_2661916538e0c2","section_id":"sec_2661916538e0c2","name":"Tickets","status":1,"cl_rule":"show","enableCl":false,"relations":[{"operator":false,"rules":[{"operator":"AND","rules":{"cl_field":"radio-group_665df45fcbc30b","cl_relation":"is","cl_val":"Siam Park Regular Tickets"}}]}],"toggle":true,"title_tag":"h4","show_title":false,"showPrice":"default","form_id":11191,"form_rules":{"exclude_from_discount":true,"fee_label":"Fee","disp_hide_options_price":true,"disp_show_section_price":false,"disp_show_field_price":true,"layout_option":"standard","pric_use_as_fee":false,"process_fee_as":"woo_fee"},"layout_option":"standard"},"fields":[[{"active":true,"col":6,"relations":false,"cl_rule":"show","enableCl":false,"price":"","enablePrice":false,"className":"","label_position":"default","desc_position":"default","type":"select","required":true,"elementId":"select_9661916538e0e4","label":"\ud83c\udf0e Language","name":"select_9661916538e0e4","values":[{"label":"English","value":"English","selected":false,"tempId":"aco_1213","gt_translate_keys":["label"]},{"label":"Dutch","value":"Dutch","selected":false,"tempId":"aco_693","gt_translate_keys":["label"]},{"label":"German","value":"German","selected":false,"tempId":"aco_1567","gt_translate_keys":["label"]},{"label":"French","value":"French","selected":false,"tempId":"aco_1215","gt_translate_keys":["label"]},{"label":"Polish","value":"Polish","selected":false,"tempId":"aco_1212","gt_translate_keys":["label"]},{"label":"Italian","value":"Italian","selected":false,"tempId":"aco_611","gt_translate_keys":["label"]},{"label":"Spanish","value":"Spanish","selected":false,"tempId":"aco_1214","gt_translate_keys":["label"]}],"dropdown_type":"basic","error":false,"placeholder":"Select Language","gt_translate_keys":["label","placeholder"],"price_dependency":false,"cl_dependency":["date_8661916538e0f2","date_8661916538e0f2","date_8661916538e0f2","date_8661916538e0f2","date_6661916538e0fc","date_1661916538e106","date_8661916538e10f","radio-group_10661916538e130","radio-group-3329476112","radio-group_2661916538e13c","radio-group-3332331927","radio-group_6661916538e147"],"value":""}],[{"label":"\ud83d\udcc5 Date","active":true,"required":true,"elementId":"date_8661916538e0f2","picker_type":"custom","picker_mode":"single","placeholder":"","description":"","tooltip":"","name":"date_8661916538e0f2","label_position":"default","desc_position":"default","enablePrice":false,"className":"","enableCl":true,"relations":[{"operator":"and","rules":[{"operator":"or","rules":{"cl_field":"select_9661916538e0e4","cl_relation":"is","cl_val":"Dutch"}},{"operator":"or","rules":{"cl_field":"select_9661916538e0e4","cl_relation":"is","cl_val":"German"}},{"operator":"or","rules":{"cl_field":"select_9661916538e0e4","cl_relation":"is","cl_val":"French"}},{"operator":"AND","rules":{"cl_field":"select_9661916538e0e4","cl_relation":"is","cl_val":"English"}}]}],"date_pic_inline":true,"date_pic_inline_hide":true,"min_date":{"type":"days","val":"4"},"max_date":{"type":"days","val":"80"},"date_pic_conf":{"disabledWeeks":[0],"disabledDates":["2025-04-11"]},"price":"","cl_rule":"show","col":6,"type":"date","error":false,"enableDesign":false,"LabelColor":"","isWeightTemplate":false,"isTemplate":false,"min_quantity":"1","quantity_decimal":false,"quantity_step":"1","quantity_label":"Quantity","repeater_field_label":"{field_label}","repeater_bind":"","gt_translate_keys":["label","placeholder","description","tooltip","repeater_field_label","quantity_label"],"price_dependency":false,"cl_dependency":false,"value":""}],[{"label":"\ud83d\udcc5 Date","active":true,"required":true,"elementId":"date_6661916538e0fc","picker_type":"custom","picker_mode":"single","placeholder":"","description":"","tooltip":"","name":"date_6661916538e0fc","label_position":"default","desc_position":"default","enablePrice":false,"className":"","enableCl":true,"relations":[{"operator":"and","rules":[{"operator":false,"rules":{"cl_field":"select_9661916538e0e4","cl_relation":"is","cl_val":"Spanish"}}]}],"enableDesign":false,"LabelColor":"","date_pic_inline":true,"date_pic_inline_hide":true,"min_date":{"type":"days","val":"4"},"max_date":{"type":"days","val":"365"},"date_pic_conf":{"disabledWeeks":[0,1,3,5,6]},"price":"","cl_rule":"show","col":6,"type":"date","error":false,"isWeightTemplate":false,"isTemplate":false,"min_quantity":"1","quantity_decimal":false,"quantity_step":"1","quantity_label":"Quantity","repeater_field_label":"{field_label}","repeater_bind":"","gt_translate_keys":["label","placeholder","description","tooltip","repeater_field_label","quantity_label"],"price_dependency":false,"cl_dependency":false,"value":""}],[{"label":"\ud83d\udcc5 Date","active":true,"required":true,"elementId":"date_1661916538e106","picker_type":"custom","picker_mode":"single","placeholder":"","description":"","tooltip":"","name":"date_1661916538e106","label_position":"default","desc_position":"default","enablePrice":false,"className":"","enableCl":true,"relations":[{"operator":"and","rules":[{"operator":false,"rules":{"cl_field":"select_9661916538e0e4","cl_relation":"is","cl_val":"Polish"}}]}],"enableDesign":false,"LabelColor":"","date_pic_inline":true,"date_pic_inline_hide":true,"min_date":{"type":"days","val":"4"},"max_date":{"type":"days","val":"365"},"date_pic_conf":{"disabledWeeks":[0,1,3,4,5,6]},"price":"","cl_rule":"show","col":6,"type":"date","error":false,"isWeightTemplate":false,"isTemplate":false,"min_quantity":"1","quantity_decimal":false,"quantity_step":"1","quantity_label":"Quantity","repeater_field_label":"{field_label}","repeater_bind":"","gt_translate_keys":["label","placeholder","description","tooltip","repeater_field_label","quantity_label"],"price_dependency":false,"cl_dependency":false,"value":""}],[{"label":"\ud83d\udcc5 Date","active":true,"required":true,"elementId":"date_8661916538e10f","picker_type":"custom","picker_mode":"single","placeholder":"","description":"","tooltip":"","name":"date_8661916538e10f","label_position":"default","desc_position":"default","enablePrice":false,"className":"","enableCl":true,"relations":[{"operator":"and","rules":[{"operator":false,"rules":{"cl_field":"select_9661916538e0e4","cl_relation":"is","cl_val":"Italian"}}]}],"enableDesign":false,"LabelColor":"","date_pic_inline":true,"date_pic_inline_hide":true,"min_date":{"type":"days","val":"4"},"max_date":{"type":"days","val":"365"},"date_pic_conf":{"disabledWeeks":[0,1,2,5,4]},"price":"","cl_rule":"show","col":6,"type":"date","error":false,"isWeightTemplate":false,"isTemplate":false,"min_quantity":"1","quantity_decimal":false,"quantity_step":"1","quantity_label":"Quantity","repeater_field_label":"{field_label}","repeater_bind":"","gt_translate_keys":["label","placeholder","description","tooltip","repeater_field_label","quantity_label"],"price_dependency":false,"cl_dependency":false,"value":""}],[{"elementId":"separator_7661916538e11a","separatorType":"blank","className":"","height":"10","enableCl":false,"relations":false,"cl_rule":"show","col":6,"type":"separator","gt_translate_keys":[],"price_dependency":false,"cl_dependency":false,"value":""}],[{"active":true,"col":6,"relations":[{"operator":false,"rules":[{"operator":"AND","rules":{"cl_field":"select_9661916538e0e4","cl_relation":"is_not","cl_val":"Polish"}}]}],"cl_rule":"show","enableCl":true,"price":"66","enablePrice":true,"className":"","label_position":"default","desc_position":"default","type":"radio-group","required":false,"elementId":"radio-group_10661916538e130","label":"","name":"radio-group_10661916538e130","values":[{"label":"\ud83d\udc64 Adult (66\u20ac)","value":"Adult","selected":true,"tempId":"aco_32","tooltip":"+12 Years","description":"","gt_translate_keys":["label","tooltip","description"]}],"layOut":"","error":false,"checkUi":"button","priceOptions":"fixed_for_all","pricingType":"fixed","enable_quantity":true,"quantity_label":"","min_quantity":"0","options_tooltip":true,"options_description":true,"gt_translate_keys":["label","quantity_label"],"price_dependency":false,"cl_dependency":false,"value":""}],[{"label":"","active":true,"required":false,"elementId":"radio-group-3329476112","name":"radio-group-3329476112","label_position":"default","desc_position":"default","enablePrice":true,"className":"","enableCl":true,"relations":[{"operator":false,"rules":[{"operator":"AND","rules":{"cl_field":"select_9661916538e0e4","cl_relation":"is","cl_val":"Polish"}}]}],"enable_quantity":true,"quantity_label":"","min_quantity":"0","checkUi":"button","layOut":"","options_tooltip":true,"options_description":true,"values":[{"label":"\ud83d\udc64 Adult (70\u20ac)","value":"Adult","selected":true,"tempId":"aco_32","tooltip":"+12 Years","description":"","gt_translate_keys":["label","tooltip","description"]}],"priceOptions":"fixed_for_all","pricingType":"fixed","price":"70","cl_rule":"show","col":6,"type":"radio-group","error":false,"gt_translate_keys":["label","quantity_label"],"price_dependency":false,"cl_dependency":false,"value":""}],[{"label":"","active":true,"required":false,"elementId":"radio-group_2661916538e13c","name":"radio-group_2661916538e13c","label_position":"default","desc_position":"default","enablePrice":true,"className":"","enableCl":true,"relations":[{"operator":false,"rules":[{"operator":"AND","rules":{"cl_field":"select_9661916538e0e4","cl_relation":"is_not","cl_val":"Polish"}}]}],"enable_quantity":true,"quantity_label":"","min_quantity":"0","checkUi":"button","layOut":"","values":[{"label":"\ud83d\udc66 Child (52\u20ac)","value":"Child","selected":true,"tempId":"aco_32","tooltip":"3-11 Years","description":"","gt_translate_keys":["label","tooltip","description"]}],"priceOptions":"fixed_for_all","pricingType":"fixed","price":"52","cl_rule":"show","col":6,"type":"radio-group","error":false,"options_tooltip":true,"options_description":true,"gt_translate_keys":["label","quantity_label"],"price_dependency":false,"cl_dependency":false,"value":""}],[{"label":"","active":true,"required":false,"elementId":"radio-group-3332331927","name":"radio-group-3332331927","label_position":"default","desc_position":"default","enablePrice":true,"className":"","enableCl":true,"relations":[{"operator":false,"rules":[{"operator":"AND","rules":{"cl_field":"select_9661916538e0e4","cl_relation":"is","cl_val":"Polish"}}]}],"enable_quantity":true,"quantity_label":"","min_quantity":"0","checkUi":"button","layOut":"","options_tooltip":true,"options_description":true,"values":[{"label":"\ud83d\udc66 Child (55\u20ac)","value":"Child","selected":true,"tempId":"aco_32","tooltip":"3-11 Years","description":"","gt_translate_keys":["label","tooltip","description"]}],"priceOptions":"fixed_for_all","pricingType":"fixed","price":"55","cl_rule":"show","col":6,"type":"radio-group","error":false,"gt_translate_keys":["label","quantity_label"],"price_dependency":false,"cl_dependency":false,"value":""}],[{"label":"","active":true,"required":false,"elementId":"radio-group_6661916538e147","name":"radio-group_6661916538e147","label_position":"default","desc_position":"default","enablePrice":true,"className":"","enableCl":true,"relations":[{"operator":false,"rules":[{"operator":"AND","rules":{"cl_field":"select_9661916538e0e4","cl_relation":"is_not_empty","cl_val":""}}]}],"enable_quantity":true,"quantity_label":"","min_quantity":"0","checkUi":"button","layOut":"","options_tooltip":true,"options_description":true,"values":[{"label":"\ud83d\udc76 Toddler (Free)","value":"Toddler","selected":true,"tempId":"aco_32","tooltip":"0-2 Years","description":"","gt_translate_keys":["label","tooltip","description"]}],"priceOptions":"fixed_for_all","pricingType":"fixed","price":"0","cl_rule":"show","col":6,"type":"radio-group","error":false,"gt_translate_keys":["label","quantity_label"],"price_dependency":false,"cl_dependency":false,"value":""}],[{"active":true,"col":6,"relations":false,"cl_rule":"show","enableCl":false,"price":"","enablePrice":false,"className":"","label_position":"default","desc_position":"default","type":"separator","required":false,"elementId":"separator_6661916538e151","label":"Separator Field","height":"7","separatorType":"blank","error":false,"gt_translate_keys":["label"],"price_dependency":false,"cl_dependency":false,"value":""}],[{"active":true,"col":6,"relations":false,"cl_rule":"show","enableCl":false,"price":"","enablePrice":false,"className":"","label_position":"default","desc_position":"default","type":"text","subtype":"text","required":false,"elementId":"text_4661916538e15b","label":"\ud83d\ude8c Pickup Location","name":"text_4661916538e15b","value":"","description":"Free pick-up service in Tenerife South. Simply provide your address or hotel name.","error":false,"gt_translate_keys":["label","description","value"],"price_dependency":false,"cl_dependency":false}]]}},"config":{"price_override":"always","enable_recaptcha":false,"bind_quantity":false,"quantity_bind_formula":false,"disp_summ_show_option_price":true,"disp_summ_show_product_price":false,"disp_summ_show_total_price":true,"disp_summ_show_fee":true,"disp_summ_show_discount":true,"summary_title":"","options_total_label":"Options Price","total_label":"Total Amount","options_product_label":"Product Price","fee_label":"Fee","discount_label":"Discount","has_price":true,"has_quantity_formula":false},"mc_unit":1,"tax_rate":1,"tax_rate_real":1,"discount":{"percentage":0,"fixed":0},"design":{"conf":{"LabelPosition":"above","DescPosition":"above","UploadField":"custom_1","QuantityFieldStyle":"custom_1"},"css":{"LeftLabelWidth":"120px"}},"formulas":[],"lookuptables":[],"clones":false,"cartKey":false}},"_links":{"self":[{"href":"https:\/\/canaryvip.com\/sk\/wp-json\/wp\/v2\/product\/11043","targetHints":{"allow":["GET"]}}],"collection":[{"href":"https:\/\/canaryvip.com\/sk\/wp-json\/wp\/v2\/product"}],"about":[{"href":"https:\/\/canaryvip.com\/sk\/wp-json\/wp\/v2\/types\/product"}],"replies":[{"embeddable":true,"href":"https:\/\/canaryvip.com\/sk\/wp-json\/wp\/v2\/comments?post=11043"}],"wp:featuredmedia":[{"embeddable":true,"href":"https:\/\/canaryvip.com\/sk\/wp-json\/wp\/v2\/media\/11145"}],"wp:attachment":[{"href":"https:\/\/canaryvip.com\/sk\/wp-json\/wp\/v2\/media?parent=11043"}],"wp:term":[{"taxonomy":"product_brand","embeddable":true,"href":"https:\/\/canaryvip.com\/sk\/wp-json\/wp\/v2\/product_brand?post=11043"},{"taxonomy":"product_cat","embeddable":true,"href":"https:\/\/canaryvip.com\/sk\/wp-json\/wp\/v2\/product_cat?post=11043"},{"taxonomy":"product_tag","embeddable":true,"href":"https:\/\/canaryvip.com\/sk\/wp-json\/wp\/v2\/product_tag?post=11043"}],"curies":[{"name":"wp","href":"https:\/\/api.w.org\/{rel}","templated":true}]}}