{"id":10904,"date":"2024-04-08T11:19:03","date_gmt":"2024-04-08T10:19:03","guid":{"rendered":"https:\/\/canaryvip.com\/?post_type=product&#038;p=10904"},"modified":"2025-06-28T21:05:29","modified_gmt":"2025-06-28T20:05:29","slug":"rent-boat-saxdor-200-with-license","status":"publish","type":"product","link":"https:\/\/canaryvip.com\/sk\/shop\/rent-boat-saxdor-200-with-license\/","title":{"rendered":"Pren\u00e1jom lod\u00ed Saxdor 200 s licenciou Tenerife"},"content":{"rendered":"<h2>\ud83d\udea4 Pren\u00e1jom Saxdor 200 s licenciou na CanaryVIP<\/h2>\n<p><strong>Prevezmite kormidlo svojho n\u00e1morn\u00e9ho dobrodru\u017estva s CanaryVIP:<\/strong> Ovl\u00e1dajte svoj vlastn\u00fd de\u0148 na mori so Saxdorom 200, vynikaj\u00facou otvorenou lo\u010fou, ktor\u00e1 sp\u00e1ja modern\u00fd dizajn s mo\u017enos\u0165ou celodennej plavby.<\/p>\n<p>Toto plavidlo, ktor\u00e9 sa narodilo v roku 2023 a m\u00e1 elegantn\u00fa d\u013a\u017eku 6 m, je ide\u00e1lne pre t\u00fdch, ktor\u00ed sa chc\u00fa pohybova\u0165 vo vod\u00e1ch Tenerife so \u0161t\u00fdlom a \u013eahkos\u0165ou.<br \/>\nVypl\u00e1vanie z malebn\u00e9ho <a href=\"https:\/\/maps.app.goo.gl\/F7XZ1rpbWXBTYFND9\" target=\"_blank\" rel=\"noopener\">Los Gigantes,<\/a> . <strong>Saxdor 200 s licenciou<\/strong>\u00a0predstavuje exkluz\u00edvnu pr\u00edle\u017eitos\u0165 objavova\u0165 skryt\u00e9 z\u00e1toky, opa\u013eova\u0165 sa na palube alebo si dopria\u0165 obed na palube uprostred az\u00farovej n\u00e1ru\u010de Atlantiku.<\/p>\n<p><strong>Plavidlo elegancie a v\u00fdkonu:<\/strong>\u00a0Model Saxdor 200 je skon\u0161truovan\u00fd pre dokonalos\u0165 a je vybaven\u00fd motorom s v\u00fdkonom 115 kon\u00ed, ktor\u00fd prec\u00edzne k\u013a\u017ee po vode. Tento \u010dln s kapacitou pre 6 cestuj\u00facich a palivovou n\u00e1dr\u017eou pripravenou na dobrodru\u017estvo je va\u0161ou vstupnou br\u00e1nou k pokladom ju\u017en\u00e9ho Tenerife.<\/p>\n<h3>\ud83d\udea4 Saxdor 200 Tenerife: V\u00e1\u0161 de\u0148, v\u00e1\u0161 sp\u00f4sob<\/h3>\n<ul>\n<li><strong>Sofistikovan\u00fd dizajn:<\/strong> Vychutnajte si luxus pri pilotovan\u00ed modelu Saxdor 200 z roku 2023, ktor\u00fd je zn\u00e1my svoj\u00edm \u0161t\u00fdlov\u00fdm vzh\u013eadom a pohodln\u00fdmi sedadlami.<\/li>\n<li><strong>Nezabudnute\u013en\u00e9 v\u00fdh\u013eady:<\/strong> Vydajte sa k zn\u00e1mym \u00fatesom Masca a Los Gigantes, kde sa morsk\u00e9mu \u017eivotu dar\u00ed v jeho prirodzenom prostred\u00ed.<\/li>\n<li><strong>Pl\u00e1vanie na samote:<\/strong> Zakotvite v pokojn\u00fdch z\u00e1tok\u00e1ch, ktor\u00e9 s\u00fa ide\u00e1lne na k\u00fapanie, \u0161norchlovanie alebo len na opa\u013eovanie.<\/li>\n<li><strong>Pote\u0161enie na palube:<\/strong> Pren\u00e1jom zah\u0155\u0148a mo\u017enos\u0165 vychutna\u0165 si jedlo na vode a obohati\u0165 z\u00e1\u017eitok o kulin\u00e1rske \u0161peciality.<\/li>\n<li><strong>Bezprobl\u00e9mov\u00e1 plavba:<\/strong> V\u010faka v\u00fdkonn\u00e9mu motoru a pou\u017e\u00edvate\u013esky pr\u00edvetiv\u00e9mu ovl\u00e1daniu zaru\u010duje Saxdor 200 plynul\u00fa plavbu po vln\u00e1ch.<\/li>\n<\/ul>\n<h3>\u2728 Podrobnosti o pren\u00e1jme vozidla Saxdor 200<\/h3>\n<p><strong>Z\u00e1\u017eitok na mieru:<\/strong> \u010ci u\u017e h\u013ead\u00e1te int\u00edmny jednod\u0148ov\u00fd v\u00fdlet pre dvoch alebo \u017eiv\u00fd v\u00fdlet s priate\u013emi, n\u00e1\u0161 Saxdor 200, ktor\u00fd pojme a\u017e 6 os\u00f4b, je vybaven\u00fd na v\u0161etky pr\u00edle\u017eitosti. Ka\u017ed\u00fd pren\u00e1jom je vybaven\u00fd komplexn\u00fdm poradenstvom, ktor\u00e9 v\u00e1m zaru\u010d\u00ed, \u017ee \u010das str\u00e1ven\u00fd na mori bude bezpe\u010dn\u00fd a pr\u00edjemn\u00fd.<\/p>\n<p><strong>Pren\u00e1jom, ktor\u00fd vyhovie ka\u017ed\u00e9mu:<\/strong> Ide\u00e1lny pre rodiny, skupiny alebo samostatn\u00fdch dobrodruhov, Saxdor 200 s licenciou s\u013eubuje jedine\u010dn\u00fa kombin\u00e1ciu luxusu a dobrodru\u017estva, ktor\u00fa dop\u013a\u0148a n\u00e1dhern\u00e1 scen\u00e9ria pobre\u017eia Tenerife.<\/p>\n<h3>\ud83d\udea4 Pr\u00edprava na cestu so Saxdorom 200<\/h3>\n<p>Pripravte sa na v\u00fdnimo\u010dn\u00fd de\u0148 str\u00e1ven\u00fd pri vode z\u00e1kladn\u00fdmi potrebami, ako s\u00fa plavky a opa\u013eovac\u00ed kr\u00e9m. Poskytneme v\u00e1m v\u0161etko potrebn\u00e9 naviga\u010dn\u00e9 vybavenie a vy sa budete m\u00f4c\u0165 s\u00fastredi\u0165 na objavovanie a rados\u0165 z plavby.<\/p>\n<p>Uistite sa, \u017ee m\u00e1te po ruke fotoapar\u00e1t, aby ste mohli zachyti\u0165 kr\u00e1su pobre\u017eia Tenerife a morsk\u00fd \u017eivot, ktor\u00fd tancuje pod vlnami. S lo\u010fou CanaryVIP je ka\u017ed\u00fd okamih na palube Saxdor 200 navrhnut\u00fd tak, aby bol nezabudnute\u013en\u00fd.<\/p>\n<h3>\ud83d\ude99 Miesto nalodenia a parkovisko<\/h3>\n<p><strong>Vyrazi\u0165 z <a href=\"https:\/\/maps.app.goo.gl\/F7XZ1rpbWXBTYFND9\" target=\"_blank\" rel=\"noopener\">Los Gigantes<\/a>:<\/strong> Va\u0161e n\u00e1morn\u00e9 dobrodru\u017estvo sa za\u010d\u00edna na <strong>Puerto de Los Gigantes.<\/strong> Pohodln\u00e9 parkovanie v pr\u00edstave v\u00e1m umo\u017en\u00ed za\u010da\u0165 v\u00fdlet bez stresu. Odpor\u00fa\u010dame pr\u00eds\u0165 o nie\u010do sk\u00f4r, aby ste si zabezpe\u010dili bezprobl\u00e9mov\u00fd odchod.<\/p>\n<h3>\ud83d\udea4 K dispoz\u00edcii aj: Pren\u00e1jom Compass 160e bez licencie<\/h3>\n<p>Pre t\u00fdch, ktor\u00ed d\u00e1vaj\u00fa prednos\u0165 vo\u013enej\u0161ej plavbe, pon\u00fakame aj<strong> <a href=\"https:\/\/canaryvip.com\/sk\/shop\/rent-boat-compass-160e-without-license\/\">Compass 160e,<\/a><\/strong> k dispoz\u00edcii na pren\u00e1jom lode bez licencie. T\u00e1to mo\u017enos\u0165 je ide\u00e1lna pre dobrodruhov, ktor\u00ed chc\u00fa sami riadi\u0165 svoj kurz v n\u00e1dhern\u00fdch vod\u00e1ch Tenerife.<\/p>\n<p>Vyrazte z rovnakej v\u00fdhodnej lokality v Puerto de Los Gigantes a objavte slobodu mora bez toho, aby ste potrebovali lodn\u00fd preukaz. \u010ci u\u017e chcete presk\u00fama\u0165 od\u013eahl\u00e9 z\u00e1toky alebo si jednoducho u\u017e\u00edva\u0165 otvoren\u00fa vodu vlastn\u00fdm tempom, Compass 160e je spo\u013eahlivou a \u0161t\u00fdlovou vo\u013ebou.<\/p>\n<h3>\ud83c\udf1f Z\u00e1v\u00e4zok spolo\u010dnosti CanaryVIP vo\u010di v\u00e1m<\/h3>\n<p>V spolo\u010dnosti CanaryVIP je va\u0161a spokojnos\u0165 na\u0161\u00edm najvy\u0161\u0161\u00edm z\u00e1ujmom. Vyu\u017eite flexibiln\u00e9 storno podmienky, ktor\u00e9 v\u00e1m zabezpe\u010dia pokoj pri rezerv\u00e1cii pren\u00e1jmu vozidla Saxdor 200. Na\u0161\u00edm cie\u013eom je pon\u00faknu\u0165 v\u00fdnimo\u010dn\u00fd z\u00e1\u017eitok, ktor\u00fd pod\u010diarkuje d\u00f4kladn\u00e1 pozornos\u0165 venovan\u00e1 bezpe\u010dnosti a v\u00e1\u0161e\u0148 pre zdie\u013eanie n\u00e1dhery mor\u00ed Tenerife.<\/p>\n<p>Vydajte sa na cestu objavovania s <strong>Saxdor 200 s licenciou,<\/strong>\u00a0, plavba po majest\u00e1tnych vod\u00e1ch Tenerife a objavovanie skryt\u00fdch skvostov na pobre\u017e\u00ed <strong>Los Gigantes.<\/strong><\/p>\n<p>Rezervujte si teraz exkluz\u00edvne n\u00e1morn\u00e9 dobrodru\u017estvo, ktor\u00e9 sp\u00e1ja slobodu, luxus a pr\u00edrodn\u00e9 kr\u00e1sy Kan\u00e1rskych ostrovov.<\/p>","protected":false},"excerpt":{"rendered":"<p><strong>\ud83d\udd0d No Worries Charta:<\/strong><br \/>\n\u2705 Bezpe\u010dn\u00e1 platba.<br \/>\n\ud83e\udeaa Potrebn\u00fd lodn\u00fd preukaz.<br \/>\n\ud83d\udee5\ufe0f 6 m dlh\u00fd \u010dln.<br \/>\n\u23f3 Denn\u00fd pren\u00e1jom 3-8 hod\u00edn.<br \/>\n\ud83d\udd59 Prisp\u00f4sobite\u013en\u00e9 \u010dasy odchodu.<br \/>\n\ud83d\udc65 Maxim\u00e1lne 6 host\u00ed.<br \/>\n\ud83e\udd3f Vybavenie na \u0161norchlovanie je k dispoz\u00edcii.<br \/>\n\ud83e\udd11 Garancia najlep\u0161ej ceny.<br \/>\n\ud83d\udc6a Z\u013eavy aktivovan\u00e9.<br \/>\n\ud83d\udd01 Storno do 4 dn\u00ed.<br \/>\n\ud83c\udf0d Viacjazy\u010dn\u00e1 pos\u00e1dka.<br \/>\n\ud83c\udf1f Rezervujte si v\u010das a u\u0161etrite!<br \/>\n\ud83d\udccd Odchod z\u00a0<a href=\"https:\/\/maps.app.goo.gl\/F7XZ1rpbWXBTYFND9\">Los Gigantes<\/a>.<\/p>","protected":false},"featured_media":11029,"comment_status":"open","ping_status":"closed","template":"","meta":{"_acf_changed":false},"product_brand":[],"product_cat":[130],"product_tag":[],"class_list":{"0":"post-10904","1":"product","2":"type-product","3":"status-publish","4":"has-post-thumbnail","6":"product_cat-self-drive-boat-hire","7":"wcpa_has_options","9":"first","10":"instock","11":"virtual","12":"purchasable","13":"product-type-simple"},"acf":[],"wcpa_form_fields":{"wcpaData":{"product":{"product_price":300,"price_html":"From&nbsp;<span class=\"woocommerce-Price-amount amount\"><bdi>300,00&nbsp;<span class=\"woocommerce-Price-currencySymbol\">&euro;<\/span><\/bdi><\/span>","original_product_price":300,"price_including_tax":300,"price_excluding_tax":300,"product_id":{"parent":10904,"variation":false},"is_variable":false,"stock_status":"instock","stock_quantity":null,"parent_sku":"CV10904","product_attributes":[],"custom_fields":[],"is_taxable":false,"product_name":"Rent Boat Saxdor 200 with License Tenerife","hasImage":false},"fields":{"sec_4668282996d361":{"extra":{"key":"sec_4668282996d361","section_id":"sec_4668282996d361","name":"Contact us","status":1,"cl_rule":"show","enableCl":false,"relations":[],"toggle":true,"title_tag":"h3","show_title":false,"showPrice":"default","form_id":12153,"form_rules":{"exclude_from_discount":true,"fee_label":"Fee","disp_hide_options_price":true,"disp_show_section_price":false,"disp_show_field_price":true,"layout_option":"standard","pric_use_as_fee":false,"process_fee_as":"woo_fee"},"layout_option":"standard"},"fields":[[{"active":true,"col":6,"relations":false,"cl_rule":"show","enableCl":false,"price":"","enablePrice":false,"className":"","label_position":"default","desc_position":"default","type":"content","required":false,"elementId":"content_8291538701","label":"","name":"content_8291538701","contentType":"rich","value":"<p><a href=\"https:\/\/api.whatsapp.com\/send\/?phone=34629670312&amp;text&amp;type=phone_number&amp;app_absent=0\" target=\"_blank\"><strong>Contact us on WhatsApp<\/strong><\/a><strong> to get a personalized price for this activity\/excursion\/rental.<\/strong><\/p>","error":false,"subtype":"div","gt_translate_keys":["label","value"],"price_dependency":false,"cl_dependency":false}]]}},"config":{"price_override":"","enable_recaptcha":false,"bind_quantity":false,"quantity_bind_formula":false,"disp_summ_show_option_price":true,"disp_summ_show_product_price":true,"disp_summ_show_total_price":true,"disp_summ_show_fee":true,"disp_summ_show_discount":true,"summary_title":"","options_total_label":"Options Price","total_label":"Total","options_product_label":"Product Price","fee_label":"Fee","discount_label":"Discount","has_price":true,"has_quantity_formula":false},"mc_unit":1,"tax_rate":1,"tax_rate_real":1,"discount":{"percentage":0,"fixed":0},"design":{"conf":{"LabelPosition":"above","DescPosition":"above","UploadField":"custom_1","QuantityFieldStyle":"custom_1"},"css":{"LeftLabelWidth":"120px"}},"formulas":[],"lookuptables":[],"clones":false,"cartKey":false}},"_links":{"self":[{"href":"https:\/\/canaryvip.com\/sk\/wp-json\/wp\/v2\/product\/10904","targetHints":{"allow":["GET"]}}],"collection":[{"href":"https:\/\/canaryvip.com\/sk\/wp-json\/wp\/v2\/product"}],"about":[{"href":"https:\/\/canaryvip.com\/sk\/wp-json\/wp\/v2\/types\/product"}],"replies":[{"embeddable":true,"href":"https:\/\/canaryvip.com\/sk\/wp-json\/wp\/v2\/comments?post=10904"}],"wp:featuredmedia":[{"embeddable":true,"href":"https:\/\/canaryvip.com\/sk\/wp-json\/wp\/v2\/media\/11029"}],"wp:attachment":[{"href":"https:\/\/canaryvip.com\/sk\/wp-json\/wp\/v2\/media?parent=10904"}],"wp:term":[{"taxonomy":"product_brand","embeddable":true,"href":"https:\/\/canaryvip.com\/sk\/wp-json\/wp\/v2\/product_brand?post=10904"},{"taxonomy":"product_cat","embeddable":true,"href":"https:\/\/canaryvip.com\/sk\/wp-json\/wp\/v2\/product_cat?post=10904"},{"taxonomy":"product_tag","embeddable":true,"href":"https:\/\/canaryvip.com\/sk\/wp-json\/wp\/v2\/product_tag?post=10904"}],"curies":[{"name":"wp","href":"https:\/\/api.w.org\/{rel}","templated":true}]}}