{"id":10522,"date":"2024-03-23T17:19:31","date_gmt":"2024-03-23T17:19:31","guid":{"rendered":"https:\/\/canaryvip.com\/?post_type=product&#038;p=10522"},"modified":"2026-01-01T21:05:33","modified_gmt":"2026-01-01T21:05:33","slug":"submarine-tenerife","status":"publish","type":"product","link":"https:\/\/canaryvip.com\/sk\/shop\/submarine-tenerife\/","title":{"rendered":"Ponorkov\u00e9 safari Tenerife"},"content":{"rendered":"<h2>\ud83c\udf0a Ponorte sa s ponorkov\u00fdm safari na Tenerife<\/h2>\n<p>Za\u017eite dokonal\u00e9 dobrodru\u017estvo s na\u0161imi <strong>ponorkov\u00e9 safari Tenerife,<\/strong>\u00a0kde sa pod morsk\u00fdmi vlnami stret\u00e1va vzru\u0161uj\u00face objavovanie so vzdel\u00e1vac\u00edm v\u00fdskumom. T\u00e1to jedine\u010dn\u00e1 plavba v\u00e1s poz\u00fdva odhali\u0165 skryt\u00e9 z\u00e1zraky oce\u00e1nu a je povinnou jazdou pre ka\u017ed\u00e9ho objavite\u013ea. Hoci sa pozorovania morsk\u00e9ho \u017eivota l\u00ed\u0161ia, podstata tejto cesty je presved\u010div\u00fdm d\u00f4vodom, pre\u010do sa vyda\u0165 na <strong>ponorka Tenerife<\/strong> dobrodru\u017estvo.<\/p>\n<h4><strong>Presk\u00famajte ikonick\u00fa \u017elt\u00fa ponorku na Tenerife<\/strong><\/h4>\n<p>Na\u0161a ikonick\u00e1 \u017elt\u00e1 ponorka, technologick\u00fd z\u00e1zrak, sa pon\u00e1ra do h\u013abky oce\u00e1nu od 30 do 60 metrov. Sta\u0148te sa svedkami fascinuj\u00facej kr\u00e1sy podmorsk\u00e9ho sveta a dozviete sa o prev\u00e1dzkov\u00fdch zlo\u017eitostiach ponorky od na\u0161ej sk\u00fasenej pos\u00e1dky na palube tejto <strong>ponorkov\u00e9 safari Tenerife.<\/strong><\/p>\n<h4><strong>Ponorka Tenerife, ve\u013ekolep\u00e1 podmorsk\u00e1 prehliadka<\/strong><\/h4>\n<p>Na\u0161a ponorka je prisp\u00f4soben\u00e1 na dokonal\u00fd podmorsk\u00fd prieskum a pon\u00faka int\u00edmny poh\u013ead na morsk\u00e9 prostredie. Zatia\u013e \u010do stretnutia s ve\u013erybami a delf\u00ednmi s\u00fa menej \u010dast\u00e9 po\u010das <strong>ponorkov\u00e9 safari Tenerife,<\/strong>\u00a0odpor\u00fa\u010dame hos\u0165om, aby presk\u00famali na\u0161e <a href=\"https:\/\/canaryvip.com\/sk\/tenerife\/boat-excursions\/?swcfpc=1\">V\u00fdlety lo\u010fou na Tenerife na pozorovanie ve\u013er\u00fdb a delf\u00ednov<\/a> aby ste mali mo\u017enos\u0165 vidie\u0165 tieto n\u00e1dhern\u00e9 tvory z jedine\u010dnej perspekt\u00edvy.<\/p>\n<h2>\ud83d\udea4 Pripravte sa na podmorsk\u00e9 safari na Tenerife<\/h2>\n<p>Svoje dobrodru\u017estvo za\u010dnite komplexnou bezpe\u010dnostnou in\u0161trukt\u00e1\u017eou, ktor\u00e1 vedie k n\u00e1stupu na palubu. Ke\u010f sa usad\u00edte na svoje sedadlo, z ktor\u00fdch ka\u017ed\u00e9 je vybaven\u00e9 vyhliadkov\u00fdm oknom, bu\u010fte pripraven\u00ed na \u00fachvatn\u00e9 scen\u00e9rie, ktor\u00e9 sa v\u00e1m naskytn\u00fa po\u010das <strong>ponorkov\u00e9 safari Tenerife.<\/strong><\/p>\n<h4><strong>Objavte morsk\u00fa biodiverzitu Kan\u00e1rskych ostrovov<\/strong><\/h4>\n<p>Vody okolo Kan\u00e1rskych ostrovov prekypuj\u00fa \u017eivotom a pon\u00fakaj\u00fa \u00fa\u017easn\u00fa prehliadku miestnych r\u00fdb, raj\u00ed, a ak v\u00e1m bude pria\u0165 \u0161\u0165astie, aj delf\u00ednov alebo ve\u013er\u00fdb, \u010do e\u0161te viac umocn\u00ed va\u0161e <strong>ponorka Tenerife<\/strong> sk\u00fasenosti.<\/p>\n<h4><strong>Vylep\u0161en\u00fd z\u00e1\u017eitok z pozorovania pod vodou<\/strong><\/h4>\n<p>Na\u0161a ponorka je vybaven\u00e1 osobn\u00fdmi telev\u00edznymi obrazovkami v ka\u017edom pozorovacom pr\u00edstave, ktor\u00e9 pon\u00fakaj\u00fa alternat\u00edvne poh\u013eady a cenn\u00e9 inform\u00e1cie o plavbe ponorky vr\u00e1tane h\u013abky a teploty, \u010d\u00edm obohatia va\u0161u <strong>ponorkov\u00e9 safari Tenerife<\/strong> dobrodru\u017estvo.<\/p>\n<h2>\u2728 Z\u00e1kladn\u00e9 inform\u00e1cie pre va\u0161e ponorkov\u00e9 safari na Tenerife<\/h2>\n<p>Na\u0161a bezkonkuren\u010dn\u00e1 \u017elt\u00e1 ponorka zaru\u010duje pohodln\u00fd a bezpe\u010dn\u00fd prieskum pre v\u0161etk\u00fdch, \u010do z nej rob\u00ed najlep\u0161iu vo\u013ebu pre <strong>ponorka Tenerife<\/strong> dobrodru\u017estvo.<\/p>\n<h4><strong>Ponorkov\u00e9 safari Tenerife, \u010do potrebujete vedie\u0165<\/strong><\/h4>\n<p>Pribli\u017ene hodinu trvaj\u00faca prehliadka je pre n\u00e1s prioritou va\u0161ej bezpe\u010dnosti a pohodlia. Na skupinov\u00e9 rezerv\u00e1cie sa vz\u0165ahuj\u00fa \u0161peci\u00e1lne z\u013eavy, tak\u017ee ide o ide\u00e1lnu skupinov\u00fa aktivitu.<\/p>\n<h4><strong>\u010co uvid\u00edte<\/strong><\/h4>\n<p>Pripravte sa na stretnutia s rozmanit\u00fdm morsk\u00fdm \u017eivotom, pri\u010dom \u0161peci\u00e1lne funkcie na na\u0161ej ponorke umocnia v\u00e1\u0161 z\u00e1\u017eitok z pozorovania a zaru\u010dia, \u017ee ka\u017ed\u00fd okamih na palube bude nezabudnute\u013en\u00fd.<\/p>\n<h4><strong>Predt\u00fdm, ako sa vyd\u00e1te na cestu<\/strong><\/h4>\n<p>Nechajte si <strong>CanaryVIP<\/strong> pripravte si l\u00edstok a zv\u00e1\u017ete v\u0161etky potrebn\u00e9 opatrenia proti nevo\u013enosti z pohybu. Toto rodinn\u00e9 dobrodru\u017estvo je vhodn\u00e9 pre \u00fa\u010dastn\u00edkov od 2 rokov, pri\u010dom deti do 16 rokov musia by\u0165 v sprievode dospelej osoby.<\/p>\n<h3>\ud83d\ude99 Bezplatn\u00e9 vyzdvihnutie, stretnutie a inform\u00e1cie o pravidl\u00e1ch<\/h3>\n<p>Va\u0161a str\u00e1nka <strong>ponorka Tenerife<\/strong> dobrodru\u017estvo za\u010d\u00edna na <a href=\"https:\/\/maps.app.goo.gl\/NhudtS2DwkDHnEAP8\" target=\"_blank\" rel=\"noopener\">Puerto Amarilla Marina<\/a> v San Miguel de Abona. Pros\u00edm, uistite sa, \u017ee ste pri\u0161li aspo\u0148 15 min\u00fat pred odchodom s l\u00edstkom, aby ste mohli bezprobl\u00e9movo za\u010da\u0165.<\/p>\n<h4><strong>Bezplatn\u00e9 a platen\u00e9 slu\u017eby vyzdvihnutia<\/strong><\/h4>\n<p>Pre va\u0161e pohodlie pon\u00fakame bezplatn\u00e9 vyzdvihnutie z miest na juhu Tenerife, \u010d\u00edm v\u00e1m zabezpe\u010d\u00edme jednoduch\u00fd a pohodln\u00fd sp\u00f4sob, ako sa k n\u00e1m dosta\u0165. Okrem toho je pre na\u0161ich host\u00ed ubytovan\u00fdch na severe Tenerife k dispoz\u00edcii platen\u00e1 slu\u017eba vyzdvihnutia, ktor\u00e1 poskytuje pr\u00edstup k na\u0161im jedine\u010dn\u00fdm z\u00e1\u017eitkom z cel\u00e9ho ostrova.<\/p>\n<h4><strong>Bezprobl\u00e9mov\u00e9 zru\u0161enie pre va\u0161e pohodlie<\/strong><\/h4>\n<p>Poskytujeme flexibilitu pri zru\u0161en\u00ed alebo zmene term\u00ednu do 24 hod\u00edn pred prehliadkou bez ak\u00fdchko\u013evek dodato\u010dn\u00fdch n\u00e1kladov. Neskor\u00e9 zru\u0161enie alebo nedostavenie sa na prehliadku bude spoplatnen\u00e9, \u010do je s\u00fa\u010das\u0165ou n\u00e1\u0161ho z\u00e1v\u00e4zku k spravodlivosti pre v\u0161etk\u00fdch na\u0161ich host\u00ed.<\/p>\n<p>Pridajte sa k CanaryVIP a za\u017eite jedine\u010dn\u00fa <strong>ponorkov\u00e9 safari Tenerife,<\/strong>\u00a0kde sa sp\u00e1ja bezpe\u010dnos\u0165, p\u00f4\u017eitok a re\u0161pekt k morsk\u00e9mu prostrediu do neoby\u010dajn\u00e9ho objavovania hlb\u00edn oce\u00e1nu. Ste pripraven\u00ed na dobrodru\u017estvo? Ponorte sa s nami a objavte tajomstv\u00e1 podmorsk\u00e9ho sveta!<\/p>","protected":false},"excerpt":{"rendered":"<p><strong>\ud83d\udd0d Ponorka Tenerife:<\/strong><br \/>\n\u2705 Bezpe\u010dn\u00e1 platba.<br \/>\n\ud83d\udc1f Objavte morsk\u00fd \u017eivot.<br \/>\n\ud83d\ude80 1h V\u00fdlety.<br \/>\n<span>\ud83d\udd59 Viacer\u00e9 \u010dasov\u00e9 r\u00e1mce.<\/span><br \/>\n\ud83d\udcc5 Ka\u017ed\u00fd de\u0148 okrem soboty.<br \/>\n\ud83e\udd11 Garancia najlep\u0161ej ceny.<br \/>\n\ud83d\udc6a Z\u013eavy aktivovan\u00e9.<br \/>\n\ud83d\udd01 Do 24 hod\u00edn Zru\u0161enie.<br \/>\n\ud83c\udf0d Viacjazy\u010dn\u00e1 pos\u00e1dka.<br \/>\n\ud83c\udf1f Rezervujte teraz a u\u0161etrite!<br \/>\n\ud83d\udccd Odchod z <a href=\"https:\/\/maps.app.goo.gl\/aeD9xSzsoLo9TsdF8\" target=\"_blank\" rel=\"noopener\">Amarilla Golf<\/a>.<\/p>","protected":false},"featured_media":10706,"comment_status":"open","ping_status":"closed","template":"","meta":{"_acf_changed":false},"product_brand":[],"product_cat":[46],"product_tag":[],"class_list":{"0":"post-10522","1":"product","2":"type-product","3":"status-publish","4":"has-post-thumbnail","6":"product_cat-boat-excursions","7":"wcpa_has_options","9":"first","10":"instock","11":"virtual","12":"purchasable","13":"product-type-simple"},"acf":[],"wcpa_form_fields":{"wcpaData":{"product":{"product_price":61,"price_html":"From&nbsp;<span class=\"woocommerce-Price-amount amount\"><bdi>61,00&nbsp;<span class=\"woocommerce-Price-currencySymbol\">&euro;<\/span><\/bdi><\/span>","original_product_price":61,"price_including_tax":61,"price_excluding_tax":61,"product_id":{"parent":10522,"variation":false},"is_variable":false,"stock_status":"instock","stock_quantity":null,"parent_sku":"CV10522","product_attributes":[],"custom_fields":[],"is_taxable":false,"product_name":"Submarine Safari Tenerife","hasImage":false},"fields":{"sec_7661bc90f5e8c6":{"extra":{"key":"sec_7661bc90f5e8c6","section_id":"sec_7661bc90f5e8c6","name":"Default","status":1,"cl_rule":"show","enableCl":false,"relations":[],"toggle":true,"title_tag":"h3","show_title":false,"showPrice":"default","form_id":11259,"form_rules":{"exclude_from_discount":true,"fee_label":"Fee","disp_hide_options_price":true,"disp_show_section_price":false,"disp_show_field_price":true,"layout_option":"standard","pric_use_as_fee":false,"process_fee_as":"woo_fee"},"layout_option":"standard"},"fields":[[{"label":"\ud83d\udcc5 Date","active":true,"required":true,"elementId":"date_9661bc90f5e8e5","picker_type":"custom","picker_mode":"single","placeholder":"","description":"","tooltip":"","name":"date_9661bc90f5e8e5","label_position":"default","desc_position":"default","enablePrice":false,"className":"","enableCl":false,"relations":[{"operator":"and","rules":[{"operator":"AND","rules":{"cl_field":"radio-group_5661bc90f5e8f5","cl_relation":"is_not_empty","cl_val":"3 Hour Trip"}}]}],"date_pic_inline":true,"date_pic_inline_hide":true,"min_date":{"type":"days","val":"2"},"max_date":{"type":"days","val":"365"},"date_pic_conf":{"disabledWeeks":[6],"disabledDates":["2024-05-19 to 2024-05-25"]},"price":"","cl_rule":"show","col":6,"type":"date","error":false,"enableDesign":false,"LabelColor":"","gt_translate_keys":["label","placeholder","description","tooltip"],"price_dependency":false,"cl_dependency":false,"value":""}],[{"active":true,"col":6,"relations":false,"cl_rule":"show","enableCl":false,"price":"","enablePrice":false,"className":"","label_position":"default","desc_position":"default","type":"content","required":false,"elementId":"content_10661bc90f5e917","label":"People","name":"content_10661bc90f5e917","contentType":"plain","value":"","error":false,"show_in_checkout":true,"inline":false,"gt_translate_keys":["label","value"],"price_dependency":false,"cl_dependency":false}],[{"active":true,"col":6,"relations":[{"operator":false,"rules":[{"operator":"AND","rules":{"cl_field":"","cl_relation":"","cl_val":""}}]}],"cl_rule":"show","enableCl":true,"price":"61","enablePrice":true,"className":"","label_position":"default","desc_position":"default","type":"radio-group","required":false,"elementId":"radio-group_5661bc90f5e923","label":"","name":"radio-group_5661bc90f5e923","values":[{"label":"\ud83d\udc64 Adult (61\u20ac)","value":"Adult","selected":true,"tempId":"aco_32","tooltip":"+15 Years","description":"","gt_translate_keys":["label","tooltip","description"]}],"layOut":"","error":false,"checkUi":"button","priceOptions":"fixed_for_all","pricingType":"fixed","enable_quantity":true,"quantity_label":"","min_quantity":"0","options_tooltip":true,"options_description":true,"gt_translate_keys":["label","quantity_label"],"price_dependency":false,"cl_dependency":false,"value":""}],[{"label":"","active":true,"required":false,"elementId":"radio-group_6661bc90f5e92d","name":"radio-group_6661bc90f5e92d","label_position":"default","desc_position":"default","enablePrice":true,"className":"","enableCl":true,"relations":[{"operator":false,"rules":[{"operator":"AND","rules":{"cl_field":"","cl_relation":"","cl_val":""}}]}],"enable_quantity":true,"quantity_label":"","min_quantity":"0","checkUi":"button","layOut":"","options_tooltip":true,"options_description":true,"values":[{"label":"\ud83d\udc66 Child (37\u20ac)","value":"Child","selected":true,"tempId":"aco_32","tooltip":"2-14 Years","description":"","gt_translate_keys":["label","tooltip","description"]}],"priceOptions":"fixed_for_all","pricingType":"fixed","price":"37","cl_rule":"show","col":6,"type":"radio-group","error":false,"gt_translate_keys":["label","quantity_label"],"price_dependency":false,"cl_dependency":false,"value":""}],[{"active":true,"col":6,"relations":false,"cl_rule":"show","enableCl":false,"price":"","enablePrice":false,"className":"","label_position":"default","desc_position":"default","type":"select","required":false,"elementId":"select_2793421639","label":"\ud83c\udf0e Tour Language","name":"select_2793421639","values":[{"label":"\ud83c\uddec\ud83c\udde7 English","value":"English","selected":false,"tempId":"aco_744","gt_translate_keys":["label"]},{"label":"\ud83c\uddea\ud83c\uddf8 Spanish","value":"Spanish","selected":false,"tempId":"aco_754","gt_translate_keys":["label"]},{"label":"\ud83c\udde9\ud83c\uddf0 Danish","value":"Danish","selected":false,"tempId":"aco_354","gt_translate_keys":["label"]},{"label":"\ud83c\udde9\ud83c\uddea Deutsch","value":"Deutsch","selected":false,"tempId":"aco_355","gt_translate_keys":["label"]},{"label":"\ud83c\uddf3\ud83c\uddf1 Dutch","value":"Dutch","selected":false,"tempId":"aco_356","gt_translate_keys":["label"]},{"label":"\ud83c\uddeb\ud83c\uddee Finnish","value":"Finnish","selected":false,"tempId":"aco_1070","gt_translate_keys":["label"]},{"label":"\ud83c\uddeb\ud83c\uddf7 French","value":"French","selected":false,"tempId":"aco_1278","gt_translate_keys":["label"]},{"label":"\ud83c\udded\ud83c\uddfa Hungarian","value":"Hungarian","selected":false,"tempId":"aco_1396","gt_translate_keys":["label"]},{"label":"\ud83c\uddee\ud83c\uddf9 Italian","value":"Italian","selected":false,"tempId":"aco_1568","gt_translate_keys":["label"]},{"label":"\ud83c\uddf5\ud83c\uddf1 Polish","value":"Polish","selected":false,"tempId":"aco_1650","gt_translate_keys":["label"]},{"label":"\ud83c\uddf7\ud83c\uddf4 Romanian","value":"Romanian","selected":false,"tempId":"aco_1660","gt_translate_keys":["label"]},{"label":"\ud83c\uddf8\ud83c\uddea Swedish","value":"Swedish","selected":false,"tempId":"aco_1922","gt_translate_keys":["label"]}],"dropdown_type":"basic","error":false,"placeholder":"Select Preferred Language","gt_translate_keys":["label","placeholder"],"price_dependency":false,"cl_dependency":false,"value":""}]]},"sec_10661bc90f5e958":{"extra":{"key":"sec_10661bc90f5e958","section_id":"sec_10661bc90f5e958","name":"Shuttle Service?","status":1,"cl_rule":"show","enableCl":false,"relations":[{"operator":false,"rules":[{"operator":"AND","rules":{"cl_field":"radio-group_5661bc90f5e8f5","cl_relation":"is_not_empty","cl_val":""}}]}],"toggle":true,"title_tag":"h4","show_title":false,"showPrice":"default","form_id":11259,"form_rules":{"exclude_from_discount":true,"fee_label":"Fee","disp_hide_options_price":true,"disp_show_section_price":false,"disp_show_field_price":true,"layout_option":"standard","pric_use_as_fee":false,"process_fee_as":"woo_fee"},"layout_option":"standard"},"fields":[[{"active":true,"col":6,"relations":false,"cl_rule":"show","enableCl":false,"price":"","enablePrice":false,"className":"","label_position":"default","desc_position":"default","type":"separator","required":false,"elementId":"separator_2797064121","label":"Separator Field","height":"4","separatorType":"blank","error":false,"gt_translate_keys":["label"],"price_dependency":false,"cl_dependency":false,"value":""}],[{"active":true,"col":6,"relations":[{"operator":false,"rules":[{"operator":"or","rules":{"cl_field":"checkbox_9661bc90f5e962","cl_relation":"is_empty","cl_val":"Adult (57\u20ac)"}},{"operator":"AND","rules":{"cl_field":"checkbox_9661bc90f5e962","cl_relation":"is","cl_val":false}}]}],"cl_rule":"show","enableCl":true,"price":"","enablePrice":false,"className":"","label_position":"default","desc_position":"default","type":"text","subtype":"text","required":false,"elementId":"text_4981331526","label":"\ud83d\ude8c South Tenerife Free Pickup","name":"text_4981331526","value":"","description":"Free pick-up service in Tenerife South. Simply provide your address or hotel name.","error":false,"gt_translate_keys":["label","description","value"],"price_dependency":false,"cl_dependency":false}],[{"active":true,"col":6,"relations":false,"cl_rule":"show","enableCl":false,"price":"","enablePrice":false,"className":"","label_position":"default","desc_position":"default","type":"separator","required":false,"elementId":"separator_8316621916","label":"Separator Field","height":"10","separatorType":"blank","gt_translate_keys":["label"],"price_dependency":false,"cl_dependency":false,"value":""}],[{"active":true,"col":6,"relations":false,"cl_rule":"show","enableCl":false,"price":"({field.radio-group_5661bc90f5e923.quantity}*13)+({field.radio-group_6661bc90f5e92d.quantity}*8)","enablePrice":true,"className":"","label_position":"default","desc_position":"below","type":"checkbox","required":false,"elementId":"checkbox_9661bc90f5e962","label":"Pickup from North Tenerife? (13\u20ac)","name":"checkbox_9661bc90f5e962","value":"","check_value":"Yes","checkUi":"toggle","error":false,"description":"Pick-up from your hotel in North Tenerife available for an extra \u20ac13\/adult and \u20ac8\/child.","pricingType":"custom","isTemplate":false,"gt_translate_keys":["label","description","value","check_value"],"price_dependency":false,"cl_dependency":["text_4981331526","text_4981331526","text-6367321769"]}],[{"label":"\ud83d\ude8c North Tenerife Pickup Location","active":true,"required":false,"elementId":"text-6367321769","value":"","description":"Pick-up service in Tenerife North. Simply provide your address or hotel name.","name":"text-6367321769","label_position":"default","desc_position":"default","enablePrice":false,"className":"","enableCl":true,"relations":[{"operator":false,"rules":[{"operator":"AND","rules":{"cl_field":"checkbox_9661bc90f5e962","cl_relation":"is","cl_val":true}}]}],"subtype":"text","price":"","cl_rule":"show","col":6,"type":"text","error":false,"gt_translate_keys":["label","description","value"],"price_dependency":false,"cl_dependency":false}]]}},"config":{"price_override":"always","enable_recaptcha":false,"bind_quantity":false,"quantity_bind_formula":false,"disp_summ_show_option_price":true,"disp_summ_show_product_price":false,"disp_summ_show_total_price":true,"disp_summ_show_fee":true,"disp_summ_show_discount":true,"summary_title":"","options_total_label":"Options Price","total_label":"Total Amount","options_product_label":"Product Price","fee_label":"Fee","discount_label":"Discount","has_price":true,"has_quantity_formula":false},"mc_unit":1,"tax_rate":1,"tax_rate_real":1,"discount":{"percentage":0,"fixed":0},"design":{"conf":{"LabelPosition":"above","DescPosition":"above","UploadField":"custom_1","QuantityFieldStyle":"custom_1"},"css":{"LeftLabelWidth":"120px"}},"formulas":[],"lookuptables":[],"clones":false,"cartKey":false}},"_links":{"self":[{"href":"https:\/\/canaryvip.com\/sk\/wp-json\/wp\/v2\/product\/10522","targetHints":{"allow":["GET"]}}],"collection":[{"href":"https:\/\/canaryvip.com\/sk\/wp-json\/wp\/v2\/product"}],"about":[{"href":"https:\/\/canaryvip.com\/sk\/wp-json\/wp\/v2\/types\/product"}],"replies":[{"embeddable":true,"href":"https:\/\/canaryvip.com\/sk\/wp-json\/wp\/v2\/comments?post=10522"}],"wp:featuredmedia":[{"embeddable":true,"href":"https:\/\/canaryvip.com\/sk\/wp-json\/wp\/v2\/media\/10706"}],"wp:attachment":[{"href":"https:\/\/canaryvip.com\/sk\/wp-json\/wp\/v2\/media?parent=10522"}],"wp:term":[{"taxonomy":"product_brand","embeddable":true,"href":"https:\/\/canaryvip.com\/sk\/wp-json\/wp\/v2\/product_brand?post=10522"},{"taxonomy":"product_cat","embeddable":true,"href":"https:\/\/canaryvip.com\/sk\/wp-json\/wp\/v2\/product_cat?post=10522"},{"taxonomy":"product_tag","embeddable":true,"href":"https:\/\/canaryvip.com\/sk\/wp-json\/wp\/v2\/product_tag?post=10522"}],"curies":[{"name":"wp","href":"https:\/\/api.w.org\/{rel}","templated":true}]}}