{"id":10465,"date":"2024-03-22T00:31:19","date_gmt":"2024-03-22T00:31:19","guid":{"rendered":"https:\/\/canaryvip.com\/?post_type=product&#038;p=10465"},"modified":"2025-08-09T12:48:53","modified_gmt":"2025-08-09T11:48:53","slug":"kayaking-tenerife","status":"publish","type":"product","link":"https:\/\/canaryvip.com\/sk\/shop\/kayaking-tenerife\/","title":{"rendered":"Kajakovanie s korytna\u010dkami Tenerife"},"content":{"rendered":"<h2><strong>\ud83d\udea3 Kajakovanie na Tenerife - p\u00e1dlovanie rajom<\/strong><\/h2>\n<p>Objavte kr\u00e1su pokojn\u00fdch v\u00f4d Tenerife s na\u0161imi bezkonkuren\u010dn\u00fdmi <strong>Dobrodru\u017estv\u00e1 na kajaku.<\/strong>\u00a0. Poc\u00ed\u0165te rados\u0165 z plavby po mori, kde sa vzru\u0161enie z akt\u00edvnych \u0161portov sn\u00fabi s upokojuj\u00facou n\u00e1ru\u010dou pr\u00edrody. S na\u0161imi <strong>kajakovanie Tenerife<\/strong> prehliadky, svedectvo <a href=\"https:\/\/canaryvip.com\/sk\/tenerife\/boat-excursions\/\"><strong>pozorovania delf\u00ednov<\/strong><\/a> a <strong>\u0161norchlovanie s korytna\u010dkami<\/strong> s re\u0161pektom a bez ru\u0161iv\u00fdch z\u00e1sahov a pon\u00faka ide\u00e1lne \u00fato\u010disko pre milovn\u00edkov pr\u00edrody.<\/p>\n<h3><strong>\u23f1\ufe0f Prieskum oce\u00e1nu s kajakom na Tenerife<\/strong><\/h3>\n<ul>\n<li><strong>Dobrodru\u017estvo:<\/strong> Spustite svoj <strong>kajakovanie Tenerife<\/strong> vydajte sa na cestu z pobre\u017eia Los Cristianos a vydajte sa na kombin\u00e1ciu vodn\u00e9ho cvi\u010denia a p\u00f4vabu otvoren\u00e9ho mora. Na\u0161e v\u00fdlety s\u013eubuj\u00fa intenz\u00edvne p\u00e1dlovanie a osobn\u00e9 stretnutia s pestr\u00fdm morsk\u00fdm \u017eivotom Tenerife.<\/li>\n<li><strong>Vlastnosti:<\/strong> Aj ke\u010f sa pozorovania divokej zveri m\u00f4\u017eu l\u00ed\u0161i\u0165, na\u0161a snaha poskytn\u00fa\u0165 v\u00fdnimo\u010dn\u00fd <strong>kajakovanie Tenerife<\/strong> sk\u00fasenos\u0165 zost\u00e1va kon\u0161tantn\u00e1.<\/li>\n<li><strong>Pridan\u00e9 v\u00fdhody:<\/strong> Okrem vzru\u0161uj\u00facej jazdy na kajaku vyu\u017eite mo\u017enos\u0165 \u0161norchlovania v kri\u0161t\u00e1\u013eov\u00fdch vod\u00e1ch Palm Mar, ktor\u00e9 s\u00fa \u00fato\u010diskom morsk\u00fdch korytna\u010diek a mno\u017estva morsk\u00fdch druhov. Obohat\u00edte tak svoje dobrodru\u017estvo a umo\u017en\u00edte si bl\u00edzke stretnutie s divmi oce\u00e1nu.<\/li>\n<\/ul>\n<h3><strong>\ud83c\udf0a Stretnutie s morsk\u00fdm \u017eivotom po\u010das kajakovania na Tenerife<\/strong><\/h3>\n<ul>\n<li><strong>Sk\u00fasenosti:<\/strong> P\u00e1dlujte v pokojn\u00fdch vod\u00e1ch Tenerife na na\u0161ej <strong>v\u00fdlety na kajaku<\/strong> na pozorovanie delf\u00ednov v ich prirodzenom prostred\u00ed. Hoci pl\u00e1vanie s delf\u00ednmi nepovo\u013eujeme, na\u0161e v\u00fdlety pestuj\u00fa pocit re\u0161pektu a \u00facty k t\u00fdmto n\u00e1dhern\u00fdm tvorom.<\/li>\n<li><strong>Najd\u00f4le\u017eitej\u0161ie inform\u00e1cie:<\/strong> V r\u00e1mci \u0161norchlovania sa m\u00f4\u017eete ponori\u0165 do podmorsk\u00e9ho sveta s ve\u013ekou pravdepodobnos\u0165ou, \u017ee budete pl\u00e1va\u0165 ved\u013ea korytna\u010diek a raj\u00ed, \u010do v\u00e1m uk\u00e1\u017ee n\u00e1dheru a rozmanitos\u0165 morsk\u00e9ho \u017eivota na Tenerife.<\/li>\n<li><strong>Pohodlie:<\/strong> Vyberte si na\u0161u slu\u017ebu vyzdvihnutia bez stresu za mal\u00fd pr\u00edplatok, ktor\u00e1 v\u00e1m zaru\u010d\u00ed bezprobl\u00e9mov\u00fd za\u010diatok v\u00e1\u0161ho <strong>kajakovanie Tenerife<\/strong> dobrodru\u017estvo. Uprednost\u0148ujeme va\u0161e pohodlie a zabezpe\u010dujeme, aby ka\u017ed\u00e1 \u010das\u0165 va\u0161ej cesty bola bezprobl\u00e9mov\u00e1.<\/li>\n<\/ul>\n<h3>\ud83c\udf1f Z\u00e1kladn\u00e9 inform\u00e1cie pre v\u00e1\u0161 z\u00e1\u017eitok z kajakovania na Tenerife<\/h3>\n<ul>\n<li><strong>Zaistenie bezpe\u010dnosti<\/strong>: Ka\u017ed\u00fd <strong>kajakovanie Tenerife<\/strong> turn\u00e9 je podporen\u00e9 na\u0161\u00edm z\u00e1v\u00e4zkom k bezpe\u010dnosti. Pred ka\u017ed\u00fdm v\u00fdletom vykon\u00e1vame podrobn\u00e9 bezpe\u010dnostn\u00e9 in\u0161trukt\u00e1\u017ee a v\u0161etk\u00fdch \u00fa\u010dastn\u00edkov vybavujeme z\u00e1kladn\u00fdm vybaven\u00edm vr\u00e1tane z\u00e1chrann\u00fdch viest a s\u00faprav na \u0161norchlovanie, aby sme im zabezpe\u010dili bezpe\u010dn\u00e9 a pr\u00edjemn\u00e9 dobrodru\u017estvo.<\/li>\n<li><strong>Viacjazy\u010dn\u00e9 pr\u00edru\u010dky<\/strong>: Na\u0161i kvalifikovan\u00ed sprievodcovia ovl\u00e1daj\u00fa angli\u010dtinu a \u0161paniel\u010dinu a po\u010das cel\u00e9ho pobytu v\u00e1m poskytn\u00fa individu\u00e1lny a informat\u00edvny v\u00fdklad. <strong>kajakovanie Tenerife<\/strong> exkurzia. To zaru\u010duje pr\u00edjemn\u00fa atmosf\u00e9ru pre zahrani\u010dn\u00fdch dobrodruhov, v\u010faka ktorej bude ka\u017ed\u00fd okamih va\u0161ej cesty p\u00fatav\u00fd a z\u00e1rove\u0148 pou\u010dn\u00fd.<\/li>\n<li><strong>Odborn\u00e9 in\u0161trukcie<\/strong>: Pred svoj\u00edm <strong>kajakovanie Tenerife<\/strong> sk\u00fasenosti, n\u00e1\u0161 t\u00edm poskytuje odborn\u00e9 tipy o kajak\u00e1rskych technik\u00e1ch a bezpe\u010dnostn\u00fdch postupoch. Bez oh\u013eadu na to, \u010di ste za\u010diato\u010dn\u00edk alebo m\u00e1te predch\u00e1dzaj\u00face sk\u00fasenosti, na\u0161e poradenstvo m\u00e1 za cie\u013e zv\u00fd\u0161i\u0165 va\u0161u sebad\u00f4veru a rados\u0165 z jazdy na vode.<\/li>\n<\/ul>\n<h3>\ud83d\udcc5 <strong>Zabezpe\u010dte si dobrodru\u017estvo na kajaku na Tenerife a rezervujte si ho teraz<\/strong><\/h3>\n<p>Na\u0161a str\u00e1nka <strong>V\u00fdlety na kajaku na Tenerife<\/strong> s\u00fa premyslen\u00e9 tak, aby v\u00e1s vtiahli do pr\u00edrodn\u00fdch kr\u00e1s ostrova a poskytli v\u00e1m jedine\u010dn\u00fd z\u00e1\u017eitok, ktor\u00fd v\u00e1s \u00fazko spoj\u00ed s morom.<br \/>\nKe\u010f\u017ee sa miesta r\u00fdchlo zap\u013a\u0148aj\u00fa, odpor\u00fa\u010dame v\u00e1m v\u010dasn\u00fa rezerv\u00e1ciu. Vyberte si <strong>CanaryVIP<\/strong> pre bezprobl\u00e9mov\u00fd proces rezerv\u00e1cie, \u010d\u00edm si zabezpe\u010d\u00edte miesto v tomto vodnom raji.<\/p>\n<h3>\u2705 <strong>\u010co je zahrnut\u00e9 vo va\u0161ej ceste na kajaku na Tenerife?<\/strong><\/h3>\n<ul>\n<li>Volite\u013en\u00e1 slu\u017eba vyzdvihnutia a odvozu za symbolick\u00fd poplatok, ktor\u00e1 va\u0161e dobrodru\u017estvo e\u0161te umocn\u00ed.<\/li>\n<li>Prehliadka pod veden\u00edm sk\u00fasen\u00fdch in\u0161truktorov, ktor\u00e1 sp\u00e1ja plavbu na kajaku a \u0161norchlovanie.<\/li>\n<li>Pribli\u017ene 1,5 hodiny jazdy na kajaku, doplnen\u00e9 30-min\u00fatov\u00fdm \u0161norchlovan\u00edm, po\u010das ktor\u00e9ho m\u00f4\u017eete presk\u00fama\u0165 podmorsk\u00fa r\u00ed\u0161u.<\/li>\n<li>Skrinky na bezpe\u010dn\u00e9 ulo\u017eenie va\u0161ich vec\u00ed, zatia\u013e \u010do si budete vychutn\u00e1va\u0165 vodn\u00e9 z\u00e1\u017eitky.<\/li>\n<li>Viacjazy\u010dn\u00fd sprievodca zabezpe\u010duj\u00faci zrozumite\u013en\u00fa komunik\u00e1ciu a bohat\u00e9 z\u00e1\u017eitky.<\/li>\n<\/ul>\n<h3><strong>\u2696\ufe0f Rezerva\u010dn\u00e9 a storno podmienky pre kajakovanie na Tenerife:<\/strong><\/h3>\n<ul>\n<li><strong>Pl\u00e1nujte vopred:<\/strong> V\u010dasnou rezerv\u00e1ciou si zabezpe\u010d\u00edte miesto a vyu\u017eijete \u0161peci\u00e1lnu z\u013eavu prostredn\u00edctvom slu\u017eby CanaryVIP. Nezabudnite, \u017ee o kajak\u00e1rske dobrodru\u017estv\u00e1, najm\u00e4 tie, ktor\u00e9 pon\u00fakaj\u00fa stretnutia s divokou pr\u00edrodou, je ve\u013ek\u00fd z\u00e1ujem.<\/li>\n<li><strong>Flexibiln\u00e9 zru\u0161enie:<\/strong> \u017divot m\u00f4\u017ee by\u0165 nepredv\u00eddate\u013en\u00fd. Zru\u0161enie rezerv\u00e1cie do 24 hod\u00edn pred z\u00e1jazdom v\u00e1m bude vr\u00e1ten\u00e1 cel\u00e1 suma. Aby ste za\u017eili z\u00e1\u017eitok bez stresu, ch\u00e1peme, \u017ee potrebujete flexibilitu.<\/li>\n<li><strong>Po\u017eiadavky na \u00fa\u010dastn\u00edka:<\/strong> Vhodn\u00e9 pre osoby, ktor\u00e9 s\u00fa primerane zdatn\u00e9 a dobre sa c\u00edtia vo vode. Nie s\u00fa potrebn\u00e9 \u017eiadne predch\u00e1dzaj\u00face sk\u00fasenosti s kajakom, ale \u00fa\u010dastn\u00edci by mali vedie\u0165 pl\u00e1va\u0165 po\u010das \u0161norchlovania.<\/li>\n<\/ul>\n<h3><strong>\ud83c\udf92 Pr\u00edprava na kajak\u00e1rske dobrodru\u017estvo:<\/strong><\/h3>\n<ul>\n<li><strong>\u010co si prinies\u0165:<\/strong> Pohodlie je pre va\u0161e dobrodru\u017estvo k\u013e\u00fa\u010dov\u00e9. V chladnej\u0161\u00edch d\u0148och sa oble\u010dte do plaviek pod neopr\u00e9nom. Hoci sa neodpor\u00fa\u010daj\u00fa \u017eabky, pevn\u00e1 obuv je na cestu nevyhnutn\u00e1. Nezabudnite si pribali\u0165 opa\u013eovac\u00ed kr\u00e9m, klob\u00fak na denn\u00e9 v\u00fdlety a uter\u00e1k na pot\u00e1panie po \u0161norchlovan\u00ed.<\/li>\n<li><strong>Spomienky na fotografie:<\/strong> Hoci nepon\u00fakame fotografick\u00e9 slu\u017eby, m\u00f4\u017eete si prinies\u0165 fotoapar\u00e1t alebo telef\u00f3n a zachyti\u0165 \u00fachvatn\u00e9 v\u00fdh\u013eady. Upozor\u0148ujeme, \u017ee nosenie t\u00fdchto predmetov je na vlastn\u00e9 riziko.<\/li>\n<li><strong>Zdravie a bezpe\u010dnos\u0165:<\/strong> V z\u00e1ujme zaistenia bezpe\u010dnosti a spokojnosti v\u0161etk\u00fdch \u00fa\u010dastn\u00edkov sa t\u00e1to aktivita neodpor\u00fa\u010da osob\u00e1m, ktor\u00e9 s\u00fa tehotn\u00e9 viac ako 5 mesiacov. Je nevyhnutn\u00e9, aby v\u0161etci kajak\u00e1ri mali z\u00e1kladn\u00e9 plaveck\u00e9 schopnosti, najm\u00e4 pre \u010das\u0165 v\u00fdletu venovan\u00fa \u0161norchlovaniu.<\/li>\n<\/ul>\n<h3>\u2753 <strong>\u010casto kladen\u00e9 ot\u00e1zky: Odpovede na va\u0161e ot\u00e1zky t\u00fdkaj\u00face sa kajakovania<\/strong><\/h3>\n<ul>\n<li><strong>Potrebujem predch\u00e1dzaj\u00face sk\u00fasenosti s kajakom?<\/strong> V\u00f4bec nie, na\u0161i sprievodcovia v\u00e1m poskytn\u00fa z\u00e1kladn\u00e9 techniky p\u00e1dlovania. Sta\u010d\u00ed sa vo vode c\u00edti\u0165 pohodlne a by\u0165 pripraven\u00fd na zauj\u00edmav\u00fd de\u0148.<\/li>\n<li><strong>\u010co si m\u00e1m obliec\u0165?<\/strong> Okrem plaviek a opa\u013eovacieho kr\u00e9mu sa v chladnej\u0161\u00edch d\u0148och odpor\u00fa\u010da nosi\u0165 aj neopr\u00e9nov\u00fd oblek. Poskytujeme v\u0161etko potrebn\u00e9 bezpe\u010dnostn\u00e9 a \u0161norchlovacie vybavenie.<\/li>\n<li><strong>Existuj\u00fa vekov\u00e9 obmedzenia?<\/strong> Kajak\u00e1ri musia by\u0165 star\u0161\u00ed ako 6 rokov. Deti od 6 do 11 rokov musia by\u0165 v sprievode dospelej osoby.<\/li>\n<li><strong>M\u00f4\u017eem si vymeni\u0165 kajaky?<\/strong> Samozrejme, m\u00f4\u017eete si vybra\u0165, \u010di chcete jazdi\u0165 na kajaku sami, s partnerom alebo v troj\u010dlennej skupine, pri\u010dom to nem\u00e1 vplyv na cenu.<\/li>\n<\/ul>\n<h4><strong>\ud83c\udf1e Ste pripraven\u00ed obj\u00edma\u0165 more?<\/strong><\/h4>\n<p>Ponorte sa do nezabudnute\u013en\u00e9ho z\u00e1\u017eitku na kajaku pri pobre\u017e\u00ed Tenerife. \u010ci u\u017e budete br\u00e1zdi\u0165 vody Los Cristianos, obdivova\u0165 <strong>delf\u00edny,<\/strong>\u00a0alebo <strong>\u0161norchlovanie s korytna\u010dkami,<\/strong>\u00a0va\u0161e dobrodru\u017estvo s <strong>CanaryVIP<\/strong> s\u013eubuje zmes kr\u00e1sy, vzru\u0161enia a trval\u00fdch spomienok.<br \/>\nRezervujte si miesto e\u0161te dnes a pripravte sa na to, \u017ee v\u00e1s ohromia z\u00e1zraky oce\u00e1nu! \ud83d\udea3\u200d\u2640\ufe0f\ud83d\udc2c\ud83d\udc22<\/p>\n<p>Ak chcete za\u017ei\u0165 jedine\u010dn\u00e9 dobrodru\u017estvo v nedotknut\u00fdch vod\u00e1ch Tenerife, rezervujte si v\u00fdlet na kajaku u n\u00e1s e\u0161te dnes!<\/p>","protected":false},"excerpt":{"rendered":"<p><strong>\ud83d\udd0d Kajak na Tenerife:<\/strong><br \/>\n\u2705 Bezpe\u010dn\u00e1 platba.<br \/>\n\ud83d\udc0b Pozorovanie delf\u00ednov a korytna\u010diek.<br \/>\n\ud83d\ude80 2h dobrodru\u017estvo.<br \/>\n\ud83e\udd3f Vybavenie na \u0161norchlovanie je k dispoz\u00edcii.<br \/>\n\ud83d\udd59 Viacer\u00e9 \u010dasy odchodu.<br \/>\n\ud83d\udcc5 K dispoz\u00edcii ka\u017ed\u00fd de\u0148.<br \/>\n\ud83e\udd11 Garancia najlep\u0161ej ceny.<br \/>\n\ud83d\ude8d Volite\u013en\u00e1 kyvadlov\u00e1 doprava.<br \/>\n\ud83d\udc6a Rodinn\u00e9 a skupinov\u00e9 z\u013eavy.<br \/>\n\ud83d\udd01 24 hod\u00edn Storno podmienky.<br \/>\n\ud83c\udf0d Sprievodcovia v angli\u010dtine a \u0161paniel\u010dine.<br \/>\n\ud83c\udf1f Rezervujte si v\u010das a u\u0161etrite.<br \/>\n\ud83d\udccd Odchod z <a href=\"https:\/\/maps.app.goo.gl\/g9c9rZaJv7igjr3t8\">Los Cristianos<\/a>.<\/p>","protected":false},"featured_media":10794,"comment_status":"open","ping_status":"closed","template":"","meta":{"_acf_changed":false},"product_brand":[],"product_cat":[53],"product_tag":[],"class_list":{"0":"post-10465","1":"product","2":"type-product","3":"status-publish","4":"has-post-thumbnail","6":"product_cat-water-sports","7":"wcpa_has_options","9":"first","10":"instock","11":"sale","12":"virtual","13":"purchasable","14":"product-type-simple"},"acf":[],"wcpa_form_fields":{"wcpaData":{"product":{"product_price":35,"price_html":"From&nbsp;<del aria-hidden=\"true\"><span class=\"woocommerce-Price-amount amount\"><bdi>45,00&nbsp;<span class=\"woocommerce-Price-currencySymbol\">&euro;<\/span><\/bdi><\/span><\/del> <span class=\"screen-reader-text\">P\u00f4vodn\u00e1 cena bola: 45,00&nbsp;&euro;.<\/span><ins aria-hidden=\"true\"><span class=\"woocommerce-Price-amount amount\"><bdi>35,00&nbsp;<span class=\"woocommerce-Price-currencySymbol\">&euro;<\/span><\/bdi><\/span><\/ins><span class=\"screen-reader-text\">Aktu\u00e1lna cena je: 35,00&nbsp;&euro;.<\/span>","original_product_price":45,"price_including_tax":35,"price_excluding_tax":35,"product_id":{"parent":10465,"variation":false},"is_variable":false,"stock_status":"instock","stock_quantity":null,"parent_sku":"CV10465","product_attributes":[],"custom_fields":[],"is_taxable":false,"product_name":"Kayaking with Turtles Tenerife","hasImage":false},"fields":{"sec_1066337d57eb5e3":{"extra":{"key":"sec_1066337d57eb5e3","section_id":"sec_1066337d57eb5e3","name":"Default","status":1,"cl_rule":"show","enableCl":false,"relations":[],"toggle":true,"title_tag":"h3","show_title":false,"showPrice":"default","form_id":11372,"form_rules":{"exclude_from_discount":true,"fee_label":"Fee","disp_hide_options_price":true,"disp_show_section_price":false,"disp_show_field_price":true,"layout_option":"standard","pric_use_as_fee":false,"process_fee_as":"woo_fee"},"layout_option":"standard"},"fields":[[{"label":"\ud83d\udcc5 Date","active":true,"required":true,"elementId":"date_666337d57eb607","picker_type":"custom","picker_mode":"single","placeholder":"","description":"","tooltip":"","name":"date_666337d57eb607","label_position":"default","desc_position":"default","enablePrice":false,"className":"","enableCl":false,"relations":[{"operator":"and","rules":[{"operator":"AND","rules":{"cl_field":"radio-group_5661bc90f5e8f5","cl_relation":"is_not_empty","cl_val":"3 Hour Trip"}}]}],"date_pic_inline":true,"date_pic_inline_hide":true,"min_date":{"type":"days","val":"0"},"max_date":{"type":"days","val":"365"},"date_pic_conf":{"disabledWeeks":[]},"price":"","cl_rule":"show","col":6,"type":"date","error":false,"enableDesign":false,"LabelColor":"","gt_translate_keys":["label","placeholder","description","tooltip"],"price_dependency":false,"cl_dependency":false,"value":""}],[{"active":true,"col":6,"relations":false,"cl_rule":"show","enableCl":false,"price":"","enablePrice":false,"className":"","label_position":"default","desc_position":"default","type":"select","required":true,"elementId":"select_566337d57eb62f","label":"\u23f0 Departure Time","name":"select_566337d57eb62f","values":[{"label":"Whichever Time is Best","value":"Whichever Time is Best","selected":false,"tempId":"aco_312","gt_translate_keys":["label"]},{"label":"10:00","value":"10:00","selected":false,"tempId":"aco_313","gt_translate_keys":["label"]},{"label":"12:30 (12:30 PM)","value":"12:30","selected":false,"tempId":"aco_314","gt_translate_keys":["label"]},{"label":"14:00 (2:00 PM)","value":"14:00","selected":false,"tempId":"aco_711","gt_translate_keys":["label"]}],"dropdown_type":"basic","error":false,"multiple":false,"placeholder":"None","gt_translate_keys":["label","placeholder"],"price_dependency":false,"cl_dependency":false,"value":""}],[{"active":true,"col":6,"relations":false,"cl_rule":"show","enableCl":false,"price":"","enablePrice":false,"className":"","label_position":"default","desc_position":"default","type":"content","required":false,"elementId":"content_1042762875","label":"","name":"content_1042762875","contentType":"rich","value":"<p>\ud83c\udf9f\ufe0f <strong>Reservation<\/strong>: Pay only a deposit now to reserve; the rest is due on the day of the activity upon arrival.<\/p>","show_in_checkout":true,"error":false,"gt_translate_keys":["label","value"],"price_dependency":false,"cl_dependency":false}],[{"active":true,"col":6,"relations":[{"operator":false,"rules":[{"operator":"AND","rules":{"cl_field":"","cl_relation":"","cl_val":""}}]}],"cl_rule":"show","enableCl":true,"price":"35","enablePrice":true,"className":"","label_position":"default","desc_position":"default","type":"radio-group","required":false,"elementId":"radio-group_166337d57eb617","label":"","name":"radio-group_166337d57eb617","values":[{"label":"\ud83d\udc64 Adult (35\u20ac)","value":"Adult","selected":true,"tempId":"aco_32","tooltip":"+11 Years","description":"","gt_translate_keys":["label","tooltip","description"]}],"layOut":"","error":false,"checkUi":"button","priceOptions":"fixed_for_all","pricingType":"fixed","enable_quantity":true,"quantity_label":"","min_quantity":"0","options_tooltip":true,"options_description":true,"is_show_price":true,"gt_translate_keys":["label","quantity_label"],"price_dependency":false,"cl_dependency":false,"value":""}],[{"label":"","active":true,"required":false,"elementId":"radio-group_166337d57eb624","name":"radio-group_166337d57eb624","label_position":"default","desc_position":"default","enablePrice":true,"className":"","enableCl":true,"relations":[{"operator":false,"rules":[{"operator":"AND","rules":{"cl_field":"","cl_relation":"","cl_val":""}}]}],"enable_quantity":true,"quantity_label":"","min_quantity":"0","checkUi":"button","layOut":"","options_tooltip":true,"options_description":true,"values":[{"label":"\ud83d\udc66 Child (20\u20ac)","value":"Child","selected":true,"tempId":"aco_32","tooltip":"6-10 Years","description":"","gt_translate_keys":["label","tooltip","description"]}],"priceOptions":"fixed_for_all","pricingType":"fixed","price":"20","cl_rule":"show","col":6,"type":"radio-group","error":false,"is_show_price":true,"gt_translate_keys":["label","quantity_label"],"price_dependency":false,"cl_dependency":false,"value":""}],[{"active":true,"col":6,"relations":false,"cl_rule":"show","enableCl":false,"price":"","enablePrice":false,"className":"","label_position":"default","desc_position":"default","type":"separator","required":false,"elementId":"separator_9019492152","label":"Separator Field","height":"6","separatorType":"fill","error":false,"separatorColor":"#66a6b6","gt_translate_keys":["label"],"price_dependency":false,"cl_dependency":false,"value":""}],[{"active":true,"col":6,"relations":false,"cl_rule":"show","enableCl":false,"price":"({field.radio-group_166337d57eb617.quantity}*10)+({field.radio-group_166337d57eb624.quantity}*7.50)","enablePrice":true,"className":"","label_position":"default","desc_position":"default","type":"content","required":false,"elementId":"content_8712621725","label":"Deposit Now","name":"content_8712621725","contentType":"plain","value":"","error":false,"pricingType":"custom","isTemplate":false,"is_show_price":false,"show_in_checkout":true,"enableDesign":true,"LabelSize":"14px","inline":true,"gt_translate_keys":["label","value"],"price_dependency":["content-8850121983"],"cl_dependency":false}],[{"contentType":"plain","active":true,"label":"Payment at Arrival","elementId":"content-8797651822","value":"","name":"content-8797651822","enablePrice":true,"className":"","enableCl":false,"relations":false,"price":"({field.radio-group_166337d57eb617.quantity}*25)+({field.radio-group_166337d57eb624.quantity}*12.50)","cl_rule":"show","col":6,"type":"content","error":false,"is_show_price":true,"pricingType":"custom","isTemplate":false,"show_in_checkout":true,"enableDesign":true,"LabelSize":"14px","inline":true,"gt_translate_keys":["label","value"],"price_dependency":["content-8850121983"],"cl_dependency":false}],[{"contentType":"plain","active":true,"label":"Total Amount","elementId":"content-8850121983","value":"","name":"content-8850121983","enablePrice":true,"className":"","enableCl":false,"relations":false,"price":"{field.content_8712621725.price}+{field.content-8797651822.price}","cl_rule":"show","col":6,"type":"content","error":false,"is_show_price":true,"pricingType":"custom","isTemplate":false,"show_in_checkout":true,"enableDesign":true,"LabelSize":"14px","inline":true,"gt_translate_keys":["label","value"],"price_dependency":false,"cl_dependency":false}]]},"sec_he1t7j115":{"extra":{"key":"sec_he1t7j115","section_id":"sec_he1t7j115","name":"Pickup","status":1,"cl_rule":"show","enableCl":false,"relations":[],"toggle":true,"title_tag":"h4","show_title":false,"showPrice":"default","form_id":11372,"form_rules":{"exclude_from_discount":true,"fee_label":"Fee","disp_hide_options_price":true,"disp_show_section_price":false,"disp_show_field_price":true,"layout_option":"standard","pric_use_as_fee":false,"process_fee_as":"woo_fee"},"layout_option":"standard"},"fields":[[{"active":true,"col":6,"relations":false,"cl_rule":"show","enableCl":false,"price":"","enablePrice":false,"className":"","label_position":"default","desc_position":"default","type":"text","subtype":"text","required":false,"elementId":"text_0736264724","label":"\ud83d\ude8c Pickup Location","name":"text_0736264724","value":"","error":false,"description":"Pick-up service in Tenerife South available for an extra 2\u20ac per person, to be paid on arrival. Please provide your address or hotel name to book the shuttle service; if not needed, leave it blank. | For Callao Salvaje and Palm-Mar, the extra cost is 4\u20ac per person | El M\u00e9dano: 15\u20ac per car | Golf del Sur: 10\u20ac per car.","gt_translate_keys":["label","description","value"],"price_dependency":false,"cl_dependency":false}]]}},"config":{"price_override":"always","enable_recaptcha":false,"bind_quantity":false,"quantity_bind_formula":false,"disp_summ_show_option_price":true,"disp_summ_show_product_price":false,"disp_summ_show_total_price":false,"disp_summ_show_fee":true,"disp_summ_show_discount":true,"summary_title":"","options_total_label":"Options Price","total_label":"Total Amount","options_product_label":"Product Price","fee_label":"Fee","discount_label":"Discount","has_price":true,"has_quantity_formula":false},"mc_unit":1,"tax_rate":1,"tax_rate_real":1,"discount":{"percentage":0,"fixed":0},"design":{"conf":{"LabelPosition":"above","DescPosition":"above","UploadField":"custom_1","QuantityFieldStyle":"custom_1"},"css":{"LeftLabelWidth":"120px"}},"formulas":[],"lookuptables":[],"clones":false,"cartKey":false}},"_links":{"self":[{"href":"https:\/\/canaryvip.com\/sk\/wp-json\/wp\/v2\/product\/10465","targetHints":{"allow":["GET"]}}],"collection":[{"href":"https:\/\/canaryvip.com\/sk\/wp-json\/wp\/v2\/product"}],"about":[{"href":"https:\/\/canaryvip.com\/sk\/wp-json\/wp\/v2\/types\/product"}],"replies":[{"embeddable":true,"href":"https:\/\/canaryvip.com\/sk\/wp-json\/wp\/v2\/comments?post=10465"}],"wp:featuredmedia":[{"embeddable":true,"href":"https:\/\/canaryvip.com\/sk\/wp-json\/wp\/v2\/media\/10794"}],"wp:attachment":[{"href":"https:\/\/canaryvip.com\/sk\/wp-json\/wp\/v2\/media?parent=10465"}],"wp:term":[{"taxonomy":"product_brand","embeddable":true,"href":"https:\/\/canaryvip.com\/sk\/wp-json\/wp\/v2\/product_brand?post=10465"},{"taxonomy":"product_cat","embeddable":true,"href":"https:\/\/canaryvip.com\/sk\/wp-json\/wp\/v2\/product_cat?post=10465"},{"taxonomy":"product_tag","embeddable":true,"href":"https:\/\/canaryvip.com\/sk\/wp-json\/wp\/v2\/product_tag?post=10465"}],"curies":[{"name":"wp","href":"https:\/\/api.w.org\/{rel}","templated":true}]}}