{"id":10186,"date":"2024-03-28T05:27:33","date_gmt":"2024-03-28T05:27:33","guid":{"rendered":"https:\/\/canaryvip.com\/?post_type=product&#038;p=10186"},"modified":"2025-06-28T23:11:45","modified_gmt":"2025-06-28T22:11:45","slug":"rent-a-car-tenerife","status":"publish","type":"product","link":"https:\/\/canaryvip.com\/sk\/shop\/rent-a-car-tenerife\/","title":{"rendered":"Pren\u00e1jom auta Tenerife"},"content":{"rendered":"<h2>\ud83d\ude99 Objavte Tenerife s na\u0161ou \u0161pi\u010dkovou slu\u017ebou pren\u00e1jmu \u00e1ut<\/h2>\n<p>Za\u017eite maxim\u00e1lnu slobodu pri objavovan\u00ed \u00fachvatnej krajiny Tenerife pod\u013ea vlastn\u00e9ho tempa. Na\u0161e <strong>Pren\u00e1jom auta Tenerife<\/strong> slu\u017ebu na <strong>CanaryVIP<\/strong> pon\u00faka bezkonkuren\u010dn\u00e9 pohodlie a flexibilitu pri cestovan\u00ed na ostrov. Od slnenia na nedotknut\u00fdch pl\u00e1\u017each a\u017e po trekking cez majest\u00e1tne <a href=\"https:\/\/canaryvip.com\/sk\/discover-the-teide-the-ultimate-guide-iconic-volcano\/\">N\u00e1rodn\u00fd park Teide,<\/a>\u00a0a objavovanie skryt\u00fdch skvostov ostrova, na\u0161a rozmanit\u00e1 flotila je va\u0161ou vstupenkou na nezabudnute\u013en\u00e9 dobrodru\u017estvo.<\/p>\n<h3>\u2b50\ufe0f Pre\u010do si vybra\u0165 pren\u00e1jom auta Tenerife?<\/h3>\n<p>V\u00fdber <strong>pren\u00e1jom auta v Tenerife<\/strong> s CanaryVIP znamen\u00e1 darova\u0165 si slobodu. U\u017e nie ste viazan\u00ed obmedzeniami verejnej dopravy ani pevn\u00fdm \u010dasov\u00fdm harmonogramom organizovan\u00fdch z\u00e1jazdov, ale m\u00e1te slobodu objavova\u0165 tento \u00fa\u017easn\u00fd ostrov vlastn\u00fdm tempom a pod\u013ea vlastn\u00fdch z\u00e1ujmov.<\/p>\n<ul>\n<li><strong>Flexibilita:<\/strong> Na\u0161a str\u00e1nka <strong>po\u017ei\u010dov\u0148a \u00e1ut v Tenerife<\/strong> v\u00e1m d\u00e1va mo\u017enos\u0165 navrhn\u00fa\u0165 si svoj pl\u00e1n cesty. Od v\u00fdchodu do z\u00e1padu slnka rozhodujete o tom, \u010do a kedy chcete vidie\u0165.<\/li>\n<li><strong>Rozmanitos\u0165:<\/strong> N\u00e1\u0161 vozov\u00fd park je r\u00f4znorod\u00fd a vyhovuje v\u0161etk\u00fdm preferenci\u00e1m a potreb\u00e1m. \u010ci u\u017e h\u013ead\u00e1te kompaktn\u00e9 vozidlo na v\u00fdlety do mesta alebo priestrann\u00e9 SUV na dobrodru\u017estv\u00e1 v n\u00e1ro\u010dnom ter\u00e9ne <strong>Tenerife Juh,<\/strong>\u00a0m\u00e1me pre v\u00e1s rie\u0161enie.<\/li>\n<li><strong>Konkuren\u010dn\u00e9 ceny:<\/strong> Sna\u017e\u00edme sa o cenov\u00fa dostupnos\u0165 bez obetovania kvality. Na\u0161e str\u00e1nky <strong>pren\u00e1jom auta<\/strong> Tenerife s\u00fa cenovo v\u00fdhodn\u00e9, \u010do v\u00e1m zaru\u010d\u00ed cenovo v\u00fdhodn\u00e9 spozn\u00e1vanie ostrova.<\/li>\n<li><strong>Pohodlie:<\/strong> Vyzdvihnite si prenajat\u00e9 vozidlo na k\u013e\u00fa\u010dov\u00fdch miestach, ako s\u00fa <strong><a href=\"https:\/\/maps.app.goo.gl\/YAWX2KPn75tN8YMUA\" target=\"_blank\" rel=\"noopener\">Letisko Tenerife South<\/a>.<\/strong>\u00a0Od okamihu prist\u00e1tia sa va\u0161e dobrodru\u017estvo na Tenerife za\u010d\u00edna bez me\u0161kania.<\/li>\n<\/ul>\n<h4>\ud83c\udf0d Presk\u00famajte Tenerife ako nikdy predt\u00fdm<\/h4>\n<p>P\u00f4vab Tenerife nespo\u010d\u00edva len v jeho sl\u00e1vnych pl\u00e1\u017each a turistick\u00fdch miestach, ale aj v menej zn\u00e1mych lokalit\u00e1ch. Na str\u00e1nke <strong>pren\u00e1jom auta Tenerife,<\/strong>\u00a0ste pripraven\u00ed spozna\u0165 bohat\u00fa hist\u00f3riu, \u017eiv\u00fa kult\u00faru a \u00fa\u017easn\u00e9 pr\u00edrodn\u00e9 kr\u00e1sy ostrova. Prech\u00e1dzajte malebn\u00fdmi dedinkami, nav\u0161t\u00edvte miestne trhy a n\u00e1jdite si vlastn\u00fd k\u00fasok raja na od\u013eahl\u00fdch pl\u00e1\u017each.<\/p>\n<h4>\ud83d\udd0d Objavte viac s pren\u00e1jmom auta na Tenerife<\/h4>\n<p>Ka\u017ed\u00fd krok na Tenerife predstavuje nov\u00fd objav a s <strong>Pren\u00e1jom auta CanaryVIP v Tenerife,<\/strong>\u00a0m\u00f4\u017eete slobodne prenasledova\u0165 ka\u017ed\u00fd z\u00e1pad slnka, vyliez\u0165 na ka\u017ed\u00fd vrch a pokocha\u0165 sa ka\u017ed\u00fdm v\u00fdh\u013eadom. Prekro\u010dte r\u00e1mec sprievodcov a urobte zo svojej cesty antol\u00f3giu osobn\u00fdch z\u00e1\u017eitkov a nezabudnute\u013en\u00fdch spomienok.<\/p>\n<h4>\u2705 Jednoduch\u00e1 rezerv\u00e1cia<\/h4>\n<p>N\u00e1\u0161 proces rezerv\u00e1cie je jednoduch\u00fd a pou\u017e\u00edvate\u013esky pr\u00edvetiv\u00fd. Vyberte si preferovan\u00e9 vozidlo, zvo\u013ete si obdobie pren\u00e1jmu a pridajte v\u0161etky doplnky, ktor\u00e9 by ste mohli potrebova\u0165, a to v\u0161etko len nieko\u013ek\u00fdmi kliknutiami. Na\u0161\u00edm cie\u013eom je, aby va\u0161e <strong>pren\u00e1jom auta Tenerife<\/strong> \u010do najhlad\u0161\u00ed a najbezprobl\u00e9movej\u0161\u00ed z\u00e1\u017eitok.<\/p>\n<h4>\ud83d\udee1\ufe0f Bezpe\u010dnos\u0165 a pohodlie<\/h4>\n<p>Va\u0161a bezpe\u010dnos\u0165 a pohodlie s\u00fa prvorad\u00e9. Ka\u017ed\u00e9 vozidlo v na\u0161om vozovom parku je starostlivo udr\u017eiavan\u00e9, aby sp\u013a\u0148alo najvy\u0161\u0161ie \u0161tandardy bezpe\u010dnosti a v\u00fdkonu. Ke\u010f sa rozhodnete pre <strong>pren\u00e1jom auta Tenerife Juh,<\/strong>\u00a0m\u00f4\u017eete si by\u0165 ist\u00ed, \u017ee o va\u0161e pohodlie a pohodu je postaran\u00e9.<\/p>\n<h4>\ud83c\udf31 Udr\u017eate\u013en\u00e9 cestovanie<\/h4>\n<p>Zaviazali sme sa k ekologick\u00fdm cestovn\u00fdm iniciat\u00edvam. N\u00e1\u0161 v\u00fdber vozidiel zah\u0155\u0148a mo\u017enosti, ktor\u00e9 s\u00fa \u0161etrn\u00e9 k \u017eivotn\u00e9mu prostrediu a umo\u017e\u0148uj\u00fa v\u00e1m spozn\u00e1va\u0165 pr\u00edrodn\u00e9 kr\u00e1sy Tenerife a z\u00e1rove\u0148 minimalizova\u0165 va\u0161u uhl\u00edkov\u00fa stopu.<\/p>\n<h4>\ud83d\udd11 Odomknite to najlep\u0161ie z Tenerife<\/h4>\n<p>Tenerife je ostrov nekone\u010dn\u00e9ho dobrodru\u017estva a kr\u00e1sy, od slnkom zaliateho pobre\u017eia a\u017e po mystick\u00e9 v\u00fd\u0161iny Teide. S na\u0161imi <strong>pren\u00e1jom automobilov,<\/strong>\u00a0ka\u017ed\u00fd k\u00fat tohto o\u010daruj\u00faceho ostrova je na dosah. <strong>Pren\u00e1jom auta Tenerife<\/strong> a vydajte sa na cestu pln\u00fa objavov a z\u00e1zrakov.<\/p>\n<h3>\ud83d\udcd6 Ako si rezervova\u0165 pren\u00e1jom auta<\/h3>\n<p>Z\u00edskanie v\u00e1\u0161ho <strong>pren\u00e1jom auta v Tenerife<\/strong> je vzdialen\u00e1 len nieko\u013eko kliknut\u00ed. N\u00e1\u0161 intuit\u00edvny online rezerva\u010dn\u00fd syst\u00e9m je navrhnut\u00fd pre va\u0161e pohodlie a umo\u017e\u0148uje v\u00e1m vybra\u0165 si vozidlo, nastavi\u0165 dobu pren\u00e1jmu a jednoducho spravova\u0165 rezerv\u00e1ciu. Potvrdenie je r\u00fdchle, \u010do v\u00e1m zaru\u010d\u00ed, \u017ee budete pripraven\u00ed na objavovanie hne\u010f po pr\u00edchode.<\/p>\n<h4>\ud83d\ude80 Va\u0161e dobrodru\u017estvo \u010dak\u00e1<\/h4>\n<p>Dobrodru\u017estvo na Tenerife nie je len o destin\u00e1ci\u00e1ch, ale aj o cest\u00e1ch medzi nimi. Ka\u017ed\u00e1 trasa, ktor\u00fa absolvujete so svoj\u00edm <strong>pren\u00e1jom auta v Tenerife<\/strong> objav\u00edte nie\u010do nov\u00e9 - skryt\u00fa z\u00e1toku, \u00fachvatn\u00fa vyhliadku alebo miestnu re\u0161taur\u00e1ciu, ktor\u00e1 pon\u00faka chute, ak\u00e9 ste e\u0161te nikdy neochutnali. S CanaryVIP sa najlep\u0161ie str\u00e1\u017een\u00e9 tajomstv\u00e1 ostrova stan\u00fa dostupn\u00fdmi a va\u0161a cesta sa zmen\u00ed na h\u013eadanie pokladu pln\u00e9ho z\u00e1\u017eitkov.<\/p>\n<h4>\u23f3 Po\u010d\u00edtajte s ka\u017ed\u00fdm okamihom<\/h4>\n<p>Ke\u010f <strong>pren\u00e1jom auta na Tenerife,<\/strong>\u00a0nielen\u017ee u\u0161etr\u00edte \u010das - ale vyu\u017eijete ka\u017ed\u00fd okamih svojej dovolenky. Vyrazte na \u00fa\u017easn\u00e9 \u00fatesy Los Gigantes a pozorujte z\u00e1pad slnka alebo n\u00e1jdite \u00fatechu na pokojn\u00fdch chodn\u00edkoch vidieckeho parku Anaga. V\u00e1\u0161 \u010das na Tenerife m\u00f4\u017eete str\u00e1vi\u0165 pod\u013ea vlastn\u00fdch predst\u00e1v, bez obmedzen\u00ed pl\u00e1novan\u00fdch v\u00fdletov a verejnej dopravy.<\/p>\n<h4>\ud83e\uddf3 Prisp\u00f4soben\u00e9 va\u0161im potreb\u00e1m<\/h4>\n<p>Ch\u00e1peme, \u017ee ka\u017ed\u00fd cestovate\u013e m\u00e1 jedine\u010dn\u00e9 potreby, a preto <strong>pren\u00e1jom auta Tenerife<\/strong> slu\u017eby pon\u00fakaj\u00fa \u0161irok\u00fa \u0161k\u00e1lu mo\u017enost\u00ed, ktor\u00e9 vyhovuj\u00fa v\u0161etk\u00fdm preferenci\u00e1m a po\u017eiadavk\u00e1m. Od luxusn\u00fdch kabrioletov, ktor\u00e9 v\u00e1m umo\u017enia c\u00edti\u0165 v\u00e1nok oce\u00e1nu, a\u017e po minivany vhodn\u00e9 pre rodiny, ktor\u00e9 s\u00fa vybaven\u00e9 pre pohodlie, <strong>CanaryVIP<\/strong> zabezpe\u010d\u00ed, \u017ee va\u0161e vozidlo bude zodpoveda\u0165 va\u0161im predstav\u00e1m o ceste.<\/p>\n<h3>\ud83c\udf1f Z\u00e1v\u00e4zok k dokonalosti<\/h3>\n<p>Na str\u00e1nke <strong>CanaryVIP<\/strong>, dokonalos\u0165 je z\u00e1kladom v\u0161etk\u00e9ho, \u010do rob\u00edme. Sna\u017e\u00edme sa prekona\u0165 va\u0161e o\u010dak\u00e1vania, od kvality na\u0161ich vozidiel a\u017e po slu\u017eby z\u00e1kazn\u00edkom. N\u00e1\u0161 t\u00edm je v\u017edy pripraven\u00fd pon\u00faknu\u0165 odpor\u00fa\u010dania, pom\u00f4c\u0165 s trasami alebo poskytn\u00fa\u0165 ak\u00fako\u013evek podporu, ktor\u00fa potrebujete po\u010das <strong>pren\u00e1jom auta Tenerife<\/strong> sk\u00fasenosti. Nie sme len slu\u017eba, sme v\u00e1\u0161 partner na Tenerife.<\/p>\n<h4>\ud83d\udddd\ufe0f Vyu\u017eite pr\u00edle\u017eitos\u0165<\/h4>\n<p>Kr\u00e1sy Tenerife na nikoho ne\u010dakaj\u00fa a s CanaryVIP nebolo nikdy jednoduch\u0161ie vyu\u017ei\u0165 pr\u00edle\u017eitos\u0165 na objavovanie tohto ostrovn\u00e9ho raja. Nenechajte si mo\u017enos\u0165 vytvori\u0165 si vlastn\u00e9 dobrodru\u017estvo prek\u013aznu\u0165 pomedzi prsty. <strong>Pren\u00e1jom auta Tenerife<\/strong> Prevezmite kontrolu nad svojou dovolenkou a vytvorte si cestu, ktor\u00e1 bude rovnako jedine\u010dn\u00e1 ako vy.<\/p>\n<h4>\u2764\ufe0f Rezervujte si svoju jazdu snov e\u0161te dnes<\/h4>\n<p>Ste pripraven\u00ed presk\u00fama\u0165 Tenerife pod\u013ea vlastn\u00fdch predst\u00e1v?<\/p>\n<p>Nav\u0161t\u00edvte str\u00e1nku <strong>CanaryVIP<\/strong> a rezervujte si dokonal\u00fd pren\u00e1jom auta. Sta\u010d\u00ed p\u00e1r kliknut\u00ed a budete na ceste na nezabudnute\u013en\u00fa cestu pln\u00fa objavov, slobody a \u010distej radosti z objavovania.<\/p>\n<p>Va\u0161e dobrodru\u017estvo \u010dak\u00e1 so slu\u017ebou CanaryVIP Rent a Car Tenerife - rezervujte si ho teraz a objavte \u010daro Tenerife.<\/p>","protected":false},"excerpt":{"rendered":"<p><strong>\ud83d\udd0d Pren\u00e1jom auta Tenerife:<\/strong><br \/>\n\u2705 Bezpe\u010dn\u00e1 platba.<br \/>\n\ud83d\ude99 Viacero mo\u017enost\u00ed vozidiel.<br \/>\n\ud83d\ude80 Od 1 do 30 dn\u00ed.<br \/>\n\u2705 Poistenie v cene.<br \/>\n\ud83c\udfc1 Neobmedzen\u00fd po\u010det kilometrov.<br \/>\n\ud83d\udc64 +25 rokov m\u00f4\u017ee riadi\u0165.<br \/>\n\ud83e\udd11 Garancia najlep\u0161ej ceny.<br \/>\n\ud83d\ude8d Bezplatn\u00e9 doru\u010denie do v\u00e1\u0161ho hotela.<br \/>\n\u2708\ufe0f Doru\u010denie a vyzdvihnutie z letiska.<br \/>\n\ud83d\udc6a Z\u013eavy aktivovan\u00e9.<br \/>\n\ud83c\udf1f Rezervujte teraz a u\u0161etrite!<\/p>","protected":false},"featured_media":10916,"comment_status":"open","ping_status":"closed","template":"","meta":{"_acf_changed":false},"product_brand":[],"product_cat":[83],"product_tag":[],"class_list":{"0":"post-10186","1":"product","2":"type-product","3":"status-publish","4":"has-post-thumbnail","6":"product_cat-rentals","7":"wcpa_has_options","9":"first","10":"instock","11":"virtual","12":"purchasable","13":"product-type-simple"},"acf":[],"wcpa_form_fields":{"wcpaData":{"product":{"product_price":50,"price_html":"From&nbsp;<span class=\"woocommerce-Price-amount amount\"><bdi>50,00&nbsp;<span class=\"woocommerce-Price-currencySymbol\">&euro;<\/span><\/bdi><\/span>","original_product_price":50,"price_including_tax":50,"price_excluding_tax":50,"product_id":{"parent":10186,"variation":false},"is_variable":false,"stock_status":"instock","stock_quantity":null,"parent_sku":"CV10186","product_attributes":[],"custom_fields":[],"is_taxable":false,"product_name":"Rent a Car Tenerife","hasImage":false},"fields":{"sec_4668282996d361":{"extra":{"key":"sec_4668282996d361","section_id":"sec_4668282996d361","name":"Contact us","status":1,"cl_rule":"show","enableCl":false,"relations":[],"toggle":true,"title_tag":"h3","show_title":false,"showPrice":"default","form_id":12153,"form_rules":{"exclude_from_discount":true,"fee_label":"Fee","disp_hide_options_price":true,"disp_show_section_price":false,"disp_show_field_price":true,"layout_option":"standard","pric_use_as_fee":false,"process_fee_as":"woo_fee"},"layout_option":"standard"},"fields":[[{"active":true,"col":6,"relations":false,"cl_rule":"show","enableCl":false,"price":"","enablePrice":false,"className":"","label_position":"default","desc_position":"default","type":"content","required":false,"elementId":"content_8291538701","label":"","name":"content_8291538701","contentType":"rich","value":"<p><a href=\"https:\/\/api.whatsapp.com\/send\/?phone=34629670312&amp;text&amp;type=phone_number&amp;app_absent=0\" target=\"_blank\"><strong>Contact us on WhatsApp<\/strong><\/a><strong> to get a personalized price for this activity\/excursion\/rental.<\/strong><\/p>","error":false,"subtype":"div","gt_translate_keys":["label","value"],"price_dependency":false,"cl_dependency":false}]]},"sec_16644ac1d03e64":{"extra":{"key":"sec_16644ac1d03e64","section_id":"sec_16644ac1d03e64","name":"Default","status":1,"cl_rule":"show","enableCl":false,"relations":[],"toggle":true,"title_tag":"h3","show_title":false,"showPrice":"default","form_id":11506,"form_rules":{"exclude_from_discount":true,"fee_label":"Fee","disp_hide_options_price":true,"disp_show_section_price":false,"disp_show_field_price":true,"layout_option":"standard","pric_use_as_fee":false,"process_fee_as":"woo_fee"},"layout_option":"standard"},"fields":[]}},"config":{"price_override":"","enable_recaptcha":false,"bind_quantity":false,"quantity_bind_formula":false,"disp_summ_show_option_price":true,"disp_summ_show_product_price":true,"disp_summ_show_total_price":true,"disp_summ_show_fee":true,"disp_summ_show_discount":true,"summary_title":"","options_total_label":"Options Price","total_label":"Total","options_product_label":"Product Price","fee_label":"Fee","discount_label":"Discount","has_price":true,"has_quantity_formula":false},"mc_unit":1,"tax_rate":1,"tax_rate_real":1,"discount":{"percentage":0,"fixed":0},"design":{"conf":{"LabelPosition":"above","DescPosition":"above","UploadField":"custom_1","QuantityFieldStyle":"custom_1"},"css":{"LeftLabelWidth":"120px"}},"formulas":[],"lookuptables":[],"clones":false,"cartKey":false}},"_links":{"self":[{"href":"https:\/\/canaryvip.com\/sk\/wp-json\/wp\/v2\/product\/10186","targetHints":{"allow":["GET"]}}],"collection":[{"href":"https:\/\/canaryvip.com\/sk\/wp-json\/wp\/v2\/product"}],"about":[{"href":"https:\/\/canaryvip.com\/sk\/wp-json\/wp\/v2\/types\/product"}],"replies":[{"embeddable":true,"href":"https:\/\/canaryvip.com\/sk\/wp-json\/wp\/v2\/comments?post=10186"}],"wp:featuredmedia":[{"embeddable":true,"href":"https:\/\/canaryvip.com\/sk\/wp-json\/wp\/v2\/media\/10916"}],"wp:attachment":[{"href":"https:\/\/canaryvip.com\/sk\/wp-json\/wp\/v2\/media?parent=10186"}],"wp:term":[{"taxonomy":"product_brand","embeddable":true,"href":"https:\/\/canaryvip.com\/sk\/wp-json\/wp\/v2\/product_brand?post=10186"},{"taxonomy":"product_cat","embeddable":true,"href":"https:\/\/canaryvip.com\/sk\/wp-json\/wp\/v2\/product_cat?post=10186"},{"taxonomy":"product_tag","embeddable":true,"href":"https:\/\/canaryvip.com\/sk\/wp-json\/wp\/v2\/product_tag?post=10186"}],"curies":[{"name":"wp","href":"https:\/\/api.w.org\/{rel}","templated":true}]}}