{"id":10109,"date":"2024-02-25T19:09:18","date_gmt":"2024-02-25T19:09:18","guid":{"rendered":"https:\/\/canaryvip.com\/?post_type=product&#038;p=10109"},"modified":"2025-11-25T16:28:10","modified_gmt":"2025-11-25T16:28:10","slug":"gulliver-private-yacht-charter-tenerife","status":"publish","type":"product","link":"https:\/\/canaryvip.com\/sk\/shop\/gulliver-private-yacht-charter-tenerife\/","title":{"rendered":"Gulliver: Pren\u00e1jom jachty Tenerife"},"content":{"rendered":"<h2><strong>\ud83d\udee5\ufe0f Gulliver Yacht = nezabudnute\u013en\u00e9 okamihy<\/strong><\/h2>\n<p>Vst\u00fapte do sveta n\u00e1morn\u00e9ho pote\u0161enia s jachtou Gulliver Yacht, najlep\u0161ou rodinnou jachtou na Tenerife, ktor\u00e1 bola navrhnut\u00e1 tak, aby pon\u00fakla dokonal\u00fa kombin\u00e1ciu vzru\u0161enia, oddychu a nezabudnute\u013en\u00fdch z\u00e1\u017eitkov. Tento 20-metrov\u00fd klenot vytv\u00e1ra predpoklady pre jedine\u010dn\u00e9 morsk\u00e9 dobrodru\u017estvo, ide\u00e1lne pre rodiny a skupiny, ktor\u00e9 h\u013eadaj\u00fa exkluz\u00edvny k\u00fasok oce\u00e1nskeho raja.<\/p>\n<h3>\u2b50\ufe0f <strong>Bezhrani\u010dn\u00e1 rados\u0165 a pohodlie na palube<\/strong><\/h3>\n<p><span style=\"text-decoration: underline;\"><strong>Objavte v\u00fdnimo\u010dn\u00e9 vlastnosti modelu Gulliver:<\/strong><\/span><\/p>\n<ul>\n<li>Priestrann\u00e1 paluba navrhnut\u00e1 pre dokonal\u00e9 rodinn\u00e9 pote\u0161enie.<\/li>\n<li>Pr\u00edjemn\u00e9 slne\u010dn\u00e9 vank\u00fa\u0161iky na pohodln\u00e9 opa\u013eovanie.<\/li>\n<li>Osvie\u017euj\u00face vodn\u00e9 hra\u010dky vr\u00e1tane nafukovacej \u0161m\u00fdka\u010dky, paddleboardov a podvodn\u00fdch sk\u00fatrov pre v\u0161etky vekov\u00e9 kateg\u00f3rie.<\/li>\n<li>Bohat\u00e9 mo\u017enosti stravovania pre r\u00f4zne di\u00e9tne potreby vr\u00e1tane bezlepkov\u00fdch jed\u00e1l.<\/li>\n<li>Neobmedzen\u00e9 ob\u010derstvenie: nealkoholick\u00e9 n\u00e1poje, v\u00edno, pivo, sangria a cava, ktor\u00e9 v\u00e1m spr\u00edjemnia cestu po mori.<\/li>\n<\/ul>\n<h4>\ud83d\udea4 <strong>Vydajte sa na objavite\u013esk\u00fa plavbu<\/strong><\/h4>\n<p>Va\u0161e dobrodru\u017estvo sa za\u010d\u00edna na <a href=\"https:\/\/www.google.com\/maps\/place\/Puerto+Col%C3%B3n\/@28.078002,-16.7394902,17z\/data=!3m2!4b1!5s0xc6a97433884bdf9:0x76d293b7b99db23a!4m6!3m5!1s0xc6a9743509c9ebf:0xd62345524f768247!8m2!3d28.078002!4d-16.7369153!16s%2Fg%2F11c6cqryw_?entry=ttu\" target=\"_blank\" rel=\"noopener\">Puerto Col\u00f3n<\/a>, v srdci pulzuj\u00faceho morsk\u00e9ho \u017eivota Costa Adeje, kde na v\u00e1s \u010dak\u00e1 lo\u010f Gulliver, aby v\u00e1s uniesla na int\u00edmnu plavbu obmedzen\u00fa na 12 host\u00ed. To zaru\u010duje osobn\u00fd a exkluz\u00edvny z\u00e1\u017eitok, \u010di u\u017e sa plav\u00edte nieko\u013eko hod\u00edn, alebo sa vyd\u00e1vate na ve\u013ekolep\u00fd prieskum.<\/p>\n<h4>\ud83c\udf0a <strong>Zapojte sa do jedine\u010dn\u00fdch n\u00e1morn\u00fdch aktiv\u00edt<\/strong><\/h4>\n<p>V okamihu, ke\u010f nast\u00fapite na palubu lode Gulliver, za\u017eijete dobrodru\u017estvo. Fascinuj\u00face vody Tenerife sa stan\u00fa va\u0161\u00edm ihriskom a pon\u00faknu v\u00e1m neobmedzen\u00e9 mo\u017enosti z\u00e1bavy a objavovania. Ponorte sa do osvie\u017euj\u00facej n\u00e1ru\u010de mora, jazdite na vln\u00e1ch na paddleboarde alebo presk\u00famajte podmorsk\u00fd svet s na\u0161\u00edm \u0161pi\u010dkov\u00fdm \u0161norchlovac\u00edm vybaven\u00edm. Ka\u017ed\u00e1 aktivita je vytvoren\u00e1 tak, aby va\u0161e morsk\u00e9 dobrodru\u017estvo bolo skuto\u010dne nezabudnute\u013en\u00e9, a poz\u00fdva v\u00e1s k vytvoreniu spomienok, ktor\u00e9 v\u00e1m zostan\u00fa na cel\u00fd \u017eivot.<\/p>\n<h4>\ud83d\udc2c <strong>Zv\u00fd\u0161en\u00e1 elegancia za v\u00fdnimo\u010dn\u00fa cenu<\/strong><\/h4>\n<p>CanaryVIP zvy\u0161uje <a href=\"https:\/\/canaryvip.com\/sk\/tenerife\/boat-hire-tenerife\/?swcfpc=1\">charterov\u00e9 jachty<\/a> Gulliver, v ktorom sa sp\u00e1ja prepychov\u00fd luxus s bezkonkuren\u010dnou hodnotou. Objavte dobrodru\u017estvo, v ktorom sa cenov\u00e1 dostupnos\u0165 sn\u00fabi so sofistikovanos\u0165ou, s v\u00fdhodn\u00fdmi cenami, ktor\u00e9 zah\u0155\u0148aj\u00fa v\u0161etky vymo\u017eenosti a slu\u017eby potrebn\u00e9 na pozoruhodn\u00fa cestu po mori.<\/p>\n<h3>\ud83d\udd52 <strong>Vyberte si svoje dobrodru\u017estvo: Od jednod\u0148ov\u00fdch charterov po pred\u013a\u017een\u00e9 pobyty<\/strong><\/h3>\n<ul>\n<li><b>3,5-hodinov\u00e1 karta: <\/b>H\u013ead\u00e1te z\u00e1bavn\u00fd a jednoduch\u00fd sp\u00f4sob, ako si u\u017ei\u0165 oce\u00e1n? Tento 3,5-hodinov\u00fd s\u00fakromn\u00fd charter je ide\u00e1lny pre rodiny alebo skupiny, ktor\u00e9 sa chc\u00fa uvo\u013enene zozn\u00e1mi\u0165 s n\u00e1dhern\u00fdm pobre\u017e\u00edm Tenerife. Pl\u00e1vajte, \u0161norchlujte a u\u017e\u00edvajte si morsk\u00fd v\u00e1nok, pri\u010dom vyu\u017eite n\u00e1\u0161 tobog\u00e1n na palube - ob\u013e\u00faben\u00fd u det\u00ed aj dospel\u00fdch!<\/li>\n<li><b>5-hodinov\u00e1 charta: <\/b><span style=\"font-weight: 400;\">Potrebujete viac \u010dasu na prieskum? P\u00e4\u0165hodinov\u00fd charter v\u00e1m poskytne dokonal\u00fa rovnov\u00e1hu medzi dobrodru\u017estvom a oddychom. Budete sa plavi\u0165 pozd\u013a\u017e pobre\u017eia, kotvi\u0165 v skryt\u00fdch z\u00e1tok\u00e1ch a u\u017e\u00edva\u0165 si k\u00fapanie, \u0161norchlovanie a opa\u013eovanie. Samozrejme, pre \u010fal\u0161iu z\u00e1bavu na vode je v\u017edy pripraven\u00fd tobog\u00e1n. Ide\u00e1lne pre t\u00fdch, ktor\u00ed sa chc\u00fa venova\u0165 svojmu vlastn\u00e9mu tempu.<\/span><\/li>\n<li><b>7-hodinov\u00fd charter - v\u00fdlet do Los Gigantes: <\/b><span style=\"font-weight: 400;\">N\u00e1\u0161 7-hodinov\u00fd charter v\u00e1s zavedie a\u017e k dramatick\u00fdm \u00fatesom Los Gigantes - jedn\u00e9mu z najzn\u00e1mej\u0161\u00edch pr\u00edrodn\u00fdch divov Tenerife, aby ste za\u017eili skuto\u010dne nezabudnute\u013en\u00fd de\u0148 na mori. Po ceste budete ma\u0165 dostatok \u010dasu na k\u00fapanie, \u0161norchlovanie a vychutn\u00e1vanie si ka\u017ed\u00e9ho k\u00fata tejto \u00fachvatnej cesty. Vodn\u00fd tobog\u00e1n na palube dod\u00e1va lodi hrav\u00fd n\u00e1dych, v\u010faka \u010domu sa stane hitom pre skupiny, rodiny alebo p\u00e1ry, ktor\u00e9 chc\u00fa za\u017ei\u0165 Tenerife z \u00faplne novej perspekt\u00edvy.<\/span><\/li>\n<\/ul>\n<h3>\u2705 <strong>V\u0161etko, \u010do potrebujete na dokonal\u00fd de\u0148 na mori<\/strong><\/h3>\n<ul>\n<li>Bezplatn\u00e9 gurm\u00e1nske chu\u0165ovky a neobmedzen\u00e9 mno\u017estvo n\u00e1pojov pre v\u0161etky vekov\u00e9 kateg\u00f3rie.<\/li>\n<li>Sk\u00fasen\u00e1, viacjazy\u010dn\u00e1 pos\u00e1dka pripraven\u00e1 uspokoji\u0165 v\u0161etky va\u0161e potreby vr\u00e1tane \u0161pecializovanej \u010da\u0161n\u00ed\u010dky a kapit\u00e1na.<\/li>\n<li>Kompletn\u00e9 vybavenie na \u0161norchlovanie pre podmorsk\u00e9 dobrodru\u017estv\u00e1.<\/li>\n<li>VIP zaobch\u00e1dzanie s pohodln\u00fdm seden\u00edm a dostatkom priestoru pre ka\u017ed\u00e9ho hos\u0165a.<\/li>\n<\/ul>\n<h3>\ud83d\udccd <strong>Odchod z Puerto Col\u00f3n: Br\u00e1na k dobrodru\u017estvu<\/strong><\/h3>\n<p>Puerto Col\u00f3n sa nach\u00e1dza pri br\u00e1ne \u010d. 3 v ru\u0161nom centre Costa Adeje a je ide\u00e1lnym v\u00fdchodiskov\u00fdm bodom pre va\u0161e z\u00e1\u017eitky na jachte Gulliver. Pr\u00ed\u010fte len 15 min\u00fat pred pl\u00e1novan\u00fdm odchodom, aby ste si zabezpe\u010dili hladk\u00fd za\u010diatok dobrodru\u017estva, pri\u010dom v pr\u00edstave je k dispoz\u00edcii pohodln\u00e9 parkovisko pre \u013eahk\u00fd pr\u00edstup.<\/p>\n<h4>\ud83d\udcdc <strong>Bezprobl\u00e9mov\u00e1 rezerv\u00e1cia a jasn\u00e9 z\u00e1sady pre pokojn\u00fa myse\u013e<\/strong><\/h4>\n<p>Vydanie sa na dobrodru\u017estvo na jachte Gulliver je navrhnut\u00e9 tak, aby bolo \u010do najplynulej\u0161ie, od okamihu rezerv\u00e1cie a\u017e po vstup na palubu. Spolo\u010dnos\u0165 CanaryVIP uprednost\u0148uje va\u0161e pohodlie a bezpe\u010dnos\u0165 a zabezpe\u010duje, aby bol ka\u017ed\u00fd aspekt va\u0161ej cesty jasne a starostlivo pokryt\u00fd.<\/p>\n<ul>\n<li><strong>Z\u00e1ruka po\u010dasia<\/strong>: Sledujeme hladk\u00fd priebeh plavby. V pr\u00edpade nepriazniv\u00fdch podmienok si m\u00f4\u017eete vybra\u0165 medzi zmenou term\u00ednu plavby alebo vr\u00e1ten\u00edm pe\u0148az\u00ed v plnej v\u00fd\u0161ke, \u010d\u00edm zabezpe\u010d\u00edme predov\u0161etk\u00fdm va\u0161u bezpe\u010dnos\u0165 a spokojnos\u0165.<\/li>\n<li><strong>Flexibiln\u00e9 zru\u0161enie<\/strong>: Pl\u00e1ny sa menia a my to ch\u00e1peme. Zru\u0161enie rezerv\u00e1cie do 5 dn\u00ed pred cestou a vr\u00e1tenie pe\u0148az\u00ed v plnej v\u00fd\u0161ke. Pri ozn\u00e1men\u00ed menej ako 5 dn\u00ed vopred alebo pri ne\u00fa\u010dasti, bohu\u017eia\u013e, nie je mo\u017en\u00e9 vr\u00e1ti\u0165 peniaze. Upozor\u0148ujeme, \u017ee poplatky za spracovanie platby, ktor\u00e9 sa rovnaj\u00fa 3% z celkovej platby, sa v \u017eiadnom pr\u00edpade nevracaj\u00fa.<\/li>\n<li><strong>Vstupenky s jednoduch\u00fdm pr\u00edstupom<\/strong>: Palubn\u00fa vstupenku majte po ruke v telef\u00f3ne alebo vytla\u010den\u00fa pre v\u00e4\u010d\u0161ie pohodlie. Na\u0161e digit\u00e1lne l\u00edstky v\u00e1m zaru\u010dia, \u017ee budete pripraven\u00ed vypl\u00e1va\u0165 bez probl\u00e9mov.<\/li>\n<li><strong>Komplexn\u00e1 starostlivos\u0165<\/strong>: Ak sa nec\u00edtite dobre alebo sa rozhodnete cestu pred\u010dasne ukon\u010di\u0165, n\u00e1\u0161 t\u00edm je pripraven\u00fd v\u00e1m pom\u00f4c\u0165, hoci v tak\u00fdchto pr\u00edpadoch nie je mo\u017en\u00e9 vr\u00e1ti\u0165 peniaze.<\/li>\n<li><strong>Flexibilita platieb<\/strong>: Vyberte si sp\u00f4sob platby, ktor\u00fd v\u00e1m vyhovuje.<\/li>\n<\/ul>\n<p><strong>\ud83c\udf0a\ud83c\udf1f\ud83d\udee5\ufe0f Rezervujte si z\u00e1\u017eitok na jachte Gulliver s CanaryVIP e\u0161te dnes a odomknite si dvere k nezabudnute\u013en\u00fdm chv\u00ed\u013eam na mori.<\/strong><\/p>","protected":false},"excerpt":{"rendered":"<p><strong>\ud83d\udd0d Gulliver Charter:<\/strong><br \/>\n\u2705 Bezpe\u010dn\u00e1 platba.<br \/>\n\ud83d\udd10 S\u00fakromn\u00e9 prehliadky k dispoz\u00edcii.<br \/>\n<span>\ud83d\udc65 K dispoz\u00edcii s\u00fa spolo\u010dn\u00e9 prehliadky.<\/span><br \/>\n\ud83d\udee5\ufe0f 20m Yacht Comfort.<br \/>\n\u23f3 Denn\u00e9 prehliadky v trvan\u00ed 3-9 hod\u00edn.<br \/>\n\ud83d\udd59 Prisp\u00f4sobite\u013en\u00e9 \u010dasy odchodu.<br \/>\n\ud83c\udf74 Strava a n\u00e1poje v cene.<br \/>\n\ud83d\udc65 Maxim\u00e1lne 12 host\u00ed.<br \/>\n\ud83e\udd29 Z\u00e1bavn\u00e9 nafukovacie atrakcie.<br \/>\n\ud83d\udef6 Vr\u00e1tane kajakov.<br \/>\n\ud83d\udeb2 Bicykle s morskou vodou.<br \/>\n\ud83d\udedd Ultimate Water Slide.<br \/>\n\ud83c\udfc4\u200d\u2640\ufe0f Vr\u00e1tane p\u00e1dlov\u00fdch dosiek.<br \/>\n\ud83e\udd3f Vybavenie na \u0161norchlovanie je k dispoz\u00edcii.<br \/>\n\ud83d\udd0a Prehr\u00e1vajte svoju hudbu.<br \/>\n\ud83e\udd11 Garancia najlep\u0161ej ceny.<br \/>\n\ud83d\udc6a Z\u013eavy aktivovan\u00e9.<br \/>\n\ud83d\udd01 Storno do 5 dn\u00ed.<br \/>\n\ud83c\udf0d Viacjazy\u010dn\u00e1 pos\u00e1dka.<br \/>\n\ud83c\udf1f Rezervujte si v\u010das a u\u0161etrite!<br \/>\n\ud83d\udccd Odchod z\u00a0<a href=\"https:\/\/maps.app.goo.gl\/ocJuu7A8R1JWjPbS9\">Puerto Colon<\/a>.<\/p>","protected":false},"featured_media":10114,"comment_status":"open","ping_status":"closed","template":"","meta":{"_acf_changed":false},"product_brand":[],"product_cat":[47],"product_tag":[],"class_list":{"0":"post-10109","1":"product","2":"type-product","3":"status-publish","4":"has-post-thumbnail","6":"product_cat-boat-hire-tenerife","7":"wcpa_has_options","9":"first","10":"instock","11":"sale","12":"virtual","13":"purchasable","14":"product-type-simple"},"acf":[],"wcpa_form_fields":{"wcpaData":{"product":{"product_price":895,"price_html":"From&nbsp;<del aria-hidden=\"true\"><span class=\"woocommerce-Price-amount amount\"><bdi>950,00&nbsp;<span class=\"woocommerce-Price-currencySymbol\">&euro;<\/span><\/bdi><\/span><\/del> <span class=\"screen-reader-text\">P\u00f4vodn\u00e1 cena bola: 950,00&nbsp;&euro;.<\/span><ins aria-hidden=\"true\"><span class=\"woocommerce-Price-amount amount\"><bdi>895,00&nbsp;<span class=\"woocommerce-Price-currencySymbol\">&euro;<\/span><\/bdi><\/span><\/ins><span class=\"screen-reader-text\">Aktu\u00e1lna cena je: 895,00&nbsp;&euro;.<\/span>","original_product_price":950,"price_including_tax":895,"price_excluding_tax":895,"product_id":{"parent":10109,"variation":false},"is_variable":false,"stock_status":"instock","stock_quantity":null,"parent_sku":"CV10109","product_attributes":[],"custom_fields":[],"is_taxable":false,"product_name":"Gulliver: Yacht Hire Tenerife","hasImage":false},"fields":{"sec_96638f078b8951":{"extra":{"key":"sec_96638f078b8951","section_id":"sec_96638f078b8951","name":"Default","status":1,"cl_rule":"show","enableCl":false,"relations":[],"toggle":true,"title_tag":"h3","show_title":false,"showPrice":"default","form_id":11398,"form_rules":{"exclude_from_discount":true,"fee_label":"Fee","disp_hide_options_price":true,"disp_show_section_price":false,"disp_show_field_price":true,"layout_option":"standard","pric_use_as_fee":false,"process_fee_as":"woo_fee"},"layout_option":"standard"},"fields":[[{"label":"\ud83d\udcc5 Date","active":true,"required":true,"elementId":"date_106638f078b8973","picker_type":"custom","picker_mode":"single","placeholder":"","description":"","tooltip":"","name":"date_106638f078b8973","label_position":"default","desc_position":"default","enablePrice":false,"className":"","enableCl":false,"relations":[{"operator":"and","rules":[{"operator":"AND","rules":{"cl_field":"radio-group_565c78ffa81208","cl_relation":"is","cl_val":"3 Hour Trip"}}]}],"date_pic_inline":true,"date_pic_inline_hide":true,"min_date":{"type":"days","val":"1"},"max_date":{"type":"days","val":"365"},"date_pic_conf":{"disabledWeeks":[],"disabledDates":["2024-06-30","2024-07-25","2024-11-28 to 2024-12-04","2025-03-29"]},"price":"","cl_rule":"show","col":6,"type":"date","error":false,"enableDesign":false,"LabelColor":"","gt_translate_keys":["label","placeholder","description","tooltip"],"price_dependency":false,"cl_dependency":false,"value":""}],[{"elementId":"separator_66638f078b898d","separatorType":"blank","className":"","height":"3","enableCl":false,"relations":false,"cl_rule":"show","col":6,"type":"separator","error":false,"gt_translate_keys":[],"price_dependency":false,"cl_dependency":false,"value":""}],[{"active":true,"col":6,"relations":false,"cl_rule":"show","enableCl":false,"price":"","enablePrice":true,"className":"","label_position":"default","desc_position":"default","type":"select","required":true,"elementId":"select_96638f078b8998","label":"\u23f3 Trip Duration","name":"select_96638f078b8998","values":[{"label":"3.5 Hours (895\u20ac)","value":"3","selected":false,"tempId":"aco_556","price":"895","gt_translate_keys":["label"]},{"label":"5 Hours (1.200\u20ac)","value":"5","selected":false,"tempId":"aco_141","price":"1200","gt_translate_keys":["label"]},{"label":"7 Hours (1.750\u20ac)","value":"7","selected":false,"tempId":"aco_151","price":"1750","gt_translate_keys":["label"]}],"dropdown_type":"basic","error":false,"placeholder":"Select Trip Duration","priceOptions":"different_for_all","pricingType":"fixed","is_show_price":false,"gt_translate_keys":["label","placeholder"],"price_dependency":false,"cl_dependency":false,"value":""}],[{"active":true,"col":6,"relations":false,"cl_rule":"show","enableCl":false,"price":"","enablePrice":true,"className":"","label_position":"default","desc_position":"default","type":"select","required":false,"elementId":"select_0041641856","label":"\ud83d\udca6 Add jet-skis?","name":"select_0041641856","values":[{"label":"2 JetSkis for 1 Hour (500\u20ac)","value":"2 x JetSki for 1 Hour","selected":false,"tempId":"aco_2502","price":"500","gt_translate_keys":["label"]},{"label":"1 JetSki for 2 Hours (500\u20ac)","value":"1 x JetSki for 2 Hours","selected":false,"tempId":"aco_2503","price":"500","gt_translate_keys":["label"]},{"label":"2 JetSkis for 2 Hours (800\u20ac)","value":"2 x JetSki for 2 Hours","selected":false,"tempId":"aco_2927","price":"800","gt_translate_keys":["label"]}],"dropdown_type":"basic","error":false,"description":"Private JetSki tour from the boat with a JetSki instructor.","placeholder":"None","priceOptions":"different_for_all","pricingType":"fixed","is_show_price":false,"isWeightTemplate":false,"isTemplate":false,"min_quantity":"1","quantity_decimal":false,"quantity_step":"1","quantity_label":"Quantity","repeater_field_label":"{field_label}","repeater_bind":"","gt_translate_keys":["label","placeholder","description","repeater_field_label","quantity_label"],"price_dependency":false,"cl_dependency":false,"value":""}],[{"elementId":"separator_16638f078b89f1","separatorType":"blank","className":"","height":"1","enableCl":false,"relations":false,"cl_rule":"show","col":6,"type":"separator","error":false,"gt_translate_keys":[],"price_dependency":false,"cl_dependency":false,"value":""}],[{"active":true,"col":6,"relations":[{"operator":false,"rules":[{"operator":"AND","rules":{"cl_field":"radio-group_565c78ffa81208","cl_relation":"is","cl_val":"3 Hour Trip"}}]}],"cl_rule":"show","enableCl":false,"price":"","enablePrice":false,"className":"","label_position":"default","desc_position":"default","type":"select","required":false,"elementId":"select_76638f078b89d4","label":"\u23f0 Departure Time","name":"select_76638f078b89d4","values":[{"label":"10:00","value":"10:00","selected":false,"tempId":"aco_1472","gt_translate_keys":["label"]},{"label":"14:00 (2:00 PM)","value":"14:00","selected":false,"tempId":"aco_1728","gt_translate_keys":["label"]},{"label":"17:30 (5:30 PM)","value":"17:30","selected":false,"tempId":"aco_28","gt_translate_keys":["label"]}],"dropdown_type":"basic","error":false,"placeholder":"Whichever Time is Best","gt_translate_keys":["label","placeholder"],"price_dependency":false,"cl_dependency":false,"value":""}],[{"elementId":"separator-2954713577","separatorType":"blank","className":"","height":"1","enableCl":false,"relations":false,"cl_rule":"show","col":6,"type":"separator","gt_translate_keys":[],"price_dependency":false,"cl_dependency":false,"value":""}],[{"label":"\u2705 Number of People","active":true,"required":true,"elementId":"select_76638f078b89e7","dropdown_type":"basic","placeholder":"Select Number of People","name":"select_76638f078b89e7","label_position":"default","desc_position":"default","enablePrice":true,"className":"","enableCl":false,"relations":[{"operator":false,"rules":[{"operator":"AND","rules":{"cl_field":"radio-group_565c78ffa81208","cl_relation":"is","cl_val":"3 Hour Trip"}}]}],"values":[{"label":"1 person","value":"1","selected":false,"tempId":"aco_1471","gt_translate_keys":["label"]},{"label":"2 people","value":"2","selected":false,"tempId":"aco_1472","gt_translate_keys":["label"]},{"label":"3 people (+10\u20ac)","value":"3","selected":false,"tempId":"aco_1500","price":"10","gt_translate_keys":["label"]},{"label":"4 people (+20\u20ac)","value":"4","selected":false,"tempId":"aco_1510","price":"20","gt_translate_keys":["label"]},{"label":"5 people (+30\u20ac)","value":"5","selected":false,"tempId":"aco_1520","price":"30","gt_translate_keys":["label"]},{"label":"6 people (+40\u20ac)","value":"6","selected":false,"tempId":"aco_1728","price":"40","gt_translate_keys":["label"]},{"label":"7 people (+50\u20ac)","value":"7","selected":false,"tempId":"aco_1738","price":"50","gt_translate_keys":["label"]},{"label":"8 people (+60\u20ac)","value":"8","selected":false,"tempId":"aco_1748","price":"60","gt_translate_keys":["label"]},{"label":"9 people (+70\u20ac)","value":"9","selected":false,"tempId":"aco_1912","price":"70","gt_translate_keys":["label"]},{"label":"10 people (+80\u20ac)","value":"10","selected":false,"tempId":"aco_1922","price":"80","gt_translate_keys":["label"]},{"label":"11 People (+90\u20ac)","value":"11","selected":false,"tempId":"aco_19","price":"90","gt_translate_keys":["label"]},{"label":"12 People (+100\u20ac)","value":"12","selected":false,"tempId":"aco_29","price":"100","gt_translate_keys":["label"]}],"price":"","cl_rule":"show","col":6,"type":"select","error":false,"priceOptions":"different_for_all","pricingType":"fixed","gt_translate_keys":["label","placeholder"],"price_dependency":false,"cl_dependency":false,"value":""}],[{"elementId":"separator_26638f078b89de","separatorType":"blank","className":"","height":"1","enableCl":false,"relations":false,"cl_rule":"show","col":6,"type":"separator","gt_translate_keys":[],"price_dependency":false,"cl_dependency":false,"value":""}]]}},"config":{"price_override":"always","enable_recaptcha":false,"bind_quantity":false,"quantity_bind_formula":false,"disp_summ_show_option_price":true,"disp_summ_show_product_price":false,"disp_summ_show_total_price":true,"disp_summ_show_fee":true,"disp_summ_show_discount":true,"summary_title":"","options_total_label":"Options Price","total_label":"Total Amount","options_product_label":"Product Price","fee_label":"Fee","discount_label":"Discount","has_price":true,"has_quantity_formula":false},"mc_unit":1,"tax_rate":1,"tax_rate_real":1,"discount":{"percentage":0,"fixed":0},"design":{"conf":{"LabelPosition":"above","DescPosition":"above","UploadField":"custom_1","QuantityFieldStyle":"custom_1"},"css":{"LeftLabelWidth":"120px"}},"formulas":{"fmla_1708360988969136756":"(({field.select_56638eb5b235ae.value}>=3)?(1200):(({field.select_56638eb5b235ae.value}>=2)?(850):(({field.select_56638eb5b235ae.value}>=1)?(540):(0))))","fmla_1708364241278155361":"(({field.select_5841412719.value}>=8)?({field.select_5841412719.price}):(({field.select_5841412719.value}>=5)?({field.select_5841412719.price}):(({field.select_5841412719.value}>=3)?({field.select_5841412719.price}):(0))))"},"lookuptables":[],"clones":false,"cartKey":false}},"_links":{"self":[{"href":"https:\/\/canaryvip.com\/sk\/wp-json\/wp\/v2\/product\/10109","targetHints":{"allow":["GET"]}}],"collection":[{"href":"https:\/\/canaryvip.com\/sk\/wp-json\/wp\/v2\/product"}],"about":[{"href":"https:\/\/canaryvip.com\/sk\/wp-json\/wp\/v2\/types\/product"}],"replies":[{"embeddable":true,"href":"https:\/\/canaryvip.com\/sk\/wp-json\/wp\/v2\/comments?post=10109"}],"wp:featuredmedia":[{"embeddable":true,"href":"https:\/\/canaryvip.com\/sk\/wp-json\/wp\/v2\/media\/10114"}],"wp:attachment":[{"href":"https:\/\/canaryvip.com\/sk\/wp-json\/wp\/v2\/media?parent=10109"}],"wp:term":[{"taxonomy":"product_brand","embeddable":true,"href":"https:\/\/canaryvip.com\/sk\/wp-json\/wp\/v2\/product_brand?post=10109"},{"taxonomy":"product_cat","embeddable":true,"href":"https:\/\/canaryvip.com\/sk\/wp-json\/wp\/v2\/product_cat?post=10109"},{"taxonomy":"product_tag","embeddable":true,"href":"https:\/\/canaryvip.com\/sk\/wp-json\/wp\/v2\/product_tag?post=10109"}],"curies":[{"name":"wp","href":"https:\/\/api.w.org\/{rel}","templated":true}]}}