{"id":9195,"date":"2024-01-28T19:23:23","date_gmt":"2024-01-28T19:23:23","guid":{"rendered":"https:\/\/canaryvip.com\/?page_id=9195"},"modified":"2026-03-04T18:17:48","modified_gmt":"2026-03-04T18:17:48","slug":"collaborate-with-canaryvip","status":"publish","type":"page","link":"https:\/\/canaryvip.com\/sk\/collaborate-with-canaryvip\/","title":{"rendered":"Partnerstvo s CanaryVIP: pon\u00faknite svoje z\u00e1\u017eitky zahrani\u010dn\u00fdm cestovate\u013eom"},"content":{"rendered":"<p>Sta\u0148te sa partnerom CanaryVIP a predstavte svoje aktivity cestovate\u013eom z cel\u00e9ho sveta. Ke\u010f\u017ee na\u0161a platforma sa na\u010falej rozrast\u00e1 na ostrovoch Tenerife, Gran Canaria, Fuerteventura, Lanzarote, La Palma a El Hierro, akt\u00edvne h\u013ead\u00e1me spolupr\u00e1cu s profesion\u00e1lnymi poskytovate\u013emi aktiv\u00edt a cestovn\u00fdmi kancel\u00e1riami.<\/p>\n<p>N\u00e1\u0161 cie\u013e je jednoduch\u00fd: spoji\u0165 kvalitn\u00e9 miestne z\u00e1\u017eitky so zahrani\u010dn\u00fdmi n\u00e1v\u0161tevn\u00edkmi, ktor\u00ed chc\u00fa spozna\u0165 to najlep\u0161ie, \u010do Kan\u00e1rske ostrovy pon\u00fakaj\u00fa.<\/p>\n<h2>Prev\u00e1dzkovatelia z\u00e1jazdov a aktiv\u00edt<\/h2>\n<p>Ak prev\u00e1dzkujete v\u00fdlety, v\u00fdlety lo\u010fou, outdoorov\u00e9 dobrodru\u017estv\u00e1, vodn\u00e9 \u0161porty, z\u00e1\u017eitky so sprievodcom alebo ak\u00fako\u013evek jedine\u010dn\u00fa aktivitu na Kan\u00e1rskych ostrovoch, slu\u017eba CanaryVIP v\u00e1m pom\u00f4\u017ee oslovi\u0165 \u0161ir\u0161ie publikum.<\/p>\n<p>Prostredn\u00edctvom na\u0161ej platformy sa va\u0161a aktivita m\u00f4\u017ee zvidite\u013eni\u0165 medzi zahrani\u010dn\u00fdmi cestovate\u013emi, ktor\u00ed akt\u00edvne vyh\u013ead\u00e1vaj\u00fa aktivity po\u010das svojho pobytu na Kan\u00e1rskych ostrovoch.<\/p>\n<p>Spolupr\u00e1ca so spolo\u010dnos\u0165ou CanaryVIP m\u00f4\u017ee va\u0161ej \u010dinnosti prinies\u0165 v\u00fdhody:<\/p>\n<p>- Zv\u00fd\u0161en\u00e1 expoz\u00edcia pre zahrani\u010dn\u00fdch n\u00e1v\u0161tevn\u00edkov<br \/>\n- \u010eal\u0161ie rezerv\u00e1cie prostredn\u00edctvom na\u0161ej online platformy<br \/>\n- Propag\u00e1cia prostredn\u00edctvom na\u0161ich digit\u00e1lnych marketingov\u00fdch kan\u00e1lov<br \/>\n- Jednoduch\u00fd a transparentn\u00fd model spolupr\u00e1ce<\/p>\n<p>Spolupracujeme so starostlivo vybran\u00fdmi partnermi, ktor\u00ed n\u00e1v\u0161tevn\u00edkom poskytuj\u00fa profesion\u00e1lne, bezpe\u010dn\u00e9 a nezabudnute\u013en\u00e9 z\u00e1\u017eitky.<\/p>\n<h2>Po\u017eiadavky na spolupr\u00e1cu<\/h2>\n<p>Aby sme na\u0161im z\u00e1kazn\u00edkom zabezpe\u010dili \u010do najlep\u0161\u00ed z\u00e1\u017eitok, spolupracujeme s prev\u00e1dzkovate\u013emi, ktor\u00ed sp\u013a\u0148aj\u00fa profesion\u00e1lne a pr\u00e1vne normy. To zah\u0155\u0148a pr\u00edslu\u0161n\u00e9 licencie, poistenie a dodr\u017eiavanie miestnych predpisov, ak sa uplat\u0148uj\u00fa.<\/p>\n<p>Cen\u00edme si partnerov, ktor\u00ed s\u00fa spo\u013eahliv\u00ed, jasne komunikuj\u00fa a udr\u017eiavaj\u00fa vysok\u00fa \u00farove\u0148 slu\u017eieb pre host\u00ed.<\/p>\n<h2>\u010cinnosti, ktor\u00e9 h\u013ead\u00e1me<\/h2>\n<p>M\u00e1me z\u00e1ujem o spolupr\u00e1cu so \u0161irokou \u0161k\u00e1lou poskytovate\u013eov aktiv\u00edt na Kan\u00e1rskych ostrovoch vr\u00e1tane:<\/p>\n<p>- Prehliadky lod\u00ed a pren\u00e1jom s\u00fakromn\u00fdch j\u00e1cht<br \/>\n- V\u00fdlety na pozorovanie ve\u013er\u00fdb a delf\u00ednov<br \/>\n- Vodn\u00e9 sk\u00fatre a vodn\u00e9 \u0161porty<br \/>\n- Dobrodru\u017estv\u00e1 na \u0161tvorkolk\u00e1ch a bugin\u00e1ch<br \/>\n- Turistika a v\u00fdlety do pr\u00edrody<br \/>\n- Kult\u00farne a sprievodcovsk\u00e9 z\u00e1\u017eitky<br \/>\n- Pot\u00e1panie, \u0161norchlovanie a aktivity v oce\u00e1ne<\/p>\n<p>Ak pon\u00fakate jedine\u010dn\u00fd z\u00e1\u017eitok, ktor\u00fd by sa n\u00e1v\u0161tevn\u00edkom Kan\u00e1rskych ostrovov p\u00e1\u010dil, budeme radi, ak sa n\u00e1m ozvete.<\/p>\n<h2>Zv\u00fd\u0161te po\u010det svojich rezerv\u00e1ci\u00ed pomocou CanaryVIP<\/h2>\n<p>Na\u0161\u00edm poslan\u00edm je podporova\u0165 miestnych prev\u00e1dzkovate\u013eov a z\u00e1rove\u0148 u\u013eah\u010dova\u0165 cestovate\u013eom objavovanie a rezerv\u00e1ciu autentick\u00fdch z\u00e1\u017eitkov na Kan\u00e1rskych ostrovoch.<\/p>\n<p>Ak chcete, aby sa va\u0161e v\u00fdlety alebo slu\u017eby objavili na CanaryVIP, kontaktujte n\u00e1\u0161 t\u00edm a povedzte n\u00e1m viac o svojej \u010dinnosti.<\/p>\n<p><strong>M\u00e1te z\u00e1ujem o spolupr\u00e1cu? Kontaktujte n\u00e1s e\u0161te dnes a po\u010fme presk\u00fama\u0165, ako m\u00f4\u017eeme spolo\u010dne r\u00e1s\u0165.<\/strong><\/p>","protected":false},"excerpt":{"rendered":"<p>Become a partner of CanaryVIP and showcase your activities to travelers from around the world. As our platform continues to grow across Tenerife, Gran Canaria, Fuerteventura, Lanzarote, La Palma, and El Hierro, we are actively looking to collaborate with professional activity providers and tour operators. Our goal is simple: connect high-quality local experiences with international&#8230;<\/p>","protected":false},"author":1,"featured_media":0,"parent":0,"menu_order":0,"comment_status":"closed","ping_status":"closed","template":"","meta":{"_acf_changed":false,"footnotes":""},"class_list":["post-9195","page","type-page","status-publish","hentry"],"acf":[],"_links":{"self":[{"href":"https:\/\/canaryvip.com\/sk\/wp-json\/wp\/v2\/pages\/9195","targetHints":{"allow":["GET"]}}],"collection":[{"href":"https:\/\/canaryvip.com\/sk\/wp-json\/wp\/v2\/pages"}],"about":[{"href":"https:\/\/canaryvip.com\/sk\/wp-json\/wp\/v2\/types\/page"}],"author":[{"embeddable":true,"href":"https:\/\/canaryvip.com\/sk\/wp-json\/wp\/v2\/users\/1"}],"replies":[{"embeddable":true,"href":"https:\/\/canaryvip.com\/sk\/wp-json\/wp\/v2\/comments?post=9195"}],"version-history":[{"count":8,"href":"https:\/\/canaryvip.com\/sk\/wp-json\/wp\/v2\/pages\/9195\/revisions"}],"predecessor-version":[{"id":16786,"href":"https:\/\/canaryvip.com\/sk\/wp-json\/wp\/v2\/pages\/9195\/revisions\/16786"}],"wp:attachment":[{"href":"https:\/\/canaryvip.com\/sk\/wp-json\/wp\/v2\/media?parent=9195"}],"curies":[{"name":"wp","href":"https:\/\/api.w.org\/{rel}","templated":true}]}}