{"id":9191,"date":"2024-01-28T19:00:41","date_gmt":"2024-01-28T19:00:41","guid":{"rendered":"https:\/\/canaryvip.com\/?page_id=9191"},"modified":"2026-03-07T10:38:22","modified_gmt":"2026-03-07T10:38:22","slug":"privacy-policy","status":"publish","type":"page","link":"https:\/\/canaryvip.com\/sk\/privacy-policy\/","title":{"rendered":"Z\u00e1sady ochrany osobn\u00fdch \u00fadajov"},"content":{"rendered":"<section class=\"l-section wpb_row us_custom_4af741be height_auto\"><div class=\"l-section-h i-cf\"><div class=\"g-cols vc_row via_flex valign_top type_default stacking_default\"><div class=\"vc_col-sm-12 wpb_column vc_column_container\"><div class=\"vc_column-inner us_custom_5cd26a65\"><div class=\"wpb_wrapper\"><div class=\"wpb_text_column\"><div class=\"wpb_wrapper\"><h2>1. \u00davod<\/h2>\n<p>Vitajte na str\u00e1nke CanaryVIP.com. Ochrana va\u0161ich osobn\u00fdch \u00fadajov a v\u00e1\u0161ho s\u00fakromia s\u00fa pre n\u00e1s z\u00e1kladn\u00fdmi prioritami. Tieto z\u00e1sady ochrany osobn\u00fdch \u00fadajov opisuj\u00fa kateg\u00f3rie osobn\u00fdch \u00fadajov, ktor\u00e9 zhroma\u017e\u010fujeme, \u00fa\u010dely, na ktor\u00e9 ich pou\u017e\u00edvame, sp\u00f4sob ich zdie\u013eania a uchov\u00e1vania a bezpe\u010dnostn\u00e9 opatrenia, ktor\u00e9 uplat\u0148ujeme na ich ochranu. V\u0161etky \u010dinnosti spracovania sa vykon\u00e1vaj\u00fa v s\u00falade s platn\u00fdmi pr\u00e1vnymi predpismi o ochrane \u00fadajov vr\u00e1tane v\u0161eobecn\u00e9ho nariadenia o ochrane \u00fadajov (GDPR).<\/p>\n<h2>2. Spr\u00e1vca \u00fadajov<\/h2>\n<p>Pod\u013ea GDPR je subjektom zodpovedn\u00fdm za spracovanie va\u0161ich osobn\u00fdch \u00fadajov:<\/p>\n<p><img decoding=\"async\" class=\"alignnone wp-image-15255\" src=\"https:\/\/canaryvip.com\/wp-content\/uploads\/2025\/07\/canaryvipcompany.png\" alt=\"CanaryVIP\" width=\"400\" height=\"145\" srcset=\"https:\/\/canaryvip.com\/wp-content\/uploads\/2025\/07\/canaryvipcompany.png 772w, https:\/\/canaryvip.com\/wp-content\/uploads\/2025\/07\/canaryvipcompany-300x109.png 300w, https:\/\/canaryvip.com\/wp-content\/uploads\/2025\/07\/canaryvipcompany-18x7.png 18w, https:\/\/canaryvip.com\/wp-content\/uploads\/2025\/07\/canaryvipcompany-600x218.png 600w\" sizes=\"(max-width: 400px) 100vw, 400px\" title=\"\"><\/p>\n<h2>3. Pr\u00e1vny z\u00e1klad pre spracovanie<\/h2>\n<p>V s\u00falade s \u010dl\u00e1nkom 6 GDPR sa spolo\u010dnos\u0165 CanaryVIP pri sprac\u00favan\u00ed osobn\u00fdch \u00fadajov opiera o tieto pr\u00e1vne d\u00f4vody:<\/p>\n<h3>3.1 Plnenie zmluvy (\u010dl\u00e1nok 6.1.b)<\/h3>\n<p>Osobn\u00e9 \u00fadaje sprac\u00favame, ak je to potrebn\u00e9 na splnenie zmluvy s vami alebo na vykonanie krokov na va\u0161u \u017eiados\u0165 pred uzavret\u00edm zmluvy. To zah\u0155\u0148a:<\/p>\n<ul>\n<li>Spracovanie rezerv\u00e1ci\u00ed a spr\u00e1va rezerv\u00e1ci\u00ed.<\/li>\n<li>Poskytovanie z\u00e1kazn\u00edckej podpory v s\u00favislosti s rezervovan\u00fdmi slu\u017ebami.<\/li>\n<li>Vybavovanie zru\u0161en\u00fdch letov, vr\u00e1tenie pe\u0148az\u00ed a zmeny trasy.<\/li>\n<\/ul>\n<h3>3.2 S\u00fahlas (\u010dl\u00e1nok 6 ods. 1 p\u00edsm. a))<\/h3>\n<p>Ak to vy\u017eaduje z\u00e1kon, pred spracovan\u00edm osobn\u00fdch \u00fadajov z\u00edskame v\u00e1\u0161 v\u00fdslovn\u00fd s\u00fahlas. To sa t\u00fdka najm\u00e4:<\/p>\n<ul>\n<li>zasielanie propaga\u010dn\u00fdch e-mailov, informa\u010dn\u00fdch bulletinov alebo marketingovej komunik\u00e1cie.<\/li>\n<li>Zhroma\u017e\u010fovanie \u010fal\u0161\u00edch inform\u00e1ci\u00ed prostredn\u00edctvom volite\u013en\u00fdch formul\u00e1rov na na\u0161ej webovej str\u00e1nke.<\/li>\n<\/ul>\n<p>Svoj s\u00fahlas m\u00f4\u017eete kedyko\u013evek odvola\u0165 bez toho, aby to malo vplyv na z\u00e1konnos\u0165 ak\u00e9hoko\u013evek spracovania vykonan\u00e9ho pred odvolan\u00edm.<\/p>\n<h3>3.3 Pr\u00e1vna povinnos\u0165 (\u010dl\u00e1nok 6.1.c)<\/h3>\n<p>Osobn\u00e9 \u00fadaje m\u00f4\u017eeme sprac\u00fava\u0165 s cie\u013eom splni\u0165 pr\u00e1vne povinnosti, ktor\u00e9 s\u00fa pre spolo\u010dnos\u0165 CanaryVIP z\u00e1v\u00e4zn\u00e9, vr\u00e1tane:<\/p>\n<ul>\n<li>Da\u0148ov\u00e9 a finan\u010dn\u00e9 predpisy t\u00fdkaj\u00face sa faktur\u00e1cie a transakci\u00ed.<\/li>\n<li>Pr\u00e1vne predpisy na ochranu spotrebite\u013ea.<\/li>\n<li>reagovanie na z\u00e1konn\u00e9 \u017eiadosti org\u00e1nov verejnej moci alebo org\u00e1nov \u010dinn\u00fdch v trestnom konan\u00ed.<\/li>\n<\/ul>\n<h3>3.4 Opr\u00e1vnen\u00fd z\u00e1ujem (\u010dl\u00e1nok 6 ods. 1 p\u00edsm. f))<\/h3>\n<p>\u00dadaje m\u00f4\u017eeme sprac\u00fava\u0165 na z\u00e1klade na\u0161ich opr\u00e1vnen\u00fdch obchodn\u00fdch z\u00e1ujmov za predpokladu, \u017ee tieto z\u00e1ujmy nepreva\u017euj\u00fa nad va\u0161imi pr\u00e1vami a slobodami. Pr\u00edklady zah\u0155\u0148aj\u00fa:<\/p>\n<ul>\n<li>Zlep\u0161ovanie na\u0161ich slu\u017eieb prostredn\u00edctvom sp\u00e4tnej v\u00e4zby od z\u00e1kazn\u00edkov a anal\u00fdzy.<\/li>\n<li>Prevencia podvodov a kybernetick\u00e1 bezpe\u010dnos\u0165.<\/li>\n<li>Odpovedanie na v\u0161eobecn\u00e9 ot\u00e1zky a po\u017eiadavky z\u00e1kazn\u00edkov.<\/li>\n<\/ul>\n<p>M\u00e1te pr\u00e1vo kedyko\u013evek namieta\u0165 proti spracovaniu na z\u00e1klade opr\u00e1vnen\u00e9ho z\u00e1ujmu. Ak chcete uplatni\u0165 toto pr\u00e1vo, kontaktujte n\u00e1s na adrese <strong><a href=\"mailto:info@canaryvip.com\">info@canaryvip.com<\/a><\/strong>.<\/p>\n<hr \/>\n<h2>4. Inform\u00e1cie, ktor\u00e9 zhroma\u017e\u010fujeme a ako ich pou\u017e\u00edvame<\/h2>\n<h3>4.1 Kateg\u00f3rie osobn\u00fdch \u00fadajov<\/h3>\n<p>M\u00f4\u017eeme zhroma\u017e\u010fova\u0165 a sprac\u00fava\u0165 tieto typy osobn\u00fdch \u00fadajov:<\/p>\n<ul>\n<li><strong>\u00dadaje o toto\u017enosti:<\/strong> Meno, priezvisko, d\u00e1tum narodenia.<\/li>\n<li><strong>Kontaktn\u00e9 \u00fadaje:<\/strong> E-mailov\u00e1 adresa, telef\u00f3nne \u010d\u00edslo.<\/li>\n<li><strong>\u00dadaje o rezerv\u00e1cii:<\/strong> Podrobnosti o exkurzii, inform\u00e1cie o rezerv\u00e1cii a s\u00favisiacich platb\u00e1ch.<\/li>\n<li><strong>Komunika\u010dn\u00e9 \u00fadaje:<\/strong> E-maily, spr\u00e1vy a z\u00e1znamy o interakci\u00e1ch so z\u00e1kazn\u00edkmi.<\/li>\n<li><strong>\u00dadaje o transakci\u00e1ch:<\/strong> Platobn\u00e9 inform\u00e1cie s\u00fa bezpe\u010dne spracovan\u00e9 prostredn\u00edctvom poskytovate\u013eov platieb tret\u00edch str\u00e1n.<\/li>\n<\/ul>\n<h3>4.2 \u00da\u010dely spracovania<\/h3>\n<p>Zhroma\u017eden\u00e9 osobn\u00e9 \u00fadaje pou\u017e\u00edvame na tieto \u00fa\u010dely:<\/p>\n<ul>\n<li>Spracov\u00e1vanie a spr\u00e1va rezerv\u00e1ci\u00ed.<\/li>\n<li>Poskytovanie podpory z\u00e1kazn\u00edkom pred, po\u010das a po exkurzii.<\/li>\n<li>zasielanie komunik\u00e1cie s\u00favisiacej so slu\u017ebami (potvrdenia, pripomenutia, aktualiz\u00e1cie).<\/li>\n<li>Plnenie z\u00e1konn\u00fdch a regula\u010dn\u00fdch povinnost\u00ed.<\/li>\n<\/ul>\n<hr \/>\n<h2>5. Zdie\u013eanie a uchov\u00e1vanie \u00fadajov<\/h2>\n<h3>5.1 Kedy zdie\u013eame \u00fadaje<\/h3>\n<p>Osobn\u00e9 \u00fadaje zdie\u013eame len v nevyhnutn\u00fdch pr\u00edpadoch a v\u017edy v s\u00falade s GDPR. Medzi pr\u00edjemcov m\u00f4\u017eu patri\u0165:<\/p>\n<ul>\n<li><strong>Spracovatelia platieb:<\/strong> Bezpe\u010dn\u00e9 spracovanie transakci\u00ed. (napr. Stripe, PayPal).<\/li>\n<li><strong>Regula\u010dn\u00e9 org\u00e1ny:<\/strong> Ak je zverejnenie vy\u017eadovan\u00e9 z\u00e1konom.<\/li>\n<li><strong>Poskytovatelia slu\u017eieb:<\/strong> Pre prevenciu podvodov, bezpe\u010dnos\u0165 a prev\u00e1dzkov\u00fa podporu.<\/li>\n<\/ul>\n<p>Inform\u00e1cie o \u00fadajoch zdie\u013ean\u00fdch prostredn\u00edctvom s\u00faborov cookie a sledovac\u00edch technol\u00f3gi\u00ed n\u00e1jdete v na\u0161ej <strong><a href=\"https:\/\/canaryvip.com\/sk\/cookie-policy\/\" target=\"_blank\" rel=\"noopener\">Z\u00e1sady pou\u017e\u00edvania s\u00faborov cookie<\/a><\/strong>.<\/p>\n<h3>5.2 Medzin\u00e1rodn\u00e9 prenosy \u00fadajov<\/h3>\n<p>Na poskytovanie na\u0161ich slu\u017eieb m\u00f4\u017ee spolo\u010dnos\u0165 CanaryVIP zdie\u013ea\u0165 osobn\u00e9 \u00fadaje s poskytovate\u013emi tret\u00edch str\u00e1n, ktor\u00ed sa nach\u00e1dzaj\u00fa mimo Eur\u00f3pskeho hospod\u00e1rskeho priestoru (EHP). V takom pr\u00edpade zabezpe\u010dujeme s\u00falad s \u010dl\u00e1nkami 44 a\u017e 50 GDPR prostredn\u00edctvom vhodn\u00fdch pr\u00e1vnych z\u00e1ruk:<\/p>\n<ul>\n<li>Niektor\u00ed poskytovatelia vr\u00e1tane <strong>Google, Meta (Facebook a Instagram) a TikTok<\/strong>, maj\u00fa s\u00eddlo v Spojen\u00fdch \u0161t\u00e1toch a z\u00fa\u010dast\u0148uj\u00fa sa na <strong>R\u00e1mec E\u00da a USA na ochranu osobn\u00fdch \u00fadajov (DPF)<\/strong>.<\/li>\n<li>Pre poskytovate\u013eov, na ktor\u00fdch sa nevz\u0165ahuje DPF, ako napr. <strong>Stripe a PayPal<\/strong>, spoliehame sa na <strong>\u0160tandardn\u00e9 zmluvn\u00e9 dolo\u017eky (SCC)<\/strong> schv\u00e1len\u00e9 Eur\u00f3pskou komisiou, aby sa zaru\u010dila primeran\u00e1 \u00farove\u0148 ochrany \u00fadajov.<\/li>\n<\/ul>\n<p>Ak m\u00e1te ot\u00e1zky t\u00fdkaj\u00face sa medzin\u00e1rodn\u00fdch prenosov \u00fadajov, kontaktujte n\u00e1s na adrese <strong><a href=\"mailto:info@canaryvip.com\">info@canaryvip.com<\/a><\/strong>.<\/p>\n<h3>5.3 Ako dlho uchov\u00e1vame va\u0161e \u00fadaje<\/h3>\n<ul>\n<li>Osobn\u00e9 \u00fadaje sa uchov\u00e1vaj\u00fa len tak dlho, ako je to potrebn\u00e9 na splnenie \u00fa\u010delov op\u00edsan\u00fdch v t\u00fdchto z\u00e1sad\u00e1ch.<\/li>\n<li>Z\u00e1znamy o rezerv\u00e1ci\u00e1ch sa uchov\u00e1vaj\u00fa minim\u00e1lne po dobu <strong>5 rokov<\/strong> plnenie z\u00e1konn\u00fdch a da\u0148ov\u00fdch povinnost\u00ed.<\/li>\n<li>M\u00f4\u017eete kedyko\u013evek po\u017eiada\u0165 o vymazanie svojich \u00fadajov, pri\u010dom sa m\u00f4\u017eu uplatni\u0165 v\u0161etky z\u00e1konn\u00e9 po\u017eiadavky na uchov\u00e1vanie \u00fadajov.<\/li>\n<\/ul>\n<hr \/>\n<h2>6. Bezpe\u010dnos\u0165 \u00fadajov<\/h2>\n<p>Pou\u017e\u00edvame technick\u00e9 a organiza\u010dn\u00e9 opatrenia na ochranu osobn\u00fdch \u00fadajov pred neopr\u00e1vnen\u00fdm pr\u00edstupom, stratou, zmenou alebo zverejnen\u00edm. Tieto opatrenia zah\u0155\u0148aj\u00fa:<\/p>\n<ul>\n<li><strong>\u0160ifrovanie SSL\/TLS:<\/strong> V\u0161etky \u00fadaje pren\u00e1\u0161an\u00e9 prostredn\u00edctvom na\u0161ej webovej str\u00e1nky s\u00fa po\u010das prenosu \u0161ifrovan\u00e9.<\/li>\n<li><strong>Ochrana Cloudflare:<\/strong> Pou\u017e\u00edvame bezpe\u010dnostn\u00e9 slu\u017eby spolo\u010dnosti Cloudflare vr\u00e1tane zmier\u0148ovania DDoS, br\u00e1ny Web Application Firewall a filtrovania botov.<\/li>\n<li><strong>Kontroly pr\u00edstupu:<\/strong> Pr\u00edstup k citliv\u00fdm \u00fadajom maj\u00fa len opr\u00e1vnen\u00ed pracovn\u00edci s opr\u00e1vnenou potrebou.<\/li>\n<li><strong>Minimaliz\u00e1cia \u00fadajov:<\/strong> Zhroma\u017e\u010fujeme a uklad\u00e1me len tie osobn\u00e9 \u00fadaje, ktor\u00e9 s\u00fa nevyhnutne potrebn\u00e9.<\/li>\n<\/ul>\n<hr \/>\n<h2>7. Va\u0161e pr\u00e1va pod\u013ea GDPR<\/h2>\n<p>V\u0161eobecn\u00e9 nariadenie o ochrane \u00fadajov v\u00e1m poskytuje nasleduj\u00face pr\u00e1va t\u00fdkaj\u00face sa va\u0161ich osobn\u00fdch \u00fadajov:<\/p>\n<ul>\n<li><strong>Pr\u00e1vo na pr\u00edstup:<\/strong> M\u00f4\u017eete po\u017eiada\u0165 o potvrdenie, \u010di sprac\u00favame va\u0161e \u00fadaje, a z\u00edska\u0165 ich k\u00f3piu.<\/li>\n<li><strong>Pr\u00e1vo na opravu:<\/strong> M\u00f4\u017eete po\u017eiada\u0165 o opravu ak\u00fdchko\u013evek nepresn\u00fdch alebo ne\u00fapln\u00fdch \u00fadajov, ktor\u00e9 o v\u00e1s m\u00e1me.<\/li>\n<li><strong>Pr\u00e1vo na vymazanie:<\/strong> M\u00f4\u017eete n\u00e1s po\u017eiada\u0165 o vymazanie va\u0161ich osobn\u00fdch \u00fadajov v s\u00falade s platn\u00fdmi z\u00e1konn\u00fdmi povinnos\u0165ami uchov\u00e1vania.<\/li>\n<li><strong>Pr\u00e1vo na obmedzenie:<\/strong> Za ur\u010dit\u00fdch okolnost\u00ed m\u00f4\u017eete po\u017eiada\u0165, aby sme obmedzili sp\u00f4sob spracovania va\u0161ich \u00fadajov.<\/li>\n<li><strong>Pr\u00e1vo vznies\u0165 n\u00e1mietku:<\/strong> M\u00f4\u017eete namieta\u0165 proti spracovaniu vykon\u00e1van\u00e9mu na z\u00e1klade opr\u00e1vnen\u00e9ho z\u00e1ujmu.<\/li>\n<li><strong>Pr\u00e1vo na prenosnos\u0165 \u00fadajov:<\/strong> M\u00f4\u017eete po\u017eiada\u0165 o k\u00f3piu svojich \u00fadajov v \u0161trukt\u00farovanom, be\u017ene pou\u017e\u00edvanom a strojovo \u010ditate\u013enom form\u00e1te.<\/li>\n<\/ul>\n<p>Ak chcete uplatni\u0165 niektor\u00e9 z t\u00fdchto pr\u00e1v, kontaktujte n\u00e1s na adrese <strong><a href=\"mailto:info@canaryvip.com\">info@canaryvip.com<\/a><\/strong>.<\/p>\n<hr \/>\n<h2>8. Zmeny t\u00fdchto z\u00e1sad<\/h2>\n<p>Pou\u017e\u00edvan\u00edm na\u0161ich slu\u017eieb s\u00fahlas\u00edte so zhroma\u017e\u010fovan\u00edm a pou\u017e\u00edvan\u00edm va\u0161ich osobn\u00fdch \u00fadajov, ako je op\u00edsan\u00e9 v t\u00fdchto z\u00e1sad\u00e1ch.<\/p>\n<p>Spolo\u010dnos\u0165 CanaryVIP si vyhradzuje pr\u00e1vo kedyko\u013evek aktualizova\u0165 tieto z\u00e1sady ochrany osobn\u00fdch \u00fadajov. V\u0161etky zmeny bud\u00fa uverejnen\u00e9 na tejto str\u00e1nke. Odpor\u00fa\u010dame v\u00e1m, aby ste si tieto z\u00e1sady pravidelne prezerali a boli o nich informovan\u00ed.<\/p>\n<p><strong>Tieto z\u00e1sady ochrany osobn\u00fdch \u00fadajov sa nevz\u0165ahuj\u00fa na pou\u017e\u00edvanie s\u00faborov cookie alebo technol\u00f3gi\u00ed sledovania. Pozrite si, pros\u00edm, na\u0161e <a href=\"https:\/\/canaryvip.com\/sk\/cookie-policy\/\" target=\"_blank\" rel=\"noopener\">Z\u00e1sady pou\u017e\u00edvania s\u00faborov cookie<\/a> podrobnosti o t\u00fdchto t\u00e9mach.<\/strong><\/p>\n<hr \/>\n<h2>9. Kontakt<\/h2>\n<p>Ak m\u00e1te ak\u00e9ko\u013evek ot\u00e1zky t\u00fdkaj\u00face sa t\u00fdchto z\u00e1sad ochrany osobn\u00fdch \u00fadajov alebo toho, ako naklad\u00e1me s va\u0161imi osobn\u00fdmi \u00fadajmi, m\u00f4\u017eete n\u00e1s kontaktova\u0165 na adrese:<\/p>\n<p>\ud83d\udce7 <strong>E-mail:<\/strong> <a href=\"mailto:info@canaryvip.com\">info@canaryvip.com<\/a><br \/>\n\ud83c\udf0d <strong>Webov\u00e1 lokalita:<\/strong> <a href=\"https:\/\/canaryvip.com\/sk\/\" target=\"_blank\" rel=\"noopener\">www.canaryvip.com<\/a><\/p>\n<\/div><\/div><\/div><\/div><\/div><\/div><\/div><\/section>","protected":false},"excerpt":{"rendered":"1. Introduction Welcome to CanaryVIP.com. The protection of your personal data and your privacy are fundamental priorities for us. This Privacy Policy describes the categories of personal information we collect, the purposes for which we use it, how we share and store it, and the security measures we apply to keep it safe. All processing...","protected":false},"author":1,"featured_media":0,"parent":0,"menu_order":0,"comment_status":"closed","ping_status":"closed","template":"","meta":{"_acf_changed":false,"footnotes":""},"class_list":["post-9191","page","type-page","status-publish","hentry"],"acf":[],"_links":{"self":[{"href":"https:\/\/canaryvip.com\/sk\/wp-json\/wp\/v2\/pages\/9191","targetHints":{"allow":["GET"]}}],"collection":[{"href":"https:\/\/canaryvip.com\/sk\/wp-json\/wp\/v2\/pages"}],"about":[{"href":"https:\/\/canaryvip.com\/sk\/wp-json\/wp\/v2\/types\/page"}],"author":[{"embeddable":true,"href":"https:\/\/canaryvip.com\/sk\/wp-json\/wp\/v2\/users\/1"}],"replies":[{"embeddable":true,"href":"https:\/\/canaryvip.com\/sk\/wp-json\/wp\/v2\/comments?post=9191"}],"version-history":[{"count":18,"href":"https:\/\/canaryvip.com\/sk\/wp-json\/wp\/v2\/pages\/9191\/revisions"}],"predecessor-version":[{"id":16863,"href":"https:\/\/canaryvip.com\/sk\/wp-json\/wp\/v2\/pages\/9191\/revisions\/16863"}],"wp:attachment":[{"href":"https:\/\/canaryvip.com\/sk\/wp-json\/wp\/v2\/media?parent=9191"}],"curies":[{"name":"wp","href":"https:\/\/api.w.org\/{rel}","templated":true}]}}