{"id":8956,"date":"2024-01-16T17:06:23","date_gmt":"2024-01-16T17:06:23","guid":{"rendered":"https:\/\/canaryvip.com\/?page_id=8956"},"modified":"2026-03-07T10:37:58","modified_gmt":"2026-03-07T10:37:58","slug":"best-guaranteed-price-policy","status":"publish","type":"page","link":"https:\/\/canaryvip.com\/sk\/best-guaranteed-price-policy\/","title":{"rendered":"Politika najlep\u0161ej garantovanej ceny"},"content":{"rendered":"<section class=\"l-section wpb_row us_custom_4af741be height_auto\"><div class=\"l-section-h i-cf\"><div class=\"g-cols vc_row via_flex valign_top type_default stacking_default\"><div class=\"vc_col-sm-12 wpb_column vc_column_container\"><div class=\"vc_column-inner\"><div class=\"wpb_wrapper\"><div class=\"wpb_text_column\"><div class=\"wpb_wrapper\"><p>Na str\u00e1nke <strong>CanaryVIP<\/strong>, chceme, aby ste za\u017eili to najlep\u0161ie z Tenerife bez toho, aby ste prepl\u00e1cali. Na\u0161a z\u00e1ruka zhody cien odr\u00e1\u017ea n\u00e1\u0161 z\u00e1v\u00e4zok pon\u00faka\u0165 najv\u00fdhodnej\u0161ie ceny na trhu.<\/p>\n<h2>1. Ako to funguje<\/h2>\n<p>Ak na inej webovej str\u00e1nke n\u00e1jdete rovnak\u00fd v\u00fdlet alebo aktivitu za ni\u017e\u0161iu cenu, dorovn\u00e1me ju. Tento postup je jednoduch\u00fd a plat\u00ed pred aj po dokon\u010den\u00ed rezerv\u00e1cie.<\/p>\n<h3>1.1 \u010co sa kvalifikuje<\/h3>\n<p>Na to, aby konkuren\u010dn\u00e1 ponuka sp\u013a\u0148ala podmienky na dorovnanie ceny, musia by\u0165 splnen\u00e9 v\u0161etky nasleduj\u00face podmienky:<\/p>\n<ul>\n<li>Ponuka sa mus\u00ed t\u00fdka\u0165 presne toho ist\u00e9ho v\u00fdrobku alebo slu\u017eby, ktor\u00e9 s\u00fa k dispoz\u00edcii na CanaryVIP.<\/li>\n<li>D\u00e1tumy rezerv\u00e1cie sa musia zhodova\u0165.<\/li>\n<li>Storno podmienky a v\u0161eobecn\u00e9 podmienky oboch pon\u00fak sa musia zhodova\u0165.<\/li>\n<\/ul>\n<h3>1.2 \u010co sa nekvalifikuje<\/h3>\n<p>Existuj\u00fa \u0161pecifick\u00e9 situ\u00e1cie, v ktor\u00fdch nie je mo\u017en\u00e9 uplatni\u0165 cenov\u00fa zhodu:<\/p>\n<ul>\n<li><strong>Skryt\u00e9 alebo podmienen\u00e9 \u00fadaje:<\/strong> Ak konkuren\u010dn\u00e1 ponuka zataj\u00ed k\u013e\u00fa\u010dov\u00e9 inform\u00e1cie o v\u00fdrobku alebo slu\u017ebe a\u017e po tom, ako sa z\u00e1kazn\u00edk zavia\u017ee k rezerv\u00e1cii.<\/li>\n<li><strong>Vernostn\u00e9 ceny, odmeny alebo ceny za odpor\u00fa\u010danie:<\/strong> Ak je ni\u017e\u0161ia cena v\u00fdsledkom \u010dlensk\u00e9ho programu, syst\u00e9mu odpor\u00fa\u010dan\u00ed, z\u013eavy na z\u00e1klade prihl\u00e1senia alebo ak\u00e9hoko\u013evek mechanizmu, ktor\u00fd upravuje verejne zobrazen\u00fa cenu prostredn\u00edctvom akci\u00ed \u0161pecifick\u00fdch pre pou\u017e\u00edvate\u013ea.<\/li>\n<\/ul>\n<h2>2. \u017diados\u0165 o porovnanie ceny pred rezerv\u00e1ciou<\/h2>\n<ol>\n<li><strong>Zdie\u013eajte konkuren\u010dn\u00fa ponuku.<\/strong> Pred uskuto\u010dnen\u00edm rezerv\u00e1cie n\u00e1m po\u0161lite \u00fadaje o ponuke s ni\u017e\u0161ou cenou. Uve\u010fte priamy odkaz a uistite sa, \u017ee ponuka zostane verejne pr\u00edstupn\u00e1 online, aby sme ju mohli overi\u0165.<\/li>\n<li><strong>Po\u010dkajte na potvrdenie.<\/strong> N\u00e1\u0161 t\u00edm konkuren\u010dn\u00fa ponuku presk\u00fama a potvrd\u00ed, \u010di sp\u013a\u0148a podmienky. Po schv\u00e1len\u00ed cenovej zhody v\u00e1s budeme informova\u0165.<\/li>\n<li><strong>Dokon\u010dite rezerv\u00e1ciu.<\/strong> Po prijat\u00ed n\u00e1\u0161ho potvrdenia si rezervujte aktivitu na CanaryVIP za zodpovedaj\u00facu cenu.<\/li>\n<\/ol>\n<h2>3. Vy\u017eiadanie zhody ceny po rezerv\u00e1cii<\/h2>\n<ol>\n<li><strong>Zistite ni\u017e\u0161iu cenu.<\/strong> Ak po rezerv\u00e1cii u n\u00e1s n\u00e1jdete lacnej\u0161\u00ed produkt alebo slu\u017ebu, zistite si podrobnosti o tejto ponuke.<\/li>\n<li><strong>Kontaktujte n\u00e1s.<\/strong> Kontaktujte n\u00e1\u0161 t\u00edm podpory prostredn\u00edctvom niektor\u00e9ho z na\u0161ich dostupn\u00fdch kan\u00e1lov a zdie\u013eajte inform\u00e1cie.<\/li>\n<li><strong>Uve\u010fte, \u010do potrebujeme overi\u0165.<\/strong> Na spracovanie porovnania cien po rezerv\u00e1cii budeme potrebova\u0165:\n<ul>\n<li>Priame prepojenie na konkuren\u010dn\u00fa ponuku.<\/li>\n<li>Potvrdenie, \u017ee ponuka je st\u00e1le \u017eiv\u00e1 a verejne pr\u00edstupn\u00e1 na na\u0161e presk\u00famanie.<\/li>\n<\/ul>\n<\/li>\n<\/ol>\n<p>&nbsp;<\/p>\n<p>Va\u0161a spokojnos\u0165 je na prvom mieste. Z\u00e1ruka zhody cien existuje preto, aby si ka\u017ed\u00fd z\u00e1kazn\u00edk mohol s plnou d\u00f4verou rezervova\u0165 letenku s vedom\u00edm, \u017ee za vybran\u00fd z\u00e1\u017eitok dostane najlep\u0161iu dostupn\u00fa cenu.<\/p>\n<p><strong>Objednajte si letenku s CanaryVIP a u\u017eite si VIP z\u00e1\u017eitok bez kompromisov v cenovej dostupnosti.<\/strong><\/p>\n<\/div><\/div><\/div><\/div><\/div><\/div><\/div><\/section>","protected":false},"excerpt":{"rendered":"At CanaryVIP, we want you to experience the best of Tenerife without ever overpaying. Our Price Match Guarantee reflects our commitment to offering the most competitive prices on the market. 1. How It Works If you find the same excursion or activity listed at a lower price on another website, we will match it. The...","protected":false},"author":1,"featured_media":0,"parent":0,"menu_order":0,"comment_status":"closed","ping_status":"closed","template":"","meta":{"_acf_changed":false,"footnotes":""},"class_list":["post-8956","page","type-page","status-publish","hentry"],"acf":[],"_links":{"self":[{"href":"https:\/\/canaryvip.com\/sk\/wp-json\/wp\/v2\/pages\/8956","targetHints":{"allow":["GET"]}}],"collection":[{"href":"https:\/\/canaryvip.com\/sk\/wp-json\/wp\/v2\/pages"}],"about":[{"href":"https:\/\/canaryvip.com\/sk\/wp-json\/wp\/v2\/types\/page"}],"author":[{"embeddable":true,"href":"https:\/\/canaryvip.com\/sk\/wp-json\/wp\/v2\/users\/1"}],"replies":[{"embeddable":true,"href":"https:\/\/canaryvip.com\/sk\/wp-json\/wp\/v2\/comments?post=8956"}],"version-history":[{"count":8,"href":"https:\/\/canaryvip.com\/sk\/wp-json\/wp\/v2\/pages\/8956\/revisions"}],"predecessor-version":[{"id":16862,"href":"https:\/\/canaryvip.com\/sk\/wp-json\/wp\/v2\/pages\/8956\/revisions\/16862"}],"wp:attachment":[{"href":"https:\/\/canaryvip.com\/sk\/wp-json\/wp\/v2\/media?parent=8956"}],"curies":[{"name":"wp","href":"https:\/\/api.w.org\/{rel}","templated":true}]}}