{"id":14018,"date":"2025-03-20T01:29:58","date_gmt":"2025-03-20T01:29:58","guid":{"rendered":"https:\/\/canaryvip.com\/?page_id=14018"},"modified":"2026-03-07T10:04:29","modified_gmt":"2026-03-07T10:04:29","slug":"cookie-policy","status":"publish","type":"page","link":"https:\/\/canaryvip.com\/sk\/cookie-policy\/","title":{"rendered":"Z\u00e1sady pou\u017e\u00edvania s\u00faborov cookie"},"content":{"rendered":"<section class=\"l-section wpb_row us_custom_5cd26a65 height_auto\"><div class=\"l-section-h i-cf\"><div class=\"g-cols vc_row via_flex valign_top type_default stacking_default\"><div class=\"vc_col-sm-12 wpb_column vc_column_container\"><div class=\"vc_column-inner\"><div class=\"wpb_wrapper\"><div class=\"wpb_text_column\"><div class=\"wpb_wrapper\"><h2>1. \u010co t\u00e1to politika zah\u0155\u0148a<\/h2>\n<p>Tieto z\u00e1sady pou\u017e\u00edvania s\u00faborov cookie vysvet\u013euj\u00fa, ako CanaryVIP.com pou\u017e\u00edva s\u00fabory cookie a podobn\u00e9 technol\u00f3gie sledovania, ke\u010f nav\u0161t\u00edvite na\u0161e webov\u00e9 str\u00e1nky. Pokra\u010dovan\u00edm v prehliadan\u00ed na\u0161ej str\u00e1nky s\u00fahlas\u00edte s pou\u017e\u00edvan\u00edm s\u00faborov cookie, ako je op\u00edsan\u00e9 v tomto dokumente.<\/p>\n<p>S\u00fabory cookie s\u00fa mal\u00e9 textov\u00e9 s\u00fabory, ktor\u00e9 sa pri n\u00e1v\u0161teve webovej lokality ukladaj\u00fa do v\u00e1\u0161ho zariadenia. Sl\u00fa\u017eia na r\u00f4zne \u00fa\u010dely: zlep\u0161uj\u00fa v\u00e1\u0161 z\u00e1\u017eitok z prehliadania, analyzuj\u00fa, ako sa str\u00e1nka pou\u017e\u00edva, a umo\u017e\u0148uj\u00fa n\u00e1m poskytova\u0165 relevantnej\u0161\u00ed obsah. Niektor\u00e9 s\u00fabory cookie s\u00fa nevyhnutne potrebn\u00e9 na to, aby webov\u00e1 lokalita v\u00f4bec fungovala.<\/p>\n<hr \/>\n<h2>2. Typy s\u00faborov cookie, ktor\u00e9 pou\u017e\u00edvame<\/h2>\n<h3>2.1 Z\u00e1kladn\u00e9 s\u00fabory cookie (pr\u00edsne nevyhnutn\u00e9)<\/h3>\n<p>Tieto s\u00fabory cookie s\u00fa nevyhnutn\u00e9 pre z\u00e1kladn\u00e9 funkcie na\u0161ej webovej str\u00e1nky. Umo\u017e\u0148uj\u00fa z\u00e1kladn\u00e9 funkcie, ako je navig\u00e1cia na str\u00e1nke, pr\u00edstup do zabezpe\u010den\u00fdch oblast\u00ed a spracovanie platieb. Webov\u00e1 str\u00e1nka bez nich nem\u00f4\u017ee spr\u00e1vne fungova\u0165 a nie je mo\u017en\u00e9 ich vypn\u00fa\u0165.<\/p>\n<h3>2.2 Analytick\u00e9 s\u00fabory cookie<\/h3>\n<p>Analytick\u00e9 s\u00fabory cookie n\u00e1m umo\u017e\u0148uj\u00fa pochopi\u0165, ako n\u00e1v\u0161tevn\u00edci interaguj\u00fa s na\u0161ou webovou str\u00e1nkou. Pom\u00e1haj\u00fa n\u00e1m mera\u0165 v\u00fdkonnos\u0165 obsahu, identifikova\u0165 vzorce pou\u017e\u00edvania a zlep\u0161ova\u0165 celkov\u00fd pou\u017e\u00edvate\u013esk\u00fd z\u00e1\u017eitok. Pou\u017e\u00edvame <strong>Slu\u017eba Google Analytics<\/strong> na tento \u00fa\u010del (<a href=\"https:\/\/policies.google.com\/privacy\" target=\"_blank\" rel=\"noopener\">Z\u00e1sady ochrany osobn\u00fdch \u00fadajov spolo\u010dnosti Google<\/a>).<\/p>\n<h3>2.3 Reklamn\u00e9 a marketingov\u00e9 s\u00fabory cookie<\/h3>\n<p>Tieto s\u00fabory cookie sa ukladaj\u00fa s cie\u013eom poskytova\u0165 reklamy, ktor\u00e9 s\u00fa relevantn\u00e9 pre va\u0161e z\u00e1ujmy na z\u00e1klade va\u0161ej aktivity pri prehliadan\u00ed. Spolupracujeme s reklamn\u00fdmi platformami tret\u00edch str\u00e1n vr\u00e1tane <strong>Reklamy Google<\/strong>, <strong>Meta (Facebook a Instagram)<\/strong>a <strong>Reklamy TikTok<\/strong> na zobrazovanie personalizovanej reklamy. Postupy spolo\u010dnosti Meta t\u00fdkaj\u00face sa \u00fadajov si m\u00f4\u017eete pozrie\u0165 v ich <a href=\"https:\/\/www.facebook.com\/privacy\/policy\" target=\"_blank\" rel=\"noopener\">Z\u00e1sady ochrany osobn\u00fdch \u00fadajov<\/a>.<\/p>\n<h3>2.4 Preferen\u010dn\u00e9 s\u00fabory cookie<\/h3>\n<p>S\u00fabory cookie s preferenciami si pam\u00e4taj\u00fa vo\u013eby, ktor\u00e9 ste na na\u0161ej str\u00e1nke urobili, napr\u00edklad v\u00e1\u0161 jazyk, menu, nastavenie polohy, preferovan\u00fd sp\u00f4sob platby alebo akt\u00edvnu rel\u00e1ciu prihl\u00e1senia. Umo\u017e\u0148uj\u00fa n\u00e1m poskytova\u0165 personalizovanej\u0161ie slu\u017eby pri opakovan\u00fdch n\u00e1v\u0161tev\u00e1ch.<\/p>\n<hr \/>\n<h2>3. Ako z\u00edskame v\u00e1\u0161 s\u00fahlas<\/h2>\n<p>Pri prvej n\u00e1v\u0161teve na\u0161ej webovej lokality sa zobraz\u00ed banner so s\u00fabormi cookie, ktor\u00fd v\u00e1m pon\u00faka nasleduj\u00face mo\u017enosti:<\/p>\n<ul>\n<li><strong>Prija\u0165 v\u0161etky s\u00fabory cookie<\/strong> aby ste mohli vyu\u017e\u00edva\u0165 cel\u00fd rozsah funkci\u00ed a personaliz\u00e1cie.<\/li>\n<li><strong>Odmietnutie nepodstatn\u00fdch s\u00faborov cookie<\/strong> obmedzi\u0165 sledovanie len na to, \u010do je nevyhnutne potrebn\u00e9.<\/li>\n<li><strong>Prisp\u00f4sobenie va\u0161ich preferenci\u00ed<\/strong> presne vybra\u0165 kateg\u00f3rie s\u00faborov cookie, ktor\u00e9 povol\u00edte.<\/li>\n<\/ul>\n<p>Svoje nastavenia s\u00faborov cookie m\u00f4\u017eete kedyko\u013evek zmeni\u0165 kliknut\u00edm na <strong>\u201cNastavenia s\u00faborov cookie\u201d<\/strong> odkaz sa nach\u00e1dza v p\u00e4ti\u010dke na\u0161ej webovej str\u00e1nky.<\/p>\n<hr \/>\n<h2>4. Spr\u00e1va a odstra\u0148ovanie s\u00faborov cookie<\/h2>\n<p>V\u00e4\u010d\u0161ina prehliada\u010dov umo\u017e\u0148uje kontrolova\u0165 alebo blokova\u0165 s\u00fabory cookie prostredn\u00edctvom svojich nastaven\u00ed. Ni\u017e\u0161ie s\u00fa uveden\u00e9 priame odkazy na pokyny na spr\u00e1vu s\u00faborov cookie pre najbe\u017enej\u0161ie prehliada\u010de:<\/p>\n<ul>\n<li><strong>Google Chrome:<\/strong> <a href=\"https:\/\/support.google.com\/accounts\/answer\/32050\" target=\"_blank\" rel=\"noopener\">Spr\u00e1va s\u00faborov cookie<\/a><\/li>\n<li><strong>Mozilla Firefox:<\/strong> <a href=\"https:\/\/support.mozilla.org\/en-US\/kb\/enable-and-disable-cookies-website-preferences\" target=\"_blank\" rel=\"noopener\">Spr\u00e1va s\u00faborov cookie<\/a><\/li>\n<li><strong>Safari:<\/strong> <a href=\"https:\/\/support.apple.com\/en-us\/HT201265\" target=\"_blank\" rel=\"noopener\">Spr\u00e1va s\u00faborov cookie<\/a><\/li>\n<li><strong>Microsoft Edge:<\/strong> <a href=\"https:\/\/support.microsoft.com\/en-us\/help\/4027947\/microsoft-edge-delete-cookies\" target=\"_blank\" rel=\"noopener\">Spr\u00e1va s\u00faborov cookie<\/a><\/li>\n<\/ul>\n<p>Ak sa chcete konkr\u00e9tne odhl\u00e1si\u0165 zo sledovania slu\u017eby Google Analytics, m\u00f4\u017eete tak urobi\u0165 tu: <a href=\"https:\/\/tools.google.com\/dlpage\/gaoptout\" target=\"_blank\" rel=\"noopener\">Doplnok prehliada\u010da Google Analytics Opt-Out<\/a>.<\/p>\n<hr \/>\n<h2>5. S\u00fabory cookie tret\u00edch str\u00e1n<\/h2>\n<p>Niektor\u00e9 slu\u017eby tret\u00edch str\u00e1n integrovan\u00e9 do na\u0161ej webovej str\u00e1nky m\u00f4\u017eu do v\u00e1\u0161ho zariadenia umiestni\u0165 svoje vlastn\u00e9 s\u00fabory cookie. Medzi tieto slu\u017eby patria:<\/p>\n<ul>\n<li><strong>Slu\u017eba Google Analytics<\/strong> (<a href=\"https:\/\/policies.google.com\/privacy\" target=\"_blank\" rel=\"noopener\">Z\u00e1sady ochrany osobn\u00fdch \u00fadajov<\/a>)<\/li>\n<li><strong>Meta (reklamy na Facebooku a Instagrame)<\/strong> (<a href=\"https:\/\/www.facebook.com\/privacy\/policy\" target=\"_blank\" rel=\"noopener\">Z\u00e1sady ochrany osobn\u00fdch \u00fadajov<\/a>)<\/li>\n<li><strong>Reklamy TikTok<\/strong> (<a href=\"https:\/\/www.tiktok.com\/legal\/privacy-policy\" target=\"_blank\" rel=\"noopener\">Z\u00e1sady ochrany osobn\u00fdch \u00fadajov<\/a>)<\/li>\n<\/ul>\n<p>Ka\u017ed\u00e1 z t\u00fdchto spolo\u010dnost\u00ed sprac\u00fava \u00fadaje pod\u013ea vlastn\u00fdch z\u00e1sad ochrany osobn\u00fdch \u00fadajov. Spolo\u010dnos\u0165 CanaryVIP nem\u00e1 kontrolu nad t\u00fdm, ako tieto tretie strany nakladaj\u00fa s \u00fadajmi zhroma\u017eden\u00fdmi prostredn\u00edctvom svojich s\u00faborov cookie.<\/p>\n<hr \/>\n<h2>6. Aktualiz\u00e1cie t\u00fdchto z\u00e1sad<\/h2>\n<p>Spolo\u010dnos\u0165 CanaryVIP m\u00f4\u017ee tieto z\u00e1sady pou\u017e\u00edvania s\u00faborov cookie priebe\u017ene revidova\u0165. V\u0161etky aktualiz\u00e1cie bud\u00fa uverejnen\u00e9 na tejto str\u00e1nke. Odpor\u00fa\u010dame pravidelne kontrolova\u0165 tieto z\u00e1sady, aby ste boli informovan\u00ed o tom, ako pou\u017e\u00edvame s\u00fabory cookie.<\/p>\n<hr \/>\n<h2>7. Kontakt<\/h2>\n<p>Ak m\u00e1te ak\u00e9ko\u013evek ot\u00e1zky t\u00fdkaj\u00face sa t\u00fdchto z\u00e1sad pou\u017e\u00edvania s\u00faborov cookie alebo sp\u00f4sobu pou\u017e\u00edvania s\u00faborov cookie na na\u0161ej webovej lokalite, m\u00f4\u017eete n\u00e1s kontaktova\u0165 na adrese:<\/p>\n<p>\ud83d\udce7 <strong>E-mail:<\/strong> <a href=\"mailto:info@canaryvip.com\">info@canaryvip.com<\/a><\/p>\n<\/div><\/div><\/div><\/div><\/div><\/div><\/div><\/section>","protected":false},"excerpt":{"rendered":"1. What This Policy Covers This Cookie Policy explains how CanaryVIP.com uses cookies and similar tracking technologies when you visit our website. By continuing to browse our site, you agree to the use of cookies as described in this document. Cookies are small text files that are placed on your device when you visit a...","protected":false},"author":1,"featured_media":0,"parent":0,"menu_order":0,"comment_status":"closed","ping_status":"closed","template":"","meta":{"_acf_changed":false,"footnotes":""},"class_list":["post-14018","page","type-page","status-publish","hentry"],"acf":[],"_links":{"self":[{"href":"https:\/\/canaryvip.com\/sk\/wp-json\/wp\/v2\/pages\/14018","targetHints":{"allow":["GET"]}}],"collection":[{"href":"https:\/\/canaryvip.com\/sk\/wp-json\/wp\/v2\/pages"}],"about":[{"href":"https:\/\/canaryvip.com\/sk\/wp-json\/wp\/v2\/types\/page"}],"author":[{"embeddable":true,"href":"https:\/\/canaryvip.com\/sk\/wp-json\/wp\/v2\/users\/1"}],"replies":[{"embeddable":true,"href":"https:\/\/canaryvip.com\/sk\/wp-json\/wp\/v2\/comments?post=14018"}],"version-history":[{"count":4,"href":"https:\/\/canaryvip.com\/sk\/wp-json\/wp\/v2\/pages\/14018\/revisions"}],"predecessor-version":[{"id":16858,"href":"https:\/\/canaryvip.com\/sk\/wp-json\/wp\/v2\/pages\/14018\/revisions\/16858"}],"wp:attachment":[{"href":"https:\/\/canaryvip.com\/sk\/wp-json\/wp\/v2\/media?parent=14018"}],"curies":[{"name":"wp","href":"https:\/\/api.w.org\/{rel}","templated":true}]}}