{"id":13824,"date":"2025-02-24T13:59:27","date_gmt":"2025-02-24T13:59:27","guid":{"rendered":"https:\/\/canaryvip.com\/?page_id=13824"},"modified":"2025-02-24T15:06:00","modified_gmt":"2025-02-24T15:06:00","slug":"about-us","status":"publish","type":"page","link":"https:\/\/canaryvip.com\/sk\/about-us\/","title":{"rendered":"O n\u00e1s"},"content":{"rendered":"<section class=\"l-section wpb_row height_medium width_custom\" style=\"--site-content-width:700px;\"><div class=\"l-section-h i-cf\"><div class=\"g-cols vc_row via_flex valign_top type_default stacking_default\"><div class=\"vc_col-sm-12 wpb_column vc_column_container\"><div class=\"vc_column-inner\"><div class=\"wpb_wrapper\"><h1 class=\"w-text\"><span class=\"w-text-h\"><span class=\"w-text-value\">O n\u00e1s - CanaryVIP<\/span><\/span><\/h1><h2 class=\"w-text us_custom_fe162ea1\"><span class=\"w-text-h\"><span class=\"w-text-value\">Kto sme<\/span><\/span><\/h2><div class=\"wpb_text_column\"><div class=\"wpb_wrapper\"><p>CanaryVIP je popredn\u00e1 online platforma, ktor\u00e1 pon\u00faka najlep\u0161ie aktivity a v\u00fdlety na Kan\u00e1rskych ostrovoch. Ako s\u00fa\u010das\u0165 Tu Nido Tenerife, jednej z najlep\u0161\u00edch realitn\u00fdch agent\u00far na Tenerife s viac ako 20-ro\u010dn\u00fdmi sk\u00fasenos\u0165ami v oblasti nehnute\u013enost\u00ed a v\u00fdstavby, pon\u00fakame nezabudnute\u013en\u00e9 z\u00e1\u017eitky na Kan\u00e1rskych ostrovoch od roku 2010.<\/p>\n<\/div><\/div><\/div><\/div><\/div><div class=\"vc_col-sm-12 wpb_column vc_column_container\"><div class=\"vc_column-inner\"><div class=\"wpb_wrapper\"><h2 class=\"w-text us_custom_9d8033b1\"><span class=\"w-text-h\"><span class=\"w-text-value\">Na\u0161a cesta<\/span><\/span><\/h2><div class=\"wpb_text_column\"><div class=\"wpb_wrapper\"><p data-pm-slice=\"1 1 &#091;&#093;\"><span>Na\u0161a spolo\u010dnos\u0165 sa venuje stavebn\u00edctvu na Tenerife od roku 2003 a vybudovala si pevn\u00e9 z\u00e1klady v sektore nehnute\u013enost\u00ed. V roku 2010 sme roz\u0161\u00edrili na\u0161e slu\u017eby pod n\u00e1zvom Tu Nido Tenerife a p\u00f4sob\u00edme v kancel\u00e1rii v Playa Fa\u00f1ab\u00e9. Ako sa na\u0161e podnikanie rozrastalo, pres\u0165ahovali sme sa na n\u00e1mestie Plaza Fa\u00f1ab\u00e9 a nesk\u00f4r sme sa roz\u0161\u00edrili o druh\u00fa kancel\u00e1riu vo Vista Sur. Dnes sa na\u0161e nov\u00e9 s\u00eddlo nach\u00e1dza v Madro\u00f1al de Fa\u00f1ab\u00e9, kde p\u00f4sobia spolo\u010dnosti Tu Nido Tenerife aj CanaryVIP, ktor\u00e9 na\u010falej poskytuj\u00fa na\u0161im klientom \u0161pi\u010dkov\u00e9 slu\u017eby.<\/span><\/p>\n<\/div><\/div><\/div><\/div><\/div><div class=\"vc_col-sm-12 wpb_column vc_column_container\"><div class=\"vc_column-inner\"><div class=\"wpb_wrapper\"><div class=\"w-image us_custom_af6a9b6a align_none\"><div class=\"w-image-h\"><img decoding=\"async\" width=\"1024\" height=\"683\" src=\"https:\/\/canaryvip.com\/wp-content\/uploads\/2025\/02\/TuNido-Office_Web-1.webp\" class=\"attachment-large size-large\" alt=\"Kancel\u00e1ria\" loading=\"lazy\" srcset=\"https:\/\/canaryvip.com\/wp-content\/uploads\/2025\/02\/TuNido-Office_Web-1.webp 1024w, https:\/\/canaryvip.com\/wp-content\/uploads\/2025\/02\/TuNido-Office_Web-1-300x200.webp 300w, https:\/\/canaryvip.com\/wp-content\/uploads\/2025\/02\/TuNido-Office_Web-1-18x12.webp 18w, https:\/\/canaryvip.com\/wp-content\/uploads\/2025\/02\/TuNido-Office_Web-1-600x400.webp 600w\" sizes=\"auto, (max-width: 1024px) 100vw, 1024px\" title=\"\"><\/div><\/div><h2 class=\"w-text us_custom_9d8033b1\"><span class=\"w-text-h\"><span class=\"w-text-value\">Zrod CanaryVIP<\/span><\/span><\/h2><div class=\"wpb_text_column\"><div class=\"wpb_wrapper\"><p data-pm-slice=\"1 1 &#091;&#093;\"><span>V roku 2024 sme prijali strategick\u00e9 rozhodnutie oddeli\u0165 na\u0161e aktivity a v\u00fdlety od spolo\u010dnosti Tu Nido Tenerife, \u010d\u00edm vznikla samostatn\u00e1 zna\u010dka CanaryVIP, ktor\u00e1 sa venuje v\u00fdlu\u010dne turistick\u00fdm z\u00e1\u017eitkom na Kan\u00e1rskych ostrovoch. Zatia\u013e \u010do Tu Nido Tenerife zost\u00e1va dobre zaveden\u00fdm menom v <a href=\"https:\/\/www.tunidotenerife.com\/en\/inmobiliaria-tenerife\/\" target=\"_blank\" rel=\"noopener\">nehnute\u013enosti Tenerife<\/a> odvetvie, <strong>CanaryVIP<\/strong> sa r\u00fdchlo rozr\u00e1stla na popredn\u00fa online zna\u010dku, v\u010faka ktorej si n\u00e1v\u0161tevn\u00edci m\u00f4\u017eu \u013eah\u0161ie ako kedyko\u013evek predt\u00fdm rezervova\u0165 neuverite\u013en\u00e9 aktivity, v\u00fdlety a dobrodru\u017estv\u00e1 na ostrovoch.<\/span><\/p>\n<\/div><\/div><div class=\"w-html us_custom_af6a9b6a\"><iframe src=\"https:\/\/www.google.com\/maps\/embed?pb=!1m18!1m12!1m3!1d5215.387122659485!2d-16.72642792321668!3d28.09472697596261!2m3!1f0!2f0!3f0!3m2!1i1024!2i768!4f13.1!3m3!1m2!1s0xc6a996288a2335b%3A0x6e5358268b00a79!2sCanaryVIP%20-%20Tours%20and%20Excursions!5e1!3m2!1sen!2ses!4v1740406697434!5m2!1sen!2ses\" width=\"700\" height=\"300\" style=\"border:0;\" allowfullscreen=\"\" loading=\"lazy\" referrerpolicy=\"no-referrer-when-downgrade\"><\/iframe><\/div><\/div><\/div><\/div><div class=\"vc_col-sm-12 wpb_column vc_column_container\"><div class=\"vc_column-inner\"><div class=\"wpb_wrapper\"><h2 class=\"w-text us_custom_9d8033b1\"><span class=\"w-text-h\"><span class=\"w-text-value\">Na\u0161e poslanie<\/span><\/span><\/h2><div class=\"wpb_text_column\"><div class=\"wpb_wrapper\"><p data-pm-slice=\"1 1 &#091;&#093;\"><span>V spolo\u010dnosti CanaryVIP sa s nad\u0161en\u00edm venujeme poskytovaniu jedine\u010dn\u00fdch a vysokokvalitn\u00fdch z\u00e1\u017eitkov, ktor\u00e9 predstavuj\u00fa to najlep\u0161ie z Kan\u00e1rskych ostrovov. \u010ci u\u017e h\u013ead\u00e1te v\u00fdlety lo\u010fou, vodn\u00e9 \u0161porty, turistick\u00e9 dobrodru\u017estv\u00e1 alebo exkluz\u00edvne s\u00fakromn\u00e9 v\u00fdlety, zabezpe\u010d\u00edme v\u00e1m nezabudnute\u013en\u00fa cestu prisp\u00f4soben\u00fa va\u0161im potreb\u00e1m.<\/span><\/p>\n<\/div><\/div><div class=\"w-separator size_medium\"><\/div><\/div><\/div><\/div><\/div><\/div><\/section>","protected":false},"excerpt":{"rendered":"O n\u00e1s - CanaryVIPKto smeCanaryVIP je popredn\u00e1 online platforma zameran\u00e1 na poskytovanie najlep\u0161\u00edch aktiv\u00edt a v\u00fdletov na Kan\u00e1rskych ostrovoch. Ako s\u00fa\u010das\u0165 Tu Nido Tenerife, jednej z najlep\u0161\u00edch realitn\u00fdch agent\u00far na Tenerife s viac ako 20-ro\u010dn\u00fdmi sk\u00fasenos\u0165ami v oblasti nehnute\u013enost\u00ed a v\u00fdstavby, pon\u00fakame nezabudnute\u013en\u00e9...","protected":false},"author":1,"featured_media":0,"parent":0,"menu_order":0,"comment_status":"closed","ping_status":"closed","template":"","meta":{"_acf_changed":false,"footnotes":""},"class_list":["post-13824","page","type-page","status-publish","hentry"],"acf":[],"_links":{"self":[{"href":"https:\/\/canaryvip.com\/sk\/wp-json\/wp\/v2\/pages\/13824","targetHints":{"allow":["GET"]}}],"collection":[{"href":"https:\/\/canaryvip.com\/sk\/wp-json\/wp\/v2\/pages"}],"about":[{"href":"https:\/\/canaryvip.com\/sk\/wp-json\/wp\/v2\/types\/page"}],"author":[{"embeddable":true,"href":"https:\/\/canaryvip.com\/sk\/wp-json\/wp\/v2\/users\/1"}],"replies":[{"embeddable":true,"href":"https:\/\/canaryvip.com\/sk\/wp-json\/wp\/v2\/comments?post=13824"}],"version-history":[{"count":5,"href":"https:\/\/canaryvip.com\/sk\/wp-json\/wp\/v2\/pages\/13824\/revisions"}],"predecessor-version":[{"id":13832,"href":"https:\/\/canaryvip.com\/sk\/wp-json\/wp\/v2\/pages\/13824\/revisions\/13832"}],"wp:attachment":[{"href":"https:\/\/canaryvip.com\/sk\/wp-json\/wp\/v2\/media?parent=13824"}],"curies":[{"name":"wp","href":"https:\/\/api.w.org\/{rel}","templated":true}]}}