{"id":9938,"date":"2024-02-19T15:00:26","date_gmt":"2024-02-19T15:00:26","guid":{"rendered":"https:\/\/canaryvip.com\/?post_type=product&#038;p=9938"},"modified":"2025-08-13T23:29:03","modified_gmt":"2025-08-13T22:29:03","slug":"no-worries-private-yacht-charter-tenerife","status":"publish","type":"product","link":"https:\/\/canaryvip.com\/ro\/shop\/no-worries-private-yacht-charter-tenerife\/","title":{"rendered":"No Worries Yacht Carta Tenerife"},"content":{"rendered":"<h2><strong>\ud83c\udf0a Descoperi\u021bi No Worries Yacht Charter \u00een Tenerife<\/strong><\/h2>\n<p>Urca\u021bi la bord <strong>Nu v\u0103 face\u021bi griji,<\/strong> elegantul <strong>Antares 42 iaht,<\/strong>\u00a0, \u0219i porni\u021bi \u00eentr-o c\u0103l\u0103torie spectaculoas\u0103 de-a lungul coastelor uimitoare din Tenerife. Dedicat\u0103 oferirii unei experien\u021be charter intime \u0219i personalizate, aceast\u0103 \u00eenchiriere de b\u0103rci \u00een Tenerife serve\u0219te ca oaz\u0103 personal\u0103 de lux, confort \u0219i aventur\u0103 \u00een c\u0103utare de senza\u021bii tari.<\/p>\n<p>R\u0103sf\u0103\u021ba\u021bi-v\u0103 cu o serie de facilit\u0103\u021bi premium \u0219i activit\u0103\u021bi captivante, asigur\u00e2ndu-v\u0103 c\u0103 fiecare moment la bord este creat pentru a v\u0103 dep\u0103\u0219i a\u0219tept\u0103rile pentru o aventur\u0103 maritim\u0103 extraordinar\u0103.<\/p>\n<h3>\u2b50\ufe0f <strong>Confort premium \u0219i intimitate exclusiv\u0103<\/strong><\/h3>\n<p><span style=\"text-decoration: underline;\"><strong>Confortul excep\u021bional care face ca aceast\u0103 barc\u0103 de \u00eenchiriere \u00een Tenerife s\u0103 fie unic\u0103:<\/strong><\/span><\/p>\n<ul>\n<li>Perne de lux barca din fa\u021b\u0103 \u0219i un Fly Bridge spa\u021bios, perfect pentru relaxare \u0219i plaj\u0103.<\/li>\n<li>B\u0103ile contemporane sunt dotate cu du\u0219uri.<\/li>\n<li>O varietate de facilit\u0103\u021bi de lux concepute pentru a v\u0103 \u00eembun\u0103t\u0103\u021bi timpul petrecut la bord.<\/li>\n<\/ul>\n<h3>\ud83d\udd52 <strong>Op\u021biuni flexibile de charter pentru a se potrivi cu fiecare dorin\u021b\u0103<\/strong><\/h3>\n<ul>\n<li><strong>Tur de descoperire de 2 ore<\/strong>: O scurt\u0103, dar de neuitat, incursiune \u00een frumuse\u021bea marin\u0103 a insulei Tenerife, cu o capacitate de p\u00e2n\u0103 la 10 pasageri. Aceast\u0103 excursie include toate b\u0103uturile, baghete, tapas, fructe proaspete, echipament de snorkeling, placi cu palete \u0219i un chelner dedicat.<\/li>\n<li><strong>3 ore de c\u0103l\u0103torie Signature Voyage<\/strong>: Scufund\u0103-te mai ad\u00e2nc \u00een splendorile de coast\u0103 din Tenerife cu acest tur de trei ore, care include, de asemenea, toate b\u0103uturile, baghete, tapas, fructe proaspete, echipament de snorkeling, pl\u0103ci de paddle \u0219i un chelner dedicat.<\/li>\n<li><strong>C\u0103l\u0103torie prelungit\u0103 de 4 ore<\/strong>: Oferind mai mult timp pe ap\u0103, acest charter include toate facilit\u0103\u021bile tururilor mai scurte, plus un club de plaj\u0103 plutitor pentru o relaxare \u0219i o bucurie sporit\u0103. Toate b\u0103uturile, baghetele, tapas, fructele proaspete, echipamentul de snorkeling \u0219i pl\u0103cile cu palete sunt furnizate, \u00eempreun\u0103 cu un chelner care s\u0103 se ocupe de nevoile dvs.<\/li>\n<li><strong>6 ore de explorare premium<\/strong>: Aceast\u0103 c\u0103l\u0103torie prelungit\u0103 permite o explorare mai profund\u0103 a coastelor fermec\u0103toare ale insulei, oferind un club de plaj\u0103 plutitor \u0219i op\u021biuni suplimentare de meniu, cum ar fi pui pr\u0103jit din Canare cu cartofi \u0219i salat\u0103 sau paella, \u00eempreun\u0103 cu toate b\u0103uturile, baghete, tapas, echipament de snorkeling \u0219i pl\u0103ci de paddle. Un chelner dedicat este inclus pentru a v\u0103 \u00eembun\u0103t\u0103\u021bi experien\u021ba.<\/li>\n<li><strong>8 ore de aventur\u0103 suprem\u0103<\/strong>: Cea mai cuprinz\u0103toare op\u021biune de charter disponibil\u0103 pentru p\u00e2n\u0103 la 10 pasageri, cu acelea\u0219i facilit\u0103\u021bi de lux ca \u0219i turul de \u0219ase ore, inclusiv clubul de plaj\u0103 plutitor, diverse op\u021biuni de m\u00e2ncare \u0219i toate echipamentele esen\u021biale pentru o zi plin\u0103 de lux \u0219i explorare.<\/li>\n<li>Op\u021biunile personalizabile \u0219i meniurile alternative, inclusiv sushi, preparate din pe\u0219te, meniuri vegetariene \u0219i \u0219ampanii \u0219i b\u0103uturi spirtoase exclusive, sunt disponibile pentru a v\u0103 asigura c\u0103 voiajul dumneavoastr\u0103 se aliniaz\u0103 perfect cu preferin\u021bele dumneavoastr\u0103.<\/li>\n<\/ul>\n<h4>\ud83d\udea4 <strong>\ud83d\udea4 Aventuri de naviga\u021bie personalizate cu echipajul nostru de exper\u021bi<\/strong><\/h4>\n<p>Echipajul nostru experimentat \u0219i multilingv se angajeaz\u0103 s\u0103 v\u0103 ofere o experien\u021b\u0103 de naviga\u021bie care este exact adaptat\u0103 gusturilor dumneavoastr\u0103, ghid\u00e2ndu-v\u0103 prin unele dintre cele mai uluitoare obiective turistice din Insulele Canare pentru o c\u0103l\u0103torie profund personal\u0103.<\/p>\n<h4>\ud83c\udf0a <strong>\ud83c\udf0a Echipament avansat de naviga\u021bie pentru navigarea f\u0103r\u0103 efort<\/strong><\/h4>\n<p><strong>Nu v\u0103 face\u021bi griji<\/strong> dispune de tehnologie de naviga\u021bie de ultim\u0103 genera\u021bie pentru a asigura o c\u0103l\u0103torie lin\u0103 \u0219i lini\u0219tit\u0103 pe apele azurii ale insulei Tenerife, ceea ce face c\u0103l\u0103toria dvs. at\u00e2t palpitant\u0103, c\u00e2t \u0219i lini\u0219tit\u0103.<\/p>\n<h3>\u2705 <strong>Caracteristici exclusive ale No Worries<\/strong><\/h3>\n<ul>\n<li>Luxul complet all inclusive: de la b\u0103uturi premium nelimitate la m\u00e2nc\u0103ruri gourmet, \u00eempreun\u0103 cu diverse activit\u0103\u021bi, cum ar fi paddle boarding \u0219i snorkeling, fiecare detaliu este aranjat meticulos pentru pl\u0103cerea dumneavoastr\u0103.<\/li>\n<li>La cerere, sunt disponibile aranjamente dietetice speciale, oferind o experien\u021b\u0103 culinar\u0103 personalizat\u0103.<\/li>\n<li>Un punct de \u00eent\u00e2lnire u\u0219or accesibil la <a href=\"https:\/\/www.google.com\/maps\/place\/Puerto+Col%C3%B3n\/@28.0780067,-16.7394902,17z\/data=!3m2!4b1!5s0xc6a97433884bdf9:0x76d293b7b99db23a!4m6!3m5!1s0xc6a9743509c9ebf:0xd62345524f768247!8m2!3d28.078002!4d-16.7369153!16s%2Fg%2F11c6cqryw_?entry=tts&amp;g_ep=EgoyMDI0MDUwNS4wKgBIAVAD\" target=\"_blank\" rel=\"noopener\">Puerto Col\u00f3n,<\/a> Costa Adeje, sus\u021binut\u0103 de op\u021biuni de parcare simple.<\/li>\n<\/ul>\n<h4>\ud83d\udd53 <strong>Proces de rezervare \u0219i integrare f\u0103r\u0103 efort<\/strong><\/h4>\n<ul>\n<li>Rezerva\u021bi-v\u0103 c\u0103l\u0103toria \u00een avans pentru a v\u0103 asigura data preferat\u0103 \u0219i experimenta\u021bi un lux de neegalat.<\/li>\n<li>Sosirea cu 15 minute \u00eenainte de plecare garanteaz\u0103 un \u00eenceput f\u0103r\u0103 probleme al c\u0103l\u0103toriei dvs. de lux.<\/li>\n<\/ul>\n<h4>\ud83d\udcdc <strong>Flexibilitate cuprinz\u0103toare \u00een ceea ce prive\u0219te rezerv\u0103rile \u0219i anul\u0103rile<\/strong><\/h4>\n<ul>\n<li><strong>Un plan solid de urgen\u021b\u0103 \u00een caz de situa\u021bii neprev\u0103zute de vreme rea:<\/strong> Alege\u021bi o alt\u0103 dat\u0103 sau o rambursare integral\u0103 \u00een cazul \u00een care condi\u021biile nu sunt favorabile pentru naviga\u021bie.<\/li>\n<li><strong>Condi\u021bii de anulare flexibile:<\/strong> Anula\u021bi cu p\u00e2n\u0103 la 4 zile \u00eenainte de c\u0103l\u0103toriile mai scurte \u0219i cu p\u00e2n\u0103 la 6 zile pentru excursiile mai lungi, f\u0103r\u0103 nicio penalizare.<\/li>\n<li>Anun\u021ba\u021bi-ne despre orice restric\u021bie alimentar\u0103 cu 48 de ore \u00eenainte de charter pentru a v\u0103 personaliza experien\u021ba culinar\u0103.<\/li>\n<\/ul>\n<p>\u00cembarca\u021bi-v\u0103 \u00eentr-o c\u0103l\u0103torie extraordinar\u0103 de lux, intimitate \u0219i aventur\u0103 cu iahtul privat No Worries.<\/p>\n<p><a href=\"https:\/\/canaryvip.com\/ro\/tenerife\/boat-hire-tenerife\/\">\u00cenchiria\u021bi o barc\u0103 \u00een Tenerife<\/a> ast\u0103zi \u0219i explora\u021bi cea mai bun\u0103 modalitate de a experimenta apele maiestuoase din Tenerife. \ud83c\udf1f\ud83d\udee5\ufe0f\ud83c\udf0a<\/p>","protected":false},"excerpt":{"rendered":"<p><strong>\ud83d\udd0d No Worries Barc\u0103:<\/strong><br \/>\n\u2705 Plat\u0103 sigur\u0103.<br \/>\n\ud83d\udee5\ufe0f 13.5m Yacht Confort Yacht.<br \/>\n\u23f3 Tururi zilnice de 2-12h.<br \/>\n\ud83d\udd59 Orele de plecare personalizabile.<br \/>\n\ud83c\udf74 Mese \u0219i b\u0103uturi incluse.<br \/>\n\ud83d\udc65 P\u00e2n\u0103 la 10 persoane.<br \/>\n\ud83d\udedd Tobogan de ap\u0103 pentru +6H Tours.<br \/>\n\ud83c\udfc4\u200d\u2640\ufe0f Pl\u0103ci cu v\u00e2sle incluse.<br \/>\n\ud83e\udd3f Se ofer\u0103 echipament de snorkel.<br \/>\n\ud83d\udd0a Red\u0103-\u021bi muzica.<br \/>\n\ud83e\udd11 Cel mai bun pre\u021b garantat.<br \/>\n\ud83d\udc6a Reduceri activate.<br \/>\n\ud83d\udd01 Anulare de p\u00e2n\u0103 la 4 zile.<br \/>\n\ud83c\udf0d Multilingual Crew.<br \/>\n\ud83c\udf1f Rezerva\u021bi din timp \u0219i economisi\u021bi!<br \/>\n\ud83d\udccd Plecare din\u00a0<a href=\"https:\/\/maps.app.goo.gl\/ocJuu7A8R1JWjPbS9\">Puerto Colon<\/a>.<\/p>","protected":false},"featured_media":13629,"comment_status":"open","ping_status":"closed","template":"","meta":{"_acf_changed":false},"product_brand":[],"product_cat":[47],"product_tag":[],"class_list":{"0":"post-9938","1":"product","2":"type-product","3":"status-publish","4":"has-post-thumbnail","6":"product_cat-boat-hire-tenerife","7":"wcpa_has_options","9":"first","10":"instock","11":"sale","12":"virtual","13":"purchasable","14":"product-type-simple"},"acf":[],"wcpa_form_fields":{"wcpaData":{"product":{"product_price":745,"price_html":"From&nbsp;<del aria-hidden=\"true\"><span class=\"woocommerce-Price-amount amount\"><bdi>800,00&nbsp;<span class=\"woocommerce-Price-currencySymbol\">&euro;<\/span><\/bdi><\/span><\/del> <span class=\"screen-reader-text\">Pre\u021bul ini\u021bial a fost: 800,00&nbsp;&euro;.<\/span><ins aria-hidden=\"true\"><span class=\"woocommerce-Price-amount amount\"><bdi>745,00&nbsp;<span class=\"woocommerce-Price-currencySymbol\">&euro;<\/span><\/bdi><\/span><\/ins><span class=\"screen-reader-text\">Pre\u021bul curent este: 745,00&nbsp;&euro;.<\/span>","original_product_price":800,"price_including_tax":745,"price_excluding_tax":745,"product_id":{"parent":9938,"variation":false},"is_variable":false,"stock_status":"instock","stock_quantity":null,"parent_sku":"CV9938","product_attributes":[],"custom_fields":[],"is_taxable":false,"product_name":"No Worries Yacht Charter Tenerife","hasImage":false},"fields":{"sec_7663b89a2e2f8f":{"extra":{"key":"sec_7663b89a2e2f8f","section_id":"sec_7663b89a2e2f8f","name":"Default","status":1,"cl_rule":"show","enableCl":false,"relations":[],"toggle":true,"title_tag":"h3","show_title":false,"showPrice":"default","form_id":11415,"form_rules":{"exclude_from_discount":true,"fee_label":"Fee","disp_hide_options_price":true,"disp_show_section_price":false,"disp_show_field_price":true,"layout_option":"standard","pric_use_as_fee":false,"process_fee_as":"woo_fee"},"layout_option":"standard"},"fields":[[{"label":"\ud83d\udcc5 Date","active":true,"required":true,"elementId":"date_9663b89a2e2faf","picker_type":"custom","picker_mode":"single","placeholder":"","description":"","tooltip":"","name":"date_9663b89a2e2faf","label_position":"default","desc_position":"default","enablePrice":false,"className":"","enableCl":false,"relations":[{"operator":"and","rules":[{"operator":"AND","rules":{"cl_field":"radio-group_565c78ffa81208","cl_relation":"is","cl_val":"3 Hour Trip"}}]}],"date_pic_inline":true,"date_pic_inline_hide":true,"min_date":{"type":"days","val":"2"},"max_date":{"type":"days","val":"365"},"date_pic_conf":{"disabledWeeks":[],"disabledDates":["2025-08-25","2025-08-28 to 2025-08-29"]},"price":"","cl_rule":"show","col":6,"type":"date","error":false,"enableDesign":false,"LabelColor":"","isWeightTemplate":false,"isTemplate":false,"min_quantity":"1","quantity_decimal":false,"quantity_step":"1","quantity_label":"Quantity","repeater_field_label":"{field_label}","repeater_bind":"","gt_translate_keys":["label","placeholder","description","tooltip","repeater_field_label","quantity_label"],"price_dependency":false,"cl_dependency":false,"value":""}],[{"contentType":"rich","active":true,"label":"","elementId":"content_4663b89a2e2fbd","value":"<p>\ud83c\udf9f\ufe0f <strong>Reservation<\/strong>: Pay only a deposit now to reserve; the rest is due on the day of the activity upon arrival.<\/p>","inline":false,"name":"content_4663b89a2e2fbd","enablePrice":false,"className":"","subtype":"p","enableCl":false,"relations":false,"price":"","cl_rule":"show","col":6,"type":"content","error":false,"pricingType":"custom","isTemplate":false,"is_show_price":true,"show_in_checkout":true,"gt_translate_keys":["label","value"],"price_dependency":false,"cl_dependency":false}],[{"elementId":"separator_2663b89a2e2fc9","separatorType":"blank","className":"","height":"3","enableCl":false,"relations":false,"cl_rule":"show","col":6,"type":"separator","error":false,"gt_translate_keys":[],"price_dependency":false,"cl_dependency":false,"value":""}],[{"active":true,"col":6,"relations":false,"cl_rule":"show","enableCl":false,"price":"","enablePrice":true,"className":"","label_position":"default","desc_position":"default","type":"select","required":true,"elementId":"select_2663b89a2e2fd3","label":"\u23f3 Trip Duration","name":"select_2663b89a2e2fd3","values":[{"label":"2 Hours (745\u20ac)","value":"2","selected":false,"tempId":"aco_212","price":"745","gt_translate_keys":["label"]},{"label":"3 Hours (825\u20ac)","value":"3","selected":false,"tempId":"aco_556","price":"825","gt_translate_keys":["label"]},{"label":"4 Hours (1.065\u20ac)","value":"4","selected":false,"tempId":"aco_640","price":"1065","gt_translate_keys":["label"]},{"label":"5 Hours (1.330\u20ac","value":"5","selected":false,"tempId":"aco_100","price":"1330","gt_translate_keys":["label"]},{"label":"6 Hours (1.595\u20ac)","value":"6","selected":false,"tempId":"aco_660","price":"1595","gt_translate_keys":["label"]},{"label":"8 Hours (1.995\u20ac)","value":"8","selected":false,"tempId":"aco_19","price":"1995","gt_translate_keys":["label"]}],"dropdown_type":"basic","error":false,"placeholder":"Select Trip Duration","priceOptions":"different_for_all","pricingType":"fixed","is_show_price":true,"isWeightTemplate":false,"isTemplate":false,"min_quantity":"1","quantity_decimal":false,"quantity_step":"1","quantity_label":"Quantity","repeater_field_label":"{field_label}","repeater_bind":"","gt_translate_keys":["label","placeholder","repeater_field_label","quantity_label"],"price_dependency":["content_3663b89a2e2ff1","content_7663b89a2e2ffb"],"cl_dependency":false,"value":""}],[{"label":"\u2705 Number of People","active":true,"required":true,"elementId":"select_10663b89a2e2fdd","dropdown_type":"basic","placeholder":"Select Number of People","name":"select_10663b89a2e2fdd","label_position":"default","desc_position":"default","enablePrice":false,"className":"","enableCl":false,"relations":[{"operator":false,"rules":[{"operator":"AND","rules":{"cl_field":"radio-group_565c78ffa81208","cl_relation":"is","cl_val":"3 Hour Trip"}}]}],"values":[{"label":"1 person","value":"1","selected":false,"tempId":"aco_1471","price":"0","gt_translate_keys":["label"]},{"label":"2 people","value":"2","selected":false,"tempId":"aco_1472","price":"0","gt_translate_keys":["label"]},{"label":"3 people","value":"3","selected":false,"tempId":"aco_1500","price":"0","gt_translate_keys":["label"]},{"label":"4 people","value":"4","selected":false,"tempId":"aco_1510","price":"0","gt_translate_keys":["label"]},{"label":"5 people","value":"5","selected":false,"tempId":"aco_1520","price":"0","gt_translate_keys":["label"]},{"label":"6 people","value":"6","selected":false,"tempId":"aco_1728","price":"0","gt_translate_keys":["label"]},{"label":"7 people","value":"7","selected":false,"tempId":"aco_1738","price":"20","gt_translate_keys":["label"]},{"label":"8 people","value":"8","selected":false,"tempId":"aco_1748","price":"40","gt_translate_keys":["label"]},{"label":"9 people","value":"9","selected":false,"tempId":"aco_1912","price":"60","gt_translate_keys":["label"]},{"label":"10 people","value":"10","selected":false,"tempId":"aco_1922","price":"80","gt_translate_keys":["label"]}],"price":"","cl_rule":"show","col":6,"type":"select","error":false,"priceOptions":"different_for_all","pricingType":"fixed","is_show_price":true,"isWeightTemplate":false,"isTemplate":false,"min_quantity":"1","quantity_decimal":false,"quantity_step":"1","quantity_label":"Quantity","repeater_field_label":"{field_label}","repeater_bind":"","gt_translate_keys":["label","placeholder","repeater_field_label","quantity_label"],"price_dependency":false,"cl_dependency":false,"value":""}],[{"active":true,"col":6,"relations":false,"cl_rule":"show","enableCl":false,"price":"","enablePrice":true,"className":"","label_position":"default","desc_position":"default","type":"select","required":false,"elementId":"select_8764721131","label":"\ud83d\udca6 Add jet-skis?","name":"select_8764721131","values":[{"label":"1 JetSki for 1 Hour (250\u20ac)","value":"1JetSki 1H","selected":false,"tempId":"aco_167","price":"250","gt_translate_keys":["label"]},{"label":"2 JetSkis for 1 Hour (500\u20ac)","value":"2JetSkis 1H","selected":false,"tempId":"aco_168","price":"500","gt_translate_keys":["label"]}],"isWeightTemplate":false,"error":false,"isTemplate":false,"min_quantity":"1","quantity_decimal":false,"quantity_step":"1","quantity_label":"Quantity","repeater_field_label":"{field_label}","repeater_bind":"","dropdown_type":"basic","description":"Private JetSki tour from the boat with a JetSki instructor.","placeholder":"None","priceOptions":"different_for_all","pricingType":"fixed","is_show_price":true,"gt_translate_keys":["label","placeholder","description","repeater_field_label","quantity_label"],"price_dependency":["content_3663b89a2e2ff1"],"cl_dependency":false,"value":""}],[{"elementId":"separator_6663b89a2e2fe7","separatorType":"fill","className":"","height":"6","enableCl":false,"relations":false,"cl_rule":"show","col":6,"type":"separator","error":false,"separatorColor":"#66a6b6","gt_translate_keys":[],"price_dependency":false,"cl_dependency":false,"value":""}],[{"active":true,"col":6,"relations":false,"cl_rule":"show","enableCl":false,"price":"(({field.select_2663b89a2e2fd3.price})*0.20)+({field.select_8764721131.price})","enablePrice":true,"className":"","label_position":"default","desc_position":"default","type":"content","required":false,"elementId":"content_3663b89a2e2ff1","label":"Deposit Payment","name":"content_3663b89a2e2ff1","contentType":"plain","value":"","error":false,"pricingType":"custom","isTemplate":false,"is_show_price":false,"enableDesign":true,"scrollBar":false,"use_as_fee":false,"fee_label":"Payment Now","inline":true,"show_in_checkout":true,"subtype":"div","formulaId":"fmla_1708364241278155361","LabelSize":"14px","gt_translate_keys":["label","value"],"price_dependency":["content_3663b89a2e3004"],"cl_dependency":false}],[{"contentType":"plain","active":true,"label":"Payment at Arrival","elementId":"content_7663b89a2e2ffb","value":"","inline":true,"show_in_checkout":true,"name":"content_7663b89a2e2ffb","enablePrice":true,"className":"","fee_label":"Payment at Arrival","subtype":"div","enableCl":false,"relations":false,"scrollBar":false,"enableDesign":true,"pricingType":"custom","isTemplate":false,"price":"({field.select_2663b89a2e2fd3.price})*0.80","use_as_fee":false,"is_show_price":true,"cl_rule":"show","col":6,"type":"content","error":false,"formulaId":"fmla_1708360988969136756","LabelSize":"14px","gt_translate_keys":["label","value"],"price_dependency":["content_3663b89a2e3004"],"cl_dependency":false}],[{"contentType":"plain","active":true,"label":"Total Price","elementId":"content_3663b89a2e3004","value":"","inline":true,"show_in_checkout":true,"name":"content_3663b89a2e3004","enablePrice":true,"className":"","fee_label":"Payment at Arrival","subtype":"div","enableCl":false,"relations":false,"scrollBar":false,"enableDesign":true,"LabelSize":"14px","pricingType":"custom","isTemplate":false,"price":"({field.content_3663b89a2e2ff1.price}) + ({field.content_7663b89a2e2ffb.price})","formulaId":"fmla_1708360988969136756","use_as_fee":false,"is_show_price":true,"cl_rule":"show","col":6,"type":"content","error":false,"gt_translate_keys":["label","value"],"price_dependency":false,"cl_dependency":false}],[{"elementId":"separator_10663b89a2e300e","separatorType":"blank","className":"","height":"3","enableCl":false,"relations":false,"cl_rule":"show","col":6,"type":"separator","error":false,"gt_translate_keys":[],"price_dependency":false,"cl_dependency":false,"value":""}],[{"active":true,"col":6,"relations":[{"operator":false,"rules":[{"operator":"AND","rules":{"cl_field":"radio-group_565c78ffa81208","cl_relation":"is","cl_val":"3 Hour Trip"}}]}],"cl_rule":"show","enableCl":false,"price":"","enablePrice":false,"className":"","label_position":"default","desc_position":"default","type":"select","required":false,"elementId":"select_2663b89a2e3017","label":"\u23f0 Departure","name":"select_2663b89a2e3017","values":[{"label":"09:00","value":"09:00","selected":false,"tempId":"aco_1471","gt_translate_keys":["label"]},{"label":"10:00","value":"10:00","selected":false,"tempId":"aco_1472","gt_translate_keys":["label"]},{"label":"11:00","value":"11:00","selected":false,"tempId":"aco_1500","gt_translate_keys":["label"]},{"label":"12:00","value":"12:00","selected":false,"tempId":"aco_1510","gt_translate_keys":["label"]},{"label":"13:00 (1:00 PM)","value":"13:00","selected":false,"tempId":"aco_1520","gt_translate_keys":["label"]},{"label":"14:00 (2:00 PM)","value":"14:00","selected":false,"tempId":"aco_1728","gt_translate_keys":["label"]},{"label":"15:00 (3:00 PM)","value":"15:00","selected":false,"tempId":"aco_1738","gt_translate_keys":["label"]},{"label":"16:30 (4:30 PM)","value":"16:30","selected":false,"tempId":"aco_100","gt_translate_keys":["label"]}],"dropdown_type":"basic","error":false,"placeholder":"Whichever Time is Best","isWeightTemplate":false,"isTemplate":false,"min_quantity":"1","quantity_decimal":false,"quantity_step":"1","quantity_label":"Quantity","repeater_field_label":"{field_label}","repeater_bind":"","gt_translate_keys":["label","placeholder","repeater_field_label","quantity_label"],"price_dependency":false,"cl_dependency":false,"value":""}],[{"elementId":"separator_8663b89a2e3021","separatorType":"blank","className":"","height":"1","enableCl":false,"relations":false,"cl_rule":"show","col":6,"type":"separator","error":false,"gt_translate_keys":[],"price_dependency":false,"cl_dependency":false,"value":""}]]}},"config":{"price_override":"always","enable_recaptcha":false,"bind_quantity":false,"quantity_bind_formula":false,"disp_summ_show_option_price":true,"disp_summ_show_product_price":false,"disp_summ_show_total_price":false,"disp_summ_show_fee":true,"disp_summ_show_discount":true,"summary_title":"","options_total_label":"Options Price","total_label":"Deposit Amount","options_product_label":"Product Price","fee_label":"Fee","discount_label":"Discount","has_price":true,"has_quantity_formula":false},"mc_unit":1,"tax_rate":1,"tax_rate_real":1,"discount":{"percentage":0,"fixed":0},"design":{"conf":{"LabelPosition":"above","DescPosition":"above","UploadField":"custom_1","QuantityFieldStyle":"custom_1"},"css":{"LeftLabelWidth":"120px"}},"formulas":{"fmla_1708360988969136756":"(({field.select_2663a0ecdc488f.value}>=5)?(640):(({field.select_2663a0ecdc488f.value}>=4)?(520):(({field.select_2663a0ecdc488f.value}>=3)?(440):(0))))","fmla_1708364241278155361":"(({field.select_5841412719.value}>=8)?({field.select_5841412719.price}):(({field.select_5841412719.value}>=5)?({field.select_5841412719.price}):(({field.select_5841412719.value}>=3)?({field.select_5841412719.price}):(0))))"},"lookuptables":[],"clones":false,"cartKey":false}},"_links":{"self":[{"href":"https:\/\/canaryvip.com\/ro\/wp-json\/wp\/v2\/product\/9938","targetHints":{"allow":["GET"]}}],"collection":[{"href":"https:\/\/canaryvip.com\/ro\/wp-json\/wp\/v2\/product"}],"about":[{"href":"https:\/\/canaryvip.com\/ro\/wp-json\/wp\/v2\/types\/product"}],"replies":[{"embeddable":true,"href":"https:\/\/canaryvip.com\/ro\/wp-json\/wp\/v2\/comments?post=9938"}],"wp:featuredmedia":[{"embeddable":true,"href":"https:\/\/canaryvip.com\/ro\/wp-json\/wp\/v2\/media\/13629"}],"wp:attachment":[{"href":"https:\/\/canaryvip.com\/ro\/wp-json\/wp\/v2\/media?parent=9938"}],"wp:term":[{"taxonomy":"product_brand","embeddable":true,"href":"https:\/\/canaryvip.com\/ro\/wp-json\/wp\/v2\/product_brand?post=9938"},{"taxonomy":"product_cat","embeddable":true,"href":"https:\/\/canaryvip.com\/ro\/wp-json\/wp\/v2\/product_cat?post=9938"},{"taxonomy":"product_tag","embeddable":true,"href":"https:\/\/canaryvip.com\/ro\/wp-json\/wp\/v2\/product_tag?post=9938"}],"curies":[{"name":"wp","href":"https:\/\/api.w.org\/{rel}","templated":true}]}}