{"id":9834,"date":"2024-02-15T22:11:39","date_gmt":"2024-02-15T22:11:39","guid":{"rendered":"https:\/\/canaryvip.com\/?post_type=product&#038;p=9834"},"modified":"2025-08-09T12:53:55","modified_gmt":"2025-08-09T11:53:55","slug":"forestal-park-tenerife","status":"publish","type":"product","link":"https:\/\/canaryvip.com\/ro\/shop\/forestal-park-tenerife\/","title":{"rendered":"Parcul Forestal Tenerife"},"content":{"rendered":"<h2><strong>\ud83c\udf32 Forestal Park Tenerife: Scufund\u0103-te \u00een locul de joac\u0103 al naturii!<\/strong><\/h2>\n<p>\u00cembarca\u021bi-v\u0103 \u00eentr-o aventur\u0103 f\u0103r\u0103 egal la <strong>Forestal Park Tenerife,<\/strong> unde emo\u021bia naturii se \u00eent\u00e2lne\u0219te cu frumuse\u021bea senin\u0103 a p\u0103durilor de pini centenari. Experimenta\u021bi emo\u021bia de a naviga prin cel mai mare parc de tirolian\u0103 \u0219i de aventur\u0103 din Insulele Canare. Cu peste 90 de provoc\u0103ri unice la mare altitudine, inclusiv poduri suspendate, plase, liane \u0219i tiroliene uluitoare, spiritul t\u0103u de aventur\u0103 se va \u00een\u0103l\u021ba spre noi \u00een\u0103l\u021bimi.<\/p>\n<h3><strong>\ud83c\udfa2 De ce s\u0103 alegem aventura noastr\u0103?<\/strong><\/h3>\n<ul>\n<li><strong>Distrac\u021bie garantat\u0103:<\/strong> Asigura\u021bi-v\u0103 locul prin rezervare \u00een avans \u0219i evita\u021bi dezam\u0103girea unui parc plin.<\/li>\n<li><strong>Reduceri exclusive:<\/strong> Bucur\u0103-te de reduceri exclusive rezerv\u00e2nd urm\u0103toarea ta aventur\u0103 cu noi!<\/li>\n<li><strong>Planuri flexibile:<\/strong> Schimbare de planuri? Politica noastr\u0103 de anulare permisiv\u0103 v\u0103 acoper\u0103.<\/li>\n<li><strong>Sfaturi din interior:<\/strong> Beneficia\u021bi de experien\u021bele noastre directe \u0219i de recomand\u0103rile noastre pentru cea mai bun\u0103 aventur\u0103.<\/li>\n<\/ul>\n<h3><strong>\ud83d\udc65 Team Building \u0219i aventuri de grup<\/strong><\/h3>\n<p>Spori\u021bi camaraderia \u0219i crea\u021bi leg\u0103turi durabile \u00een cadrul oric\u0103rui grup prin diversele noastre aventuri de team-building. <strong>Parcul Forestal Tenerife<\/strong> ofer\u0103 un fundal distinctiv, perfect pentru a spori spiritul de echip\u0103 \u00een r\u00e2ndul <strong>grupuri corporative,<\/strong>\u00a0s\u0103rb\u0103torind momente speciale cu <strong>prieteni,<\/strong>\u00a0marc\u00e2nd etape importante, cum ar fi <strong>zile de na\u0219tere,<\/strong>\u00a0sau aducerea <strong>adun\u0103ri mari de familie<\/strong> mai aproape unul de cel\u0103lalt.<\/p>\n<p>mai aproape unul de cel\u0103lalt. Provoc\u0103rile noastre atent concepute nu numai c\u0103 distreaz\u0103, dar promoveaz\u0103 \u0219i munca \u00een echip\u0103, comunicarea \u0219i un sentiment comun de triumf \u0219i unitate \u00een toate tipurile de grupuri. Fie c\u0103 dori\u021bi s\u0103 consolida\u021bi echipele corporative, s\u0103 crea\u021bi amintiri de neuitat de la anivers\u0103ri, s\u0103 uni\u021bi prietenii \u00een aventur\u0103 sau s\u0103 aduna\u021bi familii extinse pentru o zi de distrac\u021bie, parcul nostru asigur\u0103 o experien\u021b\u0103 incluziv\u0103, captivant\u0103 \u0219i memorabil\u0103 pentru toat\u0103 lumea.<\/p>\n<h3><strong>\ud83d\udee0\ufe0f Preg\u0103ti\u021bi-v\u0103 pentru aventura dumneavoastr\u0103<\/strong><\/h3>\n<ul>\n<li><strong>Rezerva\u021bi cu anticipa\u021bie:<\/strong> Garanta\u021bi-v\u0103 intrarea prin rezervare din timp.<\/li>\n<li><strong>Sfaturi pentru sosire<\/strong>: Situat \u00een La Esperanza, \u00eei sf\u0103tuim pe oaspe\u021bii caza\u021bi \u00een Tenerife Sud s\u0103 \u00ee\u0219i planifice meticulos vizita \u00een avans, deoarece c\u0103l\u0103toria cu ma\u0219ina dureaz\u0103 cel pu\u021bin 1 or\u0103. V\u0103 rug\u0103m s\u0103 \u021bine\u021bi cont de eventualele \u00eent\u00e2rzieri datorate bicicli\u0219tilor locali \u0219i de condi\u021biile de drumuri montane pentru a asigura o sosire f\u0103r\u0103 probleme \u0219i la timp.<\/li>\n<li><strong>Rochie dreapta:<\/strong> Purta\u021bi \u00eembr\u0103c\u0103minte adecvat\u0103 pentru o zi activ\u0103 \u00een aer liber.<\/li>\n<li><strong>Vizit\u0103 prealabil\u0103:<\/strong> \u00cenregistra\u021bi-v\u0103 cu 30 de minute \u00eenainte de rezervare pentru a v\u0103 familiariza cu facilit\u0103\u021bile din parc.<\/li>\n<\/ul>\n<h3><strong>\ud83c\udf33 Aventura te a\u0219teapt\u0103 la fiecare col\u021b de drum<\/strong><\/h3>\n<ul>\n<li><strong>Provoc\u0103ri variate:<\/strong> De la plimb\u0103ri lini\u0219tite la senza\u021bii extreme, parcul nostru se adreseaz\u0103 tuturor nivelurilor de aventur\u0103.<\/li>\n<li><strong>Siguran\u021b\u0103 constant\u0103:<\/strong> Echipa noastr\u0103 de profesioni\u0219ti se asigur\u0103 c\u0103 sunte\u021bi conectat \u00een siguran\u021b\u0103 \u00een orice moment, pentru o experien\u021b\u0103 f\u0103r\u0103 griji.<\/li>\n<li><strong>Mai multe de explorat:<\/strong> Descoperi\u021bi gama vast\u0103 de aventuri pe care Tenerife le are de oferit dincolo de v\u00e2rfurile copacilor.<\/li>\n<\/ul>\n<h3><strong>\ud83c\udfde\ufe0f Caracteristicile parcului nostru \u00een aer liber<\/strong><\/h3>\n<ul>\n<li><strong>Natura rafinat\u0103:<\/strong> Cufunda\u021bi-v\u0103 \u00een biodiversitatea luxuriant\u0103 a p\u0103durilor din Tenerife.<\/li>\n<li><strong>Activit\u0103\u021bi pentru to\u021bi:<\/strong> Bucura\u021bi-v\u0103 de o varietate de provoc\u0103ri \u00een v\u00e2rful copacilor, potrivite pentru fiecare v\u00e2rst\u0103 \u0219i nivel de \u00eendem\u00e2nare.<\/li>\n<li><strong>\u00cendrumare de specialitate:<\/strong> Instructorii no\u0219tri califica\u021bi asigur\u0103 o aventur\u0103 distractiv\u0103 \u0219i sigur\u0103 pentru toat\u0103 lumea.<\/li>\n<li><strong>Eco-con\u0219tient:<\/strong> Angajamentul nostru fa\u021b\u0103 de sustenabilitate \u00eenseamn\u0103 s\u0103 ne bucur\u0103m de natur\u0103 f\u0103r\u0103 a o afecta.<\/li>\n<li><strong>Facilit\u0103\u021bi:<\/strong> Alimenta\u021bi-v\u0103 la cafeneaua noastr\u0103 \u0219i folosi\u021bi facilit\u0103\u021bile noastre curate pentru o zi confortabil\u0103.<\/li>\n<\/ul>\n<h3><strong>\ud83d\udcc5 Planific\u0103-\u021bi vizita<\/strong><\/h3>\n<ul>\n<li><strong>Ore de aventur\u0103:<\/strong> Deschis zilnic \u00eentre orele 10:00 \u0219i 18:00. Asigura\u021bi-v\u0103 c\u0103 ajunge\u021bi p\u00e2n\u0103 la ora 16:30 pentru ultima intrare.<\/li>\n<li><strong>Rezervare online u\u0219oar\u0103:<\/strong> S\u0103ri\u021bi peste cozile de a\u0219teptare rezerv\u00e2ndu-v\u0103 biletele online. Verifica\u021bi dac\u0103 exist\u0103 tarife speciale \u0219i reduceri!<\/li>\n<\/ul>\n<h3><strong>\ud83d\udee1\ufe0f Rezervarea lini\u0219te de spirit<\/strong><\/h3>\n<ul>\n<li><strong>Confirmare instantanee:<\/strong> Primi\u021bi un e-mail de confirmare cu detaliile rezerv\u0103rii dvs. \u0219i un num\u0103r de referin\u021b\u0103 unic.<\/li>\n<li><strong>Oferte speciale:<\/strong> Toate rezerv\u0103rile sunt \u00eenso\u021bite de o reducere special\u0103 pentru urm\u0103toarea dvs. aventur\u0103, precum \u0219i de reduceri pentru grupuri.<\/li>\n<li><strong>Angajamentul fa\u021b\u0103 de siguran\u021b\u0103:<\/strong> Respectarea ghidurilor noastre de siguran\u021b\u0103 este esen\u021bial\u0103 pentru o vizit\u0103 distractiv\u0103 \u0219i sigur\u0103.<\/li>\n<li><strong>Anulare respectuoas\u0103:<\/strong> Politica de anulare flexibil\u0103 care permite modific\u0103ri gratuite cu p\u00e2n\u0103 la 48 de ore \u00eenainte de rezervare. Anul\u0103rile \u00een termen de 48 de ore sunt supuse unei taxe 50%, iar neprezent\u0103rile nu sunt rambursabile.<\/li>\n<\/ul>\n<h4><strong>\ud83c\udf04 E\u0219ti gata s\u0103 experimentezi cea mai tare aventur\u0103 \u00een aer liber?<\/strong><\/h4>\n<p>Vino al\u0103turi de noi pentru o c\u0103l\u0103torie prin v\u00e2rful copacilor \u0219i descoper\u0103 frumuse\u021bea natural\u0103 a insulei Tenerife de sus. Rezerva\u021bi-v\u0103 acum aventura \u0219i p\u0103\u0219i\u021bi \u00eentr-o lume de emo\u021bie \u0219i descoperire! \ud83c\udf32\ud83c\udfde\ufe0f<\/p>","protected":false},"excerpt":{"rendered":"<p>\ud83d\udd0d <strong>Parcul Forestal Tenerife<\/strong>:<br \/>\n\u2705 Plat\u0103 sigur\u0103.<br \/>\n\ud83c\udf32 Cel mai mare parc de tiroliene \u0219i aventur\u0103.<br \/>\n\ud83d\udc64 Activit\u0103\u021bi pentru toate v\u00e2rstele.<br \/>\n\ud83d\udd56 Deschis \u00eentre orele 10:00 \u0219i 18:00.<br \/>\n\ud83d\udcc5 vineri, s\u00e2mb\u0103t\u0103 \u0219i duminic\u0103.<br \/>\n\ud83d\ude97 Parcare disponibil\u0103 pentru vizitatori.<br \/>\n\ud83e\udd7e Echipament de siguran\u021b\u0103 furnizat.<br \/>\n\ud83e\udd11 Cel mai bun pre\u021b garantat.<br \/>\n\ud83d\udc68\u200d\ud83d\udc69\u200d\ud83d\udc67\u200d\ud83d\udc66 Reduceri pentru grupuri \u0219i familii.<br \/>\n\ud83c\udf10 Personal multilingv.<br \/>\n\ud83c\udf32 Se recomand\u0103 rezervarea \u00een avans.<br \/>\n\ud83d\udccd Situat \u00een <a href=\"https:\/\/maps.app.goo.gl\/JbRxgrnnevPucnau9\">La Esperanza, Tenerife<\/a>.<\/p>","protected":false},"featured_media":9837,"comment_status":"open","ping_status":"closed","template":"","meta":{"_acf_changed":false},"product_brand":[],"product_cat":[82],"product_tag":[],"class_list":{"0":"post-9834","1":"product","2":"type-product","3":"status-publish","4":"has-post-thumbnail","6":"product_cat-fun-activities","7":"wcpa_has_options","9":"first","10":"instock","11":"virtual","12":"purchasable","13":"product-type-simple"},"acf":[],"wcpa_form_fields":{"wcpaData":{"product":{"product_price":26,"price_html":"From&nbsp;<span class=\"woocommerce-Price-amount amount\"><bdi>26,00&nbsp;<span class=\"woocommerce-Price-currencySymbol\">&euro;<\/span><\/bdi><\/span>","original_product_price":26,"price_including_tax":26,"price_excluding_tax":26,"product_id":{"parent":9834,"variation":false},"is_variable":false,"stock_status":"instock","stock_quantity":null,"parent_sku":"CV9834","product_attributes":[],"custom_fields":[],"is_taxable":false,"product_name":"Forestal Park Tenerife","hasImage":false},"fields":{"sec_465e50fd642ff4":{"extra":{"key":"sec_465e50fd642ff4","section_id":"sec_465e50fd642ff4","name":"Default","status":1,"cl_rule":"show","enableCl":false,"relations":[],"toggle":true,"title_tag":"h3","show_title":false,"showPrice":"default","form_id":10220,"form_rules":{"exclude_from_discount":true,"fee_label":"Fee","disp_hide_options_price":true,"disp_show_section_price":false,"disp_show_field_price":true,"layout_option":"standard","pric_use_as_fee":false,"process_fee_as":"woo_fee"},"layout_option":"standard"},"fields":[[{"label":"\ud83d\udcc5 Date","active":true,"required":true,"elementId":"date_365e50fd643030","picker_type":"custom","picker_mode":"single","placeholder":"","description":"","tooltip":"","name":"date_365e50fd643030","label_position":"default","desc_position":"default","enablePrice":false,"className":"","enableCl":false,"relations":[{"operator":"and","rules":[{"operator":"AND","rules":{"cl_field":"radio-group_365e50fd643015","cl_relation":"is","cl_val":"3 Hour Trip"}}]}],"date_pic_inline":true,"date_pic_inline_hide":true,"min_date":{"type":"days","val":"2"},"max_date":{"type":"days","val":"365"},"date_pic_conf":{"disabledWeeks":[1,2,3,4]},"price":"","cl_rule":"show","col":6,"type":"date","error":false,"enableDesign":false,"LabelColor":"","gt_translate_keys":["label","placeholder","description","tooltip"],"price_dependency":false,"cl_dependency":false,"value":""}],[{"active":true,"col":6,"relations":[{"operator":false,"rules":[{"operator":"AND","rules":{"cl_field":"","cl_relation":"","cl_val":""}}]}],"cl_rule":"show","enableCl":false,"price":"","enablePrice":false,"className":"","label_position":"default","desc_position":"default","type":"radio-group","required":true,"elementId":"radio-group_365e50fd643015","label":"\ud83c\udf1f Type of Ticket","name":"radio-group_365e50fd643015","values":[{"label":"Regular Tickets (26\u20ac)","value":"Regular Tickets","selected":false,"tempId":"aco_28","description":"Regular Admission Tickets.","gt_translate_keys":["label","description"]},{"label":"Resident Tickets (22\u20ac)","value":"Resident Tickets","selected":false,"tempId":"aco_30","description":"Regular Tickets for Canary Island Residents. You must present a valid document as proof of residency.","gt_translate_keys":["label","description"]}],"layOut":"","error":false,"checkUi":"toggle","enableDesign":false,"scrollBar":false,"description":"","other":false,"options_description":true,"show_selected_option":false,"gt_translate_keys":["label","description"],"price_dependency":false,"cl_dependency":[false,false],"value":""}]]},"sec_665e50fd643017":{"extra":{"key":"sec_665e50fd643017","section_id":"sec_665e50fd643017","name":"Regular Tickets","status":1,"cl_rule":"show","enableCl":true,"relations":[{"operator":false,"rules":[{"operator":"AND","rules":{"cl_field":"radio-group_365e50fd643015","cl_relation":"is","cl_val":"Regular Tickets"}}]}],"toggle":true,"title_tag":"h4","show_title":false,"showPrice":"default","form_id":10220,"form_rules":{"exclude_from_discount":true,"fee_label":"Fee","disp_hide_options_price":true,"disp_show_section_price":false,"disp_show_field_price":true,"layout_option":"standard","pric_use_as_fee":false,"process_fee_as":"woo_fee"},"layout_option":"standard"},"fields":[[{"elementId":"separator_1065e50fd64303b","separatorType":"blank","className":"","height":"10","enableCl":false,"relations":false,"cl_rule":"show","col":6,"type":"separator","gt_translate_keys":[],"price_dependency":false,"cl_dependency":false,"value":""}],[{"active":true,"col":6,"relations":false,"cl_rule":"show","enableCl":false,"price":"","enablePrice":false,"className":"","label_position":"default","desc_position":"default","type":"content","required":false,"elementId":"content_565e50fd643045","label":"People","name":"content_565e50fd643045","contentType":"plain","value":"","error":false,"show_in_checkout":true,"inline":false,"gt_translate_keys":["label","value"],"price_dependency":false,"cl_dependency":false}],[{"active":true,"col":6,"relations":[{"operator":false,"rules":[{"operator":"AND","rules":{"cl_field":"","cl_relation":"","cl_val":""}}]}],"cl_rule":"show","enableCl":true,"price":"26","enablePrice":true,"className":"","label_position":"default","desc_position":"default","type":"radio-group","required":false,"elementId":"radio-group_565e50fd643051","label":"","name":"radio-group_565e50fd643051","values":[{"label":"\ud83d\udc64 Adult (26\u20ac)","value":"Adult (26<\u20ac)","selected":true,"tempId":"aco_32","tooltip":"+13 Years","description":"","gt_translate_keys":["label","tooltip","description"]}],"layOut":"","error":false,"checkUi":"button","priceOptions":"fixed_for_all","pricingType":"fixed","enable_quantity":true,"quantity_label":"","min_quantity":"0","options_tooltip":true,"options_description":true,"gt_translate_keys":["label","quantity_label"],"price_dependency":false,"cl_dependency":false,"value":""}],[{"label":"","active":true,"required":false,"elementId":"radio-group_965e50fd64305c","name":"radio-group_965e50fd64305c","label_position":"default","desc_position":"default","enablePrice":true,"className":"","enableCl":false,"relations":false,"enable_quantity":true,"quantity_label":"","min_quantity":"0","checkUi":"button","layOut":"","values":[{"label":"\ud83d\udc66 Child (21\u20ac)","value":"Child (21\u20ac)","selected":true,"tempId":"aco_32","tooltip":"5-12 Years","description":"","gt_translate_keys":["label","tooltip","description"]}],"priceOptions":"fixed_for_all","pricingType":"fixed","price":"21","cl_rule":"show","col":6,"type":"radio-group","error":false,"options_tooltip":true,"options_description":true,"gt_translate_keys":["label","quantity_label"],"price_dependency":false,"cl_dependency":false,"value":""}]]},"sec_965e50fd6430a4":{"extra":{"key":"sec_965e50fd6430a4","section_id":"sec_965e50fd6430a4","name":"Resident Tickets","status":1,"cl_rule":"show","enableCl":true,"relations":[{"operator":false,"rules":[{"operator":"AND","rules":{"cl_field":"radio-group_365e50fd643015","cl_relation":"is","cl_val":"Resident Tickets"}}]}],"toggle":true,"title_tag":"h4","show_title":false,"showPrice":"default","form_id":10220,"form_rules":{"exclude_from_discount":true,"fee_label":"Fee","disp_hide_options_price":true,"disp_show_section_price":false,"disp_show_field_price":true,"layout_option":"standard","pric_use_as_fee":false,"process_fee_as":"woo_fee"},"layout_option":"standard"},"fields":[[{"elementId":"separator_465e50fd6430c1","separatorType":"blank","className":"","height":"10","enableCl":false,"relations":false,"cl_rule":"show","col":6,"type":"separator","gt_translate_keys":[],"price_dependency":false,"cl_dependency":false,"value":""}],[{"contentType":"plain","active":true,"label":"People","elementId":"content_865e50fd6430cb","value":"","inline":false,"show_in_checkout":true,"name":"content_865e50fd6430cb","enablePrice":false,"className":"","enableCl":false,"relations":false,"price":"","cl_rule":"show","col":6,"type":"content","gt_translate_keys":["label","value"],"price_dependency":false,"cl_dependency":false}],[{"label":"","active":true,"required":false,"elementId":"radio-group_665e50fd6430d6","name":"radio-group_665e50fd6430d6","label_position":"default","desc_position":"default","enablePrice":true,"className":"","enableCl":true,"relations":[{"operator":false,"rules":[{"operator":"AND","rules":{"cl_field":"","cl_relation":"","cl_val":""}}]}],"enable_quantity":true,"quantity_label":"","min_quantity":"0","checkUi":"button","layOut":"","options_tooltip":true,"values":[{"label":"\ud83d\udc64 Adult (22\u20ac)","value":"Adult (22\u20ac)","selected":true,"tempId":"aco_32","tooltip":"+13 Years","gt_translate_keys":["label","tooltip"]}],"priceOptions":"fixed_for_all","pricingType":"fixed","price":"22","cl_rule":"show","col":6,"type":"radio-group","error":false,"gt_translate_keys":["label","quantity_label"],"price_dependency":false,"cl_dependency":false,"value":""}],[{"label":"","active":true,"required":false,"elementId":"radio-group_465e50fd6430e0","name":"radio-group_465e50fd6430e0","label_position":"default","desc_position":"default","enablePrice":true,"className":"","enableCl":false,"relations":false,"enable_quantity":true,"quantity_label":"","min_quantity":"0","checkUi":"button","layOut":"","options_tooltip":true,"values":[{"label":"\ud83d\udc66 Child (15\u20ac)","value":"Children (15\u20ac)","selected":true,"tempId":"aco_32","tooltip":"5-12 Years","gt_translate_keys":["label","tooltip"]}],"priceOptions":"fixed_for_all","pricingType":"fixed","price":"15","cl_rule":"show","col":6,"type":"radio-group","error":false,"gt_translate_keys":["label","quantity_label"],"price_dependency":false,"cl_dependency":false,"value":""}]]}},"config":{"price_override":"always","enable_recaptcha":false,"bind_quantity":false,"quantity_bind_formula":false,"disp_summ_show_option_price":true,"disp_summ_show_product_price":false,"disp_summ_show_total_price":true,"disp_summ_show_fee":true,"disp_summ_show_discount":true,"summary_title":"","options_total_label":"Options Price","total_label":"Total Amount","options_product_label":"Product Price","fee_label":"Fee","discount_label":"Discount","has_price":true,"has_quantity_formula":false},"mc_unit":1,"tax_rate":1,"tax_rate_real":1,"discount":{"percentage":0,"fixed":0},"design":{"conf":{"LabelPosition":"above","DescPosition":"above","UploadField":"custom_1","QuantityFieldStyle":"custom_1"},"css":{"LeftLabelWidth":"120px"}},"formulas":[],"lookuptables":[],"clones":false,"cartKey":false}},"_links":{"self":[{"href":"https:\/\/canaryvip.com\/ro\/wp-json\/wp\/v2\/product\/9834","targetHints":{"allow":["GET"]}}],"collection":[{"href":"https:\/\/canaryvip.com\/ro\/wp-json\/wp\/v2\/product"}],"about":[{"href":"https:\/\/canaryvip.com\/ro\/wp-json\/wp\/v2\/types\/product"}],"replies":[{"embeddable":true,"href":"https:\/\/canaryvip.com\/ro\/wp-json\/wp\/v2\/comments?post=9834"}],"wp:featuredmedia":[{"embeddable":true,"href":"https:\/\/canaryvip.com\/ro\/wp-json\/wp\/v2\/media\/9837"}],"wp:attachment":[{"href":"https:\/\/canaryvip.com\/ro\/wp-json\/wp\/v2\/media?parent=9834"}],"wp:term":[{"taxonomy":"product_brand","embeddable":true,"href":"https:\/\/canaryvip.com\/ro\/wp-json\/wp\/v2\/product_brand?post=9834"},{"taxonomy":"product_cat","embeddable":true,"href":"https:\/\/canaryvip.com\/ro\/wp-json\/wp\/v2\/product_cat?post=9834"},{"taxonomy":"product_tag","embeddable":true,"href":"https:\/\/canaryvip.com\/ro\/wp-json\/wp\/v2\/product_tag?post=9834"}],"curies":[{"name":"wp","href":"https:\/\/api.w.org\/{rel}","templated":true}]}}