{"id":9783,"date":"2024-02-14T19:30:57","date_gmt":"2024-02-14T19:30:57","guid":{"rendered":"https:\/\/canaryvip.com\/?post_type=product&#038;p=9783"},"modified":"2025-08-09T12:54:45","modified_gmt":"2025-08-09T11:54:45","slug":"book-medieval-show-tenerife","status":"publish","type":"product","link":"https:\/\/canaryvip.com\/ro\/shop\/book-medieval-show-tenerife\/","title":{"rendered":"Rezerva\u021bi Medieval Dinner Show Tenerife"},"content":{"rendered":"<h2>\ud83d\udee1\ufe0f Spectacolul medieval din Tenerife<\/h2>\n<p><strong>O c\u0103l\u0103torie \u00een timp cu cavaleri, s\u0103rb\u0103tori \u0219i festivit\u0103\u021bi.<\/strong><\/p>\n<p>\u00centoarce\u021bi-v\u0103 \u00een timp \u0219i scufunda\u021bi-v\u0103 \u00een m\u0103re\u021bia Evului Mediu cu Medieval Night Tenerife. G\u0103zduit la maiestuosul Castillo San Miguel, acest eveniment este o fuziune de istorie, emo\u021bie \u0219i delicii culinare, ideal pentru cei afla\u021bi \u00een c\u0103utarea unei aventuri extraordinare.<\/p>\n<p>Vino al\u0103turi de noi \u0219i te vom transporta \u00eentr-o epoc\u0103 a cavalerilor, a jongleriilor \u0219i a turnirurilor, oferind at\u00e2t localnicilor, c\u00e2t \u0219i turi\u0219tilor o experien\u021b\u0103 \u00eenc\u00e2nt\u0103toare.<\/p>\n<h3><strong>\ud83c\udff0 Itinerarul nop\u021bii<\/strong><\/h3>\n<ul>\n<li><strong>Program:<\/strong> U\u0219ile se deschid la ora 18:30, iar spectacolul \u00eencepe la ora 19:00 \u0219i se \u00eencheie la ora 21:30. Seara promite o serie de spectacole medievale palpitante, inclusiv turniruri, jocuri de sabie \u0219i demonstra\u021bii impresionante de cai, captiv\u00e2nd oaspe\u021bii de la \u00eenceput p\u00e2n\u0103 la sf\u00e2r\u0219it.<\/li>\n<li><strong>Loca\u021bie:<\/strong> Situat la doar 20 de minute de Costa Adeje \u0219i Playa de las Am\u00e9ricas, Castillo San Miguel este un far de splendoare medieval\u0103, gata s\u0103 v\u0103 \u00eent\u00e2mpine cu cavaleri \u00een armur\u0103 la sosirea dumneavoastr\u0103.<\/li>\n<li><strong>Buc\u0103t\u0103rie:<\/strong> Bucura\u021bi-v\u0103 de un somptuos banchet medieval cu trei feluri de m\u00e2ncare, atent preg\u0103tit pentru a v\u0103 \u00eenc\u00e2nta palatul, \u00eenso\u021bit de o selec\u021bie de vin, ap\u0103 \u0219i b\u0103uturi r\u0103coritoare, asigur\u00e2nd o experien\u021b\u0103 culinar\u0103 demn\u0103 de o familie regal\u0103.<\/li>\n<\/ul>\n<h3><strong>\ud83c\udfab Adapteaz\u0103-\u021bi experien\u021ba medieval\u0103<\/strong><\/h3>\n<ul>\n<li><strong>Acces VIP:<\/strong> Ridica\u021bi-v\u0103 seara la nivel \u00eenalt cu experien\u021ba VIP, care include intrare prioritar\u0103, un pahar de bun venit de cava \u0219i locuri premium pentru a v\u0103 asigura o priveli\u0219te de neegalat a festivit\u0103\u021bilor.<\/li>\n<li><strong>Aventuri de grup:<\/strong> Pentru grupuri sunt disponibile tarife reduse, ceea ce \u00eel face o alegere ideal\u0103 pentru s\u0103rb\u0103tori sau evenimente corporative. <a href=\"https:\/\/canaryvip.com\/ro\/contact\/\">Contacta\u021bi echipa noastr\u0103<\/a> pentru aranjamente personalizate.<\/li>\n<\/ul>\n<h3><strong>\ud83d\udde1\ufe0f Se angajeaz\u0103 \u00een emo\u021bie<\/strong><\/h3>\n<ul>\n<li>Arena, cu opt cavaleri \u0219i arm\u0103sarii lor, este un spectacol de vitejie medieval\u0103, oferind fiec\u0103rui oaspete un loc \u00een primul r\u00e2nd la ac\u021biune. Seara este plin\u0103 de divertisment interactiv, permi\u021b\u00e2ndu-v\u0103 s\u0103 v\u0103 \u00eencuraja\u021bi cavalerul \u0219i s\u0103 v\u0103 sim\u021bi\u021bi parte din drama istoric\u0103.<\/li>\n<\/ul>\n<h3><strong>\ud83c\udf89 G\u0103zduie\u0219te-\u021bi evenimentul \u00eentr-un castel<\/strong><\/h3>\n<ul>\n<li>Castillo San Miguel nu este doar un loc de desf\u0103\u0219urare a Nop\u021bii Medievale, ci este disponibil \u0219i pentru rezerv\u0103ri private. Fie c\u0103 planifica\u021bi o zi de na\u0219tere, o nunt\u0103 sau o \u00eent\u00e2lnire corporatist\u0103, castelul ofer\u0103 un decor unic care promite s\u0103 fac\u0103 evenimentul dvs. memorabil.<\/li>\n<\/ul>\n<h3><strong>\ud83c\udf72 Un banchet pentru veacuri:<\/strong><\/h3>\n<p>R\u0103sf\u0103\u021ba\u021bi-v\u0103 cu un meniu care satisface toate gusturile, inclusiv op\u021biuni vegetariene \u0219i pentru copii, la cerere. Osp\u0103\u021bul \u00eencepe cu o sup\u0103 cremoas\u0103 de legume, urmat\u0103 de un file de pui fraged \u00een sos de ciuperci \u0219i se \u00eencheie cu un delicios tort de \u00eenghe\u021bat\u0103 stropit cu sos de ciocolat\u0103.<\/p>\n<h3><strong>\u2696\ufe0f Politica de rezervare \u0219i anulare:<\/strong><\/h3>\n<ul>\n<li><strong>Rezerv\u0103ri \u00een avans:<\/strong> Asigura\u021bi-v\u0103 locul din timp pentru a beneficia de cele mai bune tarife \u0219i pentru a v\u0103 simplifica planificarea. CanaryVIP garanteaz\u0103 cel mai bun pre\u021b pentru o noapte de neuitat.<\/li>\n<li><strong>Anul\u0103ri flexibile:<\/strong> Bucura\u021bi-v\u0103 de lini\u0219te sufleteasc\u0103 prin anularea gratuit\u0103 cu p\u00e2n\u0103 la 24 de ore \u00eenainte de participarea programat\u0103. Aceast\u0103 flexibilitate v\u0103 asigur\u0103 c\u0103 planurile dvs. se pot adapta \u00een func\u021bie de necesit\u0103\u021bi, f\u0103r\u0103 penaliz\u0103ri.<\/li>\n<\/ul>\n<h3><strong>\ud83d\ude97 C\u0103l\u0103torie la castel:<\/strong><\/h3>\n<ul>\n<li><strong>Sosire:<\/strong> Situat \u00een <a href=\"https:\/\/maps.app.goo.gl\/RrDijRjT4TvLiJkT6\" target=\"_blank\" rel=\"noopener\">San Miguel,<\/a>\u00a0, castelul ofer\u0103 o parcare ampl\u0103 \u0219i gratuit\u0103. Pentru cei care utilizeaz\u0103 transportul public sau serviciul op\u021bional de preluare, detaliile vor fi furnizate la rezervare.<\/li>\n<\/ul>\n<h4><strong>\ud83c\udf0c V\u0103 a\u0219teapt\u0103 o sear\u0103 de magie medieval\u0103<\/strong><\/h4>\n<p>Noaptea medieval\u0103 de la Castillo San Miguel trebuie s\u0103 fie punctul culminant al vizitei dumneavoastr\u0103 \u00een Tenerife. Rezerva\u021bi-v\u0103 aventura ast\u0103zi \u0219i p\u0103\u0219i\u021bi \u00eentr-o lume \u00een care istoria prinde via\u021b\u0103, cu divertisment antrenant, mese rafinate \u0219i c\u0103ldura ospitalit\u0103\u021bii medievale. \ud83c\udff0\ud83c\udf56<\/p>","protected":false},"excerpt":{"rendered":"<p><strong>\ud83d\udd0d Spectacolul Medieval Highlights:<\/strong><br \/>\n\u2705 Plat\u0103 sigur\u0103.<br \/>\n\ud83d\udd25 Spectacol uimitor \u0219i distractiv.<br \/>\n\ud83d\udcc5 Mar\u021bea, joia \u0219i s\u00e2mb\u0103ta.<br \/>\n\u23f0 Show: 19:00 - 21:30.<br \/>\n\ud83c\udf5b Cina inclus\u0103.<br \/>\n\ud83c\udf77 Vin, suc \u0219i ap\u0103 incluse.<br \/>\n\ud83c\udf0d Gazd\u0103 \u00een limba englez\u0103.<br \/>\n\ud83d\ude8c Autobuz de transfer op\u021bional.<br \/>\n\ud83e\udd11 Cel mai bun pre\u021b garantat.<br \/>\n\ud83d\udc6a Reduceri pentru rezerv\u0103ri de grup.<br \/>\n\ud83d\udd01 Anulare gratuit\u0103 p\u00e2n\u0103 la 24 de ore.<br \/>\n\ud83c\udf1f Rezerva\u021bi devreme, se umple repede!<br \/>\n\ud83d\udccd Locul de desf\u0103\u0219urare la <a href=\"https:\/\/maps.app.goo.gl\/RrDijRjT4TvLiJkT6\">Castillo San Miguel<\/a>.<\/p>","protected":false},"featured_media":9786,"comment_status":"open","ping_status":"closed","template":"","meta":{"_acf_changed":false},"product_brand":[],"product_cat":[59],"product_tag":[],"class_list":{"0":"post-9783","1":"product","2":"type-product","3":"status-publish","4":"has-post-thumbnail","6":"product_cat-evening-shows","7":"wcpa_has_options","9":"first","10":"instock","11":"virtual","12":"purchasable","13":"product-type-simple"},"acf":[],"wcpa_form_fields":{"wcpaData":{"product":{"product_price":49.5,"price_html":"From&nbsp;<span class=\"woocommerce-Price-amount amount\"><bdi>49,50&nbsp;<span class=\"woocommerce-Price-currencySymbol\">&euro;<\/span><\/bdi><\/span>","original_product_price":49.5,"price_including_tax":49.5,"price_excluding_tax":49.5,"product_id":{"parent":9783,"variation":false},"is_variable":false,"stock_status":"instock","stock_quantity":null,"parent_sku":"CV9783","product_attributes":[],"custom_fields":[],"is_taxable":false,"product_name":"Book Medieval Dinner Show Tenerife","hasImage":false},"fields":{"sec_2661b048086dd5":{"extra":{"key":"sec_2661b048086dd5","section_id":"sec_2661b048086dd5","name":"Default","status":1,"cl_rule":"show","enableCl":false,"relations":[],"toggle":true,"title_tag":"h3","show_title":false,"showPrice":"default","form_id":11248,"form_rules":{"exclude_from_discount":true,"fee_label":"Fee","disp_hide_options_price":true,"disp_show_section_price":false,"disp_show_field_price":true,"layout_option":"standard","pric_use_as_fee":false,"process_fee_as":"woo_fee"},"layout_option":"standard"},"fields":[[{"label":"\ud83d\udcc5 Date","active":true,"required":true,"elementId":"date_6661b048086df5","picker_type":"custom","picker_mode":"single","placeholder":"","description":"","tooltip":"","name":"date_6661b048086df5","label_position":"default","desc_position":"default","enablePrice":false,"className":"","enableCl":false,"relations":[{"operator":"and","rules":[{"operator":"AND","rules":{"cl_field":"radio-group_0661b048086e04","cl_relation":"is_not_empty","cl_val":"3 Hour Trip"}}]}],"date_pic_inline":true,"date_pic_inline_hide":true,"min_date":{"type":"days","val":"1"},"max_date":{"type":"days","val":"365"},"date_pic_conf":{"disabledWeeks":[0,1,3,5]},"price":"","cl_rule":"show","col":6,"type":"date","error":false,"enableDesign":false,"LabelColor":"","gt_translate_keys":["label","placeholder","description","tooltip"],"price_dependency":false,"cl_dependency":false,"value":""}],[{"active":true,"col":6,"relations":[{"operator":false,"rules":[{"operator":"AND","rules":{"cl_field":"","cl_relation":"","cl_val":""}}]}],"cl_rule":"show","enableCl":false,"price":"","enablePrice":false,"className":"","label_position":"default","desc_position":"default","type":"radio-group","required":true,"elementId":"radio-group_0661b048086e04","label":"\ud83c\udf1f Type of Ticket","name":"radio-group_0661b048086e04","values":[{"label":"Regular Entrance (49,50\u20ac)","value":"Regular Entrance","selected":false,"tempId":"aco_28","description":"Enjoy the live show, dinner and unlimited drinks.","gt_translate_keys":["label","description"]},{"label":"VIP Entrance (59,50\u20ac)","value":"VIP Entrance","selected":false,"tempId":"aco_29","description":"Enjoy the live show, dinner, and unlimited drinks. Upgrade to VIP for priority entry, a welcome glass of cava, and premium seating for the best views.","gt_translate_keys":["label","description"]}],"layOut":"","error":false,"checkUi":"toggle","enableDesign":false,"scrollBar":false,"description":"","other":false,"options_description":true,"show_selected_option":false,"gt_translate_keys":["label","description"],"price_dependency":false,"cl_dependency":[false,false,false],"value":""}]]},"sec_10661b048086e05":{"extra":{"key":"sec_10661b048086e05","section_id":"sec_10661b048086e05","name":"Regular","status":1,"cl_rule":"show","enableCl":true,"relations":[{"operator":false,"rules":[{"operator":"AND","rules":{"cl_field":"radio-group_0661b048086e04","cl_relation":"is","cl_val":"Regular Entrance"}}]}],"toggle":true,"title_tag":"h4","show_title":false,"showPrice":"default","form_id":11248,"form_rules":{"exclude_from_discount":true,"fee_label":"Fee","disp_hide_options_price":true,"disp_show_section_price":false,"disp_show_field_price":true,"layout_option":"standard","pric_use_as_fee":false,"process_fee_as":"woo_fee"},"layout_option":"standard"},"fields":[[{"elementId":"separator_6661b048086e1c","separatorType":"blank","className":"","height":"5","enableCl":false,"relations":false,"cl_rule":"show","col":6,"type":"separator","error":false,"gt_translate_keys":[],"price_dependency":false,"cl_dependency":false,"value":""}],[{"active":true,"col":6,"relations":false,"cl_rule":"show","enableCl":false,"price":"","enablePrice":false,"className":"","label_position":"default","desc_position":"default","type":"content","required":false,"elementId":"content_4661b048086e26","label":"People","name":"content_4661b048086e26","contentType":"plain","value":"","error":false,"show_in_checkout":true,"inline":false,"gt_translate_keys":["label","value"],"price_dependency":false,"cl_dependency":false}],[{"active":true,"col":6,"relations":[{"operator":false,"rules":[{"operator":"AND","rules":{"cl_field":"","cl_relation":"","cl_val":""}}]}],"cl_rule":"show","enableCl":true,"price":"49,50","enablePrice":true,"className":"","label_position":"default","desc_position":"default","type":"radio-group","required":false,"elementId":"radio-group_5661b048086e31","label":"","name":"radio-group_5661b048086e31","values":[{"label":"\ud83d\udc64 Adult (49,50\u20ac)","value":"Adult","selected":true,"tempId":"aco_32","tooltip":"+14 Years","description":"","gt_translate_keys":["label","tooltip","description"]}],"layOut":"","error":false,"checkUi":"button","priceOptions":"fixed_for_all","pricingType":"fixed","enable_quantity":true,"quantity_label":"","min_quantity":"0","options_tooltip":true,"options_description":true,"gt_translate_keys":["label","quantity_label"],"price_dependency":false,"cl_dependency":false,"value":""}],[{"label":"","active":true,"required":false,"elementId":"radio-group_9661b048086e3b","name":"radio-group_9661b048086e3b","label_position":"default","desc_position":"default","enablePrice":true,"className":"","enableCl":true,"relations":[{"operator":false,"rules":[{"operator":"AND","rules":{"cl_field":"","cl_relation":"","cl_val":""}}]}],"enable_quantity":true,"quantity_label":"","min_quantity":"0","checkUi":"button","layOut":"","options_tooltip":true,"options_description":true,"values":[{"label":"\ud83d\udc66 Child (29\u20ac)","value":"Child","selected":true,"tempId":"aco_32","tooltip":"2-13 Years","description":"","gt_translate_keys":["label","tooltip","description"]}],"priceOptions":"fixed_for_all","pricingType":"fixed","price":"29","cl_rule":"show","col":6,"type":"radio-group","error":false,"gt_translate_keys":["label","quantity_label"],"price_dependency":false,"cl_dependency":false,"value":""}]]},"sec_6661b048086e3c":{"extra":{"key":"sec_6661b048086e3c","section_id":"sec_6661b048086e3c","name":"VIP","status":1,"cl_rule":"show","enableCl":true,"relations":[{"operator":false,"rules":[{"operator":"AND","rules":{"cl_field":"radio-group_0661b048086e04","cl_relation":"is","cl_val":"VIP Entrance"}}]}],"toggle":true,"title_tag":"h4","show_title":false,"showPrice":"default","form_id":11248,"form_rules":{"exclude_from_discount":true,"fee_label":"Fee","disp_hide_options_price":true,"disp_show_section_price":false,"disp_show_field_price":true,"layout_option":"standard","pric_use_as_fee":false,"process_fee_as":"woo_fee"},"layout_option":"standard"},"fields":[[{"elementId":"separator_3661b048086e46","separatorType":"blank","className":"","height":"5","enableCl":false,"relations":false,"cl_rule":"show","col":6,"type":"separator","error":false,"gt_translate_keys":[],"price_dependency":false,"cl_dependency":false,"value":""}],[{"contentType":"plain","active":true,"label":"People","elementId":"content_3661b048086e4f","value":"","inline":false,"show_in_checkout":true,"name":"content_3661b048086e4f","enablePrice":false,"className":"","enableCl":false,"relations":false,"price":"","cl_rule":"show","col":6,"type":"content","error":false,"gt_translate_keys":["label","value"],"price_dependency":false,"cl_dependency":false}],[{"label":"","active":true,"required":false,"elementId":"radio-group_4661b048086e5a","name":"radio-group_4661b048086e5a","label_position":"default","desc_position":"default","enablePrice":true,"className":"","enableCl":false,"relations":[{"operator":false,"rules":[{"operator":"AND","rules":{"cl_field":"","cl_relation":"","cl_val":""}}]}],"enable_quantity":true,"quantity_label":"","min_quantity":"0","checkUi":"button","layOut":"","options_tooltip":true,"values":[{"label":"\ud83d\udc64 Adult (59,50\u20ac)","value":"Adult","selected":true,"tempId":"aco_32","tooltip":"+14 Years","gt_translate_keys":["label","tooltip"]}],"priceOptions":"fixed_for_all","pricingType":"fixed","price":"59,50","cl_rule":"show","col":6,"type":"radio-group","error":false,"gt_translate_keys":["label","quantity_label"],"price_dependency":false,"cl_dependency":false,"value":""}],[{"label":"","active":true,"required":false,"elementId":"radio-group_2661b048086e64","name":"radio-group_2661b048086e64","label_position":"default","desc_position":"default","enablePrice":true,"className":"","enableCl":true,"relations":[{"operator":false,"rules":[{"operator":"AND","rules":{"cl_field":"","cl_relation":"","cl_val":""}}]}],"enable_quantity":true,"quantity_label":"","min_quantity":"0","checkUi":"button","layOut":"","options_tooltip":true,"options_description":true,"values":[{"label":"\ud83d\udc66 Child (35\u20ac)","value":"Child","selected":true,"tempId":"aco_32","tooltip":"2-13 Years","description":"","gt_translate_keys":["label","tooltip","description"]}],"priceOptions":"fixed_for_all","pricingType":"fixed","price":"35","cl_rule":"show","col":6,"type":"radio-group","error":false,"gt_translate_keys":["label","quantity_label"],"price_dependency":false,"cl_dependency":false,"value":""}]]},"sec_8661b048086e65":{"extra":{"key":"sec_8661b048086e65","section_id":"sec_8661b048086e65","name":"Shuttle Service?","status":1,"cl_rule":"show","enableCl":true,"relations":[{"operator":false,"rules":[{"operator":"AND","rules":{"cl_field":"radio-group_0661b048086e04","cl_relation":"is_not_empty","cl_val":""}}]}],"toggle":true,"title_tag":"h4","show_title":false,"showPrice":"default","form_id":11248,"form_rules":{"exclude_from_discount":true,"fee_label":"Fee","disp_hide_options_price":true,"disp_show_section_price":false,"disp_show_field_price":true,"layout_option":"standard","pric_use_as_fee":false,"process_fee_as":"woo_fee"},"layout_option":"standard"},"fields":[[{"active":true,"col":6,"relations":false,"cl_rule":"show","enableCl":false,"price":"({field.radio-group_5661b048086e31.quantity}*15)+({field.radio-group_9661b048086e3b.quantity}*10)+({field.radio-group_4661b048086e5a.quantity}*15)+({field.radio-group_2661b048086e64.quantity}*10)","enablePrice":true,"className":"","label_position":"default","desc_position":"below","type":"checkbox","required":false,"elementId":"checkbox_9661b048086e6e","label":"Bus Transfer? (15\u20ac)","name":"checkbox_9661b048086e6e","value":"","check_value":"Yes","checkUi":"toggle","error":false,"description":"Pick-up from your hotel in south Tenerife available for an extra \u20ac15\/adult and \u20ac10\/child.","pricingType":"custom","isTemplate":false,"gt_translate_keys":["label","description","value","check_value"],"price_dependency":false,"cl_dependency":["text_0974037831"]}],[{"active":true,"col":6,"relations":[{"operator":false,"rules":[{"operator":"AND","rules":{"cl_field":"checkbox_9661b048086e6e","cl_relation":"is","cl_val":true}}]}],"cl_rule":"show","enableCl":true,"price":"","enablePrice":false,"className":"","label_position":"default","desc_position":"default","type":"text","subtype":"text","required":false,"elementId":"text_0974037831","label":"\ud83d\ude8c Pickup Location","name":"text_0974037831","value":"","error":false,"description":"Pick-up service in South Tenerife. Simply provide your address or hotel name.","gt_translate_keys":["label","description","value"],"price_dependency":false,"cl_dependency":false}]]}},"config":{"price_override":"always","enable_recaptcha":false,"bind_quantity":false,"quantity_bind_formula":false,"disp_summ_show_option_price":true,"disp_summ_show_product_price":false,"disp_summ_show_total_price":true,"disp_summ_show_fee":true,"disp_summ_show_discount":true,"summary_title":"","options_total_label":"Options Price","total_label":"Total Amount","options_product_label":"Product Price","fee_label":"Fee","discount_label":"Discount","has_price":true,"has_quantity_formula":false},"mc_unit":1,"tax_rate":1,"tax_rate_real":1,"discount":{"percentage":0,"fixed":0},"design":{"conf":{"LabelPosition":"above","DescPosition":"above","UploadField":"custom_1","QuantityFieldStyle":"custom_1"},"css":{"LeftLabelWidth":"120px"}},"formulas":[],"lookuptables":[],"clones":false,"cartKey":false}},"_links":{"self":[{"href":"https:\/\/canaryvip.com\/ro\/wp-json\/wp\/v2\/product\/9783","targetHints":{"allow":["GET"]}}],"collection":[{"href":"https:\/\/canaryvip.com\/ro\/wp-json\/wp\/v2\/product"}],"about":[{"href":"https:\/\/canaryvip.com\/ro\/wp-json\/wp\/v2\/types\/product"}],"replies":[{"embeddable":true,"href":"https:\/\/canaryvip.com\/ro\/wp-json\/wp\/v2\/comments?post=9783"}],"wp:featuredmedia":[{"embeddable":true,"href":"https:\/\/canaryvip.com\/ro\/wp-json\/wp\/v2\/media\/9786"}],"wp:attachment":[{"href":"https:\/\/canaryvip.com\/ro\/wp-json\/wp\/v2\/media?parent=9783"}],"wp:term":[{"taxonomy":"product_brand","embeddable":true,"href":"https:\/\/canaryvip.com\/ro\/wp-json\/wp\/v2\/product_brand?post=9783"},{"taxonomy":"product_cat","embeddable":true,"href":"https:\/\/canaryvip.com\/ro\/wp-json\/wp\/v2\/product_cat?post=9783"},{"taxonomy":"product_tag","embeddable":true,"href":"https:\/\/canaryvip.com\/ro\/wp-json\/wp\/v2\/product_tag?post=9783"}],"curies":[{"name":"wp","href":"https:\/\/api.w.org\/{rel}","templated":true}]}}