{"id":9654,"date":"2024-02-11T16:27:15","date_gmt":"2024-02-11T16:27:15","guid":{"rendered":"https:\/\/canaryvip.com\/?post_type=product&#038;p=9654"},"modified":"2026-03-26T13:04:23","modified_gmt":"2026-03-26T13:04:23","slug":"book-scandal-dinner-show","status":"publish","type":"product","link":"https:\/\/canaryvip.com\/ro\/shop\/book-scandal-dinner-show\/","title":{"rendered":"Scandal Dineu spectacol Tenerife"},"content":{"rendered":"<h2><strong>\ud83c\udfad Scandal Burlesque Dinner Show<\/strong><\/h2>\n<p>O sear\u0103 de lux, umor \u0219i spectacole captivante este oferit\u0103 la <strong>Scandal Burlesque Dinner Show.<\/strong> Acest eveniment, conceput pentru cei care caut\u0103 o noapte de distrac\u021bie, combin\u0103 farmecul burlescului cu comedie, magie \u0219i numere muzicale captivante. <strong>CanaryVIP<\/strong> invit\u0103 at\u00e2t localnicii, c\u00e2t \u0219i vizitatorii la o experien\u021b\u0103 memorabil\u0103.<\/p>\n<h3><strong>\ud83c\udf7d\ufe0f Mese de lux la GF Victoria 5*<\/strong><\/h3>\n<ul>\n<li><strong>Loca\u021bie:<\/strong> Prestigiosul <a href=\"https:\/\/www.google.com\/maps\/place\/GF+Victoria\/@28.0917871,-16.7412967,17z\/data=!3m1!4b1!4m9!3m8!1s0xc6a974d01c4268f:0x3c0e40669a61bb47!5m2!4m1!1i2!8m2!3d28.0917871!4d-16.7387218!16s%2Fg%2F11bvv59vv2?entry=tts&amp;g_ep=EgoyMDI0MDUwOC4wKgBIAVAD\" target=\"_blank\" rel=\"noopener\">GF Victoria<\/a> Hotelul de 5* din Costa Adeje serve\u0219te drept loc de desf\u0103\u0219urare, oferind un amestec perfect de confort \u0219i grandoare pentru o sear\u0103 de neuitat.<\/li>\n<li><strong>Buc\u0103t\u0103rie:<\/strong> Oaspe\u021bii se pot bucura de o mas\u0103 somptuoas\u0103 cu 5 feluri de m\u00e2ncare, preg\u0103tit\u0103 cu meticulozitate din cele mai bune ingrediente \u0219i servit\u0103 cu elegan\u021b\u0103 profesional\u0103. Fiecare fel promite s\u0103 \u00eenc\u00e2nte papilele gustative cu delicii culinare.<\/li>\n<\/ul>\n<h3><strong>\ud83d\udd70\ufe0f Itinerariu de sear\u0103<\/strong><\/h3>\n<ul>\n<li><strong>Program:<\/strong> Seara \u00eencepe la ora 20:00, iar spectacolele \u00eencep la 20:30 \u0219i dureaz\u0103 aproximativ 3 ore. Dup\u0103 spectacol, oaspe\u021bii sunt invita\u021bi la Skybarul hotelului pentru o noapte prelungit\u0103 de relaxare \u0219i cocktailuri pe un fundal impresionant.<\/li>\n<li><strong>\u00cembr\u0103c\u0103minte:<\/strong> Oaspe\u021bii sunt \u00eencuraja\u021bi s\u0103 se \u00eembrace \u00een \u021binute de sear\u0103 elegante, reflect\u00e2nd atmosfera sofisticat\u0103 a evenimentului. Aceast\u0103 \u00eent\u00e2lnire este destinat\u0103 oaspe\u021bilor cu v\u00e2rsta de 16 ani \u0219i peste, asigur\u00e2nd o experien\u021b\u0103 matur\u0103 \u0219i elegant\u0103.<\/li>\n<\/ul>\n<h3><strong>\ud83c\udf9f\ufe0f Alege\u021bi-v\u0103 seara perfect\u0103<\/strong><\/h3>\n<ul>\n<li><strong>Golden Pass:<\/strong> Cufunda\u021bi-v\u0103 \u00een spectacol cu un meniu de degustare gourmet, \u00eenso\u021bit de o gam\u0103 de b\u0103uturi nelimitate pentru o noapte cu adev\u0103rat r\u0103sf\u0103\u021bat\u0103.<\/li>\n<li><strong>Experien\u021ba Platinum:<\/strong> Pentru un nivel suplimentar de lux, Experien\u021ba Platinum include toate avantajele oferite de Golden Pass, plus intimitatea propriei mese, ceea ce spore\u0219te caracterul special al serii.<\/li>\n<\/ul>\n<h3><strong>\ud83d\udccd Locul t\u0103u la spectacol<\/strong><\/h3>\n<ul>\n<li>Locul de desf\u0103\u0219urare este aranjat cu grij\u0103 pentru a se asigura c\u0103 fiecare oaspete se bucur\u0103 de o vedere clar\u0103 a scenei, f\u0103c\u00e2nd ca fiecare spectacol s\u0103 fie pl\u0103cut din orice unghi.<\/li>\n<\/ul>\n<h3><strong>\ud83c\udf89 S\u0103rb\u0103tori personalizate<\/strong><\/h3>\n<ul>\n<li>Se pot marca ocazii speciale, de la zile de na\u0219tere p\u00e2n\u0103 la \u00eent\u00e2lniri corporative, care pot g\u0103zdui grupuri de la 30 la 150 de persoane. Echipa de evenimente este preg\u0103tit\u0103 s\u0103 adapteze serile la perfec\u021biune.<\/li>\n<\/ul>\n<h3><strong>\ud83c\udf1f Esen\u021ba spectacolului burlesc:<\/strong><\/h3>\n<ul>\n<li><strong>Divertisment interactiv:<\/strong> Arti\u0219tii se angajeaz\u0103 direct cu publicul, promov\u00e2nd o atmosfer\u0103 intim\u0103 \u0219i plin\u0103 de via\u021b\u0103 care captiveaz\u0103 \u0219i \u00eenc\u00e2nt\u0103.<\/li>\n<li><strong>O varietate bogat\u0103 de acte:<\/strong> Spectacolul ofer\u0103 o experien\u021b\u0103 divers\u0103 \u0219i palpitant\u0103 cu fiecare act, de la burlescul clasic la interpret\u0103ri contemporane.<\/li>\n<\/ul>\n<h3><strong>\ud83c\udf72 Un meniu pentru fiecare palat:<\/strong><\/h3>\n<p>Este explorat\u0103 o selec\u021bie divers\u0103 de meniuri, concepute pentru a satisface toate gusturile, inclusiv op\u021biuni vegetariene \u0219i vegane, la cerere. Ofertele rafinate includ:<\/p>\n<ul>\n<li>Delicii crocante \u00eenso\u021bite de raita, crem\u0103 de porumb afumat cu un strop de coriandru \u0219i de un succinat mu\u0219chi de porc iberic.<\/li>\n<li>Paste paccheri preparate delicat cu un ragu bogat de ciuperci, \u00eembun\u0103t\u0103\u021bit cu accente de mur\u0103turi.<\/li>\n<li>Porc negru g\u0103tit cu sos satay, al\u0103turi de un risotto fals prezentat creativ.<\/li>\n<li>Un final de desert cu macarons cu fructe de p\u0103dure ro\u0219ii \u0219i ciocolat\u0103 alb\u0103.<\/li>\n<\/ul>\n<h3><strong>\u2696\ufe0f Politica de rezervare \u0219i anulare:<\/strong><\/h3>\n<ul>\n<li><strong>Rezerva\u021bi din timp pentru beneficii:<\/strong> Rezervarea \u00een avans asigur\u0103 cele mai bune tarife disponibile \u0219i simplific\u0103 procesul de planificare.<\/li>\n<li><strong>Anul\u0103ri flexibile:<\/strong> Anul\u0103rile gratuite sunt oferite cu p\u00e2n\u0103 la 48 de ore \u00eenainte de ora programat\u0103 a spectacolului, ceea ce permite o flexibilitate a planurilor.<\/li>\n<li><strong>Rezerv\u0103ri de grup simplificate:<\/strong> Pentru petrecerile mai mari de 6 persoane, se aplic\u0103 o politic\u0103 de anulare direct\u0103 cu p\u00e2n\u0103 la 4 zile \u00eenainte de eveniment. Anul\u0103rile efectuate cu 2 p\u00e2n\u0103 la 4 zile \u00eenainte de eveniment sunt eligibile pentru o rambursare 50%.<\/li>\n<\/ul>\n<h3><strong>\ud83c\udf92 Preg\u0103tirea pentru noapte:<\/strong><\/h3>\n<ul>\n<li><strong>Codul vestimentar:<\/strong> Oaspe\u021bii sunt sf\u0103tui\u021bi s\u0103 poarte cea mai frumoas\u0103 \u021binut\u0103 de sear\u0103, pentru a se potrivi cu decorul elegant al evenimentului. \u00cen timp ce blugii \u0219i un tricou frumos sunt acceptabile, \u021binutele sportive \u0219i pantalonii scur\u021bi pentru b\u0103rba\u021bi sunt nerecomandate pentru a men\u021bine atmosfera de lux.<\/li>\n<li><strong>Informa\u021bii privind parcarea:<\/strong> O parcare convenabil\u0103 este disponibil\u0103 \u00een apropierea centrului comercial Plaza del Duque, la o scurt\u0103 plimbare de la locul de desf\u0103\u0219urare, asigur\u00e2nd accesul u\u0219or pentru to\u021bi oaspe\u021bii.<\/li>\n<\/ul>\n<h4><strong>\ud83c\udf1f V\u0103 a\u0219teapt\u0103 o sear\u0103 de neuitat<\/strong><\/h4>\n<p>Scandal Burlesque <a href=\"https:\/\/canaryvip.com\/ro\/tenerife\/evening-shows\/\">Spectacol cu cin\u0103<\/a> promite s\u0103 fie punctul culminant al vizitei dvs. \u00een Tenerife cu <strong>CanaryVIP.<\/strong>\u00a0Asigura\u021bi-v\u0103 acum biletele pentru o combina\u021bie de neegalat de divertisment, mese \u0219i priveli\u0219ti pitore\u0219ti. \ud83c\udf0c\ud83c\udf78<\/p>","protected":false},"excerpt":{"rendered":"<p><strong>\ud83d\udd0d Scandal Repere ale emisiunii:<\/strong><br \/>\n\u2705 Plat\u0103 sigur\u0103.<br \/>\n\ud83d\udc83 Spectacol \u00een stil burlesc.<br \/>\n\ud83d\udd59 \u00cen fiecare s\u00e2mb\u0103t\u0103 la 20:30.<br \/>\n\ud83c\udf5b Cina inclus\u0103.<br \/>\n\ud83c\udf77 Vin \u0219i b\u0103uturi r\u0103coritoare incluse.<br \/>\n\ud83c\udf0d Englez\u0103 \u0219i spaniol\u0103 Gazd\u0103.<br \/>\n\u2705 +16 Doar pentru adul\u021bi.<br \/>\n\ud83d\ude80 Foarte popular!<br \/>\n\ud83e\udd11 Cel mai bun pre\u021b garantat.<br \/>\n\ud83d\udc6a Reduceri pentru rezerv\u0103ri de grup.<br \/>\n\ud83d\udd01 Anulare gratuit\u0103 p\u00e2n\u0103 la 48 de ore.<br \/>\n\ud83c\udf1f Rezerva\u021bi devreme, se umple repede!<br \/>\n\ud83d\udccd Locul de desf\u0103\u0219urare la <a href=\"https:\/\/maps.app.goo.gl\/boB3JcWYHb8AiGY58\">Hotel GF Victoria<\/a>.<\/p>","protected":false},"featured_media":9659,"comment_status":"open","ping_status":"closed","template":"","meta":{"_acf_changed":false},"product_brand":[],"product_cat":[59],"product_tag":[],"class_list":{"0":"post-9654","1":"product","2":"type-product","3":"status-publish","4":"has-post-thumbnail","6":"product_cat-evening-shows","7":"wcpa_has_options","9":"first","10":"instock","11":"virtual","12":"purchasable","13":"product-type-simple"},"acf":[],"wcpa_form_fields":{"wcpaData":{"product":{"product_price":94,"price_html":"From&nbsp;<span class=\"woocommerce-Price-amount amount\"><bdi>94,00&nbsp;<span class=\"woocommerce-Price-currencySymbol\">&euro;<\/span><\/bdi><\/span>","original_product_price":94,"price_including_tax":94,"price_excluding_tax":94,"product_id":{"parent":9654,"variation":false},"is_variable":false,"stock_status":"instock","stock_quantity":null,"parent_sku":"CV9654","product_attributes":[],"custom_fields":[],"is_taxable":false,"product_name":"Scandal Dinner Show Tenerife","hasImage":false},"fields":{"sec_165e506ca90d2c":{"extra":{"key":"sec_165e506ca90d2c","section_id":"sec_165e506ca90d2c","name":"Default","status":1,"cl_rule":"show","enableCl":false,"relations":[],"toggle":true,"title_tag":"h3","show_title":false,"showPrice":"default","form_id":10217,"form_rules":{"exclude_from_discount":true,"fee_label":"Fee","disp_hide_options_price":true,"disp_show_section_price":false,"disp_show_field_price":true,"layout_option":"standard","pric_use_as_fee":false,"process_fee_as":"woo_fee"},"layout_option":"standard"},"fields":[[{"label":"\ud83d\udcc5 Date","active":true,"required":true,"elementId":"date_265e506ca90d6a","picker_type":"custom","picker_mode":"single","placeholder":"","description":"","tooltip":"","name":"date_265e506ca90d6a","label_position":"default","desc_position":"default","enablePrice":false,"className":"","enableCl":false,"relations":[{"operator":"and","rules":[{"operator":"AND","rules":{"cl_field":"radio-group_765e506ca90d4e","cl_relation":"is_not_empty","cl_val":"3 Hour Trip"}}]}],"date_pic_inline":true,"date_pic_inline_hide":true,"min_date":{"type":"days","val":"1"},"max_date":{"type":"days","val":"180"},"date_pic_conf":{"disabledWeeks":[0,1,2,3,4,5],"disabledDates":["2024-05-25","2024-08-10","2024-11-02","2024-12-14","2024-12-27 to 2024-12-28"]},"price":"","cl_rule":"show","col":6,"type":"date","error":false,"enableDesign":false,"LabelColor":"","date_conf_custom":{"minDate":"let d = new Date();\nif (d.getHours() >= 18) {\n  d.setDate(d.getDate() + 3);\n} else if (d.getHours() >= 12) {\n  d.setDate(d.getDate() + 1);\n} else {\nd.setDate(d.getDate());\n}\nreturn d;"},"isWeightTemplate":false,"isTemplate":false,"min_quantity":"1","quantity_decimal":false,"quantity_step":"1","quantity_label":"Quantity","repeater_field_label":"{field_label}","repeater_bind":"","gt_translate_keys":["label","placeholder","description","tooltip","repeater_field_label","quantity_label"],"price_dependency":false,"cl_dependency":["radio-group_765e506ca90d4e","radio-group_765e506ca90d4e"],"value":""}],[{"active":true,"col":6,"relations":[{"operator":false,"rules":[{"operator":"AND","rules":{"cl_field":"","cl_relation":"","cl_val":""}}]}],"cl_rule":"show","enableCl":false,"price":"","enablePrice":false,"className":"","label_position":"default","desc_position":"default","type":"radio-group","required":true,"elementId":"radio-group_765e506ca90d4e","label":"\ud83c\udf1f Type of Ticket","name":"radio-group_765e506ca90d4e","values":[{"label":"Gold Entrance (94\u20ac)","value":"Gold Entrance","selected":false,"tempId":"aco_28","description":"Enjoy the live show, tasting menu, and unlimited drinks.","gt_translate_keys":["label","description"]},{"label":"Platinum Entrance (114\u20ac)","value":"Platinum Entrance","selected":false,"tempId":"aco_29","description":"Enjoy the live show, tasting menu, unlimited drinks, and a private table.","options_cl":true,"relations":[{"operator":false,"rules":[{"operator":"or","rules":{"cl_field":"date_265e506ca90d6a","cl_relation":"is","cl_val":"2026-04-02"}},{"operator":false,"rules":{"cl_field":"date_265e506ca90d6a","cl_relation":"is","cl_val":"2026-03-26"}}]}],"cl_rule":"hide","gt_translate_keys":["label","description"]}],"layOut":"","error":false,"checkUi":"toggle","enableDesign":false,"scrollBar":false,"description":"","other":false,"options_description":true,"show_selected_option":false,"isWeightTemplate":false,"isTemplate":false,"min_quantity":"1","quantity_decimal":false,"quantity_step":"1","quantity_label":"Quantity","repeater_field_label":"{field_label}","repeater_bind":"","gt_translate_keys":["label","description","repeater_field_label","quantity_label"],"price_dependency":false,"cl_dependency":[false,false],"value":""}]]},"sec_965e506ca90d50":{"extra":{"key":"sec_965e506ca90d50","section_id":"sec_965e506ca90d50","name":"Gold","status":1,"cl_rule":"show","enableCl":true,"relations":[{"operator":false,"rules":[{"operator":"AND","rules":{"cl_field":"radio-group_765e506ca90d4e","cl_relation":"is","cl_val":"Gold Entrance"}}]}],"toggle":true,"title_tag":"h4","show_title":false,"showPrice":"default","form_id":10217,"form_rules":{"exclude_from_discount":true,"fee_label":"Fee","disp_hide_options_price":true,"disp_show_section_price":false,"disp_show_field_price":true,"layout_option":"standard","pric_use_as_fee":false,"process_fee_as":"woo_fee"},"layout_option":"standard"},"fields":[[{"elementId":"separator_765e506ca90d74","separatorType":"blank","className":"","height":"10","enableCl":false,"relations":false,"cl_rule":"show","col":6,"type":"separator","gt_translate_keys":[],"price_dependency":false,"cl_dependency":false,"value":""}],[{"active":true,"col":6,"relations":false,"cl_rule":"show","enableCl":false,"price":"","enablePrice":false,"className":"","label_position":"default","desc_position":"default","type":"content","required":false,"elementId":"content_365e506ca90d7f","label":"People","name":"content_365e506ca90d7f","contentType":"plain","value":"","error":false,"show_in_checkout":true,"inline":false,"gt_translate_keys":["label","value"],"price_dependency":false,"cl_dependency":false}],[{"active":true,"col":6,"relations":[{"operator":false,"rules":[{"operator":"AND","rules":{"cl_field":"","cl_relation":"","cl_val":""}}]}],"cl_rule":"show","enableCl":true,"price":"94","enablePrice":true,"className":"","label_position":"default","desc_position":"default","type":"radio-group","required":false,"elementId":"radio-group_265e506ca90d8a","label":"","name":"radio-group_265e506ca90d8a","values":[{"label":"\ud83d\udc64 Adult (94\u20ac)","value":"Adult","selected":true,"tempId":"aco_32","tooltip":"+16 Years","description":"","gt_translate_keys":["label","tooltip","description"]}],"layOut":"","error":false,"checkUi":"button","priceOptions":"fixed_for_all","pricingType":"fixed","enable_quantity":true,"quantity_label":"","min_quantity":"0","options_tooltip":true,"options_description":true,"gt_translate_keys":["label","quantity_label"],"price_dependency":false,"cl_dependency":false,"value":""}]]},"sec_365e506ca90da0":{"extra":{"key":"sec_365e506ca90da0","section_id":"sec_365e506ca90da0","name":"Platinum","status":1,"cl_rule":"show","enableCl":true,"relations":[{"operator":false,"rules":[{"operator":"AND","rules":{"cl_field":"radio-group_765e506ca90d4e","cl_relation":"is","cl_val":"Platinum Entrance"}}]}],"toggle":true,"title_tag":"h4","show_title":false,"showPrice":"default","form_id":10217,"form_rules":{"exclude_from_discount":true,"fee_label":"Fee","disp_hide_options_price":true,"disp_show_section_price":false,"disp_show_field_price":true,"layout_option":"standard","pric_use_as_fee":false,"process_fee_as":"woo_fee"},"layout_option":"standard"},"fields":[[{"elementId":"separator_565e506ca90daa","separatorType":"blank","className":"","height":"8","enableCl":false,"relations":false,"cl_rule":"show","col":6,"type":"separator","error":false,"gt_translate_keys":[],"price_dependency":false,"cl_dependency":false,"value":""}],[{"contentType":"plain","active":true,"label":"People","elementId":"content_365e506ca90dc6","value":"","inline":false,"show_in_checkout":true,"name":"content_365e506ca90dc6","enablePrice":false,"className":"","enableCl":false,"relations":false,"price":"","cl_rule":"show","col":6,"type":"content","gt_translate_keys":["label","value"],"price_dependency":false,"cl_dependency":false}],[{"label":"","active":true,"required":false,"elementId":"radio-group_365e506ca90dd1","name":"radio-group_365e506ca90dd1","label_position":"default","desc_position":"default","enablePrice":true,"className":"","enableCl":false,"relations":[{"operator":false,"rules":[{"operator":"AND","rules":{"cl_field":"","cl_relation":"","cl_val":""}}]}],"enable_quantity":true,"quantity_label":"","min_quantity":"0","checkUi":"button","layOut":"","options_tooltip":true,"values":[{"label":"\ud83d\udc64 Adult (114\u20ac)","value":"Adult","selected":true,"tempId":"aco_32","tooltip":"+16 Years","gt_translate_keys":["label","tooltip"]}],"priceOptions":"fixed_for_all","pricingType":"fixed","price":"114","cl_rule":"show","col":6,"type":"radio-group","error":false,"isWeightTemplate":false,"isTemplate":false,"quantity_decimal":false,"quantity_step":"1","repeater_field_label":"{field_label}","repeater_bind":"","gt_translate_keys":["label","repeater_field_label","quantity_label"],"price_dependency":false,"cl_dependency":false,"value":""}]]}},"config":{"price_override":"always","enable_recaptcha":false,"bind_quantity":false,"quantity_bind_formula":false,"disp_summ_show_option_price":true,"disp_summ_show_product_price":false,"disp_summ_show_total_price":true,"disp_summ_show_fee":true,"disp_summ_show_discount":true,"summary_title":"","options_total_label":"Options Price","total_label":"Total Amount","options_product_label":"Product Price","fee_label":"Fee","discount_label":"Discount","has_price":true,"has_quantity_formula":false},"mc_unit":1,"tax_rate":1,"tax_rate_real":1,"discount":{"percentage":0,"fixed":0},"design":{"conf":{"LabelPosition":"above","DescPosition":"above","UploadField":"custom_1","QuantityFieldStyle":"custom_1"},"css":{"LeftLabelWidth":"120px"}},"formulas":[],"lookuptables":[],"clones":false,"cartKey":false}},"_links":{"self":[{"href":"https:\/\/canaryvip.com\/ro\/wp-json\/wp\/v2\/product\/9654","targetHints":{"allow":["GET"]}}],"collection":[{"href":"https:\/\/canaryvip.com\/ro\/wp-json\/wp\/v2\/product"}],"about":[{"href":"https:\/\/canaryvip.com\/ro\/wp-json\/wp\/v2\/types\/product"}],"replies":[{"embeddable":true,"href":"https:\/\/canaryvip.com\/ro\/wp-json\/wp\/v2\/comments?post=9654"}],"wp:featuredmedia":[{"embeddable":true,"href":"https:\/\/canaryvip.com\/ro\/wp-json\/wp\/v2\/media\/9659"}],"wp:attachment":[{"href":"https:\/\/canaryvip.com\/ro\/wp-json\/wp\/v2\/media?parent=9654"}],"wp:term":[{"taxonomy":"product_brand","embeddable":true,"href":"https:\/\/canaryvip.com\/ro\/wp-json\/wp\/v2\/product_brand?post=9654"},{"taxonomy":"product_cat","embeddable":true,"href":"https:\/\/canaryvip.com\/ro\/wp-json\/wp\/v2\/product_cat?post=9654"},{"taxonomy":"product_tag","embeddable":true,"href":"https:\/\/canaryvip.com\/ro\/wp-json\/wp\/v2\/product_tag?post=9654"}],"curies":[{"name":"wp","href":"https:\/\/api.w.org\/{rel}","templated":true}]}}